{"id":78973,"date":"2020-03-24T11:09:48","date_gmt":"2020-03-24T10:09:49","guid":{"rendered":"https:\/\/tourtravelandmore.com\/?post_type=product&#038;p=78973"},"modified":"2025-01-27T17:45:40","modified_gmt":"2025-01-27T16:45:40","slug":"tour-privado-a-vinedos-desde-washington","status":"publish","type":"product","link":"https:\/\/tourtravelandmore.com\/es\/tours\/eeuu-es\/washington-es\/washington-rutas-turisticas-privadas-es\/tour-privado-a-vinedos-desde-washington\/","title":{"rendered":"Tour Privado a vi\u00f1edos desde Washington"},"content":{"rendered":"<h2><b><strong>Tour del vino de Washington Descripci\u00f3n<\/strong><\/b><\/h2>\n<p>Disfrute de un d\u00eda relajante fuera de Washington y \u00fanase a nosotros en este tour <b>privado del vino de Washington<\/b>. Disfrute de este <b>tour privado de d\u00eda completo<\/b> con su propio <b>conductor privado <\/b>y explore el maravilloso <b>condado de Loudoun y sus bodegas<\/b>. Prep\u00e1rese para explorar esta hermosa zona y visitar algunas de sus mejores bodegas.<\/p>\n<p>Lo recogeremos en su hotel o lugar de elecci\u00f3n en <b>Washington. <\/b>Su conductor\/gu\u00eda privado lo llevar\u00e1 en este tour privado de vinos donde disfrutar\u00e1 de una degustaci\u00f3n de vinos en hasta <b>2 bodegas de la regi\u00f3n<\/b>.<\/p>\n<p><b>El condado de Loudoun <\/b>se encuentra en el estado de Virginia y forma parte del \u00e1rea metropolitana de Washington. Loudoun es un destino de visita obligada para los amantes de las experiencias artesanales, epic\u00fareas y culturalmente ricas.<\/p>\n<p>Su conductor\/gu\u00eda privado estar\u00e1 a su entera disposici\u00f3n durante el recorrido de 8 horas. Si lo prefiere, podemos incluir horas extra a su experiencia.<\/p>\n<h2><b><strong>Puntos de inter\u00e9s y lugares de inter\u00e9s <\/strong><\/b><\/h2>\n<p>En primer lugar, su conductor privado le recoger\u00e1 en el lugar deseado de Washington. Durante su visita privada del vino desde Washington, descubrir\u00e1 la maravillosa regi\u00f3n vin\u00edcola del <b>condado de Loudoun <\/b>con su conductor\/gu\u00eda experto local.<\/p>\n<p>Sienta el fresco aroma de la naturaleza y conduzca una hora hasta esta maravillosa regi\u00f3n vin\u00edcola. Situado en el norte de Virginia, a solo 40 kil\u00f3metros de Washington D. C., el condado de Loudoun tiene atracciones para entusiastas de las actividades al aire libre, amantes de la gastronom\u00eda, aficionados a la cerveza y el vino y aficionados a la historia por igual.<\/p>\n<p>Puede elegir entre visitar dos bodegas en Purcellville o Leesburg, que est\u00e1n incluidas en el precio de nuestro tour. Tambi\u00e9n tendr\u00e1 tiempo libre para almorzar en la regi\u00f3n (podemos reservar una mesa en un restaurante con antelaci\u00f3n).<\/p>\n<p>Estas son algunas de las bodegas que puede visitar:<\/p>\n<ul>\n<li><b><strong>Bodega Doukenie<\/strong><\/b><\/li>\n<li><a href=\"https:\/\/www.sunsethillvineyard.com\/\">Bodegas Sunset Hill<\/a><\/li>\n<li><b><strong>Bodegas Bluemont<\/strong><\/b><\/li>\n<li><b><strong>Bodega Stone Tower<\/strong><\/b><\/li>\n<li><b><strong>Bodega Tarara<\/strong><\/b><\/li>\n<li>\u00a1Y muchas m\u00e1s!<\/li>\n<\/ul>\n<p>Pasar\u00e1 un d\u00eda encantador al aire libre bajo el sol mientras degusta los mejores vinos de la regi\u00f3n. Este es el tour perfecto para relajarse y escapar del ruido de la ciudad.<\/p>\n<p>Finalmente, al final de la visita, su conductor\/gu\u00eda privado le llevar\u00e1 de vuelta a Washington.<\/p>\n<p>Si tambi\u00e9n le gusta visitar museos, eche un vistazo a nuestro tour <a href=\"\/?p=77438\">privado a los Museos Smithsonian<\/a>.<\/p>\n","protected":false},"excerpt":{"rendered":"<p>Disfrute de este <strong>tour privado <\/strong>de <strong>d\u00eda completo<\/strong> hacia los vi\u00f1edos de<strong> Loudoun County, <\/strong>en su <strong>veh\u00edculo privado de lujo<\/strong>, con su propio <strong>ch\u00f3fer\/gu\u00eda privado<\/strong>. Aproveche la oportunidad de visitar esta hermosa regi\u00f3n de vi\u00f1edos y pruebe el vino local.<\/p>\n","protected":false},"featured_media":78983,"comment_status":"open","ping_status":"closed","template":"","meta":{"_acf_changed":false},"product_brand":[],"product_cat":[1602,2057,2061,2060],"product_tag":[],"class_list":{"0":"post-78973","1":"product","2":"type-product","3":"status-publish","4":"has-post-thumbnail","6":"product_cat-eeuu-es","7":"product_cat-washington-es","8":"product_cat-washington-actividades-es","9":"product_cat-washington-rutas-turisticas-privadas-es","11":"first","12":"instock","13":"shipping-taxable","14":"purchasable","15":"product-type-simple"},"acf":[],"yoast_head":"<!-- This site is optimized with the Yoast SEO Premium plugin v25.3.1 (Yoast SEO v25.3.1) - https:\/\/yoast.com\/wordpress\/plugins\/seo\/ -->\n<title>Tour Privado a vi\u00f1edos desde Washington | Tour Travel &amp; More<\/title>\n<meta name=\"description\" content=\"\u2192 Aproveche al m\u00e1ximo su tiempo en Washington y descubra la hermosa regi\u00f3n de vi\u00f1edos de Loudoun County junto a su chofer\/gu\u00eda privado \u2705\" \/>\n<meta name=\"robots\" content=\"index, follow, max-snippet:-1, max-image-preview:large, max-video-preview:-1\" \/>\n<link rel=\"canonical\" href=\"https:\/\/tourtravelandmore.com\/es\/tours\/eeuu-es\/washington-es\/washington-rutas-turisticas-privadas-es\/tour-privado-a-vinedos-desde-washington\/\" \/>\n<meta property=\"og:locale\" content=\"es_ES\" \/>\n<meta property=\"og:type\" content=\"article\" \/>\n<meta property=\"og:title\" content=\"Tour Privado a vi\u00f1edos desde Washington\" \/>\n<meta property=\"og:description\" content=\"\u2192 Aproveche al m\u00e1ximo su tiempo en Washington y descubra la hermosa regi\u00f3n de vi\u00f1edos de Loudoun County junto a su chofer\/gu\u00eda privado \u2705\" \/>\n<meta property=\"og:url\" content=\"https:\/\/tourtravelandmore.com\/es\/tours\/eeuu-es\/washington-es\/washington-rutas-turisticas-privadas-es\/tour-privado-a-vinedos-desde-washington\/\" \/>\n<meta property=\"og:site_name\" content=\"Tour Travel And More\" \/>\n<meta property=\"article:publisher\" content=\"https:\/\/www.facebook.com\/tourtravelandmore\/\" \/>\n<meta property=\"article:modified_time\" content=\"2025-01-27T16:45:40+00:00\" \/>\n<meta property=\"og:image\" content=\"https:\/\/tourtravelandmore.com\/wp-content\/uploads\/2020\/03\/loudon.jpg\" \/>\n\t<meta property=\"og:image:width\" content=\"1024\" \/>\n\t<meta property=\"og:image:height\" content=\"678\" \/>\n\t<meta property=\"og:image:type\" content=\"image\/jpeg\" \/>\n<meta name=\"twitter:card\" content=\"summary_large_image\" \/>\n<meta name=\"twitter:site\" content=\"@TourTravel_More\" \/>\n<meta name=\"twitter:label1\" content=\"Tiempo de lectura\" \/>\n\t<meta name=\"twitter:data1\" content=\"2 minutos\" \/>\n<script type=\"application\/ld+json\" class=\"yoast-schema-graph\">{\"@context\":\"https:\/\/schema.org\",\"@graph\":[{\"@type\":\"WebPage\",\"@id\":\"https:\/\/tourtravelandmore.com\/es\/tours\/eeuu-es\/washington-es\/washington-rutas-turisticas-privadas-es\/tour-privado-a-vinedos-desde-washington\/\",\"url\":\"https:\/\/tourtravelandmore.com\/es\/tours\/eeuu-es\/washington-es\/washington-rutas-turisticas-privadas-es\/tour-privado-a-vinedos-desde-washington\/\",\"name\":\"Tour Privado a vi\u00f1edos desde Washington | Tour Travel & More\",\"isPartOf\":{\"@id\":\"https:\/\/tourtravelandmore.com\/es\/#website\"},\"primaryImageOfPage\":{\"@id\":\"https:\/\/tourtravelandmore.com\/es\/tours\/eeuu-es\/washington-es\/washington-rutas-turisticas-privadas-es\/tour-privado-a-vinedos-desde-washington\/#primaryimage\"},\"image\":{\"@id\":\"https:\/\/tourtravelandmore.com\/es\/tours\/eeuu-es\/washington-es\/washington-rutas-turisticas-privadas-es\/tour-privado-a-vinedos-desde-washington\/#primaryimage\"},\"thumbnailUrl\":\"https:\/\/tourtravelandmore.com\/wp-content\/uploads\/2020\/03\/loudon.jpg\",\"datePublished\":\"2020-03-24T10:09:49+00:00\",\"dateModified\":\"2025-01-27T16:45:40+00:00\",\"description\":\"\u2192 Aproveche al m\u00e1ximo su tiempo en Washington y descubra la hermosa regi\u00f3n de vi\u00f1edos de Loudoun County junto a su chofer\/gu\u00eda privado \u2705\",\"breadcrumb\":{\"@id\":\"https:\/\/tourtravelandmore.com\/es\/tours\/eeuu-es\/washington-es\/washington-rutas-turisticas-privadas-es\/tour-privado-a-vinedos-desde-washington\/#breadcrumb\"},\"inLanguage\":\"es\",\"potentialAction\":[{\"@type\":\"ReadAction\",\"target\":[\"https:\/\/tourtravelandmore.com\/es\/tours\/eeuu-es\/washington-es\/washington-rutas-turisticas-privadas-es\/tour-privado-a-vinedos-desde-washington\/\"]}]},{\"@type\":\"ImageObject\",\"inLanguage\":\"es\",\"@id\":\"https:\/\/tourtravelandmore.com\/es\/tours\/eeuu-es\/washington-es\/washington-rutas-turisticas-privadas-es\/tour-privado-a-vinedos-desde-washington\/#primaryimage\",\"url\":\"https:\/\/tourtravelandmore.com\/wp-content\/uploads\/2020\/03\/loudon.jpg\",\"contentUrl\":\"https:\/\/tourtravelandmore.com\/wp-content\/uploads\/2020\/03\/loudon.jpg\",\"width\":1024,\"height\":678},{\"@type\":\"BreadcrumbList\",\"@id\":\"https:\/\/tourtravelandmore.com\/es\/tours\/eeuu-es\/washington-es\/washington-rutas-turisticas-privadas-es\/tour-privado-a-vinedos-desde-washington\/#breadcrumb\",\"itemListElement\":[{\"@type\":\"ListItem\",\"position\":1,\"name\":\"Home\",\"item\":\"https:\/\/tourtravelandmore.com\/es\/\"},{\"@type\":\"ListItem\",\"position\":2,\"name\":\"Tours\",\"item\":\"https:\/\/tourtravelandmore.com\/es\/tours\/\"},{\"@type\":\"ListItem\",\"position\":3,\"name\":\"Tour Privado a vi\u00f1edos desde Washington\"}]},{\"@type\":\"WebSite\",\"@id\":\"https:\/\/tourtravelandmore.com\/es\/#website\",\"url\":\"https:\/\/tourtravelandmore.com\/es\/\",\"name\":\"Tour Travel And More\",\"description\":\"Private sightseeing tours and luxury transfers in Spain\",\"publisher\":{\"@id\":\"https:\/\/tourtravelandmore.com\/es\/#organization\"},\"potentialAction\":[{\"@type\":\"SearchAction\",\"target\":{\"@type\":\"EntryPoint\",\"urlTemplate\":\"https:\/\/tourtravelandmore.com\/es\/?s={search_term_string}\"},\"query-input\":{\"@type\":\"PropertyValueSpecification\",\"valueRequired\":true,\"valueName\":\"search_term_string\"}}],\"inLanguage\":\"es\"},{\"@type\":\"Organization\",\"@id\":\"https:\/\/tourtravelandmore.com\/es\/#organization\",\"name\":\"Tour Travel And More\",\"url\":\"https:\/\/tourtravelandmore.com\/es\/\",\"logo\":{\"@type\":\"ImageObject\",\"inLanguage\":\"es\",\"@id\":\"https:\/\/tourtravelandmore.com\/es\/#\/schema\/logo\/image\/\",\"url\":\"https:\/\/tourtravelandmore.com\/wp-content\/uploads\/2022\/12\/cropped-logo-cabecera-new.png\",\"contentUrl\":\"https:\/\/tourtravelandmore.com\/wp-content\/uploads\/2022\/12\/cropped-logo-cabecera-new.png\",\"width\":430,\"height\":61,\"caption\":\"Tour Travel And More\"},\"image\":{\"@id\":\"https:\/\/tourtravelandmore.com\/es\/#\/schema\/logo\/image\/\"},\"sameAs\":[\"https:\/\/www.facebook.com\/tourtravelandmore\/\",\"https:\/\/x.com\/TourTravel_More\"]}]}<\/script>\n<!-- \/ Yoast SEO Premium plugin. -->","yoast_head_json":{"title":"Tour Privado a vi\u00f1edos desde Washington | Tour Travel & More","description":"\u2192 Aproveche al m\u00e1ximo su tiempo en Washington y descubra la hermosa regi\u00f3n de vi\u00f1edos de Loudoun County junto a su chofer\/gu\u00eda privado \u2705","robots":{"index":"index","follow":"follow","max-snippet":"max-snippet:-1","max-image-preview":"max-image-preview:large","max-video-preview":"max-video-preview:-1"},"canonical":"https:\/\/tourtravelandmore.com\/es\/tours\/eeuu-es\/washington-es\/washington-rutas-turisticas-privadas-es\/tour-privado-a-vinedos-desde-washington\/","og_locale":"es_ES","og_type":"article","og_title":"Tour Privado a vi\u00f1edos desde Washington","og_description":"\u2192 Aproveche al m\u00e1ximo su tiempo en Washington y descubra la hermosa regi\u00f3n de vi\u00f1edos de Loudoun County junto a su chofer\/gu\u00eda privado \u2705","og_url":"https:\/\/tourtravelandmore.com\/es\/tours\/eeuu-es\/washington-es\/washington-rutas-turisticas-privadas-es\/tour-privado-a-vinedos-desde-washington\/","og_site_name":"Tour Travel And More","article_publisher":"https:\/\/www.facebook.com\/tourtravelandmore\/","article_modified_time":"2025-01-27T16:45:40+00:00","og_image":[{"width":1024,"height":678,"url":"https:\/\/tourtravelandmore.com\/wp-content\/uploads\/2020\/03\/loudon.jpg","type":"image\/jpeg"}],"twitter_card":"summary_large_image","twitter_site":"@TourTravel_More","twitter_misc":{"Tiempo de lectura":"2 minutos"},"schema":{"@context":"https:\/\/schema.org","@graph":[{"@type":"WebPage","@id":"https:\/\/tourtravelandmore.com\/es\/tours\/eeuu-es\/washington-es\/washington-rutas-turisticas-privadas-es\/tour-privado-a-vinedos-desde-washington\/","url":"https:\/\/tourtravelandmore.com\/es\/tours\/eeuu-es\/washington-es\/washington-rutas-turisticas-privadas-es\/tour-privado-a-vinedos-desde-washington\/","name":"Tour Privado a vi\u00f1edos desde Washington | Tour Travel & More","isPartOf":{"@id":"https:\/\/tourtravelandmore.com\/es\/#website"},"primaryImageOfPage":{"@id":"https:\/\/tourtravelandmore.com\/es\/tours\/eeuu-es\/washington-es\/washington-rutas-turisticas-privadas-es\/tour-privado-a-vinedos-desde-washington\/#primaryimage"},"image":{"@id":"https:\/\/tourtravelandmore.com\/es\/tours\/eeuu-es\/washington-es\/washington-rutas-turisticas-privadas-es\/tour-privado-a-vinedos-desde-washington\/#primaryimage"},"thumbnailUrl":"https:\/\/tourtravelandmore.com\/wp-content\/uploads\/2020\/03\/loudon.jpg","datePublished":"2020-03-24T10:09:49+00:00","dateModified":"2025-01-27T16:45:40+00:00","description":"\u2192 Aproveche al m\u00e1ximo su tiempo en Washington y descubra la hermosa regi\u00f3n de vi\u00f1edos de Loudoun County junto a su chofer\/gu\u00eda privado \u2705","breadcrumb":{"@id":"https:\/\/tourtravelandmore.com\/es\/tours\/eeuu-es\/washington-es\/washington-rutas-turisticas-privadas-es\/tour-privado-a-vinedos-desde-washington\/#breadcrumb"},"inLanguage":"es","potentialAction":[{"@type":"ReadAction","target":["https:\/\/tourtravelandmore.com\/es\/tours\/eeuu-es\/washington-es\/washington-rutas-turisticas-privadas-es\/tour-privado-a-vinedos-desde-washington\/"]}]},{"@type":"ImageObject","inLanguage":"es","@id":"https:\/\/tourtravelandmore.com\/es\/tours\/eeuu-es\/washington-es\/washington-rutas-turisticas-privadas-es\/tour-privado-a-vinedos-desde-washington\/#primaryimage","url":"https:\/\/tourtravelandmore.com\/wp-content\/uploads\/2020\/03\/loudon.jpg","contentUrl":"https:\/\/tourtravelandmore.com\/wp-content\/uploads\/2020\/03\/loudon.jpg","width":1024,"height":678},{"@type":"BreadcrumbList","@id":"https:\/\/tourtravelandmore.com\/es\/tours\/eeuu-es\/washington-es\/washington-rutas-turisticas-privadas-es\/tour-privado-a-vinedos-desde-washington\/#breadcrumb","itemListElement":[{"@type":"ListItem","position":1,"name":"Home","item":"https:\/\/tourtravelandmore.com\/es\/"},{"@type":"ListItem","position":2,"name":"Tours","item":"https:\/\/tourtravelandmore.com\/es\/tours\/"},{"@type":"ListItem","position":3,"name":"Tour Privado a vi\u00f1edos desde Washington"}]},{"@type":"WebSite","@id":"https:\/\/tourtravelandmore.com\/es\/#website","url":"https:\/\/tourtravelandmore.com\/es\/","name":"Tour Travel And More","description":"Private sightseeing tours and luxury transfers in Spain","publisher":{"@id":"https:\/\/tourtravelandmore.com\/es\/#organization"},"potentialAction":[{"@type":"SearchAction","target":{"@type":"EntryPoint","urlTemplate":"https:\/\/tourtravelandmore.com\/es\/?s={search_term_string}"},"query-input":{"@type":"PropertyValueSpecification","valueRequired":true,"valueName":"search_term_string"}}],"inLanguage":"es"},{"@type":"Organization","@id":"https:\/\/tourtravelandmore.com\/es\/#organization","name":"Tour Travel And More","url":"https:\/\/tourtravelandmore.com\/es\/","logo":{"@type":"ImageObject","inLanguage":"es","@id":"https:\/\/tourtravelandmore.com\/es\/#\/schema\/logo\/image\/","url":"https:\/\/tourtravelandmore.com\/wp-content\/uploads\/2022\/12\/cropped-logo-cabecera-new.png","contentUrl":"https:\/\/tourtravelandmore.com\/wp-content\/uploads\/2022\/12\/cropped-logo-cabecera-new.png","width":430,"height":61,"caption":"Tour Travel And More"},"image":{"@id":"https:\/\/tourtravelandmore.com\/es\/#\/schema\/logo\/image\/"},"sameAs":["https:\/\/www.facebook.com\/tourtravelandmore\/","https:\/\/x.com\/TourTravel_More"]}]}},"_links":{"self":[{"href":"https:\/\/tourtravelandmore.com\/es\/wp-json\/wp\/v2\/product\/78973","targetHints":{"allow":["GET"]}}],"collection":[{"href":"https:\/\/tourtravelandmore.com\/es\/wp-json\/wp\/v2\/product"}],"about":[{"href":"https:\/\/tourtravelandmore.com\/es\/wp-json\/wp\/v2\/types\/product"}],"replies":[{"embeddable":true,"href":"https:\/\/tourtravelandmore.com\/es\/wp-json\/wp\/v2\/comments?post=78973"}],"wp:featuredmedia":[{"embeddable":true,"href":"https:\/\/tourtravelandmore.com\/es\/wp-json\/wp\/v2\/media\/78983"}],"wp:attachment":[{"href":"https:\/\/tourtravelandmore.com\/es\/wp-json\/wp\/v2\/media?parent=78973"}],"wp:term":[{"taxonomy":"product_brand","embeddable":true,"href":"https:\/\/tourtravelandmore.com\/es\/wp-json\/wp\/v2\/product_brand?post=78973"},{"taxonomy":"product_cat","embeddable":true,"href":"https:\/\/tourtravelandmore.com\/es\/wp-json\/wp\/v2\/product_cat?post=78973"},{"taxonomy":"product_tag","embeddable":true,"href":"https:\/\/tourtravelandmore.com\/es\/wp-json\/wp\/v2\/product_tag?post=78973"}],"curies":[{"name":"wp","href":"https:\/\/api.w.org\/{rel}","templated":true}]}}