{"id":78955,"date":"2020-03-20T15:52:22","date_gmt":"2020-03-20T14:52:23","guid":{"rendered":"https:\/\/tourtravelandmore.com\/?post_type=product&#038;p=78955"},"modified":"2024-11-01T16:27:20","modified_gmt":"2024-11-01T15:27:20","slug":"tour-privado-de-san-francisco","status":"publish","type":"product","link":"https:\/\/tourtravelandmore.com\/es\/tours\/eeuu-es\/san-francisco-es\/san-francisco-actividades-es\/tour-privado-de-san-francisco\/","title":{"rendered":"Tour Privado de San Francisco"},"content":{"rendered":"<h2><strong>Descripci\u00f3n del Tour Privado de San Francisco<\/strong><\/h2>\n<p><span style=\"font-weight: 400;\">No pierdas la oportunidad de explorar esta maravillosa ciudad con nuestro tour de San Francisco.<\/span><span style=\"font-weight: 400;\"> Esta emblem\u00e1tica ciudad californiana recibe muchos tipos de viajeros, fiel a la diversidad que ella misma ofrece. Si es un reci\u00e9n llegado por primera vez o un viajero recurrente, San Francisco siempre tiene algo nuevo que ofrecer.<\/span><\/p>\n<p><span style=\"font-weight: 400;\">Al realizar este recorrido de 4 horas, nuestro equipo lo ayudar\u00e1 a hacer que su experiencia sea \u00fanica y memorable. Revelaremos todos los secretos y lugares \u00fanicos que San Francisco tiene para ofrecer. Cuente con su <\/span><b>chofer &#8211; guia privado<\/b><span style=\"font-weight: 400;\"> para mostrarle lo mejor de San Francisco.<\/span><\/p>\n<p><span style=\"font-weight: 400;\">Desde <\/span><b>Alcatraz<\/b><span style=\"font-weight: 400;\"> hasta <\/span><b>Golden Gate<\/b><span style=\"font-weight: 400;\"> y sin perderse los famosos telef\u00e9ricos y el muelle de pescadores. Estamos aqu\u00ed para ayudarlo a explorar lo mejor de San Francisco.<\/span><\/p>\n<p><span style=\"font-weight: 400;\">Ya sea que se detenga en un puerto de <\/span><b>escala en su crucero<\/b><span style=\"font-weight: 400;\">, en una <\/span><b>escala<\/b><span style=\"font-weight: 400;\"> en el <\/span><b>aeropuerto<\/b><span style=\"font-weight: 400;\"> antes de su pr\u00f3ximo destino o en unas <\/span><b>vacaciones<\/b><span style=\"font-weight: 400;\"> en la ciudad; Estamos a su disposici\u00f3n para que su experiencia sea \u00fanica.<\/span><\/p>\n<h2><strong>Itinerario &amp; Puntos de inter\u00e9s en San Francisco<\/strong><\/h2>\n<p><span style=\"font-weight: 400;\">Hay tanto para ver en <\/span><b>San Francisco<\/b><span style=\"font-weight: 400;\">! Durante este tour de San Francisco su <strong>gu\u00eda privado<\/strong> le ense\u00f1ar\u00e1 los sitios m\u00e1s emblem\u00e1ticos de la ciudad. Siempre podemos agregar horas adicionales para organizar el recorrido de d\u00eda completo o incluso organizar excursiones fuera de la ciudad. Esto podr\u00eda ser Sausalito, Muir Woods, Alcatraz, Gold Country, Silicon Valley y muchas m\u00e1s opciones.<\/span><\/p>\n<p><strong>Un ejemplo de lo que ver\u00e1 entre otros en este recorrido de 4 horas es:<\/strong><\/p>\n<ul>\n<li style=\"font-weight: 400;\"><b>Washington Square<\/b><span style=\"font-weight: 400;\"> y North Beach: Washington Square est\u00e1 ubicado en el distrito de North Beach. Es un parque que se estableci\u00f3 en el siglo XIX y uno de los primeros parques que existen en la ciudad.\u00a0<\/span><\/li>\n<li style=\"font-weight: 400;\"><b>Pier 39<\/b><span style=\"font-weight: 400;\">: San Francisco es muy conocida por estos muelles. Cuando aparece en las pel\u00edculas, siempre hay una foto de los muelles. Pier 39 es una atracci\u00f3n tur\u00edstica muy popular y tambi\u00e9n es un centro comercial.\u00a0<\/span><\/li>\n<li style=\"font-weight: 400;\"><span style=\"font-weight: 400;\">Distrito de <\/span><b>Fisherman\u2019s Wharf<\/b><span style=\"font-weight: 400;\">: Uno de los distritos m\u00e1s visitados de la ciudad. All\u00ed se encuentran los mejores restaurantes de mariscos de la ciudad.<\/span><\/li>\n<li style=\"font-weight: 400;\"><span style=\"font-weight: 400;\">El <\/span><b>Embarcadero<\/b><span style=\"font-weight: 400;\">: Camina por su paseo mar\u00edtimo y Market street.<\/span><\/li>\n<li style=\"font-weight: 400;\"><b>Puente Golden Gate<\/b><span style=\"font-weight: 400;\">: Este emblem\u00e1tico puente une\u00a0la pen\u00ednsula de San Francisco por el norte con el sur del condado de Marin, cerca de Sausalito<\/span><\/li>\n<li style=\"font-weight: 400;\"><b>Union Square:<\/b><span style=\"font-weight: 400;\"> En esta plaza puede encontrar la zona comercial central, los hoteles y el distrito de los teatros.<\/span><\/li>\n<li style=\"font-weight: 400;\"><b>Alamo Square<\/b><span style=\"font-weight: 400;\">: Este barrio es muy conocido y ha sido utilizado en series y pel\u00edculas americanas. En Steiner Street est\u00e1n las famosas <\/span><b>casas victorianas<\/b><span style=\"font-weight: 400;\">, tambi\u00e9n conocidas como las <\/span><b>Damas pintadas<\/b><span style=\"font-weight: 400;\">.\u00a0<\/span><\/li>\n<li style=\"font-weight: 400;\"><b>Lombard Street<\/b><span style=\"font-weight: 400;\">: Una de las calles m\u00e1s empinadas, ideal para una fotograf\u00eda.<\/span><\/li>\n<li style=\"font-weight: 400;\"><a href=\"https:\/\/palaceoffinearts.com\/\"><b>Teatro del Palacio de Bellas Artes<\/b><\/a>: Fue construido en 1915 para mostrar obras de arte en la Exposici\u00f3n Universal<\/li>\n<li style=\"font-weight: 400;\"><b>Barrio chino<\/b><span style=\"font-weight: 400;\">: Descubre este barrio, donde se aloja una la segunda comunidad de chinos m\u00e1s grandes del pa\u00eds, despu\u00e9s de Nueva York.<\/span><\/li>\n<\/ul>\n<p><span style=\"font-weight: 400;\">Disfrutar\u00e1 de una experiencia privada a medida. Nuestro equipo de expertos le ayudar\u00e1 a coordinar un itinerario a medida.<\/span><\/p>\n","protected":false},"excerpt":{"rendered":"<p>Admire los monumentos y lugares de inter\u00e9s m\u00e1s emblem\u00e1ticos de la ciudad junto a un gu\u00eda local experto. \u00a1Visitar\u00e1s sitios representativos como el <strong>Barrio Chino, Pier 39, Embarcadero y mucho m\u00e1s<\/strong>!<\/p>\n","protected":false},"featured_media":78922,"comment_status":"open","ping_status":"closed","template":"","meta":{"_acf_changed":false},"product_brand":[],"product_cat":[1602,2149,2155,2663],"product_tag":[],"class_list":{"0":"post-78955","1":"product","2":"type-product","3":"status-publish","4":"has-post-thumbnail","6":"product_cat-eeuu-es","7":"product_cat-san-francisco-es","8":"product_cat-san-francisco-actividades-es","9":"product_cat-san-francisco-tours-es","11":"first","12":"instock","13":"shipping-taxable","14":"purchasable","15":"product-type-simple"},"acf":[],"yoast_head":"<!-- This site is optimized with the Yoast SEO Premium plugin v25.3.1 (Yoast SEO v25.3.1) - https:\/\/yoast.com\/wordpress\/plugins\/seo\/ -->\n<title>Tour Privado de San Francisco con chofer\/gu\u00eda oficial | Tour Travel &amp; More<\/title>\n<meta name=\"description\" content=\"\u2192 Reserve este tour de San Francisco junto a un gu\u00eda oficial privado. Descubra los lugares m\u00e1s alucinantes de esta ciudad en su veh\u00edculo. \u2705\" \/>\n<meta name=\"robots\" content=\"index, follow, max-snippet:-1, max-image-preview:large, max-video-preview:-1\" \/>\n<link rel=\"canonical\" href=\"https:\/\/tourtravelandmore.com\/es\/tours\/eeuu-es\/san-francisco-es\/san-francisco-actividades-es\/tour-privado-de-san-francisco\/\" \/>\n<meta property=\"og:locale\" content=\"es_ES\" \/>\n<meta property=\"og:type\" content=\"article\" \/>\n<meta property=\"og:title\" content=\"Tour Privado de San Francisco\" \/>\n<meta property=\"og:description\" content=\"\u2192 Reserve este tour de San Francisco junto a un gu\u00eda oficial privado. Descubra los lugares m\u00e1s alucinantes de esta ciudad en su veh\u00edculo. \u2705\" \/>\n<meta property=\"og:url\" content=\"https:\/\/tourtravelandmore.com\/es\/tours\/eeuu-es\/san-francisco-es\/san-francisco-actividades-es\/tour-privado-de-san-francisco\/\" \/>\n<meta property=\"og:site_name\" content=\"Tour Travel And More\" \/>\n<meta property=\"article:publisher\" content=\"https:\/\/www.facebook.com\/tourtravelandmore\/\" \/>\n<meta property=\"article:modified_time\" content=\"2024-11-01T15:27:20+00:00\" \/>\n<meta property=\"og:image\" content=\"https:\/\/tourtravelandmore.com\/wp-content\/uploads\/2020\/03\/san-francisco-3.jpg\" \/>\n\t<meta property=\"og:image:width\" content=\"1960\" \/>\n\t<meta property=\"og:image:height\" content=\"1104\" \/>\n\t<meta property=\"og:image:type\" content=\"image\/jpeg\" \/>\n<meta name=\"twitter:card\" content=\"summary_large_image\" \/>\n<meta name=\"twitter:site\" content=\"@TourTravel_More\" \/>\n<meta name=\"twitter:label1\" content=\"Tiempo de lectura\" \/>\n\t<meta name=\"twitter:data1\" content=\"3 minutos\" \/>\n<script type=\"application\/ld+json\" class=\"yoast-schema-graph\">{\"@context\":\"https:\/\/schema.org\",\"@graph\":[{\"@type\":\"WebPage\",\"@id\":\"https:\/\/tourtravelandmore.com\/es\/tours\/eeuu-es\/san-francisco-es\/san-francisco-actividades-es\/tour-privado-de-san-francisco\/\",\"url\":\"https:\/\/tourtravelandmore.com\/es\/tours\/eeuu-es\/san-francisco-es\/san-francisco-actividades-es\/tour-privado-de-san-francisco\/\",\"name\":\"Tour Privado de San Francisco con chofer\/gu\u00eda oficial | Tour Travel & More\",\"isPartOf\":{\"@id\":\"https:\/\/tourtravelandmore.com\/es\/#website\"},\"primaryImageOfPage\":{\"@id\":\"https:\/\/tourtravelandmore.com\/es\/tours\/eeuu-es\/san-francisco-es\/san-francisco-actividades-es\/tour-privado-de-san-francisco\/#primaryimage\"},\"image\":{\"@id\":\"https:\/\/tourtravelandmore.com\/es\/tours\/eeuu-es\/san-francisco-es\/san-francisco-actividades-es\/tour-privado-de-san-francisco\/#primaryimage\"},\"thumbnailUrl\":\"https:\/\/tourtravelandmore.com\/wp-content\/uploads\/2020\/03\/san-francisco-3.jpg\",\"datePublished\":\"2020-03-20T14:52:23+00:00\",\"dateModified\":\"2024-11-01T15:27:20+00:00\",\"description\":\"\u2192 Reserve este tour de San Francisco junto a un gu\u00eda oficial privado. Descubra los lugares m\u00e1s alucinantes de esta ciudad en su veh\u00edculo. \u2705\",\"breadcrumb\":{\"@id\":\"https:\/\/tourtravelandmore.com\/es\/tours\/eeuu-es\/san-francisco-es\/san-francisco-actividades-es\/tour-privado-de-san-francisco\/#breadcrumb\"},\"inLanguage\":\"es\",\"potentialAction\":[{\"@type\":\"ReadAction\",\"target\":[\"https:\/\/tourtravelandmore.com\/es\/tours\/eeuu-es\/san-francisco-es\/san-francisco-actividades-es\/tour-privado-de-san-francisco\/\"]}]},{\"@type\":\"ImageObject\",\"inLanguage\":\"es\",\"@id\":\"https:\/\/tourtravelandmore.com\/es\/tours\/eeuu-es\/san-francisco-es\/san-francisco-actividades-es\/tour-privado-de-san-francisco\/#primaryimage\",\"url\":\"https:\/\/tourtravelandmore.com\/wp-content\/uploads\/2020\/03\/san-francisco-3.jpg\",\"contentUrl\":\"https:\/\/tourtravelandmore.com\/wp-content\/uploads\/2020\/03\/san-francisco-3.jpg\",\"width\":1960,\"height\":1104},{\"@type\":\"BreadcrumbList\",\"@id\":\"https:\/\/tourtravelandmore.com\/es\/tours\/eeuu-es\/san-francisco-es\/san-francisco-actividades-es\/tour-privado-de-san-francisco\/#breadcrumb\",\"itemListElement\":[{\"@type\":\"ListItem\",\"position\":1,\"name\":\"Home\",\"item\":\"https:\/\/tourtravelandmore.com\/es\/\"},{\"@type\":\"ListItem\",\"position\":2,\"name\":\"Tours\",\"item\":\"https:\/\/tourtravelandmore.com\/es\/tours\/\"},{\"@type\":\"ListItem\",\"position\":3,\"name\":\"Tour Privado de San Francisco\"}]},{\"@type\":\"WebSite\",\"@id\":\"https:\/\/tourtravelandmore.com\/es\/#website\",\"url\":\"https:\/\/tourtravelandmore.com\/es\/\",\"name\":\"Tour Travel And More\",\"description\":\"Private sightseeing tours and luxury transfers in Spain\",\"publisher\":{\"@id\":\"https:\/\/tourtravelandmore.com\/es\/#organization\"},\"potentialAction\":[{\"@type\":\"SearchAction\",\"target\":{\"@type\":\"EntryPoint\",\"urlTemplate\":\"https:\/\/tourtravelandmore.com\/es\/?s={search_term_string}\"},\"query-input\":{\"@type\":\"PropertyValueSpecification\",\"valueRequired\":true,\"valueName\":\"search_term_string\"}}],\"inLanguage\":\"es\"},{\"@type\":\"Organization\",\"@id\":\"https:\/\/tourtravelandmore.com\/es\/#organization\",\"name\":\"Tour Travel And More\",\"url\":\"https:\/\/tourtravelandmore.com\/es\/\",\"logo\":{\"@type\":\"ImageObject\",\"inLanguage\":\"es\",\"@id\":\"https:\/\/tourtravelandmore.com\/es\/#\/schema\/logo\/image\/\",\"url\":\"https:\/\/tourtravelandmore.com\/wp-content\/uploads\/2022\/12\/cropped-logo-cabecera-new.png\",\"contentUrl\":\"https:\/\/tourtravelandmore.com\/wp-content\/uploads\/2022\/12\/cropped-logo-cabecera-new.png\",\"width\":430,\"height\":61,\"caption\":\"Tour Travel And More\"},\"image\":{\"@id\":\"https:\/\/tourtravelandmore.com\/es\/#\/schema\/logo\/image\/\"},\"sameAs\":[\"https:\/\/www.facebook.com\/tourtravelandmore\/\",\"https:\/\/x.com\/TourTravel_More\"]}]}<\/script>\n<!-- \/ Yoast SEO Premium plugin. -->","yoast_head_json":{"title":"Tour Privado de San Francisco con chofer\/gu\u00eda oficial | Tour Travel & More","description":"\u2192 Reserve este tour de San Francisco junto a un gu\u00eda oficial privado. Descubra los lugares m\u00e1s alucinantes de esta ciudad en su veh\u00edculo. \u2705","robots":{"index":"index","follow":"follow","max-snippet":"max-snippet:-1","max-image-preview":"max-image-preview:large","max-video-preview":"max-video-preview:-1"},"canonical":"https:\/\/tourtravelandmore.com\/es\/tours\/eeuu-es\/san-francisco-es\/san-francisco-actividades-es\/tour-privado-de-san-francisco\/","og_locale":"es_ES","og_type":"article","og_title":"Tour Privado de San Francisco","og_description":"\u2192 Reserve este tour de San Francisco junto a un gu\u00eda oficial privado. Descubra los lugares m\u00e1s alucinantes de esta ciudad en su veh\u00edculo. \u2705","og_url":"https:\/\/tourtravelandmore.com\/es\/tours\/eeuu-es\/san-francisco-es\/san-francisco-actividades-es\/tour-privado-de-san-francisco\/","og_site_name":"Tour Travel And More","article_publisher":"https:\/\/www.facebook.com\/tourtravelandmore\/","article_modified_time":"2024-11-01T15:27:20+00:00","og_image":[{"width":1960,"height":1104,"url":"https:\/\/tourtravelandmore.com\/wp-content\/uploads\/2020\/03\/san-francisco-3.jpg","type":"image\/jpeg"}],"twitter_card":"summary_large_image","twitter_site":"@TourTravel_More","twitter_misc":{"Tiempo de lectura":"3 minutos"},"schema":{"@context":"https:\/\/schema.org","@graph":[{"@type":"WebPage","@id":"https:\/\/tourtravelandmore.com\/es\/tours\/eeuu-es\/san-francisco-es\/san-francisco-actividades-es\/tour-privado-de-san-francisco\/","url":"https:\/\/tourtravelandmore.com\/es\/tours\/eeuu-es\/san-francisco-es\/san-francisco-actividades-es\/tour-privado-de-san-francisco\/","name":"Tour Privado de San Francisco con chofer\/gu\u00eda oficial | Tour Travel & More","isPartOf":{"@id":"https:\/\/tourtravelandmore.com\/es\/#website"},"primaryImageOfPage":{"@id":"https:\/\/tourtravelandmore.com\/es\/tours\/eeuu-es\/san-francisco-es\/san-francisco-actividades-es\/tour-privado-de-san-francisco\/#primaryimage"},"image":{"@id":"https:\/\/tourtravelandmore.com\/es\/tours\/eeuu-es\/san-francisco-es\/san-francisco-actividades-es\/tour-privado-de-san-francisco\/#primaryimage"},"thumbnailUrl":"https:\/\/tourtravelandmore.com\/wp-content\/uploads\/2020\/03\/san-francisco-3.jpg","datePublished":"2020-03-20T14:52:23+00:00","dateModified":"2024-11-01T15:27:20+00:00","description":"\u2192 Reserve este tour de San Francisco junto a un gu\u00eda oficial privado. Descubra los lugares m\u00e1s alucinantes de esta ciudad en su veh\u00edculo. \u2705","breadcrumb":{"@id":"https:\/\/tourtravelandmore.com\/es\/tours\/eeuu-es\/san-francisco-es\/san-francisco-actividades-es\/tour-privado-de-san-francisco\/#breadcrumb"},"inLanguage":"es","potentialAction":[{"@type":"ReadAction","target":["https:\/\/tourtravelandmore.com\/es\/tours\/eeuu-es\/san-francisco-es\/san-francisco-actividades-es\/tour-privado-de-san-francisco\/"]}]},{"@type":"ImageObject","inLanguage":"es","@id":"https:\/\/tourtravelandmore.com\/es\/tours\/eeuu-es\/san-francisco-es\/san-francisco-actividades-es\/tour-privado-de-san-francisco\/#primaryimage","url":"https:\/\/tourtravelandmore.com\/wp-content\/uploads\/2020\/03\/san-francisco-3.jpg","contentUrl":"https:\/\/tourtravelandmore.com\/wp-content\/uploads\/2020\/03\/san-francisco-3.jpg","width":1960,"height":1104},{"@type":"BreadcrumbList","@id":"https:\/\/tourtravelandmore.com\/es\/tours\/eeuu-es\/san-francisco-es\/san-francisco-actividades-es\/tour-privado-de-san-francisco\/#breadcrumb","itemListElement":[{"@type":"ListItem","position":1,"name":"Home","item":"https:\/\/tourtravelandmore.com\/es\/"},{"@type":"ListItem","position":2,"name":"Tours","item":"https:\/\/tourtravelandmore.com\/es\/tours\/"},{"@type":"ListItem","position":3,"name":"Tour Privado de San Francisco"}]},{"@type":"WebSite","@id":"https:\/\/tourtravelandmore.com\/es\/#website","url":"https:\/\/tourtravelandmore.com\/es\/","name":"Tour Travel And More","description":"Private sightseeing tours and luxury transfers in Spain","publisher":{"@id":"https:\/\/tourtravelandmore.com\/es\/#organization"},"potentialAction":[{"@type":"SearchAction","target":{"@type":"EntryPoint","urlTemplate":"https:\/\/tourtravelandmore.com\/es\/?s={search_term_string}"},"query-input":{"@type":"PropertyValueSpecification","valueRequired":true,"valueName":"search_term_string"}}],"inLanguage":"es"},{"@type":"Organization","@id":"https:\/\/tourtravelandmore.com\/es\/#organization","name":"Tour Travel And More","url":"https:\/\/tourtravelandmore.com\/es\/","logo":{"@type":"ImageObject","inLanguage":"es","@id":"https:\/\/tourtravelandmore.com\/es\/#\/schema\/logo\/image\/","url":"https:\/\/tourtravelandmore.com\/wp-content\/uploads\/2022\/12\/cropped-logo-cabecera-new.png","contentUrl":"https:\/\/tourtravelandmore.com\/wp-content\/uploads\/2022\/12\/cropped-logo-cabecera-new.png","width":430,"height":61,"caption":"Tour Travel And More"},"image":{"@id":"https:\/\/tourtravelandmore.com\/es\/#\/schema\/logo\/image\/"},"sameAs":["https:\/\/www.facebook.com\/tourtravelandmore\/","https:\/\/x.com\/TourTravel_More"]}]}},"_links":{"self":[{"href":"https:\/\/tourtravelandmore.com\/es\/wp-json\/wp\/v2\/product\/78955","targetHints":{"allow":["GET"]}}],"collection":[{"href":"https:\/\/tourtravelandmore.com\/es\/wp-json\/wp\/v2\/product"}],"about":[{"href":"https:\/\/tourtravelandmore.com\/es\/wp-json\/wp\/v2\/types\/product"}],"replies":[{"embeddable":true,"href":"https:\/\/tourtravelandmore.com\/es\/wp-json\/wp\/v2\/comments?post=78955"}],"wp:featuredmedia":[{"embeddable":true,"href":"https:\/\/tourtravelandmore.com\/es\/wp-json\/wp\/v2\/media\/78922"}],"wp:attachment":[{"href":"https:\/\/tourtravelandmore.com\/es\/wp-json\/wp\/v2\/media?parent=78955"}],"wp:term":[{"taxonomy":"product_brand","embeddable":true,"href":"https:\/\/tourtravelandmore.com\/es\/wp-json\/wp\/v2\/product_brand?post=78955"},{"taxonomy":"product_cat","embeddable":true,"href":"https:\/\/tourtravelandmore.com\/es\/wp-json\/wp\/v2\/product_cat?post=78955"},{"taxonomy":"product_tag","embeddable":true,"href":"https:\/\/tourtravelandmore.com\/es\/wp-json\/wp\/v2\/product_tag?post=78955"}],"curies":[{"name":"wp","href":"https:\/\/api.w.org\/{rel}","templated":true}]}}