{"id":789,"date":"2016-03-13T20:07:59","date_gmt":"2016-04-14T18:36:00","guid":{"rendered":"http:\/\/tourtravelandmore.com\/?post_type=product&#038;p=789&#038;lang=es"},"modified":"2025-06-06T10:29:13","modified_gmt":"2025-06-06T08:29:13","slug":"sevilla-tour-tour-privado-a-pie-del-alcazar-y-catedral-con-guia-oficial","status":"publish","type":"product","link":"https:\/\/tourtravelandmore.com\/es\/tours\/espana-es\/sevilla-es\/sevilla-tour-tour-privado-a-pie-del-alcazar-y-catedral-con-guia-oficial\/","title":{"rendered":"Tour Privado a pie del Alc\u00e1zar y la Catedral de Sevilla"},"content":{"rendered":"<h2><strong>Descripci\u00f3n del Tour Privado a pie del Alc\u00e1zar y la Catedral de Sevilla<\/strong><\/h2>\n<p>Descubre dos de los monumentos m\u00e1s importante de <strong>Sevilla,<\/strong> el <strong>Alcazar<\/strong> y la <strong>Catedral<\/strong> de <strong>Sevilla.<\/strong>\u00a0 Este <a href=\"https:\/\/tourtravelandmore.com\/es\/ciudad\/espana-es\/sevilla-es\/\"><strong>Tour Privado en Sevilla<\/strong><\/a> se centrar\u00e1 en lo m\u00e1s relevante de la ciudad, El <strong>Casco Historico<\/strong> y dos principales monumentos.<\/p>\n<p>Las entradas <strong>Al Alcazar y La Catedral<\/strong>, est\u00e1n incluidos en el tour, son entradas sin colas.<\/p>\n<p>La duraci\u00f3n del Sevilla tour son 4 horas, el tour es completamente privado, pueden escoger la hora y lugar de comienzo.<\/p>\n<p>En todo momento ir\u00e1n con nuestro gu\u00eda oficial privado, que os ense\u00f1ar\u00e1 las calles m\u00e1s relevantes del centro hist\u00f3rico, la Historia, Leyenda, y mucho m\u00e1s!.<\/p>\n<h2>Puntos de inter\u00e9s en el Tour Privado en Sevilla a pie del Alc\u00e1zar y la Catedral<\/h2>\n<p>En el casco hist\u00f3rico de Sevilla encontraremos la <strong>Catedral de Sevilla, el Real Alc\u00e1zar, la Plaza de Santa Cruz la Juder\u00eda, Casa de Pilatos,\u00a0\u00a0Bas\u00edlica de la Macarena,\u00a0Museo de Bellas Artes, y La plaza del Salvador.<\/strong><\/p>\n<p>Las entradas a la Catedral de Sevilla y el Alcazar est\u00e1n incluidas. La Catedral de Sevilla es de Estilo G\u00f3tico, es la m\u00e1s grande del mundo construida en este tipo de estilo.<\/p>\n<p>El Alcazar de Sevilla es un conjunto palaciego amurallado construido en diferentes etapas hist\u00f3ricas. Aunque el palacio original se edific\u00f3 en la Alta Edad Media, se conservan algunos vestigios de arte isl\u00e1mico y, de la etapa posterior a la conquista castellana, un espacio palaciego mud\u00e9jar y otro de estilo g\u00f3tico.<\/p>\n<p>Las plazas m\u00e1s destacadas del casco historico, son la <strong>Plaza de la Encarnaci\u00f3n<\/strong>, la <strong>Plaza del Salvador<\/strong>, <strong>la plaza de San Francisco, la Plaza Nueva <\/strong>d\u00f3nde se encuentra la estatua de <strong>San Fernando<\/strong>, la <strong>Plaza de la Magdalena<\/strong>\u00a0y la <strong>Plaza del Triunfo.<\/strong><\/p>\n<p>Conoceremos tambi\u00e9n la Giralda, uno de los puntos m\u00e1s lindos de esta ciudad. <strong>Giralda<\/strong> es el nombre que recibe la torre campanario de la catedral de <strong>Santa Mar\u00eda<\/strong> de la Sede de la ciudad de Sevilla<\/p>\n<p>Tambi\u00e9n conoceremos una de las calles comerciales m\u00e1s importantes: la <strong>Calle Sierpes<\/strong>, la de Tetu\u00e1n O\u2019Donnell-Vel\u00e1zquez, la Calle Cuna, la Calle Francos (de Comercio antiguo y tradicional), la Calle San Eloy (de muchos restaurantes), y la Avenida de la Constituci\u00f3n (que es peatonal y comercial), y pasaremos para finalizar junto al Archivo de Indias, a la Catedral y a la Giralda.<\/p>\n<p>Si dispone de m\u00e1s d\u00edas en la ciudad de Sevilla puedes consultar <a href=\"https:\/\/tourtravelandmore.com\/es\/ciudad\/espana-es\/sevilla-es\/\"><strong>aqu\u00ed<\/strong><\/a>, el resto de los tours privados que ofrecemos en Sevilla.<\/p>\n","protected":false},"excerpt":{"rendered":"<p>Descubre lo m\u00e1s importante del Casco Hist\u00f3rico de Sevilla y sus dos principales monumentos: La Catedral y El Alcazar. Ir\u00e1n en todo momento acompa\u00f1ados de nuestro gu\u00eda oficial, las entradas a los dos monumentos est\u00e1n incluidos.<\/p>\n","protected":false},"featured_media":16028,"comment_status":"open","ping_status":"closed","template":"","meta":{"_acf_changed":false},"product_brand":[],"product_cat":[105,108],"product_tag":[],"class_list":{"0":"post-789","1":"product","2":"type-product","3":"status-publish","4":"has-post-thumbnail","6":"product_cat-sevilla-es","7":"product_cat-sevilla-tours-privados-pie-es","9":"first","10":"instock","11":"shipping-taxable","12":"purchasable","13":"product-type-simple"},"acf":[],"yoast_head":"<!-- This site is optimized with the Yoast SEO Premium plugin v25.3.1 (Yoast SEO v25.3.1) - https:\/\/yoast.com\/wordpress\/plugins\/seo\/ -->\n<title>\u27a1\ufe0f Sevilla Tour - Tour privado a Pie del Alcazar y Catedral con Guia Oficial | Tour Travel &amp; More<\/title>\n<meta name=\"description\" content=\"Descubre el centro historico de la ciudad, La Catedral, el Alcazar gracias a nuestro Sevilla tour, junto a su gu\u00eda oficial. Las entradas est\u00e1n incluido \u2705\" \/>\n<meta name=\"robots\" content=\"index, follow, max-snippet:-1, max-image-preview:large, max-video-preview:-1\" \/>\n<link rel=\"canonical\" href=\"https:\/\/tourtravelandmore.com\/es\/tours\/espana-es\/sevilla-es\/sevilla-tour-tour-privado-a-pie-del-alcazar-y-catedral-con-guia-oficial\/\" \/>\n<meta property=\"og:locale\" content=\"es_ES\" \/>\n<meta property=\"og:type\" content=\"article\" \/>\n<meta property=\"og:title\" content=\"Tour Privado a pie del Alc\u00e1zar y la Catedral de Sevilla\" \/>\n<meta property=\"og:description\" content=\"Descubre el centro historico de la ciudad, La Catedral, el Alcazar gracias a nuestro Sevilla tour, junto a su gu\u00eda oficial. Las entradas est\u00e1n incluido \u2705\" \/>\n<meta property=\"og:url\" content=\"https:\/\/tourtravelandmore.com\/es\/tours\/espana-es\/sevilla-es\/sevilla-tour-tour-privado-a-pie-del-alcazar-y-catedral-con-guia-oficial\/\" \/>\n<meta property=\"og:site_name\" content=\"Tour Travel And More\" \/>\n<meta property=\"article:publisher\" content=\"https:\/\/www.facebook.com\/tourtravelandmore\/\" \/>\n<meta property=\"article:modified_time\" content=\"2025-06-06T08:29:13+00:00\" \/>\n<meta property=\"og:image\" content=\"https:\/\/tourtravelandmore.com\/wp-content\/uploads\/2016\/03\/Spain-Alcazar-Seville-UNESCO.jpg\" \/>\n\t<meta property=\"og:image:width\" content=\"1200\" \/>\n\t<meta property=\"og:image:height\" content=\"900\" \/>\n\t<meta property=\"og:image:type\" content=\"image\/jpeg\" \/>\n<meta name=\"twitter:card\" content=\"summary_large_image\" \/>\n<meta name=\"twitter:site\" content=\"@TourTravel_More\" \/>\n<meta name=\"twitter:label1\" content=\"Tiempo de lectura\" \/>\n\t<meta name=\"twitter:data1\" content=\"3 minutos\" \/>\n<script type=\"application\/ld+json\" class=\"yoast-schema-graph\">{\"@context\":\"https:\/\/schema.org\",\"@graph\":[{\"@type\":\"WebPage\",\"@id\":\"https:\/\/tourtravelandmore.com\/es\/tours\/espana-es\/sevilla-es\/sevilla-tour-tour-privado-a-pie-del-alcazar-y-catedral-con-guia-oficial\/\",\"url\":\"https:\/\/tourtravelandmore.com\/es\/tours\/espana-es\/sevilla-es\/sevilla-tour-tour-privado-a-pie-del-alcazar-y-catedral-con-guia-oficial\/\",\"name\":\"\u27a1\ufe0f Sevilla Tour - Tour privado a Pie del Alcazar y Catedral con Guia Oficial | Tour Travel & More\",\"isPartOf\":{\"@id\":\"https:\/\/tourtravelandmore.com\/es\/#website\"},\"primaryImageOfPage\":{\"@id\":\"https:\/\/tourtravelandmore.com\/es\/tours\/espana-es\/sevilla-es\/sevilla-tour-tour-privado-a-pie-del-alcazar-y-catedral-con-guia-oficial\/#primaryimage\"},\"image\":{\"@id\":\"https:\/\/tourtravelandmore.com\/es\/tours\/espana-es\/sevilla-es\/sevilla-tour-tour-privado-a-pie-del-alcazar-y-catedral-con-guia-oficial\/#primaryimage\"},\"thumbnailUrl\":\"https:\/\/tourtravelandmore.com\/wp-content\/uploads\/2016\/03\/Spain-Alcazar-Seville-UNESCO.jpg\",\"datePublished\":\"2016-04-14T18:36:00+00:00\",\"dateModified\":\"2025-06-06T08:29:13+00:00\",\"description\":\"Descubre el centro historico de la ciudad, La Catedral, el Alcazar gracias a nuestro Sevilla tour, junto a su gu\u00eda oficial. Las entradas est\u00e1n incluido \u2705\",\"breadcrumb\":{\"@id\":\"https:\/\/tourtravelandmore.com\/es\/tours\/espana-es\/sevilla-es\/sevilla-tour-tour-privado-a-pie-del-alcazar-y-catedral-con-guia-oficial\/#breadcrumb\"},\"inLanguage\":\"es\",\"potentialAction\":[{\"@type\":\"ReadAction\",\"target\":[\"https:\/\/tourtravelandmore.com\/es\/tours\/espana-es\/sevilla-es\/sevilla-tour-tour-privado-a-pie-del-alcazar-y-catedral-con-guia-oficial\/\"]}]},{\"@type\":\"ImageObject\",\"inLanguage\":\"es\",\"@id\":\"https:\/\/tourtravelandmore.com\/es\/tours\/espana-es\/sevilla-es\/sevilla-tour-tour-privado-a-pie-del-alcazar-y-catedral-con-guia-oficial\/#primaryimage\",\"url\":\"https:\/\/tourtravelandmore.com\/wp-content\/uploads\/2016\/03\/Spain-Alcazar-Seville-UNESCO.jpg\",\"contentUrl\":\"https:\/\/tourtravelandmore.com\/wp-content\/uploads\/2016\/03\/Spain-Alcazar-Seville-UNESCO.jpg\",\"width\":1200,\"height\":900},{\"@type\":\"BreadcrumbList\",\"@id\":\"https:\/\/tourtravelandmore.com\/es\/tours\/espana-es\/sevilla-es\/sevilla-tour-tour-privado-a-pie-del-alcazar-y-catedral-con-guia-oficial\/#breadcrumb\",\"itemListElement\":[{\"@type\":\"ListItem\",\"position\":1,\"name\":\"Home\",\"item\":\"https:\/\/tourtravelandmore.com\/es\/\"},{\"@type\":\"ListItem\",\"position\":2,\"name\":\"Tours\",\"item\":\"https:\/\/tourtravelandmore.com\/es\/tours\/\"},{\"@type\":\"ListItem\",\"position\":3,\"name\":\"Tour Privado a pie del Alc\u00e1zar y la Catedral de Sevilla\"}]},{\"@type\":\"WebSite\",\"@id\":\"https:\/\/tourtravelandmore.com\/es\/#website\",\"url\":\"https:\/\/tourtravelandmore.com\/es\/\",\"name\":\"Tour Travel And More\",\"description\":\"Private sightseeing tours and luxury transfers in Spain\",\"publisher\":{\"@id\":\"https:\/\/tourtravelandmore.com\/es\/#organization\"},\"potentialAction\":[{\"@type\":\"SearchAction\",\"target\":{\"@type\":\"EntryPoint\",\"urlTemplate\":\"https:\/\/tourtravelandmore.com\/es\/?s={search_term_string}\"},\"query-input\":{\"@type\":\"PropertyValueSpecification\",\"valueRequired\":true,\"valueName\":\"search_term_string\"}}],\"inLanguage\":\"es\"},{\"@type\":\"Organization\",\"@id\":\"https:\/\/tourtravelandmore.com\/es\/#organization\",\"name\":\"Tour Travel And More\",\"url\":\"https:\/\/tourtravelandmore.com\/es\/\",\"logo\":{\"@type\":\"ImageObject\",\"inLanguage\":\"es\",\"@id\":\"https:\/\/tourtravelandmore.com\/es\/#\/schema\/logo\/image\/\",\"url\":\"https:\/\/tourtravelandmore.com\/wp-content\/uploads\/2022\/12\/cropped-logo-cabecera-new.png\",\"contentUrl\":\"https:\/\/tourtravelandmore.com\/wp-content\/uploads\/2022\/12\/cropped-logo-cabecera-new.png\",\"width\":430,\"height\":61,\"caption\":\"Tour Travel And More\"},\"image\":{\"@id\":\"https:\/\/tourtravelandmore.com\/es\/#\/schema\/logo\/image\/\"},\"sameAs\":[\"https:\/\/www.facebook.com\/tourtravelandmore\/\",\"https:\/\/x.com\/TourTravel_More\"]}]}<\/script>\n<!-- \/ Yoast SEO Premium plugin. -->","yoast_head_json":{"title":"\u27a1\ufe0f Sevilla Tour - Tour privado a Pie del Alcazar y Catedral con Guia Oficial | Tour Travel & More","description":"Descubre el centro historico de la ciudad, La Catedral, el Alcazar gracias a nuestro Sevilla tour, junto a su gu\u00eda oficial. Las entradas est\u00e1n incluido \u2705","robots":{"index":"index","follow":"follow","max-snippet":"max-snippet:-1","max-image-preview":"max-image-preview:large","max-video-preview":"max-video-preview:-1"},"canonical":"https:\/\/tourtravelandmore.com\/es\/tours\/espana-es\/sevilla-es\/sevilla-tour-tour-privado-a-pie-del-alcazar-y-catedral-con-guia-oficial\/","og_locale":"es_ES","og_type":"article","og_title":"Tour Privado a pie del Alc\u00e1zar y la Catedral de Sevilla","og_description":"Descubre el centro historico de la ciudad, La Catedral, el Alcazar gracias a nuestro Sevilla tour, junto a su gu\u00eda oficial. Las entradas est\u00e1n incluido \u2705","og_url":"https:\/\/tourtravelandmore.com\/es\/tours\/espana-es\/sevilla-es\/sevilla-tour-tour-privado-a-pie-del-alcazar-y-catedral-con-guia-oficial\/","og_site_name":"Tour Travel And More","article_publisher":"https:\/\/www.facebook.com\/tourtravelandmore\/","article_modified_time":"2025-06-06T08:29:13+00:00","og_image":[{"width":1200,"height":900,"url":"https:\/\/tourtravelandmore.com\/wp-content\/uploads\/2016\/03\/Spain-Alcazar-Seville-UNESCO.jpg","type":"image\/jpeg"}],"twitter_card":"summary_large_image","twitter_site":"@TourTravel_More","twitter_misc":{"Tiempo de lectura":"3 minutos"},"schema":{"@context":"https:\/\/schema.org","@graph":[{"@type":"WebPage","@id":"https:\/\/tourtravelandmore.com\/es\/tours\/espana-es\/sevilla-es\/sevilla-tour-tour-privado-a-pie-del-alcazar-y-catedral-con-guia-oficial\/","url":"https:\/\/tourtravelandmore.com\/es\/tours\/espana-es\/sevilla-es\/sevilla-tour-tour-privado-a-pie-del-alcazar-y-catedral-con-guia-oficial\/","name":"\u27a1\ufe0f Sevilla Tour - Tour privado a Pie del Alcazar y Catedral con Guia Oficial | Tour Travel & More","isPartOf":{"@id":"https:\/\/tourtravelandmore.com\/es\/#website"},"primaryImageOfPage":{"@id":"https:\/\/tourtravelandmore.com\/es\/tours\/espana-es\/sevilla-es\/sevilla-tour-tour-privado-a-pie-del-alcazar-y-catedral-con-guia-oficial\/#primaryimage"},"image":{"@id":"https:\/\/tourtravelandmore.com\/es\/tours\/espana-es\/sevilla-es\/sevilla-tour-tour-privado-a-pie-del-alcazar-y-catedral-con-guia-oficial\/#primaryimage"},"thumbnailUrl":"https:\/\/tourtravelandmore.com\/wp-content\/uploads\/2016\/03\/Spain-Alcazar-Seville-UNESCO.jpg","datePublished":"2016-04-14T18:36:00+00:00","dateModified":"2025-06-06T08:29:13+00:00","description":"Descubre el centro historico de la ciudad, La Catedral, el Alcazar gracias a nuestro Sevilla tour, junto a su gu\u00eda oficial. Las entradas est\u00e1n incluido \u2705","breadcrumb":{"@id":"https:\/\/tourtravelandmore.com\/es\/tours\/espana-es\/sevilla-es\/sevilla-tour-tour-privado-a-pie-del-alcazar-y-catedral-con-guia-oficial\/#breadcrumb"},"inLanguage":"es","potentialAction":[{"@type":"ReadAction","target":["https:\/\/tourtravelandmore.com\/es\/tours\/espana-es\/sevilla-es\/sevilla-tour-tour-privado-a-pie-del-alcazar-y-catedral-con-guia-oficial\/"]}]},{"@type":"ImageObject","inLanguage":"es","@id":"https:\/\/tourtravelandmore.com\/es\/tours\/espana-es\/sevilla-es\/sevilla-tour-tour-privado-a-pie-del-alcazar-y-catedral-con-guia-oficial\/#primaryimage","url":"https:\/\/tourtravelandmore.com\/wp-content\/uploads\/2016\/03\/Spain-Alcazar-Seville-UNESCO.jpg","contentUrl":"https:\/\/tourtravelandmore.com\/wp-content\/uploads\/2016\/03\/Spain-Alcazar-Seville-UNESCO.jpg","width":1200,"height":900},{"@type":"BreadcrumbList","@id":"https:\/\/tourtravelandmore.com\/es\/tours\/espana-es\/sevilla-es\/sevilla-tour-tour-privado-a-pie-del-alcazar-y-catedral-con-guia-oficial\/#breadcrumb","itemListElement":[{"@type":"ListItem","position":1,"name":"Home","item":"https:\/\/tourtravelandmore.com\/es\/"},{"@type":"ListItem","position":2,"name":"Tours","item":"https:\/\/tourtravelandmore.com\/es\/tours\/"},{"@type":"ListItem","position":3,"name":"Tour Privado a pie del Alc\u00e1zar y la Catedral de Sevilla"}]},{"@type":"WebSite","@id":"https:\/\/tourtravelandmore.com\/es\/#website","url":"https:\/\/tourtravelandmore.com\/es\/","name":"Tour Travel And More","description":"Private sightseeing tours and luxury transfers in Spain","publisher":{"@id":"https:\/\/tourtravelandmore.com\/es\/#organization"},"potentialAction":[{"@type":"SearchAction","target":{"@type":"EntryPoint","urlTemplate":"https:\/\/tourtravelandmore.com\/es\/?s={search_term_string}"},"query-input":{"@type":"PropertyValueSpecification","valueRequired":true,"valueName":"search_term_string"}}],"inLanguage":"es"},{"@type":"Organization","@id":"https:\/\/tourtravelandmore.com\/es\/#organization","name":"Tour Travel And More","url":"https:\/\/tourtravelandmore.com\/es\/","logo":{"@type":"ImageObject","inLanguage":"es","@id":"https:\/\/tourtravelandmore.com\/es\/#\/schema\/logo\/image\/","url":"https:\/\/tourtravelandmore.com\/wp-content\/uploads\/2022\/12\/cropped-logo-cabecera-new.png","contentUrl":"https:\/\/tourtravelandmore.com\/wp-content\/uploads\/2022\/12\/cropped-logo-cabecera-new.png","width":430,"height":61,"caption":"Tour Travel And More"},"image":{"@id":"https:\/\/tourtravelandmore.com\/es\/#\/schema\/logo\/image\/"},"sameAs":["https:\/\/www.facebook.com\/tourtravelandmore\/","https:\/\/x.com\/TourTravel_More"]}]}},"_links":{"self":[{"href":"https:\/\/tourtravelandmore.com\/es\/wp-json\/wp\/v2\/product\/789","targetHints":{"allow":["GET"]}}],"collection":[{"href":"https:\/\/tourtravelandmore.com\/es\/wp-json\/wp\/v2\/product"}],"about":[{"href":"https:\/\/tourtravelandmore.com\/es\/wp-json\/wp\/v2\/types\/product"}],"replies":[{"embeddable":true,"href":"https:\/\/tourtravelandmore.com\/es\/wp-json\/wp\/v2\/comments?post=789"}],"wp:featuredmedia":[{"embeddable":true,"href":"https:\/\/tourtravelandmore.com\/es\/wp-json\/wp\/v2\/media\/16028"}],"wp:attachment":[{"href":"https:\/\/tourtravelandmore.com\/es\/wp-json\/wp\/v2\/media?parent=789"}],"wp:term":[{"taxonomy":"product_brand","embeddable":true,"href":"https:\/\/tourtravelandmore.com\/es\/wp-json\/wp\/v2\/product_brand?post=789"},{"taxonomy":"product_cat","embeddable":true,"href":"https:\/\/tourtravelandmore.com\/es\/wp-json\/wp\/v2\/product_cat?post=789"},{"taxonomy":"product_tag","embeddable":true,"href":"https:\/\/tourtravelandmore.com\/es\/wp-json\/wp\/v2\/product_tag?post=789"}],"curies":[{"name":"wp","href":"https:\/\/api.w.org\/{rel}","templated":true}]}}