{"id":78840,"date":"2020-03-19T16:40:20","date_gmt":"2020-03-19T15:40:21","guid":{"rendered":"https:\/\/tourtravelandmore.com\/?post_type=product&#038;p=78840"},"modified":"2025-02-27T15:56:54","modified_gmt":"2025-02-27T14:56:54","slug":"tour-privado-a-muir-woods-desde-san-francisco","status":"publish","type":"product","link":"https:\/\/tourtravelandmore.com\/es\/tours\/eeuu-es\/san-francisco-es\/san-francisco-actividades-es\/tour-privado-a-muir-woods-desde-san-francisco\/","title":{"rendered":"Tour Privado a Muir Woods y Sausalito"},"content":{"rendered":"<h2>Descripci\u00f3n del Tour Privado a Muir Woods y Sausalito<\/h2>\n<p><span style=\"font-weight: 400;\">Perm\u00edtanos llevarles en esta gran aventura para visitar el <\/span><b>Parque Nacional Muir Woods<\/b><span style=\"font-weight: 400;\"> y la hermosa ciudad de <\/span><b>Sausalito<\/b><span style=\"font-weight: 400;\">. Descubra California junto a un gu\u00eda local experto. Disfrute nuestro tour privado a Muir Woods desde San Francisco.<\/span><\/p>\n<p><span style=\"font-weight: 400;\">Para dar comienzo a su tour su chofer\/gu\u00eda le recoger\u00e1 en su hotel o sitio deseado en la ciudad. A continuaci\u00f3n ir\u00e1n hacia Muir Woord. El parque nacional se encuentra a unos 45 minutos del centro de la ciudad, <\/span><span style=\"font-weight: 400;\">cerca de la <\/span><b>costa del Pac\u00edfico<\/b><span style=\"font-weight: 400;\"> en el<\/span><b> monte Tamalpais<\/b><span style=\"font-weight: 400;\">.<\/span><\/p>\n<p><span style=\"font-weight: 400;\">Despu\u00e9s de su visita al Parque Nacional visitar\u00e1n la maravillosa ciudad costera <\/span><b>Sausalito<\/b><span style=\"font-weight: 400;\">. All\u00ed podr\u00e1 disfrutar de su maravillosa oferta gastron\u00f3mica, cultural y arquitectonica.<\/span><\/p>\n<h2>Puntos de inter\u00e9s en Muir Woods &amp; Sausalito<\/h2>\n<p><span style=\"font-weight: 400;\">Dependiendo de d\u00f3nde est\u00e9 el lugar de recogida, organizaremos un breve recorrido por el paisaje y echaremos un vistazo al <\/span><b>Puente Golden Gate<\/b><span style=\"font-weight: 400;\">, el <\/span><b>Muelle de los Pescadores<\/b><span style=\"font-weight: 400;\">, la <\/span><b>Plaza Washington <\/b><span style=\"font-weight: 400;\">y \u00a1muchos m\u00e1s!<\/span><\/p>\n<p><span style=\"font-weight: 400;\">Su primer parada ser\u00e1 el exclusivo <\/span><a href=\"https:\/\/www.nps.gov\/muwo\/index.htm\"><b>Parque Nacional de Muir Woods<\/b><\/a><span style=\"font-weight: 400;\">. Una vez all\u00ed nos dirigiremos al centro de visitantes y entraremos en el hermoso parque. Incluiremos las entradas del parque en su presupuesto para tener una experiencia libre de estr\u00e9s. Una vez dentro, su gu\u00eda privado le explicar\u00e1 todo lo que necesita saber sobre este sitio \u00fanico. Camina a trav\u00e9s de los \u00e1rboles \u00fanicos que tienen m\u00e1s de 1000 a\u00f1os y ll\u00e9vate recuerdos fotogr\u00e1ficos \u00fanicos a casa.<\/span><\/p>\n<p><span style=\"font-weight: 400;\">La pr\u00f3xima parada del tour privado a Muir Woods desde San Francisco ser\u00e1 en el hermoso pueblo de <\/span><b>Sausalito<\/b><span style=\"font-weight: 400;\">. Este pueblo costero est\u00e1 ubicado en el condado de Marin, a solo 7 km de San Francisco.<\/span><\/p>\n<p><span style=\"font-weight: 400;\">Este maravilloso pueblo con vistas al mar combina ubicaciones c\u00e9ntricas con paisajes de laderas y costas.<\/span><span style=\"font-weight: 400;\"> El pueblo se desarroll\u00f3 r\u00e1pidamente gracias a su industria a principios del siglo XX. Es un buen destino tur\u00edstico donde tambi\u00e9n puedes encontrar las famosas <\/span><b>casas flotantes y una maravillosa oferta gastron\u00f3mica.\u00a0<\/b>Sausalito fue declarada como uno de los 3 pueblos costeros m\u00e1s felices de USA.<\/p>\n<p><span style=\"font-weight: 400;\">Al finalizar su visita a Sausalito su chofer\/gu\u00eda le llevar\u00e1 de regreso a San Francisco. Podemos organizar un recorrido m\u00e1s largo o m\u00e1s corto para satisfacer sus necesidades exactas y modificar el itinerario para una experiencia m\u00e1s personalizada.<\/span><\/p>\n","protected":false},"excerpt":{"rendered":"<p>Disfrute de este\u00a0<strong>tour privado\u00a0<\/strong>de <strong>d\u00eda completo al Parque Nacional <b>Muir Woods y Sausalito <\/b><\/strong>junto a su\u00a0<strong>ch\u00f3fer privado<\/strong>. Preparaos para explorar el maravilloso parque, donde se adentraran a la fant\u00e1stica naturaleza para luego visitar el magnifico pueblo de <strong>Sausalito<\/strong>.<\/p>\n","protected":false},"featured_media":78850,"comment_status":"open","ping_status":"closed","template":"","meta":{"_acf_changed":false},"product_brand":[],"product_cat":[1602,2149,2155,2663],"product_tag":[],"class_list":{"0":"post-78840","1":"product","2":"type-product","3":"status-publish","4":"has-post-thumbnail","6":"product_cat-eeuu-es","7":"product_cat-san-francisco-es","8":"product_cat-san-francisco-actividades-es","9":"product_cat-san-francisco-tours-es","11":"first","12":"instock","13":"shipping-taxable","14":"purchasable","15":"product-type-simple"},"acf":[],"yoast_head":"<!-- This site is optimized with the Yoast SEO Premium plugin v25.3.1 (Yoast SEO v25.3.1) - https:\/\/yoast.com\/wordpress\/plugins\/seo\/ -->\n<title>Tour Privado a Muir Woods desde San Francisco con chofer\/gu\u00eda<\/title>\n<meta name=\"description\" content=\"Reserve este tour privado a Muir Woods desde San Francisco. Vistar\u00e1 el hermoso pueblo costero de Sausalito y el Parque Nacional Muir Woods \u2705\" \/>\n<meta name=\"robots\" content=\"index, follow, max-snippet:-1, max-image-preview:large, max-video-preview:-1\" \/>\n<link rel=\"canonical\" href=\"https:\/\/tourtravelandmore.com\/es\/tours\/eeuu-es\/san-francisco-es\/san-francisco-actividades-es\/tour-privado-a-muir-woods-desde-san-francisco\/\" \/>\n<meta property=\"og:locale\" content=\"es_ES\" \/>\n<meta property=\"og:type\" content=\"article\" \/>\n<meta property=\"og:title\" content=\"Tour Privado a Muir Woods y Sausalito\" \/>\n<meta property=\"og:description\" content=\"Reserve este tour privado a Muir Woods desde San Francisco. Vistar\u00e1 el hermoso pueblo costero de Sausalito y el Parque Nacional Muir Woods \u2705\" \/>\n<meta property=\"og:url\" content=\"https:\/\/tourtravelandmore.com\/es\/tours\/eeuu-es\/san-francisco-es\/san-francisco-actividades-es\/tour-privado-a-muir-woods-desde-san-francisco\/\" \/>\n<meta property=\"og:site_name\" content=\"Tour Travel And More\" \/>\n<meta property=\"article:publisher\" content=\"https:\/\/www.facebook.com\/tourtravelandmore\/\" \/>\n<meta property=\"article:modified_time\" content=\"2025-02-27T14:56:54+00:00\" \/>\n<meta property=\"og:image\" content=\"https:\/\/tourtravelandmore.com\/wp-content\/uploads\/2020\/03\/wood-3.jpg\" \/>\n\t<meta property=\"og:image:width\" content=\"1024\" \/>\n\t<meta property=\"og:image:height\" content=\"683\" \/>\n\t<meta property=\"og:image:type\" content=\"image\/jpeg\" \/>\n<meta name=\"twitter:card\" content=\"summary_large_image\" \/>\n<meta name=\"twitter:site\" content=\"@TourTravel_More\" \/>\n<meta name=\"twitter:label1\" content=\"Tiempo de lectura\" \/>\n\t<meta name=\"twitter:data1\" content=\"2 minutos\" \/>\n<script type=\"application\/ld+json\" class=\"yoast-schema-graph\">{\"@context\":\"https:\/\/schema.org\",\"@graph\":[{\"@type\":\"WebPage\",\"@id\":\"https:\/\/tourtravelandmore.com\/es\/tours\/eeuu-es\/san-francisco-es\/san-francisco-actividades-es\/tour-privado-a-muir-woods-desde-san-francisco\/\",\"url\":\"https:\/\/tourtravelandmore.com\/es\/tours\/eeuu-es\/san-francisco-es\/san-francisco-actividades-es\/tour-privado-a-muir-woods-desde-san-francisco\/\",\"name\":\"Tour Privado a Muir Woods desde San Francisco con chofer\/gu\u00eda\",\"isPartOf\":{\"@id\":\"https:\/\/tourtravelandmore.com\/es\/#website\"},\"primaryImageOfPage\":{\"@id\":\"https:\/\/tourtravelandmore.com\/es\/tours\/eeuu-es\/san-francisco-es\/san-francisco-actividades-es\/tour-privado-a-muir-woods-desde-san-francisco\/#primaryimage\"},\"image\":{\"@id\":\"https:\/\/tourtravelandmore.com\/es\/tours\/eeuu-es\/san-francisco-es\/san-francisco-actividades-es\/tour-privado-a-muir-woods-desde-san-francisco\/#primaryimage\"},\"thumbnailUrl\":\"https:\/\/tourtravelandmore.com\/wp-content\/uploads\/2020\/03\/wood-3.jpg\",\"datePublished\":\"2020-03-19T15:40:21+00:00\",\"dateModified\":\"2025-02-27T14:56:54+00:00\",\"description\":\"Reserve este tour privado a Muir Woods desde San Francisco. Vistar\u00e1 el hermoso pueblo costero de Sausalito y el Parque Nacional Muir Woods \u2705\",\"breadcrumb\":{\"@id\":\"https:\/\/tourtravelandmore.com\/es\/tours\/eeuu-es\/san-francisco-es\/san-francisco-actividades-es\/tour-privado-a-muir-woods-desde-san-francisco\/#breadcrumb\"},\"inLanguage\":\"es\",\"potentialAction\":[{\"@type\":\"ReadAction\",\"target\":[\"https:\/\/tourtravelandmore.com\/es\/tours\/eeuu-es\/san-francisco-es\/san-francisco-actividades-es\/tour-privado-a-muir-woods-desde-san-francisco\/\"]}]},{\"@type\":\"ImageObject\",\"inLanguage\":\"es\",\"@id\":\"https:\/\/tourtravelandmore.com\/es\/tours\/eeuu-es\/san-francisco-es\/san-francisco-actividades-es\/tour-privado-a-muir-woods-desde-san-francisco\/#primaryimage\",\"url\":\"https:\/\/tourtravelandmore.com\/wp-content\/uploads\/2020\/03\/wood-3.jpg\",\"contentUrl\":\"https:\/\/tourtravelandmore.com\/wp-content\/uploads\/2020\/03\/wood-3.jpg\",\"width\":1024,\"height\":683},{\"@type\":\"BreadcrumbList\",\"@id\":\"https:\/\/tourtravelandmore.com\/es\/tours\/eeuu-es\/san-francisco-es\/san-francisco-actividades-es\/tour-privado-a-muir-woods-desde-san-francisco\/#breadcrumb\",\"itemListElement\":[{\"@type\":\"ListItem\",\"position\":1,\"name\":\"Home\",\"item\":\"https:\/\/tourtravelandmore.com\/es\/\"},{\"@type\":\"ListItem\",\"position\":2,\"name\":\"Tours\",\"item\":\"https:\/\/tourtravelandmore.com\/es\/tours\/\"},{\"@type\":\"ListItem\",\"position\":3,\"name\":\"Tour Privado a Muir Woods y Sausalito\"}]},{\"@type\":\"WebSite\",\"@id\":\"https:\/\/tourtravelandmore.com\/es\/#website\",\"url\":\"https:\/\/tourtravelandmore.com\/es\/\",\"name\":\"Tour Travel And More\",\"description\":\"Private sightseeing tours and luxury transfers in Spain\",\"publisher\":{\"@id\":\"https:\/\/tourtravelandmore.com\/es\/#organization\"},\"potentialAction\":[{\"@type\":\"SearchAction\",\"target\":{\"@type\":\"EntryPoint\",\"urlTemplate\":\"https:\/\/tourtravelandmore.com\/es\/?s={search_term_string}\"},\"query-input\":{\"@type\":\"PropertyValueSpecification\",\"valueRequired\":true,\"valueName\":\"search_term_string\"}}],\"inLanguage\":\"es\"},{\"@type\":\"Organization\",\"@id\":\"https:\/\/tourtravelandmore.com\/es\/#organization\",\"name\":\"Tour Travel And More\",\"url\":\"https:\/\/tourtravelandmore.com\/es\/\",\"logo\":{\"@type\":\"ImageObject\",\"inLanguage\":\"es\",\"@id\":\"https:\/\/tourtravelandmore.com\/es\/#\/schema\/logo\/image\/\",\"url\":\"https:\/\/tourtravelandmore.com\/wp-content\/uploads\/2022\/12\/cropped-logo-cabecera-new.png\",\"contentUrl\":\"https:\/\/tourtravelandmore.com\/wp-content\/uploads\/2022\/12\/cropped-logo-cabecera-new.png\",\"width\":430,\"height\":61,\"caption\":\"Tour Travel And More\"},\"image\":{\"@id\":\"https:\/\/tourtravelandmore.com\/es\/#\/schema\/logo\/image\/\"},\"sameAs\":[\"https:\/\/www.facebook.com\/tourtravelandmore\/\",\"https:\/\/x.com\/TourTravel_More\"]}]}<\/script>\n<!-- \/ Yoast SEO Premium plugin. -->","yoast_head_json":{"title":"Tour Privado a Muir Woods desde San Francisco con chofer\/gu\u00eda","description":"Reserve este tour privado a Muir Woods desde San Francisco. Vistar\u00e1 el hermoso pueblo costero de Sausalito y el Parque Nacional Muir Woods \u2705","robots":{"index":"index","follow":"follow","max-snippet":"max-snippet:-1","max-image-preview":"max-image-preview:large","max-video-preview":"max-video-preview:-1"},"canonical":"https:\/\/tourtravelandmore.com\/es\/tours\/eeuu-es\/san-francisco-es\/san-francisco-actividades-es\/tour-privado-a-muir-woods-desde-san-francisco\/","og_locale":"es_ES","og_type":"article","og_title":"Tour Privado a Muir Woods y Sausalito","og_description":"Reserve este tour privado a Muir Woods desde San Francisco. Vistar\u00e1 el hermoso pueblo costero de Sausalito y el Parque Nacional Muir Woods \u2705","og_url":"https:\/\/tourtravelandmore.com\/es\/tours\/eeuu-es\/san-francisco-es\/san-francisco-actividades-es\/tour-privado-a-muir-woods-desde-san-francisco\/","og_site_name":"Tour Travel And More","article_publisher":"https:\/\/www.facebook.com\/tourtravelandmore\/","article_modified_time":"2025-02-27T14:56:54+00:00","og_image":[{"width":1024,"height":683,"url":"https:\/\/tourtravelandmore.com\/wp-content\/uploads\/2020\/03\/wood-3.jpg","type":"image\/jpeg"}],"twitter_card":"summary_large_image","twitter_site":"@TourTravel_More","twitter_misc":{"Tiempo de lectura":"2 minutos"},"schema":{"@context":"https:\/\/schema.org","@graph":[{"@type":"WebPage","@id":"https:\/\/tourtravelandmore.com\/es\/tours\/eeuu-es\/san-francisco-es\/san-francisco-actividades-es\/tour-privado-a-muir-woods-desde-san-francisco\/","url":"https:\/\/tourtravelandmore.com\/es\/tours\/eeuu-es\/san-francisco-es\/san-francisco-actividades-es\/tour-privado-a-muir-woods-desde-san-francisco\/","name":"Tour Privado a Muir Woods desde San Francisco con chofer\/gu\u00eda","isPartOf":{"@id":"https:\/\/tourtravelandmore.com\/es\/#website"},"primaryImageOfPage":{"@id":"https:\/\/tourtravelandmore.com\/es\/tours\/eeuu-es\/san-francisco-es\/san-francisco-actividades-es\/tour-privado-a-muir-woods-desde-san-francisco\/#primaryimage"},"image":{"@id":"https:\/\/tourtravelandmore.com\/es\/tours\/eeuu-es\/san-francisco-es\/san-francisco-actividades-es\/tour-privado-a-muir-woods-desde-san-francisco\/#primaryimage"},"thumbnailUrl":"https:\/\/tourtravelandmore.com\/wp-content\/uploads\/2020\/03\/wood-3.jpg","datePublished":"2020-03-19T15:40:21+00:00","dateModified":"2025-02-27T14:56:54+00:00","description":"Reserve este tour privado a Muir Woods desde San Francisco. Vistar\u00e1 el hermoso pueblo costero de Sausalito y el Parque Nacional Muir Woods \u2705","breadcrumb":{"@id":"https:\/\/tourtravelandmore.com\/es\/tours\/eeuu-es\/san-francisco-es\/san-francisco-actividades-es\/tour-privado-a-muir-woods-desde-san-francisco\/#breadcrumb"},"inLanguage":"es","potentialAction":[{"@type":"ReadAction","target":["https:\/\/tourtravelandmore.com\/es\/tours\/eeuu-es\/san-francisco-es\/san-francisco-actividades-es\/tour-privado-a-muir-woods-desde-san-francisco\/"]}]},{"@type":"ImageObject","inLanguage":"es","@id":"https:\/\/tourtravelandmore.com\/es\/tours\/eeuu-es\/san-francisco-es\/san-francisco-actividades-es\/tour-privado-a-muir-woods-desde-san-francisco\/#primaryimage","url":"https:\/\/tourtravelandmore.com\/wp-content\/uploads\/2020\/03\/wood-3.jpg","contentUrl":"https:\/\/tourtravelandmore.com\/wp-content\/uploads\/2020\/03\/wood-3.jpg","width":1024,"height":683},{"@type":"BreadcrumbList","@id":"https:\/\/tourtravelandmore.com\/es\/tours\/eeuu-es\/san-francisco-es\/san-francisco-actividades-es\/tour-privado-a-muir-woods-desde-san-francisco\/#breadcrumb","itemListElement":[{"@type":"ListItem","position":1,"name":"Home","item":"https:\/\/tourtravelandmore.com\/es\/"},{"@type":"ListItem","position":2,"name":"Tours","item":"https:\/\/tourtravelandmore.com\/es\/tours\/"},{"@type":"ListItem","position":3,"name":"Tour Privado a Muir Woods y Sausalito"}]},{"@type":"WebSite","@id":"https:\/\/tourtravelandmore.com\/es\/#website","url":"https:\/\/tourtravelandmore.com\/es\/","name":"Tour Travel And More","description":"Private sightseeing tours and luxury transfers in Spain","publisher":{"@id":"https:\/\/tourtravelandmore.com\/es\/#organization"},"potentialAction":[{"@type":"SearchAction","target":{"@type":"EntryPoint","urlTemplate":"https:\/\/tourtravelandmore.com\/es\/?s={search_term_string}"},"query-input":{"@type":"PropertyValueSpecification","valueRequired":true,"valueName":"search_term_string"}}],"inLanguage":"es"},{"@type":"Organization","@id":"https:\/\/tourtravelandmore.com\/es\/#organization","name":"Tour Travel And More","url":"https:\/\/tourtravelandmore.com\/es\/","logo":{"@type":"ImageObject","inLanguage":"es","@id":"https:\/\/tourtravelandmore.com\/es\/#\/schema\/logo\/image\/","url":"https:\/\/tourtravelandmore.com\/wp-content\/uploads\/2022\/12\/cropped-logo-cabecera-new.png","contentUrl":"https:\/\/tourtravelandmore.com\/wp-content\/uploads\/2022\/12\/cropped-logo-cabecera-new.png","width":430,"height":61,"caption":"Tour Travel And More"},"image":{"@id":"https:\/\/tourtravelandmore.com\/es\/#\/schema\/logo\/image\/"},"sameAs":["https:\/\/www.facebook.com\/tourtravelandmore\/","https:\/\/x.com\/TourTravel_More"]}]}},"_links":{"self":[{"href":"https:\/\/tourtravelandmore.com\/es\/wp-json\/wp\/v2\/product\/78840","targetHints":{"allow":["GET"]}}],"collection":[{"href":"https:\/\/tourtravelandmore.com\/es\/wp-json\/wp\/v2\/product"}],"about":[{"href":"https:\/\/tourtravelandmore.com\/es\/wp-json\/wp\/v2\/types\/product"}],"replies":[{"embeddable":true,"href":"https:\/\/tourtravelandmore.com\/es\/wp-json\/wp\/v2\/comments?post=78840"}],"wp:featuredmedia":[{"embeddable":true,"href":"https:\/\/tourtravelandmore.com\/es\/wp-json\/wp\/v2\/media\/78850"}],"wp:attachment":[{"href":"https:\/\/tourtravelandmore.com\/es\/wp-json\/wp\/v2\/media?parent=78840"}],"wp:term":[{"taxonomy":"product_brand","embeddable":true,"href":"https:\/\/tourtravelandmore.com\/es\/wp-json\/wp\/v2\/product_brand?post=78840"},{"taxonomy":"product_cat","embeddable":true,"href":"https:\/\/tourtravelandmore.com\/es\/wp-json\/wp\/v2\/product_cat?post=78840"},{"taxonomy":"product_tag","embeddable":true,"href":"https:\/\/tourtravelandmore.com\/es\/wp-json\/wp\/v2\/product_tag?post=78840"}],"curies":[{"name":"wp","href":"https:\/\/api.w.org\/{rel}","templated":true}]}}