{"id":78811,"date":"2020-03-19T15:34:42","date_gmt":"2020-03-19T14:34:43","guid":{"rendered":"https:\/\/tourtravelandmore.com\/?post_type=product&#038;p=78811"},"modified":"2022-12-27T17:49:40","modified_gmt":"2022-12-27T16:49:40","slug":"tour-luxemburgo-y-dinant-con-guia-oficial-y-vehiculo-privado","status":"publish","type":"product","link":"https:\/\/tourtravelandmore.com\/es\/tours\/luxemburgo\/luxemburgo-es-luxemburgo\/tour-luxemburgo-y-dinant-con-guia-oficial-y-vehiculo-privado\/","title":{"rendered":"Tour Privado Luxemburgo y Dinant desde Bruselas"},"content":{"rendered":"<h2><strong>Descripci\u00f3n del Tour Privado Luxemburgo y Dinant desde Bruselas<\/strong><\/h2>\n<p><span style=\"font-weight: 400;\">Disfruta de este tour<\/span> Luxemburgo y Dinant desde Bruselas con gu\u00eda y veh\u00edculo privado.<\/p>\n<p>La duraci\u00f3n de este tour Luxemburgo y Dinant desde Bruselas es de 10 Horas. Al ser un tour privado pueden escoger la hora y lugar de comienzo.<\/p>\n<p>A la hora escogida nuestro conductor le recoger\u00e1 desde su Hotel y nos dirigiremos hacia Luxemburgo y Dinant, d\u00f3nde nos esperar\u00e1 nuestro gu\u00eda oficial para conocer la ciudad.<\/p>\n<h2><strong>Puntos de inter\u00e9s en el Tour Privado Luxemburgo y Dinant desde Bruselas<\/strong><\/h2>\n<p><span style=\"font-weight: 400;\">Una vez que se encuentre en Luxemburgo, su <\/span><b>gu\u00eda privado<\/b><span style=\"font-weight: 400;\"> le recomendar\u00e1 un itinerario, pero en todo momento usted podr\u00e1 modificarlo o dise\u00f1arlo de acuerdo a sus intereses.<\/span><\/p>\n<p><span style=\"font-weight: 400;\">La primera parada es\u00a0 <\/span><b>Esch-Sur-S\u00fbre<\/b><span style=\"font-weight: 400;\">, una verdadera joya natural de Luxemburgo y sin dudas, el rinc\u00f3n m\u00e1s popular de la naturaleza en la ciudad. Est\u00e1 ubicado en las alturas al norte del Gran Ducado y rodeado de valles verdes. Luego dar\u00e1 un paseo por <\/span><b>El Grund<\/b><span style=\"font-weight: 400;\">, uno de los distritos m\u00e1s bonitos, ex\u00f3ticos y relajantes de Luxemburgo con decoraciones naturales y urbanas.<\/span><\/p>\n<p><span style=\"font-weight: 400;\">Podr\u00e1 pasear por las orillas del <\/span><b>r\u00edo<\/b> <b>Mosela<\/b><span style=\"font-weight: 400;\">, un ambiente tan acogedor como ex\u00f3tico. Otra parada ineludible es <\/span><b>la Peque\u00f1a Luxemburgo suiza<\/b><span style=\"font-weight: 400;\">, tambi\u00e9n llamada <\/span><b>M\u00fcllerthal<\/b><span style=\"font-weight: 400;\">, una verdadera joya natural del Gran Ducado con un bello entorno y valles verdes y el lugar de encuentro ideal para los amantes de los paseos a pie o en bicicleta.<\/span><\/p>\n<p><span style=\"font-weight: 400;\">Parte del tiempo lo aprovechar\u00e1 para ver <\/span><b>Las casamatas Bock y P\u00e9trusse<\/b><span style=\"font-weight: 400;\">, galer\u00edas subterr\u00e1neas de 23 km de largo que cruzan toda la antigua fortaleza de Luxemburgo. Luego visitar\u00e1 el <\/span><b>Mudam<\/b><span style=\"font-weight: 400;\">, un museo que exhibe una incre\u00edble colecci\u00f3n de obras de arte moderno en Luxemburgo en un \u00e1rea de 3 pisos.<\/span><\/p>\n<p><span style=\"font-weight: 400;\">M\u00e1s adelante, en la meseta de Kirchberg, podr\u00e1 visitar el <\/span><b>parque Dr\u00e4i Eechelen<\/b><span style=\"font-weight: 400;\">, frente al Fuerte Thungen. Si viaja con hijos, otra parada obligada es el maravilloso <\/span><b>parque de Bettembourg<\/b><span style=\"font-weight: 400;\">. All\u00ed su gu\u00eda lo podr\u00e1 dejar para que pasee libremente y consuma gran parte del tiempo antes de pasar por Dinant, de regreso a Bruselas. Aproveche de apreciar un entorno natural rodeado de animales y actividades para ni\u00f1os en circuitos de aventura y parques infantiles. Podr\u00e1 ver desde monos, murci\u00e9lagos, p\u00e1jaros, roedores, reptiles, y muchos m\u00e1s.\u00a0<\/span><\/p>\n<p><span style=\"font-weight: 400;\">De regreso a Bruselas, su <\/span><b>chofer privado<\/b><span style=\"font-weight: 400;\"> har\u00e1 una parada en la <\/span><b>ciudad de Dinant<\/b><span style=\"font-weight: 400;\">, una de las ciudades m\u00e1s bellas de Valonia y B\u00e9lgica. A su llegada, podr\u00e1 ver que esta ciudad se extiende entre un acantilado y el r\u00edo Mosa con un encanto innegable.<\/span><\/p>\n<p><span style=\"font-weight: 400;\">Visite la <\/span><b>Colegiata de Notre-Dame de Dinant<\/b><span style=\"font-weight: 400;\">, una ciudadela que data de 1501 y el acantilado justo detr\u00e1s, desde donde tendr\u00e1 una vista espl\u00e9ndida sobre el valle.<\/span><\/p>\n<p><span style=\"font-weight: 400;\">Entre al <\/span><b>sal\u00f3n de t\u00e9 Solbrun<\/b><span style=\"font-weight: 400;\"> cerca de la iglesia, un sal\u00f3n de t\u00e9 y creper\u00eda muy agradable, con una magn\u00edfica vista del puente y del Mosa. Conozca tambi\u00e9n <\/span><b>La Merveilleuse<\/b><span style=\"font-weight: 400;\">, una cueva descubierta en 1904 y <\/span><b>la Maison de Monsieur Sax<\/b><span style=\"font-weight: 400;\">, donde naci\u00f3 el inventor del saxof\u00f3n, Alphonse Sax; y por \u00faltimo la <\/span><b>abad\u00eda de Notre-Dame Leffe<\/b><span style=\"font-weight: 400;\">, una de las abad\u00edas m\u00e1s antiguas de B\u00e9lgica que data de 1200.<\/span><\/p>\n<p>Si dispone de m\u00e1s d\u00edas en Bruselas, puedes consultar <a href=\"https:\/\/tourtravelandmore.com\/es\/ciudad\/belgica-es\/bruselas-es\/\"><strong>aqu\u00ed<\/strong><\/a> el resto de los tours privados que ofrecemos en la ciudad.<\/p>\n","protected":false},"excerpt":{"rendered":"<p>Disfrute de este<strong> tour privado de 10 horas completamente personalizado por Luxemburgo y Dinant desde Bruselas<\/strong>. Aproveche esta oportunidad para descubrir estas maravillosas ciudades con su propio conductor privado y gu\u00eda tur\u00edstico oficial.No se pierda monumentos, lugares de inter\u00e9s, las numerosas iglesias, sus museos como <strong>Esch-Sur-S\u00fbre<\/strong>, <strong>Grund<\/strong>, <strong>Moselle<\/strong>, <strong>Little Swiss Luxembourg<\/strong> y mucho m\u00e1s!.<\/p>\n","protected":false},"featured_media":78831,"comment_status":"open","ping_status":"closed","template":"","meta":{"_acf_changed":false},"product_brand":[],"product_cat":[2133,1454,1459,1458],"product_tag":[],"class_list":{"0":"post-78811","1":"product","2":"type-product","3":"status-publish","4":"has-post-thumbnail","6":"product_cat-luxemburgo-es-luxemburgo","7":"product_cat-bruselas-es","8":"product_cat-bruselas-actividades-es","9":"product_cat-bruselas-rutas-turisticas-privadas-es","11":"first","12":"instock","13":"shipping-taxable","14":"purchasable","15":"product-type-simple"},"acf":[],"yoast_head":"<!-- This site is optimized with the Yoast SEO Premium plugin v25.3.1 (Yoast SEO v25.3.1) - https:\/\/yoast.com\/wordpress\/plugins\/seo\/ -->\n<title>Tour Luxemburgo y Dinant con guia oficial y vehiculo privado | TTM<\/title>\n<meta name=\"description\" content=\"Tour privado de Luxemburgo y Dinant. Conozca los lugares mas bonitos y emblem\u00e1ticos de estas maravillosas ciudades junto a su chofer privado\" \/>\n<meta name=\"robots\" content=\"index, follow, max-snippet:-1, max-image-preview:large, max-video-preview:-1\" \/>\n<link rel=\"canonical\" href=\"https:\/\/tourtravelandmore.com\/es\/tours\/luxemburgo\/luxemburgo-es-luxemburgo\/tour-luxemburgo-y-dinant-con-guia-oficial-y-vehiculo-privado\/\" \/>\n<meta property=\"og:locale\" content=\"es_ES\" \/>\n<meta property=\"og:type\" content=\"article\" \/>\n<meta property=\"og:title\" content=\"Tour Privado Luxemburgo y Dinant desde Bruselas\" \/>\n<meta property=\"og:description\" content=\"Tour privado de Luxemburgo y Dinant. Conozca los lugares mas bonitos y emblem\u00e1ticos de estas maravillosas ciudades junto a su chofer privado\" \/>\n<meta property=\"og:url\" content=\"https:\/\/tourtravelandmore.com\/es\/tours\/luxemburgo\/luxemburgo-es-luxemburgo\/tour-luxemburgo-y-dinant-con-guia-oficial-y-vehiculo-privado\/\" \/>\n<meta property=\"og:site_name\" content=\"Tour Travel And More\" \/>\n<meta property=\"article:publisher\" content=\"https:\/\/www.facebook.com\/tourtravelandmore\/\" \/>\n<meta property=\"article:modified_time\" content=\"2022-12-27T16:49:40+00:00\" \/>\n<meta property=\"og:image\" content=\"https:\/\/tourtravelandmore.com\/wp-content\/uploads\/2020\/03\/dinant-2.jpg\" \/>\n\t<meta property=\"og:image:width\" content=\"2560\" \/>\n\t<meta property=\"og:image:height\" content=\"1707\" \/>\n\t<meta property=\"og:image:type\" content=\"image\/jpeg\" \/>\n<meta name=\"twitter:card\" content=\"summary_large_image\" \/>\n<meta name=\"twitter:site\" content=\"@TourTravel_More\" \/>\n<meta name=\"twitter:label1\" content=\"Tiempo de lectura\" \/>\n\t<meta name=\"twitter:data1\" content=\"3 minutos\" \/>\n<script type=\"application\/ld+json\" class=\"yoast-schema-graph\">{\"@context\":\"https:\/\/schema.org\",\"@graph\":[{\"@type\":\"WebPage\",\"@id\":\"https:\/\/tourtravelandmore.com\/es\/tours\/luxemburgo\/luxemburgo-es-luxemburgo\/tour-luxemburgo-y-dinant-con-guia-oficial-y-vehiculo-privado\/\",\"url\":\"https:\/\/tourtravelandmore.com\/es\/tours\/luxemburgo\/luxemburgo-es-luxemburgo\/tour-luxemburgo-y-dinant-con-guia-oficial-y-vehiculo-privado\/\",\"name\":\"Tour Luxemburgo y Dinant con guia oficial y vehiculo privado | TTM\",\"isPartOf\":{\"@id\":\"https:\/\/tourtravelandmore.com\/es\/#website\"},\"primaryImageOfPage\":{\"@id\":\"https:\/\/tourtravelandmore.com\/es\/tours\/luxemburgo\/luxemburgo-es-luxemburgo\/tour-luxemburgo-y-dinant-con-guia-oficial-y-vehiculo-privado\/#primaryimage\"},\"image\":{\"@id\":\"https:\/\/tourtravelandmore.com\/es\/tours\/luxemburgo\/luxemburgo-es-luxemburgo\/tour-luxemburgo-y-dinant-con-guia-oficial-y-vehiculo-privado\/#primaryimage\"},\"thumbnailUrl\":\"https:\/\/tourtravelandmore.com\/wp-content\/uploads\/2020\/03\/dinant-2.jpg\",\"datePublished\":\"2020-03-19T14:34:43+00:00\",\"dateModified\":\"2022-12-27T16:49:40+00:00\",\"description\":\"Tour privado de Luxemburgo y Dinant. Conozca los lugares mas bonitos y emblem\u00e1ticos de estas maravillosas ciudades junto a su chofer privado\",\"breadcrumb\":{\"@id\":\"https:\/\/tourtravelandmore.com\/es\/tours\/luxemburgo\/luxemburgo-es-luxemburgo\/tour-luxemburgo-y-dinant-con-guia-oficial-y-vehiculo-privado\/#breadcrumb\"},\"inLanguage\":\"es\",\"potentialAction\":[{\"@type\":\"ReadAction\",\"target\":[\"https:\/\/tourtravelandmore.com\/es\/tours\/luxemburgo\/luxemburgo-es-luxemburgo\/tour-luxemburgo-y-dinant-con-guia-oficial-y-vehiculo-privado\/\"]}]},{\"@type\":\"ImageObject\",\"inLanguage\":\"es\",\"@id\":\"https:\/\/tourtravelandmore.com\/es\/tours\/luxemburgo\/luxemburgo-es-luxemburgo\/tour-luxemburgo-y-dinant-con-guia-oficial-y-vehiculo-privado\/#primaryimage\",\"url\":\"https:\/\/tourtravelandmore.com\/wp-content\/uploads\/2020\/03\/dinant-2.jpg\",\"contentUrl\":\"https:\/\/tourtravelandmore.com\/wp-content\/uploads\/2020\/03\/dinant-2.jpg\",\"width\":2560,\"height\":1707,\"caption\":\"Processed with VSCO with c1 preset\"},{\"@type\":\"BreadcrumbList\",\"@id\":\"https:\/\/tourtravelandmore.com\/es\/tours\/luxemburgo\/luxemburgo-es-luxemburgo\/tour-luxemburgo-y-dinant-con-guia-oficial-y-vehiculo-privado\/#breadcrumb\",\"itemListElement\":[{\"@type\":\"ListItem\",\"position\":1,\"name\":\"Home\",\"item\":\"https:\/\/tourtravelandmore.com\/es\/\"},{\"@type\":\"ListItem\",\"position\":2,\"name\":\"Tours\",\"item\":\"https:\/\/tourtravelandmore.com\/es\/tours\/\"},{\"@type\":\"ListItem\",\"position\":3,\"name\":\"Tour Privado Luxemburgo y Dinant desde Bruselas\"}]},{\"@type\":\"WebSite\",\"@id\":\"https:\/\/tourtravelandmore.com\/es\/#website\",\"url\":\"https:\/\/tourtravelandmore.com\/es\/\",\"name\":\"Tour Travel And More\",\"description\":\"Private sightseeing tours and luxury transfers in Spain\",\"publisher\":{\"@id\":\"https:\/\/tourtravelandmore.com\/es\/#organization\"},\"potentialAction\":[{\"@type\":\"SearchAction\",\"target\":{\"@type\":\"EntryPoint\",\"urlTemplate\":\"https:\/\/tourtravelandmore.com\/es\/?s={search_term_string}\"},\"query-input\":{\"@type\":\"PropertyValueSpecification\",\"valueRequired\":true,\"valueName\":\"search_term_string\"}}],\"inLanguage\":\"es\"},{\"@type\":\"Organization\",\"@id\":\"https:\/\/tourtravelandmore.com\/es\/#organization\",\"name\":\"Tour Travel And More\",\"url\":\"https:\/\/tourtravelandmore.com\/es\/\",\"logo\":{\"@type\":\"ImageObject\",\"inLanguage\":\"es\",\"@id\":\"https:\/\/tourtravelandmore.com\/es\/#\/schema\/logo\/image\/\",\"url\":\"https:\/\/tourtravelandmore.com\/wp-content\/uploads\/2022\/12\/cropped-logo-cabecera-new.png\",\"contentUrl\":\"https:\/\/tourtravelandmore.com\/wp-content\/uploads\/2022\/12\/cropped-logo-cabecera-new.png\",\"width\":430,\"height\":61,\"caption\":\"Tour Travel And More\"},\"image\":{\"@id\":\"https:\/\/tourtravelandmore.com\/es\/#\/schema\/logo\/image\/\"},\"sameAs\":[\"https:\/\/www.facebook.com\/tourtravelandmore\/\",\"https:\/\/x.com\/TourTravel_More\"]}]}<\/script>\n<!-- \/ Yoast SEO Premium plugin. -->","yoast_head_json":{"title":"Tour Luxemburgo y Dinant con guia oficial y vehiculo privado | TTM","description":"Tour privado de Luxemburgo y Dinant. Conozca los lugares mas bonitos y emblem\u00e1ticos de estas maravillosas ciudades junto a su chofer privado","robots":{"index":"index","follow":"follow","max-snippet":"max-snippet:-1","max-image-preview":"max-image-preview:large","max-video-preview":"max-video-preview:-1"},"canonical":"https:\/\/tourtravelandmore.com\/es\/tours\/luxemburgo\/luxemburgo-es-luxemburgo\/tour-luxemburgo-y-dinant-con-guia-oficial-y-vehiculo-privado\/","og_locale":"es_ES","og_type":"article","og_title":"Tour Privado Luxemburgo y Dinant desde Bruselas","og_description":"Tour privado de Luxemburgo y Dinant. Conozca los lugares mas bonitos y emblem\u00e1ticos de estas maravillosas ciudades junto a su chofer privado","og_url":"https:\/\/tourtravelandmore.com\/es\/tours\/luxemburgo\/luxemburgo-es-luxemburgo\/tour-luxemburgo-y-dinant-con-guia-oficial-y-vehiculo-privado\/","og_site_name":"Tour Travel And More","article_publisher":"https:\/\/www.facebook.com\/tourtravelandmore\/","article_modified_time":"2022-12-27T16:49:40+00:00","og_image":[{"width":2560,"height":1707,"url":"https:\/\/tourtravelandmore.com\/wp-content\/uploads\/2020\/03\/dinant-2.jpg","type":"image\/jpeg"}],"twitter_card":"summary_large_image","twitter_site":"@TourTravel_More","twitter_misc":{"Tiempo de lectura":"3 minutos"},"schema":{"@context":"https:\/\/schema.org","@graph":[{"@type":"WebPage","@id":"https:\/\/tourtravelandmore.com\/es\/tours\/luxemburgo\/luxemburgo-es-luxemburgo\/tour-luxemburgo-y-dinant-con-guia-oficial-y-vehiculo-privado\/","url":"https:\/\/tourtravelandmore.com\/es\/tours\/luxemburgo\/luxemburgo-es-luxemburgo\/tour-luxemburgo-y-dinant-con-guia-oficial-y-vehiculo-privado\/","name":"Tour Luxemburgo y Dinant con guia oficial y vehiculo privado | TTM","isPartOf":{"@id":"https:\/\/tourtravelandmore.com\/es\/#website"},"primaryImageOfPage":{"@id":"https:\/\/tourtravelandmore.com\/es\/tours\/luxemburgo\/luxemburgo-es-luxemburgo\/tour-luxemburgo-y-dinant-con-guia-oficial-y-vehiculo-privado\/#primaryimage"},"image":{"@id":"https:\/\/tourtravelandmore.com\/es\/tours\/luxemburgo\/luxemburgo-es-luxemburgo\/tour-luxemburgo-y-dinant-con-guia-oficial-y-vehiculo-privado\/#primaryimage"},"thumbnailUrl":"https:\/\/tourtravelandmore.com\/wp-content\/uploads\/2020\/03\/dinant-2.jpg","datePublished":"2020-03-19T14:34:43+00:00","dateModified":"2022-12-27T16:49:40+00:00","description":"Tour privado de Luxemburgo y Dinant. Conozca los lugares mas bonitos y emblem\u00e1ticos de estas maravillosas ciudades junto a su chofer privado","breadcrumb":{"@id":"https:\/\/tourtravelandmore.com\/es\/tours\/luxemburgo\/luxemburgo-es-luxemburgo\/tour-luxemburgo-y-dinant-con-guia-oficial-y-vehiculo-privado\/#breadcrumb"},"inLanguage":"es","potentialAction":[{"@type":"ReadAction","target":["https:\/\/tourtravelandmore.com\/es\/tours\/luxemburgo\/luxemburgo-es-luxemburgo\/tour-luxemburgo-y-dinant-con-guia-oficial-y-vehiculo-privado\/"]}]},{"@type":"ImageObject","inLanguage":"es","@id":"https:\/\/tourtravelandmore.com\/es\/tours\/luxemburgo\/luxemburgo-es-luxemburgo\/tour-luxemburgo-y-dinant-con-guia-oficial-y-vehiculo-privado\/#primaryimage","url":"https:\/\/tourtravelandmore.com\/wp-content\/uploads\/2020\/03\/dinant-2.jpg","contentUrl":"https:\/\/tourtravelandmore.com\/wp-content\/uploads\/2020\/03\/dinant-2.jpg","width":2560,"height":1707,"caption":"Processed with VSCO with c1 preset"},{"@type":"BreadcrumbList","@id":"https:\/\/tourtravelandmore.com\/es\/tours\/luxemburgo\/luxemburgo-es-luxemburgo\/tour-luxemburgo-y-dinant-con-guia-oficial-y-vehiculo-privado\/#breadcrumb","itemListElement":[{"@type":"ListItem","position":1,"name":"Home","item":"https:\/\/tourtravelandmore.com\/es\/"},{"@type":"ListItem","position":2,"name":"Tours","item":"https:\/\/tourtravelandmore.com\/es\/tours\/"},{"@type":"ListItem","position":3,"name":"Tour Privado Luxemburgo y Dinant desde Bruselas"}]},{"@type":"WebSite","@id":"https:\/\/tourtravelandmore.com\/es\/#website","url":"https:\/\/tourtravelandmore.com\/es\/","name":"Tour Travel And More","description":"Private sightseeing tours and luxury transfers in Spain","publisher":{"@id":"https:\/\/tourtravelandmore.com\/es\/#organization"},"potentialAction":[{"@type":"SearchAction","target":{"@type":"EntryPoint","urlTemplate":"https:\/\/tourtravelandmore.com\/es\/?s={search_term_string}"},"query-input":{"@type":"PropertyValueSpecification","valueRequired":true,"valueName":"search_term_string"}}],"inLanguage":"es"},{"@type":"Organization","@id":"https:\/\/tourtravelandmore.com\/es\/#organization","name":"Tour Travel And More","url":"https:\/\/tourtravelandmore.com\/es\/","logo":{"@type":"ImageObject","inLanguage":"es","@id":"https:\/\/tourtravelandmore.com\/es\/#\/schema\/logo\/image\/","url":"https:\/\/tourtravelandmore.com\/wp-content\/uploads\/2022\/12\/cropped-logo-cabecera-new.png","contentUrl":"https:\/\/tourtravelandmore.com\/wp-content\/uploads\/2022\/12\/cropped-logo-cabecera-new.png","width":430,"height":61,"caption":"Tour Travel And More"},"image":{"@id":"https:\/\/tourtravelandmore.com\/es\/#\/schema\/logo\/image\/"},"sameAs":["https:\/\/www.facebook.com\/tourtravelandmore\/","https:\/\/x.com\/TourTravel_More"]}]}},"_links":{"self":[{"href":"https:\/\/tourtravelandmore.com\/es\/wp-json\/wp\/v2\/product\/78811","targetHints":{"allow":["GET"]}}],"collection":[{"href":"https:\/\/tourtravelandmore.com\/es\/wp-json\/wp\/v2\/product"}],"about":[{"href":"https:\/\/tourtravelandmore.com\/es\/wp-json\/wp\/v2\/types\/product"}],"replies":[{"embeddable":true,"href":"https:\/\/tourtravelandmore.com\/es\/wp-json\/wp\/v2\/comments?post=78811"}],"wp:featuredmedia":[{"embeddable":true,"href":"https:\/\/tourtravelandmore.com\/es\/wp-json\/wp\/v2\/media\/78831"}],"wp:attachment":[{"href":"https:\/\/tourtravelandmore.com\/es\/wp-json\/wp\/v2\/media?parent=78811"}],"wp:term":[{"taxonomy":"product_brand","embeddable":true,"href":"https:\/\/tourtravelandmore.com\/es\/wp-json\/wp\/v2\/product_brand?post=78811"},{"taxonomy":"product_cat","embeddable":true,"href":"https:\/\/tourtravelandmore.com\/es\/wp-json\/wp\/v2\/product_cat?post=78811"},{"taxonomy":"product_tag","embeddable":true,"href":"https:\/\/tourtravelandmore.com\/es\/wp-json\/wp\/v2\/product_tag?post=78811"}],"curies":[{"name":"wp","href":"https:\/\/api.w.org\/{rel}","templated":true}]}}