{"id":78784,"date":"2020-03-19T15:13:53","date_gmt":"2020-03-19T14:13:54","guid":{"rendered":"https:\/\/tourtravelandmore.com\/?post_type=product&#038;p=78784"},"modified":"2023-10-27T12:30:07","modified_gmt":"2023-10-27T10:30:07","slug":"tour-privado-brujas-desde-bruselas-con-guia-y-vehiculo","status":"publish","type":"product","link":"https:\/\/tourtravelandmore.com\/es\/tours\/belgica-es\/bruselas-es\/tour-privado-brujas-desde-bruselas-con-guia-y-vehiculo\/","title":{"rendered":"Tour Privado a Brujas desde Bruselas"},"content":{"rendered":"<h2>Descripci\u00f3n del Tour Privado a Brujas desde Bruselas<\/h2>\n<p><span style=\"font-weight: 400;\">Tour Travel &amp; More le ofrece la mejor forma de conocer Brujas, la ciudad m\u00e1s bella de B\u00e9lgica, gracias a este <\/span><b>tour privado Brujas desde Bruselas<\/b><span style=\"font-weight: 400;\">.<\/span><\/p>\n<p><span style=\"font-weight: 400;\"> Brujas es una hermosa ciudad apodada regularmente como la Venecia del Norte por sus hermosos canales.\u00a0<\/span><\/p>\n<p><span style=\"font-weight: 400;\">La duraci\u00f3n de este tour privado Brujas desde Bruselas, es de 8 Horas. Su gu\u00eda esperar\u00e1 directamente en Brujas, para empezar un tour de 3 Horas de la ciudad. Cuando finalicen el tour podr\u00e1n comer\u00a0 y disfrutar de tiempo libre.<\/span><\/p>\n<h2><b>Puntos de inter\u00e9s en el Tour Privado a Brujas desde Bruselas<br \/>\n<\/b><\/h2>\n<p><span style=\"font-weight: 400;\">El primer contacto con su gu\u00eda privado en Brujas se producir\u00e1 en La <\/span><b>Grand Place de Brujas<\/b><span style=\"font-weight: 400;\">, un antiguo mercado desde 958. Desde aqu\u00ed podr\u00e1 comenzar a deleitar sus ojos con el maravilloso juego de colores y dise\u00f1os arquitect\u00f3nicos de esta ex\u00f3tica ciudad.<\/span><\/p>\n<p><span style=\"font-weight: 400;\">Comenzar\u00e1 visitando <\/span><b>El Markt<\/b><span style=\"font-weight: 400;\">, el coraz\u00f3n de Brujas y la plaza donde se encuentra el campanario que domina la ciudad. Podr\u00e1 subir los 366 escalones que conducen a los 83 metros de esta torre y disfrutar de una vista panor\u00e1mica de Brujas excepcional.<\/span><\/p>\n<p><b>La Bas\u00edlica de la Santa Sangre<\/b><span style=\"font-weight: 400;\"> es tambi\u00e9n un buen lugar a descubrir si le gustan las estructuras religiosas, ubicada en la Grand-Place y dotada de con un magn\u00edfico interior.<\/span><\/p>\n<p><span style=\"font-weight: 400;\">Luego dar\u00e1 un paseo por <\/span><b>el muelle del Rosaire<\/b><span style=\"font-weight: 400;\"> para tomar una foto o simplemente pasear y disfrutar del momento. El lugar es realmente bonito y por un momento creer\u00e1 estar en Venecia.<\/span><\/p>\n<p><span style=\"font-weight: 400;\">Querr\u00e1 conocer la <\/span><b>cervecer\u00eda de Halve Maan<\/b><span style=\"font-weight: 400;\">, la \u00fanica cervecer\u00eda familiar que todav\u00eda opera en el centro de Brujas. Aqu\u00ed su gu\u00eda le explicar\u00e1 la historia de la cervecer\u00eda y c\u00f3mo se hace.<br \/>\n<\/span><\/p>\n<p><span style=\"font-weight: 400;\">Desde aqu\u00ed, una opci\u00f3n es visitar <\/span><b>el museo del chocolate Choco-story<\/b><span style=\"font-weight: 400;\"> o probar la famosa exquisitez en muchas tiendas del centro. Tambi\u00e9n podr\u00e1 recorrer las f\u00e1bricas de chocolate en Brujas.<\/span><\/p>\n<p><span style=\"font-weight: 400;\">Hablando de museos, conozca el Museo Groeninge para ver las pinturas de los primitivos flamencos. No lejos del Grote Markt, podr\u00e1 visitar al <\/span><b>Frietmuseum<\/b><span style=\"font-weight: 400;\"> y disfrutar del ir\u00f3nico y peculiar arte de las papas fritas de B\u00e9lgica.\u00a0<\/span><\/p>\n<p><span style=\"font-weight: 400;\">Una parada hist\u00f3rica es la <\/span><b>estatua de m\u00e1rmol de la Virgen y el Ni\u00f1o de Miguel \u00c1ngel<\/b><span style=\"font-weight: 400;\"> hecha en 150, la verdadera joya de esta iglesia de estilo g\u00f3tico del siglo XIII llamada <\/span><b>Notre-Dame<\/b><span style=\"font-weight: 400;\">.<\/span><\/p>\n<p><span style=\"font-weight: 400;\">Por \u00faltimo, en una nota hist\u00f3rica, el <\/span><b>Historium Bruges<\/b><span style=\"font-weight: 400;\"> le espera con una m\u00e1quina de tiempo casi real. A trav\u00e9s de varias salas equipadas con efectos especiales, el museo le lleva a sumergirse en las Brujas medieval.<\/span><\/p>\n<h3><b>Otros lugares para ver en Brujas<\/b><\/h3>\n<ul>\n<li style=\"font-weight: 400;\"><strong>Place du Bourg: el Ayuntamiento.<\/strong><\/li>\n<li style=\"font-weight: 400;\"><strong>La Place des Tanneurs<\/strong><\/li>\n<li style=\"font-weight: 400;\"><strong>El museo Gruuthuse<\/strong><\/li>\n<li style=\"font-weight: 400;\"><strong>La Iglesia de Nuestra Se\u00f1ora de Brujas<\/strong><\/li>\n<li style=\"font-weight: 400;\"><strong>Hospital Saint Jean<\/strong><\/li>\n<li style=\"font-weight: 400;\"><strong>El Museo Memling<\/strong><\/li>\n<li style=\"font-weight: 400;\"><strong>El beguinage (Begijnhof)<\/strong><\/li>\n<li style=\"font-weight: 400;\"><strong>El lago del amor (Minnewater)<\/strong><\/li>\n<\/ul>\n<p><span style=\"font-weight: 400;\">Antes de regresar a Bruselas en su <\/span><b>coche privado<\/b><span style=\"font-weight: 400;\">, dispondr\u00e1 de un magn\u00edfico tiempo para caminar con libertad, dar un paseo en bicicleta y disfrutar de la exquisita gastronom\u00eda belga. Tambi\u00e9n podr\u00e1 pasear en bote por el lago del amor y sus hermosos canales para deleitarse de las encantadoras vistas.<\/span><\/p>\n<p>Si dispone de m\u00e1s d\u00edas, puedes consultar <a href=\"https:\/\/tourtravelandmore.com\/es\/ciudad\/belgica-es\/bruselas-es\/\"><strong>aqu\u00ed<\/strong><\/a> el resto de tours privados de Bruselas.<\/p>\n","protected":false},"excerpt":{"rendered":"<p>Aproveche de sus d\u00edas en Bruselas y disfrute de este <strong>tour privado de 8 horas a<\/strong> <b>Brujas<\/b>. Tome esta oportunidad para conocer y disfrutar de esta hermosa ciudad durante este tour con vuestro gu\u00eda oficial privado. Disfruta de los monumentos y zonas m\u00e1s emblem\u00e1ticas como <b>el muelle del Rosaire, Grand Place de Brujas\u00a0<\/b>y muchos lugares m\u00e1s.<\/p>\n<p>&nbsp;<\/p>\n","protected":false},"featured_media":78794,"comment_status":"open","ping_status":"closed","template":"","meta":{"_acf_changed":false},"product_brand":[],"product_cat":[4476,1454,1459,1458],"product_tag":[],"class_list":{"0":"post-78784","1":"product","2":"type-product","3":"status-publish","4":"has-post-thumbnail","6":"product_cat-belgica-es","7":"product_cat-bruselas-es","8":"product_cat-bruselas-actividades-es","9":"product_cat-bruselas-rutas-turisticas-privadas-es","11":"first","12":"instock","13":"shipping-taxable","14":"purchasable","15":"product-type-simple"},"acf":[],"yoast_head":"<!-- This site is optimized with the Yoast SEO Premium plugin v25.3.1 (Yoast SEO v25.3.1) - https:\/\/yoast.com\/wordpress\/plugins\/seo\/ -->\n<title>Tour Privado Brujas desde Bruselas con guia y vehiculo | TTM<\/title>\n<meta name=\"description\" content=\"Reserve este tour privado Brujas desde Bruselas y descubre esta hermosa ciudad apodada como la Venecia del Norte por sus hermosos canales.\u00a0\" \/>\n<meta name=\"robots\" content=\"index, follow, max-snippet:-1, max-image-preview:large, max-video-preview:-1\" \/>\n<link rel=\"canonical\" href=\"https:\/\/tourtravelandmore.com\/es\/tours\/belgica-es\/bruselas-es\/tour-privado-brujas-desde-bruselas-con-guia-y-vehiculo\/\" \/>\n<meta property=\"og:locale\" content=\"es_ES\" \/>\n<meta property=\"og:type\" content=\"article\" \/>\n<meta property=\"og:title\" content=\"Tour Privado a Brujas desde Bruselas\" \/>\n<meta property=\"og:description\" content=\"Reserve este tour privado Brujas desde Bruselas y descubre esta hermosa ciudad apodada como la Venecia del Norte por sus hermosos canales.\u00a0\" \/>\n<meta property=\"og:url\" content=\"https:\/\/tourtravelandmore.com\/es\/tours\/belgica-es\/bruselas-es\/tour-privado-brujas-desde-bruselas-con-guia-y-vehiculo\/\" \/>\n<meta property=\"og:site_name\" content=\"Tour Travel And More\" \/>\n<meta property=\"article:publisher\" content=\"https:\/\/www.facebook.com\/tourtravelandmore\/\" \/>\n<meta property=\"article:modified_time\" content=\"2023-10-27T10:30:07+00:00\" \/>\n<meta property=\"og:image\" content=\"https:\/\/tourtravelandmore.com\/wp-content\/uploads\/2020\/03\/brujas-1.jpg\" \/>\n\t<meta property=\"og:image:width\" content=\"910\" \/>\n\t<meta property=\"og:image:height\" content=\"607\" \/>\n\t<meta property=\"og:image:type\" content=\"image\/jpeg\" \/>\n<meta name=\"twitter:card\" content=\"summary_large_image\" \/>\n<meta name=\"twitter:site\" content=\"@TourTravel_More\" \/>\n<meta name=\"twitter:label1\" content=\"Tiempo de lectura\" \/>\n\t<meta name=\"twitter:data1\" content=\"3 minutos\" \/>\n<script type=\"application\/ld+json\" class=\"yoast-schema-graph\">{\"@context\":\"https:\/\/schema.org\",\"@graph\":[{\"@type\":\"WebPage\",\"@id\":\"https:\/\/tourtravelandmore.com\/es\/tours\/belgica-es\/bruselas-es\/tour-privado-brujas-desde-bruselas-con-guia-y-vehiculo\/\",\"url\":\"https:\/\/tourtravelandmore.com\/es\/tours\/belgica-es\/bruselas-es\/tour-privado-brujas-desde-bruselas-con-guia-y-vehiculo\/\",\"name\":\"Tour Privado Brujas desde Bruselas con guia y vehiculo | TTM\",\"isPartOf\":{\"@id\":\"https:\/\/tourtravelandmore.com\/es\/#website\"},\"primaryImageOfPage\":{\"@id\":\"https:\/\/tourtravelandmore.com\/es\/tours\/belgica-es\/bruselas-es\/tour-privado-brujas-desde-bruselas-con-guia-y-vehiculo\/#primaryimage\"},\"image\":{\"@id\":\"https:\/\/tourtravelandmore.com\/es\/tours\/belgica-es\/bruselas-es\/tour-privado-brujas-desde-bruselas-con-guia-y-vehiculo\/#primaryimage\"},\"thumbnailUrl\":\"https:\/\/tourtravelandmore.com\/wp-content\/uploads\/2020\/03\/brujas-1.jpg\",\"datePublished\":\"2020-03-19T14:13:54+00:00\",\"dateModified\":\"2023-10-27T10:30:07+00:00\",\"description\":\"Reserve este tour privado Brujas desde Bruselas y descubre esta hermosa ciudad apodada como la Venecia del Norte por sus hermosos canales.\u00a0\",\"breadcrumb\":{\"@id\":\"https:\/\/tourtravelandmore.com\/es\/tours\/belgica-es\/bruselas-es\/tour-privado-brujas-desde-bruselas-con-guia-y-vehiculo\/#breadcrumb\"},\"inLanguage\":\"es\",\"potentialAction\":[{\"@type\":\"ReadAction\",\"target\":[\"https:\/\/tourtravelandmore.com\/es\/tours\/belgica-es\/bruselas-es\/tour-privado-brujas-desde-bruselas-con-guia-y-vehiculo\/\"]}]},{\"@type\":\"ImageObject\",\"inLanguage\":\"es\",\"@id\":\"https:\/\/tourtravelandmore.com\/es\/tours\/belgica-es\/bruselas-es\/tour-privado-brujas-desde-bruselas-con-guia-y-vehiculo\/#primaryimage\",\"url\":\"https:\/\/tourtravelandmore.com\/wp-content\/uploads\/2020\/03\/brujas-1.jpg\",\"contentUrl\":\"https:\/\/tourtravelandmore.com\/wp-content\/uploads\/2020\/03\/brujas-1.jpg\",\"width\":910,\"height\":607},{\"@type\":\"BreadcrumbList\",\"@id\":\"https:\/\/tourtravelandmore.com\/es\/tours\/belgica-es\/bruselas-es\/tour-privado-brujas-desde-bruselas-con-guia-y-vehiculo\/#breadcrumb\",\"itemListElement\":[{\"@type\":\"ListItem\",\"position\":1,\"name\":\"Home\",\"item\":\"https:\/\/tourtravelandmore.com\/es\/\"},{\"@type\":\"ListItem\",\"position\":2,\"name\":\"Tours\",\"item\":\"https:\/\/tourtravelandmore.com\/es\/tours\/\"},{\"@type\":\"ListItem\",\"position\":3,\"name\":\"Tour Privado a Brujas desde Bruselas\"}]},{\"@type\":\"WebSite\",\"@id\":\"https:\/\/tourtravelandmore.com\/es\/#website\",\"url\":\"https:\/\/tourtravelandmore.com\/es\/\",\"name\":\"Tour Travel And More\",\"description\":\"Private sightseeing tours and luxury transfers in Spain\",\"publisher\":{\"@id\":\"https:\/\/tourtravelandmore.com\/es\/#organization\"},\"potentialAction\":[{\"@type\":\"SearchAction\",\"target\":{\"@type\":\"EntryPoint\",\"urlTemplate\":\"https:\/\/tourtravelandmore.com\/es\/?s={search_term_string}\"},\"query-input\":{\"@type\":\"PropertyValueSpecification\",\"valueRequired\":true,\"valueName\":\"search_term_string\"}}],\"inLanguage\":\"es\"},{\"@type\":\"Organization\",\"@id\":\"https:\/\/tourtravelandmore.com\/es\/#organization\",\"name\":\"Tour Travel And More\",\"url\":\"https:\/\/tourtravelandmore.com\/es\/\",\"logo\":{\"@type\":\"ImageObject\",\"inLanguage\":\"es\",\"@id\":\"https:\/\/tourtravelandmore.com\/es\/#\/schema\/logo\/image\/\",\"url\":\"https:\/\/tourtravelandmore.com\/wp-content\/uploads\/2022\/12\/cropped-logo-cabecera-new.png\",\"contentUrl\":\"https:\/\/tourtravelandmore.com\/wp-content\/uploads\/2022\/12\/cropped-logo-cabecera-new.png\",\"width\":430,\"height\":61,\"caption\":\"Tour Travel And More\"},\"image\":{\"@id\":\"https:\/\/tourtravelandmore.com\/es\/#\/schema\/logo\/image\/\"},\"sameAs\":[\"https:\/\/www.facebook.com\/tourtravelandmore\/\",\"https:\/\/x.com\/TourTravel_More\"]}]}<\/script>\n<!-- \/ Yoast SEO Premium plugin. -->","yoast_head_json":{"title":"Tour Privado Brujas desde Bruselas con guia y vehiculo | TTM","description":"Reserve este tour privado Brujas desde Bruselas y descubre esta hermosa ciudad apodada como la Venecia del Norte por sus hermosos canales.\u00a0","robots":{"index":"index","follow":"follow","max-snippet":"max-snippet:-1","max-image-preview":"max-image-preview:large","max-video-preview":"max-video-preview:-1"},"canonical":"https:\/\/tourtravelandmore.com\/es\/tours\/belgica-es\/bruselas-es\/tour-privado-brujas-desde-bruselas-con-guia-y-vehiculo\/","og_locale":"es_ES","og_type":"article","og_title":"Tour Privado a Brujas desde Bruselas","og_description":"Reserve este tour privado Brujas desde Bruselas y descubre esta hermosa ciudad apodada como la Venecia del Norte por sus hermosos canales.\u00a0","og_url":"https:\/\/tourtravelandmore.com\/es\/tours\/belgica-es\/bruselas-es\/tour-privado-brujas-desde-bruselas-con-guia-y-vehiculo\/","og_site_name":"Tour Travel And More","article_publisher":"https:\/\/www.facebook.com\/tourtravelandmore\/","article_modified_time":"2023-10-27T10:30:07+00:00","og_image":[{"width":910,"height":607,"url":"https:\/\/tourtravelandmore.com\/wp-content\/uploads\/2020\/03\/brujas-1.jpg","type":"image\/jpeg"}],"twitter_card":"summary_large_image","twitter_site":"@TourTravel_More","twitter_misc":{"Tiempo de lectura":"3 minutos"},"schema":{"@context":"https:\/\/schema.org","@graph":[{"@type":"WebPage","@id":"https:\/\/tourtravelandmore.com\/es\/tours\/belgica-es\/bruselas-es\/tour-privado-brujas-desde-bruselas-con-guia-y-vehiculo\/","url":"https:\/\/tourtravelandmore.com\/es\/tours\/belgica-es\/bruselas-es\/tour-privado-brujas-desde-bruselas-con-guia-y-vehiculo\/","name":"Tour Privado Brujas desde Bruselas con guia y vehiculo | TTM","isPartOf":{"@id":"https:\/\/tourtravelandmore.com\/es\/#website"},"primaryImageOfPage":{"@id":"https:\/\/tourtravelandmore.com\/es\/tours\/belgica-es\/bruselas-es\/tour-privado-brujas-desde-bruselas-con-guia-y-vehiculo\/#primaryimage"},"image":{"@id":"https:\/\/tourtravelandmore.com\/es\/tours\/belgica-es\/bruselas-es\/tour-privado-brujas-desde-bruselas-con-guia-y-vehiculo\/#primaryimage"},"thumbnailUrl":"https:\/\/tourtravelandmore.com\/wp-content\/uploads\/2020\/03\/brujas-1.jpg","datePublished":"2020-03-19T14:13:54+00:00","dateModified":"2023-10-27T10:30:07+00:00","description":"Reserve este tour privado Brujas desde Bruselas y descubre esta hermosa ciudad apodada como la Venecia del Norte por sus hermosos canales.\u00a0","breadcrumb":{"@id":"https:\/\/tourtravelandmore.com\/es\/tours\/belgica-es\/bruselas-es\/tour-privado-brujas-desde-bruselas-con-guia-y-vehiculo\/#breadcrumb"},"inLanguage":"es","potentialAction":[{"@type":"ReadAction","target":["https:\/\/tourtravelandmore.com\/es\/tours\/belgica-es\/bruselas-es\/tour-privado-brujas-desde-bruselas-con-guia-y-vehiculo\/"]}]},{"@type":"ImageObject","inLanguage":"es","@id":"https:\/\/tourtravelandmore.com\/es\/tours\/belgica-es\/bruselas-es\/tour-privado-brujas-desde-bruselas-con-guia-y-vehiculo\/#primaryimage","url":"https:\/\/tourtravelandmore.com\/wp-content\/uploads\/2020\/03\/brujas-1.jpg","contentUrl":"https:\/\/tourtravelandmore.com\/wp-content\/uploads\/2020\/03\/brujas-1.jpg","width":910,"height":607},{"@type":"BreadcrumbList","@id":"https:\/\/tourtravelandmore.com\/es\/tours\/belgica-es\/bruselas-es\/tour-privado-brujas-desde-bruselas-con-guia-y-vehiculo\/#breadcrumb","itemListElement":[{"@type":"ListItem","position":1,"name":"Home","item":"https:\/\/tourtravelandmore.com\/es\/"},{"@type":"ListItem","position":2,"name":"Tours","item":"https:\/\/tourtravelandmore.com\/es\/tours\/"},{"@type":"ListItem","position":3,"name":"Tour Privado a Brujas desde Bruselas"}]},{"@type":"WebSite","@id":"https:\/\/tourtravelandmore.com\/es\/#website","url":"https:\/\/tourtravelandmore.com\/es\/","name":"Tour Travel And More","description":"Private sightseeing tours and luxury transfers in Spain","publisher":{"@id":"https:\/\/tourtravelandmore.com\/es\/#organization"},"potentialAction":[{"@type":"SearchAction","target":{"@type":"EntryPoint","urlTemplate":"https:\/\/tourtravelandmore.com\/es\/?s={search_term_string}"},"query-input":{"@type":"PropertyValueSpecification","valueRequired":true,"valueName":"search_term_string"}}],"inLanguage":"es"},{"@type":"Organization","@id":"https:\/\/tourtravelandmore.com\/es\/#organization","name":"Tour Travel And More","url":"https:\/\/tourtravelandmore.com\/es\/","logo":{"@type":"ImageObject","inLanguage":"es","@id":"https:\/\/tourtravelandmore.com\/es\/#\/schema\/logo\/image\/","url":"https:\/\/tourtravelandmore.com\/wp-content\/uploads\/2022\/12\/cropped-logo-cabecera-new.png","contentUrl":"https:\/\/tourtravelandmore.com\/wp-content\/uploads\/2022\/12\/cropped-logo-cabecera-new.png","width":430,"height":61,"caption":"Tour Travel And More"},"image":{"@id":"https:\/\/tourtravelandmore.com\/es\/#\/schema\/logo\/image\/"},"sameAs":["https:\/\/www.facebook.com\/tourtravelandmore\/","https:\/\/x.com\/TourTravel_More"]}]}},"_links":{"self":[{"href":"https:\/\/tourtravelandmore.com\/es\/wp-json\/wp\/v2\/product\/78784","targetHints":{"allow":["GET"]}}],"collection":[{"href":"https:\/\/tourtravelandmore.com\/es\/wp-json\/wp\/v2\/product"}],"about":[{"href":"https:\/\/tourtravelandmore.com\/es\/wp-json\/wp\/v2\/types\/product"}],"replies":[{"embeddable":true,"href":"https:\/\/tourtravelandmore.com\/es\/wp-json\/wp\/v2\/comments?post=78784"}],"wp:featuredmedia":[{"embeddable":true,"href":"https:\/\/tourtravelandmore.com\/es\/wp-json\/wp\/v2\/media\/78794"}],"wp:attachment":[{"href":"https:\/\/tourtravelandmore.com\/es\/wp-json\/wp\/v2\/media?parent=78784"}],"wp:term":[{"taxonomy":"product_brand","embeddable":true,"href":"https:\/\/tourtravelandmore.com\/es\/wp-json\/wp\/v2\/product_brand?post=78784"},{"taxonomy":"product_cat","embeddable":true,"href":"https:\/\/tourtravelandmore.com\/es\/wp-json\/wp\/v2\/product_cat?post=78784"},{"taxonomy":"product_tag","embeddable":true,"href":"https:\/\/tourtravelandmore.com\/es\/wp-json\/wp\/v2\/product_tag?post=78784"}],"curies":[{"name":"wp","href":"https:\/\/api.w.org\/{rel}","templated":true}]}}