{"id":78757,"date":"2020-03-19T13:26:50","date_gmt":"2020-03-19T12:26:50","guid":{"rendered":"https:\/\/tourtravelandmore.com\/?post_type=product&#038;p=78757"},"modified":"2022-12-27T15:40:30","modified_gmt":"2022-12-27T14:40:30","slug":"tour-privado-amsterdam-desde-bruselas-con-guia-y-vehiculo","status":"publish","type":"product","link":"https:\/\/tourtravelandmore.com\/es\/tours\/belgica-es\/bruselas-es\/tour-privado-amsterdam-desde-bruselas-con-guia-y-vehiculo\/","title":{"rendered":"Tour Privado a \u00c1msterdam desde Bruselas"},"content":{"rendered":"<h2>Descripci\u00f3n del Tour Privado a \u00c1msterdam desde Bruselas<\/h2>\n<p><span style=\"font-weight: 400;\">Si quiere vivir una experiencia m\u00e1gica en la ciudad de \u00c1msterdam no dudes en reservar este<b> tour privado \u00c1msterdam desde Bruselas<\/b><\/span><span style=\"font-weight: 400;\">. <\/span><\/p>\n<p><span style=\"font-weight: 400;\">Desde Bruselas nos dirigiremos con <\/span>nuestro veh\u00edculo privado con chofer<span style=\"font-weight: 400;\"> hacia \u00c1msterdam y luego nos reuniremos en \u00c1msterdam con nuestro gu\u00eda oficial privado, para realizar un tour de 3 horas de la ciudad.<\/span><\/p>\n<p><span style=\"font-weight: 400;\">\u00c1msterdam es una ciudad hermosa y llena de vida, especialmente el centro con sus peque\u00f1as calles y casas t\u00edpicas, pero tambi\u00e9n por sus famosos canales. Durante un <\/span><b>tour de 3 horas en compa\u00f1\u00eda de un gu\u00eda privado<\/b><span style=\"font-weight: 400;\"> en la capital holandesa, podr\u00e1 visitar muchos museos y otros lugares emblem\u00e1ticos que le dejar\u00e1n entusiasmado y muy satisfecho.<\/span><\/p>\n<p><span style=\"font-weight: 400;\">Es un programa tur\u00edstico que consiste en 10 horas partiendo desde Bruselas en un <\/span><b>coche privado con chofer<\/b><span style=\"font-weight: 400;\"> hasta llegar a \u00c1msterdam. All\u00ed le esperar\u00e1 un gu\u00eda oficial certificado, entusiasta del turismo y gran conocedor de cada rinc\u00f3n para acompa\u00f1arle <\/span><b>durante 3 horas<\/b><span style=\"font-weight: 400;\"> y para deleitarle con las historias y leyendas de esta hermosa ciudad.<\/span><\/p>\n<p><span style=\"font-weight: 400;\">Nuestros gu\u00edas privados dominan una gran cantidad de idiomas, pero usted podr\u00e1 solicitar alguno en especial, si lo desea, al hacer la reserva de su tour privado en nuestras oficinas.<\/span><\/p>\n<h2>Puntos de inter\u00e9s del Tour Privado a \u00c1msterdam desde Bruselas<\/h2>\n<p><span style=\"font-weight: 400;\">Una vez se encuentre en compa\u00f1\u00eda de su <\/span><b>gu\u00eda oficial privado<\/b><span style=\"font-weight: 400;\"> la primera parada para visitar es el <\/span><b>Distrito de <\/b><span style=\"font-weight: 400;\"><strong>Jordaan<\/strong>, el elegante distrito de \u00c1msterdam. Aqu\u00ed podr\u00e1 admirar bonitas fachadas de casas, peque\u00f1os museos, cafeter\u00edas y restaurantes, mercados, etc. En esta misma zona podr\u00e1 visitar <\/span><b>la famosa Casa de Ana Frank<\/b><span style=\"font-weight: 400;\">.<\/span><\/p>\n<p><span style=\"font-weight: 400;\">Luego llegaremos hasta <\/span><b>el Beguinage<\/b><span style=\"font-weight: 400;\">, uno de los tesoros ocultos de \u00c1msterdam que consiste en un grupo de viviendas que rodean un patio interior con el jard\u00edn m\u00e1s antiguo de la ciudad y con casas altas t\u00edpicas de \u00c1msterdam, pero tambi\u00e9n una casa de madera y dos iglesias.<\/span><\/p>\n<p><span style=\"font-weight: 400;\">La pr\u00f3xima atracci\u00f3n est\u00e1 ubicada en la <\/span><b>calle<\/b> <b>Kalverstraat<\/b><span style=\"font-weight: 400;\">, una de las calles comerciales de la ciudad. Aqu\u00ed podr\u00e1 visitar <\/span><b>La torre de la Menta<\/b><span style=\"font-weight: 400;\"> o \u201c<\/span><b>Munttoren<\/b><span style=\"font-weight: 400;\">\u201d, cuya construcci\u00f3n inicial data de finales del siglo XV. Originalmente, fue una de las tres puertas de entrada a la ciudad de \u00c1msterdam.\u00a0<\/span><\/p>\n<p><span style=\"font-weight: 400;\">Nuestro itinerario tambi\u00e9n incluye caminar por\u00a0 el <\/span><b>puente \u201cMagere Brug\u201d<\/b><span style=\"font-weight: 400;\">, el famoso puente delgado y elevadizo que se ilumina por la noche; y conocer el gigante tablero de ajedrez trazado en el suelo en el lugar de Max Euweplein.<\/span><\/p>\n<p><span style=\"font-weight: 400;\">Luego le proponemos hacer un recorrido por uno de los atractivos m\u00e1s curiosos de \u00c1msterdam, <\/span><b>el Distrito de Wallen<\/b><span style=\"font-weight: 400;\">, conocido como el \u201cDistrito de la Luz Roja\u201d o \u201c<\/span><b>Barrio rojo<\/b><span style=\"font-weight: 400;\">\u201d. Es un lugar conocido por sus burdeles, decorados tradicionalmente con luces rojas, especialmente al anochecer, pero tambi\u00e9n por sus numerosas sex shops o cafeter\u00edas.<\/span><\/p>\n<p><span style=\"font-weight: 400;\">Este distrito compuesto de bonitas calles empedradas, bordeadas de restaurantes y tiendas, tiene como contraste <\/span><b>la Iglesia Vieja de \u00c1msterdam\u00a0 o el Oude Kerk<\/b><span style=\"font-weight: 400;\">, la estructura m\u00e1s antigua de la ciudad.<\/span><\/p>\n<p><span style=\"font-weight: 400;\">Luego de visitar el museo <\/span><b>Rijksmuseum<\/b><span style=\"font-weight: 400;\"> y el <\/span><b>museo Van Gogh<\/b><span style=\"font-weight: 400;\">, podr\u00e1 pasear por el <\/span><b>parque urbano Vondelpark<\/b><span style=\"font-weight: 400;\">. Es un lugar perfecto para visitar despu\u00e9s de finalizar el <\/span><b>tour privado de 3 horas por \u00c1msterdam<\/b><span style=\"font-weight: 400;\">, si desea caminar libremente en medio de la vegetaci\u00f3n.<\/span><\/p>\n<p><span style=\"font-weight: 400;\">Antes de regresar en su <\/span><b>veh\u00edculo privado a la ciudad de Bruselas<\/b><span style=\"font-weight: 400;\">, el tiempo de ocio podr\u00e1 dedicarlo tambi\u00e9n a dar un paseo por los famosos canales, s\u00edmbolos de la ciudad. Es importante se\u00f1alar que los primeros 4 canales han sido declarados Patrimonio de la Humanidad por la Unesco.<\/span><\/p>\n<p>Si dispone de m\u00e1s d\u00edas en Bruselas, puedes consultar <a href=\"https:\/\/tourtravelandmore.com\/es\/ciudad\/belgica-es\/\"><strong>aqu\u00ed<\/strong><\/a> el resto de tours privados que ofrecemos en la ciudad.<\/p>\n","protected":false},"excerpt":{"rendered":"<p>Si est\u00e1 buscando visitar tantas ciudades como pueda, disfrute de este <strong>tour privado de 10 horas por \u00c1msterdam desde Bruselas<\/strong> completamente personalizado y disfrute de sus monumentos y lugares de inter\u00e9s m\u00e1s importantes. Aproveche esta oportunidad para descubrir esta maravillosa ciudad con su c<strong>onductor privado y un gu\u00eda tur\u00edstico local.<\/strong><\/p>\n","protected":false},"featured_media":78767,"comment_status":"open","ping_status":"closed","template":"","meta":{"_acf_changed":false},"product_brand":[],"product_cat":[1454,1459,1458],"product_tag":[],"class_list":{"0":"post-78757","1":"product","2":"type-product","3":"status-publish","4":"has-post-thumbnail","6":"product_cat-bruselas-es","7":"product_cat-bruselas-actividades-es","8":"product_cat-bruselas-rutas-turisticas-privadas-es","10":"first","11":"instock","12":"shipping-taxable","13":"purchasable","14":"product-type-simple"},"acf":[],"yoast_head":"<!-- This site is optimized with the Yoast SEO Premium plugin v25.3.1 (Yoast SEO v25.3.1) - https:\/\/yoast.com\/wordpress\/plugins\/seo\/ -->\n<title>tour privado Amsterdam desde Bruselas con guia y vehiculo | TTM<\/title>\n<meta name=\"description\" content=\"Reserva este tour privado Amsterdam desde Bruselas con guia y vehiculo privado y descubre una de las ciudades m\u00e1s bonitas de Europa.\" \/>\n<meta name=\"robots\" content=\"index, follow, max-snippet:-1, max-image-preview:large, max-video-preview:-1\" \/>\n<link rel=\"canonical\" href=\"https:\/\/tourtravelandmore.com\/es\/tours\/belgica-es\/bruselas-es\/tour-privado-amsterdam-desde-bruselas-con-guia-y-vehiculo\/\" \/>\n<meta property=\"og:locale\" content=\"es_ES\" \/>\n<meta property=\"og:type\" content=\"article\" \/>\n<meta property=\"og:title\" content=\"Tour Privado a \u00c1msterdam desde Bruselas\" \/>\n<meta property=\"og:description\" content=\"Reserva este tour privado Amsterdam desde Bruselas con guia y vehiculo privado y descubre una de las ciudades m\u00e1s bonitas de Europa.\" \/>\n<meta property=\"og:url\" content=\"https:\/\/tourtravelandmore.com\/es\/tours\/belgica-es\/bruselas-es\/tour-privado-amsterdam-desde-bruselas-con-guia-y-vehiculo\/\" \/>\n<meta property=\"og:site_name\" content=\"Tour Travel And More\" \/>\n<meta property=\"article:publisher\" content=\"https:\/\/www.facebook.com\/tourtravelandmore\/\" \/>\n<meta property=\"article:modified_time\" content=\"2022-12-27T14:40:30+00:00\" \/>\n<meta property=\"og:image\" content=\"https:\/\/tourtravelandmore.com\/wp-content\/uploads\/2020\/03\/amster-1.jpg\" \/>\n\t<meta property=\"og:image:width\" content=\"960\" \/>\n\t<meta property=\"og:image:height\" content=\"637\" \/>\n\t<meta property=\"og:image:type\" content=\"image\/jpeg\" \/>\n<meta name=\"twitter:card\" content=\"summary_large_image\" \/>\n<meta name=\"twitter:site\" content=\"@TourTravel_More\" \/>\n<meta name=\"twitter:label1\" content=\"Tiempo de lectura\" \/>\n\t<meta name=\"twitter:data1\" content=\"3 minutos\" \/>\n<script type=\"application\/ld+json\" class=\"yoast-schema-graph\">{\"@context\":\"https:\/\/schema.org\",\"@graph\":[{\"@type\":\"WebPage\",\"@id\":\"https:\/\/tourtravelandmore.com\/es\/tours\/belgica-es\/bruselas-es\/tour-privado-amsterdam-desde-bruselas-con-guia-y-vehiculo\/\",\"url\":\"https:\/\/tourtravelandmore.com\/es\/tours\/belgica-es\/bruselas-es\/tour-privado-amsterdam-desde-bruselas-con-guia-y-vehiculo\/\",\"name\":\"tour privado Amsterdam desde Bruselas con guia y vehiculo | TTM\",\"isPartOf\":{\"@id\":\"https:\/\/tourtravelandmore.com\/es\/#website\"},\"primaryImageOfPage\":{\"@id\":\"https:\/\/tourtravelandmore.com\/es\/tours\/belgica-es\/bruselas-es\/tour-privado-amsterdam-desde-bruselas-con-guia-y-vehiculo\/#primaryimage\"},\"image\":{\"@id\":\"https:\/\/tourtravelandmore.com\/es\/tours\/belgica-es\/bruselas-es\/tour-privado-amsterdam-desde-bruselas-con-guia-y-vehiculo\/#primaryimage\"},\"thumbnailUrl\":\"https:\/\/tourtravelandmore.com\/wp-content\/uploads\/2020\/03\/amster-1.jpg\",\"datePublished\":\"2020-03-19T12:26:50+00:00\",\"dateModified\":\"2022-12-27T14:40:30+00:00\",\"description\":\"Reserva este tour privado Amsterdam desde Bruselas con guia y vehiculo privado y descubre una de las ciudades m\u00e1s bonitas de Europa.\",\"breadcrumb\":{\"@id\":\"https:\/\/tourtravelandmore.com\/es\/tours\/belgica-es\/bruselas-es\/tour-privado-amsterdam-desde-bruselas-con-guia-y-vehiculo\/#breadcrumb\"},\"inLanguage\":\"es\",\"potentialAction\":[{\"@type\":\"ReadAction\",\"target\":[\"https:\/\/tourtravelandmore.com\/es\/tours\/belgica-es\/bruselas-es\/tour-privado-amsterdam-desde-bruselas-con-guia-y-vehiculo\/\"]}]},{\"@type\":\"ImageObject\",\"inLanguage\":\"es\",\"@id\":\"https:\/\/tourtravelandmore.com\/es\/tours\/belgica-es\/bruselas-es\/tour-privado-amsterdam-desde-bruselas-con-guia-y-vehiculo\/#primaryimage\",\"url\":\"https:\/\/tourtravelandmore.com\/wp-content\/uploads\/2020\/03\/amster-1.jpg\",\"contentUrl\":\"https:\/\/tourtravelandmore.com\/wp-content\/uploads\/2020\/03\/amster-1.jpg\",\"width\":960,\"height\":637},{\"@type\":\"BreadcrumbList\",\"@id\":\"https:\/\/tourtravelandmore.com\/es\/tours\/belgica-es\/bruselas-es\/tour-privado-amsterdam-desde-bruselas-con-guia-y-vehiculo\/#breadcrumb\",\"itemListElement\":[{\"@type\":\"ListItem\",\"position\":1,\"name\":\"Home\",\"item\":\"https:\/\/tourtravelandmore.com\/es\/\"},{\"@type\":\"ListItem\",\"position\":2,\"name\":\"Tours\",\"item\":\"https:\/\/tourtravelandmore.com\/es\/tours\/\"},{\"@type\":\"ListItem\",\"position\":3,\"name\":\"Tour Privado a \u00c1msterdam desde Bruselas\"}]},{\"@type\":\"WebSite\",\"@id\":\"https:\/\/tourtravelandmore.com\/es\/#website\",\"url\":\"https:\/\/tourtravelandmore.com\/es\/\",\"name\":\"Tour Travel And More\",\"description\":\"Private sightseeing tours and luxury transfers in Spain\",\"publisher\":{\"@id\":\"https:\/\/tourtravelandmore.com\/es\/#organization\"},\"potentialAction\":[{\"@type\":\"SearchAction\",\"target\":{\"@type\":\"EntryPoint\",\"urlTemplate\":\"https:\/\/tourtravelandmore.com\/es\/?s={search_term_string}\"},\"query-input\":{\"@type\":\"PropertyValueSpecification\",\"valueRequired\":true,\"valueName\":\"search_term_string\"}}],\"inLanguage\":\"es\"},{\"@type\":\"Organization\",\"@id\":\"https:\/\/tourtravelandmore.com\/es\/#organization\",\"name\":\"Tour Travel And More\",\"url\":\"https:\/\/tourtravelandmore.com\/es\/\",\"logo\":{\"@type\":\"ImageObject\",\"inLanguage\":\"es\",\"@id\":\"https:\/\/tourtravelandmore.com\/es\/#\/schema\/logo\/image\/\",\"url\":\"https:\/\/tourtravelandmore.com\/wp-content\/uploads\/2022\/12\/cropped-logo-cabecera-new.png\",\"contentUrl\":\"https:\/\/tourtravelandmore.com\/wp-content\/uploads\/2022\/12\/cropped-logo-cabecera-new.png\",\"width\":430,\"height\":61,\"caption\":\"Tour Travel And More\"},\"image\":{\"@id\":\"https:\/\/tourtravelandmore.com\/es\/#\/schema\/logo\/image\/\"},\"sameAs\":[\"https:\/\/www.facebook.com\/tourtravelandmore\/\",\"https:\/\/x.com\/TourTravel_More\"]}]}<\/script>\n<!-- \/ Yoast SEO Premium plugin. -->","yoast_head_json":{"title":"tour privado Amsterdam desde Bruselas con guia y vehiculo | TTM","description":"Reserva este tour privado Amsterdam desde Bruselas con guia y vehiculo privado y descubre una de las ciudades m\u00e1s bonitas de Europa.","robots":{"index":"index","follow":"follow","max-snippet":"max-snippet:-1","max-image-preview":"max-image-preview:large","max-video-preview":"max-video-preview:-1"},"canonical":"https:\/\/tourtravelandmore.com\/es\/tours\/belgica-es\/bruselas-es\/tour-privado-amsterdam-desde-bruselas-con-guia-y-vehiculo\/","og_locale":"es_ES","og_type":"article","og_title":"Tour Privado a \u00c1msterdam desde Bruselas","og_description":"Reserva este tour privado Amsterdam desde Bruselas con guia y vehiculo privado y descubre una de las ciudades m\u00e1s bonitas de Europa.","og_url":"https:\/\/tourtravelandmore.com\/es\/tours\/belgica-es\/bruselas-es\/tour-privado-amsterdam-desde-bruselas-con-guia-y-vehiculo\/","og_site_name":"Tour Travel And More","article_publisher":"https:\/\/www.facebook.com\/tourtravelandmore\/","article_modified_time":"2022-12-27T14:40:30+00:00","og_image":[{"width":960,"height":637,"url":"https:\/\/tourtravelandmore.com\/wp-content\/uploads\/2020\/03\/amster-1.jpg","type":"image\/jpeg"}],"twitter_card":"summary_large_image","twitter_site":"@TourTravel_More","twitter_misc":{"Tiempo de lectura":"3 minutos"},"schema":{"@context":"https:\/\/schema.org","@graph":[{"@type":"WebPage","@id":"https:\/\/tourtravelandmore.com\/es\/tours\/belgica-es\/bruselas-es\/tour-privado-amsterdam-desde-bruselas-con-guia-y-vehiculo\/","url":"https:\/\/tourtravelandmore.com\/es\/tours\/belgica-es\/bruselas-es\/tour-privado-amsterdam-desde-bruselas-con-guia-y-vehiculo\/","name":"tour privado Amsterdam desde Bruselas con guia y vehiculo | TTM","isPartOf":{"@id":"https:\/\/tourtravelandmore.com\/es\/#website"},"primaryImageOfPage":{"@id":"https:\/\/tourtravelandmore.com\/es\/tours\/belgica-es\/bruselas-es\/tour-privado-amsterdam-desde-bruselas-con-guia-y-vehiculo\/#primaryimage"},"image":{"@id":"https:\/\/tourtravelandmore.com\/es\/tours\/belgica-es\/bruselas-es\/tour-privado-amsterdam-desde-bruselas-con-guia-y-vehiculo\/#primaryimage"},"thumbnailUrl":"https:\/\/tourtravelandmore.com\/wp-content\/uploads\/2020\/03\/amster-1.jpg","datePublished":"2020-03-19T12:26:50+00:00","dateModified":"2022-12-27T14:40:30+00:00","description":"Reserva este tour privado Amsterdam desde Bruselas con guia y vehiculo privado y descubre una de las ciudades m\u00e1s bonitas de Europa.","breadcrumb":{"@id":"https:\/\/tourtravelandmore.com\/es\/tours\/belgica-es\/bruselas-es\/tour-privado-amsterdam-desde-bruselas-con-guia-y-vehiculo\/#breadcrumb"},"inLanguage":"es","potentialAction":[{"@type":"ReadAction","target":["https:\/\/tourtravelandmore.com\/es\/tours\/belgica-es\/bruselas-es\/tour-privado-amsterdam-desde-bruselas-con-guia-y-vehiculo\/"]}]},{"@type":"ImageObject","inLanguage":"es","@id":"https:\/\/tourtravelandmore.com\/es\/tours\/belgica-es\/bruselas-es\/tour-privado-amsterdam-desde-bruselas-con-guia-y-vehiculo\/#primaryimage","url":"https:\/\/tourtravelandmore.com\/wp-content\/uploads\/2020\/03\/amster-1.jpg","contentUrl":"https:\/\/tourtravelandmore.com\/wp-content\/uploads\/2020\/03\/amster-1.jpg","width":960,"height":637},{"@type":"BreadcrumbList","@id":"https:\/\/tourtravelandmore.com\/es\/tours\/belgica-es\/bruselas-es\/tour-privado-amsterdam-desde-bruselas-con-guia-y-vehiculo\/#breadcrumb","itemListElement":[{"@type":"ListItem","position":1,"name":"Home","item":"https:\/\/tourtravelandmore.com\/es\/"},{"@type":"ListItem","position":2,"name":"Tours","item":"https:\/\/tourtravelandmore.com\/es\/tours\/"},{"@type":"ListItem","position":3,"name":"Tour Privado a \u00c1msterdam desde Bruselas"}]},{"@type":"WebSite","@id":"https:\/\/tourtravelandmore.com\/es\/#website","url":"https:\/\/tourtravelandmore.com\/es\/","name":"Tour Travel And More","description":"Private sightseeing tours and luxury transfers in Spain","publisher":{"@id":"https:\/\/tourtravelandmore.com\/es\/#organization"},"potentialAction":[{"@type":"SearchAction","target":{"@type":"EntryPoint","urlTemplate":"https:\/\/tourtravelandmore.com\/es\/?s={search_term_string}"},"query-input":{"@type":"PropertyValueSpecification","valueRequired":true,"valueName":"search_term_string"}}],"inLanguage":"es"},{"@type":"Organization","@id":"https:\/\/tourtravelandmore.com\/es\/#organization","name":"Tour Travel And More","url":"https:\/\/tourtravelandmore.com\/es\/","logo":{"@type":"ImageObject","inLanguage":"es","@id":"https:\/\/tourtravelandmore.com\/es\/#\/schema\/logo\/image\/","url":"https:\/\/tourtravelandmore.com\/wp-content\/uploads\/2022\/12\/cropped-logo-cabecera-new.png","contentUrl":"https:\/\/tourtravelandmore.com\/wp-content\/uploads\/2022\/12\/cropped-logo-cabecera-new.png","width":430,"height":61,"caption":"Tour Travel And More"},"image":{"@id":"https:\/\/tourtravelandmore.com\/es\/#\/schema\/logo\/image\/"},"sameAs":["https:\/\/www.facebook.com\/tourtravelandmore\/","https:\/\/x.com\/TourTravel_More"]}]}},"_links":{"self":[{"href":"https:\/\/tourtravelandmore.com\/es\/wp-json\/wp\/v2\/product\/78757","targetHints":{"allow":["GET"]}}],"collection":[{"href":"https:\/\/tourtravelandmore.com\/es\/wp-json\/wp\/v2\/product"}],"about":[{"href":"https:\/\/tourtravelandmore.com\/es\/wp-json\/wp\/v2\/types\/product"}],"replies":[{"embeddable":true,"href":"https:\/\/tourtravelandmore.com\/es\/wp-json\/wp\/v2\/comments?post=78757"}],"wp:featuredmedia":[{"embeddable":true,"href":"https:\/\/tourtravelandmore.com\/es\/wp-json\/wp\/v2\/media\/78767"}],"wp:attachment":[{"href":"https:\/\/tourtravelandmore.com\/es\/wp-json\/wp\/v2\/media?parent=78757"}],"wp:term":[{"taxonomy":"product_brand","embeddable":true,"href":"https:\/\/tourtravelandmore.com\/es\/wp-json\/wp\/v2\/product_brand?post=78757"},{"taxonomy":"product_cat","embeddable":true,"href":"https:\/\/tourtravelandmore.com\/es\/wp-json\/wp\/v2\/product_cat?post=78757"},{"taxonomy":"product_tag","embeddable":true,"href":"https:\/\/tourtravelandmore.com\/es\/wp-json\/wp\/v2\/product_tag?post=78757"}],"curies":[{"name":"wp","href":"https:\/\/api.w.org\/{rel}","templated":true}]}}