{"id":78728,"date":"2020-03-19T12:41:54","date_gmt":"2020-03-19T11:41:55","guid":{"rendered":"https:\/\/tourtravelandmore.com\/?post_type=product&#038;p=78728"},"modified":"2022-12-27T18:04:00","modified_gmt":"2022-12-27T17:04:00","slug":"city-tour-privado-de-8-horas-a-malinas-lovaina","status":"publish","type":"product","link":"https:\/\/tourtravelandmore.com\/es\/tours\/belgica-es\/bruselas-es\/city-tour-privado-de-8-horas-a-malinas-lovaina\/","title":{"rendered":"Tour Privado a Malinas y Lovaina desde Bruselas"},"content":{"rendered":"<h2>Descripci\u00f3n del Tour Privado a Malinas y Lovaina desde Bruselas<\/h2>\n<p>Disfruta de este tour a Malinas y Lovaina desde Bruselas con su gu\u00eda oficial privado y veh\u00edculo con chofer privado.<\/p>\n<p><span style=\"font-weight: 400;\">Descubre <\/span><span style=\"font-weight: 400;\">las fant\u00e1sticas ciudades de Malinas y Lovaina en la regi\u00f3n de Flandes. Es un divertido paseo que podr\u00e1 hacerlo en tren, o si usted prefiere, a bordo de un <\/span><b>veh\u00edculo privado de lujo con chofer<\/b><span style=\"font-weight: 400;\">. <\/span><\/p>\n<p><span style=\"font-weight: 400;\">Malinas y Lovaina son dos joyas tur\u00edsticas dignas de recorrer porque ofrecen una gustosa mezcla de historia, arte y cultura que debe aprovechar de conocer durante su paso por Bruselas.<\/span><\/p>\n<p><span style=\"font-weight: 400;\">Este tour a Malinas y Lovaina desde Bruselas, tiene una duraci\u00f3n de 8 Horas. Es un tour completamente privado, pueden escoger la hora y lugar de comienzo.<\/span><\/p>\n<h2><strong>Puntos de inter\u00e9s del Tour Privado a Malinas y Lovaina desde Bruselas<\/strong><\/h2>\n<p><span style=\"font-weight: 400;\">El primer punto tur\u00edstico recomendado para recorrer en Malinas, Patrimonio de la Humanidad de la Unesco, es el centro hist\u00f3rico, comenzando con la <\/span><b>plaza Grote Markt<\/b><span style=\"font-weight: 400;\"> o la Gran Plaza. Desde all\u00ed podr\u00e1 admirar estructuras con un estilo renacentista y rococ\u00f3. Es muy notable la <\/span><b>Catedral de San Rumoldo<\/b><span style=\"font-weight: 400;\"> de 118 metros de altura construida en el siglo XIII y su torre de campanarios.\u00a0<\/span><\/p>\n<p><span style=\"font-weight: 400;\">En esa misma plaza est\u00e1 ubicado el <\/span><b>Ayuntamiento de Malinas<\/b><span style=\"font-weight: 400;\"> que tiene un su fachada la sensacional <\/span><b>escultura de Carlos de Austria<\/b><span style=\"font-weight: 400;\">, I de Espa\u00f1a y V de Alemania. En ese mismo lugar, podr\u00e1 recorrer\u00a0 el Palacio de Margarita de Austria, quien fuera t\u00eda de Carlos V; y admirar los edificios del <\/span><b>Palacio del Gran Consejo<\/b><span style=\"font-weight: 400;\">, <\/span><b>el Belffroi<\/b><span style=\"font-weight: 400;\">, el <\/span><b>Beguinaje Mayor<\/b><span style=\"font-weight: 400;\">, el <\/span><b>peque\u00f1o Beguinaje<\/b><span style=\"font-weight: 400;\"> y la <\/span><b>Lonja de los Pa\u00f1os<\/b><span style=\"font-weight: 400;\">, el edificio m\u00e1s antiguo del lugar.<\/span><\/p>\n<p><span style=\"font-weight: 400;\">Su gu\u00eda lo impregnar\u00e1 de historia sobre el <\/span><b>canal de Malinas<\/b><span style=\"font-weight: 400;\">, la ostentosa <\/span><b>Iglesia de San Juan<\/b><span style=\"font-weight: 400;\">, <\/span><b>el Palacio Van Busleyden<\/b> <b>y el Canal Dyle<\/b><span style=\"font-weight: 400;\">, as\u00ed como de la <\/span><b>f\u00e1brica de cerveza Het Anker<\/b><span style=\"font-weight: 400;\">.<\/span><\/p>\n<p><span style=\"font-weight: 400;\">En la segunda parte del tour, conocer\u00e1 la <\/span><b>ciudad de Lovaina<\/b><span style=\"font-weight: 400;\">, reconocida popularmente por ser una ciudad universitaria, adem\u00e1s de tener calles, plazas y fachadas hermosas con una rica historia.<\/span><\/p>\n<p><span style=\"font-weight: 400;\">Comenzaremos el tour de Lovaina por <\/span><b>Grote Mark<\/b><span style=\"font-weight: 400;\">, una plaza peque\u00f1a pero realmente encantadora. En esa misma plaza no deje de detallar la <\/span><b>Fuente de la Sabidur\u00eda<\/b><span style=\"font-weight: 400;\">, la cual est\u00e1 representada por un estudiante cuya sabidur\u00eda se desliza en forma de agua por su cabeza. Luego visitar\u00e1 <\/span><b>el Ayuntamiento<\/b><span style=\"font-weight: 400;\"> con un espectacular estilo g\u00f3tico brabantino, lo mismo con respecto a la estructura de la <\/span><b>Iglesia de San Padro<\/b><span style=\"font-weight: 400;\">.\u00a0<\/span><\/p>\n<p><span style=\"font-weight: 400;\">Luego podr\u00e1 apreciar la plaza <\/span><b>Oude Mark<\/b><span style=\"font-weight: 400;\"> en un ambiente alegre lleno de bares y restaurantes. Otro lugar que podr\u00e1 visitar en Lovaina, es la hermosa <\/span><b>Biblioteca Lovaina o Bibliotheektoren<\/b><span style=\"font-weight: 400;\">. Por \u00faltimo, podr\u00e1 conocer el al <\/span><b>Grand Beguinaje<\/b><span style=\"font-weight: 400;\">, uno de los lugares m\u00e1s atractivos de toda B\u00e9lgica que pertenece a la universidad de Lovaina, y funciona como su campus universitario.<\/span><\/p>\n<p>Si dispone de m\u00e1s d\u00edas en Bruselas, puedes consultar <a href=\"https:\/\/tourtravelandmore.com\/es\/ciudad\/belgica-es\/bruselas-es\/\"><strong>aqu\u00ed<\/strong><\/a>, el resto de tours privados que ofrecemos en la ciudad.<\/p>\n","protected":false},"excerpt":{"rendered":"<p>Disfrute de este <strong>tour privado de 8 horas a<\/strong> <b>Malinas y Lovaina desde Bruselas<\/b>. Tome esta oportunidad para conocer y disfrutar de estas hermosas ciudades durante este tour con vuestro gu\u00eda oficial privado. Conozca los monumentos y zonas m\u00e1s emblem\u00e1ticas como la\u00a0<b>Biblioteca Lovaina o Bibliotheektoren, Grand Beguinaje<\/b><strong>\u00a0<\/strong>y muchos lugares m\u00e1s.<\/p>\n<p>&nbsp;<\/p>\n","protected":false},"featured_media":78739,"comment_status":"open","ping_status":"closed","template":"","meta":{"_acf_changed":false},"product_brand":[],"product_cat":[1454,1459,1458],"product_tag":[],"class_list":{"0":"post-78728","1":"product","2":"type-product","3":"status-publish","4":"has-post-thumbnail","6":"product_cat-bruselas-es","7":"product_cat-bruselas-actividades-es","8":"product_cat-bruselas-rutas-turisticas-privadas-es","10":"first","11":"instock","12":"shipping-taxable","13":"purchasable","14":"product-type-simple"},"acf":[],"yoast_head":"<!-- This site is optimized with the Yoast SEO Premium plugin v25.3.1 (Yoast SEO v25.3.1) - https:\/\/yoast.com\/wordpress\/plugins\/seo\/ -->\n<title>Tour a Malinas y Lovaina desde Bruselas con guia y vehiculo privado | TTM<\/title>\n<meta name=\"description\" content=\"Reserva un tour privado por Malinas y Lovaina. Disfrute de estas hermosas ciudades en un mismo d\u00eda con su gu\u00eda y vehiculo privado.\" \/>\n<meta name=\"robots\" content=\"index, follow, max-snippet:-1, max-image-preview:large, max-video-preview:-1\" \/>\n<link rel=\"canonical\" href=\"https:\/\/tourtravelandmore.com\/es\/tours\/belgica-es\/bruselas-es\/city-tour-privado-de-8-horas-a-malinas-lovaina\/\" \/>\n<meta property=\"og:locale\" content=\"es_ES\" \/>\n<meta property=\"og:type\" content=\"article\" \/>\n<meta property=\"og:title\" content=\"Tour Privado a Malinas y Lovaina desde Bruselas\" \/>\n<meta property=\"og:description\" content=\"Reserva un tour privado por Malinas y Lovaina. Disfrute de estas hermosas ciudades en un mismo d\u00eda con su gu\u00eda y vehiculo privado.\" \/>\n<meta property=\"og:url\" content=\"https:\/\/tourtravelandmore.com\/es\/tours\/belgica-es\/bruselas-es\/city-tour-privado-de-8-horas-a-malinas-lovaina\/\" \/>\n<meta property=\"og:site_name\" content=\"Tour Travel And More\" \/>\n<meta property=\"article:publisher\" content=\"https:\/\/www.facebook.com\/tourtravelandmore\/\" \/>\n<meta property=\"article:modified_time\" content=\"2022-12-27T17:04:00+00:00\" \/>\n<meta property=\"og:image\" content=\"https:\/\/tourtravelandmore.com\/wp-content\/uploads\/2020\/03\/mechelen-3-1.jpg\" \/>\n\t<meta property=\"og:image:width\" content=\"1024\" \/>\n\t<meta property=\"og:image:height\" content=\"768\" \/>\n\t<meta property=\"og:image:type\" content=\"image\/jpeg\" \/>\n<meta name=\"twitter:card\" content=\"summary_large_image\" \/>\n<meta name=\"twitter:site\" content=\"@TourTravel_More\" \/>\n<meta name=\"twitter:label1\" content=\"Tiempo de lectura\" \/>\n\t<meta name=\"twitter:data1\" content=\"3 minutos\" \/>\n<script type=\"application\/ld+json\" class=\"yoast-schema-graph\">{\"@context\":\"https:\/\/schema.org\",\"@graph\":[{\"@type\":\"WebPage\",\"@id\":\"https:\/\/tourtravelandmore.com\/es\/tours\/belgica-es\/bruselas-es\/city-tour-privado-de-8-horas-a-malinas-lovaina\/\",\"url\":\"https:\/\/tourtravelandmore.com\/es\/tours\/belgica-es\/bruselas-es\/city-tour-privado-de-8-horas-a-malinas-lovaina\/\",\"name\":\"Tour a Malinas y Lovaina desde Bruselas con guia y vehiculo privado | TTM\",\"isPartOf\":{\"@id\":\"https:\/\/tourtravelandmore.com\/es\/#website\"},\"primaryImageOfPage\":{\"@id\":\"https:\/\/tourtravelandmore.com\/es\/tours\/belgica-es\/bruselas-es\/city-tour-privado-de-8-horas-a-malinas-lovaina\/#primaryimage\"},\"image\":{\"@id\":\"https:\/\/tourtravelandmore.com\/es\/tours\/belgica-es\/bruselas-es\/city-tour-privado-de-8-horas-a-malinas-lovaina\/#primaryimage\"},\"thumbnailUrl\":\"https:\/\/tourtravelandmore.com\/wp-content\/uploads\/2020\/03\/mechelen-3-1.jpg\",\"datePublished\":\"2020-03-19T11:41:55+00:00\",\"dateModified\":\"2022-12-27T17:04:00+00:00\",\"description\":\"Reserva un tour privado por Malinas y Lovaina. Disfrute de estas hermosas ciudades en un mismo d\u00eda con su gu\u00eda y vehiculo privado.\",\"breadcrumb\":{\"@id\":\"https:\/\/tourtravelandmore.com\/es\/tours\/belgica-es\/bruselas-es\/city-tour-privado-de-8-horas-a-malinas-lovaina\/#breadcrumb\"},\"inLanguage\":\"es\",\"potentialAction\":[{\"@type\":\"ReadAction\",\"target\":[\"https:\/\/tourtravelandmore.com\/es\/tours\/belgica-es\/bruselas-es\/city-tour-privado-de-8-horas-a-malinas-lovaina\/\"]}]},{\"@type\":\"ImageObject\",\"inLanguage\":\"es\",\"@id\":\"https:\/\/tourtravelandmore.com\/es\/tours\/belgica-es\/bruselas-es\/city-tour-privado-de-8-horas-a-malinas-lovaina\/#primaryimage\",\"url\":\"https:\/\/tourtravelandmore.com\/wp-content\/uploads\/2020\/03\/mechelen-3-1.jpg\",\"contentUrl\":\"https:\/\/tourtravelandmore.com\/wp-content\/uploads\/2020\/03\/mechelen-3-1.jpg\",\"width\":1024,\"height\":768},{\"@type\":\"BreadcrumbList\",\"@id\":\"https:\/\/tourtravelandmore.com\/es\/tours\/belgica-es\/bruselas-es\/city-tour-privado-de-8-horas-a-malinas-lovaina\/#breadcrumb\",\"itemListElement\":[{\"@type\":\"ListItem\",\"position\":1,\"name\":\"Home\",\"item\":\"https:\/\/tourtravelandmore.com\/es\/\"},{\"@type\":\"ListItem\",\"position\":2,\"name\":\"Tours\",\"item\":\"https:\/\/tourtravelandmore.com\/es\/tours\/\"},{\"@type\":\"ListItem\",\"position\":3,\"name\":\"Tour Privado a Malinas y Lovaina desde Bruselas\"}]},{\"@type\":\"WebSite\",\"@id\":\"https:\/\/tourtravelandmore.com\/es\/#website\",\"url\":\"https:\/\/tourtravelandmore.com\/es\/\",\"name\":\"Tour Travel And More\",\"description\":\"Private sightseeing tours and luxury transfers in Spain\",\"publisher\":{\"@id\":\"https:\/\/tourtravelandmore.com\/es\/#organization\"},\"potentialAction\":[{\"@type\":\"SearchAction\",\"target\":{\"@type\":\"EntryPoint\",\"urlTemplate\":\"https:\/\/tourtravelandmore.com\/es\/?s={search_term_string}\"},\"query-input\":{\"@type\":\"PropertyValueSpecification\",\"valueRequired\":true,\"valueName\":\"search_term_string\"}}],\"inLanguage\":\"es\"},{\"@type\":\"Organization\",\"@id\":\"https:\/\/tourtravelandmore.com\/es\/#organization\",\"name\":\"Tour Travel And More\",\"url\":\"https:\/\/tourtravelandmore.com\/es\/\",\"logo\":{\"@type\":\"ImageObject\",\"inLanguage\":\"es\",\"@id\":\"https:\/\/tourtravelandmore.com\/es\/#\/schema\/logo\/image\/\",\"url\":\"https:\/\/tourtravelandmore.com\/wp-content\/uploads\/2022\/12\/cropped-logo-cabecera-new.png\",\"contentUrl\":\"https:\/\/tourtravelandmore.com\/wp-content\/uploads\/2022\/12\/cropped-logo-cabecera-new.png\",\"width\":430,\"height\":61,\"caption\":\"Tour Travel And More\"},\"image\":{\"@id\":\"https:\/\/tourtravelandmore.com\/es\/#\/schema\/logo\/image\/\"},\"sameAs\":[\"https:\/\/www.facebook.com\/tourtravelandmore\/\",\"https:\/\/x.com\/TourTravel_More\"]}]}<\/script>\n<!-- \/ Yoast SEO Premium plugin. -->","yoast_head_json":{"title":"Tour a Malinas y Lovaina desde Bruselas con guia y vehiculo privado | TTM","description":"Reserva un tour privado por Malinas y Lovaina. Disfrute de estas hermosas ciudades en un mismo d\u00eda con su gu\u00eda y vehiculo privado.","robots":{"index":"index","follow":"follow","max-snippet":"max-snippet:-1","max-image-preview":"max-image-preview:large","max-video-preview":"max-video-preview:-1"},"canonical":"https:\/\/tourtravelandmore.com\/es\/tours\/belgica-es\/bruselas-es\/city-tour-privado-de-8-horas-a-malinas-lovaina\/","og_locale":"es_ES","og_type":"article","og_title":"Tour Privado a Malinas y Lovaina desde Bruselas","og_description":"Reserva un tour privado por Malinas y Lovaina. Disfrute de estas hermosas ciudades en un mismo d\u00eda con su gu\u00eda y vehiculo privado.","og_url":"https:\/\/tourtravelandmore.com\/es\/tours\/belgica-es\/bruselas-es\/city-tour-privado-de-8-horas-a-malinas-lovaina\/","og_site_name":"Tour Travel And More","article_publisher":"https:\/\/www.facebook.com\/tourtravelandmore\/","article_modified_time":"2022-12-27T17:04:00+00:00","og_image":[{"width":1024,"height":768,"url":"https:\/\/tourtravelandmore.com\/wp-content\/uploads\/2020\/03\/mechelen-3-1.jpg","type":"image\/jpeg"}],"twitter_card":"summary_large_image","twitter_site":"@TourTravel_More","twitter_misc":{"Tiempo de lectura":"3 minutos"},"schema":{"@context":"https:\/\/schema.org","@graph":[{"@type":"WebPage","@id":"https:\/\/tourtravelandmore.com\/es\/tours\/belgica-es\/bruselas-es\/city-tour-privado-de-8-horas-a-malinas-lovaina\/","url":"https:\/\/tourtravelandmore.com\/es\/tours\/belgica-es\/bruselas-es\/city-tour-privado-de-8-horas-a-malinas-lovaina\/","name":"Tour a Malinas y Lovaina desde Bruselas con guia y vehiculo privado | TTM","isPartOf":{"@id":"https:\/\/tourtravelandmore.com\/es\/#website"},"primaryImageOfPage":{"@id":"https:\/\/tourtravelandmore.com\/es\/tours\/belgica-es\/bruselas-es\/city-tour-privado-de-8-horas-a-malinas-lovaina\/#primaryimage"},"image":{"@id":"https:\/\/tourtravelandmore.com\/es\/tours\/belgica-es\/bruselas-es\/city-tour-privado-de-8-horas-a-malinas-lovaina\/#primaryimage"},"thumbnailUrl":"https:\/\/tourtravelandmore.com\/wp-content\/uploads\/2020\/03\/mechelen-3-1.jpg","datePublished":"2020-03-19T11:41:55+00:00","dateModified":"2022-12-27T17:04:00+00:00","description":"Reserva un tour privado por Malinas y Lovaina. Disfrute de estas hermosas ciudades en un mismo d\u00eda con su gu\u00eda y vehiculo privado.","breadcrumb":{"@id":"https:\/\/tourtravelandmore.com\/es\/tours\/belgica-es\/bruselas-es\/city-tour-privado-de-8-horas-a-malinas-lovaina\/#breadcrumb"},"inLanguage":"es","potentialAction":[{"@type":"ReadAction","target":["https:\/\/tourtravelandmore.com\/es\/tours\/belgica-es\/bruselas-es\/city-tour-privado-de-8-horas-a-malinas-lovaina\/"]}]},{"@type":"ImageObject","inLanguage":"es","@id":"https:\/\/tourtravelandmore.com\/es\/tours\/belgica-es\/bruselas-es\/city-tour-privado-de-8-horas-a-malinas-lovaina\/#primaryimage","url":"https:\/\/tourtravelandmore.com\/wp-content\/uploads\/2020\/03\/mechelen-3-1.jpg","contentUrl":"https:\/\/tourtravelandmore.com\/wp-content\/uploads\/2020\/03\/mechelen-3-1.jpg","width":1024,"height":768},{"@type":"BreadcrumbList","@id":"https:\/\/tourtravelandmore.com\/es\/tours\/belgica-es\/bruselas-es\/city-tour-privado-de-8-horas-a-malinas-lovaina\/#breadcrumb","itemListElement":[{"@type":"ListItem","position":1,"name":"Home","item":"https:\/\/tourtravelandmore.com\/es\/"},{"@type":"ListItem","position":2,"name":"Tours","item":"https:\/\/tourtravelandmore.com\/es\/tours\/"},{"@type":"ListItem","position":3,"name":"Tour Privado a Malinas y Lovaina desde Bruselas"}]},{"@type":"WebSite","@id":"https:\/\/tourtravelandmore.com\/es\/#website","url":"https:\/\/tourtravelandmore.com\/es\/","name":"Tour Travel And More","description":"Private sightseeing tours and luxury transfers in Spain","publisher":{"@id":"https:\/\/tourtravelandmore.com\/es\/#organization"},"potentialAction":[{"@type":"SearchAction","target":{"@type":"EntryPoint","urlTemplate":"https:\/\/tourtravelandmore.com\/es\/?s={search_term_string}"},"query-input":{"@type":"PropertyValueSpecification","valueRequired":true,"valueName":"search_term_string"}}],"inLanguage":"es"},{"@type":"Organization","@id":"https:\/\/tourtravelandmore.com\/es\/#organization","name":"Tour Travel And More","url":"https:\/\/tourtravelandmore.com\/es\/","logo":{"@type":"ImageObject","inLanguage":"es","@id":"https:\/\/tourtravelandmore.com\/es\/#\/schema\/logo\/image\/","url":"https:\/\/tourtravelandmore.com\/wp-content\/uploads\/2022\/12\/cropped-logo-cabecera-new.png","contentUrl":"https:\/\/tourtravelandmore.com\/wp-content\/uploads\/2022\/12\/cropped-logo-cabecera-new.png","width":430,"height":61,"caption":"Tour Travel And More"},"image":{"@id":"https:\/\/tourtravelandmore.com\/es\/#\/schema\/logo\/image\/"},"sameAs":["https:\/\/www.facebook.com\/tourtravelandmore\/","https:\/\/x.com\/TourTravel_More"]}]}},"_links":{"self":[{"href":"https:\/\/tourtravelandmore.com\/es\/wp-json\/wp\/v2\/product\/78728","targetHints":{"allow":["GET"]}}],"collection":[{"href":"https:\/\/tourtravelandmore.com\/es\/wp-json\/wp\/v2\/product"}],"about":[{"href":"https:\/\/tourtravelandmore.com\/es\/wp-json\/wp\/v2\/types\/product"}],"replies":[{"embeddable":true,"href":"https:\/\/tourtravelandmore.com\/es\/wp-json\/wp\/v2\/comments?post=78728"}],"wp:featuredmedia":[{"embeddable":true,"href":"https:\/\/tourtravelandmore.com\/es\/wp-json\/wp\/v2\/media\/78739"}],"wp:attachment":[{"href":"https:\/\/tourtravelandmore.com\/es\/wp-json\/wp\/v2\/media?parent=78728"}],"wp:term":[{"taxonomy":"product_brand","embeddable":true,"href":"https:\/\/tourtravelandmore.com\/es\/wp-json\/wp\/v2\/product_brand?post=78728"},{"taxonomy":"product_cat","embeddable":true,"href":"https:\/\/tourtravelandmore.com\/es\/wp-json\/wp\/v2\/product_cat?post=78728"},{"taxonomy":"product_tag","embeddable":true,"href":"https:\/\/tourtravelandmore.com\/es\/wp-json\/wp\/v2\/product_tag?post=78728"}],"curies":[{"name":"wp","href":"https:\/\/api.w.org\/{rel}","templated":true}]}}