{"id":78700,"date":"2020-03-19T12:09:26","date_gmt":"2020-03-19T11:09:27","guid":{"rendered":"https:\/\/tourtravelandmore.com\/?post_type=product&#038;p=78700"},"modified":"2022-12-27T18:04:06","modified_gmt":"2022-12-27T17:04:06","slug":"tour-a-lovaina-desde-bruselas-con-guia-y-vehiculo-privado","status":"publish","type":"product","link":"https:\/\/tourtravelandmore.com\/es\/tours\/belgica-es\/bruselas-es\/tour-a-lovaina-desde-bruselas-con-guia-y-vehiculo-privado\/","title":{"rendered":"Tour Privado a Lovaina desde Bruselas"},"content":{"rendered":"<h2><strong>Descripci\u00f3n del Tour Privado a Lovaina desde Bruselas<\/strong><\/h2>\n<p><span style=\"font-weight: 400;\">Reserva este tour a Lovaina desde Bruselas con gu\u00eda oficial y veh\u00edculo privado con ch\u00f3fer.<br \/>\n<\/span><\/p>\n<p>Su conductor a la hora escogida le recoger\u00e1 y nos dirigiremos a Lovaina, d\u00f3nde estar\u00e1 esperando nuestro gu\u00eda para empezar un recorrido privado de la ciudad de 2 Horas.<\/p>\n<p><span style=\"font-weight: 400;\">La ciudad de Lovaina es una oportunidad perfecta que no podr\u00e1 desperdiciar, no solo porque se encuentra relativamente cerca, sino porque adem\u00e1s <\/span><i><span style=\"font-weight: 400;\">es <\/span><\/i><span style=\"font-weight: 400;\">otra joya de B\u00e9lgica digna de explorar con un interesante contenido cultural y una historia fant\u00e1stica. Le invitamos a hacer un agradable <\/span><b>tour a Lovaina desde Bruselas de 6 horas<\/b><span style=\"font-weight: 400;\"> a bordo de un <\/span><b>veh\u00edculo privado de lujo con ch\u00f3fer<\/b><span style=\"font-weight: 400;\">.<\/span><\/p>\n<p><span style=\"font-weight: 400;\">En nuestro programa tur\u00edstico de Bruselas a Lovaina, usted podr\u00e1 escoger el punto de encuentro para iniciar el trayecto bien sea en su <\/span><b>coche privado de lujo<\/b><span style=\"font-weight: 400;\"> o en tren. Si decide este \u00faltimo, la Estaci\u00f3n Central de Bruselas ser\u00e1 el lugar apropiado.<\/span><\/p>\n<p><span style=\"font-weight: 400;\">Lovaina es reconocida por albergar prestigiosas universidades, y por eso se denomina \u201cciudad universitaria\u201d, por lo que no deber\u00e1 sorprenderse de toparse con un gran n\u00famero de estudiantes haciendo vida por doquier.<\/span><\/p>\n<h2><b>Puntos de inter\u00e9s en el tour privado<br \/>\n<\/b><\/h2>\n<p><span style=\"font-weight: 400;\">Iniciaremos el primer punto en <\/span><b>el Museo de Lovaina<\/b><span style=\"font-weight: 400;\">, un museo que combina el arte contempor\u00e1neo con el arte del siglo XIX, una mezcla de colecciones de ayer y hoy. Tiene un jard\u00edn interior y una terraza panor\u00e1mica con una vista impresionante de la ciudad. Eso s\u00ed, queremos mencionar que la terraza est\u00e1 cerrada durante el invierno.<\/span><\/p>\n<p><span style=\"font-weight: 400;\">Para completar la visita del Museo de Lovaina, nos adentramos en el <\/span><b>Sint-Pierters-Kerk<\/b><span style=\"font-weight: 400;\"> para admirar el famoso cuadro \u201cLa \u00faltima cena\u201d del pintor holand\u00e9s Dirk Bouts, una obra que siempre ha sido exhibida en el mismo lugar.<\/span><\/p>\n<p><span style=\"font-weight: 400;\">Posteriormente, daremos un paseo alrededor del <\/span><b>Ayuntamiento<\/b><span style=\"font-weight: 400;\">; con sus t\u00edpicas casas flamencas y sus calles empedradas, es realmente hermoso.<\/span><\/p>\n<p><span style=\"font-weight: 400;\">Pasaremos por <\/span><b>Grote Mark o Grand Place<\/b><span style=\"font-weight: 400;\">, un lugar no muy extenso pero muy ic\u00f3nico con sus t\u00edpicas casas, tabernas y restaurantes flamencos. En este sitio es muy notable la <\/span><b>Fuente de la Sabidur\u00eda<\/b><span style=\"font-weight: 400;\">, una representaci\u00f3n muy apreciada del conocimiento humano.\u00a0<\/span><\/p>\n<p><span style=\"font-weight: 400;\">Luego visitaremos el lugar m\u00e1s importante y emblem\u00e1tico de Lovaina: <\/span><b>la Biblioteca Lovaina o Bibliotheektoren<\/b><span style=\"font-weight: 400;\">. Este lugar fue destruido por los alemanes durante las dos guerras mundiales y es uno de los s\u00edmbolos del Renacimiento flamenco. La biblioteca y sobre todo la sala de lectura parecen sacadas directamente del universo de Harry Potter. M\u00e1s de un mill\u00f3n de libros est\u00e1n almacenados aqu\u00ed.<\/span><\/p>\n<p><span style=\"font-weight: 400;\">Una peque\u00f1a peculiaridad es <\/span><b>el carill\u00f3n de 60 campanas en la torre de la biblioteca<\/b><span style=\"font-weight: 400;\">. Aprovechamos que estamos en la biblioteca para subir a la cima de la torre para tener una vista panor\u00e1mica de la ciudad.\u00a0<\/span><\/p>\n<p><span style=\"font-weight: 400;\">En los alrededores de la <\/span><b>Universidad de Lovaina<\/b><span style=\"font-weight: 400;\"> se encuentra el <\/span><b>Grand Beguinaje<\/b><span style=\"font-weight: 400;\"> conocido como el campus universitario. Un lugar magn\u00edfico con su sucesi\u00f3n de calles estrechas, plazas, jardines y casas tradicionales de ladrillo.<\/span><\/p>\n<p><span style=\"font-weight: 400;\">Otros lugares dignos de recorrer en este corto <\/span><b>tour de 2 horas por Lovaina<\/b><span style=\"font-weight: 400;\"> son: La Universiteits-Hal, Dijle-Eend y La Sint-Antonius-Kapel.<\/span><\/p>\n<p><span style=\"font-weight: 400;\">Y por \u00faltimo, la <\/span><b>plaza<\/b> <b>Oude Markt<\/b><span style=\"font-weight: 400;\">, un lugar colmado de restaurantes y bares, donde seguramente querr\u00e1 detenerse a deleitar un plato local o una refrescante cerveza belga, despu\u00e9s de finalizar el recorrido con su <\/span><b>gu\u00eda oficial<\/b><span style=\"font-weight: 400;\"> y antes de regresar a Bruselas, bien sea en coche privado o en tren.<\/span><\/p>\n<p>Si dispone de m\u00e1s d\u00edas en la ciudad de Bruselas, pueden consultar <a href=\"https:\/\/tourtravelandmore.com\/es\/ciudad\/belgica-es\/bruselas-es\/\"><strong>aqu\u00ed<\/strong><\/a> el resto de tours privados que ofrecemos en la ciudad.<\/p>\n","protected":false},"excerpt":{"rendered":"<p>Divi\u00e9rtete con este <strong>tour privado de 6 horas por la ciudad de Lovaina desde Bruselas completamente personalizado<\/strong> y conozca sus monumentos y lugares de inter\u00e9s m\u00e1s importantes. Tendr\u00e1 un veh\u00edculo privado de lujo con conductor disponible para todo el recorrido. \u00a1No te pierdas monumentos y lugares de inter\u00e9s, como <strong>Sint-Pierters-Kerk<\/strong>, <strong>el Ayuntamiento<\/strong>, <strong>la Fuente de la Sabidur\u00eda<\/strong> y mucho m\u00e1s!<\/p>\n","protected":false},"featured_media":78710,"comment_status":"open","ping_status":"closed","template":"","meta":{"_acf_changed":false},"product_brand":[],"product_cat":[1454,1459,1458],"product_tag":[],"class_list":{"0":"post-78700","1":"product","2":"type-product","3":"status-publish","4":"has-post-thumbnail","6":"product_cat-bruselas-es","7":"product_cat-bruselas-actividades-es","8":"product_cat-bruselas-rutas-turisticas-privadas-es","10":"first","11":"instock","12":"shipping-taxable","13":"purchasable","14":"product-type-simple"},"acf":[],"yoast_head":"<!-- This site is optimized with the Yoast SEO Premium plugin v25.3.1 (Yoast SEO v25.3.1) - https:\/\/yoast.com\/wordpress\/plugins\/seo\/ -->\n<title>tour a Lovaina desde Bruselas con guia y vehiculo privado | TTM<\/title>\n<meta name=\"description\" content=\"Reserva un tour a Lovaina desde Bruselas y conozca los sitios mas conocidos de esta fant\u00e1stica ciudad con su chofer y guia privado!\" \/>\n<meta name=\"robots\" content=\"index, follow, max-snippet:-1, max-image-preview:large, max-video-preview:-1\" \/>\n<link rel=\"canonical\" href=\"https:\/\/tourtravelandmore.com\/es\/tours\/belgica-es\/bruselas-es\/tour-a-lovaina-desde-bruselas-con-guia-y-vehiculo-privado\/\" \/>\n<meta property=\"og:locale\" content=\"es_ES\" \/>\n<meta property=\"og:type\" content=\"article\" \/>\n<meta property=\"og:title\" content=\"Tour Privado a Lovaina desde Bruselas\" \/>\n<meta property=\"og:description\" content=\"Reserva un tour a Lovaina desde Bruselas y conozca los sitios mas conocidos de esta fant\u00e1stica ciudad con su chofer y guia privado!\" \/>\n<meta property=\"og:url\" content=\"https:\/\/tourtravelandmore.com\/es\/tours\/belgica-es\/bruselas-es\/tour-a-lovaina-desde-bruselas-con-guia-y-vehiculo-privado\/\" \/>\n<meta property=\"og:site_name\" content=\"Tour Travel And More\" \/>\n<meta property=\"article:publisher\" content=\"https:\/\/www.facebook.com\/tourtravelandmore\/\" \/>\n<meta property=\"article:modified_time\" content=\"2022-12-27T17:04:06+00:00\" \/>\n<meta property=\"og:image\" content=\"https:\/\/tourtravelandmore.com\/wp-content\/uploads\/2020\/03\/leuven-6.jpg\" \/>\n\t<meta property=\"og:image:width\" content=\"1024\" \/>\n\t<meta property=\"og:image:height\" content=\"727\" \/>\n\t<meta property=\"og:image:type\" content=\"image\/jpeg\" \/>\n<meta name=\"twitter:card\" content=\"summary_large_image\" \/>\n<meta name=\"twitter:site\" content=\"@TourTravel_More\" \/>\n<meta name=\"twitter:label1\" content=\"Tiempo de lectura\" \/>\n\t<meta name=\"twitter:data1\" content=\"3 minutos\" \/>\n<script type=\"application\/ld+json\" class=\"yoast-schema-graph\">{\"@context\":\"https:\/\/schema.org\",\"@graph\":[{\"@type\":\"WebPage\",\"@id\":\"https:\/\/tourtravelandmore.com\/es\/tours\/belgica-es\/bruselas-es\/tour-a-lovaina-desde-bruselas-con-guia-y-vehiculo-privado\/\",\"url\":\"https:\/\/tourtravelandmore.com\/es\/tours\/belgica-es\/bruselas-es\/tour-a-lovaina-desde-bruselas-con-guia-y-vehiculo-privado\/\",\"name\":\"tour a Lovaina desde Bruselas con guia y vehiculo privado | TTM\",\"isPartOf\":{\"@id\":\"https:\/\/tourtravelandmore.com\/es\/#website\"},\"primaryImageOfPage\":{\"@id\":\"https:\/\/tourtravelandmore.com\/es\/tours\/belgica-es\/bruselas-es\/tour-a-lovaina-desde-bruselas-con-guia-y-vehiculo-privado\/#primaryimage\"},\"image\":{\"@id\":\"https:\/\/tourtravelandmore.com\/es\/tours\/belgica-es\/bruselas-es\/tour-a-lovaina-desde-bruselas-con-guia-y-vehiculo-privado\/#primaryimage\"},\"thumbnailUrl\":\"https:\/\/tourtravelandmore.com\/wp-content\/uploads\/2020\/03\/leuven-6.jpg\",\"datePublished\":\"2020-03-19T11:09:27+00:00\",\"dateModified\":\"2022-12-27T17:04:06+00:00\",\"description\":\"Reserva un tour a Lovaina desde Bruselas y conozca los sitios mas conocidos de esta fant\u00e1stica ciudad con su chofer y guia privado!\",\"breadcrumb\":{\"@id\":\"https:\/\/tourtravelandmore.com\/es\/tours\/belgica-es\/bruselas-es\/tour-a-lovaina-desde-bruselas-con-guia-y-vehiculo-privado\/#breadcrumb\"},\"inLanguage\":\"es\",\"potentialAction\":[{\"@type\":\"ReadAction\",\"target\":[\"https:\/\/tourtravelandmore.com\/es\/tours\/belgica-es\/bruselas-es\/tour-a-lovaina-desde-bruselas-con-guia-y-vehiculo-privado\/\"]}]},{\"@type\":\"ImageObject\",\"inLanguage\":\"es\",\"@id\":\"https:\/\/tourtravelandmore.com\/es\/tours\/belgica-es\/bruselas-es\/tour-a-lovaina-desde-bruselas-con-guia-y-vehiculo-privado\/#primaryimage\",\"url\":\"https:\/\/tourtravelandmore.com\/wp-content\/uploads\/2020\/03\/leuven-6.jpg\",\"contentUrl\":\"https:\/\/tourtravelandmore.com\/wp-content\/uploads\/2020\/03\/leuven-6.jpg\",\"width\":1024,\"height\":727},{\"@type\":\"BreadcrumbList\",\"@id\":\"https:\/\/tourtravelandmore.com\/es\/tours\/belgica-es\/bruselas-es\/tour-a-lovaina-desde-bruselas-con-guia-y-vehiculo-privado\/#breadcrumb\",\"itemListElement\":[{\"@type\":\"ListItem\",\"position\":1,\"name\":\"Home\",\"item\":\"https:\/\/tourtravelandmore.com\/es\/\"},{\"@type\":\"ListItem\",\"position\":2,\"name\":\"Tours\",\"item\":\"https:\/\/tourtravelandmore.com\/es\/tours\/\"},{\"@type\":\"ListItem\",\"position\":3,\"name\":\"Tour Privado a Lovaina desde Bruselas\"}]},{\"@type\":\"WebSite\",\"@id\":\"https:\/\/tourtravelandmore.com\/es\/#website\",\"url\":\"https:\/\/tourtravelandmore.com\/es\/\",\"name\":\"Tour Travel And More\",\"description\":\"Private sightseeing tours and luxury transfers in Spain\",\"publisher\":{\"@id\":\"https:\/\/tourtravelandmore.com\/es\/#organization\"},\"potentialAction\":[{\"@type\":\"SearchAction\",\"target\":{\"@type\":\"EntryPoint\",\"urlTemplate\":\"https:\/\/tourtravelandmore.com\/es\/?s={search_term_string}\"},\"query-input\":{\"@type\":\"PropertyValueSpecification\",\"valueRequired\":true,\"valueName\":\"search_term_string\"}}],\"inLanguage\":\"es\"},{\"@type\":\"Organization\",\"@id\":\"https:\/\/tourtravelandmore.com\/es\/#organization\",\"name\":\"Tour Travel And More\",\"url\":\"https:\/\/tourtravelandmore.com\/es\/\",\"logo\":{\"@type\":\"ImageObject\",\"inLanguage\":\"es\",\"@id\":\"https:\/\/tourtravelandmore.com\/es\/#\/schema\/logo\/image\/\",\"url\":\"https:\/\/tourtravelandmore.com\/wp-content\/uploads\/2022\/12\/cropped-logo-cabecera-new.png\",\"contentUrl\":\"https:\/\/tourtravelandmore.com\/wp-content\/uploads\/2022\/12\/cropped-logo-cabecera-new.png\",\"width\":430,\"height\":61,\"caption\":\"Tour Travel And More\"},\"image\":{\"@id\":\"https:\/\/tourtravelandmore.com\/es\/#\/schema\/logo\/image\/\"},\"sameAs\":[\"https:\/\/www.facebook.com\/tourtravelandmore\/\",\"https:\/\/x.com\/TourTravel_More\"]}]}<\/script>\n<!-- \/ Yoast SEO Premium plugin. -->","yoast_head_json":{"title":"tour a Lovaina desde Bruselas con guia y vehiculo privado | TTM","description":"Reserva un tour a Lovaina desde Bruselas y conozca los sitios mas conocidos de esta fant\u00e1stica ciudad con su chofer y guia privado!","robots":{"index":"index","follow":"follow","max-snippet":"max-snippet:-1","max-image-preview":"max-image-preview:large","max-video-preview":"max-video-preview:-1"},"canonical":"https:\/\/tourtravelandmore.com\/es\/tours\/belgica-es\/bruselas-es\/tour-a-lovaina-desde-bruselas-con-guia-y-vehiculo-privado\/","og_locale":"es_ES","og_type":"article","og_title":"Tour Privado a Lovaina desde Bruselas","og_description":"Reserva un tour a Lovaina desde Bruselas y conozca los sitios mas conocidos de esta fant\u00e1stica ciudad con su chofer y guia privado!","og_url":"https:\/\/tourtravelandmore.com\/es\/tours\/belgica-es\/bruselas-es\/tour-a-lovaina-desde-bruselas-con-guia-y-vehiculo-privado\/","og_site_name":"Tour Travel And More","article_publisher":"https:\/\/www.facebook.com\/tourtravelandmore\/","article_modified_time":"2022-12-27T17:04:06+00:00","og_image":[{"width":1024,"height":727,"url":"https:\/\/tourtravelandmore.com\/wp-content\/uploads\/2020\/03\/leuven-6.jpg","type":"image\/jpeg"}],"twitter_card":"summary_large_image","twitter_site":"@TourTravel_More","twitter_misc":{"Tiempo de lectura":"3 minutos"},"schema":{"@context":"https:\/\/schema.org","@graph":[{"@type":"WebPage","@id":"https:\/\/tourtravelandmore.com\/es\/tours\/belgica-es\/bruselas-es\/tour-a-lovaina-desde-bruselas-con-guia-y-vehiculo-privado\/","url":"https:\/\/tourtravelandmore.com\/es\/tours\/belgica-es\/bruselas-es\/tour-a-lovaina-desde-bruselas-con-guia-y-vehiculo-privado\/","name":"tour a Lovaina desde Bruselas con guia y vehiculo privado | TTM","isPartOf":{"@id":"https:\/\/tourtravelandmore.com\/es\/#website"},"primaryImageOfPage":{"@id":"https:\/\/tourtravelandmore.com\/es\/tours\/belgica-es\/bruselas-es\/tour-a-lovaina-desde-bruselas-con-guia-y-vehiculo-privado\/#primaryimage"},"image":{"@id":"https:\/\/tourtravelandmore.com\/es\/tours\/belgica-es\/bruselas-es\/tour-a-lovaina-desde-bruselas-con-guia-y-vehiculo-privado\/#primaryimage"},"thumbnailUrl":"https:\/\/tourtravelandmore.com\/wp-content\/uploads\/2020\/03\/leuven-6.jpg","datePublished":"2020-03-19T11:09:27+00:00","dateModified":"2022-12-27T17:04:06+00:00","description":"Reserva un tour a Lovaina desde Bruselas y conozca los sitios mas conocidos de esta fant\u00e1stica ciudad con su chofer y guia privado!","breadcrumb":{"@id":"https:\/\/tourtravelandmore.com\/es\/tours\/belgica-es\/bruselas-es\/tour-a-lovaina-desde-bruselas-con-guia-y-vehiculo-privado\/#breadcrumb"},"inLanguage":"es","potentialAction":[{"@type":"ReadAction","target":["https:\/\/tourtravelandmore.com\/es\/tours\/belgica-es\/bruselas-es\/tour-a-lovaina-desde-bruselas-con-guia-y-vehiculo-privado\/"]}]},{"@type":"ImageObject","inLanguage":"es","@id":"https:\/\/tourtravelandmore.com\/es\/tours\/belgica-es\/bruselas-es\/tour-a-lovaina-desde-bruselas-con-guia-y-vehiculo-privado\/#primaryimage","url":"https:\/\/tourtravelandmore.com\/wp-content\/uploads\/2020\/03\/leuven-6.jpg","contentUrl":"https:\/\/tourtravelandmore.com\/wp-content\/uploads\/2020\/03\/leuven-6.jpg","width":1024,"height":727},{"@type":"BreadcrumbList","@id":"https:\/\/tourtravelandmore.com\/es\/tours\/belgica-es\/bruselas-es\/tour-a-lovaina-desde-bruselas-con-guia-y-vehiculo-privado\/#breadcrumb","itemListElement":[{"@type":"ListItem","position":1,"name":"Home","item":"https:\/\/tourtravelandmore.com\/es\/"},{"@type":"ListItem","position":2,"name":"Tours","item":"https:\/\/tourtravelandmore.com\/es\/tours\/"},{"@type":"ListItem","position":3,"name":"Tour Privado a Lovaina desde Bruselas"}]},{"@type":"WebSite","@id":"https:\/\/tourtravelandmore.com\/es\/#website","url":"https:\/\/tourtravelandmore.com\/es\/","name":"Tour Travel And More","description":"Private sightseeing tours and luxury transfers in Spain","publisher":{"@id":"https:\/\/tourtravelandmore.com\/es\/#organization"},"potentialAction":[{"@type":"SearchAction","target":{"@type":"EntryPoint","urlTemplate":"https:\/\/tourtravelandmore.com\/es\/?s={search_term_string}"},"query-input":{"@type":"PropertyValueSpecification","valueRequired":true,"valueName":"search_term_string"}}],"inLanguage":"es"},{"@type":"Organization","@id":"https:\/\/tourtravelandmore.com\/es\/#organization","name":"Tour Travel And More","url":"https:\/\/tourtravelandmore.com\/es\/","logo":{"@type":"ImageObject","inLanguage":"es","@id":"https:\/\/tourtravelandmore.com\/es\/#\/schema\/logo\/image\/","url":"https:\/\/tourtravelandmore.com\/wp-content\/uploads\/2022\/12\/cropped-logo-cabecera-new.png","contentUrl":"https:\/\/tourtravelandmore.com\/wp-content\/uploads\/2022\/12\/cropped-logo-cabecera-new.png","width":430,"height":61,"caption":"Tour Travel And More"},"image":{"@id":"https:\/\/tourtravelandmore.com\/es\/#\/schema\/logo\/image\/"},"sameAs":["https:\/\/www.facebook.com\/tourtravelandmore\/","https:\/\/x.com\/TourTravel_More"]}]}},"_links":{"self":[{"href":"https:\/\/tourtravelandmore.com\/es\/wp-json\/wp\/v2\/product\/78700","targetHints":{"allow":["GET"]}}],"collection":[{"href":"https:\/\/tourtravelandmore.com\/es\/wp-json\/wp\/v2\/product"}],"about":[{"href":"https:\/\/tourtravelandmore.com\/es\/wp-json\/wp\/v2\/types\/product"}],"replies":[{"embeddable":true,"href":"https:\/\/tourtravelandmore.com\/es\/wp-json\/wp\/v2\/comments?post=78700"}],"wp:featuredmedia":[{"embeddable":true,"href":"https:\/\/tourtravelandmore.com\/es\/wp-json\/wp\/v2\/media\/78710"}],"wp:attachment":[{"href":"https:\/\/tourtravelandmore.com\/es\/wp-json\/wp\/v2\/media?parent=78700"}],"wp:term":[{"taxonomy":"product_brand","embeddable":true,"href":"https:\/\/tourtravelandmore.com\/es\/wp-json\/wp\/v2\/product_brand?post=78700"},{"taxonomy":"product_cat","embeddable":true,"href":"https:\/\/tourtravelandmore.com\/es\/wp-json\/wp\/v2\/product_cat?post=78700"},{"taxonomy":"product_tag","embeddable":true,"href":"https:\/\/tourtravelandmore.com\/es\/wp-json\/wp\/v2\/product_tag?post=78700"}],"curies":[{"name":"wp","href":"https:\/\/api.w.org\/{rel}","templated":true}]}}