{"id":78673,"date":"2020-03-19T11:27:14","date_gmt":"2020-03-19T10:27:14","guid":{"rendered":"https:\/\/tourtravelandmore.com\/?post_type=product&#038;p=78673"},"modified":"2022-12-27T17:58:03","modified_gmt":"2022-12-27T16:58:03","slug":"tour-a-malinas-desde-bruselas-con-guia-privado-y-vehiculo-con-chofer","status":"publish","type":"product","link":"https:\/\/tourtravelandmore.com\/es\/tours\/belgica-es\/bruselas-es\/tour-a-malinas-desde-bruselas-con-guia-privado-y-vehiculo-con-chofer\/","title":{"rendered":"Tour Privado a Malinas desde Bruselas"},"content":{"rendered":"<h2>Descripci\u00f3n Tour Privado a Malinas desde Bruselas<\/h2>\n<p><span style=\"font-weight: 400;\">Disfruta de este tour a Malinas desde Bruselas con gu\u00eda oficial y veh\u00edculo privado. <\/span><\/p>\n<p><span style=\"font-weight: 400;\">Sus peque\u00f1os y atractivos callejones, sus hermosos edificios de ladrillo t\u00edpicos perfectamente mantenidos, sus extremos a dos aguas, sus fachadas alineadas y su excentricidad, la acreditan como Patrimonio de la Humanidad por la Unesco. Como puede ver, Malinas es un destino perfecto para recorrer por 2 horas en compa\u00f1\u00eda de un <\/span><b>gu\u00eda oficial privado<\/b><span style=\"font-weight: 400;\"> que ponemos a su disposici\u00f3n.<\/span><\/p>\n<p>Nuestro conductor le recoger\u00e1 a la hora seleccionada para empezar su tour a Malinas desde Bruselas y su gu\u00eda oficial esperar\u00e1 en Malinas para realizar un recorrido privado de 2 Horas.<\/p>\n<h2><b>Puntos de inter\u00e9s del Tour Privado a Malinas desde Bruselas<br \/>\n<\/b><\/h2>\n<p><span style=\"font-weight: 400;\">El recorrido comenzar\u00e1 por las peque\u00f1as calles de centro de la ciudad, que no es muy grande. Las calles de <\/span><b>los antiguos beguinages<\/b><span style=\"font-weight: 400;\"> (<\/span><b>Grand Beguinage y Petit Beguinage<\/b><span style=\"font-weight: 400;\">) son las m\u00e1s pintorescas. Al transitar por el lugar, tendr\u00e1 la impresi\u00f3n de que el tiempo no transcurri\u00f3 nunca.<\/span><\/p>\n<p><span style=\"font-weight: 400;\">No deje de admirar la Grand Place o <\/span><b>Grote Markt<\/b><span style=\"font-weight: 400;\">\u00a0 rodeada de edificios, incluyendo el <\/span><b>Palacio del Gran Consejo<\/b><span style=\"font-weight: 400;\">, <\/span><b>la Lonja de los Pa\u00f1os, el Palacio de Margarita de Austria,<\/b><span style=\"font-weight: 400;\"> cuyas fachadas se remontan a diferentes \u00e9pocas, con gabletes g\u00f3ticos, pero tambi\u00e9n barroco. El m\u00e1s destacado sin dudas, es <\/span><b>el<\/b> <b>Ayuntamiento<\/b><span style=\"font-weight: 400;\">.\u00a0<\/span><\/p>\n<p><span style=\"font-weight: 400;\">Luego podr\u00e1 dirigirse a la cima de la <\/span><b>Catedral de Saint-Rombaut<\/b><span style=\"font-weight: 400;\">, justo al lado de la Grand Place. Es una torre domina la ciudad de Malinas desde una altura de 97 metros, una peque\u00f1a maravilla del g\u00f3tico de Brabante. Aunque tiene que subir 538 escalones para llegar a su cumbre, este esfuerzo se ve recompensado por la incre\u00edble vista que ofrece el skywalk, incluso desde ah\u00ed es posible visualizar el Atomium de Bruselas.<\/span><\/p>\n<p><span style=\"font-weight: 400;\">Si usted es un amante de la cerveza, en este corto tour podr\u00e1 visitar la <\/span><b>cervecer\u00eda Mechelen, Het Anker<\/b><span style=\"font-weight: 400;\">, que produce la cerveza Gouden Carolus. Ah\u00ed conocer\u00e1 la historia de la cervecer\u00eda hasta las diferentes etapas de su elaboraci\u00f3n.<\/span><\/p>\n<p><span style=\"font-weight: 400;\">Por otro lado, si lo que usted busca es calma y serenidad, encontrar\u00e1 un oasis de tranquilidad el <\/span><b>Jard\u00edn del Silencio<\/b><span style=\"font-weight: 400;\">. Con su cueva Lourdes, su pabell\u00f3n y sus bancos, este jard\u00edn es un pulm\u00f3n verde donde se puede descansar a la sombra de la torre Saint-Rombaut.<\/span><\/p>\n<p><span style=\"font-weight: 400;\">Transite por la <\/span><b>plaza Ijzerenleen<\/b><span style=\"font-weight: 400;\"> lo que originalmente era un canal. Aqu\u00ed todav\u00eda se puede observar las barandillas de hierro de 1531, un remanente del antiguo mercado de pescado. Hoy es un lugar agradable donde florecen las terrazas de caf\u00e9 con los primeros rayos de sol.<\/span><\/p>\n<p>Si dispone de m\u00e1s d\u00edas en Bruselas, consulta <a href=\"https:\/\/tourtravelandmore.com\/es\/ciudad\/belgica-es\/bruselas-es\/\"><strong>aqu\u00ed<\/strong><\/a>, los tours privados que ofrecemos en la ciudad.<\/p>\n","protected":false},"excerpt":{"rendered":"<p>Disfrute de este <strong>tour privado de 6-horas a<\/strong> <strong>Manila desde la ciudad de Bruselas<\/strong>. Aproveche esta oportunidad para conocer y disfrutar de Manila durante este tour con vuestro gu\u00eda oficial y chofer privado. Conozca los monumentos y zonas m\u00e1s emblem\u00e1ticas como el <b>plaza Ijzerenleen, Catedral de Saint-Rombaut<\/b><strong>\u00a0<\/strong>y muchos lugares m\u00e1s.<\/p>\n<p>&nbsp;<\/p>\n","protected":false},"featured_media":78683,"comment_status":"open","ping_status":"closed","template":"","meta":{"_acf_changed":false},"product_brand":[],"product_cat":[1454,1459,1458],"product_tag":[],"class_list":{"0":"post-78673","1":"product","2":"type-product","3":"status-publish","4":"has-post-thumbnail","6":"product_cat-bruselas-es","7":"product_cat-bruselas-actividades-es","8":"product_cat-bruselas-rutas-turisticas-privadas-es","10":"first","11":"instock","12":"shipping-taxable","13":"purchasable","14":"product-type-simple"},"acf":[],"yoast_head":"<!-- This site is optimized with the Yoast SEO Premium plugin v25.3.1 (Yoast SEO v25.3.1) - https:\/\/yoast.com\/wordpress\/plugins\/seo\/ -->\n<title>tour a Malinas desde Bruselas con gu\u00eda privado y vehiculo con chofer | TTM<\/title>\n<meta name=\"description\" content=\"Reserve este tour a Malinas desde Bruselas con gu\u00eda privado y vehiculo con chofer y descubre una ciudad \u00fanica gracias a este tour.\" \/>\n<meta name=\"robots\" content=\"index, follow, max-snippet:-1, max-image-preview:large, max-video-preview:-1\" \/>\n<link rel=\"canonical\" href=\"https:\/\/tourtravelandmore.com\/es\/tours\/belgica-es\/bruselas-es\/tour-a-malinas-desde-bruselas-con-guia-privado-y-vehiculo-con-chofer\/\" \/>\n<meta property=\"og:locale\" content=\"es_ES\" \/>\n<meta property=\"og:type\" content=\"article\" \/>\n<meta property=\"og:title\" content=\"Tour Privado a Malinas desde Bruselas\" \/>\n<meta property=\"og:description\" content=\"Reserve este tour a Malinas desde Bruselas con gu\u00eda privado y vehiculo con chofer y descubre una ciudad \u00fanica gracias a este tour.\" \/>\n<meta property=\"og:url\" content=\"https:\/\/tourtravelandmore.com\/es\/tours\/belgica-es\/bruselas-es\/tour-a-malinas-desde-bruselas-con-guia-privado-y-vehiculo-con-chofer\/\" \/>\n<meta property=\"og:site_name\" content=\"Tour Travel And More\" \/>\n<meta property=\"article:publisher\" content=\"https:\/\/www.facebook.com\/tourtravelandmore\/\" \/>\n<meta property=\"article:modified_time\" content=\"2022-12-27T16:58:03+00:00\" \/>\n<meta property=\"og:image\" content=\"https:\/\/tourtravelandmore.com\/wp-content\/uploads\/2020\/03\/mechelen-2.jpg\" \/>\n\t<meta property=\"og:image:width\" content=\"2560\" \/>\n\t<meta property=\"og:image:height\" content=\"1535\" \/>\n\t<meta property=\"og:image:type\" content=\"image\/jpeg\" \/>\n<meta name=\"twitter:card\" content=\"summary_large_image\" \/>\n<meta name=\"twitter:site\" content=\"@TourTravel_More\" \/>\n<meta name=\"twitter:label1\" content=\"Tiempo de lectura\" \/>\n\t<meta name=\"twitter:data1\" content=\"2 minutos\" \/>\n<script type=\"application\/ld+json\" class=\"yoast-schema-graph\">{\"@context\":\"https:\/\/schema.org\",\"@graph\":[{\"@type\":\"WebPage\",\"@id\":\"https:\/\/tourtravelandmore.com\/es\/tours\/belgica-es\/bruselas-es\/tour-a-malinas-desde-bruselas-con-guia-privado-y-vehiculo-con-chofer\/\",\"url\":\"https:\/\/tourtravelandmore.com\/es\/tours\/belgica-es\/bruselas-es\/tour-a-malinas-desde-bruselas-con-guia-privado-y-vehiculo-con-chofer\/\",\"name\":\"tour a Malinas desde Bruselas con gu\u00eda privado y vehiculo con chofer | TTM\",\"isPartOf\":{\"@id\":\"https:\/\/tourtravelandmore.com\/es\/#website\"},\"primaryImageOfPage\":{\"@id\":\"https:\/\/tourtravelandmore.com\/es\/tours\/belgica-es\/bruselas-es\/tour-a-malinas-desde-bruselas-con-guia-privado-y-vehiculo-con-chofer\/#primaryimage\"},\"image\":{\"@id\":\"https:\/\/tourtravelandmore.com\/es\/tours\/belgica-es\/bruselas-es\/tour-a-malinas-desde-bruselas-con-guia-privado-y-vehiculo-con-chofer\/#primaryimage\"},\"thumbnailUrl\":\"https:\/\/tourtravelandmore.com\/wp-content\/uploads\/2020\/03\/mechelen-2.jpg\",\"datePublished\":\"2020-03-19T10:27:14+00:00\",\"dateModified\":\"2022-12-27T16:58:03+00:00\",\"description\":\"Reserve este tour a Malinas desde Bruselas con gu\u00eda privado y vehiculo con chofer y descubre una ciudad \u00fanica gracias a este tour.\",\"breadcrumb\":{\"@id\":\"https:\/\/tourtravelandmore.com\/es\/tours\/belgica-es\/bruselas-es\/tour-a-malinas-desde-bruselas-con-guia-privado-y-vehiculo-con-chofer\/#breadcrumb\"},\"inLanguage\":\"es\",\"potentialAction\":[{\"@type\":\"ReadAction\",\"target\":[\"https:\/\/tourtravelandmore.com\/es\/tours\/belgica-es\/bruselas-es\/tour-a-malinas-desde-bruselas-con-guia-privado-y-vehiculo-con-chofer\/\"]}]},{\"@type\":\"ImageObject\",\"inLanguage\":\"es\",\"@id\":\"https:\/\/tourtravelandmore.com\/es\/tours\/belgica-es\/bruselas-es\/tour-a-malinas-desde-bruselas-con-guia-privado-y-vehiculo-con-chofer\/#primaryimage\",\"url\":\"https:\/\/tourtravelandmore.com\/wp-content\/uploads\/2020\/03\/mechelen-2.jpg\",\"contentUrl\":\"https:\/\/tourtravelandmore.com\/wp-content\/uploads\/2020\/03\/mechelen-2.jpg\",\"width\":2560,\"height\":1535},{\"@type\":\"BreadcrumbList\",\"@id\":\"https:\/\/tourtravelandmore.com\/es\/tours\/belgica-es\/bruselas-es\/tour-a-malinas-desde-bruselas-con-guia-privado-y-vehiculo-con-chofer\/#breadcrumb\",\"itemListElement\":[{\"@type\":\"ListItem\",\"position\":1,\"name\":\"Home\",\"item\":\"https:\/\/tourtravelandmore.com\/es\/\"},{\"@type\":\"ListItem\",\"position\":2,\"name\":\"Tours\",\"item\":\"https:\/\/tourtravelandmore.com\/es\/tours\/\"},{\"@type\":\"ListItem\",\"position\":3,\"name\":\"Tour Privado a Malinas desde Bruselas\"}]},{\"@type\":\"WebSite\",\"@id\":\"https:\/\/tourtravelandmore.com\/es\/#website\",\"url\":\"https:\/\/tourtravelandmore.com\/es\/\",\"name\":\"Tour Travel And More\",\"description\":\"Private sightseeing tours and luxury transfers in Spain\",\"publisher\":{\"@id\":\"https:\/\/tourtravelandmore.com\/es\/#organization\"},\"potentialAction\":[{\"@type\":\"SearchAction\",\"target\":{\"@type\":\"EntryPoint\",\"urlTemplate\":\"https:\/\/tourtravelandmore.com\/es\/?s={search_term_string}\"},\"query-input\":{\"@type\":\"PropertyValueSpecification\",\"valueRequired\":true,\"valueName\":\"search_term_string\"}}],\"inLanguage\":\"es\"},{\"@type\":\"Organization\",\"@id\":\"https:\/\/tourtravelandmore.com\/es\/#organization\",\"name\":\"Tour Travel And More\",\"url\":\"https:\/\/tourtravelandmore.com\/es\/\",\"logo\":{\"@type\":\"ImageObject\",\"inLanguage\":\"es\",\"@id\":\"https:\/\/tourtravelandmore.com\/es\/#\/schema\/logo\/image\/\",\"url\":\"https:\/\/tourtravelandmore.com\/wp-content\/uploads\/2022\/12\/cropped-logo-cabecera-new.png\",\"contentUrl\":\"https:\/\/tourtravelandmore.com\/wp-content\/uploads\/2022\/12\/cropped-logo-cabecera-new.png\",\"width\":430,\"height\":61,\"caption\":\"Tour Travel And More\"},\"image\":{\"@id\":\"https:\/\/tourtravelandmore.com\/es\/#\/schema\/logo\/image\/\"},\"sameAs\":[\"https:\/\/www.facebook.com\/tourtravelandmore\/\",\"https:\/\/x.com\/TourTravel_More\"]}]}<\/script>\n<!-- \/ Yoast SEO Premium plugin. -->","yoast_head_json":{"title":"tour a Malinas desde Bruselas con gu\u00eda privado y vehiculo con chofer | TTM","description":"Reserve este tour a Malinas desde Bruselas con gu\u00eda privado y vehiculo con chofer y descubre una ciudad \u00fanica gracias a este tour.","robots":{"index":"index","follow":"follow","max-snippet":"max-snippet:-1","max-image-preview":"max-image-preview:large","max-video-preview":"max-video-preview:-1"},"canonical":"https:\/\/tourtravelandmore.com\/es\/tours\/belgica-es\/bruselas-es\/tour-a-malinas-desde-bruselas-con-guia-privado-y-vehiculo-con-chofer\/","og_locale":"es_ES","og_type":"article","og_title":"Tour Privado a Malinas desde Bruselas","og_description":"Reserve este tour a Malinas desde Bruselas con gu\u00eda privado y vehiculo con chofer y descubre una ciudad \u00fanica gracias a este tour.","og_url":"https:\/\/tourtravelandmore.com\/es\/tours\/belgica-es\/bruselas-es\/tour-a-malinas-desde-bruselas-con-guia-privado-y-vehiculo-con-chofer\/","og_site_name":"Tour Travel And More","article_publisher":"https:\/\/www.facebook.com\/tourtravelandmore\/","article_modified_time":"2022-12-27T16:58:03+00:00","og_image":[{"width":2560,"height":1535,"url":"https:\/\/tourtravelandmore.com\/wp-content\/uploads\/2020\/03\/mechelen-2.jpg","type":"image\/jpeg"}],"twitter_card":"summary_large_image","twitter_site":"@TourTravel_More","twitter_misc":{"Tiempo de lectura":"2 minutos"},"schema":{"@context":"https:\/\/schema.org","@graph":[{"@type":"WebPage","@id":"https:\/\/tourtravelandmore.com\/es\/tours\/belgica-es\/bruselas-es\/tour-a-malinas-desde-bruselas-con-guia-privado-y-vehiculo-con-chofer\/","url":"https:\/\/tourtravelandmore.com\/es\/tours\/belgica-es\/bruselas-es\/tour-a-malinas-desde-bruselas-con-guia-privado-y-vehiculo-con-chofer\/","name":"tour a Malinas desde Bruselas con gu\u00eda privado y vehiculo con chofer | TTM","isPartOf":{"@id":"https:\/\/tourtravelandmore.com\/es\/#website"},"primaryImageOfPage":{"@id":"https:\/\/tourtravelandmore.com\/es\/tours\/belgica-es\/bruselas-es\/tour-a-malinas-desde-bruselas-con-guia-privado-y-vehiculo-con-chofer\/#primaryimage"},"image":{"@id":"https:\/\/tourtravelandmore.com\/es\/tours\/belgica-es\/bruselas-es\/tour-a-malinas-desde-bruselas-con-guia-privado-y-vehiculo-con-chofer\/#primaryimage"},"thumbnailUrl":"https:\/\/tourtravelandmore.com\/wp-content\/uploads\/2020\/03\/mechelen-2.jpg","datePublished":"2020-03-19T10:27:14+00:00","dateModified":"2022-12-27T16:58:03+00:00","description":"Reserve este tour a Malinas desde Bruselas con gu\u00eda privado y vehiculo con chofer y descubre una ciudad \u00fanica gracias a este tour.","breadcrumb":{"@id":"https:\/\/tourtravelandmore.com\/es\/tours\/belgica-es\/bruselas-es\/tour-a-malinas-desde-bruselas-con-guia-privado-y-vehiculo-con-chofer\/#breadcrumb"},"inLanguage":"es","potentialAction":[{"@type":"ReadAction","target":["https:\/\/tourtravelandmore.com\/es\/tours\/belgica-es\/bruselas-es\/tour-a-malinas-desde-bruselas-con-guia-privado-y-vehiculo-con-chofer\/"]}]},{"@type":"ImageObject","inLanguage":"es","@id":"https:\/\/tourtravelandmore.com\/es\/tours\/belgica-es\/bruselas-es\/tour-a-malinas-desde-bruselas-con-guia-privado-y-vehiculo-con-chofer\/#primaryimage","url":"https:\/\/tourtravelandmore.com\/wp-content\/uploads\/2020\/03\/mechelen-2.jpg","contentUrl":"https:\/\/tourtravelandmore.com\/wp-content\/uploads\/2020\/03\/mechelen-2.jpg","width":2560,"height":1535},{"@type":"BreadcrumbList","@id":"https:\/\/tourtravelandmore.com\/es\/tours\/belgica-es\/bruselas-es\/tour-a-malinas-desde-bruselas-con-guia-privado-y-vehiculo-con-chofer\/#breadcrumb","itemListElement":[{"@type":"ListItem","position":1,"name":"Home","item":"https:\/\/tourtravelandmore.com\/es\/"},{"@type":"ListItem","position":2,"name":"Tours","item":"https:\/\/tourtravelandmore.com\/es\/tours\/"},{"@type":"ListItem","position":3,"name":"Tour Privado a Malinas desde Bruselas"}]},{"@type":"WebSite","@id":"https:\/\/tourtravelandmore.com\/es\/#website","url":"https:\/\/tourtravelandmore.com\/es\/","name":"Tour Travel And More","description":"Private sightseeing tours and luxury transfers in Spain","publisher":{"@id":"https:\/\/tourtravelandmore.com\/es\/#organization"},"potentialAction":[{"@type":"SearchAction","target":{"@type":"EntryPoint","urlTemplate":"https:\/\/tourtravelandmore.com\/es\/?s={search_term_string}"},"query-input":{"@type":"PropertyValueSpecification","valueRequired":true,"valueName":"search_term_string"}}],"inLanguage":"es"},{"@type":"Organization","@id":"https:\/\/tourtravelandmore.com\/es\/#organization","name":"Tour Travel And More","url":"https:\/\/tourtravelandmore.com\/es\/","logo":{"@type":"ImageObject","inLanguage":"es","@id":"https:\/\/tourtravelandmore.com\/es\/#\/schema\/logo\/image\/","url":"https:\/\/tourtravelandmore.com\/wp-content\/uploads\/2022\/12\/cropped-logo-cabecera-new.png","contentUrl":"https:\/\/tourtravelandmore.com\/wp-content\/uploads\/2022\/12\/cropped-logo-cabecera-new.png","width":430,"height":61,"caption":"Tour Travel And More"},"image":{"@id":"https:\/\/tourtravelandmore.com\/es\/#\/schema\/logo\/image\/"},"sameAs":["https:\/\/www.facebook.com\/tourtravelandmore\/","https:\/\/x.com\/TourTravel_More"]}]}},"_links":{"self":[{"href":"https:\/\/tourtravelandmore.com\/es\/wp-json\/wp\/v2\/product\/78673","targetHints":{"allow":["GET"]}}],"collection":[{"href":"https:\/\/tourtravelandmore.com\/es\/wp-json\/wp\/v2\/product"}],"about":[{"href":"https:\/\/tourtravelandmore.com\/es\/wp-json\/wp\/v2\/types\/product"}],"replies":[{"embeddable":true,"href":"https:\/\/tourtravelandmore.com\/es\/wp-json\/wp\/v2\/comments?post=78673"}],"wp:featuredmedia":[{"embeddable":true,"href":"https:\/\/tourtravelandmore.com\/es\/wp-json\/wp\/v2\/media\/78683"}],"wp:attachment":[{"href":"https:\/\/tourtravelandmore.com\/es\/wp-json\/wp\/v2\/media?parent=78673"}],"wp:term":[{"taxonomy":"product_brand","embeddable":true,"href":"https:\/\/tourtravelandmore.com\/es\/wp-json\/wp\/v2\/product_brand?post=78673"},{"taxonomy":"product_cat","embeddable":true,"href":"https:\/\/tourtravelandmore.com\/es\/wp-json\/wp\/v2\/product_cat?post=78673"},{"taxonomy":"product_tag","embeddable":true,"href":"https:\/\/tourtravelandmore.com\/es\/wp-json\/wp\/v2\/product_tag?post=78673"}],"curies":[{"name":"wp","href":"https:\/\/api.w.org\/{rel}","templated":true}]}}