{"id":78594,"date":"2020-03-17T16:44:40","date_gmt":"2020-03-17T15:44:41","guid":{"rendered":"https:\/\/tourtravelandmore.com\/?post_type=product&#038;p=78594"},"modified":"2021-01-21T11:40:00","modified_gmt":"2021-01-21T10:40:00","slug":"tour-privado-a-pie-por-luxemburgo","status":"publish","type":"product","link":"https:\/\/tourtravelandmore.com\/es\/tours\/luxemburgo\/luxemburgo-es-luxemburgo\/tour-privado-a-pie-por-luxemburgo\/","title":{"rendered":"Tour Privado a Pie por Luxemburgo"},"content":{"rendered":"<h2 id=\"tw-target-text\" class=\"tw-data-text tw-text-large XcVN5d tw-ta\" dir=\"ltr\" data-placeholder=\"Traducci\u00f3n\"><span lang=\"es\">Descripci\u00f3n<\/span><\/h2>\n<p>Prep\u00e1rate para disfrutar del mejor <strong>Tour Privado a pie por Luxemburgo<\/strong>. <span class=\"JLqJ4b ChMk0b\" data-language-for-alternatives=\"es\" data-language-to-translate-into=\"en\" data-phrase-index=\"1\">Es una experiencia diferente, llena de recuerdos, hermosas fotos, exquisita gastronom\u00eda y mucha historia. <\/span><\/p>\n<p><span class=\"JLqJ4b ChMk0b\" data-language-for-alternatives=\"es\" data-language-to-translate-into=\"en\" data-phrase-index=\"1\"><span class=\"JLqJ4b\" data-language-for-alternatives=\"es\" data-language-to-translate-into=\"en\" data-phrase-index=\"2\">No podemos hablar con certeza sobre un itinerario fijo. Cada gu\u00eda le da su toque personal y claro. Al ser un recorrido a la carta, eres t\u00fa quien decide qu\u00e9 ver o disfrutar en este paseo hecho a tu medida. <\/span><\/span><\/p>\n<p><span class=\"JLqJ4b ChMk0b\" data-language-for-alternatives=\"es\" data-language-to-translate-into=\"en\" data-phrase-index=\"1\"><span class=\"JLqJ4b\" data-language-for-alternatives=\"es\" data-language-to-translate-into=\"en\" data-phrase-index=\"2\">Lo que podemos asegurarle es que ser\u00e1 un maravilloso Tour Privado a Pie por Luxemburgo en el que contar\u00e1 con la compa\u00f1\u00eda de un gu\u00eda privado biling\u00fce. Su gu\u00eda, al finalizar el recorrido se habr\u00e1 convertido en un buen amigo y quien le habr\u00e1 revelado todos los secretos que esconde una de las ciudades medievales m\u00e1s pintorescas y famosas del mundo.<\/span><\/span><\/p>\n<h2>Puntos emblem\u00e1ticos y de inter\u00e9s<\/h2>\n<p>Aunque t\u00fa decides el camino del tour privado a pie por Luxemburgo, aqu\u00ed tienes un ejemplo. <span class=\"JLqJ4b ChMk0b\" data-language-for-alternatives=\"es\" data-language-to-translate-into=\"en\" data-phrase-index=\"1\">Hay ciertos lugares ic\u00f3nicos que queremos recomendarte con la esperanza de que alguno sea de tu inter\u00e9s y que puedas disfrutarlo en tu pr\u00f3ximo tour.<\/span><\/p>\n<h4><em>Empezemos<\/em><em>:<\/em><\/h4>\n<p>Una parada obligatoria es el <strong>Ayuntamiento de Luxemburgo<\/strong>. Uno de los edificios de la ciudad m\u00e1s reconocibles. Ser\u00e1 un posible punto de encuentro con su gu\u00eda. Es una de las primeras atracciones arquitect\u00f3nicas que disfrutar\u00e1 en este recorrido por Luxemburgo.<\/p>\n<p>Luego puede decidir qu\u00e9 visitar y qu\u00e9 no, pero si se lo deja a su gu\u00eda experto, lo m\u00e1s probable es que la pr\u00f3xima parada en el horario sea el <strong>Palacio Gran Ducal<\/strong>. La residencia oficial del Gran Duque. El lugar donde se explica por qu\u00e9 este pa\u00eds es el \u00fanico gran ducado soberano del mundo.<\/p>\n<p>Justo al lado del palacio, a escasos metros encontraremos la<strong> Plaza del Desfile<\/strong>. Esta es otra belleza arquitect\u00f3nica del lugar que puedes explorar a gusto y tomarte selfies para tus redes sociales.<\/p>\n<p>Otra parada obligatoria es la <strong>Catedral de Notre Dame<\/strong>. Se trata de la antigua iglesia g\u00f3tica que inspir\u00f3 a V\u00edctor Hugo a escribir su obra \u201cEl jorobado de Notre Dame\u201d y que muchos a\u00f1os despu\u00e9s Disney inmortaliz\u00f3 en el cine.<\/p>\n<p>Pero en t\u00e9rminos de edificios religiosos que no debes perderte, la <strong>Iglesia de San Miguel<\/strong> definitivamente debe estar en tu lista. Es uno de los edificios m\u00e1s antiguos de la ciudad. Tambi\u00e9n ha sido demolido y levantado en varias ocasiones.<\/p>\n<p>Si eres de esas personas a las que les encanta fotografiar paisajes, tanto naturales como urbanos, no debes perderte <strong>The Cornice Road<\/strong>. El lugar perfecto para tomar una fotograf\u00eda panor\u00e1mica de toda la ciudad de Luxemburgo y el Monumento al Recuerdo. Desde aqu\u00ed se puede admirar el r\u00edo P\u00e9trusse, junto a los bosques que rodean esta hermosa ciudad.<\/p>\n<p><a href=\"\/?product_cat=luxemburgo-es\">Aqu\u00ed est\u00e1 una lista de nuestros tours privados de Luxemburgo<\/a>.<\/p>\n","protected":false},"excerpt":{"rendered":"<p>Explore\u00a0<strong>las hermosas calles de Luxemburgo<\/strong> y sus encantadoras edificaciones en este <strong>tour totalmente personalizado a pie de 3 horas<\/strong>. Su gu\u00eda oficial privado lo llevar\u00e1 a\u00a0conocer los magnificos lugares tales como el <strong>Ayuntamiento de Luxemburgo, el Gran Palacio Ducal<\/strong>\u00a0y muchos m\u00e1s.<\/p>\n<p>&nbsp;<\/p>\n","protected":false},"featured_media":78604,"comment_status":"open","ping_status":"closed","template":"","meta":{"_acf_changed":false},"product_brand":[],"product_cat":[2133,2136,2138],"product_tag":[],"class_list":{"0":"post-78594","1":"product","2":"type-product","3":"status-publish","4":"has-post-thumbnail","6":"product_cat-luxemburgo-es-luxemburgo","7":"product_cat-actividades-es","8":"product_cat-tours-a-pie-es","10":"first","11":"instock","12":"shipping-taxable","13":"purchasable","14":"product-type-simple"},"acf":[],"yoast_head":"<!-- This site is optimized with the Yoast SEO Premium plugin v25.3.1 (Yoast SEO v25.3.1) - https:\/\/yoast.com\/wordpress\/plugins\/seo\/ -->\n<title>Tour Privado a Pie por Luxemburgo con gu\u00eda oficial local<\/title>\n<meta name=\"description\" content=\"Disfrute de nuestro Tour Privado a Pie por Luxemburgo. Explore de las calles y monumentos hist\u00f3ricos m\u00e1s importantes junto a un gu\u00eda privado.\" \/>\n<meta name=\"robots\" content=\"index, follow, max-snippet:-1, max-image-preview:large, max-video-preview:-1\" \/>\n<link rel=\"canonical\" href=\"https:\/\/tourtravelandmore.com\/es\/tours\/luxemburgo\/luxemburgo-es-luxemburgo\/tour-privado-a-pie-por-luxemburgo\/\" \/>\n<meta property=\"og:locale\" content=\"es_ES\" \/>\n<meta property=\"og:type\" content=\"article\" \/>\n<meta property=\"og:title\" content=\"Tour Privado a Pie por Luxemburgo\" \/>\n<meta property=\"og:description\" content=\"Disfrute de nuestro Tour Privado a Pie por Luxemburgo. Explore de las calles y monumentos hist\u00f3ricos m\u00e1s importantes junto a un gu\u00eda privado.\" \/>\n<meta property=\"og:url\" content=\"https:\/\/tourtravelandmore.com\/es\/tours\/luxemburgo\/luxemburgo-es-luxemburgo\/tour-privado-a-pie-por-luxemburgo\/\" \/>\n<meta property=\"og:site_name\" content=\"Tour Travel And More\" \/>\n<meta property=\"article:publisher\" content=\"https:\/\/www.facebook.com\/tourtravelandmore\/\" \/>\n<meta property=\"article:modified_time\" content=\"2021-01-21T10:40:00+00:00\" \/>\n<meta property=\"og:image\" content=\"https:\/\/tourtravelandmore.com\/wp-content\/uploads\/2020\/03\/lux-3.jpg\" \/>\n\t<meta property=\"og:image:width\" content=\"1088\" \/>\n\t<meta property=\"og:image:height\" content=\"560\" \/>\n\t<meta property=\"og:image:type\" content=\"image\/jpeg\" \/>\n<meta name=\"twitter:card\" content=\"summary_large_image\" \/>\n<meta name=\"twitter:site\" content=\"@TourTravel_More\" \/>\n<meta name=\"twitter:label1\" content=\"Tiempo de lectura\" \/>\n\t<meta name=\"twitter:data1\" content=\"2 minutos\" \/>\n<script type=\"application\/ld+json\" class=\"yoast-schema-graph\">{\"@context\":\"https:\/\/schema.org\",\"@graph\":[{\"@type\":\"WebPage\",\"@id\":\"https:\/\/tourtravelandmore.com\/es\/tours\/luxemburgo\/luxemburgo-es-luxemburgo\/tour-privado-a-pie-por-luxemburgo\/\",\"url\":\"https:\/\/tourtravelandmore.com\/es\/tours\/luxemburgo\/luxemburgo-es-luxemburgo\/tour-privado-a-pie-por-luxemburgo\/\",\"name\":\"Tour Privado a Pie por Luxemburgo con gu\u00eda oficial local\",\"isPartOf\":{\"@id\":\"https:\/\/tourtravelandmore.com\/es\/#website\"},\"primaryImageOfPage\":{\"@id\":\"https:\/\/tourtravelandmore.com\/es\/tours\/luxemburgo\/luxemburgo-es-luxemburgo\/tour-privado-a-pie-por-luxemburgo\/#primaryimage\"},\"image\":{\"@id\":\"https:\/\/tourtravelandmore.com\/es\/tours\/luxemburgo\/luxemburgo-es-luxemburgo\/tour-privado-a-pie-por-luxemburgo\/#primaryimage\"},\"thumbnailUrl\":\"https:\/\/tourtravelandmore.com\/wp-content\/uploads\/2020\/03\/lux-3.jpg\",\"datePublished\":\"2020-03-17T15:44:41+00:00\",\"dateModified\":\"2021-01-21T10:40:00+00:00\",\"description\":\"Disfrute de nuestro Tour Privado a Pie por Luxemburgo. Explore de las calles y monumentos hist\u00f3ricos m\u00e1s importantes junto a un gu\u00eda privado.\",\"breadcrumb\":{\"@id\":\"https:\/\/tourtravelandmore.com\/es\/tours\/luxemburgo\/luxemburgo-es-luxemburgo\/tour-privado-a-pie-por-luxemburgo\/#breadcrumb\"},\"inLanguage\":\"es\",\"potentialAction\":[{\"@type\":\"ReadAction\",\"target\":[\"https:\/\/tourtravelandmore.com\/es\/tours\/luxemburgo\/luxemburgo-es-luxemburgo\/tour-privado-a-pie-por-luxemburgo\/\"]}]},{\"@type\":\"ImageObject\",\"inLanguage\":\"es\",\"@id\":\"https:\/\/tourtravelandmore.com\/es\/tours\/luxemburgo\/luxemburgo-es-luxemburgo\/tour-privado-a-pie-por-luxemburgo\/#primaryimage\",\"url\":\"https:\/\/tourtravelandmore.com\/wp-content\/uploads\/2020\/03\/lux-3.jpg\",\"contentUrl\":\"https:\/\/tourtravelandmore.com\/wp-content\/uploads\/2020\/03\/lux-3.jpg\",\"width\":1088,\"height\":560},{\"@type\":\"BreadcrumbList\",\"@id\":\"https:\/\/tourtravelandmore.com\/es\/tours\/luxemburgo\/luxemburgo-es-luxemburgo\/tour-privado-a-pie-por-luxemburgo\/#breadcrumb\",\"itemListElement\":[{\"@type\":\"ListItem\",\"position\":1,\"name\":\"Home\",\"item\":\"https:\/\/tourtravelandmore.com\/es\/\"},{\"@type\":\"ListItem\",\"position\":2,\"name\":\"Tours\",\"item\":\"https:\/\/tourtravelandmore.com\/es\/tours\/\"},{\"@type\":\"ListItem\",\"position\":3,\"name\":\"Tour Privado a Pie por Luxemburgo\"}]},{\"@type\":\"WebSite\",\"@id\":\"https:\/\/tourtravelandmore.com\/es\/#website\",\"url\":\"https:\/\/tourtravelandmore.com\/es\/\",\"name\":\"Tour Travel And More\",\"description\":\"Private sightseeing tours and luxury transfers in Spain\",\"publisher\":{\"@id\":\"https:\/\/tourtravelandmore.com\/es\/#organization\"},\"potentialAction\":[{\"@type\":\"SearchAction\",\"target\":{\"@type\":\"EntryPoint\",\"urlTemplate\":\"https:\/\/tourtravelandmore.com\/es\/?s={search_term_string}\"},\"query-input\":{\"@type\":\"PropertyValueSpecification\",\"valueRequired\":true,\"valueName\":\"search_term_string\"}}],\"inLanguage\":\"es\"},{\"@type\":\"Organization\",\"@id\":\"https:\/\/tourtravelandmore.com\/es\/#organization\",\"name\":\"Tour Travel And More\",\"url\":\"https:\/\/tourtravelandmore.com\/es\/\",\"logo\":{\"@type\":\"ImageObject\",\"inLanguage\":\"es\",\"@id\":\"https:\/\/tourtravelandmore.com\/es\/#\/schema\/logo\/image\/\",\"url\":\"https:\/\/tourtravelandmore.com\/wp-content\/uploads\/2022\/12\/cropped-logo-cabecera-new.png\",\"contentUrl\":\"https:\/\/tourtravelandmore.com\/wp-content\/uploads\/2022\/12\/cropped-logo-cabecera-new.png\",\"width\":430,\"height\":61,\"caption\":\"Tour Travel And More\"},\"image\":{\"@id\":\"https:\/\/tourtravelandmore.com\/es\/#\/schema\/logo\/image\/\"},\"sameAs\":[\"https:\/\/www.facebook.com\/tourtravelandmore\/\",\"https:\/\/x.com\/TourTravel_More\"]}]}<\/script>\n<!-- \/ Yoast SEO Premium plugin. -->","yoast_head_json":{"title":"Tour Privado a Pie por Luxemburgo con gu\u00eda oficial local","description":"Disfrute de nuestro Tour Privado a Pie por Luxemburgo. Explore de las calles y monumentos hist\u00f3ricos m\u00e1s importantes junto a un gu\u00eda privado.","robots":{"index":"index","follow":"follow","max-snippet":"max-snippet:-1","max-image-preview":"max-image-preview:large","max-video-preview":"max-video-preview:-1"},"canonical":"https:\/\/tourtravelandmore.com\/es\/tours\/luxemburgo\/luxemburgo-es-luxemburgo\/tour-privado-a-pie-por-luxemburgo\/","og_locale":"es_ES","og_type":"article","og_title":"Tour Privado a Pie por Luxemburgo","og_description":"Disfrute de nuestro Tour Privado a Pie por Luxemburgo. Explore de las calles y monumentos hist\u00f3ricos m\u00e1s importantes junto a un gu\u00eda privado.","og_url":"https:\/\/tourtravelandmore.com\/es\/tours\/luxemburgo\/luxemburgo-es-luxemburgo\/tour-privado-a-pie-por-luxemburgo\/","og_site_name":"Tour Travel And More","article_publisher":"https:\/\/www.facebook.com\/tourtravelandmore\/","article_modified_time":"2021-01-21T10:40:00+00:00","og_image":[{"width":1088,"height":560,"url":"https:\/\/tourtravelandmore.com\/wp-content\/uploads\/2020\/03\/lux-3.jpg","type":"image\/jpeg"}],"twitter_card":"summary_large_image","twitter_site":"@TourTravel_More","twitter_misc":{"Tiempo de lectura":"2 minutos"},"schema":{"@context":"https:\/\/schema.org","@graph":[{"@type":"WebPage","@id":"https:\/\/tourtravelandmore.com\/es\/tours\/luxemburgo\/luxemburgo-es-luxemburgo\/tour-privado-a-pie-por-luxemburgo\/","url":"https:\/\/tourtravelandmore.com\/es\/tours\/luxemburgo\/luxemburgo-es-luxemburgo\/tour-privado-a-pie-por-luxemburgo\/","name":"Tour Privado a Pie por Luxemburgo con gu\u00eda oficial local","isPartOf":{"@id":"https:\/\/tourtravelandmore.com\/es\/#website"},"primaryImageOfPage":{"@id":"https:\/\/tourtravelandmore.com\/es\/tours\/luxemburgo\/luxemburgo-es-luxemburgo\/tour-privado-a-pie-por-luxemburgo\/#primaryimage"},"image":{"@id":"https:\/\/tourtravelandmore.com\/es\/tours\/luxemburgo\/luxemburgo-es-luxemburgo\/tour-privado-a-pie-por-luxemburgo\/#primaryimage"},"thumbnailUrl":"https:\/\/tourtravelandmore.com\/wp-content\/uploads\/2020\/03\/lux-3.jpg","datePublished":"2020-03-17T15:44:41+00:00","dateModified":"2021-01-21T10:40:00+00:00","description":"Disfrute de nuestro Tour Privado a Pie por Luxemburgo. Explore de las calles y monumentos hist\u00f3ricos m\u00e1s importantes junto a un gu\u00eda privado.","breadcrumb":{"@id":"https:\/\/tourtravelandmore.com\/es\/tours\/luxemburgo\/luxemburgo-es-luxemburgo\/tour-privado-a-pie-por-luxemburgo\/#breadcrumb"},"inLanguage":"es","potentialAction":[{"@type":"ReadAction","target":["https:\/\/tourtravelandmore.com\/es\/tours\/luxemburgo\/luxemburgo-es-luxemburgo\/tour-privado-a-pie-por-luxemburgo\/"]}]},{"@type":"ImageObject","inLanguage":"es","@id":"https:\/\/tourtravelandmore.com\/es\/tours\/luxemburgo\/luxemburgo-es-luxemburgo\/tour-privado-a-pie-por-luxemburgo\/#primaryimage","url":"https:\/\/tourtravelandmore.com\/wp-content\/uploads\/2020\/03\/lux-3.jpg","contentUrl":"https:\/\/tourtravelandmore.com\/wp-content\/uploads\/2020\/03\/lux-3.jpg","width":1088,"height":560},{"@type":"BreadcrumbList","@id":"https:\/\/tourtravelandmore.com\/es\/tours\/luxemburgo\/luxemburgo-es-luxemburgo\/tour-privado-a-pie-por-luxemburgo\/#breadcrumb","itemListElement":[{"@type":"ListItem","position":1,"name":"Home","item":"https:\/\/tourtravelandmore.com\/es\/"},{"@type":"ListItem","position":2,"name":"Tours","item":"https:\/\/tourtravelandmore.com\/es\/tours\/"},{"@type":"ListItem","position":3,"name":"Tour Privado a Pie por Luxemburgo"}]},{"@type":"WebSite","@id":"https:\/\/tourtravelandmore.com\/es\/#website","url":"https:\/\/tourtravelandmore.com\/es\/","name":"Tour Travel And More","description":"Private sightseeing tours and luxury transfers in Spain","publisher":{"@id":"https:\/\/tourtravelandmore.com\/es\/#organization"},"potentialAction":[{"@type":"SearchAction","target":{"@type":"EntryPoint","urlTemplate":"https:\/\/tourtravelandmore.com\/es\/?s={search_term_string}"},"query-input":{"@type":"PropertyValueSpecification","valueRequired":true,"valueName":"search_term_string"}}],"inLanguage":"es"},{"@type":"Organization","@id":"https:\/\/tourtravelandmore.com\/es\/#organization","name":"Tour Travel And More","url":"https:\/\/tourtravelandmore.com\/es\/","logo":{"@type":"ImageObject","inLanguage":"es","@id":"https:\/\/tourtravelandmore.com\/es\/#\/schema\/logo\/image\/","url":"https:\/\/tourtravelandmore.com\/wp-content\/uploads\/2022\/12\/cropped-logo-cabecera-new.png","contentUrl":"https:\/\/tourtravelandmore.com\/wp-content\/uploads\/2022\/12\/cropped-logo-cabecera-new.png","width":430,"height":61,"caption":"Tour Travel And More"},"image":{"@id":"https:\/\/tourtravelandmore.com\/es\/#\/schema\/logo\/image\/"},"sameAs":["https:\/\/www.facebook.com\/tourtravelandmore\/","https:\/\/x.com\/TourTravel_More"]}]}},"_links":{"self":[{"href":"https:\/\/tourtravelandmore.com\/es\/wp-json\/wp\/v2\/product\/78594","targetHints":{"allow":["GET"]}}],"collection":[{"href":"https:\/\/tourtravelandmore.com\/es\/wp-json\/wp\/v2\/product"}],"about":[{"href":"https:\/\/tourtravelandmore.com\/es\/wp-json\/wp\/v2\/types\/product"}],"replies":[{"embeddable":true,"href":"https:\/\/tourtravelandmore.com\/es\/wp-json\/wp\/v2\/comments?post=78594"}],"wp:featuredmedia":[{"embeddable":true,"href":"https:\/\/tourtravelandmore.com\/es\/wp-json\/wp\/v2\/media\/78604"}],"wp:attachment":[{"href":"https:\/\/tourtravelandmore.com\/es\/wp-json\/wp\/v2\/media?parent=78594"}],"wp:term":[{"taxonomy":"product_brand","embeddable":true,"href":"https:\/\/tourtravelandmore.com\/es\/wp-json\/wp\/v2\/product_brand?post=78594"},{"taxonomy":"product_cat","embeddable":true,"href":"https:\/\/tourtravelandmore.com\/es\/wp-json\/wp\/v2\/product_cat?post=78594"},{"taxonomy":"product_tag","embeddable":true,"href":"https:\/\/tourtravelandmore.com\/es\/wp-json\/wp\/v2\/product_tag?post=78594"}],"curies":[{"name":"wp","href":"https:\/\/api.w.org\/{rel}","templated":true}]}}