{"id":78541,"date":"2020-03-17T09:57:59","date_gmt":"2020-03-17T08:58:00","guid":{"rendered":"https:\/\/tourtravelandmore.com\/?post_type=product&#038;p=78541"},"modified":"2020-11-03T11:23:09","modified_gmt":"2020-11-03T10:23:09","slug":"traslado-privado-mallorca-desde-cualquier-lugar-de-la-isla","status":"publish","type":"product","link":"https:\/\/tourtravelandmore.com\/es\/tours\/espana-es\/mallorca-es\/mallorca-traslados-es\/traslado-privado-mallorca-desde-cualquier-lugar-de-la-isla\/","title":{"rendered":"Traslados Privados por toda la Isla de Mallorca"},"content":{"rendered":"<h2>Descripci\u00f3n:<\/h2>\n<p><span style=\"font-weight: 400;\">Uno de los servicios que ofrecemos en <\/span><b>Tour Travel &amp; More<\/b><span style=\"font-weight: 400;\"> para los turistas que viajan a <\/span><b>Mallorca<\/b><span style=\"font-weight: 400;\"> es el de traslado privado Mallorca, a cualquier zona de la isla.<\/span><\/p>\n<p><span style=\"font-weight: 400;\">Podemos recogerle desde: <strong>Aeropuerto, Terminal de Cruceros, Hotel, o cualquier lugar de la Isla.<br \/>\n<\/strong><\/span><\/p>\n<p>Al ser un Traslado privado Mallorca, puedene escoger la Hora y lugar de recogida y devoluci\u00f3n.<\/p>\n<p><span style=\"font-weight: 400;\">Cabe destacar que nuestra empresa cuenta con una amplia flote de <\/span><b>veh\u00edculos de lujo con chofer<\/b><span style=\"font-weight: 400;\">, que se puede adaptar f\u00e1cilmente al tama\u00f1o de cualquier grupo, eso incluye desde visitantes individuales, parejas o familias y hasta un grupo amplio de trabajadores de una empresa o equipos que vayan a asistir a alg\u00fan congreso en cualquier ciudad de la isla mayor del archipi\u00e9lago balear.<\/span><\/p>\n<p><span style=\"font-weight: 400;\">Ahora, si lo que deseas es hacer turismo por tu cuenta, nuestros choferes tambi\u00e9n te llevar\u00e1n a cualquier zona o edificaci\u00f3n. Nuestro<\/span><span style=\"font-weight: 400;\"> conductor conoce todos los lugares de inter\u00e9s de la regi\u00f3n que visitas y te puede asesorar sobre d\u00f3nde comer, comprar o simplemente pasar un buen d\u00eda y hasta te puede ofrecer los tours de viaje de\u00a0 <\/span><b>Tour Travel &amp; More.<\/b><\/p>\n<p>Si desea consultar nuestros tours privados que ofrecemos en la Isla de Mallorca, puedes consultar <a href=\"https:\/\/tourtravelandmore.com\/es\/ciudad\/espana-es\/mallorca-es\/\"><strong>aqui<\/strong><\/a>.<\/p>\n<h2>Puntos de inter\u00e9s:<\/h2>\n<p><b>Mallorca<\/b><span style=\"font-weight: 400;\"> es la isla m\u00e1s poblada del archipi\u00e9lago balear, por eso es la capital de esta provincia aut\u00f3noma. Tambi\u00e9n se trata de la segunda isla m\u00e1s poblada de toda <\/span><b>Espa\u00f1a<\/b><span style=\"font-weight: 400;\"> siendo tan solo superada por <\/span><b><i>Tenerife<\/i><\/b><span style=\"font-weight: 400;\"> en <\/span><b><i>Canarias<\/i><\/b><span style=\"font-weight: 400;\">. La cantidad exacta de pobladores es de 896 038 habitantes. Su capital es <\/span><b>Palma de Mallorca <\/b><span style=\"font-weight: 400;\">donde se encuentra casi la mitad de todos sus pobladores.<\/span><\/p>\n<p><span style=\"font-weight: 400;\">En 2015 la revista <\/span><i><span style=\"font-weight: 400;\">Times<\/span><\/i><span style=\"font-weight: 400;\">, catalog\u00f3 a la isla como uno de los mejores lugares del mundo para vivir y debe ser cierto porque de todas las regiones de <\/span><b>Espa\u00f1a<\/b><span style=\"font-weight: 400;\">, es en <\/span><b>Mallorca<\/b><span style=\"font-weight: 400;\"> donde se encuentra uno de los mayores porcentajes de residentes extranjeros.<\/span><\/p>\n","protected":false},"excerpt":{"rendered":"<p>Aproveche esta oportunidad para llegar a su destino en la<strong> Isla de Mallorca<\/strong>\u00a0de la manera m\u00e1s comoda y r\u00e1pida posible.<br \/>\nOrganizamos recogidas desde su hotel, <strong>aeropuerto<\/strong>, <strong>estaci\u00f3n de tren<\/strong> o cualquier lugar de Mallorca.<\/p>\n<p>&nbsp;<\/p>\n","protected":false},"featured_media":78551,"comment_status":"open","ping_status":"closed","template":"","meta":{"_acf_changed":false},"product_brand":[],"product_cat":[2107,2116],"product_tag":[],"class_list":{"0":"post-78541","1":"product","2":"type-product","3":"status-publish","4":"has-post-thumbnail","6":"product_cat-mallorca-es","7":"product_cat-mallorca-traslados-es","9":"first","10":"instock","11":"shipping-taxable","12":"purchasable","13":"product-type-simple"},"acf":[],"yoast_head":"<!-- This site is optimized with the Yoast SEO Premium plugin v25.3.1 (Yoast SEO v25.3.1) - https:\/\/yoast.com\/wordpress\/plugins\/seo\/ -->\n<title>Traslado Privado Mallorca desde cualquier lugar de la Isla<\/title>\n<meta name=\"description\" content=\"Ofrecemos todo tipo de traslado privado Mallorca, desde recogidas en el aeropuerto, terminal de cruceros, Hotel o cualquier lugar.\" \/>\n<meta name=\"robots\" content=\"index, follow, max-snippet:-1, max-image-preview:large, max-video-preview:-1\" \/>\n<link rel=\"canonical\" href=\"https:\/\/tourtravelandmore.com\/es\/tours\/espana-es\/mallorca-es\/mallorca-traslados-es\/traslado-privado-mallorca-desde-cualquier-lugar-de-la-isla\/\" \/>\n<meta property=\"og:locale\" content=\"es_ES\" \/>\n<meta property=\"og:type\" content=\"article\" \/>\n<meta property=\"og:title\" content=\"Traslados Privados por toda la Isla de Mallorca\" \/>\n<meta property=\"og:description\" content=\"Ofrecemos todo tipo de traslado privado Mallorca, desde recogidas en el aeropuerto, terminal de cruceros, Hotel o cualquier lugar.\" \/>\n<meta property=\"og:url\" content=\"https:\/\/tourtravelandmore.com\/es\/tours\/espana-es\/mallorca-es\/mallorca-traslados-es\/traslado-privado-mallorca-desde-cualquier-lugar-de-la-isla\/\" \/>\n<meta property=\"og:site_name\" content=\"Tour Travel And More\" \/>\n<meta property=\"article:publisher\" content=\"https:\/\/www.facebook.com\/tourtravelandmore\/\" \/>\n<meta property=\"article:modified_time\" content=\"2020-11-03T10:23:09+00:00\" \/>\n<meta property=\"og:image\" content=\"https:\/\/tourtravelandmore.com\/wp-content\/uploads\/2020\/03\/auto-12.jpeg\" \/>\n\t<meta property=\"og:image:width\" content=\"750\" \/>\n\t<meta property=\"og:image:height\" content=\"400\" \/>\n\t<meta property=\"og:image:type\" content=\"image\/jpeg\" \/>\n<meta name=\"twitter:card\" content=\"summary_large_image\" \/>\n<meta name=\"twitter:site\" content=\"@TourTravel_More\" \/>\n<meta name=\"twitter:label1\" content=\"Tiempo de lectura\" \/>\n\t<meta name=\"twitter:data1\" content=\"2 minutos\" \/>\n<script type=\"application\/ld+json\" class=\"yoast-schema-graph\">{\"@context\":\"https:\/\/schema.org\",\"@graph\":[{\"@type\":\"WebPage\",\"@id\":\"https:\/\/tourtravelandmore.com\/es\/tours\/espana-es\/mallorca-es\/mallorca-traslados-es\/traslado-privado-mallorca-desde-cualquier-lugar-de-la-isla\/\",\"url\":\"https:\/\/tourtravelandmore.com\/es\/tours\/espana-es\/mallorca-es\/mallorca-traslados-es\/traslado-privado-mallorca-desde-cualquier-lugar-de-la-isla\/\",\"name\":\"Traslado Privado Mallorca desde cualquier lugar de la Isla\",\"isPartOf\":{\"@id\":\"https:\/\/tourtravelandmore.com\/es\/#website\"},\"primaryImageOfPage\":{\"@id\":\"https:\/\/tourtravelandmore.com\/es\/tours\/espana-es\/mallorca-es\/mallorca-traslados-es\/traslado-privado-mallorca-desde-cualquier-lugar-de-la-isla\/#primaryimage\"},\"image\":{\"@id\":\"https:\/\/tourtravelandmore.com\/es\/tours\/espana-es\/mallorca-es\/mallorca-traslados-es\/traslado-privado-mallorca-desde-cualquier-lugar-de-la-isla\/#primaryimage\"},\"thumbnailUrl\":\"https:\/\/tourtravelandmore.com\/wp-content\/uploads\/2020\/03\/auto-12.jpeg\",\"datePublished\":\"2020-03-17T08:58:00+00:00\",\"dateModified\":\"2020-11-03T10:23:09+00:00\",\"description\":\"Ofrecemos todo tipo de traslado privado Mallorca, desde recogidas en el aeropuerto, terminal de cruceros, Hotel o cualquier lugar.\",\"breadcrumb\":{\"@id\":\"https:\/\/tourtravelandmore.com\/es\/tours\/espana-es\/mallorca-es\/mallorca-traslados-es\/traslado-privado-mallorca-desde-cualquier-lugar-de-la-isla\/#breadcrumb\"},\"inLanguage\":\"es\",\"potentialAction\":[{\"@type\":\"ReadAction\",\"target\":[\"https:\/\/tourtravelandmore.com\/es\/tours\/espana-es\/mallorca-es\/mallorca-traslados-es\/traslado-privado-mallorca-desde-cualquier-lugar-de-la-isla\/\"]}]},{\"@type\":\"ImageObject\",\"inLanguage\":\"es\",\"@id\":\"https:\/\/tourtravelandmore.com\/es\/tours\/espana-es\/mallorca-es\/mallorca-traslados-es\/traslado-privado-mallorca-desde-cualquier-lugar-de-la-isla\/#primaryimage\",\"url\":\"https:\/\/tourtravelandmore.com\/wp-content\/uploads\/2020\/03\/auto-12.jpeg\",\"contentUrl\":\"https:\/\/tourtravelandmore.com\/wp-content\/uploads\/2020\/03\/auto-12.jpeg\",\"width\":750,\"height\":400},{\"@type\":\"BreadcrumbList\",\"@id\":\"https:\/\/tourtravelandmore.com\/es\/tours\/espana-es\/mallorca-es\/mallorca-traslados-es\/traslado-privado-mallorca-desde-cualquier-lugar-de-la-isla\/#breadcrumb\",\"itemListElement\":[{\"@type\":\"ListItem\",\"position\":1,\"name\":\"Home\",\"item\":\"https:\/\/tourtravelandmore.com\/es\/\"},{\"@type\":\"ListItem\",\"position\":2,\"name\":\"Tours\",\"item\":\"https:\/\/tourtravelandmore.com\/es\/tours\/\"},{\"@type\":\"ListItem\",\"position\":3,\"name\":\"Traslados Privados por toda la Isla de Mallorca\"}]},{\"@type\":\"WebSite\",\"@id\":\"https:\/\/tourtravelandmore.com\/es\/#website\",\"url\":\"https:\/\/tourtravelandmore.com\/es\/\",\"name\":\"Tour Travel And More\",\"description\":\"Private sightseeing tours and luxury transfers in Spain\",\"publisher\":{\"@id\":\"https:\/\/tourtravelandmore.com\/es\/#organization\"},\"potentialAction\":[{\"@type\":\"SearchAction\",\"target\":{\"@type\":\"EntryPoint\",\"urlTemplate\":\"https:\/\/tourtravelandmore.com\/es\/?s={search_term_string}\"},\"query-input\":{\"@type\":\"PropertyValueSpecification\",\"valueRequired\":true,\"valueName\":\"search_term_string\"}}],\"inLanguage\":\"es\"},{\"@type\":\"Organization\",\"@id\":\"https:\/\/tourtravelandmore.com\/es\/#organization\",\"name\":\"Tour Travel And More\",\"url\":\"https:\/\/tourtravelandmore.com\/es\/\",\"logo\":{\"@type\":\"ImageObject\",\"inLanguage\":\"es\",\"@id\":\"https:\/\/tourtravelandmore.com\/es\/#\/schema\/logo\/image\/\",\"url\":\"https:\/\/tourtravelandmore.com\/wp-content\/uploads\/2022\/12\/cropped-logo-cabecera-new.png\",\"contentUrl\":\"https:\/\/tourtravelandmore.com\/wp-content\/uploads\/2022\/12\/cropped-logo-cabecera-new.png\",\"width\":430,\"height\":61,\"caption\":\"Tour Travel And More\"},\"image\":{\"@id\":\"https:\/\/tourtravelandmore.com\/es\/#\/schema\/logo\/image\/\"},\"sameAs\":[\"https:\/\/www.facebook.com\/tourtravelandmore\/\",\"https:\/\/x.com\/TourTravel_More\"]}]}<\/script>\n<!-- \/ Yoast SEO Premium plugin. -->","yoast_head_json":{"title":"Traslado Privado Mallorca desde cualquier lugar de la Isla","description":"Ofrecemos todo tipo de traslado privado Mallorca, desde recogidas en el aeropuerto, terminal de cruceros, Hotel o cualquier lugar.","robots":{"index":"index","follow":"follow","max-snippet":"max-snippet:-1","max-image-preview":"max-image-preview:large","max-video-preview":"max-video-preview:-1"},"canonical":"https:\/\/tourtravelandmore.com\/es\/tours\/espana-es\/mallorca-es\/mallorca-traslados-es\/traslado-privado-mallorca-desde-cualquier-lugar-de-la-isla\/","og_locale":"es_ES","og_type":"article","og_title":"Traslados Privados por toda la Isla de Mallorca","og_description":"Ofrecemos todo tipo de traslado privado Mallorca, desde recogidas en el aeropuerto, terminal de cruceros, Hotel o cualquier lugar.","og_url":"https:\/\/tourtravelandmore.com\/es\/tours\/espana-es\/mallorca-es\/mallorca-traslados-es\/traslado-privado-mallorca-desde-cualquier-lugar-de-la-isla\/","og_site_name":"Tour Travel And More","article_publisher":"https:\/\/www.facebook.com\/tourtravelandmore\/","article_modified_time":"2020-11-03T10:23:09+00:00","og_image":[{"width":750,"height":400,"url":"https:\/\/tourtravelandmore.com\/wp-content\/uploads\/2020\/03\/auto-12.jpeg","type":"image\/jpeg"}],"twitter_card":"summary_large_image","twitter_site":"@TourTravel_More","twitter_misc":{"Tiempo de lectura":"2 minutos"},"schema":{"@context":"https:\/\/schema.org","@graph":[{"@type":"WebPage","@id":"https:\/\/tourtravelandmore.com\/es\/tours\/espana-es\/mallorca-es\/mallorca-traslados-es\/traslado-privado-mallorca-desde-cualquier-lugar-de-la-isla\/","url":"https:\/\/tourtravelandmore.com\/es\/tours\/espana-es\/mallorca-es\/mallorca-traslados-es\/traslado-privado-mallorca-desde-cualquier-lugar-de-la-isla\/","name":"Traslado Privado Mallorca desde cualquier lugar de la Isla","isPartOf":{"@id":"https:\/\/tourtravelandmore.com\/es\/#website"},"primaryImageOfPage":{"@id":"https:\/\/tourtravelandmore.com\/es\/tours\/espana-es\/mallorca-es\/mallorca-traslados-es\/traslado-privado-mallorca-desde-cualquier-lugar-de-la-isla\/#primaryimage"},"image":{"@id":"https:\/\/tourtravelandmore.com\/es\/tours\/espana-es\/mallorca-es\/mallorca-traslados-es\/traslado-privado-mallorca-desde-cualquier-lugar-de-la-isla\/#primaryimage"},"thumbnailUrl":"https:\/\/tourtravelandmore.com\/wp-content\/uploads\/2020\/03\/auto-12.jpeg","datePublished":"2020-03-17T08:58:00+00:00","dateModified":"2020-11-03T10:23:09+00:00","description":"Ofrecemos todo tipo de traslado privado Mallorca, desde recogidas en el aeropuerto, terminal de cruceros, Hotel o cualquier lugar.","breadcrumb":{"@id":"https:\/\/tourtravelandmore.com\/es\/tours\/espana-es\/mallorca-es\/mallorca-traslados-es\/traslado-privado-mallorca-desde-cualquier-lugar-de-la-isla\/#breadcrumb"},"inLanguage":"es","potentialAction":[{"@type":"ReadAction","target":["https:\/\/tourtravelandmore.com\/es\/tours\/espana-es\/mallorca-es\/mallorca-traslados-es\/traslado-privado-mallorca-desde-cualquier-lugar-de-la-isla\/"]}]},{"@type":"ImageObject","inLanguage":"es","@id":"https:\/\/tourtravelandmore.com\/es\/tours\/espana-es\/mallorca-es\/mallorca-traslados-es\/traslado-privado-mallorca-desde-cualquier-lugar-de-la-isla\/#primaryimage","url":"https:\/\/tourtravelandmore.com\/wp-content\/uploads\/2020\/03\/auto-12.jpeg","contentUrl":"https:\/\/tourtravelandmore.com\/wp-content\/uploads\/2020\/03\/auto-12.jpeg","width":750,"height":400},{"@type":"BreadcrumbList","@id":"https:\/\/tourtravelandmore.com\/es\/tours\/espana-es\/mallorca-es\/mallorca-traslados-es\/traslado-privado-mallorca-desde-cualquier-lugar-de-la-isla\/#breadcrumb","itemListElement":[{"@type":"ListItem","position":1,"name":"Home","item":"https:\/\/tourtravelandmore.com\/es\/"},{"@type":"ListItem","position":2,"name":"Tours","item":"https:\/\/tourtravelandmore.com\/es\/tours\/"},{"@type":"ListItem","position":3,"name":"Traslados Privados por toda la Isla de Mallorca"}]},{"@type":"WebSite","@id":"https:\/\/tourtravelandmore.com\/es\/#website","url":"https:\/\/tourtravelandmore.com\/es\/","name":"Tour Travel And More","description":"Private sightseeing tours and luxury transfers in Spain","publisher":{"@id":"https:\/\/tourtravelandmore.com\/es\/#organization"},"potentialAction":[{"@type":"SearchAction","target":{"@type":"EntryPoint","urlTemplate":"https:\/\/tourtravelandmore.com\/es\/?s={search_term_string}"},"query-input":{"@type":"PropertyValueSpecification","valueRequired":true,"valueName":"search_term_string"}}],"inLanguage":"es"},{"@type":"Organization","@id":"https:\/\/tourtravelandmore.com\/es\/#organization","name":"Tour Travel And More","url":"https:\/\/tourtravelandmore.com\/es\/","logo":{"@type":"ImageObject","inLanguage":"es","@id":"https:\/\/tourtravelandmore.com\/es\/#\/schema\/logo\/image\/","url":"https:\/\/tourtravelandmore.com\/wp-content\/uploads\/2022\/12\/cropped-logo-cabecera-new.png","contentUrl":"https:\/\/tourtravelandmore.com\/wp-content\/uploads\/2022\/12\/cropped-logo-cabecera-new.png","width":430,"height":61,"caption":"Tour Travel And More"},"image":{"@id":"https:\/\/tourtravelandmore.com\/es\/#\/schema\/logo\/image\/"},"sameAs":["https:\/\/www.facebook.com\/tourtravelandmore\/","https:\/\/x.com\/TourTravel_More"]}]}},"_links":{"self":[{"href":"https:\/\/tourtravelandmore.com\/es\/wp-json\/wp\/v2\/product\/78541","targetHints":{"allow":["GET"]}}],"collection":[{"href":"https:\/\/tourtravelandmore.com\/es\/wp-json\/wp\/v2\/product"}],"about":[{"href":"https:\/\/tourtravelandmore.com\/es\/wp-json\/wp\/v2\/types\/product"}],"replies":[{"embeddable":true,"href":"https:\/\/tourtravelandmore.com\/es\/wp-json\/wp\/v2\/comments?post=78541"}],"wp:featuredmedia":[{"embeddable":true,"href":"https:\/\/tourtravelandmore.com\/es\/wp-json\/wp\/v2\/media\/78551"}],"wp:attachment":[{"href":"https:\/\/tourtravelandmore.com\/es\/wp-json\/wp\/v2\/media?parent=78541"}],"wp:term":[{"taxonomy":"product_brand","embeddable":true,"href":"https:\/\/tourtravelandmore.com\/es\/wp-json\/wp\/v2\/product_brand?post=78541"},{"taxonomy":"product_cat","embeddable":true,"href":"https:\/\/tourtravelandmore.com\/es\/wp-json\/wp\/v2\/product_cat?post=78541"},{"taxonomy":"product_tag","embeddable":true,"href":"https:\/\/tourtravelandmore.com\/es\/wp-json\/wp\/v2\/product_tag?post=78541"}],"curies":[{"name":"wp","href":"https:\/\/api.w.org\/{rel}","templated":true}]}}