{"id":78525,"date":"2020-03-17T09:45:48","date_gmt":"2020-03-17T08:45:48","guid":{"rendered":"https:\/\/tourtravelandmore.com\/?post_type=product&#038;p=78525"},"modified":"2023-11-15T19:45:34","modified_gmt":"2023-11-15T18:45:34","slug":"tour-privado-de-palma-de-mallorca-valldemosa-y-soller-desde-el-puerto-de-cruceros-de-mallorca","status":"publish","type":"product","link":"https:\/\/tourtravelandmore.com\/es\/tours\/espana-es\/mallorca-es\/mallorca-actividades-es\/tour-privado-de-palma-de-mallorca-valldemosa-y-soller-desde-el-puerto-de-cruceros-de-mallorca\/","title":{"rendered":"Tour Privado de Palma de Mallorca, Valldemosa y Soller desde el Puerto de Cruceros de Mallorca"},"content":{"rendered":"<h2>Tour Privado de Palma de Mallorca, Valldemosa y Soller desde el Puerto de Cruceros de Mallorca Descripci\u00f3n<\/h2>\n<p>Emb\u00e1rquese en un exclusivo viaje de 8 horas con nuestro Tour Privado de Palma de Mallorca, Valldemosa y S\u00f3ller. Tanto si llega a trav\u00e9s del puerto de cruceros como si se aloja en un hotel, nuestro equipo de Tour Travel &amp; More est\u00e1 preparado para recogerle en cualquier punto de la encantadora isla de Mallorca, garantiz\u00e1ndole una experiencia perfecta e inolvidable.<\/p>\n<p>Su gu\u00eda privado biling\u00fce, conocedor de la historia y la cultura de la regi\u00f3n, le acompa\u00f1ar\u00e1 durante todo el recorrido, proporcion\u00e1ndole informaci\u00f3n y respondiendo a cualquier pregunta que pueda tener. Junto con un conductor dedicado y un veh\u00edculo de lujo adaptado al tama\u00f1o de su grupo, tendr\u00e1 la flexibilidad de personalizar su itinerario, configurando el d\u00eda seg\u00fan sus preferencias.<\/p>\n<h2>Puntos de inter\u00e9s<\/h2>\n<p>La aventura comienza con una r\u00e1pida recogida en el lugar designado, ya sea el puerto de cruceros o su hotel. Su conductor, al mando de un veh\u00edculo de lujo, le transportar\u00e1 c\u00f3modamente a Palma de Mallorca, la vibrante capital de las Islas Baleares.<\/p>\n<p>Palma de Mallorca: Su primera parada es la impresionante Catedral de Santa Mar\u00eda. Con entradas concertadas, evitar\u00e1 las colas y se adentrar\u00e1 en los secretos de esta magn\u00edfica estructura g\u00f3tica. Su gu\u00eda le contar\u00e1 historias cautivadoras y le desvelar\u00e1 las razones de su estrat\u00e9gica ubicaci\u00f3n.<\/p>\n<p>Junto a la catedral, le espera el Palacio Real de la Almudaina, cargado de historia real. Su gu\u00eda le narrar\u00e1 los relatos de los monarcas y le desvelar\u00e1 la rica historia que se esconde tras este emblem\u00e1tico palacio.<\/p>\n<p>Un corto paseo le llevar\u00e1 al hist\u00f3rico Ayuntamiento de Mallorca, un edificio con un pasado hist\u00f3rico y una belleza arquitect\u00f3nica sin igual. La Plaza Mayor, s\u00edmbolo del centro de la ciudad, ofrece varias opciones para explorar.<\/p>\n<p>Valldemosa y S\u00f3ller: Avent\u00farese m\u00e1s all\u00e1 de Palma hasta los pintorescos pueblos de Valldemosa y S\u00f3ller, cada uno con su encanto \u00fanico. Explore la riqueza cultural de Valldemosa, caracterizada por su hist\u00f3rico monasterio y sus pintorescas calles. En S\u00f3ller, rodeado de monta\u00f1as y plantaciones de c\u00edtricos, experimente el relajado estilo de vida mediterr\u00e1neo.<\/p>\n<p>A medida que dise\u00f1e su experiencia, considere la posibilidad de explorar la gastronom\u00eda local o saborear las vistas panor\u00e1micas. Usted decide c\u00f3mo quiere que sea el d\u00eda, lo que le garantiza una visita exclusiva y personalizada de Palma de Mallorca, Valldemosa y S\u00f3ller.<\/p>\n<p>Si dispone de m\u00e1s d\u00edas, puedes consultar <strong><a href=\"https:\/\/tourtravelandmore.com\/es\/ciudad\/espana-es\/mallorca-es\/\">aqu\u00ed<\/a><\/strong>, el resto de los tours privados Palma de Mallorca.<\/p>\n","protected":false},"excerpt":{"rendered":"<p>Emb\u00e1rquese en un exclusivo viaje de 8 horas con nuestro Tour Privado de Palma de Mallorca, Valldemosa y S\u00f3ller. Tanto si llega a trav\u00e9s del puerto de cruceros como si se aloja en un hotel, nuestro equipo de Tour Travel &amp; More est\u00e1 preparado para recogerle en cualquier punto de la encantadora isla de Mallorca, garantiz\u00e1ndole una experiencia perfecta e inolvidable.<\/p>\n","protected":false},"featured_media":78535,"comment_status":"open","ping_status":"closed","template":"","meta":{"_acf_changed":false},"product_brand":[],"product_cat":[2107,2109,2114],"product_tag":[],"class_list":{"0":"post-78525","1":"product","2":"type-product","3":"status-publish","4":"has-post-thumbnail","6":"product_cat-mallorca-es","7":"product_cat-mallorca-actividades-es","8":"product_cat-mallorca-rutas-turisticas-privadas-es","10":"first","11":"instock","12":"shipping-taxable","13":"purchasable","14":"product-type-simple"},"acf":[],"yoast_head":"<!-- This site is optimized with the Yoast SEO Premium plugin v25.3.1 (Yoast SEO v25.3.1) - https:\/\/yoast.com\/wordpress\/plugins\/seo\/ -->\n<title>\u27a1\ufe0f Tour Privado Isla Mallorca con gu\u00eda, Vehiculo, entradas y recogida | Tour Travel &amp; More<\/title>\n<meta name=\"description\" content=\"Disfruta de este tour privado Isla Mallorca junto a su guia oficial y vehiculo privado. Descubre la ciudad de Palma de Mallorca y los alrededores \u2705\" \/>\n<meta name=\"robots\" content=\"index, follow, max-snippet:-1, max-image-preview:large, max-video-preview:-1\" \/>\n<link rel=\"canonical\" href=\"https:\/\/tourtravelandmore.com\/es\/tours\/espana-es\/mallorca-es\/mallorca-actividades-es\/tour-privado-de-palma-de-mallorca-valldemosa-y-soller-desde-el-puerto-de-cruceros-de-mallorca\/\" \/>\n<meta property=\"og:locale\" content=\"es_ES\" \/>\n<meta property=\"og:type\" content=\"article\" \/>\n<meta property=\"og:title\" content=\"Tour Privado de Palma de Mallorca, Valldemosa y Soller desde el Puerto de Cruceros de Mallorca\" \/>\n<meta property=\"og:description\" content=\"Disfruta de este tour privado Isla Mallorca junto a su guia oficial y vehiculo privado. Descubre la ciudad de Palma de Mallorca y los alrededores \u2705\" \/>\n<meta property=\"og:url\" content=\"https:\/\/tourtravelandmore.com\/es\/tours\/espana-es\/mallorca-es\/mallorca-actividades-es\/tour-privado-de-palma-de-mallorca-valldemosa-y-soller-desde-el-puerto-de-cruceros-de-mallorca\/\" \/>\n<meta property=\"og:site_name\" content=\"Tour Travel And More\" \/>\n<meta property=\"article:publisher\" content=\"https:\/\/www.facebook.com\/tourtravelandmore\/\" \/>\n<meta property=\"article:modified_time\" content=\"2023-11-15T18:45:34+00:00\" \/>\n<meta property=\"og:image\" content=\"https:\/\/tourtravelandmore.com\/wp-content\/uploads\/2020\/03\/mallorca-1.3.jpg\" \/>\n\t<meta property=\"og:image:width\" content=\"615\" \/>\n\t<meta property=\"og:image:height\" content=\"410\" \/>\n\t<meta property=\"og:image:type\" content=\"image\/jpeg\" \/>\n<meta name=\"twitter:card\" content=\"summary_large_image\" \/>\n<meta name=\"twitter:site\" content=\"@TourTravel_More\" \/>\n<meta name=\"twitter:label1\" content=\"Tiempo de lectura\" \/>\n\t<meta name=\"twitter:data1\" content=\"2 minutos\" \/>\n<script type=\"application\/ld+json\" class=\"yoast-schema-graph\">{\"@context\":\"https:\/\/schema.org\",\"@graph\":[{\"@type\":\"WebPage\",\"@id\":\"https:\/\/tourtravelandmore.com\/es\/tours\/espana-es\/mallorca-es\/mallorca-actividades-es\/tour-privado-de-palma-de-mallorca-valldemosa-y-soller-desde-el-puerto-de-cruceros-de-mallorca\/\",\"url\":\"https:\/\/tourtravelandmore.com\/es\/tours\/espana-es\/mallorca-es\/mallorca-actividades-es\/tour-privado-de-palma-de-mallorca-valldemosa-y-soller-desde-el-puerto-de-cruceros-de-mallorca\/\",\"name\":\"\u27a1\ufe0f Tour Privado Isla Mallorca con gu\u00eda, Vehiculo, entradas y recogida | Tour Travel & More\",\"isPartOf\":{\"@id\":\"https:\/\/tourtravelandmore.com\/es\/#website\"},\"primaryImageOfPage\":{\"@id\":\"https:\/\/tourtravelandmore.com\/es\/tours\/espana-es\/mallorca-es\/mallorca-actividades-es\/tour-privado-de-palma-de-mallorca-valldemosa-y-soller-desde-el-puerto-de-cruceros-de-mallorca\/#primaryimage\"},\"image\":{\"@id\":\"https:\/\/tourtravelandmore.com\/es\/tours\/espana-es\/mallorca-es\/mallorca-actividades-es\/tour-privado-de-palma-de-mallorca-valldemosa-y-soller-desde-el-puerto-de-cruceros-de-mallorca\/#primaryimage\"},\"thumbnailUrl\":\"https:\/\/tourtravelandmore.com\/wp-content\/uploads\/2020\/03\/mallorca-1.3.jpg\",\"datePublished\":\"2020-03-17T08:45:48+00:00\",\"dateModified\":\"2023-11-15T18:45:34+00:00\",\"description\":\"Disfruta de este tour privado Isla Mallorca junto a su guia oficial y vehiculo privado. Descubre la ciudad de Palma de Mallorca y los alrededores \u2705\",\"breadcrumb\":{\"@id\":\"https:\/\/tourtravelandmore.com\/es\/tours\/espana-es\/mallorca-es\/mallorca-actividades-es\/tour-privado-de-palma-de-mallorca-valldemosa-y-soller-desde-el-puerto-de-cruceros-de-mallorca\/#breadcrumb\"},\"inLanguage\":\"es\",\"potentialAction\":[{\"@type\":\"ReadAction\",\"target\":[\"https:\/\/tourtravelandmore.com\/es\/tours\/espana-es\/mallorca-es\/mallorca-actividades-es\/tour-privado-de-palma-de-mallorca-valldemosa-y-soller-desde-el-puerto-de-cruceros-de-mallorca\/\"]}]},{\"@type\":\"ImageObject\",\"inLanguage\":\"es\",\"@id\":\"https:\/\/tourtravelandmore.com\/es\/tours\/espana-es\/mallorca-es\/mallorca-actividades-es\/tour-privado-de-palma-de-mallorca-valldemosa-y-soller-desde-el-puerto-de-cruceros-de-mallorca\/#primaryimage\",\"url\":\"https:\/\/tourtravelandmore.com\/wp-content\/uploads\/2020\/03\/mallorca-1.3.jpg\",\"contentUrl\":\"https:\/\/tourtravelandmore.com\/wp-content\/uploads\/2020\/03\/mallorca-1.3.jpg\",\"width\":615,\"height\":410},{\"@type\":\"BreadcrumbList\",\"@id\":\"https:\/\/tourtravelandmore.com\/es\/tours\/espana-es\/mallorca-es\/mallorca-actividades-es\/tour-privado-de-palma-de-mallorca-valldemosa-y-soller-desde-el-puerto-de-cruceros-de-mallorca\/#breadcrumb\",\"itemListElement\":[{\"@type\":\"ListItem\",\"position\":1,\"name\":\"Home\",\"item\":\"https:\/\/tourtravelandmore.com\/es\/\"},{\"@type\":\"ListItem\",\"position\":2,\"name\":\"Tours\",\"item\":\"https:\/\/tourtravelandmore.com\/es\/tours\/\"},{\"@type\":\"ListItem\",\"position\":3,\"name\":\"Tour Privado de Palma de Mallorca, Valldemosa y Soller desde el Puerto de Cruceros de Mallorca\"}]},{\"@type\":\"WebSite\",\"@id\":\"https:\/\/tourtravelandmore.com\/es\/#website\",\"url\":\"https:\/\/tourtravelandmore.com\/es\/\",\"name\":\"Tour Travel And More\",\"description\":\"Private sightseeing tours and luxury transfers in Spain\",\"publisher\":{\"@id\":\"https:\/\/tourtravelandmore.com\/es\/#organization\"},\"potentialAction\":[{\"@type\":\"SearchAction\",\"target\":{\"@type\":\"EntryPoint\",\"urlTemplate\":\"https:\/\/tourtravelandmore.com\/es\/?s={search_term_string}\"},\"query-input\":{\"@type\":\"PropertyValueSpecification\",\"valueRequired\":true,\"valueName\":\"search_term_string\"}}],\"inLanguage\":\"es\"},{\"@type\":\"Organization\",\"@id\":\"https:\/\/tourtravelandmore.com\/es\/#organization\",\"name\":\"Tour Travel And More\",\"url\":\"https:\/\/tourtravelandmore.com\/es\/\",\"logo\":{\"@type\":\"ImageObject\",\"inLanguage\":\"es\",\"@id\":\"https:\/\/tourtravelandmore.com\/es\/#\/schema\/logo\/image\/\",\"url\":\"https:\/\/tourtravelandmore.com\/wp-content\/uploads\/2022\/12\/cropped-logo-cabecera-new.png\",\"contentUrl\":\"https:\/\/tourtravelandmore.com\/wp-content\/uploads\/2022\/12\/cropped-logo-cabecera-new.png\",\"width\":430,\"height\":61,\"caption\":\"Tour Travel And More\"},\"image\":{\"@id\":\"https:\/\/tourtravelandmore.com\/es\/#\/schema\/logo\/image\/\"},\"sameAs\":[\"https:\/\/www.facebook.com\/tourtravelandmore\/\",\"https:\/\/x.com\/TourTravel_More\"]}]}<\/script>\n<!-- \/ Yoast SEO Premium plugin. -->","yoast_head_json":{"title":"\u27a1\ufe0f Tour Privado Isla Mallorca con gu\u00eda, Vehiculo, entradas y recogida | Tour Travel & More","description":"Disfruta de este tour privado Isla Mallorca junto a su guia oficial y vehiculo privado. Descubre la ciudad de Palma de Mallorca y los alrededores \u2705","robots":{"index":"index","follow":"follow","max-snippet":"max-snippet:-1","max-image-preview":"max-image-preview:large","max-video-preview":"max-video-preview:-1"},"canonical":"https:\/\/tourtravelandmore.com\/es\/tours\/espana-es\/mallorca-es\/mallorca-actividades-es\/tour-privado-de-palma-de-mallorca-valldemosa-y-soller-desde-el-puerto-de-cruceros-de-mallorca\/","og_locale":"es_ES","og_type":"article","og_title":"Tour Privado de Palma de Mallorca, Valldemosa y Soller desde el Puerto de Cruceros de Mallorca","og_description":"Disfruta de este tour privado Isla Mallorca junto a su guia oficial y vehiculo privado. Descubre la ciudad de Palma de Mallorca y los alrededores \u2705","og_url":"https:\/\/tourtravelandmore.com\/es\/tours\/espana-es\/mallorca-es\/mallorca-actividades-es\/tour-privado-de-palma-de-mallorca-valldemosa-y-soller-desde-el-puerto-de-cruceros-de-mallorca\/","og_site_name":"Tour Travel And More","article_publisher":"https:\/\/www.facebook.com\/tourtravelandmore\/","article_modified_time":"2023-11-15T18:45:34+00:00","og_image":[{"width":615,"height":410,"url":"https:\/\/tourtravelandmore.com\/wp-content\/uploads\/2020\/03\/mallorca-1.3.jpg","type":"image\/jpeg"}],"twitter_card":"summary_large_image","twitter_site":"@TourTravel_More","twitter_misc":{"Tiempo de lectura":"2 minutos"},"schema":{"@context":"https:\/\/schema.org","@graph":[{"@type":"WebPage","@id":"https:\/\/tourtravelandmore.com\/es\/tours\/espana-es\/mallorca-es\/mallorca-actividades-es\/tour-privado-de-palma-de-mallorca-valldemosa-y-soller-desde-el-puerto-de-cruceros-de-mallorca\/","url":"https:\/\/tourtravelandmore.com\/es\/tours\/espana-es\/mallorca-es\/mallorca-actividades-es\/tour-privado-de-palma-de-mallorca-valldemosa-y-soller-desde-el-puerto-de-cruceros-de-mallorca\/","name":"\u27a1\ufe0f Tour Privado Isla Mallorca con gu\u00eda, Vehiculo, entradas y recogida | Tour Travel & More","isPartOf":{"@id":"https:\/\/tourtravelandmore.com\/es\/#website"},"primaryImageOfPage":{"@id":"https:\/\/tourtravelandmore.com\/es\/tours\/espana-es\/mallorca-es\/mallorca-actividades-es\/tour-privado-de-palma-de-mallorca-valldemosa-y-soller-desde-el-puerto-de-cruceros-de-mallorca\/#primaryimage"},"image":{"@id":"https:\/\/tourtravelandmore.com\/es\/tours\/espana-es\/mallorca-es\/mallorca-actividades-es\/tour-privado-de-palma-de-mallorca-valldemosa-y-soller-desde-el-puerto-de-cruceros-de-mallorca\/#primaryimage"},"thumbnailUrl":"https:\/\/tourtravelandmore.com\/wp-content\/uploads\/2020\/03\/mallorca-1.3.jpg","datePublished":"2020-03-17T08:45:48+00:00","dateModified":"2023-11-15T18:45:34+00:00","description":"Disfruta de este tour privado Isla Mallorca junto a su guia oficial y vehiculo privado. Descubre la ciudad de Palma de Mallorca y los alrededores \u2705","breadcrumb":{"@id":"https:\/\/tourtravelandmore.com\/es\/tours\/espana-es\/mallorca-es\/mallorca-actividades-es\/tour-privado-de-palma-de-mallorca-valldemosa-y-soller-desde-el-puerto-de-cruceros-de-mallorca\/#breadcrumb"},"inLanguage":"es","potentialAction":[{"@type":"ReadAction","target":["https:\/\/tourtravelandmore.com\/es\/tours\/espana-es\/mallorca-es\/mallorca-actividades-es\/tour-privado-de-palma-de-mallorca-valldemosa-y-soller-desde-el-puerto-de-cruceros-de-mallorca\/"]}]},{"@type":"ImageObject","inLanguage":"es","@id":"https:\/\/tourtravelandmore.com\/es\/tours\/espana-es\/mallorca-es\/mallorca-actividades-es\/tour-privado-de-palma-de-mallorca-valldemosa-y-soller-desde-el-puerto-de-cruceros-de-mallorca\/#primaryimage","url":"https:\/\/tourtravelandmore.com\/wp-content\/uploads\/2020\/03\/mallorca-1.3.jpg","contentUrl":"https:\/\/tourtravelandmore.com\/wp-content\/uploads\/2020\/03\/mallorca-1.3.jpg","width":615,"height":410},{"@type":"BreadcrumbList","@id":"https:\/\/tourtravelandmore.com\/es\/tours\/espana-es\/mallorca-es\/mallorca-actividades-es\/tour-privado-de-palma-de-mallorca-valldemosa-y-soller-desde-el-puerto-de-cruceros-de-mallorca\/#breadcrumb","itemListElement":[{"@type":"ListItem","position":1,"name":"Home","item":"https:\/\/tourtravelandmore.com\/es\/"},{"@type":"ListItem","position":2,"name":"Tours","item":"https:\/\/tourtravelandmore.com\/es\/tours\/"},{"@type":"ListItem","position":3,"name":"Tour Privado de Palma de Mallorca, Valldemosa y Soller desde el Puerto de Cruceros de Mallorca"}]},{"@type":"WebSite","@id":"https:\/\/tourtravelandmore.com\/es\/#website","url":"https:\/\/tourtravelandmore.com\/es\/","name":"Tour Travel And More","description":"Private sightseeing tours and luxury transfers in Spain","publisher":{"@id":"https:\/\/tourtravelandmore.com\/es\/#organization"},"potentialAction":[{"@type":"SearchAction","target":{"@type":"EntryPoint","urlTemplate":"https:\/\/tourtravelandmore.com\/es\/?s={search_term_string}"},"query-input":{"@type":"PropertyValueSpecification","valueRequired":true,"valueName":"search_term_string"}}],"inLanguage":"es"},{"@type":"Organization","@id":"https:\/\/tourtravelandmore.com\/es\/#organization","name":"Tour Travel And More","url":"https:\/\/tourtravelandmore.com\/es\/","logo":{"@type":"ImageObject","inLanguage":"es","@id":"https:\/\/tourtravelandmore.com\/es\/#\/schema\/logo\/image\/","url":"https:\/\/tourtravelandmore.com\/wp-content\/uploads\/2022\/12\/cropped-logo-cabecera-new.png","contentUrl":"https:\/\/tourtravelandmore.com\/wp-content\/uploads\/2022\/12\/cropped-logo-cabecera-new.png","width":430,"height":61,"caption":"Tour Travel And More"},"image":{"@id":"https:\/\/tourtravelandmore.com\/es\/#\/schema\/logo\/image\/"},"sameAs":["https:\/\/www.facebook.com\/tourtravelandmore\/","https:\/\/x.com\/TourTravel_More"]}]}},"_links":{"self":[{"href":"https:\/\/tourtravelandmore.com\/es\/wp-json\/wp\/v2\/product\/78525","targetHints":{"allow":["GET"]}}],"collection":[{"href":"https:\/\/tourtravelandmore.com\/es\/wp-json\/wp\/v2\/product"}],"about":[{"href":"https:\/\/tourtravelandmore.com\/es\/wp-json\/wp\/v2\/types\/product"}],"replies":[{"embeddable":true,"href":"https:\/\/tourtravelandmore.com\/es\/wp-json\/wp\/v2\/comments?post=78525"}],"wp:featuredmedia":[{"embeddable":true,"href":"https:\/\/tourtravelandmore.com\/es\/wp-json\/wp\/v2\/media\/78535"}],"wp:attachment":[{"href":"https:\/\/tourtravelandmore.com\/es\/wp-json\/wp\/v2\/media?parent=78525"}],"wp:term":[{"taxonomy":"product_brand","embeddable":true,"href":"https:\/\/tourtravelandmore.com\/es\/wp-json\/wp\/v2\/product_brand?post=78525"},{"taxonomy":"product_cat","embeddable":true,"href":"https:\/\/tourtravelandmore.com\/es\/wp-json\/wp\/v2\/product_cat?post=78525"},{"taxonomy":"product_tag","embeddable":true,"href":"https:\/\/tourtravelandmore.com\/es\/wp-json\/wp\/v2\/product_tag?post=78525"}],"curies":[{"name":"wp","href":"https:\/\/api.w.org\/{rel}","templated":true}]}}