{"id":78507,"date":"2020-03-17T09:31:30","date_gmt":"2020-03-17T08:31:31","guid":{"rendered":"https:\/\/tourtravelandmore.com\/?post_type=product&#038;p=78507"},"modified":"2023-11-17T10:26:11","modified_gmt":"2023-11-17T09:26:11","slug":"tour-palma-de-mallorca-y-vallsemossa-con-guia-y-vehiculo-privado","status":"publish","type":"product","link":"https:\/\/tourtravelandmore.com\/es\/tours\/espana-es\/mallorca-es\/mallorca-actividades-es\/tour-palma-de-mallorca-y-vallsemossa-con-guia-y-vehiculo-privado\/","title":{"rendered":"Tour Privado por Palma de Mallorca y Valldemossa"},"content":{"rendered":"<h2>Descripci\u00f3n del Tour Privado por Palma de Mallorca y Valldemossa<\/h2>\n<p><span style=\"font-weight: 400;\">El <\/span><b>tour Palma de Mallorca y Valldemossa con guia y vehiculo privado<\/b><span style=\"font-weight: 400;\">, es uno de los paseos m\u00e1s hermosos que podemos ofrecer a nuestros clientes. Se trata de recorrer en un mismo d\u00eda las dos grandes joyas de la <\/span><i><span style=\"font-weight: 400;\">isla mayor<\/span><\/i><span style=\"font-weight: 400;\">, porque en el primer destino descubrir\u00e1s la gracia y belleza de su capital, pero en el segundo recorrer\u00e1s la <\/span><b><i>Serra de Tramuntana<\/i><\/b><span style=\"font-weight: 400;\"> una cadena monta\u00f1osa que por su belleza fue declarada <\/span><i><span style=\"font-weight: 400;\">Patrimonio de la Humanidad <\/span><\/i><span style=\"font-weight: 400;\">por la <\/span><i><span style=\"font-weight: 400;\">UNESCO<\/span><\/i><span style=\"font-weight: 400;\"> y es en ella donde se encuentra el poblado de <\/span><b>Valldemossa<\/b><span style=\"font-weight: 400;\">.<\/span><\/p>\n<p>La duraci\u00f3n de este tour Palma de Mallorca y Valldemossa es de 5 horas. Al ser un tour completamente privado, pueden escoger la hora y lugar de comienzo.<\/p>\n<p><span style=\"font-weight: 400;\">Durante todo este paseo contar\u00e1s con un <\/span><b>veh\u00edculo de lujo con chofer<\/b><span style=\"font-weight: 400;\"> que te pasar\u00e1 buscando por tu sitio de alojamiento y te llevar\u00e1 a recorrer las calles de la isla, para que puedas disfrutar de primera mano los lugares ic\u00f3nicos de cada uno de los poblados a visitar. <\/span><\/p>\n<p><span style=\"font-weight: 400;\">Adem\u00e1s, tambi\u00e9n contar\u00e1s con la compa\u00f1\u00eda de un <\/span><b>gu\u00eda privado biling\u00fce<\/b><span style=\"font-weight: 400;\"> capaz de develarte los m\u00e1s importantes y sorprendentes secretos que guardan estas regiones de <\/span><b>Mallorca<\/b><span style=\"font-weight: 400;\">.<\/span><\/p>\n<h2><b>Puntos de inter\u00e9s en el Tour Privado Palma de Mallorca y Valldemossa<br \/>\n<\/b><\/h2>\n<p><span style=\"font-weight: 400;\">Apenas pasemos a buscarte por tu sitio de hospedaje, nos pondremos en marcha hacia la capital de la isla, un lugar lleno de construcciones g\u00f3ticas impresionantes como los son <\/span><b><i>\u00a0La Catedral de Santa Mar\u00eda<\/i><\/b><span style=\"font-weight: 400;\">, la cual parece una embarcaci\u00f3n enclavada a las orillas del mar y <\/span><b><i>El Palacio Real de la Almudaina<\/i><\/b><span style=\"font-weight: 400;\"> o <\/span><b><i>El Castillo de Bellver<\/i><\/b><span style=\"font-weight: 400;\">.<\/span><\/p>\n<p><span style=\"font-weight: 400;\">Tambi\u00e9n tendr\u00e1s la oportunidad de recorrer el popular barrio de <\/span><i><span style=\"font-weight: 400;\">Jaime III<\/span><\/i><span style=\"font-weight: 400;\">, una de las principales zonas comerciales de la isla, donde podr\u00e1s realizar las acostumbradas compras de recuerdos mientras te dejas sorprender por la arquitectura y la artesan\u00eda propias del lugar.<\/span><\/p>\n<p><span style=\"font-weight: 400;\">Una vez hayas terminado tus compras, ser\u00e1 el momento propicio para tomar rumbo hacia la localidad de <\/span><b>Valldemossa<\/b><span style=\"font-weight: 400;\">, un pintoresco poblado que ha sido refugio de muchos artistas, pero el m\u00e1s recordado fue el compositor cl\u00e1sico <\/span><i><span style=\"font-weight: 400;\">Chopin<\/span><\/i><span style=\"font-weight: 400;\">.\u00a0<\/span><\/p>\n<p><span style=\"font-weight: 400;\">En esta segunda parte del recorrido visitaremos <\/span><b><i>El Monasterio La Cartuja, La Iglesia de Valldemossa, El palacio del Rey Sancho<\/i><\/b><span style=\"font-weight: 400;\"> mejor conocido como <\/span><b><i>La Real Cartuja de Valldemossa<\/i><\/b><span style=\"font-weight: 400;\"> y por supuesto que no podr\u00eda faltar la antigua farmacia del lugar. <\/span><\/p>\n<p><span style=\"font-weight: 400;\">Tendr\u00e1s tiempo suficiente para pasear por sus calles de adoquines y disfrutar de una comida en el lugar para que pruebes la gastronom\u00eda local justo antes de regresar a tu hotel.<\/span><\/p>\n<p>Si dispone de m\u00e1s d\u00edas, puedes consultar <a href=\"https:\/\/tourtravelandmore.com\/es\/ciudad\/espana-es\/mallorca-es\/\"><strong>aqu\u00ed<\/strong><\/a>, el resto de los tours privados que ofrecemos en la ciudad de Palma de Mallorca.<\/p>\n<h3><b>Informaci\u00f3n extra sobre Palma y Valldemossa<\/b><\/h3>\n<p><b>Valldemossa<\/b><span style=\"font-weight: 400;\"> es el poblado m\u00e1s alto de toda la isla de <\/span><b>Mallorca<\/b><span style=\"font-weight: 400;\">, se encuentra a unos 420 metros sobre el nivel del mar. Es uno de los pueblos m\u00e1s bonitos y pintorescos del lugar, tanto que sus casitas de piedra parecen haber sido construidas para crear el paisaje id\u00edlico de una postal.<\/span><\/p>\n<p><span style=\"font-weight: 400;\">En cuanto a la ciudad de <\/span><b>Palma<\/b><span style=\"font-weight: 400;\">, en ella se encuentra uno de los pocos catillos redondos de todo el mundo, por supuesto que hablamos del <\/span><b><i>Castell de Bellver<\/i><\/b><span style=\"font-weight: 400;\"> ubicados a pocos metros de la bah\u00eda de la ciudad y cuya planta describe una circunferencia perfecta.<\/span><\/p>\n","protected":false},"excerpt":{"rendered":"<p>Disfruta de este <strong>tour privado completamente personalizado de Palma de Mallorca y Valldemossa<\/strong>\u00a0y disfruta de sus monumentos y lugares de inter\u00e9s m\u00e1s importantes. Aproveche esta oportunidad para conocer la regi\u00f3n de <strong>las Islas Baleares<\/strong> en esta experiencia con su propio gu\u00eda tur\u00edstico y veh\u00edculo privado con chofer. Personaliza tu propia experiencia. \u00a1No te pierdas monumentos y lugares de inter\u00e9s como la <b>El Monasterio La Cartuja, La Iglesia de Valldemossa<\/b><strong>\u00a0y mucho m\u00e1s<\/strong>!<\/p>\n","protected":false},"featured_media":78583,"comment_status":"open","ping_status":"closed","template":"","meta":{"_acf_changed":false},"product_brand":[],"product_cat":[2107,2109,2114],"product_tag":[],"class_list":{"0":"post-78507","1":"product","2":"type-product","3":"status-publish","4":"has-post-thumbnail","6":"product_cat-mallorca-es","7":"product_cat-mallorca-actividades-es","8":"product_cat-mallorca-rutas-turisticas-privadas-es","10":"first","11":"instock","12":"shipping-taxable","13":"purchasable","14":"product-type-simple"},"acf":[],"yoast_head":"<!-- This site is optimized with the Yoast SEO Premium plugin v25.3.1 (Yoast SEO v25.3.1) - https:\/\/yoast.com\/wordpress\/plugins\/seo\/ -->\n<title>\u27a1\ufe0f Tour Palma de Mallorca y Valldemossa con gu\u00eda y vehiculo privado | Tour Travel &amp; More<\/title>\n<meta name=\"description\" content=\"Disfruta de este tour Palma de Mallorca y Valldemossa y descubre los dos principales lugares historicos de la Isla, junto a su guia y vehiculo privado \u2705\" \/>\n<meta name=\"robots\" content=\"index, follow, max-snippet:-1, max-image-preview:large, max-video-preview:-1\" \/>\n<link rel=\"canonical\" href=\"https:\/\/tourtravelandmore.com\/es\/tours\/espana-es\/mallorca-es\/mallorca-actividades-es\/tour-palma-de-mallorca-y-vallsemossa-con-guia-y-vehiculo-privado\/\" \/>\n<meta property=\"og:locale\" content=\"es_ES\" \/>\n<meta property=\"og:type\" content=\"article\" \/>\n<meta property=\"og:title\" content=\"Tour Privado por Palma de Mallorca y Valldemossa\" \/>\n<meta property=\"og:description\" content=\"Disfruta de este tour Palma de Mallorca y Valldemossa y descubre los dos principales lugares historicos de la Isla, junto a su guia y vehiculo privado \u2705\" \/>\n<meta property=\"og:url\" content=\"https:\/\/tourtravelandmore.com\/es\/tours\/espana-es\/mallorca-es\/mallorca-actividades-es\/tour-palma-de-mallorca-y-vallsemossa-con-guia-y-vehiculo-privado\/\" \/>\n<meta property=\"og:site_name\" content=\"Tour Travel And More\" \/>\n<meta property=\"article:publisher\" content=\"https:\/\/www.facebook.com\/tourtravelandmore\/\" \/>\n<meta property=\"article:modified_time\" content=\"2023-11-17T09:26:11+00:00\" \/>\n<meta property=\"og:image\" content=\"https:\/\/tourtravelandmore.com\/wp-content\/uploads\/2020\/03\/Valldemossa-2-1.jpg\" \/>\n\t<meta property=\"og:image:width\" content=\"1820\" \/>\n\t<meta property=\"og:image:height\" content=\"1365\" \/>\n\t<meta property=\"og:image:type\" content=\"image\/jpeg\" \/>\n<meta name=\"twitter:card\" content=\"summary_large_image\" \/>\n<meta name=\"twitter:site\" content=\"@TourTravel_More\" \/>\n<meta name=\"twitter:label1\" content=\"Tiempo de lectura\" \/>\n\t<meta name=\"twitter:data1\" content=\"3 minutos\" \/>\n<script type=\"application\/ld+json\" class=\"yoast-schema-graph\">{\"@context\":\"https:\/\/schema.org\",\"@graph\":[{\"@type\":\"WebPage\",\"@id\":\"https:\/\/tourtravelandmore.com\/es\/tours\/espana-es\/mallorca-es\/mallorca-actividades-es\/tour-palma-de-mallorca-y-vallsemossa-con-guia-y-vehiculo-privado\/\",\"url\":\"https:\/\/tourtravelandmore.com\/es\/tours\/espana-es\/mallorca-es\/mallorca-actividades-es\/tour-palma-de-mallorca-y-vallsemossa-con-guia-y-vehiculo-privado\/\",\"name\":\"\u27a1\ufe0f Tour Palma de Mallorca y Valldemossa con gu\u00eda y vehiculo privado | Tour Travel & More\",\"isPartOf\":{\"@id\":\"https:\/\/tourtravelandmore.com\/es\/#website\"},\"primaryImageOfPage\":{\"@id\":\"https:\/\/tourtravelandmore.com\/es\/tours\/espana-es\/mallorca-es\/mallorca-actividades-es\/tour-palma-de-mallorca-y-vallsemossa-con-guia-y-vehiculo-privado\/#primaryimage\"},\"image\":{\"@id\":\"https:\/\/tourtravelandmore.com\/es\/tours\/espana-es\/mallorca-es\/mallorca-actividades-es\/tour-palma-de-mallorca-y-vallsemossa-con-guia-y-vehiculo-privado\/#primaryimage\"},\"thumbnailUrl\":\"https:\/\/tourtravelandmore.com\/wp-content\/uploads\/2020\/03\/Valldemossa-2-1.jpg\",\"datePublished\":\"2020-03-17T08:31:31+00:00\",\"dateModified\":\"2023-11-17T09:26:11+00:00\",\"description\":\"Disfruta de este tour Palma de Mallorca y Valldemossa y descubre los dos principales lugares historicos de la Isla, junto a su guia y vehiculo privado \u2705\",\"breadcrumb\":{\"@id\":\"https:\/\/tourtravelandmore.com\/es\/tours\/espana-es\/mallorca-es\/mallorca-actividades-es\/tour-palma-de-mallorca-y-vallsemossa-con-guia-y-vehiculo-privado\/#breadcrumb\"},\"inLanguage\":\"es\",\"potentialAction\":[{\"@type\":\"ReadAction\",\"target\":[\"https:\/\/tourtravelandmore.com\/es\/tours\/espana-es\/mallorca-es\/mallorca-actividades-es\/tour-palma-de-mallorca-y-vallsemossa-con-guia-y-vehiculo-privado\/\"]}]},{\"@type\":\"ImageObject\",\"inLanguage\":\"es\",\"@id\":\"https:\/\/tourtravelandmore.com\/es\/tours\/espana-es\/mallorca-es\/mallorca-actividades-es\/tour-palma-de-mallorca-y-vallsemossa-con-guia-y-vehiculo-privado\/#primaryimage\",\"url\":\"https:\/\/tourtravelandmore.com\/wp-content\/uploads\/2020\/03\/Valldemossa-2-1.jpg\",\"contentUrl\":\"https:\/\/tourtravelandmore.com\/wp-content\/uploads\/2020\/03\/Valldemossa-2-1.jpg\",\"width\":1820,\"height\":1365},{\"@type\":\"BreadcrumbList\",\"@id\":\"https:\/\/tourtravelandmore.com\/es\/tours\/espana-es\/mallorca-es\/mallorca-actividades-es\/tour-palma-de-mallorca-y-vallsemossa-con-guia-y-vehiculo-privado\/#breadcrumb\",\"itemListElement\":[{\"@type\":\"ListItem\",\"position\":1,\"name\":\"Home\",\"item\":\"https:\/\/tourtravelandmore.com\/es\/\"},{\"@type\":\"ListItem\",\"position\":2,\"name\":\"Tours\",\"item\":\"https:\/\/tourtravelandmore.com\/es\/tours\/\"},{\"@type\":\"ListItem\",\"position\":3,\"name\":\"Tour Privado por Palma de Mallorca y Valldemossa\"}]},{\"@type\":\"WebSite\",\"@id\":\"https:\/\/tourtravelandmore.com\/es\/#website\",\"url\":\"https:\/\/tourtravelandmore.com\/es\/\",\"name\":\"Tour Travel And More\",\"description\":\"Private sightseeing tours and luxury transfers in Spain\",\"publisher\":{\"@id\":\"https:\/\/tourtravelandmore.com\/es\/#organization\"},\"potentialAction\":[{\"@type\":\"SearchAction\",\"target\":{\"@type\":\"EntryPoint\",\"urlTemplate\":\"https:\/\/tourtravelandmore.com\/es\/?s={search_term_string}\"},\"query-input\":{\"@type\":\"PropertyValueSpecification\",\"valueRequired\":true,\"valueName\":\"search_term_string\"}}],\"inLanguage\":\"es\"},{\"@type\":\"Organization\",\"@id\":\"https:\/\/tourtravelandmore.com\/es\/#organization\",\"name\":\"Tour Travel And More\",\"url\":\"https:\/\/tourtravelandmore.com\/es\/\",\"logo\":{\"@type\":\"ImageObject\",\"inLanguage\":\"es\",\"@id\":\"https:\/\/tourtravelandmore.com\/es\/#\/schema\/logo\/image\/\",\"url\":\"https:\/\/tourtravelandmore.com\/wp-content\/uploads\/2022\/12\/cropped-logo-cabecera-new.png\",\"contentUrl\":\"https:\/\/tourtravelandmore.com\/wp-content\/uploads\/2022\/12\/cropped-logo-cabecera-new.png\",\"width\":430,\"height\":61,\"caption\":\"Tour Travel And More\"},\"image\":{\"@id\":\"https:\/\/tourtravelandmore.com\/es\/#\/schema\/logo\/image\/\"},\"sameAs\":[\"https:\/\/www.facebook.com\/tourtravelandmore\/\",\"https:\/\/x.com\/TourTravel_More\"]}]}<\/script>\n<!-- \/ Yoast SEO Premium plugin. -->","yoast_head_json":{"title":"\u27a1\ufe0f Tour Palma de Mallorca y Valldemossa con gu\u00eda y vehiculo privado | Tour Travel & More","description":"Disfruta de este tour Palma de Mallorca y Valldemossa y descubre los dos principales lugares historicos de la Isla, junto a su guia y vehiculo privado \u2705","robots":{"index":"index","follow":"follow","max-snippet":"max-snippet:-1","max-image-preview":"max-image-preview:large","max-video-preview":"max-video-preview:-1"},"canonical":"https:\/\/tourtravelandmore.com\/es\/tours\/espana-es\/mallorca-es\/mallorca-actividades-es\/tour-palma-de-mallorca-y-vallsemossa-con-guia-y-vehiculo-privado\/","og_locale":"es_ES","og_type":"article","og_title":"Tour Privado por Palma de Mallorca y Valldemossa","og_description":"Disfruta de este tour Palma de Mallorca y Valldemossa y descubre los dos principales lugares historicos de la Isla, junto a su guia y vehiculo privado \u2705","og_url":"https:\/\/tourtravelandmore.com\/es\/tours\/espana-es\/mallorca-es\/mallorca-actividades-es\/tour-palma-de-mallorca-y-vallsemossa-con-guia-y-vehiculo-privado\/","og_site_name":"Tour Travel And More","article_publisher":"https:\/\/www.facebook.com\/tourtravelandmore\/","article_modified_time":"2023-11-17T09:26:11+00:00","og_image":[{"width":1820,"height":1365,"url":"https:\/\/tourtravelandmore.com\/wp-content\/uploads\/2020\/03\/Valldemossa-2-1.jpg","type":"image\/jpeg"}],"twitter_card":"summary_large_image","twitter_site":"@TourTravel_More","twitter_misc":{"Tiempo de lectura":"3 minutos"},"schema":{"@context":"https:\/\/schema.org","@graph":[{"@type":"WebPage","@id":"https:\/\/tourtravelandmore.com\/es\/tours\/espana-es\/mallorca-es\/mallorca-actividades-es\/tour-palma-de-mallorca-y-vallsemossa-con-guia-y-vehiculo-privado\/","url":"https:\/\/tourtravelandmore.com\/es\/tours\/espana-es\/mallorca-es\/mallorca-actividades-es\/tour-palma-de-mallorca-y-vallsemossa-con-guia-y-vehiculo-privado\/","name":"\u27a1\ufe0f Tour Palma de Mallorca y Valldemossa con gu\u00eda y vehiculo privado | Tour Travel & More","isPartOf":{"@id":"https:\/\/tourtravelandmore.com\/es\/#website"},"primaryImageOfPage":{"@id":"https:\/\/tourtravelandmore.com\/es\/tours\/espana-es\/mallorca-es\/mallorca-actividades-es\/tour-palma-de-mallorca-y-vallsemossa-con-guia-y-vehiculo-privado\/#primaryimage"},"image":{"@id":"https:\/\/tourtravelandmore.com\/es\/tours\/espana-es\/mallorca-es\/mallorca-actividades-es\/tour-palma-de-mallorca-y-vallsemossa-con-guia-y-vehiculo-privado\/#primaryimage"},"thumbnailUrl":"https:\/\/tourtravelandmore.com\/wp-content\/uploads\/2020\/03\/Valldemossa-2-1.jpg","datePublished":"2020-03-17T08:31:31+00:00","dateModified":"2023-11-17T09:26:11+00:00","description":"Disfruta de este tour Palma de Mallorca y Valldemossa y descubre los dos principales lugares historicos de la Isla, junto a su guia y vehiculo privado \u2705","breadcrumb":{"@id":"https:\/\/tourtravelandmore.com\/es\/tours\/espana-es\/mallorca-es\/mallorca-actividades-es\/tour-palma-de-mallorca-y-vallsemossa-con-guia-y-vehiculo-privado\/#breadcrumb"},"inLanguage":"es","potentialAction":[{"@type":"ReadAction","target":["https:\/\/tourtravelandmore.com\/es\/tours\/espana-es\/mallorca-es\/mallorca-actividades-es\/tour-palma-de-mallorca-y-vallsemossa-con-guia-y-vehiculo-privado\/"]}]},{"@type":"ImageObject","inLanguage":"es","@id":"https:\/\/tourtravelandmore.com\/es\/tours\/espana-es\/mallorca-es\/mallorca-actividades-es\/tour-palma-de-mallorca-y-vallsemossa-con-guia-y-vehiculo-privado\/#primaryimage","url":"https:\/\/tourtravelandmore.com\/wp-content\/uploads\/2020\/03\/Valldemossa-2-1.jpg","contentUrl":"https:\/\/tourtravelandmore.com\/wp-content\/uploads\/2020\/03\/Valldemossa-2-1.jpg","width":1820,"height":1365},{"@type":"BreadcrumbList","@id":"https:\/\/tourtravelandmore.com\/es\/tours\/espana-es\/mallorca-es\/mallorca-actividades-es\/tour-palma-de-mallorca-y-vallsemossa-con-guia-y-vehiculo-privado\/#breadcrumb","itemListElement":[{"@type":"ListItem","position":1,"name":"Home","item":"https:\/\/tourtravelandmore.com\/es\/"},{"@type":"ListItem","position":2,"name":"Tours","item":"https:\/\/tourtravelandmore.com\/es\/tours\/"},{"@type":"ListItem","position":3,"name":"Tour Privado por Palma de Mallorca y Valldemossa"}]},{"@type":"WebSite","@id":"https:\/\/tourtravelandmore.com\/es\/#website","url":"https:\/\/tourtravelandmore.com\/es\/","name":"Tour Travel And More","description":"Private sightseeing tours and luxury transfers in Spain","publisher":{"@id":"https:\/\/tourtravelandmore.com\/es\/#organization"},"potentialAction":[{"@type":"SearchAction","target":{"@type":"EntryPoint","urlTemplate":"https:\/\/tourtravelandmore.com\/es\/?s={search_term_string}"},"query-input":{"@type":"PropertyValueSpecification","valueRequired":true,"valueName":"search_term_string"}}],"inLanguage":"es"},{"@type":"Organization","@id":"https:\/\/tourtravelandmore.com\/es\/#organization","name":"Tour Travel And More","url":"https:\/\/tourtravelandmore.com\/es\/","logo":{"@type":"ImageObject","inLanguage":"es","@id":"https:\/\/tourtravelandmore.com\/es\/#\/schema\/logo\/image\/","url":"https:\/\/tourtravelandmore.com\/wp-content\/uploads\/2022\/12\/cropped-logo-cabecera-new.png","contentUrl":"https:\/\/tourtravelandmore.com\/wp-content\/uploads\/2022\/12\/cropped-logo-cabecera-new.png","width":430,"height":61,"caption":"Tour Travel And More"},"image":{"@id":"https:\/\/tourtravelandmore.com\/es\/#\/schema\/logo\/image\/"},"sameAs":["https:\/\/www.facebook.com\/tourtravelandmore\/","https:\/\/x.com\/TourTravel_More"]}]}},"_links":{"self":[{"href":"https:\/\/tourtravelandmore.com\/es\/wp-json\/wp\/v2\/product\/78507","targetHints":{"allow":["GET"]}}],"collection":[{"href":"https:\/\/tourtravelandmore.com\/es\/wp-json\/wp\/v2\/product"}],"about":[{"href":"https:\/\/tourtravelandmore.com\/es\/wp-json\/wp\/v2\/types\/product"}],"replies":[{"embeddable":true,"href":"https:\/\/tourtravelandmore.com\/es\/wp-json\/wp\/v2\/comments?post=78507"}],"wp:featuredmedia":[{"embeddable":true,"href":"https:\/\/tourtravelandmore.com\/es\/wp-json\/wp\/v2\/media\/78583"}],"wp:attachment":[{"href":"https:\/\/tourtravelandmore.com\/es\/wp-json\/wp\/v2\/media?parent=78507"}],"wp:term":[{"taxonomy":"product_brand","embeddable":true,"href":"https:\/\/tourtravelandmore.com\/es\/wp-json\/wp\/v2\/product_brand?post=78507"},{"taxonomy":"product_cat","embeddable":true,"href":"https:\/\/tourtravelandmore.com\/es\/wp-json\/wp\/v2\/product_cat?post=78507"},{"taxonomy":"product_tag","embeddable":true,"href":"https:\/\/tourtravelandmore.com\/es\/wp-json\/wp\/v2\/product_tag?post=78507"}],"curies":[{"name":"wp","href":"https:\/\/api.w.org\/{rel}","templated":true}]}}