{"id":78492,"date":"2020-03-16T16:41:36","date_gmt":"2020-03-16T15:41:36","guid":{"rendered":"https:\/\/tourtravelandmore.com\/?post_type=product&#038;p=78492"},"modified":"2023-11-17T14:17:56","modified_gmt":"2023-11-17T13:17:56","slug":"tour-privado-palma-de-mallorca-desde-la-terminal-de-cruceros","status":"publish","type":"product","link":"https:\/\/tourtravelandmore.com\/es\/tours\/espana-es\/mallorca-es\/mallorca-actividades-es\/tour-privado-palma-de-mallorca-desde-la-terminal-de-cruceros\/","title":{"rendered":"Tour Privado de Palma de Mallorca desde la Terminal de Cruceros"},"content":{"rendered":"<h2><strong>Descripci\u00f3n del Tour Privada Palma de Mallorca desde la Terminal de Cruceros<\/strong><\/h2>\n<p><span style=\"font-weight: 400;\" data-mce-style=\"font-weight: 400;\">Reservar nuestro <\/span><b>tour privado Palma de Mallorca desde la Terminal de Cruceros,<\/b><span style=\"font-weight: 400;\" data-mce-style=\"font-weight: 400;\"> es una de las mejores decisiones que podr\u00e1s tomar en tu viaje a trav\u00e9s del Mediterr\u00e1neo.<\/span><\/p>\n<p><span style=\"font-weight: 400;\" data-mce-style=\"font-weight: 400;\">La duraci\u00f3n de este tour privado Palma de Mallorca es de 4 horas. Al ser un tour completamente privado, pueden escoger la hora y lugar de recogida.<br \/><\/span><\/p>\n<p><span style=\"font-weight: 400;\" data-mce-style=\"font-weight: 400;\">Al tomar este tour privado Palma de Mallorca<\/span><span style=\"font-weight: 400;\" data-mce-style=\"font-weight: 400;\">, estar\u00e1s contando con un <\/span><b>veh\u00edculo privado con chofer y un gu\u00eda privado<\/b><span style=\"font-weight: 400;\" data-mce-style=\"font-weight: 400;\"> que te estar\u00e1n esperando en el puerto, para que nada m\u00e1s desembarcar te adentres en el centro hist\u00f3rico de esta bella ciudad y descubras todos sus misterios.<\/span><\/p>\n<h2><b>Puntos de inter\u00e9s en el Tour Privada Palma de Mallorca con gu\u00eda y Veh\u00edculo desde la Terminal de Cruceros<br \/><\/b><\/h2>\n<p><span style=\"font-weight: 400;\" data-mce-style=\"font-weight: 400;\">Nos encontraremos contigo en el <\/span><b>Puerto de Cruceros<\/b><span style=\"font-weight: 400;\" data-mce-style=\"font-weight: 400;\">, de all\u00ed tomaremos el paseo mar\u00edtimo rumbo al <\/span><b><i>Parc de la Mar<\/i><\/b><span style=\"font-weight: 400;\" data-mce-style=\"font-weight: 400;\">, se trata de un parque creado por los arquitectos de la ciudad con la intenci\u00f3n de que la catedral se siguiese reflejando en el agua y para mantener la imagen tradicional del lugar a pesar del paseo mar\u00edtimo.<br \/><\/span><\/p>\n<p><span style=\"font-weight: 400;\" data-mce-style=\"font-weight: 400;\">Ya estando a tan pocos pasos de la <\/span><b><i>Catedral<\/i><\/b><span style=\"font-weight: 400;\" data-mce-style=\"font-weight: 400;\"> y teniendo entradas disponibles (Incluidas al reservar el tour), nos adentraremos en la bell\u00edsima iglesia g\u00f3tica, la cual posee el roset\u00f3n m\u00e1s grande del mundo en arquitecturas de este g\u00e9nero. Aqu\u00ed apreciar\u00e1s la belleza e imponencia de una de las joyas mejor preservadas de Palma y por supuestos que te enterar\u00e1s de los secretos que guardan sus fachadas, vitrales y esculturas.<\/span><\/p>\n<p><span style=\"font-weight: 400;\" data-mce-style=\"font-weight: 400;\">Otro sitio tur\u00edstico que no puedes dejar de visitar es el <\/span><b><i>Palacio de L\u2019Almudaina<\/i><\/b><span style=\"font-weight: 400;\" data-mce-style=\"font-weight: 400;\">, un impactante recinto que fue ocupado tanto por los romanos, como por los musulmanes y hoy en d\u00eda es una de las tantas residencias del rey de <\/span><b>Espa\u00f1a<\/b><span style=\"font-weight: 400;\" data-mce-style=\"font-weight: 400;\">, aunque principalmente se utiliza para eventos sociales. El nombre de <\/span><i><span style=\"font-weight: 400;\" data-mce-style=\"font-weight: 400;\">Almudaina<\/span><\/i><span style=\"font-weight: 400;\" data-mce-style=\"font-weight: 400;\"> significa fortaleza o recinto amurallado, debido a la basta muralla que rodeaba la costa de la ciudad y que a\u00fan hoy en d\u00eda se puede apreciar.<\/span><\/p>\n<p><span style=\"font-weight: 400;\" data-mce-style=\"font-weight: 400;\">Un paseo por <\/span><b>Palma de Mallorca<\/b><span style=\"font-weight: 400;\" data-mce-style=\"font-weight: 400;\"> no puede estar completo si no se visita el antiguo barr\u00edo jud\u00edo, conocido con el nombre de <\/span><i><span style=\"font-weight: 400;\" data-mce-style=\"font-weight: 400;\">call<\/span><\/i><span style=\"font-weight: 400;\" data-mce-style=\"font-weight: 400;\">, aqu\u00ed podr\u00e1s recorrer sus estrechas callejuelas a la vez que tu <\/span><b>gu\u00eda privado<\/b><span style=\"font-weight: 400;\" data-mce-style=\"font-weight: 400;\"> te relatas las historias, misterios y secretos que guardan relaci\u00f3n con la poblaci\u00f3n jud\u00eda de Arag\u00f3n, la cual a\u00fan est\u00e1 presente gracias a sus descendientes conversos, una tradici\u00f3n que nunca morir\u00e1.&nbsp;<\/span><\/p>\n<p><span style=\"font-weight: 400;\" data-mce-style=\"font-weight: 400;\">Algunos otros atractivos tur\u00edsticos de esta ciudad son <\/span><b><i>Los Patios Mallorquines<\/i><\/b><span style=\"font-weight: 400;\" data-mce-style=\"font-weight: 400;\">, muy caracter\u00edsticos de la arquitectura de la ciudad y que brindan un halo de comunidad y reuni\u00f3n social para sus habitantes, as\u00ed como el <\/span><b><i>Ayuntamiento de Mallorca<\/i><\/b><span style=\"font-weight: 400;\" data-mce-style=\"font-weight: 400;\">, un edificio cargado de historia que ha servido como hospital, casa de la corte y actualmente ayuntamiento.<\/span><\/p>\n<p>Si dispone de m\u00e1s d\u00edas, puedes consultar <a href=\"\/?product_cat=mallorca-es\" data-mce-href=\"https:\/\/tourtravelandmore.com\/es\/ciudad\/espana-es\/mallorca-es\/\"><strong>aqu\u00ed<\/strong><\/a>, el resto de los tours privados que ofrecemos en Mallorca.<\/p>\n","protected":false},"excerpt":{"rendered":"<p>Disfruta de este <strong>tour privado completamente personalizado de Mallorca<\/strong> y disfruta de sus monumentos y lugares de inter\u00e9s m\u00e1s importantes. Aproveche esta oportunidad para conocer la zona de las <strong>Islas Baleares<\/strong>&nbsp;en esta experiencia con su propio gu\u00eda tur\u00edstico y veh\u00edculo privado con chofer. Personaliza tu propia experiencia. \u00a1No te pierdas monumentos y lugares de inter\u00e9s como la <strong>Catedral de Mallorca, Plaza Mayor y mucho m\u00e1s<\/strong>!<\/p>\n","protected":false},"featured_media":78502,"comment_status":"open","ping_status":"closed","template":"","meta":{"_acf_changed":false},"product_brand":[],"product_cat":[2107,2109,2114,2115],"product_tag":[],"class_list":{"0":"post-78492","1":"product","2":"type-product","3":"status-publish","4":"has-post-thumbnail","6":"product_cat-mallorca-es","7":"product_cat-mallorca-actividades-es","8":"product_cat-mallorca-rutas-turisticas-privadas-es","9":"product_cat-mallorca-excursiones-privadas-cruceros-es","11":"first","12":"instock","13":"shipping-taxable","14":"purchasable","15":"product-type-simple"},"acf":[],"yoast_head":"<!-- This site is optimized with the Yoast SEO Premium plugin v25.3.1 (Yoast SEO v25.3.1) - https:\/\/yoast.com\/wordpress\/plugins\/seo\/ -->\n<title>\u27a1\ufe0f Tour privado Palma de Mallorca desde la Terminal de Cruceros | Tour Travel &amp; More<\/title>\n<meta name=\"description\" content=\"Disfruta de un tour privado Palma de Mallorca, con su gu\u00eda oficial privado y veh\u00edculo con ch\u00f3fer para conocer la ciudad, Historia y sus monumentos \u2705\" \/>\n<meta name=\"robots\" content=\"index, follow, max-snippet:-1, max-image-preview:large, max-video-preview:-1\" \/>\n<link rel=\"canonical\" href=\"https:\/\/tourtravelandmore.com\/es\/tours\/espana-es\/mallorca-es\/mallorca-actividades-es\/tour-privado-palma-de-mallorca-desde-la-terminal-de-cruceros\/\" \/>\n<meta property=\"og:locale\" content=\"es_ES\" \/>\n<meta property=\"og:type\" content=\"article\" \/>\n<meta property=\"og:title\" content=\"Tour Privado de Palma de Mallorca desde la Terminal de Cruceros\" \/>\n<meta property=\"og:description\" content=\"Disfruta de un tour privado Palma de Mallorca, con su gu\u00eda oficial privado y veh\u00edculo con ch\u00f3fer para conocer la ciudad, Historia y sus monumentos \u2705\" \/>\n<meta property=\"og:url\" content=\"https:\/\/tourtravelandmore.com\/es\/tours\/espana-es\/mallorca-es\/mallorca-actividades-es\/tour-privado-palma-de-mallorca-desde-la-terminal-de-cruceros\/\" \/>\n<meta property=\"og:site_name\" content=\"Tour Travel And More\" \/>\n<meta property=\"article:publisher\" content=\"https:\/\/www.facebook.com\/tourtravelandmore\/\" \/>\n<meta property=\"article:modified_time\" content=\"2023-11-17T13:17:56+00:00\" \/>\n<meta property=\"og:image\" content=\"https:\/\/tourtravelandmore.com\/wp-content\/uploads\/2020\/03\/palma-2-1.jpg\" \/>\n\t<meta property=\"og:image:width\" content=\"960\" \/>\n\t<meta property=\"og:image:height\" content=\"720\" \/>\n\t<meta property=\"og:image:type\" content=\"image\/jpeg\" \/>\n<meta name=\"twitter:card\" content=\"summary_large_image\" \/>\n<meta name=\"twitter:site\" content=\"@TourTravel_More\" \/>\n<meta name=\"twitter:label1\" content=\"Tiempo de lectura\" \/>\n\t<meta name=\"twitter:data1\" content=\"3 minutos\" \/>\n<script type=\"application\/ld+json\" class=\"yoast-schema-graph\">{\"@context\":\"https:\/\/schema.org\",\"@graph\":[{\"@type\":\"WebPage\",\"@id\":\"https:\/\/tourtravelandmore.com\/es\/tours\/espana-es\/mallorca-es\/mallorca-actividades-es\/tour-privado-palma-de-mallorca-desde-la-terminal-de-cruceros\/\",\"url\":\"https:\/\/tourtravelandmore.com\/es\/tours\/espana-es\/mallorca-es\/mallorca-actividades-es\/tour-privado-palma-de-mallorca-desde-la-terminal-de-cruceros\/\",\"name\":\"\u27a1\ufe0f Tour privado Palma de Mallorca desde la Terminal de Cruceros | Tour Travel & More\",\"isPartOf\":{\"@id\":\"https:\/\/tourtravelandmore.com\/es\/#website\"},\"primaryImageOfPage\":{\"@id\":\"https:\/\/tourtravelandmore.com\/es\/tours\/espana-es\/mallorca-es\/mallorca-actividades-es\/tour-privado-palma-de-mallorca-desde-la-terminal-de-cruceros\/#primaryimage\"},\"image\":{\"@id\":\"https:\/\/tourtravelandmore.com\/es\/tours\/espana-es\/mallorca-es\/mallorca-actividades-es\/tour-privado-palma-de-mallorca-desde-la-terminal-de-cruceros\/#primaryimage\"},\"thumbnailUrl\":\"https:\/\/tourtravelandmore.com\/wp-content\/uploads\/2020\/03\/palma-2-1.jpg\",\"datePublished\":\"2020-03-16T15:41:36+00:00\",\"dateModified\":\"2023-11-17T13:17:56+00:00\",\"description\":\"Disfruta de un tour privado Palma de Mallorca, con su gu\u00eda oficial privado y veh\u00edculo con ch\u00f3fer para conocer la ciudad, Historia y sus monumentos \u2705\",\"breadcrumb\":{\"@id\":\"https:\/\/tourtravelandmore.com\/es\/tours\/espana-es\/mallorca-es\/mallorca-actividades-es\/tour-privado-palma-de-mallorca-desde-la-terminal-de-cruceros\/#breadcrumb\"},\"inLanguage\":\"es\",\"potentialAction\":[{\"@type\":\"ReadAction\",\"target\":[\"https:\/\/tourtravelandmore.com\/es\/tours\/espana-es\/mallorca-es\/mallorca-actividades-es\/tour-privado-palma-de-mallorca-desde-la-terminal-de-cruceros\/\"]}]},{\"@type\":\"ImageObject\",\"inLanguage\":\"es\",\"@id\":\"https:\/\/tourtravelandmore.com\/es\/tours\/espana-es\/mallorca-es\/mallorca-actividades-es\/tour-privado-palma-de-mallorca-desde-la-terminal-de-cruceros\/#primaryimage\",\"url\":\"https:\/\/tourtravelandmore.com\/wp-content\/uploads\/2020\/03\/palma-2-1.jpg\",\"contentUrl\":\"https:\/\/tourtravelandmore.com\/wp-content\/uploads\/2020\/03\/palma-2-1.jpg\",\"width\":960,\"height\":720},{\"@type\":\"BreadcrumbList\",\"@id\":\"https:\/\/tourtravelandmore.com\/es\/tours\/espana-es\/mallorca-es\/mallorca-actividades-es\/tour-privado-palma-de-mallorca-desde-la-terminal-de-cruceros\/#breadcrumb\",\"itemListElement\":[{\"@type\":\"ListItem\",\"position\":1,\"name\":\"Home\",\"item\":\"https:\/\/tourtravelandmore.com\/es\/\"},{\"@type\":\"ListItem\",\"position\":2,\"name\":\"Tours\",\"item\":\"https:\/\/tourtravelandmore.com\/es\/tours\/\"},{\"@type\":\"ListItem\",\"position\":3,\"name\":\"Tour Privado de Palma de Mallorca desde la Terminal de Cruceros\"}]},{\"@type\":\"WebSite\",\"@id\":\"https:\/\/tourtravelandmore.com\/es\/#website\",\"url\":\"https:\/\/tourtravelandmore.com\/es\/\",\"name\":\"Tour Travel And More\",\"description\":\"Private sightseeing tours and luxury transfers in Spain\",\"publisher\":{\"@id\":\"https:\/\/tourtravelandmore.com\/es\/#organization\"},\"potentialAction\":[{\"@type\":\"SearchAction\",\"target\":{\"@type\":\"EntryPoint\",\"urlTemplate\":\"https:\/\/tourtravelandmore.com\/es\/?s={search_term_string}\"},\"query-input\":{\"@type\":\"PropertyValueSpecification\",\"valueRequired\":true,\"valueName\":\"search_term_string\"}}],\"inLanguage\":\"es\"},{\"@type\":\"Organization\",\"@id\":\"https:\/\/tourtravelandmore.com\/es\/#organization\",\"name\":\"Tour Travel And More\",\"url\":\"https:\/\/tourtravelandmore.com\/es\/\",\"logo\":{\"@type\":\"ImageObject\",\"inLanguage\":\"es\",\"@id\":\"https:\/\/tourtravelandmore.com\/es\/#\/schema\/logo\/image\/\",\"url\":\"https:\/\/tourtravelandmore.com\/wp-content\/uploads\/2022\/12\/cropped-logo-cabecera-new.png\",\"contentUrl\":\"https:\/\/tourtravelandmore.com\/wp-content\/uploads\/2022\/12\/cropped-logo-cabecera-new.png\",\"width\":430,\"height\":61,\"caption\":\"Tour Travel And More\"},\"image\":{\"@id\":\"https:\/\/tourtravelandmore.com\/es\/#\/schema\/logo\/image\/\"},\"sameAs\":[\"https:\/\/www.facebook.com\/tourtravelandmore\/\",\"https:\/\/x.com\/TourTravel_More\"]}]}<\/script>\n<!-- \/ Yoast SEO Premium plugin. -->","yoast_head_json":{"title":"\u27a1\ufe0f Tour privado Palma de Mallorca desde la Terminal de Cruceros | Tour Travel & More","description":"Disfruta de un tour privado Palma de Mallorca, con su gu\u00eda oficial privado y veh\u00edculo con ch\u00f3fer para conocer la ciudad, Historia y sus monumentos \u2705","robots":{"index":"index","follow":"follow","max-snippet":"max-snippet:-1","max-image-preview":"max-image-preview:large","max-video-preview":"max-video-preview:-1"},"canonical":"https:\/\/tourtravelandmore.com\/es\/tours\/espana-es\/mallorca-es\/mallorca-actividades-es\/tour-privado-palma-de-mallorca-desde-la-terminal-de-cruceros\/","og_locale":"es_ES","og_type":"article","og_title":"Tour Privado de Palma de Mallorca desde la Terminal de Cruceros","og_description":"Disfruta de un tour privado Palma de Mallorca, con su gu\u00eda oficial privado y veh\u00edculo con ch\u00f3fer para conocer la ciudad, Historia y sus monumentos \u2705","og_url":"https:\/\/tourtravelandmore.com\/es\/tours\/espana-es\/mallorca-es\/mallorca-actividades-es\/tour-privado-palma-de-mallorca-desde-la-terminal-de-cruceros\/","og_site_name":"Tour Travel And More","article_publisher":"https:\/\/www.facebook.com\/tourtravelandmore\/","article_modified_time":"2023-11-17T13:17:56+00:00","og_image":[{"width":960,"height":720,"url":"https:\/\/tourtravelandmore.com\/wp-content\/uploads\/2020\/03\/palma-2-1.jpg","type":"image\/jpeg"}],"twitter_card":"summary_large_image","twitter_site":"@TourTravel_More","twitter_misc":{"Tiempo de lectura":"3 minutos"},"schema":{"@context":"https:\/\/schema.org","@graph":[{"@type":"WebPage","@id":"https:\/\/tourtravelandmore.com\/es\/tours\/espana-es\/mallorca-es\/mallorca-actividades-es\/tour-privado-palma-de-mallorca-desde-la-terminal-de-cruceros\/","url":"https:\/\/tourtravelandmore.com\/es\/tours\/espana-es\/mallorca-es\/mallorca-actividades-es\/tour-privado-palma-de-mallorca-desde-la-terminal-de-cruceros\/","name":"\u27a1\ufe0f Tour privado Palma de Mallorca desde la Terminal de Cruceros | Tour Travel & More","isPartOf":{"@id":"https:\/\/tourtravelandmore.com\/es\/#website"},"primaryImageOfPage":{"@id":"https:\/\/tourtravelandmore.com\/es\/tours\/espana-es\/mallorca-es\/mallorca-actividades-es\/tour-privado-palma-de-mallorca-desde-la-terminal-de-cruceros\/#primaryimage"},"image":{"@id":"https:\/\/tourtravelandmore.com\/es\/tours\/espana-es\/mallorca-es\/mallorca-actividades-es\/tour-privado-palma-de-mallorca-desde-la-terminal-de-cruceros\/#primaryimage"},"thumbnailUrl":"https:\/\/tourtravelandmore.com\/wp-content\/uploads\/2020\/03\/palma-2-1.jpg","datePublished":"2020-03-16T15:41:36+00:00","dateModified":"2023-11-17T13:17:56+00:00","description":"Disfruta de un tour privado Palma de Mallorca, con su gu\u00eda oficial privado y veh\u00edculo con ch\u00f3fer para conocer la ciudad, Historia y sus monumentos \u2705","breadcrumb":{"@id":"https:\/\/tourtravelandmore.com\/es\/tours\/espana-es\/mallorca-es\/mallorca-actividades-es\/tour-privado-palma-de-mallorca-desde-la-terminal-de-cruceros\/#breadcrumb"},"inLanguage":"es","potentialAction":[{"@type":"ReadAction","target":["https:\/\/tourtravelandmore.com\/es\/tours\/espana-es\/mallorca-es\/mallorca-actividades-es\/tour-privado-palma-de-mallorca-desde-la-terminal-de-cruceros\/"]}]},{"@type":"ImageObject","inLanguage":"es","@id":"https:\/\/tourtravelandmore.com\/es\/tours\/espana-es\/mallorca-es\/mallorca-actividades-es\/tour-privado-palma-de-mallorca-desde-la-terminal-de-cruceros\/#primaryimage","url":"https:\/\/tourtravelandmore.com\/wp-content\/uploads\/2020\/03\/palma-2-1.jpg","contentUrl":"https:\/\/tourtravelandmore.com\/wp-content\/uploads\/2020\/03\/palma-2-1.jpg","width":960,"height":720},{"@type":"BreadcrumbList","@id":"https:\/\/tourtravelandmore.com\/es\/tours\/espana-es\/mallorca-es\/mallorca-actividades-es\/tour-privado-palma-de-mallorca-desde-la-terminal-de-cruceros\/#breadcrumb","itemListElement":[{"@type":"ListItem","position":1,"name":"Home","item":"https:\/\/tourtravelandmore.com\/es\/"},{"@type":"ListItem","position":2,"name":"Tours","item":"https:\/\/tourtravelandmore.com\/es\/tours\/"},{"@type":"ListItem","position":3,"name":"Tour Privado de Palma de Mallorca desde la Terminal de Cruceros"}]},{"@type":"WebSite","@id":"https:\/\/tourtravelandmore.com\/es\/#website","url":"https:\/\/tourtravelandmore.com\/es\/","name":"Tour Travel And More","description":"Private sightseeing tours and luxury transfers in Spain","publisher":{"@id":"https:\/\/tourtravelandmore.com\/es\/#organization"},"potentialAction":[{"@type":"SearchAction","target":{"@type":"EntryPoint","urlTemplate":"https:\/\/tourtravelandmore.com\/es\/?s={search_term_string}"},"query-input":{"@type":"PropertyValueSpecification","valueRequired":true,"valueName":"search_term_string"}}],"inLanguage":"es"},{"@type":"Organization","@id":"https:\/\/tourtravelandmore.com\/es\/#organization","name":"Tour Travel And More","url":"https:\/\/tourtravelandmore.com\/es\/","logo":{"@type":"ImageObject","inLanguage":"es","@id":"https:\/\/tourtravelandmore.com\/es\/#\/schema\/logo\/image\/","url":"https:\/\/tourtravelandmore.com\/wp-content\/uploads\/2022\/12\/cropped-logo-cabecera-new.png","contentUrl":"https:\/\/tourtravelandmore.com\/wp-content\/uploads\/2022\/12\/cropped-logo-cabecera-new.png","width":430,"height":61,"caption":"Tour Travel And More"},"image":{"@id":"https:\/\/tourtravelandmore.com\/es\/#\/schema\/logo\/image\/"},"sameAs":["https:\/\/www.facebook.com\/tourtravelandmore\/","https:\/\/x.com\/TourTravel_More"]}]}},"_links":{"self":[{"href":"https:\/\/tourtravelandmore.com\/es\/wp-json\/wp\/v2\/product\/78492","targetHints":{"allow":["GET"]}}],"collection":[{"href":"https:\/\/tourtravelandmore.com\/es\/wp-json\/wp\/v2\/product"}],"about":[{"href":"https:\/\/tourtravelandmore.com\/es\/wp-json\/wp\/v2\/types\/product"}],"replies":[{"embeddable":true,"href":"https:\/\/tourtravelandmore.com\/es\/wp-json\/wp\/v2\/comments?post=78492"}],"wp:featuredmedia":[{"embeddable":true,"href":"https:\/\/tourtravelandmore.com\/es\/wp-json\/wp\/v2\/media\/78502"}],"wp:attachment":[{"href":"https:\/\/tourtravelandmore.com\/es\/wp-json\/wp\/v2\/media?parent=78492"}],"wp:term":[{"taxonomy":"product_brand","embeddable":true,"href":"https:\/\/tourtravelandmore.com\/es\/wp-json\/wp\/v2\/product_brand?post=78492"},{"taxonomy":"product_cat","embeddable":true,"href":"https:\/\/tourtravelandmore.com\/es\/wp-json\/wp\/v2\/product_cat?post=78492"},{"taxonomy":"product_tag","embeddable":true,"href":"https:\/\/tourtravelandmore.com\/es\/wp-json\/wp\/v2\/product_tag?post=78492"}],"curies":[{"name":"wp","href":"https:\/\/api.w.org\/{rel}","templated":true}]}}