{"id":78470,"date":"2020-03-16T15:40:40","date_gmt":"2020-03-16T14:40:40","guid":{"rendered":"https:\/\/tourtravelandmore.com\/?post_type=product&#038;p=78470"},"modified":"2023-11-17T14:33:37","modified_gmt":"2023-11-17T13:33:37","slug":"tour-privado-cuevas-de-drach-con-guia-y-vehiculo-privado","status":"publish","type":"product","link":"https:\/\/tourtravelandmore.com\/es\/tours\/espana-es\/mallorca-es\/mallorca-actividades-es\/tour-privado-cuevas-de-drach-con-guia-y-vehiculo-privado\/","title":{"rendered":"Tour Privado por las Cuevas de Drach"},"content":{"rendered":"<h2><strong>Descripci\u00f3n del Tour Privado Cuevas de Drach<\/strong><\/h2>\n<p><span style=\"font-weight: 400;\">Atr\u00e9vete a vivir la aventura del <\/span><b>tour privado Cuevas del Drach<\/b><span style=\"font-weight: 400;\">, se trata de uno de los paseos obligados si se visita <\/span><b>Mallorca<\/b><span style=\"font-weight: 400;\">, porque se trata de una experiencia que solo se puede vivir en esta zona del mundo.<\/span><\/p>\n<p>La duraci\u00f3n de este tour privado Cuevas del Drach es de 5 horas.<\/p>\n<p>El tour es completamente privado, pueden escoger la hora y lugar de comienzo. Nuestro gu\u00eda y conductor os recoger\u00e1n para empezar su tour y dirigirnos hacia las famosas cuevas del Drach.<\/p>\n<p>Las entradas est\u00e1n inclu\u00eddas en el tour, son entradas sin colas.<\/p>\n<h2>Puntos de inter\u00e9s en el Tour Privado Cuevas de Drach<\/h2>\n<p><span style=\"font-weight: 400;\">El <\/span><b>chofer y el gu\u00eda<\/b><span style=\"font-weight: 400;\"> pasar\u00e1n por ti en el punto de encuentro que nos indiques, el cual por supuesto puede ser el hotel en que te hospedas. De all\u00ed tomaremos rumbo a las localidades de <\/span><b><i>Manacor <\/i><\/b><span style=\"font-weight: 400;\">\u00a0y <\/span><b><i>Porto Cristo<\/i><\/b><span style=\"font-weight: 400;\">, justo en la costa este de la isla, lugar donde se encuentran las<\/span><b> Cuevas del Drach.<\/b><\/p>\n<p><span style=\"font-weight: 400;\">La primera parada ser\u00e1 en el <\/span><b><i>Museo de las Perlas Majorica<\/i><\/b><span style=\"font-weight: 400;\">, se trata de una tienda y museo donde te narrar\u00e1n la historia de la industria del cultivo y uso de las perlas naturales de <\/span><b>Mallorca<\/b><span style=\"font-weight: 400;\">, una verdadera maravilla a partir de la cual se han creados piezas exquisitas de exportaci\u00f3n y por supuesto que tambi\u00e9n para el consumo de la realeza.<\/span><\/p>\n<p><span style=\"font-weight: 400;\">La siguiente parada ser\u00e1 las <\/span><b>Cuevas del Drach<\/b><span style=\"font-weight: 400;\"> una de las principales atracciones de la <\/span><i><span style=\"font-weight: 400;\">isla mayor<\/span><\/i><span style=\"font-weight: 400;\">, aqu\u00ed descenderemos 1200 metros a trav\u00e9s de salas repletas de estalactitas y estalagmitas, realmente se trata de formaciones rocosas impresionantes. <\/span><\/p>\n<p><span style=\"font-weight: 400;\">Por fin llegaremos al <\/span><b><i>Lago Martel<\/i><\/b><span style=\"font-weight: 400;\">, donde nos estar\u00e1 esperando una barcaza de remos hecha de madera sobre la cual navegaremos en el lago subterr\u00e1neo mientras disfrutamos de un concierto de m\u00fasica cl\u00e1sica por un peque\u00f1o conjunto de c\u00e1mara que tocar\u00e1 en vivo. Sin duda alguna, se trata de un paseo \u00fanico en su g\u00e9nero.<\/span><\/p>\n<p><span style=\"font-weight: 400;\">Al salir de las cuevas te llevaremos hasta <\/span><b><i>Porto Cristo<\/i><\/b><span style=\"font-weight: 400;\">, donde podr\u00e1s pasear, hacer compras y disfrutar de la gastronom\u00eda local, antes de retomar camino hacia tu sitio de hospedaje.<\/span><\/p>\n<p>Si dispone de m\u00e1s d\u00edas, puedes consultar <a href=\"https:\/\/tourtravelandmore.com\/es\/ciudad\/espana-es\/mallorca-es\/\"><strong>aqu\u00ed<\/strong><\/a>, el resto de los tours privados que ofrecemos en Palma de Mallorca.<\/p>\n<h3><b>Algunos datos de inter\u00e9s sobre las Cuevas del Drach<\/b><\/h3>\n<p><span style=\"font-weight: 400;\">Las <\/span><b>Cuevas del Drach<\/b><span style=\"font-weight: 400;\"> son una de las atracciones m\u00e1s visitadas en <\/span><b>Mallorca<\/b><span style=\"font-weight: 400;\">, llegando a recibir solo en temporada de verano un total de 500 visitantes cada hora, desde las 10 de la ma\u00f1ana hasta las 5 de la tarde.<\/span><\/p>\n<p><span style=\"font-weight: 400;\">Se trata de una formaci\u00f3n natural que est\u00e1 abierta al p\u00fablico durante todo el a\u00f1o a pesar de ser una propiedad privada de los descendientes de <\/span><i><span style=\"font-weight: 400;\">Joan Servera Camps<\/span><\/i><span style=\"font-weight: 400;\">. Uno de los mayores atractivos de este sitio tur\u00edstico, es que cuenta con un microclima natural que lo mantiene con una temperatura media entre los 18 y 20 grados y una humedad entre el 80% y 82% durante todo el a\u00f1o, por eso es que nunca cierra.<\/span><\/p>\n<p><span style=\"font-weight: 400;\">Por si fuera poco, estas cuevas cuentan con una cala de aguas cristalinas en su interior, as\u00ed que adem\u00e1s de recorrerlas y pasar en su r\u00edo subterr\u00e1neo, tambi\u00e9n podr\u00edas darte un peque\u00f1o chapuz\u00f3n en su cala.<\/span><\/p>\n","protected":false},"excerpt":{"rendered":"<p>Disfruta de este <strong>tour privado completamente personalizado de las Cuevas de Drach<\/strong>\u00a0y disfruta de sus monumentos y lugares de inter\u00e9s m\u00e1s importantes. Aproveche esta oportunidad para conocer la zona de las<strong> Islas Baleares<\/strong>\u00a0en esta experiencia con su propio gu\u00eda tur\u00edstico y veh\u00edculo privado con chofer. Personaliza tu propia experiencia. \u00a1No te pierdas monumentos y lugares de inter\u00e9s como el\u00a0<strong>Museo de las Perlas de Majorica\u00a0y mucho m\u00e1s<\/strong>!<\/p>\n","protected":false},"featured_media":78480,"comment_status":"open","ping_status":"closed","template":"","meta":{"_acf_changed":false},"product_brand":[],"product_cat":[2107,2109,2114],"product_tag":[],"class_list":{"0":"post-78470","1":"product","2":"type-product","3":"status-publish","4":"has-post-thumbnail","6":"product_cat-mallorca-es","7":"product_cat-mallorca-actividades-es","8":"product_cat-mallorca-rutas-turisticas-privadas-es","10":"first","11":"instock","12":"shipping-taxable","13":"purchasable","14":"product-type-simple"},"acf":[],"yoast_head":"<!-- This site is optimized with the Yoast SEO Premium plugin v25.3.1 (Yoast SEO v25.3.1) - https:\/\/yoast.com\/wordpress\/plugins\/seo\/ -->\n<title>\u27a1\ufe0f Tour Privado Cuevas de Drach con guia y vehiculo privado | Tour Travel &amp; More<\/title>\n<meta name=\"description\" content=\"Disfruta de este Tour privado Cuevas de Drach. Conozca unas de las maravillas de las Isla Baleares con su guia oficial y su chofer privado \u2705\" \/>\n<meta name=\"robots\" content=\"index, follow, max-snippet:-1, max-image-preview:large, max-video-preview:-1\" \/>\n<link rel=\"canonical\" href=\"https:\/\/tourtravelandmore.com\/es\/tours\/espana-es\/mallorca-es\/mallorca-actividades-es\/tour-privado-cuevas-de-drach-con-guia-y-vehiculo-privado\/\" \/>\n<meta property=\"og:locale\" content=\"es_ES\" \/>\n<meta property=\"og:type\" content=\"article\" \/>\n<meta property=\"og:title\" content=\"Tour Privado por las Cuevas de Drach\" \/>\n<meta property=\"og:description\" content=\"Disfruta de este Tour privado Cuevas de Drach. Conozca unas de las maravillas de las Isla Baleares con su guia oficial y su chofer privado \u2705\" \/>\n<meta property=\"og:url\" content=\"https:\/\/tourtravelandmore.com\/es\/tours\/espana-es\/mallorca-es\/mallorca-actividades-es\/tour-privado-cuevas-de-drach-con-guia-y-vehiculo-privado\/\" \/>\n<meta property=\"og:site_name\" content=\"Tour Travel And More\" \/>\n<meta property=\"article:publisher\" content=\"https:\/\/www.facebook.com\/tourtravelandmore\/\" \/>\n<meta property=\"article:modified_time\" content=\"2023-11-17T13:33:37+00:00\" \/>\n<meta property=\"og:image\" content=\"https:\/\/tourtravelandmore.com\/wp-content\/uploads\/2020\/03\/cueva-1.jpg\" \/>\n\t<meta property=\"og:image:width\" content=\"960\" \/>\n\t<meta property=\"og:image:height\" content=\"640\" \/>\n\t<meta property=\"og:image:type\" content=\"image\/jpeg\" \/>\n<meta name=\"twitter:card\" content=\"summary_large_image\" \/>\n<meta name=\"twitter:site\" content=\"@TourTravel_More\" \/>\n<meta name=\"twitter:label1\" content=\"Tiempo de lectura\" \/>\n\t<meta name=\"twitter:data1\" content=\"3 minutos\" \/>\n<script type=\"application\/ld+json\" class=\"yoast-schema-graph\">{\"@context\":\"https:\/\/schema.org\",\"@graph\":[{\"@type\":\"WebPage\",\"@id\":\"https:\/\/tourtravelandmore.com\/es\/tours\/espana-es\/mallorca-es\/mallorca-actividades-es\/tour-privado-cuevas-de-drach-con-guia-y-vehiculo-privado\/\",\"url\":\"https:\/\/tourtravelandmore.com\/es\/tours\/espana-es\/mallorca-es\/mallorca-actividades-es\/tour-privado-cuevas-de-drach-con-guia-y-vehiculo-privado\/\",\"name\":\"\u27a1\ufe0f Tour Privado Cuevas de Drach con guia y vehiculo privado | Tour Travel & More\",\"isPartOf\":{\"@id\":\"https:\/\/tourtravelandmore.com\/es\/#website\"},\"primaryImageOfPage\":{\"@id\":\"https:\/\/tourtravelandmore.com\/es\/tours\/espana-es\/mallorca-es\/mallorca-actividades-es\/tour-privado-cuevas-de-drach-con-guia-y-vehiculo-privado\/#primaryimage\"},\"image\":{\"@id\":\"https:\/\/tourtravelandmore.com\/es\/tours\/espana-es\/mallorca-es\/mallorca-actividades-es\/tour-privado-cuevas-de-drach-con-guia-y-vehiculo-privado\/#primaryimage\"},\"thumbnailUrl\":\"https:\/\/tourtravelandmore.com\/wp-content\/uploads\/2020\/03\/cueva-1.jpg\",\"datePublished\":\"2020-03-16T14:40:40+00:00\",\"dateModified\":\"2023-11-17T13:33:37+00:00\",\"description\":\"Disfruta de este Tour privado Cuevas de Drach. Conozca unas de las maravillas de las Isla Baleares con su guia oficial y su chofer privado \u2705\",\"breadcrumb\":{\"@id\":\"https:\/\/tourtravelandmore.com\/es\/tours\/espana-es\/mallorca-es\/mallorca-actividades-es\/tour-privado-cuevas-de-drach-con-guia-y-vehiculo-privado\/#breadcrumb\"},\"inLanguage\":\"es\",\"potentialAction\":[{\"@type\":\"ReadAction\",\"target\":[\"https:\/\/tourtravelandmore.com\/es\/tours\/espana-es\/mallorca-es\/mallorca-actividades-es\/tour-privado-cuevas-de-drach-con-guia-y-vehiculo-privado\/\"]}]},{\"@type\":\"ImageObject\",\"inLanguage\":\"es\",\"@id\":\"https:\/\/tourtravelandmore.com\/es\/tours\/espana-es\/mallorca-es\/mallorca-actividades-es\/tour-privado-cuevas-de-drach-con-guia-y-vehiculo-privado\/#primaryimage\",\"url\":\"https:\/\/tourtravelandmore.com\/wp-content\/uploads\/2020\/03\/cueva-1.jpg\",\"contentUrl\":\"https:\/\/tourtravelandmore.com\/wp-content\/uploads\/2020\/03\/cueva-1.jpg\",\"width\":960,\"height\":640},{\"@type\":\"BreadcrumbList\",\"@id\":\"https:\/\/tourtravelandmore.com\/es\/tours\/espana-es\/mallorca-es\/mallorca-actividades-es\/tour-privado-cuevas-de-drach-con-guia-y-vehiculo-privado\/#breadcrumb\",\"itemListElement\":[{\"@type\":\"ListItem\",\"position\":1,\"name\":\"Home\",\"item\":\"https:\/\/tourtravelandmore.com\/es\/\"},{\"@type\":\"ListItem\",\"position\":2,\"name\":\"Tours\",\"item\":\"https:\/\/tourtravelandmore.com\/es\/tours\/\"},{\"@type\":\"ListItem\",\"position\":3,\"name\":\"Tour Privado por las Cuevas de Drach\"}]},{\"@type\":\"WebSite\",\"@id\":\"https:\/\/tourtravelandmore.com\/es\/#website\",\"url\":\"https:\/\/tourtravelandmore.com\/es\/\",\"name\":\"Tour Travel And More\",\"description\":\"Private sightseeing tours and luxury transfers in Spain\",\"publisher\":{\"@id\":\"https:\/\/tourtravelandmore.com\/es\/#organization\"},\"potentialAction\":[{\"@type\":\"SearchAction\",\"target\":{\"@type\":\"EntryPoint\",\"urlTemplate\":\"https:\/\/tourtravelandmore.com\/es\/?s={search_term_string}\"},\"query-input\":{\"@type\":\"PropertyValueSpecification\",\"valueRequired\":true,\"valueName\":\"search_term_string\"}}],\"inLanguage\":\"es\"},{\"@type\":\"Organization\",\"@id\":\"https:\/\/tourtravelandmore.com\/es\/#organization\",\"name\":\"Tour Travel And More\",\"url\":\"https:\/\/tourtravelandmore.com\/es\/\",\"logo\":{\"@type\":\"ImageObject\",\"inLanguage\":\"es\",\"@id\":\"https:\/\/tourtravelandmore.com\/es\/#\/schema\/logo\/image\/\",\"url\":\"https:\/\/tourtravelandmore.com\/wp-content\/uploads\/2022\/12\/cropped-logo-cabecera-new.png\",\"contentUrl\":\"https:\/\/tourtravelandmore.com\/wp-content\/uploads\/2022\/12\/cropped-logo-cabecera-new.png\",\"width\":430,\"height\":61,\"caption\":\"Tour Travel And More\"},\"image\":{\"@id\":\"https:\/\/tourtravelandmore.com\/es\/#\/schema\/logo\/image\/\"},\"sameAs\":[\"https:\/\/www.facebook.com\/tourtravelandmore\/\",\"https:\/\/x.com\/TourTravel_More\"]}]}<\/script>\n<!-- \/ Yoast SEO Premium plugin. -->","yoast_head_json":{"title":"\u27a1\ufe0f Tour Privado Cuevas de Drach con guia y vehiculo privado | Tour Travel & More","description":"Disfruta de este Tour privado Cuevas de Drach. Conozca unas de las maravillas de las Isla Baleares con su guia oficial y su chofer privado \u2705","robots":{"index":"index","follow":"follow","max-snippet":"max-snippet:-1","max-image-preview":"max-image-preview:large","max-video-preview":"max-video-preview:-1"},"canonical":"https:\/\/tourtravelandmore.com\/es\/tours\/espana-es\/mallorca-es\/mallorca-actividades-es\/tour-privado-cuevas-de-drach-con-guia-y-vehiculo-privado\/","og_locale":"es_ES","og_type":"article","og_title":"Tour Privado por las Cuevas de Drach","og_description":"Disfruta de este Tour privado Cuevas de Drach. Conozca unas de las maravillas de las Isla Baleares con su guia oficial y su chofer privado \u2705","og_url":"https:\/\/tourtravelandmore.com\/es\/tours\/espana-es\/mallorca-es\/mallorca-actividades-es\/tour-privado-cuevas-de-drach-con-guia-y-vehiculo-privado\/","og_site_name":"Tour Travel And More","article_publisher":"https:\/\/www.facebook.com\/tourtravelandmore\/","article_modified_time":"2023-11-17T13:33:37+00:00","og_image":[{"width":960,"height":640,"url":"https:\/\/tourtravelandmore.com\/wp-content\/uploads\/2020\/03\/cueva-1.jpg","type":"image\/jpeg"}],"twitter_card":"summary_large_image","twitter_site":"@TourTravel_More","twitter_misc":{"Tiempo de lectura":"3 minutos"},"schema":{"@context":"https:\/\/schema.org","@graph":[{"@type":"WebPage","@id":"https:\/\/tourtravelandmore.com\/es\/tours\/espana-es\/mallorca-es\/mallorca-actividades-es\/tour-privado-cuevas-de-drach-con-guia-y-vehiculo-privado\/","url":"https:\/\/tourtravelandmore.com\/es\/tours\/espana-es\/mallorca-es\/mallorca-actividades-es\/tour-privado-cuevas-de-drach-con-guia-y-vehiculo-privado\/","name":"\u27a1\ufe0f Tour Privado Cuevas de Drach con guia y vehiculo privado | Tour Travel & More","isPartOf":{"@id":"https:\/\/tourtravelandmore.com\/es\/#website"},"primaryImageOfPage":{"@id":"https:\/\/tourtravelandmore.com\/es\/tours\/espana-es\/mallorca-es\/mallorca-actividades-es\/tour-privado-cuevas-de-drach-con-guia-y-vehiculo-privado\/#primaryimage"},"image":{"@id":"https:\/\/tourtravelandmore.com\/es\/tours\/espana-es\/mallorca-es\/mallorca-actividades-es\/tour-privado-cuevas-de-drach-con-guia-y-vehiculo-privado\/#primaryimage"},"thumbnailUrl":"https:\/\/tourtravelandmore.com\/wp-content\/uploads\/2020\/03\/cueva-1.jpg","datePublished":"2020-03-16T14:40:40+00:00","dateModified":"2023-11-17T13:33:37+00:00","description":"Disfruta de este Tour privado Cuevas de Drach. Conozca unas de las maravillas de las Isla Baleares con su guia oficial y su chofer privado \u2705","breadcrumb":{"@id":"https:\/\/tourtravelandmore.com\/es\/tours\/espana-es\/mallorca-es\/mallorca-actividades-es\/tour-privado-cuevas-de-drach-con-guia-y-vehiculo-privado\/#breadcrumb"},"inLanguage":"es","potentialAction":[{"@type":"ReadAction","target":["https:\/\/tourtravelandmore.com\/es\/tours\/espana-es\/mallorca-es\/mallorca-actividades-es\/tour-privado-cuevas-de-drach-con-guia-y-vehiculo-privado\/"]}]},{"@type":"ImageObject","inLanguage":"es","@id":"https:\/\/tourtravelandmore.com\/es\/tours\/espana-es\/mallorca-es\/mallorca-actividades-es\/tour-privado-cuevas-de-drach-con-guia-y-vehiculo-privado\/#primaryimage","url":"https:\/\/tourtravelandmore.com\/wp-content\/uploads\/2020\/03\/cueva-1.jpg","contentUrl":"https:\/\/tourtravelandmore.com\/wp-content\/uploads\/2020\/03\/cueva-1.jpg","width":960,"height":640},{"@type":"BreadcrumbList","@id":"https:\/\/tourtravelandmore.com\/es\/tours\/espana-es\/mallorca-es\/mallorca-actividades-es\/tour-privado-cuevas-de-drach-con-guia-y-vehiculo-privado\/#breadcrumb","itemListElement":[{"@type":"ListItem","position":1,"name":"Home","item":"https:\/\/tourtravelandmore.com\/es\/"},{"@type":"ListItem","position":2,"name":"Tours","item":"https:\/\/tourtravelandmore.com\/es\/tours\/"},{"@type":"ListItem","position":3,"name":"Tour Privado por las Cuevas de Drach"}]},{"@type":"WebSite","@id":"https:\/\/tourtravelandmore.com\/es\/#website","url":"https:\/\/tourtravelandmore.com\/es\/","name":"Tour Travel And More","description":"Private sightseeing tours and luxury transfers in Spain","publisher":{"@id":"https:\/\/tourtravelandmore.com\/es\/#organization"},"potentialAction":[{"@type":"SearchAction","target":{"@type":"EntryPoint","urlTemplate":"https:\/\/tourtravelandmore.com\/es\/?s={search_term_string}"},"query-input":{"@type":"PropertyValueSpecification","valueRequired":true,"valueName":"search_term_string"}}],"inLanguage":"es"},{"@type":"Organization","@id":"https:\/\/tourtravelandmore.com\/es\/#organization","name":"Tour Travel And More","url":"https:\/\/tourtravelandmore.com\/es\/","logo":{"@type":"ImageObject","inLanguage":"es","@id":"https:\/\/tourtravelandmore.com\/es\/#\/schema\/logo\/image\/","url":"https:\/\/tourtravelandmore.com\/wp-content\/uploads\/2022\/12\/cropped-logo-cabecera-new.png","contentUrl":"https:\/\/tourtravelandmore.com\/wp-content\/uploads\/2022\/12\/cropped-logo-cabecera-new.png","width":430,"height":61,"caption":"Tour Travel And More"},"image":{"@id":"https:\/\/tourtravelandmore.com\/es\/#\/schema\/logo\/image\/"},"sameAs":["https:\/\/www.facebook.com\/tourtravelandmore\/","https:\/\/x.com\/TourTravel_More"]}]}},"_links":{"self":[{"href":"https:\/\/tourtravelandmore.com\/es\/wp-json\/wp\/v2\/product\/78470","targetHints":{"allow":["GET"]}}],"collection":[{"href":"https:\/\/tourtravelandmore.com\/es\/wp-json\/wp\/v2\/product"}],"about":[{"href":"https:\/\/tourtravelandmore.com\/es\/wp-json\/wp\/v2\/types\/product"}],"replies":[{"embeddable":true,"href":"https:\/\/tourtravelandmore.com\/es\/wp-json\/wp\/v2\/comments?post=78470"}],"wp:featuredmedia":[{"embeddable":true,"href":"https:\/\/tourtravelandmore.com\/es\/wp-json\/wp\/v2\/media\/78480"}],"wp:attachment":[{"href":"https:\/\/tourtravelandmore.com\/es\/wp-json\/wp\/v2\/media?parent=78470"}],"wp:term":[{"taxonomy":"product_brand","embeddable":true,"href":"https:\/\/tourtravelandmore.com\/es\/wp-json\/wp\/v2\/product_brand?post=78470"},{"taxonomy":"product_cat","embeddable":true,"href":"https:\/\/tourtravelandmore.com\/es\/wp-json\/wp\/v2\/product_cat?post=78470"},{"taxonomy":"product_tag","embeddable":true,"href":"https:\/\/tourtravelandmore.com\/es\/wp-json\/wp\/v2\/product_tag?post=78470"}],"curies":[{"name":"wp","href":"https:\/\/api.w.org\/{rel}","templated":true}]}}