{"id":78448,"date":"2020-03-16T15:23:45","date_gmt":"2020-03-16T14:23:46","guid":{"rendered":"https:\/\/tourtravelandmore.com\/?post_type=product&#038;p=78448"},"modified":"2023-11-17T14:31:20","modified_gmt":"2023-11-17T13:31:20","slug":"tour-a-pie-palma-de-mallorca-tour-privado-con-guia-oficial","status":"publish","type":"product","link":"https:\/\/tourtravelandmore.com\/es\/tours\/espana-es\/mallorca-es\/mallorca-actividades-es\/tour-a-pie-palma-de-mallorca-tour-privado-con-guia-oficial\/","title":{"rendered":"Tour Privado a pie por Palma de Mallorca con gu\u00eda oficial"},"content":{"rendered":"<h2><strong>Descripci\u00f3n del Tour Privado a pie Palma de Mallorca con gu\u00eda oficial<\/strong><\/h2>\n<p><span style=\"font-weight: 400;\">Disfruta de este <\/span><b>tour a pie Palma de Mallorca con gu\u00eda oficial privado <\/b>y<span style=\"font-weight: 400;\"> desl\u00fambrate con su arquitectura, su historia y un legado cultural que fusiona influencias de los antiguos romanos, musulmanes, jud\u00edos y cristianos.<\/span><\/p>\n<p>La duraci\u00f3n de este tour a pie Palma de Mallorca es de 2 horas. Al ser un tour completamente privado, pueden escoger la hora de comienzo. El lugar de comienzo si su Hotel es c\u00e9ntrico, nuestro gu\u00eda os puede recoger desde ah\u00ed, si no os indicaremos un lugar en el centro.<\/p>\n<p><span style=\"font-weight: 400;\">Durante este tour privado, contar\u00e1s con la compa\u00f1\u00eda de un <\/span><b>gu\u00eda oficial privado, <\/b><span style=\"font-weight: 400;\">que adem\u00e1s es amplio conocedor de la zona, de su historia, sus leyendas y las an\u00e9cdotas m\u00e1s interesantes que han servido para hacer de la isla, una de las joyas m\u00e1s preciadas del antiguo Reino de Arag\u00f3n.<\/span><\/p>\n<h2><b>Puntos de inter\u00e9s en el Tour Privado a pie Palma de Mallorca con gu\u00eda oficial<br \/>\n<\/b><\/h2>\n<p><span style=\"font-weight: 400;\">Aunque el itinerario se crea a tu medida, hay ciertos sitios que no puedes dejar de visitar en Palma de Mallorca, como por ejemplo la <\/span><b><i>Catedral de Santa Mar\u00eda de Palma de Mallorca<\/i><\/b><span style=\"font-weight: 400;\">, considerada el tesoro arquitect\u00f3nico m\u00e1s preciado de toda la isla y que cuenta con el roset\u00f3n m\u00e1s grande del mundo que enarbola una catedral g\u00f3tica.\u00a0<\/span><\/p>\n<p><span style=\"font-weight: 400;\">En el interior de la catedral, podr\u00e1s fotografiar los diferentes motivos geom\u00e9tricos que adornan la estructura, maravillarte con los vitrales y sentirte transportado a otra \u00e9poca mientras caminas bajo sus c\u00fapulas.<\/span><\/p>\n<p><span style=\"font-weight: 400;\">La siguiente parada de este recorrido ser\u00e1 el <\/span><b><i>Palacio Real de La Almudaina<\/i><\/b><span style=\"font-weight: 400;\">, una incre\u00edble fortaleza que sirvi\u00f3 de residencia a los Reyes de Mallorca y posteriormente a virreyes y gobernadores que ejercieron el poder pol\u00edtico en la isla durante los siglos XIII y XIV.<\/span><\/p>\n<p><span style=\"font-weight: 400;\">Nos abriremos paso a trav\u00e9s del casco antiguo de la ciudad, donde admiraremos los tradicionales patios mallorquines, hasta llegar hasta la <\/span><b><i>Plaza de Cort<\/i><\/b><span style=\"font-weight: 400;\">, lugar donde se levanta el edificio se\u00f1orial del <\/span><b><i>Ayuntamiento de Palma.<\/i><\/b><\/p>\n<p><span style=\"font-weight: 400;\">Pero nuestra aventura no podr\u00eda estar completa si no visitamos la antigua <\/span><b><i>juder\u00eda<\/i><\/b><span style=\"font-weight: 400;\"> de la isla y caminamos a trav\u00e9s de las estrechas callejuelas del <\/span><i><span style=\"font-weight: 400;\">\u201ccall\u201d<\/span><\/i><span style=\"font-weight: 400;\">, como lo son <\/span><b><i>Calle Sol<\/i><\/b><span style=\"font-weight: 400;\"> y la <\/span><b><i>Calle Monte-Sion<\/i><\/b><span style=\"font-weight: 400;\">, en esta \u00faltima calle haremos una breve parada ante la <\/span><b><i>Iglesia de Monte Sion<\/i><\/b><span style=\"font-weight: 400;\"> la cual antiguamente fue una sinagoga jud\u00eda.<\/span><\/p>\n<p><span style=\"font-weight: 400;\">Para terminar el recorrido, nos pondremos rumbo a <\/span><b><i>Plaza de Espa\u00f1a<\/i><\/b><span style=\"font-weight: 400;\">, el lugar m\u00e1s c\u00e9ntrico de toda <\/span><b>Mallorca<\/b><span style=\"font-weight: 400;\"> y el sitio oficial donde terminar\u00e1 tu maravilloso <\/span><b>tour a pie Palma de Mallorca, con gu\u00eda oficial privado.<\/b><\/p>\n<p>Si dispone de m\u00e1s d\u00edas, puedes consultar <a href=\"https:\/\/tourtravelandmore.com\/es\/ciudad\/espana-es\/mallorca-es\/\"><strong>aqu\u00ed<\/strong><\/a>, el resto de nuestros tours privados que ofrecemos en Mallorca.<\/p>\n<h3><b>Datos curiosos sobre Mallorca<\/b><\/h3>\n<p><span style=\"font-weight: 400;\">Por si no lo sab\u00edas, en el a\u00f1o 2015 la revista<\/span><i><span style=\"font-weight: 400;\"> Times<\/span><\/i><span style=\"font-weight: 400;\"> decidi\u00f3 escoger a <\/span><b>Palma<\/b><span style=\"font-weight: 400;\"> como la mejor ciudad del mundo para vivir, debido a la calidad de vida de sus habitantes, la belleza de sus paisajes y la exquisita gastronom\u00eda del punto. De hecho, muchos de los turistas que visitan la isla, luego deciden mudarse de forma permanente.\u00a0<\/span><\/p>\n<p><span style=\"font-weight: 400;\">Otra caracter\u00edstica que hace a Mallorca un sitio ideal para visitar, adem\u00e1s de su <\/span><b><i>Catedral<\/i><\/b><span style=\"font-weight: 400;\">, es que cuenta con el tercer faro en funcionamiento m\u00e1s antiguo del mundo, por supuesto que hablamos del <\/span><b><i>Faro de Portop\u00ed<\/i><\/b><span style=\"font-weight: 400;\">, el cual comenz\u00f3 a funcionar en el siglo XIV y no ha dejado de hacerlo a d\u00eda de hoy.<\/span><\/p>\n","protected":false},"excerpt":{"rendered":"<p>Disfruta de este <strong>tour privado a pie de 2 horas <\/strong>de <strong>Palma de Mallorca<\/strong>. Tome esta oportunidad para conocer y disfrutar de esta\u00a0hermosa ciudad durante este tour con vuestro guia oficial. Disfruta de los monumentos y zonas m\u00e1s emblem\u00e1ticas como <strong>La Catedral de Mallorca, Palacio Real de La Almudaina<\/strong><b>\u00a0<\/b>y muchos lugares m\u00e1s.<\/p>\n","protected":false},"featured_media":78458,"comment_status":"open","ping_status":"closed","template":"","meta":{"_acf_changed":false},"product_brand":[],"product_cat":[2107,2109,2117],"product_tag":[],"class_list":{"0":"post-78448","1":"product","2":"type-product","3":"status-publish","4":"has-post-thumbnail","6":"product_cat-mallorca-es","7":"product_cat-mallorca-actividades-es","8":"product_cat-mallorca-tours-privados-pie-es","10":"first","11":"instock","12":"shipping-taxable","13":"purchasable","14":"product-type-simple"},"acf":[],"yoast_head":"<!-- This site is optimized with the Yoast SEO Premium plugin v25.3.1 (Yoast SEO v25.3.1) - https:\/\/yoast.com\/wordpress\/plugins\/seo\/ -->\n<title>\u27a1\ufe0f Tour a pie Palma de Mallorca - Tour privado con gu\u00eda oficial<\/title>\n<meta name=\"description\" content=\"Disfrute de este tour a pie Palma de Mallorca, junto a su gu\u00eda oficial privado y descubre la ciudad y sus principales monumentos, como la Catedral y m\u00e1s! \u2705\" \/>\n<meta name=\"robots\" content=\"index, follow, max-snippet:-1, max-image-preview:large, max-video-preview:-1\" \/>\n<link rel=\"canonical\" href=\"https:\/\/tourtravelandmore.com\/es\/tours\/espana-es\/mallorca-es\/mallorca-actividades-es\/tour-a-pie-palma-de-mallorca-tour-privado-con-guia-oficial\/\" \/>\n<meta property=\"og:locale\" content=\"es_ES\" \/>\n<meta property=\"og:type\" content=\"article\" \/>\n<meta property=\"og:title\" content=\"Tour Privado a pie por Palma de Mallorca con gu\u00eda oficial\" \/>\n<meta property=\"og:description\" content=\"Disfrute de este tour a pie Palma de Mallorca, junto a su gu\u00eda oficial privado y descubre la ciudad y sus principales monumentos, como la Catedral y m\u00e1s! \u2705\" \/>\n<meta property=\"og:url\" content=\"https:\/\/tourtravelandmore.com\/es\/tours\/espana-es\/mallorca-es\/mallorca-actividades-es\/tour-a-pie-palma-de-mallorca-tour-privado-con-guia-oficial\/\" \/>\n<meta property=\"og:site_name\" content=\"Tour Travel And More\" \/>\n<meta property=\"article:publisher\" content=\"https:\/\/www.facebook.com\/tourtravelandmore\/\" \/>\n<meta property=\"article:modified_time\" content=\"2023-11-17T13:31:20+00:00\" \/>\n<meta property=\"og:image\" content=\"https:\/\/tourtravelandmore.com\/wp-content\/uploads\/2020\/03\/palma-1-1024x624.jpg\" \/>\n\t<meta property=\"og:image:width\" content=\"1024\" \/>\n\t<meta property=\"og:image:height\" content=\"624\" \/>\n\t<meta property=\"og:image:type\" content=\"image\/jpeg\" \/>\n<meta name=\"twitter:card\" content=\"summary_large_image\" \/>\n<meta name=\"twitter:site\" content=\"@TourTravel_More\" \/>\n<meta name=\"twitter:label1\" content=\"Tiempo de lectura\" \/>\n\t<meta name=\"twitter:data1\" content=\"3 minutos\" \/>\n<script type=\"application\/ld+json\" class=\"yoast-schema-graph\">{\"@context\":\"https:\/\/schema.org\",\"@graph\":[{\"@type\":\"WebPage\",\"@id\":\"https:\/\/tourtravelandmore.com\/es\/tours\/espana-es\/mallorca-es\/mallorca-actividades-es\/tour-a-pie-palma-de-mallorca-tour-privado-con-guia-oficial\/\",\"url\":\"https:\/\/tourtravelandmore.com\/es\/tours\/espana-es\/mallorca-es\/mallorca-actividades-es\/tour-a-pie-palma-de-mallorca-tour-privado-con-guia-oficial\/\",\"name\":\"\u27a1\ufe0f Tour a pie Palma de Mallorca - Tour privado con gu\u00eda oficial\",\"isPartOf\":{\"@id\":\"https:\/\/tourtravelandmore.com\/es\/#website\"},\"primaryImageOfPage\":{\"@id\":\"https:\/\/tourtravelandmore.com\/es\/tours\/espana-es\/mallorca-es\/mallorca-actividades-es\/tour-a-pie-palma-de-mallorca-tour-privado-con-guia-oficial\/#primaryimage\"},\"image\":{\"@id\":\"https:\/\/tourtravelandmore.com\/es\/tours\/espana-es\/mallorca-es\/mallorca-actividades-es\/tour-a-pie-palma-de-mallorca-tour-privado-con-guia-oficial\/#primaryimage\"},\"thumbnailUrl\":\"https:\/\/tourtravelandmore.com\/wp-content\/uploads\/2020\/03\/palma-1.jpg\",\"datePublished\":\"2020-03-16T14:23:46+00:00\",\"dateModified\":\"2023-11-17T13:31:20+00:00\",\"description\":\"Disfrute de este tour a pie Palma de Mallorca, junto a su gu\u00eda oficial privado y descubre la ciudad y sus principales monumentos, como la Catedral y m\u00e1s! \u2705\",\"breadcrumb\":{\"@id\":\"https:\/\/tourtravelandmore.com\/es\/tours\/espana-es\/mallorca-es\/mallorca-actividades-es\/tour-a-pie-palma-de-mallorca-tour-privado-con-guia-oficial\/#breadcrumb\"},\"inLanguage\":\"es\",\"potentialAction\":[{\"@type\":\"ReadAction\",\"target\":[\"https:\/\/tourtravelandmore.com\/es\/tours\/espana-es\/mallorca-es\/mallorca-actividades-es\/tour-a-pie-palma-de-mallorca-tour-privado-con-guia-oficial\/\"]}]},{\"@type\":\"ImageObject\",\"inLanguage\":\"es\",\"@id\":\"https:\/\/tourtravelandmore.com\/es\/tours\/espana-es\/mallorca-es\/mallorca-actividades-es\/tour-a-pie-palma-de-mallorca-tour-privado-con-guia-oficial\/#primaryimage\",\"url\":\"https:\/\/tourtravelandmore.com\/wp-content\/uploads\/2020\/03\/palma-1.jpg\",\"contentUrl\":\"https:\/\/tourtravelandmore.com\/wp-content\/uploads\/2020\/03\/palma-1.jpg\",\"width\":2560,\"height\":1561},{\"@type\":\"BreadcrumbList\",\"@id\":\"https:\/\/tourtravelandmore.com\/es\/tours\/espana-es\/mallorca-es\/mallorca-actividades-es\/tour-a-pie-palma-de-mallorca-tour-privado-con-guia-oficial\/#breadcrumb\",\"itemListElement\":[{\"@type\":\"ListItem\",\"position\":1,\"name\":\"Home\",\"item\":\"https:\/\/tourtravelandmore.com\/es\/\"},{\"@type\":\"ListItem\",\"position\":2,\"name\":\"Tours\",\"item\":\"https:\/\/tourtravelandmore.com\/es\/tours\/\"},{\"@type\":\"ListItem\",\"position\":3,\"name\":\"Tour Privado a pie por Palma de Mallorca con gu\u00eda oficial\"}]},{\"@type\":\"WebSite\",\"@id\":\"https:\/\/tourtravelandmore.com\/es\/#website\",\"url\":\"https:\/\/tourtravelandmore.com\/es\/\",\"name\":\"Tour Travel And More\",\"description\":\"Private sightseeing tours and luxury transfers in Spain\",\"publisher\":{\"@id\":\"https:\/\/tourtravelandmore.com\/es\/#organization\"},\"potentialAction\":[{\"@type\":\"SearchAction\",\"target\":{\"@type\":\"EntryPoint\",\"urlTemplate\":\"https:\/\/tourtravelandmore.com\/es\/?s={search_term_string}\"},\"query-input\":{\"@type\":\"PropertyValueSpecification\",\"valueRequired\":true,\"valueName\":\"search_term_string\"}}],\"inLanguage\":\"es\"},{\"@type\":\"Organization\",\"@id\":\"https:\/\/tourtravelandmore.com\/es\/#organization\",\"name\":\"Tour Travel And More\",\"url\":\"https:\/\/tourtravelandmore.com\/es\/\",\"logo\":{\"@type\":\"ImageObject\",\"inLanguage\":\"es\",\"@id\":\"https:\/\/tourtravelandmore.com\/es\/#\/schema\/logo\/image\/\",\"url\":\"https:\/\/tourtravelandmore.com\/wp-content\/uploads\/2022\/12\/cropped-logo-cabecera-new.png\",\"contentUrl\":\"https:\/\/tourtravelandmore.com\/wp-content\/uploads\/2022\/12\/cropped-logo-cabecera-new.png\",\"width\":430,\"height\":61,\"caption\":\"Tour Travel And More\"},\"image\":{\"@id\":\"https:\/\/tourtravelandmore.com\/es\/#\/schema\/logo\/image\/\"},\"sameAs\":[\"https:\/\/www.facebook.com\/tourtravelandmore\/\",\"https:\/\/x.com\/TourTravel_More\"]}]}<\/script>\n<!-- \/ Yoast SEO Premium plugin. -->","yoast_head_json":{"title":"\u27a1\ufe0f Tour a pie Palma de Mallorca - Tour privado con gu\u00eda oficial","description":"Disfrute de este tour a pie Palma de Mallorca, junto a su gu\u00eda oficial privado y descubre la ciudad y sus principales monumentos, como la Catedral y m\u00e1s! \u2705","robots":{"index":"index","follow":"follow","max-snippet":"max-snippet:-1","max-image-preview":"max-image-preview:large","max-video-preview":"max-video-preview:-1"},"canonical":"https:\/\/tourtravelandmore.com\/es\/tours\/espana-es\/mallorca-es\/mallorca-actividades-es\/tour-a-pie-palma-de-mallorca-tour-privado-con-guia-oficial\/","og_locale":"es_ES","og_type":"article","og_title":"Tour Privado a pie por Palma de Mallorca con gu\u00eda oficial","og_description":"Disfrute de este tour a pie Palma de Mallorca, junto a su gu\u00eda oficial privado y descubre la ciudad y sus principales monumentos, como la Catedral y m\u00e1s! \u2705","og_url":"https:\/\/tourtravelandmore.com\/es\/tours\/espana-es\/mallorca-es\/mallorca-actividades-es\/tour-a-pie-palma-de-mallorca-tour-privado-con-guia-oficial\/","og_site_name":"Tour Travel And More","article_publisher":"https:\/\/www.facebook.com\/tourtravelandmore\/","article_modified_time":"2023-11-17T13:31:20+00:00","og_image":[{"width":1024,"height":624,"url":"https:\/\/tourtravelandmore.com\/wp-content\/uploads\/2020\/03\/palma-1-1024x624.jpg","type":"image\/jpeg"}],"twitter_card":"summary_large_image","twitter_site":"@TourTravel_More","twitter_misc":{"Tiempo de lectura":"3 minutos"},"schema":{"@context":"https:\/\/schema.org","@graph":[{"@type":"WebPage","@id":"https:\/\/tourtravelandmore.com\/es\/tours\/espana-es\/mallorca-es\/mallorca-actividades-es\/tour-a-pie-palma-de-mallorca-tour-privado-con-guia-oficial\/","url":"https:\/\/tourtravelandmore.com\/es\/tours\/espana-es\/mallorca-es\/mallorca-actividades-es\/tour-a-pie-palma-de-mallorca-tour-privado-con-guia-oficial\/","name":"\u27a1\ufe0f Tour a pie Palma de Mallorca - Tour privado con gu\u00eda oficial","isPartOf":{"@id":"https:\/\/tourtravelandmore.com\/es\/#website"},"primaryImageOfPage":{"@id":"https:\/\/tourtravelandmore.com\/es\/tours\/espana-es\/mallorca-es\/mallorca-actividades-es\/tour-a-pie-palma-de-mallorca-tour-privado-con-guia-oficial\/#primaryimage"},"image":{"@id":"https:\/\/tourtravelandmore.com\/es\/tours\/espana-es\/mallorca-es\/mallorca-actividades-es\/tour-a-pie-palma-de-mallorca-tour-privado-con-guia-oficial\/#primaryimage"},"thumbnailUrl":"https:\/\/tourtravelandmore.com\/wp-content\/uploads\/2020\/03\/palma-1.jpg","datePublished":"2020-03-16T14:23:46+00:00","dateModified":"2023-11-17T13:31:20+00:00","description":"Disfrute de este tour a pie Palma de Mallorca, junto a su gu\u00eda oficial privado y descubre la ciudad y sus principales monumentos, como la Catedral y m\u00e1s! \u2705","breadcrumb":{"@id":"https:\/\/tourtravelandmore.com\/es\/tours\/espana-es\/mallorca-es\/mallorca-actividades-es\/tour-a-pie-palma-de-mallorca-tour-privado-con-guia-oficial\/#breadcrumb"},"inLanguage":"es","potentialAction":[{"@type":"ReadAction","target":["https:\/\/tourtravelandmore.com\/es\/tours\/espana-es\/mallorca-es\/mallorca-actividades-es\/tour-a-pie-palma-de-mallorca-tour-privado-con-guia-oficial\/"]}]},{"@type":"ImageObject","inLanguage":"es","@id":"https:\/\/tourtravelandmore.com\/es\/tours\/espana-es\/mallorca-es\/mallorca-actividades-es\/tour-a-pie-palma-de-mallorca-tour-privado-con-guia-oficial\/#primaryimage","url":"https:\/\/tourtravelandmore.com\/wp-content\/uploads\/2020\/03\/palma-1.jpg","contentUrl":"https:\/\/tourtravelandmore.com\/wp-content\/uploads\/2020\/03\/palma-1.jpg","width":2560,"height":1561},{"@type":"BreadcrumbList","@id":"https:\/\/tourtravelandmore.com\/es\/tours\/espana-es\/mallorca-es\/mallorca-actividades-es\/tour-a-pie-palma-de-mallorca-tour-privado-con-guia-oficial\/#breadcrumb","itemListElement":[{"@type":"ListItem","position":1,"name":"Home","item":"https:\/\/tourtravelandmore.com\/es\/"},{"@type":"ListItem","position":2,"name":"Tours","item":"https:\/\/tourtravelandmore.com\/es\/tours\/"},{"@type":"ListItem","position":3,"name":"Tour Privado a pie por Palma de Mallorca con gu\u00eda oficial"}]},{"@type":"WebSite","@id":"https:\/\/tourtravelandmore.com\/es\/#website","url":"https:\/\/tourtravelandmore.com\/es\/","name":"Tour Travel And More","description":"Private sightseeing tours and luxury transfers in Spain","publisher":{"@id":"https:\/\/tourtravelandmore.com\/es\/#organization"},"potentialAction":[{"@type":"SearchAction","target":{"@type":"EntryPoint","urlTemplate":"https:\/\/tourtravelandmore.com\/es\/?s={search_term_string}"},"query-input":{"@type":"PropertyValueSpecification","valueRequired":true,"valueName":"search_term_string"}}],"inLanguage":"es"},{"@type":"Organization","@id":"https:\/\/tourtravelandmore.com\/es\/#organization","name":"Tour Travel And More","url":"https:\/\/tourtravelandmore.com\/es\/","logo":{"@type":"ImageObject","inLanguage":"es","@id":"https:\/\/tourtravelandmore.com\/es\/#\/schema\/logo\/image\/","url":"https:\/\/tourtravelandmore.com\/wp-content\/uploads\/2022\/12\/cropped-logo-cabecera-new.png","contentUrl":"https:\/\/tourtravelandmore.com\/wp-content\/uploads\/2022\/12\/cropped-logo-cabecera-new.png","width":430,"height":61,"caption":"Tour Travel And More"},"image":{"@id":"https:\/\/tourtravelandmore.com\/es\/#\/schema\/logo\/image\/"},"sameAs":["https:\/\/www.facebook.com\/tourtravelandmore\/","https:\/\/x.com\/TourTravel_More"]}]}},"_links":{"self":[{"href":"https:\/\/tourtravelandmore.com\/es\/wp-json\/wp\/v2\/product\/78448","targetHints":{"allow":["GET"]}}],"collection":[{"href":"https:\/\/tourtravelandmore.com\/es\/wp-json\/wp\/v2\/product"}],"about":[{"href":"https:\/\/tourtravelandmore.com\/es\/wp-json\/wp\/v2\/types\/product"}],"replies":[{"embeddable":true,"href":"https:\/\/tourtravelandmore.com\/es\/wp-json\/wp\/v2\/comments?post=78448"}],"wp:featuredmedia":[{"embeddable":true,"href":"https:\/\/tourtravelandmore.com\/es\/wp-json\/wp\/v2\/media\/78458"}],"wp:attachment":[{"href":"https:\/\/tourtravelandmore.com\/es\/wp-json\/wp\/v2\/media?parent=78448"}],"wp:term":[{"taxonomy":"product_brand","embeddable":true,"href":"https:\/\/tourtravelandmore.com\/es\/wp-json\/wp\/v2\/product_brand?post=78448"},{"taxonomy":"product_cat","embeddable":true,"href":"https:\/\/tourtravelandmore.com\/es\/wp-json\/wp\/v2\/product_cat?post=78448"},{"taxonomy":"product_tag","embeddable":true,"href":"https:\/\/tourtravelandmore.com\/es\/wp-json\/wp\/v2\/product_tag?post=78448"}],"curies":[{"name":"wp","href":"https:\/\/api.w.org\/{rel}","templated":true}]}}