{"id":78428,"date":"2020-03-16T14:59:03","date_gmt":"2020-03-16T13:59:05","guid":{"rendered":"https:\/\/tourtravelandmore.com\/?post_type=product&#038;p=78428"},"modified":"2023-11-17T14:27:11","modified_gmt":"2023-11-17T13:27:11","slug":"tour-catedral-palma-de-mallorca-con-guia-oficial-privado-y-entradas","status":"publish","type":"product","link":"https:\/\/tourtravelandmore.com\/es\/tours\/espana-es\/mallorca-es\/mallorca-actividades-es\/tour-catedral-palma-de-mallorca-con-guia-oficial-privado-y-entradas\/","title":{"rendered":"Tour privado a pie de Palma de Mallorca con la Catedral"},"content":{"rendered":"<h2>Descripci\u00f3n del Tour privado a pie de Palma de Mallorca con la Catedral<\/h2>\n<p><span style=\"font-weight: 400;\">Con este <\/span><b>tour Catedral de Mallorca a pie con gu\u00eda oficial privado y entradas<\/b><span style=\"font-weight: 400;\">, admirar\u00e1s una de las joyas arquitect\u00f3nicas m\u00e1s incre\u00edbles que se encuentran a\u00fan de pie en el mundo. Muchos dir\u00e1n que se trata de otra iglesia g\u00f3tica, pero en realidad es mucho m\u00e1s que eso.<\/span><\/p>\n<p><span style=\"font-weight: 400;\">Conocida tambi\u00e9n con el nombre Seu, su forma hace recordar a un barco atracado sobre el acantilado mirando hacia el mar. Realmente toda una maravilla monumental que te dejar\u00e1 sin aliento.<\/span><\/p>\n<p>La duraci\u00f3n de este tour Catedral de Mallorca es de 3 horas.<\/p>\n<p>Este tour es completamente privado, pueden escoger la hora y lugar de comienzo. Si su Hotel no est\u00e1 en el centro de Mallorca, le recogeremos desde un sitio c\u00e9ntrico.<\/p>\n<p>Si viene desde un crucero, podemos recogerle desde la Terminal de Cruceros e ir en Taxi hasta la Catedral, para realizar este tour Catedral de Mallorca con gu\u00eda oficial privado.<\/p>\n<p><span style=\"font-weight: 400;\">Durante este paseo tendr\u00e1s a tu disposici\u00f3n un <\/span><b>gu\u00eda biling\u00fce privado<\/b><span style=\"font-weight: 400;\">, el cual responder\u00e1 todas tus preguntas y te llevar\u00e1 a descubrir los detalles m\u00e1s secretos de esta preciosa construcci\u00f3n, as\u00ed como su historia, significado y el papel que jug\u00f3 en la historia del Reino de Arag\u00f3n.<\/span><\/p>\n<h2><b>Puntos de inter\u00e9s en el Tour Privado a pie Catedral de Mallorca<br \/>\n<\/b><\/h2>\n<p><span style=\"font-weight: 400;\">Lo primero que debemos destacar de este <\/span><b>tour Catedral de Mallorca con gu\u00eda oficial privado<\/b><span style=\"font-weight: 400;\">, es que ya tiene incluido los <\/span><i><span style=\"font-weight: 400;\">tickets de entrada<\/span><\/i><span style=\"font-weight: 400;\"> al edificio, una noticia genial, si tomamos en cuenta que todos los d\u00edas se hacen largas filas para poder entrar a este famos\u00edsimo monumento.<\/span><\/p>\n<p><span style=\"font-weight: 400;\">Lo siguiente a destacar es que tu <\/span><b>gu\u00eda privado<\/b><span style=\"font-weight: 400;\"> es un amplio conocedor, tanto de la arquitectura como de la historia de la <\/span><b>Catedral<\/b><span style=\"font-weight: 400;\">, por eso el recorrido comienza frente a la fachada del edificio para admirar el roset\u00f3n m\u00e1s grande del mundo en cuanto a iglesias g\u00f3ticas se refiere, luego nos tomaremos un tiempo para que puedas apreciar en detalle las impresionantes columnas de la puerta principal y las esculturas de Guillermo Sagrera en el <\/span><b><i>Portal del Mirador<\/i><\/b><span style=\"font-weight: 400;\">.<\/span><b><i>\u00a0<\/i><\/b><\/p>\n<p><span style=\"font-weight: 400;\">Al entrar al interior del recinto, notar\u00e1s las tres naves que conforman todo el complejo. En la nave principal o central, encontraremos la <\/span><i><span style=\"font-weight: 400;\">Capilla de la Trinidad<\/span><\/i><span style=\"font-weight: 400;\">, lugar de reposo de los reyes Jaime II y Jaime III, aun cuando fue Jaime II qui\u00e9n mand\u00f3 a erigir esta impresionante estructura durante su reinado utilizando piedra arenisca propia de la zona con el solo objetivo de derruir los \u00faltimos resquicios de la mezquita musulmana que quedaba en la isla.<\/span><\/p>\n<p><span style=\"font-weight: 400;\">Cabe destacar que esta construcci\u00f3n es el edificio g\u00f3tico que goza de mayor cantidad de espacio libre en su interior, as\u00ed como mayor cantidad de luz natural, debido a la disposici\u00f3n y tama\u00f1o de los vitrales que le adornan\u2026 Realmente se trata de una parada obligada si vas a visitar la <\/span><b>Isla Palma de Mallorca.<\/b><\/p>\n<p>Si dispone de m\u00e1s d\u00edas en Mallorca, puedes consultar <a href=\"https:\/\/tourtravelandmore.com\/es\/ciudad\/espana-es\/mallorca-es\/\"><strong>aqu\u00ed<\/strong><\/a>, el resto de los tours privado que ofrecemos en Mallorca.<\/p>\n<h3><b>Datos interesantes sobre la Catedral de Mallorca<\/b><\/h3>\n<p><span style=\"font-weight: 400;\">Algo que muy pocas personas saben, es que este edificio es conocido alrededor del mundo por 4 nombres diferentes. El primero de ellos es <\/span><i><span style=\"font-weight: 400;\">Seu<\/span><\/i><span style=\"font-weight: 400;\">, que ser\u00eda como el nombre coloquial o regional que le dan los habitantes de <\/span><b>Mallorca<\/b><span style=\"font-weight: 400;\">, el segundo es el de <\/span><i><span style=\"font-weight: 400;\">Catedral del Espacio<\/span><\/i><span style=\"font-weight: 400;\">, debido a que es una de las pocas iglesias g\u00f3ticas que casi no cuenta con columnas o piedras en su interior, permitiendo que sus naves se vean amplias y espaciosas; la tercera denominaci\u00f3n con que se la conoce es <\/span><i><span style=\"font-weight: 400;\">Catedral de Eucarist\u00eda<\/span><\/i><span style=\"font-weight: 400;\">, debido a que las \u00e1bsides de sus tres naves conforman un tr\u00edptico inmenso sobre el misterio de la eucarist\u00eda, y por \u00faltimo tambi\u00e9n se la conoce como la <\/span><i><span style=\"font-weight: 400;\">Catedral de la Luz<\/span><\/i><span style=\"font-weight: 400;\"> gracias a sus ventanales y rosetones que dejan que los finos rayos del sol se cuelen sin problema al interior del edificio.<\/span><\/p>\n","protected":false},"excerpt":{"rendered":"<p>Disfruta de este <strong>tour privado de 2 horas <\/strong>de la <strong>Catedral de\u00a0Palma de Mallorca<\/strong>. Tome esta oportunidad para conocer uno de los monumentos m\u00e1s visitados de las <strong>Islas Baleares<\/strong>\u00a0con vuestro guia oficial. Disfrute esta estupenda visita y conozca los sitios m\u00e1s importantes de la Catedral y a la vez admirar la vista de la costa desde all\u00ed.<\/p>\n","protected":false},"featured_media":78438,"comment_status":"open","ping_status":"closed","template":"","meta":{"_acf_changed":false},"product_brand":[],"product_cat":[2107,2109,2117],"product_tag":[],"class_list":{"0":"post-78428","1":"product","2":"type-product","3":"status-publish","4":"has-post-thumbnail","6":"product_cat-mallorca-es","7":"product_cat-mallorca-actividades-es","8":"product_cat-mallorca-tours-privados-pie-es","10":"first","11":"instock","12":"shipping-taxable","13":"purchasable","14":"product-type-simple"},"acf":[],"yoast_head":"<!-- This site is optimized with the Yoast SEO Premium plugin v25.3.1 (Yoast SEO v25.3.1) - https:\/\/yoast.com\/wordpress\/plugins\/seo\/ -->\n<title>\u27a1\ufe0f Tour Catedral Palma de Mallorca con gu\u00eda oficial privado y entradas | Tour Travel &amp; More<\/title>\n<meta name=\"description\" content=\"Disfrute de este tour Catedral Palma de Mallorca, con gu\u00eda oficial privado y descubre este edificio de construcci\u00f3n G\u00f3tica y su historia \u2705\" \/>\n<meta name=\"robots\" content=\"index, follow, max-snippet:-1, max-image-preview:large, max-video-preview:-1\" \/>\n<link rel=\"canonical\" href=\"https:\/\/tourtravelandmore.com\/es\/tours\/espana-es\/mallorca-es\/mallorca-actividades-es\/tour-catedral-palma-de-mallorca-con-guia-oficial-privado-y-entradas\/\" \/>\n<meta property=\"og:locale\" content=\"es_ES\" \/>\n<meta property=\"og:type\" content=\"article\" \/>\n<meta property=\"og:title\" content=\"Tour privado a pie de Palma de Mallorca con la Catedral\" \/>\n<meta property=\"og:description\" content=\"Disfrute de este tour Catedral Palma de Mallorca, con gu\u00eda oficial privado y descubre este edificio de construcci\u00f3n G\u00f3tica y su historia \u2705\" \/>\n<meta property=\"og:url\" content=\"https:\/\/tourtravelandmore.com\/es\/tours\/espana-es\/mallorca-es\/mallorca-actividades-es\/tour-catedral-palma-de-mallorca-con-guia-oficial-privado-y-entradas\/\" \/>\n<meta property=\"og:site_name\" content=\"Tour Travel And More\" \/>\n<meta property=\"article:publisher\" content=\"https:\/\/www.facebook.com\/tourtravelandmore\/\" \/>\n<meta property=\"article:modified_time\" content=\"2023-11-17T13:27:11+00:00\" \/>\n<meta property=\"og:image\" content=\"https:\/\/tourtravelandmore.com\/wp-content\/uploads\/2020\/03\/mallorca-1.jpg\" \/>\n\t<meta property=\"og:image:width\" content=\"2560\" \/>\n\t<meta property=\"og:image:height\" content=\"1700\" \/>\n\t<meta property=\"og:image:type\" content=\"image\/jpeg\" \/>\n<meta name=\"twitter:card\" content=\"summary_large_image\" \/>\n<meta name=\"twitter:site\" content=\"@TourTravel_More\" \/>\n<meta name=\"twitter:label1\" content=\"Tiempo de lectura\" \/>\n\t<meta name=\"twitter:data1\" content=\"3 minutos\" \/>\n<script type=\"application\/ld+json\" class=\"yoast-schema-graph\">{\"@context\":\"https:\/\/schema.org\",\"@graph\":[{\"@type\":\"WebPage\",\"@id\":\"https:\/\/tourtravelandmore.com\/es\/tours\/espana-es\/mallorca-es\/mallorca-actividades-es\/tour-catedral-palma-de-mallorca-con-guia-oficial-privado-y-entradas\/\",\"url\":\"https:\/\/tourtravelandmore.com\/es\/tours\/espana-es\/mallorca-es\/mallorca-actividades-es\/tour-catedral-palma-de-mallorca-con-guia-oficial-privado-y-entradas\/\",\"name\":\"\u27a1\ufe0f Tour Catedral Palma de Mallorca con gu\u00eda oficial privado y entradas | Tour Travel & More\",\"isPartOf\":{\"@id\":\"https:\/\/tourtravelandmore.com\/es\/#website\"},\"primaryImageOfPage\":{\"@id\":\"https:\/\/tourtravelandmore.com\/es\/tours\/espana-es\/mallorca-es\/mallorca-actividades-es\/tour-catedral-palma-de-mallorca-con-guia-oficial-privado-y-entradas\/#primaryimage\"},\"image\":{\"@id\":\"https:\/\/tourtravelandmore.com\/es\/tours\/espana-es\/mallorca-es\/mallorca-actividades-es\/tour-catedral-palma-de-mallorca-con-guia-oficial-privado-y-entradas\/#primaryimage\"},\"thumbnailUrl\":\"https:\/\/tourtravelandmore.com\/wp-content\/uploads\/2020\/03\/mallorca-1.jpg\",\"datePublished\":\"2020-03-16T13:59:05+00:00\",\"dateModified\":\"2023-11-17T13:27:11+00:00\",\"description\":\"Disfrute de este tour Catedral Palma de Mallorca, con gu\u00eda oficial privado y descubre este edificio de construcci\u00f3n G\u00f3tica y su historia \u2705\",\"breadcrumb\":{\"@id\":\"https:\/\/tourtravelandmore.com\/es\/tours\/espana-es\/mallorca-es\/mallorca-actividades-es\/tour-catedral-palma-de-mallorca-con-guia-oficial-privado-y-entradas\/#breadcrumb\"},\"inLanguage\":\"es\",\"potentialAction\":[{\"@type\":\"ReadAction\",\"target\":[\"https:\/\/tourtravelandmore.com\/es\/tours\/espana-es\/mallorca-es\/mallorca-actividades-es\/tour-catedral-palma-de-mallorca-con-guia-oficial-privado-y-entradas\/\"]}]},{\"@type\":\"ImageObject\",\"inLanguage\":\"es\",\"@id\":\"https:\/\/tourtravelandmore.com\/es\/tours\/espana-es\/mallorca-es\/mallorca-actividades-es\/tour-catedral-palma-de-mallorca-con-guia-oficial-privado-y-entradas\/#primaryimage\",\"url\":\"https:\/\/tourtravelandmore.com\/wp-content\/uploads\/2020\/03\/mallorca-1.jpg\",\"contentUrl\":\"https:\/\/tourtravelandmore.com\/wp-content\/uploads\/2020\/03\/mallorca-1.jpg\",\"width\":2560,\"height\":1700},{\"@type\":\"BreadcrumbList\",\"@id\":\"https:\/\/tourtravelandmore.com\/es\/tours\/espana-es\/mallorca-es\/mallorca-actividades-es\/tour-catedral-palma-de-mallorca-con-guia-oficial-privado-y-entradas\/#breadcrumb\",\"itemListElement\":[{\"@type\":\"ListItem\",\"position\":1,\"name\":\"Home\",\"item\":\"https:\/\/tourtravelandmore.com\/es\/\"},{\"@type\":\"ListItem\",\"position\":2,\"name\":\"Tours\",\"item\":\"https:\/\/tourtravelandmore.com\/es\/tours\/\"},{\"@type\":\"ListItem\",\"position\":3,\"name\":\"Tour privado a pie de Palma de Mallorca con la Catedral\"}]},{\"@type\":\"WebSite\",\"@id\":\"https:\/\/tourtravelandmore.com\/es\/#website\",\"url\":\"https:\/\/tourtravelandmore.com\/es\/\",\"name\":\"Tour Travel And More\",\"description\":\"Private sightseeing tours and luxury transfers in Spain\",\"publisher\":{\"@id\":\"https:\/\/tourtravelandmore.com\/es\/#organization\"},\"potentialAction\":[{\"@type\":\"SearchAction\",\"target\":{\"@type\":\"EntryPoint\",\"urlTemplate\":\"https:\/\/tourtravelandmore.com\/es\/?s={search_term_string}\"},\"query-input\":{\"@type\":\"PropertyValueSpecification\",\"valueRequired\":true,\"valueName\":\"search_term_string\"}}],\"inLanguage\":\"es\"},{\"@type\":\"Organization\",\"@id\":\"https:\/\/tourtravelandmore.com\/es\/#organization\",\"name\":\"Tour Travel And More\",\"url\":\"https:\/\/tourtravelandmore.com\/es\/\",\"logo\":{\"@type\":\"ImageObject\",\"inLanguage\":\"es\",\"@id\":\"https:\/\/tourtravelandmore.com\/es\/#\/schema\/logo\/image\/\",\"url\":\"https:\/\/tourtravelandmore.com\/wp-content\/uploads\/2022\/12\/cropped-logo-cabecera-new.png\",\"contentUrl\":\"https:\/\/tourtravelandmore.com\/wp-content\/uploads\/2022\/12\/cropped-logo-cabecera-new.png\",\"width\":430,\"height\":61,\"caption\":\"Tour Travel And More\"},\"image\":{\"@id\":\"https:\/\/tourtravelandmore.com\/es\/#\/schema\/logo\/image\/\"},\"sameAs\":[\"https:\/\/www.facebook.com\/tourtravelandmore\/\",\"https:\/\/x.com\/TourTravel_More\"]}]}<\/script>\n<!-- \/ Yoast SEO Premium plugin. -->","yoast_head_json":{"title":"\u27a1\ufe0f Tour Catedral Palma de Mallorca con gu\u00eda oficial privado y entradas | Tour Travel & More","description":"Disfrute de este tour Catedral Palma de Mallorca, con gu\u00eda oficial privado y descubre este edificio de construcci\u00f3n G\u00f3tica y su historia \u2705","robots":{"index":"index","follow":"follow","max-snippet":"max-snippet:-1","max-image-preview":"max-image-preview:large","max-video-preview":"max-video-preview:-1"},"canonical":"https:\/\/tourtravelandmore.com\/es\/tours\/espana-es\/mallorca-es\/mallorca-actividades-es\/tour-catedral-palma-de-mallorca-con-guia-oficial-privado-y-entradas\/","og_locale":"es_ES","og_type":"article","og_title":"Tour privado a pie de Palma de Mallorca con la Catedral","og_description":"Disfrute de este tour Catedral Palma de Mallorca, con gu\u00eda oficial privado y descubre este edificio de construcci\u00f3n G\u00f3tica y su historia \u2705","og_url":"https:\/\/tourtravelandmore.com\/es\/tours\/espana-es\/mallorca-es\/mallorca-actividades-es\/tour-catedral-palma-de-mallorca-con-guia-oficial-privado-y-entradas\/","og_site_name":"Tour Travel And More","article_publisher":"https:\/\/www.facebook.com\/tourtravelandmore\/","article_modified_time":"2023-11-17T13:27:11+00:00","og_image":[{"width":2560,"height":1700,"url":"https:\/\/tourtravelandmore.com\/wp-content\/uploads\/2020\/03\/mallorca-1.jpg","type":"image\/jpeg"}],"twitter_card":"summary_large_image","twitter_site":"@TourTravel_More","twitter_misc":{"Tiempo de lectura":"3 minutos"},"schema":{"@context":"https:\/\/schema.org","@graph":[{"@type":"WebPage","@id":"https:\/\/tourtravelandmore.com\/es\/tours\/espana-es\/mallorca-es\/mallorca-actividades-es\/tour-catedral-palma-de-mallorca-con-guia-oficial-privado-y-entradas\/","url":"https:\/\/tourtravelandmore.com\/es\/tours\/espana-es\/mallorca-es\/mallorca-actividades-es\/tour-catedral-palma-de-mallorca-con-guia-oficial-privado-y-entradas\/","name":"\u27a1\ufe0f Tour Catedral Palma de Mallorca con gu\u00eda oficial privado y entradas | Tour Travel & More","isPartOf":{"@id":"https:\/\/tourtravelandmore.com\/es\/#website"},"primaryImageOfPage":{"@id":"https:\/\/tourtravelandmore.com\/es\/tours\/espana-es\/mallorca-es\/mallorca-actividades-es\/tour-catedral-palma-de-mallorca-con-guia-oficial-privado-y-entradas\/#primaryimage"},"image":{"@id":"https:\/\/tourtravelandmore.com\/es\/tours\/espana-es\/mallorca-es\/mallorca-actividades-es\/tour-catedral-palma-de-mallorca-con-guia-oficial-privado-y-entradas\/#primaryimage"},"thumbnailUrl":"https:\/\/tourtravelandmore.com\/wp-content\/uploads\/2020\/03\/mallorca-1.jpg","datePublished":"2020-03-16T13:59:05+00:00","dateModified":"2023-11-17T13:27:11+00:00","description":"Disfrute de este tour Catedral Palma de Mallorca, con gu\u00eda oficial privado y descubre este edificio de construcci\u00f3n G\u00f3tica y su historia \u2705","breadcrumb":{"@id":"https:\/\/tourtravelandmore.com\/es\/tours\/espana-es\/mallorca-es\/mallorca-actividades-es\/tour-catedral-palma-de-mallorca-con-guia-oficial-privado-y-entradas\/#breadcrumb"},"inLanguage":"es","potentialAction":[{"@type":"ReadAction","target":["https:\/\/tourtravelandmore.com\/es\/tours\/espana-es\/mallorca-es\/mallorca-actividades-es\/tour-catedral-palma-de-mallorca-con-guia-oficial-privado-y-entradas\/"]}]},{"@type":"ImageObject","inLanguage":"es","@id":"https:\/\/tourtravelandmore.com\/es\/tours\/espana-es\/mallorca-es\/mallorca-actividades-es\/tour-catedral-palma-de-mallorca-con-guia-oficial-privado-y-entradas\/#primaryimage","url":"https:\/\/tourtravelandmore.com\/wp-content\/uploads\/2020\/03\/mallorca-1.jpg","contentUrl":"https:\/\/tourtravelandmore.com\/wp-content\/uploads\/2020\/03\/mallorca-1.jpg","width":2560,"height":1700},{"@type":"BreadcrumbList","@id":"https:\/\/tourtravelandmore.com\/es\/tours\/espana-es\/mallorca-es\/mallorca-actividades-es\/tour-catedral-palma-de-mallorca-con-guia-oficial-privado-y-entradas\/#breadcrumb","itemListElement":[{"@type":"ListItem","position":1,"name":"Home","item":"https:\/\/tourtravelandmore.com\/es\/"},{"@type":"ListItem","position":2,"name":"Tours","item":"https:\/\/tourtravelandmore.com\/es\/tours\/"},{"@type":"ListItem","position":3,"name":"Tour privado a pie de Palma de Mallorca con la Catedral"}]},{"@type":"WebSite","@id":"https:\/\/tourtravelandmore.com\/es\/#website","url":"https:\/\/tourtravelandmore.com\/es\/","name":"Tour Travel And More","description":"Private sightseeing tours and luxury transfers in Spain","publisher":{"@id":"https:\/\/tourtravelandmore.com\/es\/#organization"},"potentialAction":[{"@type":"SearchAction","target":{"@type":"EntryPoint","urlTemplate":"https:\/\/tourtravelandmore.com\/es\/?s={search_term_string}"},"query-input":{"@type":"PropertyValueSpecification","valueRequired":true,"valueName":"search_term_string"}}],"inLanguage":"es"},{"@type":"Organization","@id":"https:\/\/tourtravelandmore.com\/es\/#organization","name":"Tour Travel And More","url":"https:\/\/tourtravelandmore.com\/es\/","logo":{"@type":"ImageObject","inLanguage":"es","@id":"https:\/\/tourtravelandmore.com\/es\/#\/schema\/logo\/image\/","url":"https:\/\/tourtravelandmore.com\/wp-content\/uploads\/2022\/12\/cropped-logo-cabecera-new.png","contentUrl":"https:\/\/tourtravelandmore.com\/wp-content\/uploads\/2022\/12\/cropped-logo-cabecera-new.png","width":430,"height":61,"caption":"Tour Travel And More"},"image":{"@id":"https:\/\/tourtravelandmore.com\/es\/#\/schema\/logo\/image\/"},"sameAs":["https:\/\/www.facebook.com\/tourtravelandmore\/","https:\/\/x.com\/TourTravel_More"]}]}},"_links":{"self":[{"href":"https:\/\/tourtravelandmore.com\/es\/wp-json\/wp\/v2\/product\/78428","targetHints":{"allow":["GET"]}}],"collection":[{"href":"https:\/\/tourtravelandmore.com\/es\/wp-json\/wp\/v2\/product"}],"about":[{"href":"https:\/\/tourtravelandmore.com\/es\/wp-json\/wp\/v2\/types\/product"}],"replies":[{"embeddable":true,"href":"https:\/\/tourtravelandmore.com\/es\/wp-json\/wp\/v2\/comments?post=78428"}],"wp:featuredmedia":[{"embeddable":true,"href":"https:\/\/tourtravelandmore.com\/es\/wp-json\/wp\/v2\/media\/78438"}],"wp:attachment":[{"href":"https:\/\/tourtravelandmore.com\/es\/wp-json\/wp\/v2\/media?parent=78428"}],"wp:term":[{"taxonomy":"product_brand","embeddable":true,"href":"https:\/\/tourtravelandmore.com\/es\/wp-json\/wp\/v2\/product_brand?post=78428"},{"taxonomy":"product_cat","embeddable":true,"href":"https:\/\/tourtravelandmore.com\/es\/wp-json\/wp\/v2\/product_cat?post=78428"},{"taxonomy":"product_tag","embeddable":true,"href":"https:\/\/tourtravelandmore.com\/es\/wp-json\/wp\/v2\/product_tag?post=78428"}],"curies":[{"name":"wp","href":"https:\/\/api.w.org\/{rel}","templated":true}]}}