{"id":784,"date":"2016-03-13T20:27:25","date_gmt":"2016-04-14T18:33:08","guid":{"rendered":"http:\/\/tourtravelandmore.com\/?post_type=product&#038;p=784&#038;lang=es"},"modified":"2024-02-27T14:30:38","modified_gmt":"2024-02-27T13:30:38","slug":"tour-a-sevilla-desde-cadiz-tour-privado-con-guia-vehiculo-y-entradas","status":"publish","type":"product","link":"https:\/\/tourtravelandmore.com\/es\/tours\/espana-es\/cadiz-es\/tour-a-sevilla-desde-cadiz-tour-privado-con-guia-vehiculo-y-entradas\/","title":{"rendered":"Tour Privado a Sevilla desde Cadiz"},"content":{"rendered":"<h2><strong>Descripci\u00f3n del Tour Privado a Sevilla desde C\u00e1diz<\/strong><\/h2>\n<p><span style=\"font-weight: 400;\">Disfruta de este tour a Sevilla desde C\u00e1diz con gu\u00eda oficial privado y veh\u00edculo privado con ch\u00f3fer. <\/span><b>Sevilla<\/b><span style=\"font-weight: 400;\">, capital de Andaluc\u00ed\u00ada, ciudad romana, \u00e1rabe, renacentista, barroca, americana, mariana, flamenca, torera, moderna, festiva, luminosa, perfumada, marinera, tradicional, hospitalaria, graciosa, cosmopolita, religiosa. Todas estas caracter\u00edsticas definen a una de las ciudades m\u00e1s bonitas del mundo.<\/span><\/p>\n<p><span style=\"font-weight: 400;\">Nuestro gu\u00eda oficial privado le ayudar\u00e1 a conocer la ciudad de Sevilla con todo detalle, para que viva una experiencia \u00fanica.<\/span><\/p>\n<p><span style=\"font-weight: 400;\">La duraci\u00f3n del tour a Sevilla desde C\u00e1diz es de 8 horas. El tour es completamente privado. Desde Tour Travel &amp; More ofrecemos un servicio donde pueden escoger la hora y el lugar de comienzo.<\/span><\/p>\n<p><span style=\"font-weight: 400;\">Nuestro conductor le recoger\u00e1 desde su Hotel o desde la Terminal de Cruceros en C\u00e1diz a la hora establecida y nos dirigiremos a Sevilla, d\u00f3nde estar\u00e1 esperando nuestro gu\u00eda para realizar un tour privado de la ciudad de 4 horas.<\/span><\/p>\n<p><span style=\"font-weight: 400;\">A lo largo del tour har\u00e1n una parada para comer y poder disfrutar de la excelente gastronom\u00eda de la ciudad.<\/span><\/p>\n<h2><b>Puntos de inter\u00e9s en el Tour Privado a Sevilla desde el Puerto de Cadiz<\/b><\/h2>\n<p><span style=\"font-weight: 400;\">Sevilla es la principal ciudad de Andaluc\u00eda, y es la tercera ciudad m\u00e1s grande de Espa\u00f1a. Su centro hist\u00f3rico alberga monumentos de diversas culturas que valen la pena visitar.<\/span><\/p>\n<p><span style=\"font-weight: 400;\">Sevilla fue elegida por la famosa revista Lonely Planet como la mejor ciudad para visitar en 2018. No deje pasar su oportunidad y aproveche al m\u00e1ximo su tiempo en Andaluc\u00eda, visite y conozca esta maravillosa ciudad.<\/span><\/p>\n<p><span style=\"font-weight: 400;\">Durante vuestro tour privado, podr\u00e9is ver, entre otros monumentos, los siguientes:<\/span><\/p>\n<ul>\n<li style=\"font-weight: 400;\" aria-level=\"1\"><strong>Barrio Judio<\/strong><\/li>\n<li style=\"font-weight: 400;\" aria-level=\"1\"><strong>Zona de compras exclusivas<\/strong><\/li>\n<li style=\"font-weight: 400;\" aria-level=\"1\"><strong>Plaza Espa\u00f1a<\/strong><\/li>\n<li style=\"font-weight: 400;\" aria-level=\"1\"><strong>Sanchez Pizjuan<\/strong><\/li>\n<li style=\"font-weight: 400;\" aria-level=\"1\"><strong>Plaza Nova<\/strong><\/li>\n<li style=\"font-weight: 400;\" aria-level=\"1\"><strong>Catedral Sevilla<\/strong><\/li>\n<li style=\"font-weight: 400;\" aria-level=\"1\"><strong>La Giralda<\/strong><\/li>\n<li style=\"font-weight: 400;\" aria-level=\"1\"><strong>Alc\u00e1zar Sevilla<\/strong><\/li>\n<li style=\"font-weight: 400;\" aria-level=\"1\"><strong>Torre del Oro<\/strong><\/li>\n<li style=\"font-weight: 400;\" aria-level=\"1\"><strong>\u00a1Mucho m\u00e1s!<\/strong><\/li>\n<\/ul>\n<p><span style=\"font-weight: 400;\">Si dispone de m\u00e1s d\u00edas en C\u00e1diz, puedes consultar <\/span><a href=\"https:\/\/tourtravelandmore.com\/es\/ciudad\/espana-es\/cadiz-es\/\"><b>aqu\u00ed<\/b><\/a><span style=\"font-weight: 400;\">, nuestro listado de tours privados de C\u00e1diz.<\/span><\/p>\n<p><span style=\"font-weight: 400;\">A trav\u00e9s del formulario de contacto, puedes contactar con nosotros y nuestro equipo le enviar\u00e1 de forma detallada la informaci\u00f3n.<\/span><\/p>\n","protected":false},"excerpt":{"rendered":"<p>Descubre la ciudad de C\u00e1diz, considerada por la revista Lonely Planet como la mejor ciudad para visitar en 2018 y una de las m\u00e1s bonitas del mundo. Conocer\u00e1s la capital de Andaluc\u00eda, junto a su gu\u00eda privado oficial, y los principales monumentos: La Catedral y el Alc\u00e1zar. Adem\u00e1s de otros monumentos, como la Plaza de Espa\u00f1a, el Barrio Jud\u00edo y mucho mas!<\/p>\n","protected":false},"featured_media":170983,"comment_status":"open","ping_status":"closed","template":"","meta":{"_acf_changed":false},"product_brand":[],"product_cat":[70,71,73,72,521],"product_tag":[],"class_list":{"0":"post-784","1":"product","2":"type-product","3":"status-publish","4":"has-post-thumbnail","6":"product_cat-cadiz-es","7":"product_cat-cadiz-actividades-es","8":"product_cat-cadiz-rutas-turisticas-privadas-es","9":"product_cat-cadiz-excursiones-es","10":"product_cat-cadiz-excursiones-privadas-cruceros-es","12":"first","13":"instock","14":"shipping-taxable","15":"purchasable","16":"product-type-simple"},"acf":[],"yoast_head":"<!-- This site is optimized with the Yoast SEO Premium plugin v25.3.1 (Yoast SEO v25.3.1) - https:\/\/yoast.com\/wordpress\/plugins\/seo\/ -->\n<title>\u27a1\ufe0f Tour a Sevilla desde Cadiz - Tour privado con gu\u00eda, Vehiculo y entradas | Tour Travel &amp; More<\/title>\n<meta name=\"description\" content=\"Disfruta de este tour a Sevilla desde Cadiz, con su guia oficial privado y vehiculo. Descubre la ciudad de Sevilla y sus principales monumentos \u2705\" \/>\n<meta name=\"robots\" content=\"index, follow, max-snippet:-1, max-image-preview:large, max-video-preview:-1\" \/>\n<link rel=\"canonical\" href=\"https:\/\/tourtravelandmore.com\/es\/tours\/espana-es\/cadiz-es\/tour-a-sevilla-desde-cadiz-tour-privado-con-guia-vehiculo-y-entradas\/\" \/>\n<meta property=\"og:locale\" content=\"es_ES\" \/>\n<meta property=\"og:type\" content=\"article\" \/>\n<meta property=\"og:title\" content=\"Tour Privado a Sevilla desde Cadiz\" \/>\n<meta property=\"og:description\" content=\"Disfruta de este tour a Sevilla desde Cadiz, con su guia oficial privado y vehiculo. Descubre la ciudad de Sevilla y sus principales monumentos \u2705\" \/>\n<meta property=\"og:url\" content=\"https:\/\/tourtravelandmore.com\/es\/tours\/espana-es\/cadiz-es\/tour-a-sevilla-desde-cadiz-tour-privado-con-guia-vehiculo-y-entradas\/\" \/>\n<meta property=\"og:site_name\" content=\"Tour Travel And More\" \/>\n<meta property=\"article:publisher\" content=\"https:\/\/www.facebook.com\/tourtravelandmore\/\" \/>\n<meta property=\"article:modified_time\" content=\"2024-02-27T13:30:38+00:00\" \/>\n<meta property=\"og:image\" content=\"https:\/\/tourtravelandmore.com\/wp-content\/uploads\/2016\/03\/2ca10dfc9aa3f8d77e21429b36c3f9ef.jpg\" \/>\n\t<meta property=\"og:image:width\" content=\"1600\" \/>\n\t<meta property=\"og:image:height\" content=\"900\" \/>\n\t<meta property=\"og:image:type\" content=\"image\/jpeg\" \/>\n<meta name=\"twitter:card\" content=\"summary_large_image\" \/>\n<meta name=\"twitter:site\" content=\"@TourTravel_More\" \/>\n<meta name=\"twitter:label1\" content=\"Tiempo de lectura\" \/>\n\t<meta name=\"twitter:data1\" content=\"2 minutos\" \/>\n<script type=\"application\/ld+json\" class=\"yoast-schema-graph\">{\"@context\":\"https:\/\/schema.org\",\"@graph\":[{\"@type\":\"WebPage\",\"@id\":\"https:\/\/tourtravelandmore.com\/es\/tours\/espana-es\/cadiz-es\/tour-a-sevilla-desde-cadiz-tour-privado-con-guia-vehiculo-y-entradas\/\",\"url\":\"https:\/\/tourtravelandmore.com\/es\/tours\/espana-es\/cadiz-es\/tour-a-sevilla-desde-cadiz-tour-privado-con-guia-vehiculo-y-entradas\/\",\"name\":\"\u27a1\ufe0f Tour a Sevilla desde Cadiz - Tour privado con gu\u00eda, Vehiculo y entradas | Tour Travel & More\",\"isPartOf\":{\"@id\":\"https:\/\/tourtravelandmore.com\/es\/#website\"},\"primaryImageOfPage\":{\"@id\":\"https:\/\/tourtravelandmore.com\/es\/tours\/espana-es\/cadiz-es\/tour-a-sevilla-desde-cadiz-tour-privado-con-guia-vehiculo-y-entradas\/#primaryimage\"},\"image\":{\"@id\":\"https:\/\/tourtravelandmore.com\/es\/tours\/espana-es\/cadiz-es\/tour-a-sevilla-desde-cadiz-tour-privado-con-guia-vehiculo-y-entradas\/#primaryimage\"},\"thumbnailUrl\":\"https:\/\/tourtravelandmore.com\/wp-content\/uploads\/2016\/03\/2ca10dfc9aa3f8d77e21429b36c3f9ef.jpg\",\"datePublished\":\"2016-04-14T18:33:08+00:00\",\"dateModified\":\"2024-02-27T13:30:38+00:00\",\"description\":\"Disfruta de este tour a Sevilla desde Cadiz, con su guia oficial privado y vehiculo. Descubre la ciudad de Sevilla y sus principales monumentos \u2705\",\"breadcrumb\":{\"@id\":\"https:\/\/tourtravelandmore.com\/es\/tours\/espana-es\/cadiz-es\/tour-a-sevilla-desde-cadiz-tour-privado-con-guia-vehiculo-y-entradas\/#breadcrumb\"},\"inLanguage\":\"es\",\"potentialAction\":[{\"@type\":\"ReadAction\",\"target\":[\"https:\/\/tourtravelandmore.com\/es\/tours\/espana-es\/cadiz-es\/tour-a-sevilla-desde-cadiz-tour-privado-con-guia-vehiculo-y-entradas\/\"]}]},{\"@type\":\"ImageObject\",\"inLanguage\":\"es\",\"@id\":\"https:\/\/tourtravelandmore.com\/es\/tours\/espana-es\/cadiz-es\/tour-a-sevilla-desde-cadiz-tour-privado-con-guia-vehiculo-y-entradas\/#primaryimage\",\"url\":\"https:\/\/tourtravelandmore.com\/wp-content\/uploads\/2016\/03\/2ca10dfc9aa3f8d77e21429b36c3f9ef.jpg\",\"contentUrl\":\"https:\/\/tourtravelandmore.com\/wp-content\/uploads\/2016\/03\/2ca10dfc9aa3f8d77e21429b36c3f9ef.jpg\",\"width\":1600,\"height\":900},{\"@type\":\"BreadcrumbList\",\"@id\":\"https:\/\/tourtravelandmore.com\/es\/tours\/espana-es\/cadiz-es\/tour-a-sevilla-desde-cadiz-tour-privado-con-guia-vehiculo-y-entradas\/#breadcrumb\",\"itemListElement\":[{\"@type\":\"ListItem\",\"position\":1,\"name\":\"Home\",\"item\":\"https:\/\/tourtravelandmore.com\/es\/\"},{\"@type\":\"ListItem\",\"position\":2,\"name\":\"Tours\",\"item\":\"https:\/\/tourtravelandmore.com\/es\/tours\/\"},{\"@type\":\"ListItem\",\"position\":3,\"name\":\"Tour Privado a Sevilla desde Cadiz\"}]},{\"@type\":\"WebSite\",\"@id\":\"https:\/\/tourtravelandmore.com\/es\/#website\",\"url\":\"https:\/\/tourtravelandmore.com\/es\/\",\"name\":\"Tour Travel And More\",\"description\":\"Private sightseeing tours and luxury transfers in Spain\",\"publisher\":{\"@id\":\"https:\/\/tourtravelandmore.com\/es\/#organization\"},\"potentialAction\":[{\"@type\":\"SearchAction\",\"target\":{\"@type\":\"EntryPoint\",\"urlTemplate\":\"https:\/\/tourtravelandmore.com\/es\/?s={search_term_string}\"},\"query-input\":{\"@type\":\"PropertyValueSpecification\",\"valueRequired\":true,\"valueName\":\"search_term_string\"}}],\"inLanguage\":\"es\"},{\"@type\":\"Organization\",\"@id\":\"https:\/\/tourtravelandmore.com\/es\/#organization\",\"name\":\"Tour Travel And More\",\"url\":\"https:\/\/tourtravelandmore.com\/es\/\",\"logo\":{\"@type\":\"ImageObject\",\"inLanguage\":\"es\",\"@id\":\"https:\/\/tourtravelandmore.com\/es\/#\/schema\/logo\/image\/\",\"url\":\"https:\/\/tourtravelandmore.com\/wp-content\/uploads\/2022\/12\/cropped-logo-cabecera-new.png\",\"contentUrl\":\"https:\/\/tourtravelandmore.com\/wp-content\/uploads\/2022\/12\/cropped-logo-cabecera-new.png\",\"width\":430,\"height\":61,\"caption\":\"Tour Travel And More\"},\"image\":{\"@id\":\"https:\/\/tourtravelandmore.com\/es\/#\/schema\/logo\/image\/\"},\"sameAs\":[\"https:\/\/www.facebook.com\/tourtravelandmore\/\",\"https:\/\/x.com\/TourTravel_More\"]}]}<\/script>\n<!-- \/ Yoast SEO Premium plugin. -->","yoast_head_json":{"title":"\u27a1\ufe0f Tour a Sevilla desde Cadiz - Tour privado con gu\u00eda, Vehiculo y entradas | Tour Travel & More","description":"Disfruta de este tour a Sevilla desde Cadiz, con su guia oficial privado y vehiculo. Descubre la ciudad de Sevilla y sus principales monumentos \u2705","robots":{"index":"index","follow":"follow","max-snippet":"max-snippet:-1","max-image-preview":"max-image-preview:large","max-video-preview":"max-video-preview:-1"},"canonical":"https:\/\/tourtravelandmore.com\/es\/tours\/espana-es\/cadiz-es\/tour-a-sevilla-desde-cadiz-tour-privado-con-guia-vehiculo-y-entradas\/","og_locale":"es_ES","og_type":"article","og_title":"Tour Privado a Sevilla desde Cadiz","og_description":"Disfruta de este tour a Sevilla desde Cadiz, con su guia oficial privado y vehiculo. Descubre la ciudad de Sevilla y sus principales monumentos \u2705","og_url":"https:\/\/tourtravelandmore.com\/es\/tours\/espana-es\/cadiz-es\/tour-a-sevilla-desde-cadiz-tour-privado-con-guia-vehiculo-y-entradas\/","og_site_name":"Tour Travel And More","article_publisher":"https:\/\/www.facebook.com\/tourtravelandmore\/","article_modified_time":"2024-02-27T13:30:38+00:00","og_image":[{"width":1600,"height":900,"url":"https:\/\/tourtravelandmore.com\/wp-content\/uploads\/2016\/03\/2ca10dfc9aa3f8d77e21429b36c3f9ef.jpg","type":"image\/jpeg"}],"twitter_card":"summary_large_image","twitter_site":"@TourTravel_More","twitter_misc":{"Tiempo de lectura":"2 minutos"},"schema":{"@context":"https:\/\/schema.org","@graph":[{"@type":"WebPage","@id":"https:\/\/tourtravelandmore.com\/es\/tours\/espana-es\/cadiz-es\/tour-a-sevilla-desde-cadiz-tour-privado-con-guia-vehiculo-y-entradas\/","url":"https:\/\/tourtravelandmore.com\/es\/tours\/espana-es\/cadiz-es\/tour-a-sevilla-desde-cadiz-tour-privado-con-guia-vehiculo-y-entradas\/","name":"\u27a1\ufe0f Tour a Sevilla desde Cadiz - Tour privado con gu\u00eda, Vehiculo y entradas | Tour Travel & More","isPartOf":{"@id":"https:\/\/tourtravelandmore.com\/es\/#website"},"primaryImageOfPage":{"@id":"https:\/\/tourtravelandmore.com\/es\/tours\/espana-es\/cadiz-es\/tour-a-sevilla-desde-cadiz-tour-privado-con-guia-vehiculo-y-entradas\/#primaryimage"},"image":{"@id":"https:\/\/tourtravelandmore.com\/es\/tours\/espana-es\/cadiz-es\/tour-a-sevilla-desde-cadiz-tour-privado-con-guia-vehiculo-y-entradas\/#primaryimage"},"thumbnailUrl":"https:\/\/tourtravelandmore.com\/wp-content\/uploads\/2016\/03\/2ca10dfc9aa3f8d77e21429b36c3f9ef.jpg","datePublished":"2016-04-14T18:33:08+00:00","dateModified":"2024-02-27T13:30:38+00:00","description":"Disfruta de este tour a Sevilla desde Cadiz, con su guia oficial privado y vehiculo. Descubre la ciudad de Sevilla y sus principales monumentos \u2705","breadcrumb":{"@id":"https:\/\/tourtravelandmore.com\/es\/tours\/espana-es\/cadiz-es\/tour-a-sevilla-desde-cadiz-tour-privado-con-guia-vehiculo-y-entradas\/#breadcrumb"},"inLanguage":"es","potentialAction":[{"@type":"ReadAction","target":["https:\/\/tourtravelandmore.com\/es\/tours\/espana-es\/cadiz-es\/tour-a-sevilla-desde-cadiz-tour-privado-con-guia-vehiculo-y-entradas\/"]}]},{"@type":"ImageObject","inLanguage":"es","@id":"https:\/\/tourtravelandmore.com\/es\/tours\/espana-es\/cadiz-es\/tour-a-sevilla-desde-cadiz-tour-privado-con-guia-vehiculo-y-entradas\/#primaryimage","url":"https:\/\/tourtravelandmore.com\/wp-content\/uploads\/2016\/03\/2ca10dfc9aa3f8d77e21429b36c3f9ef.jpg","contentUrl":"https:\/\/tourtravelandmore.com\/wp-content\/uploads\/2016\/03\/2ca10dfc9aa3f8d77e21429b36c3f9ef.jpg","width":1600,"height":900},{"@type":"BreadcrumbList","@id":"https:\/\/tourtravelandmore.com\/es\/tours\/espana-es\/cadiz-es\/tour-a-sevilla-desde-cadiz-tour-privado-con-guia-vehiculo-y-entradas\/#breadcrumb","itemListElement":[{"@type":"ListItem","position":1,"name":"Home","item":"https:\/\/tourtravelandmore.com\/es\/"},{"@type":"ListItem","position":2,"name":"Tours","item":"https:\/\/tourtravelandmore.com\/es\/tours\/"},{"@type":"ListItem","position":3,"name":"Tour Privado a Sevilla desde Cadiz"}]},{"@type":"WebSite","@id":"https:\/\/tourtravelandmore.com\/es\/#website","url":"https:\/\/tourtravelandmore.com\/es\/","name":"Tour Travel And More","description":"Private sightseeing tours and luxury transfers in Spain","publisher":{"@id":"https:\/\/tourtravelandmore.com\/es\/#organization"},"potentialAction":[{"@type":"SearchAction","target":{"@type":"EntryPoint","urlTemplate":"https:\/\/tourtravelandmore.com\/es\/?s={search_term_string}"},"query-input":{"@type":"PropertyValueSpecification","valueRequired":true,"valueName":"search_term_string"}}],"inLanguage":"es"},{"@type":"Organization","@id":"https:\/\/tourtravelandmore.com\/es\/#organization","name":"Tour Travel And More","url":"https:\/\/tourtravelandmore.com\/es\/","logo":{"@type":"ImageObject","inLanguage":"es","@id":"https:\/\/tourtravelandmore.com\/es\/#\/schema\/logo\/image\/","url":"https:\/\/tourtravelandmore.com\/wp-content\/uploads\/2022\/12\/cropped-logo-cabecera-new.png","contentUrl":"https:\/\/tourtravelandmore.com\/wp-content\/uploads\/2022\/12\/cropped-logo-cabecera-new.png","width":430,"height":61,"caption":"Tour Travel And More"},"image":{"@id":"https:\/\/tourtravelandmore.com\/es\/#\/schema\/logo\/image\/"},"sameAs":["https:\/\/www.facebook.com\/tourtravelandmore\/","https:\/\/x.com\/TourTravel_More"]}]}},"_links":{"self":[{"href":"https:\/\/tourtravelandmore.com\/es\/wp-json\/wp\/v2\/product\/784","targetHints":{"allow":["GET"]}}],"collection":[{"href":"https:\/\/tourtravelandmore.com\/es\/wp-json\/wp\/v2\/product"}],"about":[{"href":"https:\/\/tourtravelandmore.com\/es\/wp-json\/wp\/v2\/types\/product"}],"replies":[{"embeddable":true,"href":"https:\/\/tourtravelandmore.com\/es\/wp-json\/wp\/v2\/comments?post=784"}],"wp:featuredmedia":[{"embeddable":true,"href":"https:\/\/tourtravelandmore.com\/es\/wp-json\/wp\/v2\/media\/170983"}],"wp:attachment":[{"href":"https:\/\/tourtravelandmore.com\/es\/wp-json\/wp\/v2\/media?parent=784"}],"wp:term":[{"taxonomy":"product_brand","embeddable":true,"href":"https:\/\/tourtravelandmore.com\/es\/wp-json\/wp\/v2\/product_brand?post=784"},{"taxonomy":"product_cat","embeddable":true,"href":"https:\/\/tourtravelandmore.com\/es\/wp-json\/wp\/v2\/product_cat?post=784"},{"taxonomy":"product_tag","embeddable":true,"href":"https:\/\/tourtravelandmore.com\/es\/wp-json\/wp\/v2\/product_tag?post=784"}],"curies":[{"name":"wp","href":"https:\/\/api.w.org\/{rel}","templated":true}]}}