{"id":78239,"date":"2020-03-04T14:00:44","date_gmt":"2020-03-04T13:00:45","guid":{"rendered":"https:\/\/tourtravelandmore.com\/?post_type=product&#038;p=78239"},"modified":"2025-05-06T20:58:45","modified_gmt":"2025-05-06T18:58:45","slug":"excursion-privada-a-dubrovnik-por-8-horas","status":"publish","type":"product","link":"https:\/\/tourtravelandmore.com\/es\/tours\/croacia-es\/dubrovnik-es\/dubrovnik-actividades-es\/excursion-privada-a-dubrovnik-por-8-horas\/","title":{"rendered":"Tour privado a pie por el casco antiguo con traslado hacia\/desde el puerto"},"content":{"rendered":"<h2><b><strong>Tour privado a pie por el casco antiguo Descripci\u00f3n<\/strong><\/b><\/h2>\n<p>Explore el encanto y la historia del Casco Antiguo de la ciudad con este recorrido privado a pie de 3 horas, perfectamente adaptado a los pasajeros de cruceros. Comience su experiencia con un c\u00f3modo traslado desde el puerto de cruceros hasta el coraz\u00f3n de la ciudad, donde su experto gu\u00eda local le acompa\u00f1ar\u00e1 por las pintorescas calles, los lugares emblem\u00e1ticos y las joyas ocultas que definen el car\u00e1cter \u00fanico del Casco Antiguo.<\/p>\n<p>Tambi\u00e9n tenemos otras opciones de excursiones de un d\u00eda completo por Dubrovnik, eche un vistazo a <a href=\"https:\/\/tourtravelandmore.com\/tours\/croatia-en\/dubrovnik-en-croacia-en-croacia-es-croacia-fr-fr\/full-day-private-tour-based-dubrovnik-to-montenegro\/\">nuestra excursi\u00f3n privada de un d\u00eda completo a Montenegro<\/a>.<\/p>\n<h2><b><strong>Tour privado a pie por el casco antiguo | Puntos de inter\u00e9s y lugares emblem\u00e1ticos<\/strong><\/b><\/h2>\n<p>Este tranquilo recorrido a pie le sumergir\u00e1 en la rica historia, cultura y arquitectura de la ciudad, al tiempo que le ofrecer\u00e1 las opiniones y recomendaciones personalizadas de su gu\u00eda. Al final del recorrido, rel\u00e1jese mientras le trasladamos de vuelta a la terminal de cruceros, garantiz\u00e1ndole una experiencia tranquila y sin complicaciones.<\/p>\n<ul>\n<li><b><strong>Recorrido privado a pie por el casco antiguo<\/strong><\/b>: Explore los monumentos hist\u00f3ricos, las calles con encanto y los lugares de inter\u00e9s cultural con un gu\u00eda profesional especializado.<\/li>\n<li><b><strong>Gu\u00eda local experto<\/strong><\/b>: Disfrute de visiones personalizadas e historias fascinantes sobre la historia, la arquitectura y la cultura de la ciudad.<\/li>\n<li><b><strong>Traslados c\u00f3modos<\/strong><\/b>: Transporte privado de ida y vuelta desde la terminal de cruceros hasta el casco antiguo y viceversa.<\/li>\n<li><b><strong>Experiencia a medida<\/strong><\/b>: Un recorrido privado para usted y su grupo, que permite flexibilidad y un ritmo pausado.<\/li>\n<li><b><strong>Perfecto para pasajeros de cruceros<\/strong><\/b>: La opci\u00f3n ideal para aprovechar al m\u00e1ximo su limitado tiempo en el puerto.<\/li>\n<\/ul>\n<p>Perm\u00edtanos convertir su escala en el puerto de la ciudad en una experiencia memorable repleta de cultura, historia y comodidad sin fisuras.<\/p>\n<p>Descubra la esencia del casco antiguo a su propio ritmo con el compromiso de Tour Travel &amp; More con un servicio de primera y la experiencia local.<\/p>\n","protected":false},"excerpt":{"rendered":"<p>Explore el encanto y la historia del Casco Antiguo de la ciudad con este recorrido privado a pie de 3 horas, perfectamente adaptado a los pasajeros de cruceros. Comience su experiencia con un c\u00f3modo traslado desde el puerto de cruceros hasta el coraz\u00f3n de la ciudad, donde su experto gu\u00eda local le acompa\u00f1ar\u00e1 por las pintorescas calles, los lugares emblem\u00e1ticos y las joyas ocultas que definen el car\u00e1cter \u00fanico del Casco Antiguo.<\/p>\n","protected":false},"featured_media":78048,"comment_status":"open","ping_status":"closed","template":"","meta":{"_acf_changed":false},"product_brand":[],"product_cat":[2083,2084,2085,2097],"product_tag":[],"class_list":{"0":"post-78239","1":"product","2":"type-product","3":"status-publish","4":"has-post-thumbnail","6":"product_cat-dubrovnik-es","7":"product_cat-dubrovnik-actividades-es","8":"product_cat-dubrovnik-excursiones-es","9":"product_cat-dubrovnik-excursiones-privadas-cruceros-es","11":"first","12":"instock","13":"shipping-taxable","14":"purchasable","15":"product-type-simple"},"acf":[],"yoast_head":"<!-- This site is optimized with the Yoast SEO Premium plugin v25.3.1 (Yoast SEO v25.3.1) - https:\/\/yoast.com\/wordpress\/plugins\/seo\/ -->\n<title>\u27a1\ufe0fTour privado a pie por el casco antiguo | Tour Travel &amp; More<\/title>\n<meta name=\"description\" content=\"Disfrute de este Tour Privado por Dubrovnik c\u00f3modo en su veh\u00edculo privado de lujo con chofer. Admire los lugares mas bonitos y exclusivos de esta ciudad \u2705\" \/>\n<meta name=\"robots\" content=\"index, follow, max-snippet:-1, max-image-preview:large, max-video-preview:-1\" \/>\n<link rel=\"canonical\" href=\"https:\/\/tourtravelandmore.com\/es\/tours\/croacia-es\/dubrovnik-es\/dubrovnik-actividades-es\/excursion-privada-a-dubrovnik-por-8-horas\/\" \/>\n<meta property=\"og:locale\" content=\"es_ES\" \/>\n<meta property=\"og:type\" content=\"article\" \/>\n<meta property=\"og:title\" content=\"Tour privado a pie por el casco antiguo con traslado hacia\/desde el puerto\" \/>\n<meta property=\"og:description\" content=\"Disfrute de este Tour Privado por Dubrovnik c\u00f3modo en su veh\u00edculo privado de lujo con chofer. Admire los lugares mas bonitos y exclusivos de esta ciudad \u2705\" \/>\n<meta property=\"og:url\" content=\"https:\/\/tourtravelandmore.com\/es\/tours\/croacia-es\/dubrovnik-es\/dubrovnik-actividades-es\/excursion-privada-a-dubrovnik-por-8-horas\/\" \/>\n<meta property=\"og:site_name\" content=\"Tour Travel And More\" \/>\n<meta property=\"article:publisher\" content=\"https:\/\/www.facebook.com\/tourtravelandmore\/\" \/>\n<meta property=\"article:modified_time\" content=\"2025-05-06T18:58:45+00:00\" \/>\n<meta property=\"og:image\" content=\"https:\/\/tourtravelandmore.com\/wp-content\/uploads\/2020\/03\/24516380305_e5c940dbb9_b.jpg\" \/>\n\t<meta property=\"og:image:width\" content=\"1024\" \/>\n\t<meta property=\"og:image:height\" content=\"683\" \/>\n\t<meta property=\"og:image:type\" content=\"image\/jpeg\" \/>\n<meta name=\"twitter:card\" content=\"summary_large_image\" \/>\n<meta name=\"twitter:site\" content=\"@TourTravel_More\" \/>\n<meta name=\"twitter:label1\" content=\"Tiempo de lectura\" \/>\n\t<meta name=\"twitter:data1\" content=\"2 minutos\" \/>\n<script type=\"application\/ld+json\" class=\"yoast-schema-graph\">{\"@context\":\"https:\/\/schema.org\",\"@graph\":[{\"@type\":\"WebPage\",\"@id\":\"https:\/\/tourtravelandmore.com\/es\/tours\/croacia-es\/dubrovnik-es\/dubrovnik-actividades-es\/excursion-privada-a-dubrovnik-por-8-horas\/\",\"url\":\"https:\/\/tourtravelandmore.com\/es\/tours\/croacia-es\/dubrovnik-es\/dubrovnik-actividades-es\/excursion-privada-a-dubrovnik-por-8-horas\/\",\"name\":\"\u27a1\ufe0fTour privado a pie por el casco antiguo | Tour Travel & More\",\"isPartOf\":{\"@id\":\"https:\/\/tourtravelandmore.com\/es\/#website\"},\"primaryImageOfPage\":{\"@id\":\"https:\/\/tourtravelandmore.com\/es\/tours\/croacia-es\/dubrovnik-es\/dubrovnik-actividades-es\/excursion-privada-a-dubrovnik-por-8-horas\/#primaryimage\"},\"image\":{\"@id\":\"https:\/\/tourtravelandmore.com\/es\/tours\/croacia-es\/dubrovnik-es\/dubrovnik-actividades-es\/excursion-privada-a-dubrovnik-por-8-horas\/#primaryimage\"},\"thumbnailUrl\":\"https:\/\/tourtravelandmore.com\/wp-content\/uploads\/2020\/03\/24516380305_e5c940dbb9_b.jpg\",\"datePublished\":\"2020-03-04T13:00:45+00:00\",\"dateModified\":\"2025-05-06T18:58:45+00:00\",\"description\":\"Disfrute de este Tour Privado por Dubrovnik c\u00f3modo en su veh\u00edculo privado de lujo con chofer. Admire los lugares mas bonitos y exclusivos de esta ciudad \u2705\",\"breadcrumb\":{\"@id\":\"https:\/\/tourtravelandmore.com\/es\/tours\/croacia-es\/dubrovnik-es\/dubrovnik-actividades-es\/excursion-privada-a-dubrovnik-por-8-horas\/#breadcrumb\"},\"inLanguage\":\"es\",\"potentialAction\":[{\"@type\":\"ReadAction\",\"target\":[\"https:\/\/tourtravelandmore.com\/es\/tours\/croacia-es\/dubrovnik-es\/dubrovnik-actividades-es\/excursion-privada-a-dubrovnik-por-8-horas\/\"]}]},{\"@type\":\"ImageObject\",\"inLanguage\":\"es\",\"@id\":\"https:\/\/tourtravelandmore.com\/es\/tours\/croacia-es\/dubrovnik-es\/dubrovnik-actividades-es\/excursion-privada-a-dubrovnik-por-8-horas\/#primaryimage\",\"url\":\"https:\/\/tourtravelandmore.com\/wp-content\/uploads\/2020\/03\/24516380305_e5c940dbb9_b.jpg\",\"contentUrl\":\"https:\/\/tourtravelandmore.com\/wp-content\/uploads\/2020\/03\/24516380305_e5c940dbb9_b.jpg\",\"width\":1024,\"height\":683},{\"@type\":\"BreadcrumbList\",\"@id\":\"https:\/\/tourtravelandmore.com\/es\/tours\/croacia-es\/dubrovnik-es\/dubrovnik-actividades-es\/excursion-privada-a-dubrovnik-por-8-horas\/#breadcrumb\",\"itemListElement\":[{\"@type\":\"ListItem\",\"position\":1,\"name\":\"Home\",\"item\":\"https:\/\/tourtravelandmore.com\/es\/\"},{\"@type\":\"ListItem\",\"position\":2,\"name\":\"Tours\",\"item\":\"https:\/\/tourtravelandmore.com\/es\/tours\/\"},{\"@type\":\"ListItem\",\"position\":3,\"name\":\"Tour privado a pie por el casco antiguo con traslado hacia\/desde el puerto\"}]},{\"@type\":\"WebSite\",\"@id\":\"https:\/\/tourtravelandmore.com\/es\/#website\",\"url\":\"https:\/\/tourtravelandmore.com\/es\/\",\"name\":\"Tour Travel And More\",\"description\":\"Private sightseeing tours and luxury transfers in Spain\",\"publisher\":{\"@id\":\"https:\/\/tourtravelandmore.com\/es\/#organization\"},\"potentialAction\":[{\"@type\":\"SearchAction\",\"target\":{\"@type\":\"EntryPoint\",\"urlTemplate\":\"https:\/\/tourtravelandmore.com\/es\/?s={search_term_string}\"},\"query-input\":{\"@type\":\"PropertyValueSpecification\",\"valueRequired\":true,\"valueName\":\"search_term_string\"}}],\"inLanguage\":\"es\"},{\"@type\":\"Organization\",\"@id\":\"https:\/\/tourtravelandmore.com\/es\/#organization\",\"name\":\"Tour Travel And More\",\"url\":\"https:\/\/tourtravelandmore.com\/es\/\",\"logo\":{\"@type\":\"ImageObject\",\"inLanguage\":\"es\",\"@id\":\"https:\/\/tourtravelandmore.com\/es\/#\/schema\/logo\/image\/\",\"url\":\"https:\/\/tourtravelandmore.com\/wp-content\/uploads\/2022\/12\/cropped-logo-cabecera-new.png\",\"contentUrl\":\"https:\/\/tourtravelandmore.com\/wp-content\/uploads\/2022\/12\/cropped-logo-cabecera-new.png\",\"width\":430,\"height\":61,\"caption\":\"Tour Travel And More\"},\"image\":{\"@id\":\"https:\/\/tourtravelandmore.com\/es\/#\/schema\/logo\/image\/\"},\"sameAs\":[\"https:\/\/www.facebook.com\/tourtravelandmore\/\",\"https:\/\/x.com\/TourTravel_More\"]}]}<\/script>\n<!-- \/ Yoast SEO Premium plugin. -->","yoast_head_json":{"title":"\u27a1\ufe0fTour privado a pie por el casco antiguo | Tour Travel & More","description":"Disfrute de este Tour Privado por Dubrovnik c\u00f3modo en su veh\u00edculo privado de lujo con chofer. Admire los lugares mas bonitos y exclusivos de esta ciudad \u2705","robots":{"index":"index","follow":"follow","max-snippet":"max-snippet:-1","max-image-preview":"max-image-preview:large","max-video-preview":"max-video-preview:-1"},"canonical":"https:\/\/tourtravelandmore.com\/es\/tours\/croacia-es\/dubrovnik-es\/dubrovnik-actividades-es\/excursion-privada-a-dubrovnik-por-8-horas\/","og_locale":"es_ES","og_type":"article","og_title":"Tour privado a pie por el casco antiguo con traslado hacia\/desde el puerto","og_description":"Disfrute de este Tour Privado por Dubrovnik c\u00f3modo en su veh\u00edculo privado de lujo con chofer. Admire los lugares mas bonitos y exclusivos de esta ciudad \u2705","og_url":"https:\/\/tourtravelandmore.com\/es\/tours\/croacia-es\/dubrovnik-es\/dubrovnik-actividades-es\/excursion-privada-a-dubrovnik-por-8-horas\/","og_site_name":"Tour Travel And More","article_publisher":"https:\/\/www.facebook.com\/tourtravelandmore\/","article_modified_time":"2025-05-06T18:58:45+00:00","og_image":[{"width":1024,"height":683,"url":"https:\/\/tourtravelandmore.com\/wp-content\/uploads\/2020\/03\/24516380305_e5c940dbb9_b.jpg","type":"image\/jpeg"}],"twitter_card":"summary_large_image","twitter_site":"@TourTravel_More","twitter_misc":{"Tiempo de lectura":"2 minutos"},"schema":{"@context":"https:\/\/schema.org","@graph":[{"@type":"WebPage","@id":"https:\/\/tourtravelandmore.com\/es\/tours\/croacia-es\/dubrovnik-es\/dubrovnik-actividades-es\/excursion-privada-a-dubrovnik-por-8-horas\/","url":"https:\/\/tourtravelandmore.com\/es\/tours\/croacia-es\/dubrovnik-es\/dubrovnik-actividades-es\/excursion-privada-a-dubrovnik-por-8-horas\/","name":"\u27a1\ufe0fTour privado a pie por el casco antiguo | Tour Travel & More","isPartOf":{"@id":"https:\/\/tourtravelandmore.com\/es\/#website"},"primaryImageOfPage":{"@id":"https:\/\/tourtravelandmore.com\/es\/tours\/croacia-es\/dubrovnik-es\/dubrovnik-actividades-es\/excursion-privada-a-dubrovnik-por-8-horas\/#primaryimage"},"image":{"@id":"https:\/\/tourtravelandmore.com\/es\/tours\/croacia-es\/dubrovnik-es\/dubrovnik-actividades-es\/excursion-privada-a-dubrovnik-por-8-horas\/#primaryimage"},"thumbnailUrl":"https:\/\/tourtravelandmore.com\/wp-content\/uploads\/2020\/03\/24516380305_e5c940dbb9_b.jpg","datePublished":"2020-03-04T13:00:45+00:00","dateModified":"2025-05-06T18:58:45+00:00","description":"Disfrute de este Tour Privado por Dubrovnik c\u00f3modo en su veh\u00edculo privado de lujo con chofer. Admire los lugares mas bonitos y exclusivos de esta ciudad \u2705","breadcrumb":{"@id":"https:\/\/tourtravelandmore.com\/es\/tours\/croacia-es\/dubrovnik-es\/dubrovnik-actividades-es\/excursion-privada-a-dubrovnik-por-8-horas\/#breadcrumb"},"inLanguage":"es","potentialAction":[{"@type":"ReadAction","target":["https:\/\/tourtravelandmore.com\/es\/tours\/croacia-es\/dubrovnik-es\/dubrovnik-actividades-es\/excursion-privada-a-dubrovnik-por-8-horas\/"]}]},{"@type":"ImageObject","inLanguage":"es","@id":"https:\/\/tourtravelandmore.com\/es\/tours\/croacia-es\/dubrovnik-es\/dubrovnik-actividades-es\/excursion-privada-a-dubrovnik-por-8-horas\/#primaryimage","url":"https:\/\/tourtravelandmore.com\/wp-content\/uploads\/2020\/03\/24516380305_e5c940dbb9_b.jpg","contentUrl":"https:\/\/tourtravelandmore.com\/wp-content\/uploads\/2020\/03\/24516380305_e5c940dbb9_b.jpg","width":1024,"height":683},{"@type":"BreadcrumbList","@id":"https:\/\/tourtravelandmore.com\/es\/tours\/croacia-es\/dubrovnik-es\/dubrovnik-actividades-es\/excursion-privada-a-dubrovnik-por-8-horas\/#breadcrumb","itemListElement":[{"@type":"ListItem","position":1,"name":"Home","item":"https:\/\/tourtravelandmore.com\/es\/"},{"@type":"ListItem","position":2,"name":"Tours","item":"https:\/\/tourtravelandmore.com\/es\/tours\/"},{"@type":"ListItem","position":3,"name":"Tour privado a pie por el casco antiguo con traslado hacia\/desde el puerto"}]},{"@type":"WebSite","@id":"https:\/\/tourtravelandmore.com\/es\/#website","url":"https:\/\/tourtravelandmore.com\/es\/","name":"Tour Travel And More","description":"Private sightseeing tours and luxury transfers in Spain","publisher":{"@id":"https:\/\/tourtravelandmore.com\/es\/#organization"},"potentialAction":[{"@type":"SearchAction","target":{"@type":"EntryPoint","urlTemplate":"https:\/\/tourtravelandmore.com\/es\/?s={search_term_string}"},"query-input":{"@type":"PropertyValueSpecification","valueRequired":true,"valueName":"search_term_string"}}],"inLanguage":"es"},{"@type":"Organization","@id":"https:\/\/tourtravelandmore.com\/es\/#organization","name":"Tour Travel And More","url":"https:\/\/tourtravelandmore.com\/es\/","logo":{"@type":"ImageObject","inLanguage":"es","@id":"https:\/\/tourtravelandmore.com\/es\/#\/schema\/logo\/image\/","url":"https:\/\/tourtravelandmore.com\/wp-content\/uploads\/2022\/12\/cropped-logo-cabecera-new.png","contentUrl":"https:\/\/tourtravelandmore.com\/wp-content\/uploads\/2022\/12\/cropped-logo-cabecera-new.png","width":430,"height":61,"caption":"Tour Travel And More"},"image":{"@id":"https:\/\/tourtravelandmore.com\/es\/#\/schema\/logo\/image\/"},"sameAs":["https:\/\/www.facebook.com\/tourtravelandmore\/","https:\/\/x.com\/TourTravel_More"]}]}},"_links":{"self":[{"href":"https:\/\/tourtravelandmore.com\/es\/wp-json\/wp\/v2\/product\/78239","targetHints":{"allow":["GET"]}}],"collection":[{"href":"https:\/\/tourtravelandmore.com\/es\/wp-json\/wp\/v2\/product"}],"about":[{"href":"https:\/\/tourtravelandmore.com\/es\/wp-json\/wp\/v2\/types\/product"}],"replies":[{"embeddable":true,"href":"https:\/\/tourtravelandmore.com\/es\/wp-json\/wp\/v2\/comments?post=78239"}],"wp:featuredmedia":[{"embeddable":true,"href":"https:\/\/tourtravelandmore.com\/es\/wp-json\/wp\/v2\/media\/78048"}],"wp:attachment":[{"href":"https:\/\/tourtravelandmore.com\/es\/wp-json\/wp\/v2\/media?parent=78239"}],"wp:term":[{"taxonomy":"product_brand","embeddable":true,"href":"https:\/\/tourtravelandmore.com\/es\/wp-json\/wp\/v2\/product_brand?post=78239"},{"taxonomy":"product_cat","embeddable":true,"href":"https:\/\/tourtravelandmore.com\/es\/wp-json\/wp\/v2\/product_cat?post=78239"},{"taxonomy":"product_tag","embeddable":true,"href":"https:\/\/tourtravelandmore.com\/es\/wp-json\/wp\/v2\/product_tag?post=78239"}],"curies":[{"name":"wp","href":"https:\/\/api.w.org\/{rel}","templated":true}]}}