{"id":78180,"date":"2020-03-03T17:13:31","date_gmt":"2020-03-03T16:13:32","guid":{"rendered":"https:\/\/tourtravelandmore.com\/?post_type=product&#038;p=78180"},"modified":"2025-05-06T21:08:17","modified_gmt":"2025-05-06T19:08:17","slug":"excursion-privada-de-dia-completo-a-split-desde-dubrovnik","status":"publish","type":"product","link":"https:\/\/tourtravelandmore.com\/es\/tours\/croacia-es\/dubrovnik-es\/dubrovnik-actividades-es\/excursion-privada-de-dia-completo-a-split-desde-dubrovnik\/","title":{"rendered":"Tour Privado desde Dubrovnik a Split"},"content":{"rendered":"<h2><b><strong>Tour privado de Dubrovnik a Split Descripci\u00f3n<\/strong><\/b><\/h2>\n<p>Dubrovnik tiene una ubicaci\u00f3n estrat\u00e9gica que conecta con muchos puntos tur\u00edsticos de la regi\u00f3n. Disfrute de este Tour Privado <b><strong>de<\/strong><\/b> Dubrovnik a Split c\u00f3modamente en su <b><strong>veh\u00edculo privado de lujo<\/strong><\/b>.<\/p>\n<p><b><strong>Split<\/strong><\/b> se encuentra a unos 229 kil\u00f3metros de Dubrovnik, y est\u00e1 situada entre las monta\u00f1as y el hermoso mar Adri\u00e1tico. Fue una ciudad importante en tiempos del Imperio Romano, y hoy en d\u00eda tambi\u00e9n es relevante como pilar econ\u00f3mico de Dalmacia.<\/p>\n<p>A diferencia de Dubrovnik, <b><strong>Split<\/strong><\/b> es una ciudad <b><strong>v<\/strong><\/b>ibrante y moderna<b><strong>.<\/strong><\/b> Hay m\u00e1s lugares para actividades sociales como bares y restaurantes, sin dejar de lado su importante legado hist\u00f3rico romano. Si desea explorar el estilo de vida croata tal y como es, esta excursi\u00f3n se lo permitir\u00e1.<\/p>\n<p>Con esta excursi\u00f3n privada de Dubrovnik a Split, podr\u00e1 explorar una de las ciudades m\u00e1s bellas de Croacia. Tendr\u00e1 a su total disposici\u00f3n un <b><strong>conductor privado de habla inglesa<\/strong><\/b> y un <b><strong>gu\u00eda tur\u00edstico<\/strong><\/b> local para una visita guiada de 2 horas por Split.<\/p>\n<p>Esta excursi\u00f3n \u00fanica de un d\u00eda en total privado para usted y su grupo. Podr\u00e1 elegir el destino de recogida y regreso en Dubrovnik, s\u00f3lo tiene que darnos todos los detalles.<\/p>\n<p>Tenemos muchas opciones de excursiones de d\u00eda completo desde Dubrovnik, por favor investigue nuestra <a href=\"https:\/\/tourtravelandmore.com\/tours\/croatia-en\/dubrovnik-en-croacia-en-croacia-es-croacia-fr-fr\/full-day-private-tour-from-dubrovnik-to-the-kravice-falls-and-mostar\/\">excursi\u00f3n de d\u00eda completo a las cataratas de Kravice y Mostar<\/a>.<\/p>\n<h2><b><strong>Tour privado de Dubrovnik a Split | Puntos de inter\u00e9s y lugares emblem\u00e1ticos<\/strong><\/b><\/h2>\n<p>Su ch\u00f3fer privado le recoger\u00e1 en su hotel o lugar de su elecci\u00f3n en Dubrovnik. Una vez en el veh\u00edculo, dedicar\u00e1 las siguientes 2 horas a llegar a la ciudad de Split. Durante el trayecto, su ch\u00f3fer le ilustrar\u00e1 con datos importantes de esta ciudad.<\/p>\n<p>Una vez en Split, se reunir\u00e1 con su gu\u00eda oficial local para realizar una visita guiada de 2 horas. Nuestro gu\u00eda es totalmente profesional y est\u00e1 lleno de conocimientos sobre esta incre\u00edble ciudad.<\/p>\n<p>En primer lugar, le recomendamos comenzar el viaje desde <b><strong>Riva<\/strong><\/b>, por lo que \u00e9sta ser\u00eda la primera parada. El paseo mar\u00edtimo de Split, con sus coloridos edificios y su contacto directo con el mar Adri\u00e1tico, le mostrar\u00e1 parte de la caracter\u00edstica vida social que se respira en Split.<\/p>\n<p>En segundo lugar, atravesando la muralla, encontrar\u00e1 <a href=\"http:\/\/www.diocletianspalace.org\/Split-Access.html\">el Palacio de Diocleciano<\/a>, <b><strong>declarado Patrimonio de la Humanidad por la UNESCO.<\/strong><\/b> Este palacio fue construido por el emperador romano Diocleciano en el a\u00f1o 305 d.C. para pasar sus \u00faltimos a\u00f1os rodeado de lujo. Su historia y sus estructuras est\u00e1n pr\u00e1cticamente intactas.<\/p>\n<p>Otro lugar hist\u00f3rico muy importante de Split, es la <b><strong>Catedral de San Domnius<\/strong><\/b>, situada dentro del Palacio de Diocleciano. Ser\u00e1 testigo de la <b><strong>catedral cat\u00f3lica m\u00e1s antigua<\/strong><\/b> <b><strong>del mundo<\/strong><\/b>, construida en el siglo VII. No olvide subir <b><strong>al campanario<\/strong><\/b> para tener una vista inigualable de toda la ciudad de Split.<\/p>\n<p>Desde all\u00ed, una visita obligada es el<b><strong> casco antiguo de Split<\/strong><\/b>, donde se desarrolla la mayor parte de la vida urbana de la ciudad y donde podr\u00eda pasar horas paseando. Aqu\u00ed hay una gran variedad de caf\u00e9s y restaurantes por toda la zona, pero especialmente alrededor de la <b><strong>Plaza del Pueblo<\/strong><\/b>, m\u00e1s conocida como <b><strong>Pjaca<\/strong><\/b>, el principal punto de referencia del casco antiguo.<\/p>\n<p>Por \u00faltimo, su ch\u00f3fer privado le llevar\u00e1 de vuelta a su punto de partida en Dubrovnik. Pasar\u00e1 un d\u00eda \u00fanico lleno de experiencias.<\/p>\n","protected":false},"excerpt":{"rendered":"<p>Dubrovnik tiene una ubicaci\u00f3n estrat\u00e9gica que conecta con muchos puntos tur\u00edsticos de la regi\u00f3n. Disfrute de este Tour Privado <b><strong>de<\/strong><\/b> Dubrovnik a Split c\u00f3modamente en su <b><strong>veh\u00edculo privado de lujo<\/strong><\/b>.<\/p>\n","protected":false},"featured_media":78194,"comment_status":"open","ping_status":"closed","template":"","meta":{"_acf_changed":false},"product_brand":[],"product_cat":[2083,2084,2085],"product_tag":[],"class_list":{"0":"post-78180","1":"product","2":"type-product","3":"status-publish","4":"has-post-thumbnail","6":"product_cat-dubrovnik-es","7":"product_cat-dubrovnik-actividades-es","8":"product_cat-dubrovnik-excursiones-es","10":"first","11":"instock","12":"shipping-taxable","13":"purchasable","14":"product-type-simple"},"acf":[],"yoast_head":"<!-- This site is optimized with the Yoast SEO Premium plugin v25.3.1 (Yoast SEO v25.3.1) - https:\/\/yoast.com\/wordpress\/plugins\/seo\/ -->\n<title>\u27a1\ufe0f Tour Privado desde Dubrovnik a Split en veh\u00edculo privado de lujo | Tour Travel &amp; More<\/title>\n<meta name=\"description\" content=\"Tour privado que os acercar\u00e1 a Split desde Dubrovnik para explorar sus maravillosos monumentos. Guia local y chofer privado a su entera disposici\u00f3n \u2705\" \/>\n<meta name=\"robots\" content=\"index, follow, max-snippet:-1, max-image-preview:large, max-video-preview:-1\" \/>\n<link rel=\"canonical\" href=\"https:\/\/tourtravelandmore.com\/es\/tours\/croacia-es\/dubrovnik-es\/dubrovnik-actividades-es\/excursion-privada-de-dia-completo-a-split-desde-dubrovnik\/\" \/>\n<meta property=\"og:locale\" content=\"es_ES\" \/>\n<meta property=\"og:type\" content=\"article\" \/>\n<meta property=\"og:title\" content=\"Tour Privado desde Dubrovnik a Split\" \/>\n<meta property=\"og:description\" content=\"Tour privado que os acercar\u00e1 a Split desde Dubrovnik para explorar sus maravillosos monumentos. Guia local y chofer privado a su entera disposici\u00f3n \u2705\" \/>\n<meta property=\"og:url\" content=\"https:\/\/tourtravelandmore.com\/es\/tours\/croacia-es\/dubrovnik-es\/dubrovnik-actividades-es\/excursion-privada-de-dia-completo-a-split-desde-dubrovnik\/\" \/>\n<meta property=\"og:site_name\" content=\"Tour Travel And More\" \/>\n<meta property=\"article:publisher\" content=\"https:\/\/www.facebook.com\/tourtravelandmore\/\" \/>\n<meta property=\"article:modified_time\" content=\"2025-05-06T19:08:17+00:00\" \/>\n<meta property=\"og:image\" content=\"https:\/\/tourtravelandmore.com\/wp-content\/uploads\/2020\/03\/split-1272629_960_720.jpg\" \/>\n\t<meta property=\"og:image:width\" content=\"960\" \/>\n\t<meta property=\"og:image:height\" content=\"640\" \/>\n\t<meta property=\"og:image:type\" content=\"image\/jpeg\" \/>\n<meta name=\"twitter:card\" content=\"summary_large_image\" \/>\n<meta name=\"twitter:site\" content=\"@TourTravel_More\" \/>\n<meta name=\"twitter:label1\" content=\"Tiempo de lectura\" \/>\n\t<meta name=\"twitter:data1\" content=\"3 minutos\" \/>\n<script type=\"application\/ld+json\" class=\"yoast-schema-graph\">{\"@context\":\"https:\/\/schema.org\",\"@graph\":[{\"@type\":\"WebPage\",\"@id\":\"https:\/\/tourtravelandmore.com\/es\/tours\/croacia-es\/dubrovnik-es\/dubrovnik-actividades-es\/excursion-privada-de-dia-completo-a-split-desde-dubrovnik\/\",\"url\":\"https:\/\/tourtravelandmore.com\/es\/tours\/croacia-es\/dubrovnik-es\/dubrovnik-actividades-es\/excursion-privada-de-dia-completo-a-split-desde-dubrovnik\/\",\"name\":\"\u27a1\ufe0f Tour Privado desde Dubrovnik a Split en veh\u00edculo privado de lujo | Tour Travel & More\",\"isPartOf\":{\"@id\":\"https:\/\/tourtravelandmore.com\/es\/#website\"},\"primaryImageOfPage\":{\"@id\":\"https:\/\/tourtravelandmore.com\/es\/tours\/croacia-es\/dubrovnik-es\/dubrovnik-actividades-es\/excursion-privada-de-dia-completo-a-split-desde-dubrovnik\/#primaryimage\"},\"image\":{\"@id\":\"https:\/\/tourtravelandmore.com\/es\/tours\/croacia-es\/dubrovnik-es\/dubrovnik-actividades-es\/excursion-privada-de-dia-completo-a-split-desde-dubrovnik\/#primaryimage\"},\"thumbnailUrl\":\"https:\/\/tourtravelandmore.com\/wp-content\/uploads\/2020\/03\/split-1272629_960_720.jpg\",\"datePublished\":\"2020-03-03T16:13:32+00:00\",\"dateModified\":\"2025-05-06T19:08:17+00:00\",\"description\":\"Tour privado que os acercar\u00e1 a Split desde Dubrovnik para explorar sus maravillosos monumentos. Guia local y chofer privado a su entera disposici\u00f3n \u2705\",\"breadcrumb\":{\"@id\":\"https:\/\/tourtravelandmore.com\/es\/tours\/croacia-es\/dubrovnik-es\/dubrovnik-actividades-es\/excursion-privada-de-dia-completo-a-split-desde-dubrovnik\/#breadcrumb\"},\"inLanguage\":\"es\",\"potentialAction\":[{\"@type\":\"ReadAction\",\"target\":[\"https:\/\/tourtravelandmore.com\/es\/tours\/croacia-es\/dubrovnik-es\/dubrovnik-actividades-es\/excursion-privada-de-dia-completo-a-split-desde-dubrovnik\/\"]}]},{\"@type\":\"ImageObject\",\"inLanguage\":\"es\",\"@id\":\"https:\/\/tourtravelandmore.com\/es\/tours\/croacia-es\/dubrovnik-es\/dubrovnik-actividades-es\/excursion-privada-de-dia-completo-a-split-desde-dubrovnik\/#primaryimage\",\"url\":\"https:\/\/tourtravelandmore.com\/wp-content\/uploads\/2020\/03\/split-1272629_960_720.jpg\",\"contentUrl\":\"https:\/\/tourtravelandmore.com\/wp-content\/uploads\/2020\/03\/split-1272629_960_720.jpg\",\"width\":960,\"height\":640},{\"@type\":\"BreadcrumbList\",\"@id\":\"https:\/\/tourtravelandmore.com\/es\/tours\/croacia-es\/dubrovnik-es\/dubrovnik-actividades-es\/excursion-privada-de-dia-completo-a-split-desde-dubrovnik\/#breadcrumb\",\"itemListElement\":[{\"@type\":\"ListItem\",\"position\":1,\"name\":\"Home\",\"item\":\"https:\/\/tourtravelandmore.com\/es\/\"},{\"@type\":\"ListItem\",\"position\":2,\"name\":\"Tours\",\"item\":\"https:\/\/tourtravelandmore.com\/es\/tours\/\"},{\"@type\":\"ListItem\",\"position\":3,\"name\":\"Tour Privado desde Dubrovnik a Split\"}]},{\"@type\":\"WebSite\",\"@id\":\"https:\/\/tourtravelandmore.com\/es\/#website\",\"url\":\"https:\/\/tourtravelandmore.com\/es\/\",\"name\":\"Tour Travel And More\",\"description\":\"Private sightseeing tours and luxury transfers in Spain\",\"publisher\":{\"@id\":\"https:\/\/tourtravelandmore.com\/es\/#organization\"},\"potentialAction\":[{\"@type\":\"SearchAction\",\"target\":{\"@type\":\"EntryPoint\",\"urlTemplate\":\"https:\/\/tourtravelandmore.com\/es\/?s={search_term_string}\"},\"query-input\":{\"@type\":\"PropertyValueSpecification\",\"valueRequired\":true,\"valueName\":\"search_term_string\"}}],\"inLanguage\":\"es\"},{\"@type\":\"Organization\",\"@id\":\"https:\/\/tourtravelandmore.com\/es\/#organization\",\"name\":\"Tour Travel And More\",\"url\":\"https:\/\/tourtravelandmore.com\/es\/\",\"logo\":{\"@type\":\"ImageObject\",\"inLanguage\":\"es\",\"@id\":\"https:\/\/tourtravelandmore.com\/es\/#\/schema\/logo\/image\/\",\"url\":\"https:\/\/tourtravelandmore.com\/wp-content\/uploads\/2022\/12\/cropped-logo-cabecera-new.png\",\"contentUrl\":\"https:\/\/tourtravelandmore.com\/wp-content\/uploads\/2022\/12\/cropped-logo-cabecera-new.png\",\"width\":430,\"height\":61,\"caption\":\"Tour Travel And More\"},\"image\":{\"@id\":\"https:\/\/tourtravelandmore.com\/es\/#\/schema\/logo\/image\/\"},\"sameAs\":[\"https:\/\/www.facebook.com\/tourtravelandmore\/\",\"https:\/\/x.com\/TourTravel_More\"]}]}<\/script>\n<!-- \/ Yoast SEO Premium plugin. -->","yoast_head_json":{"title":"\u27a1\ufe0f Tour Privado desde Dubrovnik a Split en veh\u00edculo privado de lujo | Tour Travel & More","description":"Tour privado que os acercar\u00e1 a Split desde Dubrovnik para explorar sus maravillosos monumentos. Guia local y chofer privado a su entera disposici\u00f3n \u2705","robots":{"index":"index","follow":"follow","max-snippet":"max-snippet:-1","max-image-preview":"max-image-preview:large","max-video-preview":"max-video-preview:-1"},"canonical":"https:\/\/tourtravelandmore.com\/es\/tours\/croacia-es\/dubrovnik-es\/dubrovnik-actividades-es\/excursion-privada-de-dia-completo-a-split-desde-dubrovnik\/","og_locale":"es_ES","og_type":"article","og_title":"Tour Privado desde Dubrovnik a Split","og_description":"Tour privado que os acercar\u00e1 a Split desde Dubrovnik para explorar sus maravillosos monumentos. Guia local y chofer privado a su entera disposici\u00f3n \u2705","og_url":"https:\/\/tourtravelandmore.com\/es\/tours\/croacia-es\/dubrovnik-es\/dubrovnik-actividades-es\/excursion-privada-de-dia-completo-a-split-desde-dubrovnik\/","og_site_name":"Tour Travel And More","article_publisher":"https:\/\/www.facebook.com\/tourtravelandmore\/","article_modified_time":"2025-05-06T19:08:17+00:00","og_image":[{"width":960,"height":640,"url":"https:\/\/tourtravelandmore.com\/wp-content\/uploads\/2020\/03\/split-1272629_960_720.jpg","type":"image\/jpeg"}],"twitter_card":"summary_large_image","twitter_site":"@TourTravel_More","twitter_misc":{"Tiempo de lectura":"3 minutos"},"schema":{"@context":"https:\/\/schema.org","@graph":[{"@type":"WebPage","@id":"https:\/\/tourtravelandmore.com\/es\/tours\/croacia-es\/dubrovnik-es\/dubrovnik-actividades-es\/excursion-privada-de-dia-completo-a-split-desde-dubrovnik\/","url":"https:\/\/tourtravelandmore.com\/es\/tours\/croacia-es\/dubrovnik-es\/dubrovnik-actividades-es\/excursion-privada-de-dia-completo-a-split-desde-dubrovnik\/","name":"\u27a1\ufe0f Tour Privado desde Dubrovnik a Split en veh\u00edculo privado de lujo | Tour Travel & More","isPartOf":{"@id":"https:\/\/tourtravelandmore.com\/es\/#website"},"primaryImageOfPage":{"@id":"https:\/\/tourtravelandmore.com\/es\/tours\/croacia-es\/dubrovnik-es\/dubrovnik-actividades-es\/excursion-privada-de-dia-completo-a-split-desde-dubrovnik\/#primaryimage"},"image":{"@id":"https:\/\/tourtravelandmore.com\/es\/tours\/croacia-es\/dubrovnik-es\/dubrovnik-actividades-es\/excursion-privada-de-dia-completo-a-split-desde-dubrovnik\/#primaryimage"},"thumbnailUrl":"https:\/\/tourtravelandmore.com\/wp-content\/uploads\/2020\/03\/split-1272629_960_720.jpg","datePublished":"2020-03-03T16:13:32+00:00","dateModified":"2025-05-06T19:08:17+00:00","description":"Tour privado que os acercar\u00e1 a Split desde Dubrovnik para explorar sus maravillosos monumentos. Guia local y chofer privado a su entera disposici\u00f3n \u2705","breadcrumb":{"@id":"https:\/\/tourtravelandmore.com\/es\/tours\/croacia-es\/dubrovnik-es\/dubrovnik-actividades-es\/excursion-privada-de-dia-completo-a-split-desde-dubrovnik\/#breadcrumb"},"inLanguage":"es","potentialAction":[{"@type":"ReadAction","target":["https:\/\/tourtravelandmore.com\/es\/tours\/croacia-es\/dubrovnik-es\/dubrovnik-actividades-es\/excursion-privada-de-dia-completo-a-split-desde-dubrovnik\/"]}]},{"@type":"ImageObject","inLanguage":"es","@id":"https:\/\/tourtravelandmore.com\/es\/tours\/croacia-es\/dubrovnik-es\/dubrovnik-actividades-es\/excursion-privada-de-dia-completo-a-split-desde-dubrovnik\/#primaryimage","url":"https:\/\/tourtravelandmore.com\/wp-content\/uploads\/2020\/03\/split-1272629_960_720.jpg","contentUrl":"https:\/\/tourtravelandmore.com\/wp-content\/uploads\/2020\/03\/split-1272629_960_720.jpg","width":960,"height":640},{"@type":"BreadcrumbList","@id":"https:\/\/tourtravelandmore.com\/es\/tours\/croacia-es\/dubrovnik-es\/dubrovnik-actividades-es\/excursion-privada-de-dia-completo-a-split-desde-dubrovnik\/#breadcrumb","itemListElement":[{"@type":"ListItem","position":1,"name":"Home","item":"https:\/\/tourtravelandmore.com\/es\/"},{"@type":"ListItem","position":2,"name":"Tours","item":"https:\/\/tourtravelandmore.com\/es\/tours\/"},{"@type":"ListItem","position":3,"name":"Tour Privado desde Dubrovnik a Split"}]},{"@type":"WebSite","@id":"https:\/\/tourtravelandmore.com\/es\/#website","url":"https:\/\/tourtravelandmore.com\/es\/","name":"Tour Travel And More","description":"Private sightseeing tours and luxury transfers in Spain","publisher":{"@id":"https:\/\/tourtravelandmore.com\/es\/#organization"},"potentialAction":[{"@type":"SearchAction","target":{"@type":"EntryPoint","urlTemplate":"https:\/\/tourtravelandmore.com\/es\/?s={search_term_string}"},"query-input":{"@type":"PropertyValueSpecification","valueRequired":true,"valueName":"search_term_string"}}],"inLanguage":"es"},{"@type":"Organization","@id":"https:\/\/tourtravelandmore.com\/es\/#organization","name":"Tour Travel And More","url":"https:\/\/tourtravelandmore.com\/es\/","logo":{"@type":"ImageObject","inLanguage":"es","@id":"https:\/\/tourtravelandmore.com\/es\/#\/schema\/logo\/image\/","url":"https:\/\/tourtravelandmore.com\/wp-content\/uploads\/2022\/12\/cropped-logo-cabecera-new.png","contentUrl":"https:\/\/tourtravelandmore.com\/wp-content\/uploads\/2022\/12\/cropped-logo-cabecera-new.png","width":430,"height":61,"caption":"Tour Travel And More"},"image":{"@id":"https:\/\/tourtravelandmore.com\/es\/#\/schema\/logo\/image\/"},"sameAs":["https:\/\/www.facebook.com\/tourtravelandmore\/","https:\/\/x.com\/TourTravel_More"]}]}},"_links":{"self":[{"href":"https:\/\/tourtravelandmore.com\/es\/wp-json\/wp\/v2\/product\/78180","targetHints":{"allow":["GET"]}}],"collection":[{"href":"https:\/\/tourtravelandmore.com\/es\/wp-json\/wp\/v2\/product"}],"about":[{"href":"https:\/\/tourtravelandmore.com\/es\/wp-json\/wp\/v2\/types\/product"}],"replies":[{"embeddable":true,"href":"https:\/\/tourtravelandmore.com\/es\/wp-json\/wp\/v2\/comments?post=78180"}],"wp:featuredmedia":[{"embeddable":true,"href":"https:\/\/tourtravelandmore.com\/es\/wp-json\/wp\/v2\/media\/78194"}],"wp:attachment":[{"href":"https:\/\/tourtravelandmore.com\/es\/wp-json\/wp\/v2\/media?parent=78180"}],"wp:term":[{"taxonomy":"product_brand","embeddable":true,"href":"https:\/\/tourtravelandmore.com\/es\/wp-json\/wp\/v2\/product_brand?post=78180"},{"taxonomy":"product_cat","embeddable":true,"href":"https:\/\/tourtravelandmore.com\/es\/wp-json\/wp\/v2\/product_cat?post=78180"},{"taxonomy":"product_tag","embeddable":true,"href":"https:\/\/tourtravelandmore.com\/es\/wp-json\/wp\/v2\/product_tag?post=78180"}],"curies":[{"name":"wp","href":"https:\/\/api.w.org\/{rel}","templated":true}]}}