{"id":78154,"date":"2020-03-03T16:56:47","date_gmt":"2020-03-03T15:56:49","guid":{"rendered":"https:\/\/tourtravelandmore.com\/?post_type=product&#038;p=78154"},"modified":"2025-05-07T15:22:35","modified_gmt":"2025-05-07T13:22:35","slug":"excursion-privada-de-dia-completo-a-cataratas-de-kravice-mostar-desde-dubrovnik","status":"publish","type":"product","link":"https:\/\/tourtravelandmore.com\/es\/tours\/croacia-es\/dubrovnik-es\/dubrovnik-actividades-es\/excursion-privada-de-dia-completo-a-cataratas-de-kravice-mostar-desde-dubrovnik\/","title":{"rendered":"Tour privado a las Cataratas de Kravice y a Mostar desde Dubrovnik"},"content":{"rendered":"<h2><b><strong>Tour privado a las cataratas de Kravice y Mostar desde Dubrovnik Descripci\u00f3n<\/strong><\/b><\/h2>\n<p>Si ya ha viajado a los lugares m\u00e1s bellos de Dubrovnik, no puede perderse este <b>tour privado a las cataratas de Kravice y Mostar desde Dubrovnik<\/b>. Pase un d\u00eda en este hermoso rinc\u00f3n de Bosnia-Herzegovina acompa\u00f1ado por un <b>gu\u00eda oficial<\/b> local.<\/p>\n<p>A orillas del r\u00edo Neretva, en el sur de Bosnia-Herzegovina, se encuentra la hermosa ciudad de <b>Mostar<\/b>. Un lugar multi\u00e9tnico donde conviven bosnios, croatas y musulmanes. Mostar es conocida por su casco antiguo, declarado <b>Patrimonio de la Humanidad por la UNESCO<\/b>, y especialmente por su antiguo puente.<\/p>\n<p>El lugar cubre las aguas verde esmeralda del Neretva y conecta el este y el oeste de una ciudad ahora dividida \u00e9tnicamente entre bosnios y croatas.<\/p>\n<p>Esta es la mejor manera de embarcarse en un viaje lleno de aventuras y de llevarse recuerdos inolvidables. Descubra una ciudad llena de historia en esta excursi\u00f3n privada a las cataratas de Kravice y Mostar.<\/p>\n<p>Su<b> conductor privado<\/b> estar\u00e1 a su entera disposici\u00f3n durante toda la excursi\u00f3n. La excursi\u00f3n tiene una duraci\u00f3n total de 9 horas desde el momento de la recogida y el regreso a bordo de su <b>veh\u00edculo privado de lujo<\/b>.<\/p>\n<h2><b><strong>Tour privado a las cataratas de Kravice y Mostar desde Dubrovnik | Puntos de inter\u00e9s y lugares emblem\u00e1ticos<\/strong><\/b><\/h2>\n<p>En primer lugar, se reunir\u00e1 con su conductor privado en el lugar que desee en Dubrovnik para comenzar un d\u00eda lleno de aventuras.<\/p>\n<p>Despu\u00e9s de cruzar la frontera croata, se reunir\u00e1 con su gu\u00eda tur\u00edstico oficial privado para realizar una visita guiada de 90 minutos. Nuestros gu\u00edas oficiales son profesionales y conocen muy bien la ciudad y sus alrededores.<\/p>\n<p>A continuaci\u00f3n, har\u00e1 una parada para admirar la grandeza de estas cascadas de aguas cristalinas de 25 metros de altura formadas por el <b>r\u00edo Trebi\u017eat<\/b>. Una vez all\u00ed, sus ojos quedar\u00e1n fascinados por los impresionantes tonos verdes y la naturaleza virgen que rodea el lugar.<\/p>\n<p>De camino a Mostar, encontrar\u00e1 el <b>r\u00edo Neretva.<\/b> Una vez en Mostar, visitar\u00e1 el <b>casco antiguo<\/b>, donde descubrir\u00e1 una ciudad llena de contrastes, rica en cultura y dividida por un r\u00edo. Aqu\u00ed se encontrar\u00e1 con el popular \u00ab<a href=\"https:\/\/whc.unesco.org\/en\/list\/946\/\">Stari Most<\/a>\u00bb, un puente medieval de un solo arco con una historia impresionante.<\/p>\n<p>Tambi\u00e9n puede visitar la <b>casa Biscevic en Mostar<\/b>, una antigua construcci\u00f3n de la \u00e9poca turca del siglo XVII. Es adem\u00e1s el museo m\u00e1s visitado de esta hermosa ciudad.<\/p>\n<p>En tercer lugar, no se pierda un paseo por las estrechas calles llenas de tiendas y restaurantes. A continuaci\u00f3n, solo tendr\u00e1 que subir unos escalones para llegar al incre\u00edble <b>minarete de Koski Mehmed-Pasha<\/b>, que ofrece una magn\u00edfica vista de esta ciudad.<\/p>\n<p>Por \u00faltimo, su conductor privado en ingl\u00e9s le llevar\u00e1 de vuelta a su hotel o punto de partida en Dubrovnik. Si lo prefiere, tambi\u00e9n ofrecemos <a href=\"https:\/\/tourtravelandmore.com\/tours\/croatia-en\/dubrovnik-en-croacia-en-croacia-es-croacia-fr-fr\/private-full-day-tour-from-dubrovnik-to-split\/\">excursiones privadas de d\u00eda completo a Split desde Dubrovnik<\/a>, \u00a1eche un vistazo!<\/p>\n","protected":false},"excerpt":{"rendered":"<p>Disfrute de este tour privado de un d\u00eda completo a las <strong>Cataratas Kravice y Mostar desde Dubrovnik<\/strong> c\u00f3modamente en un veh\u00edculo de lujo privado. Debe saber que <strong>Tour Travel &amp; More<\/strong> le permite planificar, modificar y ajustar su programa de viajes. Sin embargo, su gu\u00eda privado oficial siempre tendr\u00e1 a mano un plan de viaje, si as\u00ed lo prefiere. Puede realizar este recorrido con un conductor\/gu\u00eda privado o con un conductor en ingl\u00e9s y un gu\u00eda tur\u00edstico local en Mostar.<\/p>\n","protected":false},"featured_media":78164,"comment_status":"open","ping_status":"closed","template":"","meta":{"_acf_changed":false},"product_brand":[],"product_cat":[2083,2084,2085],"product_tag":[],"class_list":{"0":"post-78154","1":"product","2":"type-product","3":"status-publish","4":"has-post-thumbnail","6":"product_cat-dubrovnik-es","7":"product_cat-dubrovnik-actividades-es","8":"product_cat-dubrovnik-excursiones-es","10":"first","11":"instock","12":"shipping-taxable","13":"purchasable","14":"product-type-simple"},"acf":[],"yoast_head":"<!-- This site is optimized with the Yoast SEO Premium plugin v25.3.1 (Yoast SEO v25.3.1) - https:\/\/yoast.com\/wordpress\/plugins\/seo\/ -->\n<title>\u27a1\ufe0f Tour Privado a las Cataratas de Kravice y a Mostar desde Dubrovnik | Tour Travel &amp; More<\/title>\n<meta name=\"description\" content=\"Disfrute de este Tour Privado a las Cataratas de Kravice y a Mostar desde Dubrovnik junto a su chofer de habla inglesa y gu\u00eda local privado \u2705\" \/>\n<meta name=\"robots\" content=\"index, follow, max-snippet:-1, max-image-preview:large, max-video-preview:-1\" \/>\n<link rel=\"canonical\" href=\"https:\/\/tourtravelandmore.com\/es\/tours\/croacia-es\/dubrovnik-es\/dubrovnik-actividades-es\/excursion-privada-de-dia-completo-a-cataratas-de-kravice-mostar-desde-dubrovnik\/\" \/>\n<meta property=\"og:locale\" content=\"es_ES\" \/>\n<meta property=\"og:type\" content=\"article\" \/>\n<meta property=\"og:title\" content=\"Tour privado a las Cataratas de Kravice y a Mostar desde Dubrovnik\" \/>\n<meta property=\"og:description\" content=\"Disfrute de este Tour Privado a las Cataratas de Kravice y a Mostar desde Dubrovnik junto a su chofer de habla inglesa y gu\u00eda local privado \u2705\" \/>\n<meta property=\"og:url\" content=\"https:\/\/tourtravelandmore.com\/es\/tours\/croacia-es\/dubrovnik-es\/dubrovnik-actividades-es\/excursion-privada-de-dia-completo-a-cataratas-de-kravice-mostar-desde-dubrovnik\/\" \/>\n<meta property=\"og:site_name\" content=\"Tour Travel And More\" \/>\n<meta property=\"article:publisher\" content=\"https:\/\/www.facebook.com\/tourtravelandmore\/\" \/>\n<meta property=\"article:modified_time\" content=\"2025-05-07T13:22:35+00:00\" \/>\n<meta property=\"og:image\" content=\"https:\/\/tourtravelandmore.com\/wp-content\/uploads\/2020\/03\/bosnia-and-herzegovina-studenci-kravica-waterfall.jpg\" \/>\n\t<meta property=\"og:image:width\" content=\"910\" \/>\n\t<meta property=\"og:image:height\" content=\"683\" \/>\n\t<meta property=\"og:image:type\" content=\"image\/jpeg\" \/>\n<meta name=\"twitter:card\" content=\"summary_large_image\" \/>\n<meta name=\"twitter:site\" content=\"@TourTravel_More\" \/>\n<meta name=\"twitter:label1\" content=\"Tiempo de lectura\" \/>\n\t<meta name=\"twitter:data1\" content=\"3 minutos\" \/>\n<script type=\"application\/ld+json\" class=\"yoast-schema-graph\">{\"@context\":\"https:\/\/schema.org\",\"@graph\":[{\"@type\":\"WebPage\",\"@id\":\"https:\/\/tourtravelandmore.com\/es\/tours\/croacia-es\/dubrovnik-es\/dubrovnik-actividades-es\/excursion-privada-de-dia-completo-a-cataratas-de-kravice-mostar-desde-dubrovnik\/\",\"url\":\"https:\/\/tourtravelandmore.com\/es\/tours\/croacia-es\/dubrovnik-es\/dubrovnik-actividades-es\/excursion-privada-de-dia-completo-a-cataratas-de-kravice-mostar-desde-dubrovnik\/\",\"name\":\"\u27a1\ufe0f Tour Privado a las Cataratas de Kravice y a Mostar desde Dubrovnik | Tour Travel & More\",\"isPartOf\":{\"@id\":\"https:\/\/tourtravelandmore.com\/es\/#website\"},\"primaryImageOfPage\":{\"@id\":\"https:\/\/tourtravelandmore.com\/es\/tours\/croacia-es\/dubrovnik-es\/dubrovnik-actividades-es\/excursion-privada-de-dia-completo-a-cataratas-de-kravice-mostar-desde-dubrovnik\/#primaryimage\"},\"image\":{\"@id\":\"https:\/\/tourtravelandmore.com\/es\/tours\/croacia-es\/dubrovnik-es\/dubrovnik-actividades-es\/excursion-privada-de-dia-completo-a-cataratas-de-kravice-mostar-desde-dubrovnik\/#primaryimage\"},\"thumbnailUrl\":\"https:\/\/tourtravelandmore.com\/wp-content\/uploads\/2020\/03\/bosnia-and-herzegovina-studenci-kravica-waterfall.jpg\",\"datePublished\":\"2020-03-03T15:56:49+00:00\",\"dateModified\":\"2025-05-07T13:22:35+00:00\",\"description\":\"Disfrute de este Tour Privado a las Cataratas de Kravice y a Mostar desde Dubrovnik junto a su chofer de habla inglesa y gu\u00eda local privado \u2705\",\"breadcrumb\":{\"@id\":\"https:\/\/tourtravelandmore.com\/es\/tours\/croacia-es\/dubrovnik-es\/dubrovnik-actividades-es\/excursion-privada-de-dia-completo-a-cataratas-de-kravice-mostar-desde-dubrovnik\/#breadcrumb\"},\"inLanguage\":\"es\",\"potentialAction\":[{\"@type\":\"ReadAction\",\"target\":[\"https:\/\/tourtravelandmore.com\/es\/tours\/croacia-es\/dubrovnik-es\/dubrovnik-actividades-es\/excursion-privada-de-dia-completo-a-cataratas-de-kravice-mostar-desde-dubrovnik\/\"]}]},{\"@type\":\"ImageObject\",\"inLanguage\":\"es\",\"@id\":\"https:\/\/tourtravelandmore.com\/es\/tours\/croacia-es\/dubrovnik-es\/dubrovnik-actividades-es\/excursion-privada-de-dia-completo-a-cataratas-de-kravice-mostar-desde-dubrovnik\/#primaryimage\",\"url\":\"https:\/\/tourtravelandmore.com\/wp-content\/uploads\/2020\/03\/bosnia-and-herzegovina-studenci-kravica-waterfall.jpg\",\"contentUrl\":\"https:\/\/tourtravelandmore.com\/wp-content\/uploads\/2020\/03\/bosnia-and-herzegovina-studenci-kravica-waterfall.jpg\",\"width\":910,\"height\":683},{\"@type\":\"BreadcrumbList\",\"@id\":\"https:\/\/tourtravelandmore.com\/es\/tours\/croacia-es\/dubrovnik-es\/dubrovnik-actividades-es\/excursion-privada-de-dia-completo-a-cataratas-de-kravice-mostar-desde-dubrovnik\/#breadcrumb\",\"itemListElement\":[{\"@type\":\"ListItem\",\"position\":1,\"name\":\"Home\",\"item\":\"https:\/\/tourtravelandmore.com\/es\/\"},{\"@type\":\"ListItem\",\"position\":2,\"name\":\"Tours\",\"item\":\"https:\/\/tourtravelandmore.com\/es\/tours\/\"},{\"@type\":\"ListItem\",\"position\":3,\"name\":\"Tour privado a las Cataratas de Kravice y a Mostar desde Dubrovnik\"}]},{\"@type\":\"WebSite\",\"@id\":\"https:\/\/tourtravelandmore.com\/es\/#website\",\"url\":\"https:\/\/tourtravelandmore.com\/es\/\",\"name\":\"Tour Travel And More\",\"description\":\"Private sightseeing tours and luxury transfers in Spain\",\"publisher\":{\"@id\":\"https:\/\/tourtravelandmore.com\/es\/#organization\"},\"potentialAction\":[{\"@type\":\"SearchAction\",\"target\":{\"@type\":\"EntryPoint\",\"urlTemplate\":\"https:\/\/tourtravelandmore.com\/es\/?s={search_term_string}\"},\"query-input\":{\"@type\":\"PropertyValueSpecification\",\"valueRequired\":true,\"valueName\":\"search_term_string\"}}],\"inLanguage\":\"es\"},{\"@type\":\"Organization\",\"@id\":\"https:\/\/tourtravelandmore.com\/es\/#organization\",\"name\":\"Tour Travel And More\",\"url\":\"https:\/\/tourtravelandmore.com\/es\/\",\"logo\":{\"@type\":\"ImageObject\",\"inLanguage\":\"es\",\"@id\":\"https:\/\/tourtravelandmore.com\/es\/#\/schema\/logo\/image\/\",\"url\":\"https:\/\/tourtravelandmore.com\/wp-content\/uploads\/2022\/12\/cropped-logo-cabecera-new.png\",\"contentUrl\":\"https:\/\/tourtravelandmore.com\/wp-content\/uploads\/2022\/12\/cropped-logo-cabecera-new.png\",\"width\":430,\"height\":61,\"caption\":\"Tour Travel And More\"},\"image\":{\"@id\":\"https:\/\/tourtravelandmore.com\/es\/#\/schema\/logo\/image\/\"},\"sameAs\":[\"https:\/\/www.facebook.com\/tourtravelandmore\/\",\"https:\/\/x.com\/TourTravel_More\"]}]}<\/script>\n<!-- \/ Yoast SEO Premium plugin. -->","yoast_head_json":{"title":"\u27a1\ufe0f Tour Privado a las Cataratas de Kravice y a Mostar desde Dubrovnik | Tour Travel & More","description":"Disfrute de este Tour Privado a las Cataratas de Kravice y a Mostar desde Dubrovnik junto a su chofer de habla inglesa y gu\u00eda local privado \u2705","robots":{"index":"index","follow":"follow","max-snippet":"max-snippet:-1","max-image-preview":"max-image-preview:large","max-video-preview":"max-video-preview:-1"},"canonical":"https:\/\/tourtravelandmore.com\/es\/tours\/croacia-es\/dubrovnik-es\/dubrovnik-actividades-es\/excursion-privada-de-dia-completo-a-cataratas-de-kravice-mostar-desde-dubrovnik\/","og_locale":"es_ES","og_type":"article","og_title":"Tour privado a las Cataratas de Kravice y a Mostar desde Dubrovnik","og_description":"Disfrute de este Tour Privado a las Cataratas de Kravice y a Mostar desde Dubrovnik junto a su chofer de habla inglesa y gu\u00eda local privado \u2705","og_url":"https:\/\/tourtravelandmore.com\/es\/tours\/croacia-es\/dubrovnik-es\/dubrovnik-actividades-es\/excursion-privada-de-dia-completo-a-cataratas-de-kravice-mostar-desde-dubrovnik\/","og_site_name":"Tour Travel And More","article_publisher":"https:\/\/www.facebook.com\/tourtravelandmore\/","article_modified_time":"2025-05-07T13:22:35+00:00","og_image":[{"width":910,"height":683,"url":"https:\/\/tourtravelandmore.com\/wp-content\/uploads\/2020\/03\/bosnia-and-herzegovina-studenci-kravica-waterfall.jpg","type":"image\/jpeg"}],"twitter_card":"summary_large_image","twitter_site":"@TourTravel_More","twitter_misc":{"Tiempo de lectura":"3 minutos"},"schema":{"@context":"https:\/\/schema.org","@graph":[{"@type":"WebPage","@id":"https:\/\/tourtravelandmore.com\/es\/tours\/croacia-es\/dubrovnik-es\/dubrovnik-actividades-es\/excursion-privada-de-dia-completo-a-cataratas-de-kravice-mostar-desde-dubrovnik\/","url":"https:\/\/tourtravelandmore.com\/es\/tours\/croacia-es\/dubrovnik-es\/dubrovnik-actividades-es\/excursion-privada-de-dia-completo-a-cataratas-de-kravice-mostar-desde-dubrovnik\/","name":"\u27a1\ufe0f Tour Privado a las Cataratas de Kravice y a Mostar desde Dubrovnik | Tour Travel & More","isPartOf":{"@id":"https:\/\/tourtravelandmore.com\/es\/#website"},"primaryImageOfPage":{"@id":"https:\/\/tourtravelandmore.com\/es\/tours\/croacia-es\/dubrovnik-es\/dubrovnik-actividades-es\/excursion-privada-de-dia-completo-a-cataratas-de-kravice-mostar-desde-dubrovnik\/#primaryimage"},"image":{"@id":"https:\/\/tourtravelandmore.com\/es\/tours\/croacia-es\/dubrovnik-es\/dubrovnik-actividades-es\/excursion-privada-de-dia-completo-a-cataratas-de-kravice-mostar-desde-dubrovnik\/#primaryimage"},"thumbnailUrl":"https:\/\/tourtravelandmore.com\/wp-content\/uploads\/2020\/03\/bosnia-and-herzegovina-studenci-kravica-waterfall.jpg","datePublished":"2020-03-03T15:56:49+00:00","dateModified":"2025-05-07T13:22:35+00:00","description":"Disfrute de este Tour Privado a las Cataratas de Kravice y a Mostar desde Dubrovnik junto a su chofer de habla inglesa y gu\u00eda local privado \u2705","breadcrumb":{"@id":"https:\/\/tourtravelandmore.com\/es\/tours\/croacia-es\/dubrovnik-es\/dubrovnik-actividades-es\/excursion-privada-de-dia-completo-a-cataratas-de-kravice-mostar-desde-dubrovnik\/#breadcrumb"},"inLanguage":"es","potentialAction":[{"@type":"ReadAction","target":["https:\/\/tourtravelandmore.com\/es\/tours\/croacia-es\/dubrovnik-es\/dubrovnik-actividades-es\/excursion-privada-de-dia-completo-a-cataratas-de-kravice-mostar-desde-dubrovnik\/"]}]},{"@type":"ImageObject","inLanguage":"es","@id":"https:\/\/tourtravelandmore.com\/es\/tours\/croacia-es\/dubrovnik-es\/dubrovnik-actividades-es\/excursion-privada-de-dia-completo-a-cataratas-de-kravice-mostar-desde-dubrovnik\/#primaryimage","url":"https:\/\/tourtravelandmore.com\/wp-content\/uploads\/2020\/03\/bosnia-and-herzegovina-studenci-kravica-waterfall.jpg","contentUrl":"https:\/\/tourtravelandmore.com\/wp-content\/uploads\/2020\/03\/bosnia-and-herzegovina-studenci-kravica-waterfall.jpg","width":910,"height":683},{"@type":"BreadcrumbList","@id":"https:\/\/tourtravelandmore.com\/es\/tours\/croacia-es\/dubrovnik-es\/dubrovnik-actividades-es\/excursion-privada-de-dia-completo-a-cataratas-de-kravice-mostar-desde-dubrovnik\/#breadcrumb","itemListElement":[{"@type":"ListItem","position":1,"name":"Home","item":"https:\/\/tourtravelandmore.com\/es\/"},{"@type":"ListItem","position":2,"name":"Tours","item":"https:\/\/tourtravelandmore.com\/es\/tours\/"},{"@type":"ListItem","position":3,"name":"Tour privado a las Cataratas de Kravice y a Mostar desde Dubrovnik"}]},{"@type":"WebSite","@id":"https:\/\/tourtravelandmore.com\/es\/#website","url":"https:\/\/tourtravelandmore.com\/es\/","name":"Tour Travel And More","description":"Private sightseeing tours and luxury transfers in Spain","publisher":{"@id":"https:\/\/tourtravelandmore.com\/es\/#organization"},"potentialAction":[{"@type":"SearchAction","target":{"@type":"EntryPoint","urlTemplate":"https:\/\/tourtravelandmore.com\/es\/?s={search_term_string}"},"query-input":{"@type":"PropertyValueSpecification","valueRequired":true,"valueName":"search_term_string"}}],"inLanguage":"es"},{"@type":"Organization","@id":"https:\/\/tourtravelandmore.com\/es\/#organization","name":"Tour Travel And More","url":"https:\/\/tourtravelandmore.com\/es\/","logo":{"@type":"ImageObject","inLanguage":"es","@id":"https:\/\/tourtravelandmore.com\/es\/#\/schema\/logo\/image\/","url":"https:\/\/tourtravelandmore.com\/wp-content\/uploads\/2022\/12\/cropped-logo-cabecera-new.png","contentUrl":"https:\/\/tourtravelandmore.com\/wp-content\/uploads\/2022\/12\/cropped-logo-cabecera-new.png","width":430,"height":61,"caption":"Tour Travel And More"},"image":{"@id":"https:\/\/tourtravelandmore.com\/es\/#\/schema\/logo\/image\/"},"sameAs":["https:\/\/www.facebook.com\/tourtravelandmore\/","https:\/\/x.com\/TourTravel_More"]}]}},"_links":{"self":[{"href":"https:\/\/tourtravelandmore.com\/es\/wp-json\/wp\/v2\/product\/78154","targetHints":{"allow":["GET"]}}],"collection":[{"href":"https:\/\/tourtravelandmore.com\/es\/wp-json\/wp\/v2\/product"}],"about":[{"href":"https:\/\/tourtravelandmore.com\/es\/wp-json\/wp\/v2\/types\/product"}],"replies":[{"embeddable":true,"href":"https:\/\/tourtravelandmore.com\/es\/wp-json\/wp\/v2\/comments?post=78154"}],"wp:featuredmedia":[{"embeddable":true,"href":"https:\/\/tourtravelandmore.com\/es\/wp-json\/wp\/v2\/media\/78164"}],"wp:attachment":[{"href":"https:\/\/tourtravelandmore.com\/es\/wp-json\/wp\/v2\/media?parent=78154"}],"wp:term":[{"taxonomy":"product_brand","embeddable":true,"href":"https:\/\/tourtravelandmore.com\/es\/wp-json\/wp\/v2\/product_brand?post=78154"},{"taxonomy":"product_cat","embeddable":true,"href":"https:\/\/tourtravelandmore.com\/es\/wp-json\/wp\/v2\/product_cat?post=78154"},{"taxonomy":"product_tag","embeddable":true,"href":"https:\/\/tourtravelandmore.com\/es\/wp-json\/wp\/v2\/product_tag?post=78154"}],"curies":[{"name":"wp","href":"https:\/\/api.w.org\/{rel}","templated":true}]}}