{"id":78097,"date":"2020-03-02T18:31:36","date_gmt":"2020-03-02T17:31:37","guid":{"rendered":"https:\/\/tourtravelandmore.com\/?post_type=product&#038;p=78097"},"modified":"2026-02-11T16:14:53","modified_gmt":"2026-02-11T15:14:53","slug":"tour-privado-de-dia-completo-a-montenegro","status":"publish","type":"product","link":"https:\/\/tourtravelandmore.com\/es\/tours\/croacia-es\/dubrovnik-es\/dubrovnik-actividades-es\/tour-privado-de-dia-completo-a-montenegro\/","title":{"rendered":"Tour Privado a Montenegro desde Dubrovnik"},"content":{"rendered":"<h2><strong>Descripci\u00f3n del Tour Privado a Montenegro desde Dubrovnik<\/strong><\/h2>\n<p>S\u00ed se encuentra en la frontera con Croacia, en la costa sur de Dalmacia, disfrute de este <strong>Tour Privado a Montenegro desde Dubrovnik<\/strong>. Har\u00e1 un viaje desde la costa croata hasta el hermoso pa\u00eds de Montenegro en un <strong>veh\u00edculo privado de lujo con chofer<\/strong>.<\/p>\n<p>Su <strong>gu\u00eda oficial privado<\/strong> le contar\u00e1 la interesante historia cultural y los secretos de Montenegro en este emocionante viaje.<\/p>\n<p><strong>Montenegro<\/strong> es un pa\u00eds peque\u00f1o con una belleza natural excepcional combinada con una rica historia y cultura que muchos estar\u00edan encantados de conocer. Es un territorio balc\u00e1nico y la m\u00e1s peque\u00f1a de las ex rep\u00fablicas yugoslavas. El nombre en s\u00ed es <strong>Mont Nero<\/strong>, y proviene de sus impresionantes monta\u00f1as negras que act\u00faan como centinelas.<\/p>\n<p>Es un pa\u00eds independiente desde 2006. Limita con el mar Adri\u00e1tico y en tierra con Croacia, Kosovo, Bosnia y Herzegovina, Serbia y Albania.<\/p>\n<p><strong>Tour Travel and More<\/strong> ofrece la opci\u00f3n de crear un horario personalizado. Sin embargo, aqu\u00ed te proponemos un modelo para pintar una idea de los lugares que puedes visitar en un recorrido de 12 horas.<\/p>\n<h2><strong>Puntos de inter\u00e9s en el Tour Privado a Montenegro desde Dubrovnik<\/strong><\/h2>\n<p>En primer lugar, se encontrar\u00e1 con su conductor privado de habla inglesa en su hotel o lugar de elecci\u00f3n en Dubrovnik. Una vez en el veh\u00edculo, comenzar\u00e1 su tour privado a Montenegro desde Dubrovnik.<\/p>\n<p>Durante el viaje a Montenegro, podr\u00e1 admirar el paisaje \u00fanico que este pa\u00eds ofrece. Su conductor privado estar\u00e1 a su total disposici\u00f3n durante todo el recorrido.<\/p>\n<p>En segundo lugar, una vez en la frontera con Montenegro, se encontrar\u00e1 con su gu\u00eda tur\u00edstico oficial privado para una visita guiada de 6\/7 horas. En este tour privado, visitar\u00e1 los siguientes pueblos:<\/p>\n<ul>\n<li><strong>Perast<\/strong>: localidad situada en la bah\u00eda de Kotor, a orillas del mar Adri\u00e1tico.<\/li>\n<li><strong>Risan<\/strong>: es el asentamiento m\u00e1s antiguo de Boka Kotorska.<\/li>\n<li><strong>Kotor<\/strong>: una de las ciudades m\u00e1s importantes de Montenegro.<\/li>\n<li><strong>Budva<\/strong>: ciudad a orillas del mar Adri\u00e1tico, cuya costa es famosa por sus playas de arena y su vida nocturna.<\/li>\n<\/ul>\n<p>En tercer lugar, tambi\u00e9n puede visitar el <a href=\"http:\/\/www.museummaritimum.com\/mn\/\">Museo Mar\u00edtimo<\/a> de Kotor y disfrutar de un viaje en ferry p\u00fablico a la <strong>Isla de Nuestra Se\u00f1ora de las Rocas<\/strong> desde Perast. En la isla visitar\u00e1 los lugares m\u00e1s importantes, incluida la iglesia principal de la isla.<\/p>\n<p>Por supuesto que tendr\u00e1s algo de tiempo libre para degustar la comida t\u00edpica de Montenegro. Su gu\u00eda local puede recomendarle un buen restaurante en la zona o si lo desea, podemos gestionar una reserva para usted.<\/p>\n<p>Finalmente, su conductor privado lo llevar\u00e1 de regreso al punto de partida en Dubrovnik.<\/p>\n<p>Tambi\u00e9n tenemos otras opciones de tours de d\u00eda completo desde Dubrovnik, eche un vistazo a nuestro <a href=\"https:\/\/tourtravelandmore.com\/es\/tours\/croacia-es\/dubrovnik-es\/dubrovnik-actividades-es\/excursion-privada-de-dia-completo-a-cataratas-de-kravice-mostar-desde-dubrovnik\/\">tour privado a las Cataratas de Kravice y Mostar<\/a>.<\/p>\n","protected":false},"excerpt":{"rendered":"<p>Si se encuentra en la frontera croata en la costa sur de Dalmacia, <strong>Tour Travel and More<\/strong> ofrece una excelente oportunidad para realizar una <strong>excursi\u00f3n privada de d\u00eda completo desde Dubrovnik a Montenegro<\/strong>. Realizar\u00e1 un viaje desde la costa croata hasta el peque\u00f1o y hermoso pa\u00eds de Montenegro en un veh\u00edculo privado de lujo con ch\u00f3fer. Un gu\u00eda oficial te contar\u00e1 la interesante historia cultural, los secretos y arquitectura de Montenegro en este emocionante viaje lleno de aventuras.<\/p>\n","protected":false},"featured_media":78111,"comment_status":"open","ping_status":"closed","template":"","meta":{"_acf_changed":false},"product_brand":[],"product_cat":[2083,2084,2085],"product_tag":[],"class_list":{"0":"post-78097","1":"product","2":"type-product","3":"status-publish","4":"has-post-thumbnail","6":"product_cat-dubrovnik-es","7":"product_cat-dubrovnik-actividades-es","8":"product_cat-dubrovnik-excursiones-es","10":"first","11":"instock","12":"shipping-taxable","13":"purchasable","14":"product-type-simple"},"acf":[],"yoast_head":"<!-- This site is optimized with the Yoast SEO Premium plugin v25.3.1 (Yoast SEO v25.3.1) - https:\/\/yoast.com\/wordpress\/plugins\/seo\/ -->\n<title>\u27a1\ufe0f Tour Privado a Montenegro desde Dubrovnik en veh\u00edculo de lujo | Tour Travel &amp; More<\/title>\n<meta name=\"description\" content=\"Disfrute de este Tour Privado a Montenegro desde Dubrovnik con chofer de habla inglesa y gu\u00eda local privado. Viste los lugares mas importantes de este pa\u00eds \u2705\" \/>\n<meta name=\"robots\" content=\"index, follow, max-snippet:-1, max-image-preview:large, max-video-preview:-1\" \/>\n<link rel=\"canonical\" href=\"https:\/\/tourtravelandmore.com\/es\/tours\/croacia-es\/dubrovnik-es\/dubrovnik-actividades-es\/tour-privado-de-dia-completo-a-montenegro\/\" \/>\n<meta property=\"og:locale\" content=\"es_ES\" \/>\n<meta property=\"og:type\" content=\"article\" \/>\n<meta property=\"og:title\" content=\"Tour Privado a Montenegro desde Dubrovnik\" \/>\n<meta property=\"og:description\" content=\"Disfrute de este Tour Privado a Montenegro desde Dubrovnik con chofer de habla inglesa y gu\u00eda local privado. Viste los lugares mas importantes de este pa\u00eds \u2705\" \/>\n<meta property=\"og:url\" content=\"https:\/\/tourtravelandmore.com\/es\/tours\/croacia-es\/dubrovnik-es\/dubrovnik-actividades-es\/tour-privado-de-dia-completo-a-montenegro\/\" \/>\n<meta property=\"og:site_name\" content=\"Tour Travel And More\" \/>\n<meta property=\"article:publisher\" content=\"https:\/\/www.facebook.com\/tourtravelandmore\/\" \/>\n<meta property=\"article:modified_time\" content=\"2026-02-11T15:14:53+00:00\" \/>\n<meta property=\"og:image\" content=\"https:\/\/tourtravelandmore.com\/wp-content\/uploads\/2020\/03\/montenegro-seashore-house.jpg\" \/>\n\t<meta property=\"og:image:width\" content=\"1280\" \/>\n\t<meta property=\"og:image:height\" content=\"853\" \/>\n\t<meta property=\"og:image:type\" content=\"image\/jpeg\" \/>\n<meta name=\"twitter:card\" content=\"summary_large_image\" \/>\n<meta name=\"twitter:site\" content=\"@TourTravel_More\" \/>\n<meta name=\"twitter:label1\" content=\"Tiempo de lectura\" \/>\n\t<meta name=\"twitter:data1\" content=\"2 minutos\" \/>\n<script type=\"application\/ld+json\" class=\"yoast-schema-graph\">{\"@context\":\"https:\/\/schema.org\",\"@graph\":[{\"@type\":\"WebPage\",\"@id\":\"https:\/\/tourtravelandmore.com\/es\/tours\/croacia-es\/dubrovnik-es\/dubrovnik-actividades-es\/tour-privado-de-dia-completo-a-montenegro\/\",\"url\":\"https:\/\/tourtravelandmore.com\/es\/tours\/croacia-es\/dubrovnik-es\/dubrovnik-actividades-es\/tour-privado-de-dia-completo-a-montenegro\/\",\"name\":\"\u27a1\ufe0f Tour Privado a Montenegro desde Dubrovnik en veh\u00edculo de lujo | Tour Travel & More\",\"isPartOf\":{\"@id\":\"https:\/\/tourtravelandmore.com\/es\/#website\"},\"primaryImageOfPage\":{\"@id\":\"https:\/\/tourtravelandmore.com\/es\/tours\/croacia-es\/dubrovnik-es\/dubrovnik-actividades-es\/tour-privado-de-dia-completo-a-montenegro\/#primaryimage\"},\"image\":{\"@id\":\"https:\/\/tourtravelandmore.com\/es\/tours\/croacia-es\/dubrovnik-es\/dubrovnik-actividades-es\/tour-privado-de-dia-completo-a-montenegro\/#primaryimage\"},\"thumbnailUrl\":\"https:\/\/tourtravelandmore.com\/wp-content\/uploads\/2020\/03\/montenegro-seashore-house.jpg\",\"datePublished\":\"2020-03-02T17:31:37+00:00\",\"dateModified\":\"2026-02-11T15:14:53+00:00\",\"description\":\"Disfrute de este Tour Privado a Montenegro desde Dubrovnik con chofer de habla inglesa y gu\u00eda local privado. Viste los lugares mas importantes de este pa\u00eds \u2705\",\"breadcrumb\":{\"@id\":\"https:\/\/tourtravelandmore.com\/es\/tours\/croacia-es\/dubrovnik-es\/dubrovnik-actividades-es\/tour-privado-de-dia-completo-a-montenegro\/#breadcrumb\"},\"inLanguage\":\"es\",\"potentialAction\":[{\"@type\":\"ReadAction\",\"target\":[\"https:\/\/tourtravelandmore.com\/es\/tours\/croacia-es\/dubrovnik-es\/dubrovnik-actividades-es\/tour-privado-de-dia-completo-a-montenegro\/\"]}]},{\"@type\":\"ImageObject\",\"inLanguage\":\"es\",\"@id\":\"https:\/\/tourtravelandmore.com\/es\/tours\/croacia-es\/dubrovnik-es\/dubrovnik-actividades-es\/tour-privado-de-dia-completo-a-montenegro\/#primaryimage\",\"url\":\"https:\/\/tourtravelandmore.com\/wp-content\/uploads\/2020\/03\/montenegro-seashore-house.jpg\",\"contentUrl\":\"https:\/\/tourtravelandmore.com\/wp-content\/uploads\/2020\/03\/montenegro-seashore-house.jpg\",\"width\":1280,\"height\":853},{\"@type\":\"BreadcrumbList\",\"@id\":\"https:\/\/tourtravelandmore.com\/es\/tours\/croacia-es\/dubrovnik-es\/dubrovnik-actividades-es\/tour-privado-de-dia-completo-a-montenegro\/#breadcrumb\",\"itemListElement\":[{\"@type\":\"ListItem\",\"position\":1,\"name\":\"Home\",\"item\":\"https:\/\/tourtravelandmore.com\/es\/\"},{\"@type\":\"ListItem\",\"position\":2,\"name\":\"Tours\",\"item\":\"https:\/\/tourtravelandmore.com\/es\/tours\/\"},{\"@type\":\"ListItem\",\"position\":3,\"name\":\"Tour Privado a Montenegro desde Dubrovnik\"}]},{\"@type\":\"WebSite\",\"@id\":\"https:\/\/tourtravelandmore.com\/es\/#website\",\"url\":\"https:\/\/tourtravelandmore.com\/es\/\",\"name\":\"Tour Travel And More\",\"description\":\"Private sightseeing tours and luxury transfers in Spain\",\"publisher\":{\"@id\":\"https:\/\/tourtravelandmore.com\/es\/#organization\"},\"potentialAction\":[{\"@type\":\"SearchAction\",\"target\":{\"@type\":\"EntryPoint\",\"urlTemplate\":\"https:\/\/tourtravelandmore.com\/es\/?s={search_term_string}\"},\"query-input\":{\"@type\":\"PropertyValueSpecification\",\"valueRequired\":true,\"valueName\":\"search_term_string\"}}],\"inLanguage\":\"es\"},{\"@type\":\"Organization\",\"@id\":\"https:\/\/tourtravelandmore.com\/es\/#organization\",\"name\":\"Tour Travel And More\",\"url\":\"https:\/\/tourtravelandmore.com\/es\/\",\"logo\":{\"@type\":\"ImageObject\",\"inLanguage\":\"es\",\"@id\":\"https:\/\/tourtravelandmore.com\/es\/#\/schema\/logo\/image\/\",\"url\":\"https:\/\/tourtravelandmore.com\/wp-content\/uploads\/2022\/12\/cropped-logo-cabecera-new.png\",\"contentUrl\":\"https:\/\/tourtravelandmore.com\/wp-content\/uploads\/2022\/12\/cropped-logo-cabecera-new.png\",\"width\":430,\"height\":61,\"caption\":\"Tour Travel And More\"},\"image\":{\"@id\":\"https:\/\/tourtravelandmore.com\/es\/#\/schema\/logo\/image\/\"},\"sameAs\":[\"https:\/\/www.facebook.com\/tourtravelandmore\/\",\"https:\/\/x.com\/TourTravel_More\"]}]}<\/script>\n<!-- \/ Yoast SEO Premium plugin. -->","yoast_head_json":{"title":"\u27a1\ufe0f Tour Privado a Montenegro desde Dubrovnik en veh\u00edculo de lujo | Tour Travel & More","description":"Disfrute de este Tour Privado a Montenegro desde Dubrovnik con chofer de habla inglesa y gu\u00eda local privado. Viste los lugares mas importantes de este pa\u00eds \u2705","robots":{"index":"index","follow":"follow","max-snippet":"max-snippet:-1","max-image-preview":"max-image-preview:large","max-video-preview":"max-video-preview:-1"},"canonical":"https:\/\/tourtravelandmore.com\/es\/tours\/croacia-es\/dubrovnik-es\/dubrovnik-actividades-es\/tour-privado-de-dia-completo-a-montenegro\/","og_locale":"es_ES","og_type":"article","og_title":"Tour Privado a Montenegro desde Dubrovnik","og_description":"Disfrute de este Tour Privado a Montenegro desde Dubrovnik con chofer de habla inglesa y gu\u00eda local privado. Viste los lugares mas importantes de este pa\u00eds \u2705","og_url":"https:\/\/tourtravelandmore.com\/es\/tours\/croacia-es\/dubrovnik-es\/dubrovnik-actividades-es\/tour-privado-de-dia-completo-a-montenegro\/","og_site_name":"Tour Travel And More","article_publisher":"https:\/\/www.facebook.com\/tourtravelandmore\/","article_modified_time":"2026-02-11T15:14:53+00:00","og_image":[{"width":1280,"height":853,"url":"https:\/\/tourtravelandmore.com\/wp-content\/uploads\/2020\/03\/montenegro-seashore-house.jpg","type":"image\/jpeg"}],"twitter_card":"summary_large_image","twitter_site":"@TourTravel_More","twitter_misc":{"Tiempo de lectura":"2 minutos"},"schema":{"@context":"https:\/\/schema.org","@graph":[{"@type":"WebPage","@id":"https:\/\/tourtravelandmore.com\/es\/tours\/croacia-es\/dubrovnik-es\/dubrovnik-actividades-es\/tour-privado-de-dia-completo-a-montenegro\/","url":"https:\/\/tourtravelandmore.com\/es\/tours\/croacia-es\/dubrovnik-es\/dubrovnik-actividades-es\/tour-privado-de-dia-completo-a-montenegro\/","name":"\u27a1\ufe0f Tour Privado a Montenegro desde Dubrovnik en veh\u00edculo de lujo | Tour Travel & More","isPartOf":{"@id":"https:\/\/tourtravelandmore.com\/es\/#website"},"primaryImageOfPage":{"@id":"https:\/\/tourtravelandmore.com\/es\/tours\/croacia-es\/dubrovnik-es\/dubrovnik-actividades-es\/tour-privado-de-dia-completo-a-montenegro\/#primaryimage"},"image":{"@id":"https:\/\/tourtravelandmore.com\/es\/tours\/croacia-es\/dubrovnik-es\/dubrovnik-actividades-es\/tour-privado-de-dia-completo-a-montenegro\/#primaryimage"},"thumbnailUrl":"https:\/\/tourtravelandmore.com\/wp-content\/uploads\/2020\/03\/montenegro-seashore-house.jpg","datePublished":"2020-03-02T17:31:37+00:00","dateModified":"2026-02-11T15:14:53+00:00","description":"Disfrute de este Tour Privado a Montenegro desde Dubrovnik con chofer de habla inglesa y gu\u00eda local privado. Viste los lugares mas importantes de este pa\u00eds \u2705","breadcrumb":{"@id":"https:\/\/tourtravelandmore.com\/es\/tours\/croacia-es\/dubrovnik-es\/dubrovnik-actividades-es\/tour-privado-de-dia-completo-a-montenegro\/#breadcrumb"},"inLanguage":"es","potentialAction":[{"@type":"ReadAction","target":["https:\/\/tourtravelandmore.com\/es\/tours\/croacia-es\/dubrovnik-es\/dubrovnik-actividades-es\/tour-privado-de-dia-completo-a-montenegro\/"]}]},{"@type":"ImageObject","inLanguage":"es","@id":"https:\/\/tourtravelandmore.com\/es\/tours\/croacia-es\/dubrovnik-es\/dubrovnik-actividades-es\/tour-privado-de-dia-completo-a-montenegro\/#primaryimage","url":"https:\/\/tourtravelandmore.com\/wp-content\/uploads\/2020\/03\/montenegro-seashore-house.jpg","contentUrl":"https:\/\/tourtravelandmore.com\/wp-content\/uploads\/2020\/03\/montenegro-seashore-house.jpg","width":1280,"height":853},{"@type":"BreadcrumbList","@id":"https:\/\/tourtravelandmore.com\/es\/tours\/croacia-es\/dubrovnik-es\/dubrovnik-actividades-es\/tour-privado-de-dia-completo-a-montenegro\/#breadcrumb","itemListElement":[{"@type":"ListItem","position":1,"name":"Home","item":"https:\/\/tourtravelandmore.com\/es\/"},{"@type":"ListItem","position":2,"name":"Tours","item":"https:\/\/tourtravelandmore.com\/es\/tours\/"},{"@type":"ListItem","position":3,"name":"Tour Privado a Montenegro desde Dubrovnik"}]},{"@type":"WebSite","@id":"https:\/\/tourtravelandmore.com\/es\/#website","url":"https:\/\/tourtravelandmore.com\/es\/","name":"Tour Travel And More","description":"Private sightseeing tours and luxury transfers in Spain","publisher":{"@id":"https:\/\/tourtravelandmore.com\/es\/#organization"},"potentialAction":[{"@type":"SearchAction","target":{"@type":"EntryPoint","urlTemplate":"https:\/\/tourtravelandmore.com\/es\/?s={search_term_string}"},"query-input":{"@type":"PropertyValueSpecification","valueRequired":true,"valueName":"search_term_string"}}],"inLanguage":"es"},{"@type":"Organization","@id":"https:\/\/tourtravelandmore.com\/es\/#organization","name":"Tour Travel And More","url":"https:\/\/tourtravelandmore.com\/es\/","logo":{"@type":"ImageObject","inLanguage":"es","@id":"https:\/\/tourtravelandmore.com\/es\/#\/schema\/logo\/image\/","url":"https:\/\/tourtravelandmore.com\/wp-content\/uploads\/2022\/12\/cropped-logo-cabecera-new.png","contentUrl":"https:\/\/tourtravelandmore.com\/wp-content\/uploads\/2022\/12\/cropped-logo-cabecera-new.png","width":430,"height":61,"caption":"Tour Travel And More"},"image":{"@id":"https:\/\/tourtravelandmore.com\/es\/#\/schema\/logo\/image\/"},"sameAs":["https:\/\/www.facebook.com\/tourtravelandmore\/","https:\/\/x.com\/TourTravel_More"]}]}},"_links":{"self":[{"href":"https:\/\/tourtravelandmore.com\/es\/wp-json\/wp\/v2\/product\/78097","targetHints":{"allow":["GET"]}}],"collection":[{"href":"https:\/\/tourtravelandmore.com\/es\/wp-json\/wp\/v2\/product"}],"about":[{"href":"https:\/\/tourtravelandmore.com\/es\/wp-json\/wp\/v2\/types\/product"}],"replies":[{"embeddable":true,"href":"https:\/\/tourtravelandmore.com\/es\/wp-json\/wp\/v2\/comments?post=78097"}],"wp:featuredmedia":[{"embeddable":true,"href":"https:\/\/tourtravelandmore.com\/es\/wp-json\/wp\/v2\/media\/78111"}],"wp:attachment":[{"href":"https:\/\/tourtravelandmore.com\/es\/wp-json\/wp\/v2\/media?parent=78097"}],"wp:term":[{"taxonomy":"product_brand","embeddable":true,"href":"https:\/\/tourtravelandmore.com\/es\/wp-json\/wp\/v2\/product_brand?post=78097"},{"taxonomy":"product_cat","embeddable":true,"href":"https:\/\/tourtravelandmore.com\/es\/wp-json\/wp\/v2\/product_cat?post=78097"},{"taxonomy":"product_tag","embeddable":true,"href":"https:\/\/tourtravelandmore.com\/es\/wp-json\/wp\/v2\/product_tag?post=78097"}],"curies":[{"name":"wp","href":"https:\/\/api.w.org\/{rel}","templated":true}]}}