{"id":78057,"date":"2020-03-02T17:32:17","date_gmt":"2020-03-02T16:32:17","guid":{"rendered":"https:\/\/tourtravelandmore.com\/?post_type=product&#038;p=78057"},"modified":"2024-12-10T17:35:17","modified_gmt":"2024-12-10T16:35:17","slug":"tour-privado-a-pie-por-el-casco-antiguo-de-dubrovnik-y-juego-de-tronos","status":"publish","type":"product","link":"https:\/\/tourtravelandmore.com\/es\/tours\/croacia-es\/dubrovnik-es\/dubrovnik-actividades-es\/tour-privado-a-pie-por-el-casco-antiguo-de-dubrovnik-y-juego-de-tronos\/","title":{"rendered":"Tour Privado a Pie de Juego de Tronos"},"content":{"rendered":"<h2><strong>Descripci\u00f3n del Tour Privado a Pie de Juego de Tronos<\/strong><\/h2>\n<p>La ciudad de Dubrovnik fue el lugar principal de rodaje en Croacia del desembarco del Rey. Con este <strong>Tour Privado a pie de Juego de Tronos<\/strong> descubrir\u00e1s los secretos de esta incre\u00edble serie.<\/p>\n<p>A lo largo de este interesante recorrido, ser\u00e1 asistido por un <strong>gu\u00eda tur\u00edstico oficial privado<\/strong> altamente capacitado. Descubrir\u00e1s los lugares de rodaje de la serie de televisi\u00f3n m\u00e1s aclamada y recordar\u00e1s escenas clave que tuvieron lugar all\u00ed.<\/p>\n<p>Tambi\u00e9n podr\u00e1n pasear por el <a href=\"https:\/\/whc.unesco.org\/en\/list\/95\/\">casco antiguo de Dubrovnik<\/a>, declarado por la <strong>UNESCO como Patrimonio de la Humanidad<\/strong>. Aqu\u00ed, tambi\u00e9n podr\u00e1 escuchar directamente de la gente local cu\u00e1l fue su experiencia durante las grabaciones de la serie.<\/p>\n<p>La ciudad croata de <strong>Dubrovnik<\/strong> tiene un puerto popular en la costa del mar Adri\u00e1tico. Dubrovnik se caracteriza por ser un centro urbano, comercial, cultural y educativo de la regi\u00f3n del sur de Dalmacia.<\/p>\n<p>Si eres un fan\u00e1tico total, el tour perfecto para ti ser\u00e1 este <a href=\"\/?p=78082\">tour privado de un d\u00eda completo de Juego de Tronos<\/a>, \u00a1echa un vistazo!<\/p>\n<h2><strong>Puntos de inter\u00e9s en el Tour Privado a Pie de Juego de Tronos<\/strong><\/h2>\n<p>Una vez que se re\u00fana con su gu\u00eda privado en el punto de encuentro, la Puerta de Pile o el hotel ubicado en el centro, comenzar\u00e1 este emocionante tour.<\/p>\n<p>Durante el recorrido podr\u00e1s identificar la <strong>antigua ciudad de Dubrovnik<\/strong> y sus murallas que aparecen en Juego de Tronos, as\u00ed como varios de sus atractivos hist\u00f3ricos.<\/p>\n<p>Un paseo por esta ciudad y sus alrededores le permitir\u00e1 disfrutar de vistas panor\u00e1micas del Desembarco del Rey. Tambi\u00e9n puede conocer la <strong>Fortaleza Roja<\/strong>, la residencia del Rey de los \u00c1ndalos y los Primeros Hombres. Vea d\u00f3nde tuvo lugar la batalla de Blackwater y disfrute de las vistas de la <strong>ciudad m\u00e1gica de Qarth<\/strong>.<\/p>\n<p>Durante este tour privado a pie de Juego de Tronos no solo podr\u00e1s ver y reconocer las escenas de rodaje, sino tambi\u00e9n conocer la historia real de estos lugares. Este tour es una excelente forma de aprender sobre Dubrovnik de una manera simple y \u00fanica. Explorar\u00e1s datos sobre el pasado y el presente del lugar, combinados con historias del universo de Juego de Tronos.<\/p>\n<p>El tour tiene una duraci\u00f3n total de 3 horas, pero tambi\u00e9n tienes la opci\u00f3n de incluir m\u00e1s horas en caso de que quieras visitar m\u00e1s lugares.<\/p>\n<p>Conocemos bien las necesidades de nuestros clientes. Por eso, en <strong>Tour Travel and More<\/strong> hemos dise\u00f1ado una gran cantidad de programas y diferentes tours en Dubrovnik. Solo tienes que ponerte en contacto con nosotros e informarnos tus preferencias y deseos, \u00a1luego nosotros haremos el resto!.<\/p>\n","protected":false},"excerpt":{"rendered":"<p>Durante este breve <strong>tour privado a pie basado en Games of Thrones<\/strong> no solo podr\u00e1s ver y reconocer las escenas del rodaje, sino tambi\u00e9n conocer la historia real de estos lugares. Este tour es una excelente manera de aprender sobre <strong>Dubrovnik<\/strong> de una manera simple y \u00fanica, explorando hechos sobre el pasado y el presente del lugar, combinados con historias del universo de Game of Thrones. Su gu\u00eda tur\u00edstico oficial estar\u00e1 a su total disposici\u00f3n para usted.<\/p>\n","protected":false},"featured_media":78069,"comment_status":"open","ping_status":"closed","template":"","meta":{"_acf_changed":false},"product_brand":[],"product_cat":[2083,2084,2086],"product_tag":[],"class_list":{"0":"post-78057","1":"product","2":"type-product","3":"status-publish","4":"has-post-thumbnail","6":"product_cat-dubrovnik-es","7":"product_cat-dubrovnik-actividades-es","8":"product_cat-dubrovnik-tours-privados-pie-es","10":"first","11":"instock","12":"shipping-taxable","13":"purchasable","14":"product-type-simple"},"acf":[],"yoast_head":"<!-- This site is optimized with the Yoast SEO Premium plugin v25.3.1 (Yoast SEO v25.3.1) - https:\/\/yoast.com\/wordpress\/plugins\/seo\/ -->\n<title>\u27a1\ufe0f Tour Privado a Pie de Juego de Tronos con gu\u00eda oficial | Tour Travel &amp; More<\/title>\n<meta name=\"description\" content=\"Si eres un verdadero fan de las series, disfruta de este Tour Privado a Pie de Juego de Tronos con gu\u00eda oficial privado por la ciudad de Dubrovnik \u2705\" \/>\n<meta name=\"robots\" content=\"index, follow, max-snippet:-1, max-image-preview:large, max-video-preview:-1\" \/>\n<link rel=\"canonical\" href=\"https:\/\/tourtravelandmore.com\/es\/tours\/croacia-es\/dubrovnik-es\/dubrovnik-actividades-es\/tour-privado-a-pie-por-el-casco-antiguo-de-dubrovnik-y-juego-de-tronos\/\" \/>\n<meta property=\"og:locale\" content=\"es_ES\" \/>\n<meta property=\"og:type\" content=\"article\" \/>\n<meta property=\"og:title\" content=\"Tour Privado a Pie de Juego de Tronos\" \/>\n<meta property=\"og:description\" content=\"Si eres un verdadero fan de las series, disfruta de este Tour Privado a Pie de Juego de Tronos con gu\u00eda oficial privado por la ciudad de Dubrovnik \u2705\" \/>\n<meta property=\"og:url\" content=\"https:\/\/tourtravelandmore.com\/es\/tours\/croacia-es\/dubrovnik-es\/dubrovnik-actividades-es\/tour-privado-a-pie-por-el-casco-antiguo-de-dubrovnik-y-juego-de-tronos\/\" \/>\n<meta property=\"og:site_name\" content=\"Tour Travel And More\" \/>\n<meta property=\"article:publisher\" content=\"https:\/\/www.facebook.com\/tourtravelandmore\/\" \/>\n<meta property=\"article:modified_time\" content=\"2024-12-10T16:35:17+00:00\" \/>\n<meta property=\"og:image\" content=\"https:\/\/tourtravelandmore.com\/wp-content\/uploads\/2020\/03\/34070287681_0cb9ae39a3_b.jpg\" \/>\n\t<meta property=\"og:image:width\" content=\"1024\" \/>\n\t<meta property=\"og:image:height\" content=\"576\" \/>\n\t<meta property=\"og:image:type\" content=\"image\/jpeg\" \/>\n<meta name=\"twitter:card\" content=\"summary_large_image\" \/>\n<meta name=\"twitter:site\" content=\"@TourTravel_More\" \/>\n<meta name=\"twitter:label1\" content=\"Tiempo de lectura\" \/>\n\t<meta name=\"twitter:data1\" content=\"2 minutos\" \/>\n<script type=\"application\/ld+json\" class=\"yoast-schema-graph\">{\"@context\":\"https:\/\/schema.org\",\"@graph\":[{\"@type\":\"WebPage\",\"@id\":\"https:\/\/tourtravelandmore.com\/es\/tours\/croacia-es\/dubrovnik-es\/dubrovnik-actividades-es\/tour-privado-a-pie-por-el-casco-antiguo-de-dubrovnik-y-juego-de-tronos\/\",\"url\":\"https:\/\/tourtravelandmore.com\/es\/tours\/croacia-es\/dubrovnik-es\/dubrovnik-actividades-es\/tour-privado-a-pie-por-el-casco-antiguo-de-dubrovnik-y-juego-de-tronos\/\",\"name\":\"\u27a1\ufe0f Tour Privado a Pie de Juego de Tronos con gu\u00eda oficial | Tour Travel & More\",\"isPartOf\":{\"@id\":\"https:\/\/tourtravelandmore.com\/es\/#website\"},\"primaryImageOfPage\":{\"@id\":\"https:\/\/tourtravelandmore.com\/es\/tours\/croacia-es\/dubrovnik-es\/dubrovnik-actividades-es\/tour-privado-a-pie-por-el-casco-antiguo-de-dubrovnik-y-juego-de-tronos\/#primaryimage\"},\"image\":{\"@id\":\"https:\/\/tourtravelandmore.com\/es\/tours\/croacia-es\/dubrovnik-es\/dubrovnik-actividades-es\/tour-privado-a-pie-por-el-casco-antiguo-de-dubrovnik-y-juego-de-tronos\/#primaryimage\"},\"thumbnailUrl\":\"https:\/\/tourtravelandmore.com\/wp-content\/uploads\/2020\/03\/34070287681_0cb9ae39a3_b.jpg\",\"datePublished\":\"2020-03-02T16:32:17+00:00\",\"dateModified\":\"2024-12-10T16:35:17+00:00\",\"description\":\"Si eres un verdadero fan de las series, disfruta de este Tour Privado a Pie de Juego de Tronos con gu\u00eda oficial privado por la ciudad de Dubrovnik \u2705\",\"breadcrumb\":{\"@id\":\"https:\/\/tourtravelandmore.com\/es\/tours\/croacia-es\/dubrovnik-es\/dubrovnik-actividades-es\/tour-privado-a-pie-por-el-casco-antiguo-de-dubrovnik-y-juego-de-tronos\/#breadcrumb\"},\"inLanguage\":\"es\",\"potentialAction\":[{\"@type\":\"ReadAction\",\"target\":[\"https:\/\/tourtravelandmore.com\/es\/tours\/croacia-es\/dubrovnik-es\/dubrovnik-actividades-es\/tour-privado-a-pie-por-el-casco-antiguo-de-dubrovnik-y-juego-de-tronos\/\"]}]},{\"@type\":\"ImageObject\",\"inLanguage\":\"es\",\"@id\":\"https:\/\/tourtravelandmore.com\/es\/tours\/croacia-es\/dubrovnik-es\/dubrovnik-actividades-es\/tour-privado-a-pie-por-el-casco-antiguo-de-dubrovnik-y-juego-de-tronos\/#primaryimage\",\"url\":\"https:\/\/tourtravelandmore.com\/wp-content\/uploads\/2020\/03\/34070287681_0cb9ae39a3_b.jpg\",\"contentUrl\":\"https:\/\/tourtravelandmore.com\/wp-content\/uploads\/2020\/03\/34070287681_0cb9ae39a3_b.jpg\",\"width\":1024,\"height\":576},{\"@type\":\"BreadcrumbList\",\"@id\":\"https:\/\/tourtravelandmore.com\/es\/tours\/croacia-es\/dubrovnik-es\/dubrovnik-actividades-es\/tour-privado-a-pie-por-el-casco-antiguo-de-dubrovnik-y-juego-de-tronos\/#breadcrumb\",\"itemListElement\":[{\"@type\":\"ListItem\",\"position\":1,\"name\":\"Home\",\"item\":\"https:\/\/tourtravelandmore.com\/es\/\"},{\"@type\":\"ListItem\",\"position\":2,\"name\":\"Tours\",\"item\":\"https:\/\/tourtravelandmore.com\/es\/tours\/\"},{\"@type\":\"ListItem\",\"position\":3,\"name\":\"Tour Privado a Pie de Juego de Tronos\"}]},{\"@type\":\"WebSite\",\"@id\":\"https:\/\/tourtravelandmore.com\/es\/#website\",\"url\":\"https:\/\/tourtravelandmore.com\/es\/\",\"name\":\"Tour Travel And More\",\"description\":\"Private sightseeing tours and luxury transfers in Spain\",\"publisher\":{\"@id\":\"https:\/\/tourtravelandmore.com\/es\/#organization\"},\"potentialAction\":[{\"@type\":\"SearchAction\",\"target\":{\"@type\":\"EntryPoint\",\"urlTemplate\":\"https:\/\/tourtravelandmore.com\/es\/?s={search_term_string}\"},\"query-input\":{\"@type\":\"PropertyValueSpecification\",\"valueRequired\":true,\"valueName\":\"search_term_string\"}}],\"inLanguage\":\"es\"},{\"@type\":\"Organization\",\"@id\":\"https:\/\/tourtravelandmore.com\/es\/#organization\",\"name\":\"Tour Travel And More\",\"url\":\"https:\/\/tourtravelandmore.com\/es\/\",\"logo\":{\"@type\":\"ImageObject\",\"inLanguage\":\"es\",\"@id\":\"https:\/\/tourtravelandmore.com\/es\/#\/schema\/logo\/image\/\",\"url\":\"https:\/\/tourtravelandmore.com\/wp-content\/uploads\/2022\/12\/cropped-logo-cabecera-new.png\",\"contentUrl\":\"https:\/\/tourtravelandmore.com\/wp-content\/uploads\/2022\/12\/cropped-logo-cabecera-new.png\",\"width\":430,\"height\":61,\"caption\":\"Tour Travel And More\"},\"image\":{\"@id\":\"https:\/\/tourtravelandmore.com\/es\/#\/schema\/logo\/image\/\"},\"sameAs\":[\"https:\/\/www.facebook.com\/tourtravelandmore\/\",\"https:\/\/x.com\/TourTravel_More\"]}]}<\/script>\n<!-- \/ Yoast SEO Premium plugin. -->","yoast_head_json":{"title":"\u27a1\ufe0f Tour Privado a Pie de Juego de Tronos con gu\u00eda oficial | Tour Travel & More","description":"Si eres un verdadero fan de las series, disfruta de este Tour Privado a Pie de Juego de Tronos con gu\u00eda oficial privado por la ciudad de Dubrovnik \u2705","robots":{"index":"index","follow":"follow","max-snippet":"max-snippet:-1","max-image-preview":"max-image-preview:large","max-video-preview":"max-video-preview:-1"},"canonical":"https:\/\/tourtravelandmore.com\/es\/tours\/croacia-es\/dubrovnik-es\/dubrovnik-actividades-es\/tour-privado-a-pie-por-el-casco-antiguo-de-dubrovnik-y-juego-de-tronos\/","og_locale":"es_ES","og_type":"article","og_title":"Tour Privado a Pie de Juego de Tronos","og_description":"Si eres un verdadero fan de las series, disfruta de este Tour Privado a Pie de Juego de Tronos con gu\u00eda oficial privado por la ciudad de Dubrovnik \u2705","og_url":"https:\/\/tourtravelandmore.com\/es\/tours\/croacia-es\/dubrovnik-es\/dubrovnik-actividades-es\/tour-privado-a-pie-por-el-casco-antiguo-de-dubrovnik-y-juego-de-tronos\/","og_site_name":"Tour Travel And More","article_publisher":"https:\/\/www.facebook.com\/tourtravelandmore\/","article_modified_time":"2024-12-10T16:35:17+00:00","og_image":[{"width":1024,"height":576,"url":"https:\/\/tourtravelandmore.com\/wp-content\/uploads\/2020\/03\/34070287681_0cb9ae39a3_b.jpg","type":"image\/jpeg"}],"twitter_card":"summary_large_image","twitter_site":"@TourTravel_More","twitter_misc":{"Tiempo de lectura":"2 minutos"},"schema":{"@context":"https:\/\/schema.org","@graph":[{"@type":"WebPage","@id":"https:\/\/tourtravelandmore.com\/es\/tours\/croacia-es\/dubrovnik-es\/dubrovnik-actividades-es\/tour-privado-a-pie-por-el-casco-antiguo-de-dubrovnik-y-juego-de-tronos\/","url":"https:\/\/tourtravelandmore.com\/es\/tours\/croacia-es\/dubrovnik-es\/dubrovnik-actividades-es\/tour-privado-a-pie-por-el-casco-antiguo-de-dubrovnik-y-juego-de-tronos\/","name":"\u27a1\ufe0f Tour Privado a Pie de Juego de Tronos con gu\u00eda oficial | Tour Travel & More","isPartOf":{"@id":"https:\/\/tourtravelandmore.com\/es\/#website"},"primaryImageOfPage":{"@id":"https:\/\/tourtravelandmore.com\/es\/tours\/croacia-es\/dubrovnik-es\/dubrovnik-actividades-es\/tour-privado-a-pie-por-el-casco-antiguo-de-dubrovnik-y-juego-de-tronos\/#primaryimage"},"image":{"@id":"https:\/\/tourtravelandmore.com\/es\/tours\/croacia-es\/dubrovnik-es\/dubrovnik-actividades-es\/tour-privado-a-pie-por-el-casco-antiguo-de-dubrovnik-y-juego-de-tronos\/#primaryimage"},"thumbnailUrl":"https:\/\/tourtravelandmore.com\/wp-content\/uploads\/2020\/03\/34070287681_0cb9ae39a3_b.jpg","datePublished":"2020-03-02T16:32:17+00:00","dateModified":"2024-12-10T16:35:17+00:00","description":"Si eres un verdadero fan de las series, disfruta de este Tour Privado a Pie de Juego de Tronos con gu\u00eda oficial privado por la ciudad de Dubrovnik \u2705","breadcrumb":{"@id":"https:\/\/tourtravelandmore.com\/es\/tours\/croacia-es\/dubrovnik-es\/dubrovnik-actividades-es\/tour-privado-a-pie-por-el-casco-antiguo-de-dubrovnik-y-juego-de-tronos\/#breadcrumb"},"inLanguage":"es","potentialAction":[{"@type":"ReadAction","target":["https:\/\/tourtravelandmore.com\/es\/tours\/croacia-es\/dubrovnik-es\/dubrovnik-actividades-es\/tour-privado-a-pie-por-el-casco-antiguo-de-dubrovnik-y-juego-de-tronos\/"]}]},{"@type":"ImageObject","inLanguage":"es","@id":"https:\/\/tourtravelandmore.com\/es\/tours\/croacia-es\/dubrovnik-es\/dubrovnik-actividades-es\/tour-privado-a-pie-por-el-casco-antiguo-de-dubrovnik-y-juego-de-tronos\/#primaryimage","url":"https:\/\/tourtravelandmore.com\/wp-content\/uploads\/2020\/03\/34070287681_0cb9ae39a3_b.jpg","contentUrl":"https:\/\/tourtravelandmore.com\/wp-content\/uploads\/2020\/03\/34070287681_0cb9ae39a3_b.jpg","width":1024,"height":576},{"@type":"BreadcrumbList","@id":"https:\/\/tourtravelandmore.com\/es\/tours\/croacia-es\/dubrovnik-es\/dubrovnik-actividades-es\/tour-privado-a-pie-por-el-casco-antiguo-de-dubrovnik-y-juego-de-tronos\/#breadcrumb","itemListElement":[{"@type":"ListItem","position":1,"name":"Home","item":"https:\/\/tourtravelandmore.com\/es\/"},{"@type":"ListItem","position":2,"name":"Tours","item":"https:\/\/tourtravelandmore.com\/es\/tours\/"},{"@type":"ListItem","position":3,"name":"Tour Privado a Pie de Juego de Tronos"}]},{"@type":"WebSite","@id":"https:\/\/tourtravelandmore.com\/es\/#website","url":"https:\/\/tourtravelandmore.com\/es\/","name":"Tour Travel And More","description":"Private sightseeing tours and luxury transfers in Spain","publisher":{"@id":"https:\/\/tourtravelandmore.com\/es\/#organization"},"potentialAction":[{"@type":"SearchAction","target":{"@type":"EntryPoint","urlTemplate":"https:\/\/tourtravelandmore.com\/es\/?s={search_term_string}"},"query-input":{"@type":"PropertyValueSpecification","valueRequired":true,"valueName":"search_term_string"}}],"inLanguage":"es"},{"@type":"Organization","@id":"https:\/\/tourtravelandmore.com\/es\/#organization","name":"Tour Travel And More","url":"https:\/\/tourtravelandmore.com\/es\/","logo":{"@type":"ImageObject","inLanguage":"es","@id":"https:\/\/tourtravelandmore.com\/es\/#\/schema\/logo\/image\/","url":"https:\/\/tourtravelandmore.com\/wp-content\/uploads\/2022\/12\/cropped-logo-cabecera-new.png","contentUrl":"https:\/\/tourtravelandmore.com\/wp-content\/uploads\/2022\/12\/cropped-logo-cabecera-new.png","width":430,"height":61,"caption":"Tour Travel And More"},"image":{"@id":"https:\/\/tourtravelandmore.com\/es\/#\/schema\/logo\/image\/"},"sameAs":["https:\/\/www.facebook.com\/tourtravelandmore\/","https:\/\/x.com\/TourTravel_More"]}]}},"_links":{"self":[{"href":"https:\/\/tourtravelandmore.com\/es\/wp-json\/wp\/v2\/product\/78057","targetHints":{"allow":["GET"]}}],"collection":[{"href":"https:\/\/tourtravelandmore.com\/es\/wp-json\/wp\/v2\/product"}],"about":[{"href":"https:\/\/tourtravelandmore.com\/es\/wp-json\/wp\/v2\/types\/product"}],"replies":[{"embeddable":true,"href":"https:\/\/tourtravelandmore.com\/es\/wp-json\/wp\/v2\/comments?post=78057"}],"wp:featuredmedia":[{"embeddable":true,"href":"https:\/\/tourtravelandmore.com\/es\/wp-json\/wp\/v2\/media\/78069"}],"wp:attachment":[{"href":"https:\/\/tourtravelandmore.com\/es\/wp-json\/wp\/v2\/media?parent=78057"}],"wp:term":[{"taxonomy":"product_brand","embeddable":true,"href":"https:\/\/tourtravelandmore.com\/es\/wp-json\/wp\/v2\/product_brand?post=78057"},{"taxonomy":"product_cat","embeddable":true,"href":"https:\/\/tourtravelandmore.com\/es\/wp-json\/wp\/v2\/product_cat?post=78057"},{"taxonomy":"product_tag","embeddable":true,"href":"https:\/\/tourtravelandmore.com\/es\/wp-json\/wp\/v2\/product_tag?post=78057"}],"curies":[{"name":"wp","href":"https:\/\/api.w.org\/{rel}","templated":true}]}}