{"id":78034,"date":"2020-03-02T16:38:34","date_gmt":"2020-03-02T15:38:35","guid":{"rendered":"https:\/\/tourtravelandmore.com\/?post_type=product&#038;p=78034"},"modified":"2025-05-06T20:56:53","modified_gmt":"2025-05-06T18:56:53","slug":"tour-privado-a-pie-de-2-horas-en-dubrovnik","status":"publish","type":"product","link":"https:\/\/tourtravelandmore.com\/es\/tours\/croacia-es\/dubrovnik-es\/dubrovnik-actividades-es\/tour-privado-a-pie-de-2-horas-en-dubrovnik\/","title":{"rendered":"Tour Privado a pie por el Casco Antiguo de Dubrovnik"},"content":{"rendered":"<h2><strong>Descripci\u00f3n del Tour Privado a pie por el Casco Antiguo de Dubrovnik<\/strong><\/h2>\n<p>Con <strong>Tour Travel and More<\/strong>, definitivamente no debes perderte este <strong>Tour Privado a pie por el Casco Antiguo de Dubrovnik<\/strong> en solo 2 horas. Es una elecci\u00f3n perfecta para conocer el casco antiguo de Dubrovnik si no dispone de mucho tiempo.<\/p>\n<p>La ciudad de <strong>Dubrovnik<\/strong> se encuentra en el extremo sur de la Rep\u00fablica de Croacia. Esta hermosa ciudad est\u00e1 rodeada por fronteras de todas las costas, Montenegro, Bosnia y Herzegovina e Italia. En la Edad Media, Dubrovnik era conocida como la <em>Ciudadela del Adri\u00e1tico<\/em>, pero hoy en d\u00eda se la conoce como <em>la Perla del Adri\u00e1tico<\/em>.<\/p>\n<p>Nuestro gu\u00eda oficial privado lo llevar\u00e1 por calles de m\u00e1rmol perdidas entre laberintos, teniendo tambi\u00e9n la oportunidad de ver los hermosos palacios. El gu\u00eda estar\u00e1 a su total disposici\u00f3n durante todo el recorrido.<\/p>\n<p>Este tour privado a pie por el casco antiguo de Dubrovnik es totalmente privado y personalizado. En caso de que lo prefiera, podemos incluir m\u00e1s horas al tour. Si su hotel no est\u00e1 ubicado en el centro, tambi\u00e9n podemos gestionar un traslado privado con conductor para usted. \u00a1Solo tienes que contactarnos!.<\/p>\n<p>Tenemos muchas opciones de <a href=\"https:\/\/tourtravelandmore.com\/es\/ciudad\/croacia-es\/dubrovnik-es\/#shop\/\">tours privados en y desde Dubrovnik<\/a>, \u00a1solo dele un vistazo!<\/p>\n<h2><strong>Puntos de inter\u00e9s en el Tour Privado a pie por el Casco Antiguo de Dubrovnik<\/strong><\/h2>\n<p>En el casco antiguo de Dubrovnik podr\u00e1s visitar diferentes palacios y residencias de clase media, as\u00ed como monasterios y templos. Con los fant\u00e1sticos cuentos de tu gu\u00eda, te sentir\u00e1s transportado a la Edad Media. Incluso podr\u00eda escalar las paredes y admirar una hermosa vista del mar y la ciudad.<\/p>\n<p>El encuentro con su gu\u00eda oficial privado tendr\u00e1 lugar en la Puerta de Pile, la entrada que conecta con Stari Grad (casco antiguo). En caso de que su hotel est\u00e9 ubicado en el centro, tambi\u00e9n podemos organizar la recogida desde all\u00ed.<\/p>\n<p>La aventura comienza con un recorrido por el que ser\u00eda uno de los sistemas de protecci\u00f3n ancestral m\u00e1s robustos: <strong>el puente levadizo<\/strong>. El camino a trav\u00e9s de este puente te llevar\u00e1 r\u00e1pidamente a las calles y las murallas populares.<\/p>\n<p>El tour a pie contin\u00faa por los callejones para descubrir las tradiciones locales y la rica historia de esta joya del Adri\u00e1tico. La primera calle es una de las m\u00e1s famosas y hermosas del casco antiguo de Dubrovnik: <strong>Stradun<\/strong>. Es un camino peatonal empedrado y muy tur\u00edstico, que se extiende por 300 metros lleno de caf\u00e9s y restaurantes.<\/p>\n<p>En un extremo de la calle Stradun, se puede apreciar la hermosa <strong>plaza Lu\u017ea<\/strong> y la <strong>columna de Orlando<\/strong> (El caballero medieval). Este es un lugar ideal para tomar un refrigerio mientras disfruta del ambiente alegre.<\/p>\n<p>En la plaza Lu\u017ea, tambi\u00e9n puede encontrar el hermoso <a href=\"https:\/\/www.wallsofdubrovnik.com\">Palacio Sponza<\/a>, que sirvi\u00f3 como el servicio de aduanas Divona. Hoy sigue siendo una de las estructuras m\u00e1s representativas del g\u00f3tico renacentista.<\/p>\n<p>Siguiendo el recorrido a pie por el casco antiguo, m\u00e1s tarde se encontrar\u00e1 con la <strong>Torre del Reloj<\/strong>. Es una gran torre con campana que data de mediados del siglo XV.<\/p>\n<p>Otro monumento importante, conocido en este tour privado de 2 horas, es el <strong>Palacio del Rector<\/strong>. Gran estructura construida a finales del siglo XV con un dise\u00f1o g\u00f3tico-renacentista.<\/p>\n<p>Finalmente, justo al lado del Palacio del Rector ver\u00e1 la<strong> Catedral de la Asunci\u00f3n<\/strong>, una bas\u00edlica construida en el siglo VII. El tour privado terminar\u00e1 en un lugar c\u00e9ntrico del casco antiguo.<\/p>\n","protected":false},"excerpt":{"rendered":"<p>Con <strong>Tour Travel and More<\/strong>, definitivamente no debe perderse este <strong>tour privado a pie por la ciudad de Dubrovnik<\/strong> en solo 2 o 3 horas. Es una elecci\u00f3n perfecta para conocer <strong>el casco antiguo de Dubrovnik<\/strong> si no dispone de mucho tiempo. Para aprovechar al m\u00e1ximo su tiempo, ser\u00e1 asistido por un gu\u00eda oficial que lo acompa\u00f1ar\u00e1 a dar un paseo con impresionantes vistas y le contar\u00e1 historias sobre la interesante cultura de esta hermosa ciudad croata.<\/p>\n","protected":false},"featured_media":78044,"comment_status":"open","ping_status":"closed","template":"","meta":{"_acf_changed":false},"product_brand":[],"product_cat":[2083,2084,2086],"product_tag":[],"class_list":{"0":"post-78034","1":"product","2":"type-product","3":"status-publish","4":"has-post-thumbnail","6":"product_cat-dubrovnik-es","7":"product_cat-dubrovnik-actividades-es","8":"product_cat-dubrovnik-tours-privados-pie-es","10":"first","11":"instock","12":"shipping-taxable","13":"purchasable","14":"product-type-simple"},"acf":[],"yoast_head":"<!-- This site is optimized with the Yoast SEO Premium plugin v25.3.1 (Yoast SEO v25.3.1) - https:\/\/yoast.com\/wordpress\/plugins\/seo\/ -->\n<title>\u27a1\ufe0f Tour Privado a pie por el Casco Antiguo de Dubrovnik con gu\u00eda oficial | Tour Travel &amp; More<\/title>\n<meta name=\"description\" content=\"Disfrute de este Tour Privado a pie por el Casco Antiguo de Dubrovnik. Conozca los lugares mas importantes y emblem\u00e1ticos de esta maravillosa ciudad \u2705\" \/>\n<meta name=\"robots\" content=\"index, follow, max-snippet:-1, max-image-preview:large, max-video-preview:-1\" \/>\n<link rel=\"canonical\" href=\"https:\/\/tourtravelandmore.com\/es\/tours\/croacia-es\/dubrovnik-es\/dubrovnik-actividades-es\/tour-privado-a-pie-de-2-horas-en-dubrovnik\/\" \/>\n<meta property=\"og:locale\" content=\"es_ES\" \/>\n<meta property=\"og:type\" content=\"article\" \/>\n<meta property=\"og:title\" content=\"Tour Privado a pie por el Casco Antiguo de Dubrovnik\" \/>\n<meta property=\"og:description\" content=\"Disfrute de este Tour Privado a pie por el Casco Antiguo de Dubrovnik. Conozca los lugares mas importantes y emblem\u00e1ticos de esta maravillosa ciudad \u2705\" \/>\n<meta property=\"og:url\" content=\"https:\/\/tourtravelandmore.com\/es\/tours\/croacia-es\/dubrovnik-es\/dubrovnik-actividades-es\/tour-privado-a-pie-de-2-horas-en-dubrovnik\/\" \/>\n<meta property=\"og:site_name\" content=\"Tour Travel And More\" \/>\n<meta property=\"article:publisher\" content=\"https:\/\/www.facebook.com\/tourtravelandmore\/\" \/>\n<meta property=\"article:modified_time\" content=\"2025-05-06T18:56:53+00:00\" \/>\n<meta property=\"og:image\" content=\"https:\/\/tourtravelandmore.com\/wp-content\/uploads\/2020\/03\/dubrovnik-2772356_960_720.jpg\" \/>\n\t<meta property=\"og:image:width\" content=\"960\" \/>\n\t<meta property=\"og:image:height\" content=\"638\" \/>\n\t<meta property=\"og:image:type\" content=\"image\/jpeg\" \/>\n<meta name=\"twitter:card\" content=\"summary_large_image\" \/>\n<meta name=\"twitter:site\" content=\"@TourTravel_More\" \/>\n<meta name=\"twitter:label1\" content=\"Tiempo de lectura\" \/>\n\t<meta name=\"twitter:data1\" content=\"3 minutos\" \/>\n<script type=\"application\/ld+json\" class=\"yoast-schema-graph\">{\"@context\":\"https:\/\/schema.org\",\"@graph\":[{\"@type\":\"WebPage\",\"@id\":\"https:\/\/tourtravelandmore.com\/es\/tours\/croacia-es\/dubrovnik-es\/dubrovnik-actividades-es\/tour-privado-a-pie-de-2-horas-en-dubrovnik\/\",\"url\":\"https:\/\/tourtravelandmore.com\/es\/tours\/croacia-es\/dubrovnik-es\/dubrovnik-actividades-es\/tour-privado-a-pie-de-2-horas-en-dubrovnik\/\",\"name\":\"\u27a1\ufe0f Tour Privado a pie por el Casco Antiguo de Dubrovnik con gu\u00eda oficial | Tour Travel & More\",\"isPartOf\":{\"@id\":\"https:\/\/tourtravelandmore.com\/es\/#website\"},\"primaryImageOfPage\":{\"@id\":\"https:\/\/tourtravelandmore.com\/es\/tours\/croacia-es\/dubrovnik-es\/dubrovnik-actividades-es\/tour-privado-a-pie-de-2-horas-en-dubrovnik\/#primaryimage\"},\"image\":{\"@id\":\"https:\/\/tourtravelandmore.com\/es\/tours\/croacia-es\/dubrovnik-es\/dubrovnik-actividades-es\/tour-privado-a-pie-de-2-horas-en-dubrovnik\/#primaryimage\"},\"thumbnailUrl\":\"https:\/\/tourtravelandmore.com\/wp-content\/uploads\/2020\/03\/dubrovnik-2772356_960_720.jpg\",\"datePublished\":\"2020-03-02T15:38:35+00:00\",\"dateModified\":\"2025-05-06T18:56:53+00:00\",\"description\":\"Disfrute de este Tour Privado a pie por el Casco Antiguo de Dubrovnik. Conozca los lugares mas importantes y emblem\u00e1ticos de esta maravillosa ciudad \u2705\",\"breadcrumb\":{\"@id\":\"https:\/\/tourtravelandmore.com\/es\/tours\/croacia-es\/dubrovnik-es\/dubrovnik-actividades-es\/tour-privado-a-pie-de-2-horas-en-dubrovnik\/#breadcrumb\"},\"inLanguage\":\"es\",\"potentialAction\":[{\"@type\":\"ReadAction\",\"target\":[\"https:\/\/tourtravelandmore.com\/es\/tours\/croacia-es\/dubrovnik-es\/dubrovnik-actividades-es\/tour-privado-a-pie-de-2-horas-en-dubrovnik\/\"]}]},{\"@type\":\"ImageObject\",\"inLanguage\":\"es\",\"@id\":\"https:\/\/tourtravelandmore.com\/es\/tours\/croacia-es\/dubrovnik-es\/dubrovnik-actividades-es\/tour-privado-a-pie-de-2-horas-en-dubrovnik\/#primaryimage\",\"url\":\"https:\/\/tourtravelandmore.com\/wp-content\/uploads\/2020\/03\/dubrovnik-2772356_960_720.jpg\",\"contentUrl\":\"https:\/\/tourtravelandmore.com\/wp-content\/uploads\/2020\/03\/dubrovnik-2772356_960_720.jpg\",\"width\":960,\"height\":638},{\"@type\":\"BreadcrumbList\",\"@id\":\"https:\/\/tourtravelandmore.com\/es\/tours\/croacia-es\/dubrovnik-es\/dubrovnik-actividades-es\/tour-privado-a-pie-de-2-horas-en-dubrovnik\/#breadcrumb\",\"itemListElement\":[{\"@type\":\"ListItem\",\"position\":1,\"name\":\"Home\",\"item\":\"https:\/\/tourtravelandmore.com\/es\/\"},{\"@type\":\"ListItem\",\"position\":2,\"name\":\"Tours\",\"item\":\"https:\/\/tourtravelandmore.com\/es\/tours\/\"},{\"@type\":\"ListItem\",\"position\":3,\"name\":\"Tour Privado a pie por el Casco Antiguo de Dubrovnik\"}]},{\"@type\":\"WebSite\",\"@id\":\"https:\/\/tourtravelandmore.com\/es\/#website\",\"url\":\"https:\/\/tourtravelandmore.com\/es\/\",\"name\":\"Tour Travel And More\",\"description\":\"Private sightseeing tours and luxury transfers in Spain\",\"publisher\":{\"@id\":\"https:\/\/tourtravelandmore.com\/es\/#organization\"},\"potentialAction\":[{\"@type\":\"SearchAction\",\"target\":{\"@type\":\"EntryPoint\",\"urlTemplate\":\"https:\/\/tourtravelandmore.com\/es\/?s={search_term_string}\"},\"query-input\":{\"@type\":\"PropertyValueSpecification\",\"valueRequired\":true,\"valueName\":\"search_term_string\"}}],\"inLanguage\":\"es\"},{\"@type\":\"Organization\",\"@id\":\"https:\/\/tourtravelandmore.com\/es\/#organization\",\"name\":\"Tour Travel And More\",\"url\":\"https:\/\/tourtravelandmore.com\/es\/\",\"logo\":{\"@type\":\"ImageObject\",\"inLanguage\":\"es\",\"@id\":\"https:\/\/tourtravelandmore.com\/es\/#\/schema\/logo\/image\/\",\"url\":\"https:\/\/tourtravelandmore.com\/wp-content\/uploads\/2022\/12\/cropped-logo-cabecera-new.png\",\"contentUrl\":\"https:\/\/tourtravelandmore.com\/wp-content\/uploads\/2022\/12\/cropped-logo-cabecera-new.png\",\"width\":430,\"height\":61,\"caption\":\"Tour Travel And More\"},\"image\":{\"@id\":\"https:\/\/tourtravelandmore.com\/es\/#\/schema\/logo\/image\/\"},\"sameAs\":[\"https:\/\/www.facebook.com\/tourtravelandmore\/\",\"https:\/\/x.com\/TourTravel_More\"]}]}<\/script>\n<!-- \/ Yoast SEO Premium plugin. -->","yoast_head_json":{"title":"\u27a1\ufe0f Tour Privado a pie por el Casco Antiguo de Dubrovnik con gu\u00eda oficial | Tour Travel & More","description":"Disfrute de este Tour Privado a pie por el Casco Antiguo de Dubrovnik. Conozca los lugares mas importantes y emblem\u00e1ticos de esta maravillosa ciudad \u2705","robots":{"index":"index","follow":"follow","max-snippet":"max-snippet:-1","max-image-preview":"max-image-preview:large","max-video-preview":"max-video-preview:-1"},"canonical":"https:\/\/tourtravelandmore.com\/es\/tours\/croacia-es\/dubrovnik-es\/dubrovnik-actividades-es\/tour-privado-a-pie-de-2-horas-en-dubrovnik\/","og_locale":"es_ES","og_type":"article","og_title":"Tour Privado a pie por el Casco Antiguo de Dubrovnik","og_description":"Disfrute de este Tour Privado a pie por el Casco Antiguo de Dubrovnik. Conozca los lugares mas importantes y emblem\u00e1ticos de esta maravillosa ciudad \u2705","og_url":"https:\/\/tourtravelandmore.com\/es\/tours\/croacia-es\/dubrovnik-es\/dubrovnik-actividades-es\/tour-privado-a-pie-de-2-horas-en-dubrovnik\/","og_site_name":"Tour Travel And More","article_publisher":"https:\/\/www.facebook.com\/tourtravelandmore\/","article_modified_time":"2025-05-06T18:56:53+00:00","og_image":[{"width":960,"height":638,"url":"https:\/\/tourtravelandmore.com\/wp-content\/uploads\/2020\/03\/dubrovnik-2772356_960_720.jpg","type":"image\/jpeg"}],"twitter_card":"summary_large_image","twitter_site":"@TourTravel_More","twitter_misc":{"Tiempo de lectura":"3 minutos"},"schema":{"@context":"https:\/\/schema.org","@graph":[{"@type":"WebPage","@id":"https:\/\/tourtravelandmore.com\/es\/tours\/croacia-es\/dubrovnik-es\/dubrovnik-actividades-es\/tour-privado-a-pie-de-2-horas-en-dubrovnik\/","url":"https:\/\/tourtravelandmore.com\/es\/tours\/croacia-es\/dubrovnik-es\/dubrovnik-actividades-es\/tour-privado-a-pie-de-2-horas-en-dubrovnik\/","name":"\u27a1\ufe0f Tour Privado a pie por el Casco Antiguo de Dubrovnik con gu\u00eda oficial | Tour Travel & More","isPartOf":{"@id":"https:\/\/tourtravelandmore.com\/es\/#website"},"primaryImageOfPage":{"@id":"https:\/\/tourtravelandmore.com\/es\/tours\/croacia-es\/dubrovnik-es\/dubrovnik-actividades-es\/tour-privado-a-pie-de-2-horas-en-dubrovnik\/#primaryimage"},"image":{"@id":"https:\/\/tourtravelandmore.com\/es\/tours\/croacia-es\/dubrovnik-es\/dubrovnik-actividades-es\/tour-privado-a-pie-de-2-horas-en-dubrovnik\/#primaryimage"},"thumbnailUrl":"https:\/\/tourtravelandmore.com\/wp-content\/uploads\/2020\/03\/dubrovnik-2772356_960_720.jpg","datePublished":"2020-03-02T15:38:35+00:00","dateModified":"2025-05-06T18:56:53+00:00","description":"Disfrute de este Tour Privado a pie por el Casco Antiguo de Dubrovnik. Conozca los lugares mas importantes y emblem\u00e1ticos de esta maravillosa ciudad \u2705","breadcrumb":{"@id":"https:\/\/tourtravelandmore.com\/es\/tours\/croacia-es\/dubrovnik-es\/dubrovnik-actividades-es\/tour-privado-a-pie-de-2-horas-en-dubrovnik\/#breadcrumb"},"inLanguage":"es","potentialAction":[{"@type":"ReadAction","target":["https:\/\/tourtravelandmore.com\/es\/tours\/croacia-es\/dubrovnik-es\/dubrovnik-actividades-es\/tour-privado-a-pie-de-2-horas-en-dubrovnik\/"]}]},{"@type":"ImageObject","inLanguage":"es","@id":"https:\/\/tourtravelandmore.com\/es\/tours\/croacia-es\/dubrovnik-es\/dubrovnik-actividades-es\/tour-privado-a-pie-de-2-horas-en-dubrovnik\/#primaryimage","url":"https:\/\/tourtravelandmore.com\/wp-content\/uploads\/2020\/03\/dubrovnik-2772356_960_720.jpg","contentUrl":"https:\/\/tourtravelandmore.com\/wp-content\/uploads\/2020\/03\/dubrovnik-2772356_960_720.jpg","width":960,"height":638},{"@type":"BreadcrumbList","@id":"https:\/\/tourtravelandmore.com\/es\/tours\/croacia-es\/dubrovnik-es\/dubrovnik-actividades-es\/tour-privado-a-pie-de-2-horas-en-dubrovnik\/#breadcrumb","itemListElement":[{"@type":"ListItem","position":1,"name":"Home","item":"https:\/\/tourtravelandmore.com\/es\/"},{"@type":"ListItem","position":2,"name":"Tours","item":"https:\/\/tourtravelandmore.com\/es\/tours\/"},{"@type":"ListItem","position":3,"name":"Tour Privado a pie por el Casco Antiguo de Dubrovnik"}]},{"@type":"WebSite","@id":"https:\/\/tourtravelandmore.com\/es\/#website","url":"https:\/\/tourtravelandmore.com\/es\/","name":"Tour Travel And More","description":"Private sightseeing tours and luxury transfers in Spain","publisher":{"@id":"https:\/\/tourtravelandmore.com\/es\/#organization"},"potentialAction":[{"@type":"SearchAction","target":{"@type":"EntryPoint","urlTemplate":"https:\/\/tourtravelandmore.com\/es\/?s={search_term_string}"},"query-input":{"@type":"PropertyValueSpecification","valueRequired":true,"valueName":"search_term_string"}}],"inLanguage":"es"},{"@type":"Organization","@id":"https:\/\/tourtravelandmore.com\/es\/#organization","name":"Tour Travel And More","url":"https:\/\/tourtravelandmore.com\/es\/","logo":{"@type":"ImageObject","inLanguage":"es","@id":"https:\/\/tourtravelandmore.com\/es\/#\/schema\/logo\/image\/","url":"https:\/\/tourtravelandmore.com\/wp-content\/uploads\/2022\/12\/cropped-logo-cabecera-new.png","contentUrl":"https:\/\/tourtravelandmore.com\/wp-content\/uploads\/2022\/12\/cropped-logo-cabecera-new.png","width":430,"height":61,"caption":"Tour Travel And More"},"image":{"@id":"https:\/\/tourtravelandmore.com\/es\/#\/schema\/logo\/image\/"},"sameAs":["https:\/\/www.facebook.com\/tourtravelandmore\/","https:\/\/x.com\/TourTravel_More"]}]}},"_links":{"self":[{"href":"https:\/\/tourtravelandmore.com\/es\/wp-json\/wp\/v2\/product\/78034","targetHints":{"allow":["GET"]}}],"collection":[{"href":"https:\/\/tourtravelandmore.com\/es\/wp-json\/wp\/v2\/product"}],"about":[{"href":"https:\/\/tourtravelandmore.com\/es\/wp-json\/wp\/v2\/types\/product"}],"replies":[{"embeddable":true,"href":"https:\/\/tourtravelandmore.com\/es\/wp-json\/wp\/v2\/comments?post=78034"}],"wp:featuredmedia":[{"embeddable":true,"href":"https:\/\/tourtravelandmore.com\/es\/wp-json\/wp\/v2\/media\/78044"}],"wp:attachment":[{"href":"https:\/\/tourtravelandmore.com\/es\/wp-json\/wp\/v2\/media?parent=78034"}],"wp:term":[{"taxonomy":"product_brand","embeddable":true,"href":"https:\/\/tourtravelandmore.com\/es\/wp-json\/wp\/v2\/product_brand?post=78034"},{"taxonomy":"product_cat","embeddable":true,"href":"https:\/\/tourtravelandmore.com\/es\/wp-json\/wp\/v2\/product_cat?post=78034"},{"taxonomy":"product_tag","embeddable":true,"href":"https:\/\/tourtravelandmore.com\/es\/wp-json\/wp\/v2\/product_tag?post=78034"}],"curies":[{"name":"wp","href":"https:\/\/api.w.org\/{rel}","templated":true}]}}