{"id":778,"date":"2016-03-13T20:49:22","date_gmt":"2016-04-14T18:29:38","guid":{"rendered":"http:\/\/tourtravelandmore.com\/?post_type=product&#038;p=778&#038;lang=es"},"modified":"2025-06-11T10:45:42","modified_gmt":"2025-06-11T08:45:42","slug":"tour-de-cadiz-desde-sevilla-tour-privado-con-guia-y-vehiculo","status":"publish","type":"product","link":"https:\/\/tourtravelandmore.com\/es\/tours\/espana-es\/sevilla-es\/tour-de-cadiz-desde-sevilla-tour-privado-con-guia-y-vehiculo\/","title":{"rendered":"Tour Privado C\u00e1diz desde Sevilla"},"content":{"rendered":"<h2><b>Descripci\u00f3n del Tour Privado a C\u00e1diz desde Sevilla<\/b><\/h2>\n<p class=\"p3\">Disfruta de este <span class=\"s2\"><b>tour privado a C\u00e1diz desde Sevilla<\/b><\/span> y descubre una de las <span class=\"s2\"><b>ciudades m\u00e1s bellas de Andaluc\u00eda<\/b><\/span>, recomendada incluso por la prestigiosa publicaci\u00f3n <span class=\"s2\"><b>The New York Times<\/b><\/span>.<\/p>\n<p class=\"p3\">La duraci\u00f3n total del tour es de <span class=\"s2\"><b>8 horas<\/b><\/span>. Se trata de un recorrido <span class=\"s2\"><b>completamente privado<\/b><\/span>, por lo que puedes elegir tanto la <span class=\"s2\"><b>hora de salida<\/b><\/span> como el <span class=\"s2\"><b>punto de recogida<\/b><\/span> dentro de Sevilla. Nuestro <span class=\"s2\"><b>conductor privado<\/b><\/span> os recoger\u00e1 puntualmente y os llevar\u00e1 c\u00f3modamente hasta <span class=\"s2\"><b>C\u00e1diz<\/b><\/span>, donde os estar\u00e1 esperando un <span class=\"s2\"><b>gu\u00eda oficial<\/b><\/span> para realizar una visita guiada de <span class=\"s2\"><b>3 horas<\/b><\/span> por los principales puntos de inter\u00e9s de la ciudad.<\/p>\n<p class=\"p3\">Durante el recorrido, tendr\u00e9is la oportunidad de hacer una parada para almorzar en un <span class=\"s2\"><b>restaurante t\u00edpico gaditano<\/b><\/span>, perfecto para completar la experiencia con la rica gastronom\u00eda local.<\/p>\n<p class=\"p3\">Este <a href=\"https:\/\/tourtravelandmore.com\/es\/ciudad\/espana-es\/sevilla-es\/\">tour privado en Sevilla<\/a> es ideal para quienes desean conocer C\u00e1diz con atenci\u00f3n personalizada, sin prisas y con total flexibilidad.<\/p>\n<h2>Puntos de inter\u00e9s en el Tour Privado C\u00e1diz desde Sevilla<\/h2>\n<p>Su chofer privado os recoger\u00e1 en su hotel o sitio seleccionado por vosotros en Sevilla, y os llevar\u00e1 en direcci\u00f3n a C\u00e1diz, en un viaje de alrededor de 1 hora y 15 minutos.<\/p>\n<p>Una vez en C\u00e1diz, se encontrar\u00e1n con su gu\u00eda oficial privado, quien os llevar\u00e1 en un tour privado de 3 horas por la ciudad de <strong>C\u00e1diz<\/strong> y sus sitios m\u00e1s emblem\u00e1ticos.<\/p>\n<h3>Durante vuestro tour privado, podr\u00e9is ver entre otros monumentos, los siguientes:<\/h3>\n<ul>\n<li><strong>Ayuntamiento<\/strong><\/li>\n<li><strong>Barrio Populo<\/strong><\/li>\n<li><strong>Teatro Romano<\/strong><\/li>\n<li><strong>Catedral Antigua<\/strong><\/li>\n<li><strong>Caf\u00e9 Royalty<\/strong><\/li>\n<li><strong>Catedral nueva<\/strong><\/li>\n<li><strong>Plaza de las Flores<\/strong><\/li>\n<li><strong>Mercado<\/strong><\/li>\n<li><strong>Barrio La Vi\u00f1a<\/strong><\/li>\n<li><strong>Playa Caleta<\/strong><\/li>\n<li><strong>Murallas romanas<\/strong><\/li>\n<li><strong>\u00a1Mucho m\u00e1s!<\/strong><\/li>\n<\/ul>\n<p>Podr\u00e9is disfrutar de C\u00e1diz en todo su esplendor y conocer\u00e9is lo m\u00e1s emblem\u00e1tico de la ciudad.<\/p>\n<p>El tour tendr\u00e1 una duraci\u00f3n de 9 horas desde que su chofer os recoge en su hotel en Sevilla hasta que los devuelve al mismo sitio.<\/p>\n<p>\u00a1Vuestro veh\u00edculo privado os devolver\u00e1 a vuestro hotel en Sevilla para que pod\u00e1is ir a descansar y recuperar fuerzas!<\/p>\n<p>Es posible coordinar un tour de mayor o menor duraci\u00f3n, no dude en contactarnos. En Tour Travel and More trabajamos para ofrecerle el mejor servicio a su medida.<\/p>\n","protected":false},"excerpt":{"rendered":"<p>Descubre la ciudad de C\u00e1diz, gracias a este tour privado de d\u00eda completo desde Sevilla. Conocer\u00e1s una de las ciudades m\u00e1s importante de Andaluc\u00eda y recomendada en el 2019 por The New York Times, como una ciudad que se tiene que visitar, si dispone de d\u00eda en Espa\u00f1a.<\/p>\n","protected":false},"featured_media":627,"comment_status":"open","ping_status":"closed","template":"","meta":{"_acf_changed":false},"product_brand":[],"product_cat":[105,106],"product_tag":[],"class_list":{"0":"post-778","1":"product","2":"type-product","3":"status-publish","4":"has-post-thumbnail","6":"product_cat-sevilla-es","7":"product_cat-sevilla-excursiones-es","9":"first","10":"instock","11":"shipping-taxable","12":"purchasable","13":"product-type-simple"},"acf":[],"yoast_head":"<!-- This site is optimized with the Yoast SEO Premium plugin v25.3.1 (Yoast SEO v25.3.1) - https:\/\/yoast.com\/wordpress\/plugins\/seo\/ -->\n<title>\u27a1\ufe0f Tour de Cadiz desde Sevilla | Tour Travel &amp; More<\/title>\n<meta name=\"description\" content=\"Disfruta este Tour de Cadiz desde Sevilla, con su gu\u00eda privado y vehiculo, para conocer en un d\u00eda, una de las ciudades m\u00e1s bonitas de Andaluc\u00eda \u2705\" \/>\n<meta name=\"robots\" content=\"index, follow, max-snippet:-1, max-image-preview:large, max-video-preview:-1\" \/>\n<link rel=\"canonical\" href=\"https:\/\/tourtravelandmore.com\/es\/tours\/espana-es\/sevilla-es\/tour-de-cadiz-desde-sevilla-tour-privado-con-guia-y-vehiculo\/\" \/>\n<meta property=\"og:locale\" content=\"es_ES\" \/>\n<meta property=\"og:type\" content=\"article\" \/>\n<meta property=\"og:title\" content=\"Tour Privado C\u00e1diz desde Sevilla\" \/>\n<meta property=\"og:description\" content=\"Disfruta este Tour de Cadiz desde Sevilla, con su gu\u00eda privado y vehiculo, para conocer en un d\u00eda, una de las ciudades m\u00e1s bonitas de Andaluc\u00eda \u2705\" \/>\n<meta property=\"og:url\" content=\"https:\/\/tourtravelandmore.com\/es\/tours\/espana-es\/sevilla-es\/tour-de-cadiz-desde-sevilla-tour-privado-con-guia-y-vehiculo\/\" \/>\n<meta property=\"og:site_name\" content=\"Tour Travel And More\" \/>\n<meta property=\"article:publisher\" content=\"https:\/\/www.facebook.com\/tourtravelandmore\/\" \/>\n<meta property=\"article:modified_time\" content=\"2025-06-11T08:45:42+00:00\" \/>\n<meta property=\"og:image\" content=\"https:\/\/tourtravelandmore.com\/wp-content\/uploads\/2016\/03\/Cadiz-2.jpg\" \/>\n\t<meta property=\"og:image:width\" content=\"1630\" \/>\n\t<meta property=\"og:image:height\" content=\"1080\" \/>\n\t<meta property=\"og:image:type\" content=\"image\/jpeg\" \/>\n<meta name=\"twitter:card\" content=\"summary_large_image\" \/>\n<meta name=\"twitter:site\" content=\"@TourTravel_More\" \/>\n<meta name=\"twitter:label1\" content=\"Tiempo de lectura\" \/>\n\t<meta name=\"twitter:data1\" content=\"2 minutos\" \/>\n<script type=\"application\/ld+json\" class=\"yoast-schema-graph\">{\"@context\":\"https:\/\/schema.org\",\"@graph\":[{\"@type\":\"WebPage\",\"@id\":\"https:\/\/tourtravelandmore.com\/es\/tours\/espana-es\/sevilla-es\/tour-de-cadiz-desde-sevilla-tour-privado-con-guia-y-vehiculo\/\",\"url\":\"https:\/\/tourtravelandmore.com\/es\/tours\/espana-es\/sevilla-es\/tour-de-cadiz-desde-sevilla-tour-privado-con-guia-y-vehiculo\/\",\"name\":\"\u27a1\ufe0f Tour de Cadiz desde Sevilla | Tour Travel & More\",\"isPartOf\":{\"@id\":\"https:\/\/tourtravelandmore.com\/es\/#website\"},\"primaryImageOfPage\":{\"@id\":\"https:\/\/tourtravelandmore.com\/es\/tours\/espana-es\/sevilla-es\/tour-de-cadiz-desde-sevilla-tour-privado-con-guia-y-vehiculo\/#primaryimage\"},\"image\":{\"@id\":\"https:\/\/tourtravelandmore.com\/es\/tours\/espana-es\/sevilla-es\/tour-de-cadiz-desde-sevilla-tour-privado-con-guia-y-vehiculo\/#primaryimage\"},\"thumbnailUrl\":\"https:\/\/tourtravelandmore.com\/wp-content\/uploads\/2016\/03\/Cadiz-2.jpg\",\"datePublished\":\"2016-04-14T18:29:38+00:00\",\"dateModified\":\"2025-06-11T08:45:42+00:00\",\"description\":\"Disfruta este Tour de Cadiz desde Sevilla, con su gu\u00eda privado y vehiculo, para conocer en un d\u00eda, una de las ciudades m\u00e1s bonitas de Andaluc\u00eda \u2705\",\"breadcrumb\":{\"@id\":\"https:\/\/tourtravelandmore.com\/es\/tours\/espana-es\/sevilla-es\/tour-de-cadiz-desde-sevilla-tour-privado-con-guia-y-vehiculo\/#breadcrumb\"},\"inLanguage\":\"es\",\"potentialAction\":[{\"@type\":\"ReadAction\",\"target\":[\"https:\/\/tourtravelandmore.com\/es\/tours\/espana-es\/sevilla-es\/tour-de-cadiz-desde-sevilla-tour-privado-con-guia-y-vehiculo\/\"]}]},{\"@type\":\"ImageObject\",\"inLanguage\":\"es\",\"@id\":\"https:\/\/tourtravelandmore.com\/es\/tours\/espana-es\/sevilla-es\/tour-de-cadiz-desde-sevilla-tour-privado-con-guia-y-vehiculo\/#primaryimage\",\"url\":\"https:\/\/tourtravelandmore.com\/wp-content\/uploads\/2016\/03\/Cadiz-2.jpg\",\"contentUrl\":\"https:\/\/tourtravelandmore.com\/wp-content\/uploads\/2016\/03\/Cadiz-2.jpg\",\"width\":1630,\"height\":1080},{\"@type\":\"BreadcrumbList\",\"@id\":\"https:\/\/tourtravelandmore.com\/es\/tours\/espana-es\/sevilla-es\/tour-de-cadiz-desde-sevilla-tour-privado-con-guia-y-vehiculo\/#breadcrumb\",\"itemListElement\":[{\"@type\":\"ListItem\",\"position\":1,\"name\":\"Home\",\"item\":\"https:\/\/tourtravelandmore.com\/es\/\"},{\"@type\":\"ListItem\",\"position\":2,\"name\":\"Tours\",\"item\":\"https:\/\/tourtravelandmore.com\/es\/tours\/\"},{\"@type\":\"ListItem\",\"position\":3,\"name\":\"Tour Privado C\u00e1diz desde Sevilla\"}]},{\"@type\":\"WebSite\",\"@id\":\"https:\/\/tourtravelandmore.com\/es\/#website\",\"url\":\"https:\/\/tourtravelandmore.com\/es\/\",\"name\":\"Tour Travel And More\",\"description\":\"Private sightseeing tours and luxury transfers in Spain\",\"publisher\":{\"@id\":\"https:\/\/tourtravelandmore.com\/es\/#organization\"},\"potentialAction\":[{\"@type\":\"SearchAction\",\"target\":{\"@type\":\"EntryPoint\",\"urlTemplate\":\"https:\/\/tourtravelandmore.com\/es\/?s={search_term_string}\"},\"query-input\":{\"@type\":\"PropertyValueSpecification\",\"valueRequired\":true,\"valueName\":\"search_term_string\"}}],\"inLanguage\":\"es\"},{\"@type\":\"Organization\",\"@id\":\"https:\/\/tourtravelandmore.com\/es\/#organization\",\"name\":\"Tour Travel And More\",\"url\":\"https:\/\/tourtravelandmore.com\/es\/\",\"logo\":{\"@type\":\"ImageObject\",\"inLanguage\":\"es\",\"@id\":\"https:\/\/tourtravelandmore.com\/es\/#\/schema\/logo\/image\/\",\"url\":\"https:\/\/tourtravelandmore.com\/wp-content\/uploads\/2022\/12\/cropped-logo-cabecera-new.png\",\"contentUrl\":\"https:\/\/tourtravelandmore.com\/wp-content\/uploads\/2022\/12\/cropped-logo-cabecera-new.png\",\"width\":430,\"height\":61,\"caption\":\"Tour Travel And More\"},\"image\":{\"@id\":\"https:\/\/tourtravelandmore.com\/es\/#\/schema\/logo\/image\/\"},\"sameAs\":[\"https:\/\/www.facebook.com\/tourtravelandmore\/\",\"https:\/\/x.com\/TourTravel_More\"]}]}<\/script>\n<!-- \/ Yoast SEO Premium plugin. -->","yoast_head_json":{"title":"\u27a1\ufe0f Tour de Cadiz desde Sevilla | Tour Travel & More","description":"Disfruta este Tour de Cadiz desde Sevilla, con su gu\u00eda privado y vehiculo, para conocer en un d\u00eda, una de las ciudades m\u00e1s bonitas de Andaluc\u00eda \u2705","robots":{"index":"index","follow":"follow","max-snippet":"max-snippet:-1","max-image-preview":"max-image-preview:large","max-video-preview":"max-video-preview:-1"},"canonical":"https:\/\/tourtravelandmore.com\/es\/tours\/espana-es\/sevilla-es\/tour-de-cadiz-desde-sevilla-tour-privado-con-guia-y-vehiculo\/","og_locale":"es_ES","og_type":"article","og_title":"Tour Privado C\u00e1diz desde Sevilla","og_description":"Disfruta este Tour de Cadiz desde Sevilla, con su gu\u00eda privado y vehiculo, para conocer en un d\u00eda, una de las ciudades m\u00e1s bonitas de Andaluc\u00eda \u2705","og_url":"https:\/\/tourtravelandmore.com\/es\/tours\/espana-es\/sevilla-es\/tour-de-cadiz-desde-sevilla-tour-privado-con-guia-y-vehiculo\/","og_site_name":"Tour Travel And More","article_publisher":"https:\/\/www.facebook.com\/tourtravelandmore\/","article_modified_time":"2025-06-11T08:45:42+00:00","og_image":[{"width":1630,"height":1080,"url":"https:\/\/tourtravelandmore.com\/wp-content\/uploads\/2016\/03\/Cadiz-2.jpg","type":"image\/jpeg"}],"twitter_card":"summary_large_image","twitter_site":"@TourTravel_More","twitter_misc":{"Tiempo de lectura":"2 minutos"},"schema":{"@context":"https:\/\/schema.org","@graph":[{"@type":"WebPage","@id":"https:\/\/tourtravelandmore.com\/es\/tours\/espana-es\/sevilla-es\/tour-de-cadiz-desde-sevilla-tour-privado-con-guia-y-vehiculo\/","url":"https:\/\/tourtravelandmore.com\/es\/tours\/espana-es\/sevilla-es\/tour-de-cadiz-desde-sevilla-tour-privado-con-guia-y-vehiculo\/","name":"\u27a1\ufe0f Tour de Cadiz desde Sevilla | Tour Travel & More","isPartOf":{"@id":"https:\/\/tourtravelandmore.com\/es\/#website"},"primaryImageOfPage":{"@id":"https:\/\/tourtravelandmore.com\/es\/tours\/espana-es\/sevilla-es\/tour-de-cadiz-desde-sevilla-tour-privado-con-guia-y-vehiculo\/#primaryimage"},"image":{"@id":"https:\/\/tourtravelandmore.com\/es\/tours\/espana-es\/sevilla-es\/tour-de-cadiz-desde-sevilla-tour-privado-con-guia-y-vehiculo\/#primaryimage"},"thumbnailUrl":"https:\/\/tourtravelandmore.com\/wp-content\/uploads\/2016\/03\/Cadiz-2.jpg","datePublished":"2016-04-14T18:29:38+00:00","dateModified":"2025-06-11T08:45:42+00:00","description":"Disfruta este Tour de Cadiz desde Sevilla, con su gu\u00eda privado y vehiculo, para conocer en un d\u00eda, una de las ciudades m\u00e1s bonitas de Andaluc\u00eda \u2705","breadcrumb":{"@id":"https:\/\/tourtravelandmore.com\/es\/tours\/espana-es\/sevilla-es\/tour-de-cadiz-desde-sevilla-tour-privado-con-guia-y-vehiculo\/#breadcrumb"},"inLanguage":"es","potentialAction":[{"@type":"ReadAction","target":["https:\/\/tourtravelandmore.com\/es\/tours\/espana-es\/sevilla-es\/tour-de-cadiz-desde-sevilla-tour-privado-con-guia-y-vehiculo\/"]}]},{"@type":"ImageObject","inLanguage":"es","@id":"https:\/\/tourtravelandmore.com\/es\/tours\/espana-es\/sevilla-es\/tour-de-cadiz-desde-sevilla-tour-privado-con-guia-y-vehiculo\/#primaryimage","url":"https:\/\/tourtravelandmore.com\/wp-content\/uploads\/2016\/03\/Cadiz-2.jpg","contentUrl":"https:\/\/tourtravelandmore.com\/wp-content\/uploads\/2016\/03\/Cadiz-2.jpg","width":1630,"height":1080},{"@type":"BreadcrumbList","@id":"https:\/\/tourtravelandmore.com\/es\/tours\/espana-es\/sevilla-es\/tour-de-cadiz-desde-sevilla-tour-privado-con-guia-y-vehiculo\/#breadcrumb","itemListElement":[{"@type":"ListItem","position":1,"name":"Home","item":"https:\/\/tourtravelandmore.com\/es\/"},{"@type":"ListItem","position":2,"name":"Tours","item":"https:\/\/tourtravelandmore.com\/es\/tours\/"},{"@type":"ListItem","position":3,"name":"Tour Privado C\u00e1diz desde Sevilla"}]},{"@type":"WebSite","@id":"https:\/\/tourtravelandmore.com\/es\/#website","url":"https:\/\/tourtravelandmore.com\/es\/","name":"Tour Travel And More","description":"Private sightseeing tours and luxury transfers in Spain","publisher":{"@id":"https:\/\/tourtravelandmore.com\/es\/#organization"},"potentialAction":[{"@type":"SearchAction","target":{"@type":"EntryPoint","urlTemplate":"https:\/\/tourtravelandmore.com\/es\/?s={search_term_string}"},"query-input":{"@type":"PropertyValueSpecification","valueRequired":true,"valueName":"search_term_string"}}],"inLanguage":"es"},{"@type":"Organization","@id":"https:\/\/tourtravelandmore.com\/es\/#organization","name":"Tour Travel And More","url":"https:\/\/tourtravelandmore.com\/es\/","logo":{"@type":"ImageObject","inLanguage":"es","@id":"https:\/\/tourtravelandmore.com\/es\/#\/schema\/logo\/image\/","url":"https:\/\/tourtravelandmore.com\/wp-content\/uploads\/2022\/12\/cropped-logo-cabecera-new.png","contentUrl":"https:\/\/tourtravelandmore.com\/wp-content\/uploads\/2022\/12\/cropped-logo-cabecera-new.png","width":430,"height":61,"caption":"Tour Travel And More"},"image":{"@id":"https:\/\/tourtravelandmore.com\/es\/#\/schema\/logo\/image\/"},"sameAs":["https:\/\/www.facebook.com\/tourtravelandmore\/","https:\/\/x.com\/TourTravel_More"]}]}},"_links":{"self":[{"href":"https:\/\/tourtravelandmore.com\/es\/wp-json\/wp\/v2\/product\/778","targetHints":{"allow":["GET"]}}],"collection":[{"href":"https:\/\/tourtravelandmore.com\/es\/wp-json\/wp\/v2\/product"}],"about":[{"href":"https:\/\/tourtravelandmore.com\/es\/wp-json\/wp\/v2\/types\/product"}],"replies":[{"embeddable":true,"href":"https:\/\/tourtravelandmore.com\/es\/wp-json\/wp\/v2\/comments?post=778"}],"wp:featuredmedia":[{"embeddable":true,"href":"https:\/\/tourtravelandmore.com\/es\/wp-json\/wp\/v2\/media\/627"}],"wp:attachment":[{"href":"https:\/\/tourtravelandmore.com\/es\/wp-json\/wp\/v2\/media?parent=778"}],"wp:term":[{"taxonomy":"product_brand","embeddable":true,"href":"https:\/\/tourtravelandmore.com\/es\/wp-json\/wp\/v2\/product_brand?post=778"},{"taxonomy":"product_cat","embeddable":true,"href":"https:\/\/tourtravelandmore.com\/es\/wp-json\/wp\/v2\/product_cat?post=778"},{"taxonomy":"product_tag","embeddable":true,"href":"https:\/\/tourtravelandmore.com\/es\/wp-json\/wp\/v2\/product_tag?post=778"}],"curies":[{"name":"wp","href":"https:\/\/api.w.org\/{rel}","templated":true}]}}