{"id":77786,"date":"2020-02-24T12:48:18","date_gmt":"2020-02-24T11:48:19","guid":{"rendered":"https:\/\/tourtravelandmore.com\/?post_type=product&#038;p=77786"},"modified":"2021-05-24T14:16:18","modified_gmt":"2021-05-24T12:16:18","slug":"tour-privado-de-dia-completo-a-la-costa-de-maine","status":"publish","type":"product","link":"https:\/\/tourtravelandmore.com\/es\/tours\/eeuu-es\/boston-es\/boston-rutas-turisticas-privadas-es\/tour-privado-de-dia-completo-a-la-costa-de-maine\/","title":{"rendered":"Tour Privado a la Costa de Maine"},"content":{"rendered":"<h2><strong>Descripci\u00f3n del Tour Privado<\/strong><\/h2>\n<p>Aproveche sus d\u00edas en <strong>Boston<\/strong> y \u00fanase a nosotros en este <strong>tour privado a la Costa de Maine<\/strong>. Disfrute de este tour privado de d\u00eda completo con su propio <strong>conductor privado<\/strong> y <strong>gu\u00eda tur\u00edstico oficial<\/strong> y explor\u00e9 la vibrante Costa de Maine. Prep\u00e1rese para explorar las playas m\u00e1s hermosas y los lugares m\u00e1s bonitos de esta maravillosa zona.<\/p>\n<p>La recogida ser\u00e1 en su hotel o lugar de elecci\u00f3n en Boston temprano en la ma\u00f1ana. El servicio se realizar\u00e1 en un <strong>veh\u00edculo privado de lujo<\/strong>.<\/p>\n<p><strong>La Costa de Maine<\/strong> tiene las ciudades m\u00e1s hermosas que cualquier otra costa de Estados Unidos. Todas son especialmente hermosas en verano, pero merecen una visita en cualquier \u00e9poca del a\u00f1o. Se ubica en la regi\u00f3n Nordeste del pa\u00eds. La capital de Maine es Augusta y su ciudad m\u00e1s poblada es Portland.<\/p>\n<p>Aproveche la oportunidad de salir de Boston por un d\u00eda y disfrute de esta incre\u00edble excursi\u00f3n privada a una de las zonas m\u00e1s hermosas de EE. UU. Su conductor y gu\u00eda privados estar\u00e1n a su entera disposici\u00f3n durante todo el d\u00eda.<\/p>\n<h2><strong>Itinerario en Costa de Maine<\/strong><\/h2>\n<p>En primer lugar, su conductor privado y gu\u00eda tur\u00edstico oficial lo recoger\u00e1n en su hotel en Boston. Prep\u00e1rate para explorar la Costa de Maine y sus incre\u00edbles pueblos.<\/p>\n<h2><strong>Puntos de inter\u00e9s en Costa de Maine<\/strong><\/h2>\n<p>Durante este tour privado a la Costa de Maine desde Boston, podr\u00e1 visitar:<\/p>\n<ul>\n<li><a href=\"http:\/\/nubblelight.org\">Faro Nubble<\/a><\/li>\n<li><strong>Castine<\/strong><\/li>\n<li><strong>Playa de Old Orchard<\/strong><\/li>\n<li><strong>Cabo Elizabeth<\/strong><\/li>\n<li><strong>Molinos de Brunswick<\/strong><\/li>\n<li><strong>Pen\u00ednsula de Harpswell<\/strong><\/li>\n<li><strong>Parque estatal Reid<\/strong><\/li>\n<li><strong>Compa\u00f1\u00eda cervecera Oxbow<\/strong><\/li>\n<li><strong>Puerto de Rockland<\/strong><\/li>\n<li><strong>Puerto de Camden<\/strong><\/li>\n<li><strong>Bah\u00eda de Penobscot<\/strong><\/li>\n<li><strong>Lago Megunticook<\/strong><\/li>\n<li><strong>Parque Nacional Acadia<\/strong><\/li>\n<li>\u00a1Y mucho m\u00e1s!<\/li>\n<\/ul>\n<p>Este es el recorrido perfecto para relajarse, admirar la incre\u00edble vista de la costa y escapar del ruidoso Boston. Volver\u00e1s de tus vacaciones llenas de buenas energ\u00edas y momentos incre\u00edbles vividos.<\/p>\n<p>Durante este tour privado, har\u00e1s una parada para almorzar y degustar el plato t\u00edpico de la zona. En caso de que lo prefiera, podemos hacer una reserva para usted en un encantador restaurante costero.<\/p>\n<p>Finalmente, su conductor y gu\u00eda privados lo llevar\u00e1n de regreso a su punto de partida en Boston.<\/p>\n<p><strong>Tenemos m\u00faltiples opciones de tour privado en y desde Boston, eche un vistazo a <a href=\"https:\/\/tourtravelandmore.com\/es\/ciudad\/eeuu-es\/boston-es\/\">nuestra lista de productos privados<\/a>.<\/strong><\/p>\n","protected":false},"excerpt":{"rendered":"<p>Disfruta una<strong> excursi\u00f3n privada a la maravillosa costa de Maine.<\/strong> Preparaos para explorar sus maravillosas playas, sus deslumbrantes acantilados y muchos m\u00e1s sitios de inter\u00e9s en esta grandiosa costa.<\/p>\n","protected":false},"featured_media":85131,"comment_status":"open","ping_status":"closed","template":"","meta":{"_acf_changed":false},"product_brand":[],"product_cat":[1602,2062,2066,2065],"product_tag":[],"class_list":{"0":"post-77786","1":"product","2":"type-product","3":"status-publish","4":"has-post-thumbnail","6":"product_cat-eeuu-es","7":"product_cat-boston-es","8":"product_cat-boston-actividades-es","9":"product_cat-boston-rutas-turisticas-privadas-es","11":"first","12":"instock","13":"shipping-taxable","14":"purchasable","15":"product-type-simple"},"acf":[],"yoast_head":"<!-- This site is optimized with the Yoast SEO Premium plugin v25.3.1 (Yoast SEO v25.3.1) - https:\/\/yoast.com\/wordpress\/plugins\/seo\/ -->\n<title>Tour Privado a la Costa de Maine desde Boston | Tour Travel &amp; More<\/title>\n<meta name=\"description\" content=\"\u2192 Reserva Ya nuestro Tour privado a la increible Costa de Maine, playas, sus emblem\u00e1ticos faros, sus maravillosos puertos y mucho m\u00e1s \u2705\" \/>\n<meta name=\"robots\" content=\"index, follow, max-snippet:-1, max-image-preview:large, max-video-preview:-1\" \/>\n<link rel=\"canonical\" href=\"https:\/\/tourtravelandmore.com\/es\/tours\/eeuu-es\/tour-privado-de-dia-completo-a-la-costa-de-maine\/\" \/>\n<meta property=\"og:locale\" content=\"es_ES\" \/>\n<meta property=\"og:type\" content=\"article\" \/>\n<meta property=\"og:title\" content=\"Tour Privado a la Costa de Maine\" \/>\n<meta property=\"og:description\" content=\"\u2192 Reserva Ya nuestro Tour privado a la increible Costa de Maine, playas, sus emblem\u00e1ticos faros, sus maravillosos puertos y mucho m\u00e1s \u2705\" \/>\n<meta property=\"og:url\" content=\"https:\/\/tourtravelandmore.com\/es\/tours\/eeuu-es\/tour-privado-de-dia-completo-a-la-costa-de-maine\/\" \/>\n<meta property=\"og:site_name\" content=\"Tour Travel And More\" \/>\n<meta property=\"article:publisher\" content=\"https:\/\/www.facebook.com\/tourtravelandmore\/\" \/>\n<meta property=\"article:modified_time\" content=\"2021-05-24T12:16:18+00:00\" \/>\n<meta property=\"og:image\" content=\"https:\/\/tourtravelandmore.com\/wp-content\/uploads\/2020\/02\/maine-3.jpg\" \/>\n\t<meta property=\"og:image:width\" content=\"1280\" \/>\n\t<meta property=\"og:image:height\" content=\"960\" \/>\n\t<meta property=\"og:image:type\" content=\"image\/jpeg\" \/>\n<meta name=\"twitter:card\" content=\"summary_large_image\" \/>\n<meta name=\"twitter:site\" content=\"@TourTravel_More\" \/>\n<meta name=\"twitter:label1\" content=\"Tiempo de lectura\" \/>\n\t<meta name=\"twitter:data1\" content=\"2 minutos\" \/>\n<script type=\"application\/ld+json\" class=\"yoast-schema-graph\">{\"@context\":\"https:\/\/schema.org\",\"@graph\":[{\"@type\":\"WebPage\",\"@id\":\"https:\/\/tourtravelandmore.com\/es\/tours\/eeuu-es\/boston-es\/boston-rutas-turisticas-privadas-es\/tour-privado-de-dia-completo-a-la-costa-de-maine\/\",\"url\":\"https:\/\/tourtravelandmore.com\/es\/tours\/eeuu-es\/tour-privado-de-dia-completo-a-la-costa-de-maine\/\",\"name\":\"Tour Privado a la Costa de Maine desde Boston | Tour Travel & More\",\"isPartOf\":{\"@id\":\"https:\/\/tourtravelandmore.com\/es\/#website\"},\"primaryImageOfPage\":{\"@id\":\"https:\/\/tourtravelandmore.com\/es\/tours\/eeuu-es\/tour-privado-de-dia-completo-a-la-costa-de-maine\/#primaryimage\"},\"image\":{\"@id\":\"https:\/\/tourtravelandmore.com\/es\/tours\/eeuu-es\/tour-privado-de-dia-completo-a-la-costa-de-maine\/#primaryimage\"},\"thumbnailUrl\":\"https:\/\/tourtravelandmore.com\/wp-content\/uploads\/2020\/02\/maine-3.jpg\",\"datePublished\":\"2020-02-24T11:48:19+00:00\",\"dateModified\":\"2021-05-24T12:16:18+00:00\",\"description\":\"\u2192 Reserva Ya nuestro Tour privado a la increible Costa de Maine, playas, sus emblem\u00e1ticos faros, sus maravillosos puertos y mucho m\u00e1s \u2705\",\"breadcrumb\":{\"@id\":\"https:\/\/tourtravelandmore.com\/es\/tours\/eeuu-es\/tour-privado-de-dia-completo-a-la-costa-de-maine\/#breadcrumb\"},\"inLanguage\":\"es\",\"potentialAction\":[{\"@type\":\"ReadAction\",\"target\":[\"https:\/\/tourtravelandmore.com\/es\/tours\/eeuu-es\/tour-privado-de-dia-completo-a-la-costa-de-maine\/\"]}]},{\"@type\":\"ImageObject\",\"inLanguage\":\"es\",\"@id\":\"https:\/\/tourtravelandmore.com\/es\/tours\/eeuu-es\/tour-privado-de-dia-completo-a-la-costa-de-maine\/#primaryimage\",\"url\":\"https:\/\/tourtravelandmore.com\/wp-content\/uploads\/2020\/02\/maine-3.jpg\",\"contentUrl\":\"https:\/\/tourtravelandmore.com\/wp-content\/uploads\/2020\/02\/maine-3.jpg\",\"width\":1280,\"height\":960},{\"@type\":\"BreadcrumbList\",\"@id\":\"https:\/\/tourtravelandmore.com\/es\/tours\/eeuu-es\/tour-privado-de-dia-completo-a-la-costa-de-maine\/#breadcrumb\",\"itemListElement\":[{\"@type\":\"ListItem\",\"position\":1,\"name\":\"Home\",\"item\":\"https:\/\/tourtravelandmore.com\/es\/\"},{\"@type\":\"ListItem\",\"position\":2,\"name\":\"Tours\",\"item\":\"https:\/\/tourtravelandmore.com\/es\/tours\/\"},{\"@type\":\"ListItem\",\"position\":3,\"name\":\"Tour Privado a la Costa de Maine\"}]},{\"@type\":\"WebSite\",\"@id\":\"https:\/\/tourtravelandmore.com\/es\/#website\",\"url\":\"https:\/\/tourtravelandmore.com\/es\/\",\"name\":\"Tour Travel And More\",\"description\":\"Private sightseeing tours and luxury transfers in Spain\",\"publisher\":{\"@id\":\"https:\/\/tourtravelandmore.com\/es\/#organization\"},\"potentialAction\":[{\"@type\":\"SearchAction\",\"target\":{\"@type\":\"EntryPoint\",\"urlTemplate\":\"https:\/\/tourtravelandmore.com\/es\/?s={search_term_string}\"},\"query-input\":{\"@type\":\"PropertyValueSpecification\",\"valueRequired\":true,\"valueName\":\"search_term_string\"}}],\"inLanguage\":\"es\"},{\"@type\":\"Organization\",\"@id\":\"https:\/\/tourtravelandmore.com\/es\/#organization\",\"name\":\"Tour Travel And More\",\"url\":\"https:\/\/tourtravelandmore.com\/es\/\",\"logo\":{\"@type\":\"ImageObject\",\"inLanguage\":\"es\",\"@id\":\"https:\/\/tourtravelandmore.com\/es\/#\/schema\/logo\/image\/\",\"url\":\"https:\/\/tourtravelandmore.com\/wp-content\/uploads\/2022\/12\/cropped-logo-cabecera-new.png\",\"contentUrl\":\"https:\/\/tourtravelandmore.com\/wp-content\/uploads\/2022\/12\/cropped-logo-cabecera-new.png\",\"width\":430,\"height\":61,\"caption\":\"Tour Travel And More\"},\"image\":{\"@id\":\"https:\/\/tourtravelandmore.com\/es\/#\/schema\/logo\/image\/\"},\"sameAs\":[\"https:\/\/www.facebook.com\/tourtravelandmore\/\",\"https:\/\/x.com\/TourTravel_More\"]}]}<\/script>\n<!-- \/ Yoast SEO Premium plugin. -->","yoast_head_json":{"title":"Tour Privado a la Costa de Maine desde Boston | Tour Travel & More","description":"\u2192 Reserva Ya nuestro Tour privado a la increible Costa de Maine, playas, sus emblem\u00e1ticos faros, sus maravillosos puertos y mucho m\u00e1s \u2705","robots":{"index":"index","follow":"follow","max-snippet":"max-snippet:-1","max-image-preview":"max-image-preview:large","max-video-preview":"max-video-preview:-1"},"canonical":"https:\/\/tourtravelandmore.com\/es\/tours\/eeuu-es\/tour-privado-de-dia-completo-a-la-costa-de-maine\/","og_locale":"es_ES","og_type":"article","og_title":"Tour Privado a la Costa de Maine","og_description":"\u2192 Reserva Ya nuestro Tour privado a la increible Costa de Maine, playas, sus emblem\u00e1ticos faros, sus maravillosos puertos y mucho m\u00e1s \u2705","og_url":"https:\/\/tourtravelandmore.com\/es\/tours\/eeuu-es\/tour-privado-de-dia-completo-a-la-costa-de-maine\/","og_site_name":"Tour Travel And More","article_publisher":"https:\/\/www.facebook.com\/tourtravelandmore\/","article_modified_time":"2021-05-24T12:16:18+00:00","og_image":[{"width":1280,"height":960,"url":"https:\/\/tourtravelandmore.com\/wp-content\/uploads\/2020\/02\/maine-3.jpg","type":"image\/jpeg"}],"twitter_card":"summary_large_image","twitter_site":"@TourTravel_More","twitter_misc":{"Tiempo de lectura":"2 minutos"},"schema":{"@context":"https:\/\/schema.org","@graph":[{"@type":"WebPage","@id":"https:\/\/tourtravelandmore.com\/es\/tours\/eeuu-es\/boston-es\/boston-rutas-turisticas-privadas-es\/tour-privado-de-dia-completo-a-la-costa-de-maine\/","url":"https:\/\/tourtravelandmore.com\/es\/tours\/eeuu-es\/tour-privado-de-dia-completo-a-la-costa-de-maine\/","name":"Tour Privado a la Costa de Maine desde Boston | Tour Travel & More","isPartOf":{"@id":"https:\/\/tourtravelandmore.com\/es\/#website"},"primaryImageOfPage":{"@id":"https:\/\/tourtravelandmore.com\/es\/tours\/eeuu-es\/tour-privado-de-dia-completo-a-la-costa-de-maine\/#primaryimage"},"image":{"@id":"https:\/\/tourtravelandmore.com\/es\/tours\/eeuu-es\/tour-privado-de-dia-completo-a-la-costa-de-maine\/#primaryimage"},"thumbnailUrl":"https:\/\/tourtravelandmore.com\/wp-content\/uploads\/2020\/02\/maine-3.jpg","datePublished":"2020-02-24T11:48:19+00:00","dateModified":"2021-05-24T12:16:18+00:00","description":"\u2192 Reserva Ya nuestro Tour privado a la increible Costa de Maine, playas, sus emblem\u00e1ticos faros, sus maravillosos puertos y mucho m\u00e1s \u2705","breadcrumb":{"@id":"https:\/\/tourtravelandmore.com\/es\/tours\/eeuu-es\/tour-privado-de-dia-completo-a-la-costa-de-maine\/#breadcrumb"},"inLanguage":"es","potentialAction":[{"@type":"ReadAction","target":["https:\/\/tourtravelandmore.com\/es\/tours\/eeuu-es\/tour-privado-de-dia-completo-a-la-costa-de-maine\/"]}]},{"@type":"ImageObject","inLanguage":"es","@id":"https:\/\/tourtravelandmore.com\/es\/tours\/eeuu-es\/tour-privado-de-dia-completo-a-la-costa-de-maine\/#primaryimage","url":"https:\/\/tourtravelandmore.com\/wp-content\/uploads\/2020\/02\/maine-3.jpg","contentUrl":"https:\/\/tourtravelandmore.com\/wp-content\/uploads\/2020\/02\/maine-3.jpg","width":1280,"height":960},{"@type":"BreadcrumbList","@id":"https:\/\/tourtravelandmore.com\/es\/tours\/eeuu-es\/tour-privado-de-dia-completo-a-la-costa-de-maine\/#breadcrumb","itemListElement":[{"@type":"ListItem","position":1,"name":"Home","item":"https:\/\/tourtravelandmore.com\/es\/"},{"@type":"ListItem","position":2,"name":"Tours","item":"https:\/\/tourtravelandmore.com\/es\/tours\/"},{"@type":"ListItem","position":3,"name":"Tour Privado a la Costa de Maine"}]},{"@type":"WebSite","@id":"https:\/\/tourtravelandmore.com\/es\/#website","url":"https:\/\/tourtravelandmore.com\/es\/","name":"Tour Travel And More","description":"Private sightseeing tours and luxury transfers in Spain","publisher":{"@id":"https:\/\/tourtravelandmore.com\/es\/#organization"},"potentialAction":[{"@type":"SearchAction","target":{"@type":"EntryPoint","urlTemplate":"https:\/\/tourtravelandmore.com\/es\/?s={search_term_string}"},"query-input":{"@type":"PropertyValueSpecification","valueRequired":true,"valueName":"search_term_string"}}],"inLanguage":"es"},{"@type":"Organization","@id":"https:\/\/tourtravelandmore.com\/es\/#organization","name":"Tour Travel And More","url":"https:\/\/tourtravelandmore.com\/es\/","logo":{"@type":"ImageObject","inLanguage":"es","@id":"https:\/\/tourtravelandmore.com\/es\/#\/schema\/logo\/image\/","url":"https:\/\/tourtravelandmore.com\/wp-content\/uploads\/2022\/12\/cropped-logo-cabecera-new.png","contentUrl":"https:\/\/tourtravelandmore.com\/wp-content\/uploads\/2022\/12\/cropped-logo-cabecera-new.png","width":430,"height":61,"caption":"Tour Travel And More"},"image":{"@id":"https:\/\/tourtravelandmore.com\/es\/#\/schema\/logo\/image\/"},"sameAs":["https:\/\/www.facebook.com\/tourtravelandmore\/","https:\/\/x.com\/TourTravel_More"]}]}},"_links":{"self":[{"href":"https:\/\/tourtravelandmore.com\/es\/wp-json\/wp\/v2\/product\/77786","targetHints":{"allow":["GET"]}}],"collection":[{"href":"https:\/\/tourtravelandmore.com\/es\/wp-json\/wp\/v2\/product"}],"about":[{"href":"https:\/\/tourtravelandmore.com\/es\/wp-json\/wp\/v2\/types\/product"}],"replies":[{"embeddable":true,"href":"https:\/\/tourtravelandmore.com\/es\/wp-json\/wp\/v2\/comments?post=77786"}],"wp:featuredmedia":[{"embeddable":true,"href":"https:\/\/tourtravelandmore.com\/es\/wp-json\/wp\/v2\/media\/85131"}],"wp:attachment":[{"href":"https:\/\/tourtravelandmore.com\/es\/wp-json\/wp\/v2\/media?parent=77786"}],"wp:term":[{"taxonomy":"product_brand","embeddable":true,"href":"https:\/\/tourtravelandmore.com\/es\/wp-json\/wp\/v2\/product_brand?post=77786"},{"taxonomy":"product_cat","embeddable":true,"href":"https:\/\/tourtravelandmore.com\/es\/wp-json\/wp\/v2\/product_cat?post=77786"},{"taxonomy":"product_tag","embeddable":true,"href":"https:\/\/tourtravelandmore.com\/es\/wp-json\/wp\/v2\/product_tag?post=77786"}],"curies":[{"name":"wp","href":"https:\/\/api.w.org\/{rel}","templated":true}]}}