{"id":77652,"date":"2020-02-21T13:31:47","date_gmt":"2020-02-21T12:31:47","guid":{"rendered":"https:\/\/tourtravelandmore.com\/?post_type=product&#038;p=77652"},"modified":"2021-05-24T14:06:36","modified_gmt":"2021-05-24T12:06:36","slug":"tour-privado-de-4-horas-de-cambridge-lexington-y-concord","status":"publish","type":"product","link":"https:\/\/tourtravelandmore.com\/es\/tours\/eeuu-es\/boston-es\/boston-rutas-turisticas-privadas-es\/tour-privado-de-4-horas-de-cambridge-lexington-y-concord\/","title":{"rendered":"Tour Privado por Cambridge, Lexington y Concord"},"content":{"rendered":"<h2><strong>Descripci\u00f3n del Tour Privado por Cambridge, Lexington y Concord<\/strong><\/h2>\n<p><strong>Boston<\/strong> es una gran ciudad que tiene mucho que ofrecer. Ven con nosotros en este <strong>tour privado por Cambridge, Lexington y Concord<\/strong> con tu propio conductor privado y gu\u00eda tur\u00edstico oficial. Prep\u00e1rese para explorar los barrios m\u00e1s bellos de Boston.<\/p>\n<p>Como ya sabe, la recogida podr\u00eda ser desde el lugar que elija en Boston, incluso desde el aeropuerto en caso de que lo necesite. Este es un tour de medio d\u00eda, pero si lo prefiere, podemos incluir m\u00e1s horas a su experiencia. Solo tiene que contactarnos y mencionarnos sus deseos.<\/p>\n<p><strong>Boston<\/strong> es la capital y ciudad m\u00e1s poblada de la Commonwealth de Massachusetts. Est\u00e1 situado en la costa del Oc\u00e9ano Atl\u00e1ntico, es la \u00fanica capital del estado en los Estados Unidos contiguos con una costa oce\u00e1nica. Boston es una de las ciudades m\u00e1s antiguas del pa\u00eds y fue escenario de eventos clave de la Revoluci\u00f3n Americana.<\/p>\n<p>Aproveche la oportunidad de disfrutar de un recorrido incre\u00edble durante sus vacaciones. El equipo de <strong>Tour Travel &amp; More<\/strong> es profesional y est\u00e1 dispuesto a ayudarlo a organizar su experiencia perfecta.<\/p>\n<h2><strong>Itinerario del Tour Privado<\/strong><\/h2>\n<p>En primer lugar, su conductor y gu\u00eda privados lo recoger\u00e1n en el lugar que elija en Boston. Como se trata de un tour privado, usted determinar\u00e1 la hora de inicio. Durante el tour, descubrir\u00e1s algunos de los sitios m\u00e1s emblem\u00e1ticos de los alrededores de Boston con tu experto local.<\/p>\n<p>Prep\u00e1rese para visitar <strong>Cambridge<\/strong>, centro de educaci\u00f3n, innovaci\u00f3n e historia mundialmente reconocido. Explore <strong>Lexington Green<\/strong>, donde tuvo lugar la batalla contra los brit\u00e1nicos, y conozca en profundidad la historia de la Revoluci\u00f3n Americana.<\/p>\n<h2><strong>Puntos de inter\u00e9s en el Tour Privado<\/strong><\/h2>\n<p>Durante este tour privado por Cambridge, Lexington y Concord, podr\u00e1 visitar:<\/p>\n<ul>\n<li><a href=\"https:\/\/web.mit.edu\">Instituto de Tecnolog\u00eda de Massachusetts (MIT)<\/a><\/li>\n<li><strong>Museo del MIT<\/strong><\/li>\n<li><strong>Universidad Harvard<\/strong><\/li>\n<li><strong>Museo de Historia Nacional de Harvard<\/strong><\/li>\n<li><strong>Cambridge Common<\/strong><\/li>\n<li><strong>Lexington Green<\/strong><\/li>\n<li><strong>Orchard House de Louisa May Alcott<\/strong><\/li>\n<li>\u00a1Y mucho m\u00e1s!<\/li>\n<\/ul>\n<p>Podemos incluir la entrada a cualquier monumento o museo que desee visitar. Como ya mencionamos, solo tienes que contactarnos y lo arreglaremos todo por ti.<\/p>\n<p>Finalmente, al final de la visita, su conductor privado y gu\u00eda tur\u00edstico lo llevar\u00e1n de regreso a su punto de partida.<\/p>\n<p><strong>Otro posible tour de medio d\u00eda es nuestro <a href=\"https:\/\/tourtravelandmore.com\/es\/tours\/eeuu-es\/boston-es\/boston-tours-privados-pie-es\/tour-privado-a-pie-por-5-horas-en-boston\/\">tour privado a pie por Boston<\/a>, \u00a1echa un vistazo!<\/strong><\/p>\n","protected":false},"excerpt":{"rendered":"<p>Aproveche al m\u00e1ximo su estad\u00eda en Boston con nuestro <strong>TOUR PRIVADO<\/strong> y conozca los sitios m\u00e1s importantes de sus alrededores c\u00f3modos en un veh\u00edculo privado, junto a un gu\u00eda oficial. <strong>Visite Lexington<\/strong>, sitio donde comenzaron las batallas de<strong> Lexington y Concord.<\/strong><\/p>\n","protected":false},"featured_media":77662,"comment_status":"open","ping_status":"closed","template":"","meta":{"_acf_changed":false},"product_brand":[],"product_cat":[1602,2062,2066,2065],"product_tag":[],"class_list":{"0":"post-77652","1":"product","2":"type-product","3":"status-publish","4":"has-post-thumbnail","6":"product_cat-eeuu-es","7":"product_cat-boston-es","8":"product_cat-boston-actividades-es","9":"product_cat-boston-rutas-turisticas-privadas-es","11":"first","12":"instock","13":"shipping-taxable","14":"purchasable","15":"product-type-simple"},"acf":[],"yoast_head":"<!-- This site is optimized with the Yoast SEO Premium plugin v25.3.1 (Yoast SEO v25.3.1) - https:\/\/yoast.com\/wordpress\/plugins\/seo\/ -->\n<title>Tour Privado por Cambridge, Lexington y Concord | Tour Travel &amp; More<\/title>\n<meta name=\"description\" content=\"\u2192 Reserva ya nuestro lujoso Tour Privado por Cambridge, Lexington y Concord y conozca los lugares mas emblem\u00e1ticos de Boston \u2705\" \/>\n<meta name=\"robots\" content=\"index, follow, max-snippet:-1, max-image-preview:large, max-video-preview:-1\" \/>\n<link rel=\"canonical\" href=\"https:\/\/tourtravelandmore.com\/es\/tours\/eeuu-es\/boston-es\/boston-actividades-es\/tour-privado-de-4-horas-de-cambridge-lexington-y-concord\/\" \/>\n<meta property=\"og:locale\" content=\"es_ES\" \/>\n<meta property=\"og:type\" content=\"article\" \/>\n<meta property=\"og:title\" content=\"Tour Privado por Cambridge, Lexington y Concord\" \/>\n<meta property=\"og:description\" content=\"\u2192 Reserva ya nuestro lujoso Tour Privado por Cambridge, Lexington y Concord y conozca los lugares mas emblem\u00e1ticos de Boston \u2705\" \/>\n<meta property=\"og:url\" content=\"https:\/\/tourtravelandmore.com\/es\/tours\/eeuu-es\/boston-es\/boston-actividades-es\/tour-privado-de-4-horas-de-cambridge-lexington-y-concord\/\" \/>\n<meta property=\"og:site_name\" content=\"Tour Travel And More\" \/>\n<meta property=\"article:publisher\" content=\"https:\/\/www.facebook.com\/tourtravelandmore\/\" \/>\n<meta property=\"article:modified_time\" content=\"2021-05-24T12:06:36+00:00\" \/>\n<meta property=\"og:image\" content=\"https:\/\/tourtravelandmore.com\/wp-content\/uploads\/2020\/02\/b16.jpg\" \/>\n\t<meta property=\"og:image:width\" content=\"1024\" \/>\n\t<meta property=\"og:image:height\" content=\"683\" \/>\n\t<meta property=\"og:image:type\" content=\"image\/jpeg\" \/>\n<meta name=\"twitter:card\" content=\"summary_large_image\" \/>\n<meta name=\"twitter:site\" content=\"@TourTravel_More\" \/>\n<meta name=\"twitter:label1\" content=\"Tiempo de lectura\" \/>\n\t<meta name=\"twitter:data1\" content=\"2 minutos\" \/>\n<script type=\"application\/ld+json\" class=\"yoast-schema-graph\">{\"@context\":\"https:\/\/schema.org\",\"@graph\":[{\"@type\":\"WebPage\",\"@id\":\"https:\/\/tourtravelandmore.com\/es\/tours\/eeuu-es\/boston-es\/boston-rutas-turisticas-privadas-es\/tour-privado-de-4-horas-de-cambridge-lexington-y-concord\/\",\"url\":\"https:\/\/tourtravelandmore.com\/es\/tours\/eeuu-es\/boston-es\/boston-actividades-es\/tour-privado-de-4-horas-de-cambridge-lexington-y-concord\/\",\"name\":\"Tour Privado por Cambridge, Lexington y Concord | Tour Travel & More\",\"isPartOf\":{\"@id\":\"https:\/\/tourtravelandmore.com\/es\/#website\"},\"primaryImageOfPage\":{\"@id\":\"https:\/\/tourtravelandmore.com\/es\/tours\/eeuu-es\/boston-es\/boston-actividades-es\/tour-privado-de-4-horas-de-cambridge-lexington-y-concord\/#primaryimage\"},\"image\":{\"@id\":\"https:\/\/tourtravelandmore.com\/es\/tours\/eeuu-es\/boston-es\/boston-actividades-es\/tour-privado-de-4-horas-de-cambridge-lexington-y-concord\/#primaryimage\"},\"thumbnailUrl\":\"https:\/\/tourtravelandmore.com\/wp-content\/uploads\/2020\/02\/b16.jpg\",\"datePublished\":\"2020-02-21T12:31:47+00:00\",\"dateModified\":\"2021-05-24T12:06:36+00:00\",\"description\":\"\u2192 Reserva ya nuestro lujoso Tour Privado por Cambridge, Lexington y Concord y conozca los lugares mas emblem\u00e1ticos de Boston \u2705\",\"breadcrumb\":{\"@id\":\"https:\/\/tourtravelandmore.com\/es\/tours\/eeuu-es\/boston-es\/boston-actividades-es\/tour-privado-de-4-horas-de-cambridge-lexington-y-concord\/#breadcrumb\"},\"inLanguage\":\"es\",\"potentialAction\":[{\"@type\":\"ReadAction\",\"target\":[\"https:\/\/tourtravelandmore.com\/es\/tours\/eeuu-es\/boston-es\/boston-actividades-es\/tour-privado-de-4-horas-de-cambridge-lexington-y-concord\/\"]}]},{\"@type\":\"ImageObject\",\"inLanguage\":\"es\",\"@id\":\"https:\/\/tourtravelandmore.com\/es\/tours\/eeuu-es\/boston-es\/boston-actividades-es\/tour-privado-de-4-horas-de-cambridge-lexington-y-concord\/#primaryimage\",\"url\":\"https:\/\/tourtravelandmore.com\/wp-content\/uploads\/2020\/02\/b16.jpg\",\"contentUrl\":\"https:\/\/tourtravelandmore.com\/wp-content\/uploads\/2020\/02\/b16.jpg\",\"width\":1024,\"height\":683},{\"@type\":\"BreadcrumbList\",\"@id\":\"https:\/\/tourtravelandmore.com\/es\/tours\/eeuu-es\/boston-es\/boston-actividades-es\/tour-privado-de-4-horas-de-cambridge-lexington-y-concord\/#breadcrumb\",\"itemListElement\":[{\"@type\":\"ListItem\",\"position\":1,\"name\":\"Home\",\"item\":\"https:\/\/tourtravelandmore.com\/es\/\"},{\"@type\":\"ListItem\",\"position\":2,\"name\":\"Tours\",\"item\":\"https:\/\/tourtravelandmore.com\/es\/tours\/\"},{\"@type\":\"ListItem\",\"position\":3,\"name\":\"Tour Privado por Cambridge, Lexington y Concord\"}]},{\"@type\":\"WebSite\",\"@id\":\"https:\/\/tourtravelandmore.com\/es\/#website\",\"url\":\"https:\/\/tourtravelandmore.com\/es\/\",\"name\":\"Tour Travel And More\",\"description\":\"Private sightseeing tours and luxury transfers in Spain\",\"publisher\":{\"@id\":\"https:\/\/tourtravelandmore.com\/es\/#organization\"},\"potentialAction\":[{\"@type\":\"SearchAction\",\"target\":{\"@type\":\"EntryPoint\",\"urlTemplate\":\"https:\/\/tourtravelandmore.com\/es\/?s={search_term_string}\"},\"query-input\":{\"@type\":\"PropertyValueSpecification\",\"valueRequired\":true,\"valueName\":\"search_term_string\"}}],\"inLanguage\":\"es\"},{\"@type\":\"Organization\",\"@id\":\"https:\/\/tourtravelandmore.com\/es\/#organization\",\"name\":\"Tour Travel And More\",\"url\":\"https:\/\/tourtravelandmore.com\/es\/\",\"logo\":{\"@type\":\"ImageObject\",\"inLanguage\":\"es\",\"@id\":\"https:\/\/tourtravelandmore.com\/es\/#\/schema\/logo\/image\/\",\"url\":\"https:\/\/tourtravelandmore.com\/wp-content\/uploads\/2022\/12\/cropped-logo-cabecera-new.png\",\"contentUrl\":\"https:\/\/tourtravelandmore.com\/wp-content\/uploads\/2022\/12\/cropped-logo-cabecera-new.png\",\"width\":430,\"height\":61,\"caption\":\"Tour Travel And More\"},\"image\":{\"@id\":\"https:\/\/tourtravelandmore.com\/es\/#\/schema\/logo\/image\/\"},\"sameAs\":[\"https:\/\/www.facebook.com\/tourtravelandmore\/\",\"https:\/\/x.com\/TourTravel_More\"]}]}<\/script>\n<!-- \/ Yoast SEO Premium plugin. -->","yoast_head_json":{"title":"Tour Privado por Cambridge, Lexington y Concord | Tour Travel & More","description":"\u2192 Reserva ya nuestro lujoso Tour Privado por Cambridge, Lexington y Concord y conozca los lugares mas emblem\u00e1ticos de Boston \u2705","robots":{"index":"index","follow":"follow","max-snippet":"max-snippet:-1","max-image-preview":"max-image-preview:large","max-video-preview":"max-video-preview:-1"},"canonical":"https:\/\/tourtravelandmore.com\/es\/tours\/eeuu-es\/boston-es\/boston-actividades-es\/tour-privado-de-4-horas-de-cambridge-lexington-y-concord\/","og_locale":"es_ES","og_type":"article","og_title":"Tour Privado por Cambridge, Lexington y Concord","og_description":"\u2192 Reserva ya nuestro lujoso Tour Privado por Cambridge, Lexington y Concord y conozca los lugares mas emblem\u00e1ticos de Boston \u2705","og_url":"https:\/\/tourtravelandmore.com\/es\/tours\/eeuu-es\/boston-es\/boston-actividades-es\/tour-privado-de-4-horas-de-cambridge-lexington-y-concord\/","og_site_name":"Tour Travel And More","article_publisher":"https:\/\/www.facebook.com\/tourtravelandmore\/","article_modified_time":"2021-05-24T12:06:36+00:00","og_image":[{"width":1024,"height":683,"url":"https:\/\/tourtravelandmore.com\/wp-content\/uploads\/2020\/02\/b16.jpg","type":"image\/jpeg"}],"twitter_card":"summary_large_image","twitter_site":"@TourTravel_More","twitter_misc":{"Tiempo de lectura":"2 minutos"},"schema":{"@context":"https:\/\/schema.org","@graph":[{"@type":"WebPage","@id":"https:\/\/tourtravelandmore.com\/es\/tours\/eeuu-es\/boston-es\/boston-rutas-turisticas-privadas-es\/tour-privado-de-4-horas-de-cambridge-lexington-y-concord\/","url":"https:\/\/tourtravelandmore.com\/es\/tours\/eeuu-es\/boston-es\/boston-actividades-es\/tour-privado-de-4-horas-de-cambridge-lexington-y-concord\/","name":"Tour Privado por Cambridge, Lexington y Concord | Tour Travel & More","isPartOf":{"@id":"https:\/\/tourtravelandmore.com\/es\/#website"},"primaryImageOfPage":{"@id":"https:\/\/tourtravelandmore.com\/es\/tours\/eeuu-es\/boston-es\/boston-actividades-es\/tour-privado-de-4-horas-de-cambridge-lexington-y-concord\/#primaryimage"},"image":{"@id":"https:\/\/tourtravelandmore.com\/es\/tours\/eeuu-es\/boston-es\/boston-actividades-es\/tour-privado-de-4-horas-de-cambridge-lexington-y-concord\/#primaryimage"},"thumbnailUrl":"https:\/\/tourtravelandmore.com\/wp-content\/uploads\/2020\/02\/b16.jpg","datePublished":"2020-02-21T12:31:47+00:00","dateModified":"2021-05-24T12:06:36+00:00","description":"\u2192 Reserva ya nuestro lujoso Tour Privado por Cambridge, Lexington y Concord y conozca los lugares mas emblem\u00e1ticos de Boston \u2705","breadcrumb":{"@id":"https:\/\/tourtravelandmore.com\/es\/tours\/eeuu-es\/boston-es\/boston-actividades-es\/tour-privado-de-4-horas-de-cambridge-lexington-y-concord\/#breadcrumb"},"inLanguage":"es","potentialAction":[{"@type":"ReadAction","target":["https:\/\/tourtravelandmore.com\/es\/tours\/eeuu-es\/boston-es\/boston-actividades-es\/tour-privado-de-4-horas-de-cambridge-lexington-y-concord\/"]}]},{"@type":"ImageObject","inLanguage":"es","@id":"https:\/\/tourtravelandmore.com\/es\/tours\/eeuu-es\/boston-es\/boston-actividades-es\/tour-privado-de-4-horas-de-cambridge-lexington-y-concord\/#primaryimage","url":"https:\/\/tourtravelandmore.com\/wp-content\/uploads\/2020\/02\/b16.jpg","contentUrl":"https:\/\/tourtravelandmore.com\/wp-content\/uploads\/2020\/02\/b16.jpg","width":1024,"height":683},{"@type":"BreadcrumbList","@id":"https:\/\/tourtravelandmore.com\/es\/tours\/eeuu-es\/boston-es\/boston-actividades-es\/tour-privado-de-4-horas-de-cambridge-lexington-y-concord\/#breadcrumb","itemListElement":[{"@type":"ListItem","position":1,"name":"Home","item":"https:\/\/tourtravelandmore.com\/es\/"},{"@type":"ListItem","position":2,"name":"Tours","item":"https:\/\/tourtravelandmore.com\/es\/tours\/"},{"@type":"ListItem","position":3,"name":"Tour Privado por Cambridge, Lexington y Concord"}]},{"@type":"WebSite","@id":"https:\/\/tourtravelandmore.com\/es\/#website","url":"https:\/\/tourtravelandmore.com\/es\/","name":"Tour Travel And More","description":"Private sightseeing tours and luxury transfers in Spain","publisher":{"@id":"https:\/\/tourtravelandmore.com\/es\/#organization"},"potentialAction":[{"@type":"SearchAction","target":{"@type":"EntryPoint","urlTemplate":"https:\/\/tourtravelandmore.com\/es\/?s={search_term_string}"},"query-input":{"@type":"PropertyValueSpecification","valueRequired":true,"valueName":"search_term_string"}}],"inLanguage":"es"},{"@type":"Organization","@id":"https:\/\/tourtravelandmore.com\/es\/#organization","name":"Tour Travel And More","url":"https:\/\/tourtravelandmore.com\/es\/","logo":{"@type":"ImageObject","inLanguage":"es","@id":"https:\/\/tourtravelandmore.com\/es\/#\/schema\/logo\/image\/","url":"https:\/\/tourtravelandmore.com\/wp-content\/uploads\/2022\/12\/cropped-logo-cabecera-new.png","contentUrl":"https:\/\/tourtravelandmore.com\/wp-content\/uploads\/2022\/12\/cropped-logo-cabecera-new.png","width":430,"height":61,"caption":"Tour Travel And More"},"image":{"@id":"https:\/\/tourtravelandmore.com\/es\/#\/schema\/logo\/image\/"},"sameAs":["https:\/\/www.facebook.com\/tourtravelandmore\/","https:\/\/x.com\/TourTravel_More"]}]}},"_links":{"self":[{"href":"https:\/\/tourtravelandmore.com\/es\/wp-json\/wp\/v2\/product\/77652","targetHints":{"allow":["GET"]}}],"collection":[{"href":"https:\/\/tourtravelandmore.com\/es\/wp-json\/wp\/v2\/product"}],"about":[{"href":"https:\/\/tourtravelandmore.com\/es\/wp-json\/wp\/v2\/types\/product"}],"replies":[{"embeddable":true,"href":"https:\/\/tourtravelandmore.com\/es\/wp-json\/wp\/v2\/comments?post=77652"}],"wp:featuredmedia":[{"embeddable":true,"href":"https:\/\/tourtravelandmore.com\/es\/wp-json\/wp\/v2\/media\/77662"}],"wp:attachment":[{"href":"https:\/\/tourtravelandmore.com\/es\/wp-json\/wp\/v2\/media?parent=77652"}],"wp:term":[{"taxonomy":"product_brand","embeddable":true,"href":"https:\/\/tourtravelandmore.com\/es\/wp-json\/wp\/v2\/product_brand?post=77652"},{"taxonomy":"product_cat","embeddable":true,"href":"https:\/\/tourtravelandmore.com\/es\/wp-json\/wp\/v2\/product_cat?post=77652"},{"taxonomy":"product_tag","embeddable":true,"href":"https:\/\/tourtravelandmore.com\/es\/wp-json\/wp\/v2\/product_tag?post=77652"}],"curies":[{"name":"wp","href":"https:\/\/api.w.org\/{rel}","templated":true}]}}