{"id":77629,"date":"2020-02-21T12:53:07","date_gmt":"2020-02-21T11:53:07","guid":{"rendered":"https:\/\/tourtravelandmore.com\/?post_type=product&#038;p=77629"},"modified":"2021-05-24T15:35:18","modified_gmt":"2021-05-24T13:35:18","slug":"tour-privado-a-pie-de-3-horas-en-beacon-hill","status":"publish","type":"product","link":"https:\/\/tourtravelandmore.com\/es\/tours\/eeuu-es\/boston-es\/boston-tours-privados-pie-es\/tour-privado-a-pie-de-3-horas-en-beacon-hill\/","title":{"rendered":"Tour Privado a pie por Beacon Hill"},"content":{"rendered":"<h2><strong>Descripci\u00f3n del Tour a Pie por Beacon Hill<\/strong><\/h2>\n<p>Disfrute de su tiempo en <strong>Boston<\/strong> tanto como sea posible con este <strong>tour privado a pie por Beacon Hill<\/strong>. Conocer\u00e1 uno de los barrios m\u00e1s antiguos y pintorescos de Am\u00e9rica junto con un <strong>gu\u00eda oficial privado<\/strong>.<\/p>\n<p>El recorrido comenzar\u00e1 en el centro de la ciudad a la hora deseada por usted. Es posible organizar una recogida en su hotel o lugar de elecci\u00f3n, si est\u00e1 fuera del centro de la ciudad. Incluso podemos proporcionar una disposici\u00f3n de veh\u00edculo durante todo el recorrido.<\/p>\n<p><strong>Boston<\/strong> es la capital y ciudad m\u00e1s poblada de la Commonwealth de Massachusetts. Est\u00e1 situado en la costa del Oc\u00e9ano Atl\u00e1ntico, es la \u00fanica capital del estado en los Estados Unidos contiguos con una costa oce\u00e1nica. Boston es una de las ciudades m\u00e1s antiguas del pa\u00eds y fue escenario de eventos clave de la Revoluci\u00f3n Americana.<\/p>\n<p>Este tour privado a pie por Beacon Hill le dar\u00e1 la oportunidad de sumergirse en un vecindario \u00fanico. Su gu\u00eda tur\u00edstico oficial privado estar\u00e1 a su completa disposici\u00f3n durante la visita guiada de 3 horas.<\/p>\n<h2><strong>Itinerario en el Tour a Pie<\/strong><\/h2>\n<p>En primer lugar, se reunir\u00e1 con su gu\u00eda tur\u00edstico oficial privado en un lugar central de Boston. Est\u00e9 preparado para admirar la arquitectura \u00fanica que caracteriza a esta \u00e1rea de Boston.<\/p>\n<p>Prep\u00e1rese para un viaje a otro siglo en este paseo por las calles en las que sol\u00eda caminar el reverendo William Blackstone. Disfrute de la arquitectura victoriana de los edificios antiguos. Sienta la brisa de la libertad en su paseo por las 20 hect\u00e1reas, llenas de historia y naturaleza, de <strong>The Boston Common<\/strong>, el parque m\u00e1s antiguo de Estados Unidos.<\/p>\n<h2><strong>Puntos de inter\u00e9s en Beacon Hill<\/strong><\/h2>\n<p>Una vez que iniciamos el recorrido, le ofrecemos visitar, entre otros sitios:<\/p>\n<ul>\n<li><strong>Plaza de Louisburg<\/strong><\/li>\n<li><strong>Sendero de la historia negra<\/strong><\/li>\n<li><a href=\"https:\/\/malegislature.gov\">Casa del Estado<\/a><\/li>\n<li><strong>Calle Bellota<\/strong><\/li>\n<li>\u00a1Y mucho m\u00e1s!<\/li>\n<\/ul>\n<p>En caso de que lo prefieras, podemos incluir la entrada a cualquier monumento o museo que desees visitar. Este es un tour completamente privado y personalizado solo para ti y tu grupo.<\/p>\n<p>Finalmente, al final del recorrido, su gu\u00eda tur\u00edstico oficial privado lo dejar\u00e1 en un lugar c\u00e9ntrico de Boston.<\/p>\n<p><strong>En caso de que est\u00e9s interesado, tambi\u00e9n ofrecemos un <a href=\"https:\/\/tourtravelandmore.com\/es\/tours\/eeuu-es\/boston-es\/boston-rutas-turisticas-privadas-es\/tour-privado-de-lo-mejor-de-boston\/\">city tour privado por Boston<\/a>, \u00a1echa un vistazo!.<\/strong><\/p>\n","protected":false},"excerpt":{"rendered":"<p>Aproveche al m\u00e1ximo su estad\u00eda en <strong>Boston con nuestro Tour a Pie<\/strong> y conozca<strong> Beacon Hill<\/strong>, uno de los vecindarios m\u00e1s antiguos de los Estados Unidos! Disfrute de descubrir la ciudad junto a un gu\u00eda oficial, experto en historia y cultura de la ciudad.<\/p>\n","protected":false},"featured_media":85046,"comment_status":"open","ping_status":"closed","template":"","meta":{"_acf_changed":false},"product_brand":[],"product_cat":[1602,2062,2066,2064],"product_tag":[],"class_list":{"0":"post-77629","1":"product","2":"type-product","3":"status-publish","4":"has-post-thumbnail","6":"product_cat-eeuu-es","7":"product_cat-boston-es","8":"product_cat-boston-actividades-es","9":"product_cat-boston-tours-privados-pie-es","11":"first","12":"instock","13":"shipping-taxable","14":"purchasable","15":"product-type-simple"},"acf":[],"yoast_head":"<!-- This site is optimized with the Yoast SEO Premium plugin v25.3.1 (Yoast SEO v25.3.1) - https:\/\/yoast.com\/wordpress\/plugins\/seo\/ -->\n<title>Tour Privado a pie por Beacon Hill de 3 horas | Tour Travel &amp; More<\/title>\n<meta name=\"description\" content=\"\u2192 Reserva Ya Nuestro Tour Privado a pie por Beacon Hill en Boston y explorara sus maravillosos edificios, sus deslumbrante historia y m\u00e1s \u2705\" \/>\n<meta name=\"robots\" content=\"index, follow, max-snippet:-1, max-image-preview:large, max-video-preview:-1\" \/>\n<link rel=\"canonical\" href=\"https:\/\/tourtravelandmore.com\/es\/tours\/eeuu-es\/boston-es\/boston-actividades-es\/tour-privado-a-pie-de-3-horas-en-beacon-hill\/\" \/>\n<meta property=\"og:locale\" content=\"es_ES\" \/>\n<meta property=\"og:type\" content=\"article\" \/>\n<meta property=\"og:title\" content=\"Tour Privado a pie por Beacon Hill\" \/>\n<meta property=\"og:description\" content=\"\u2192 Reserva Ya Nuestro Tour Privado a pie por Beacon Hill en Boston y explorara sus maravillosos edificios, sus deslumbrante historia y m\u00e1s \u2705\" \/>\n<meta property=\"og:url\" content=\"https:\/\/tourtravelandmore.com\/es\/tours\/eeuu-es\/boston-es\/boston-actividades-es\/tour-privado-a-pie-de-3-horas-en-beacon-hill\/\" \/>\n<meta property=\"og:site_name\" content=\"Tour Travel And More\" \/>\n<meta property=\"article:publisher\" content=\"https:\/\/www.facebook.com\/tourtravelandmore\/\" \/>\n<meta property=\"article:modified_time\" content=\"2021-05-24T13:35:18+00:00\" \/>\n<meta property=\"og:image\" content=\"https:\/\/tourtravelandmore.com\/wp-content\/uploads\/2020\/02\/beacon-3-scaled.jpg\" \/>\n\t<meta property=\"og:image:width\" content=\"2560\" \/>\n\t<meta property=\"og:image:height\" content=\"1920\" \/>\n\t<meta property=\"og:image:type\" content=\"image\/jpeg\" \/>\n<meta name=\"twitter:card\" content=\"summary_large_image\" \/>\n<meta name=\"twitter:site\" content=\"@TourTravel_More\" \/>\n<meta name=\"twitter:label1\" content=\"Tiempo de lectura\" \/>\n\t<meta name=\"twitter:data1\" content=\"2 minutos\" \/>\n<script type=\"application\/ld+json\" class=\"yoast-schema-graph\">{\"@context\":\"https:\/\/schema.org\",\"@graph\":[{\"@type\":\"WebPage\",\"@id\":\"https:\/\/tourtravelandmore.com\/es\/tours\/eeuu-es\/boston-es\/boston-tours-privados-pie-es\/tour-privado-a-pie-de-3-horas-en-beacon-hill\/\",\"url\":\"https:\/\/tourtravelandmore.com\/es\/tours\/eeuu-es\/boston-es\/boston-actividades-es\/tour-privado-a-pie-de-3-horas-en-beacon-hill\/\",\"name\":\"Tour Privado a pie por Beacon Hill de 3 horas | Tour Travel & More\",\"isPartOf\":{\"@id\":\"https:\/\/tourtravelandmore.com\/es\/#website\"},\"primaryImageOfPage\":{\"@id\":\"https:\/\/tourtravelandmore.com\/es\/tours\/eeuu-es\/boston-es\/boston-actividades-es\/tour-privado-a-pie-de-3-horas-en-beacon-hill\/#primaryimage\"},\"image\":{\"@id\":\"https:\/\/tourtravelandmore.com\/es\/tours\/eeuu-es\/boston-es\/boston-actividades-es\/tour-privado-a-pie-de-3-horas-en-beacon-hill\/#primaryimage\"},\"thumbnailUrl\":\"https:\/\/tourtravelandmore.com\/wp-content\/uploads\/2020\/02\/beacon-3-scaled.jpg\",\"datePublished\":\"2020-02-21T11:53:07+00:00\",\"dateModified\":\"2021-05-24T13:35:18+00:00\",\"description\":\"\u2192 Reserva Ya Nuestro Tour Privado a pie por Beacon Hill en Boston y explorara sus maravillosos edificios, sus deslumbrante historia y m\u00e1s \u2705\",\"breadcrumb\":{\"@id\":\"https:\/\/tourtravelandmore.com\/es\/tours\/eeuu-es\/boston-es\/boston-actividades-es\/tour-privado-a-pie-de-3-horas-en-beacon-hill\/#breadcrumb\"},\"inLanguage\":\"es\",\"potentialAction\":[{\"@type\":\"ReadAction\",\"target\":[\"https:\/\/tourtravelandmore.com\/es\/tours\/eeuu-es\/boston-es\/boston-actividades-es\/tour-privado-a-pie-de-3-horas-en-beacon-hill\/\"]}]},{\"@type\":\"ImageObject\",\"inLanguage\":\"es\",\"@id\":\"https:\/\/tourtravelandmore.com\/es\/tours\/eeuu-es\/boston-es\/boston-actividades-es\/tour-privado-a-pie-de-3-horas-en-beacon-hill\/#primaryimage\",\"url\":\"https:\/\/tourtravelandmore.com\/wp-content\/uploads\/2020\/02\/beacon-3-scaled.jpg\",\"contentUrl\":\"https:\/\/tourtravelandmore.com\/wp-content\/uploads\/2020\/02\/beacon-3-scaled.jpg\",\"width\":2560,\"height\":1920,\"caption\":\"DCIM100MEDIADJI_0032.JPG\"},{\"@type\":\"BreadcrumbList\",\"@id\":\"https:\/\/tourtravelandmore.com\/es\/tours\/eeuu-es\/boston-es\/boston-actividades-es\/tour-privado-a-pie-de-3-horas-en-beacon-hill\/#breadcrumb\",\"itemListElement\":[{\"@type\":\"ListItem\",\"position\":1,\"name\":\"Home\",\"item\":\"https:\/\/tourtravelandmore.com\/es\/\"},{\"@type\":\"ListItem\",\"position\":2,\"name\":\"Tours\",\"item\":\"https:\/\/tourtravelandmore.com\/es\/tours\/\"},{\"@type\":\"ListItem\",\"position\":3,\"name\":\"Tour Privado a pie por Beacon Hill\"}]},{\"@type\":\"WebSite\",\"@id\":\"https:\/\/tourtravelandmore.com\/es\/#website\",\"url\":\"https:\/\/tourtravelandmore.com\/es\/\",\"name\":\"Tour Travel And More\",\"description\":\"Private sightseeing tours and luxury transfers in Spain\",\"publisher\":{\"@id\":\"https:\/\/tourtravelandmore.com\/es\/#organization\"},\"potentialAction\":[{\"@type\":\"SearchAction\",\"target\":{\"@type\":\"EntryPoint\",\"urlTemplate\":\"https:\/\/tourtravelandmore.com\/es\/?s={search_term_string}\"},\"query-input\":{\"@type\":\"PropertyValueSpecification\",\"valueRequired\":true,\"valueName\":\"search_term_string\"}}],\"inLanguage\":\"es\"},{\"@type\":\"Organization\",\"@id\":\"https:\/\/tourtravelandmore.com\/es\/#organization\",\"name\":\"Tour Travel And More\",\"url\":\"https:\/\/tourtravelandmore.com\/es\/\",\"logo\":{\"@type\":\"ImageObject\",\"inLanguage\":\"es\",\"@id\":\"https:\/\/tourtravelandmore.com\/es\/#\/schema\/logo\/image\/\",\"url\":\"https:\/\/tourtravelandmore.com\/wp-content\/uploads\/2022\/12\/cropped-logo-cabecera-new.png\",\"contentUrl\":\"https:\/\/tourtravelandmore.com\/wp-content\/uploads\/2022\/12\/cropped-logo-cabecera-new.png\",\"width\":430,\"height\":61,\"caption\":\"Tour Travel And More\"},\"image\":{\"@id\":\"https:\/\/tourtravelandmore.com\/es\/#\/schema\/logo\/image\/\"},\"sameAs\":[\"https:\/\/www.facebook.com\/tourtravelandmore\/\",\"https:\/\/x.com\/TourTravel_More\"]}]}<\/script>\n<!-- \/ Yoast SEO Premium plugin. -->","yoast_head_json":{"title":"Tour Privado a pie por Beacon Hill de 3 horas | Tour Travel & More","description":"\u2192 Reserva Ya Nuestro Tour Privado a pie por Beacon Hill en Boston y explorara sus maravillosos edificios, sus deslumbrante historia y m\u00e1s \u2705","robots":{"index":"index","follow":"follow","max-snippet":"max-snippet:-1","max-image-preview":"max-image-preview:large","max-video-preview":"max-video-preview:-1"},"canonical":"https:\/\/tourtravelandmore.com\/es\/tours\/eeuu-es\/boston-es\/boston-actividades-es\/tour-privado-a-pie-de-3-horas-en-beacon-hill\/","og_locale":"es_ES","og_type":"article","og_title":"Tour Privado a pie por Beacon Hill","og_description":"\u2192 Reserva Ya Nuestro Tour Privado a pie por Beacon Hill en Boston y explorara sus maravillosos edificios, sus deslumbrante historia y m\u00e1s \u2705","og_url":"https:\/\/tourtravelandmore.com\/es\/tours\/eeuu-es\/boston-es\/boston-actividades-es\/tour-privado-a-pie-de-3-horas-en-beacon-hill\/","og_site_name":"Tour Travel And More","article_publisher":"https:\/\/www.facebook.com\/tourtravelandmore\/","article_modified_time":"2021-05-24T13:35:18+00:00","og_image":[{"width":2560,"height":1920,"url":"https:\/\/tourtravelandmore.com\/wp-content\/uploads\/2020\/02\/beacon-3-scaled.jpg","type":"image\/jpeg"}],"twitter_card":"summary_large_image","twitter_site":"@TourTravel_More","twitter_misc":{"Tiempo de lectura":"2 minutos"},"schema":{"@context":"https:\/\/schema.org","@graph":[{"@type":"WebPage","@id":"https:\/\/tourtravelandmore.com\/es\/tours\/eeuu-es\/boston-es\/boston-tours-privados-pie-es\/tour-privado-a-pie-de-3-horas-en-beacon-hill\/","url":"https:\/\/tourtravelandmore.com\/es\/tours\/eeuu-es\/boston-es\/boston-actividades-es\/tour-privado-a-pie-de-3-horas-en-beacon-hill\/","name":"Tour Privado a pie por Beacon Hill de 3 horas | Tour Travel & More","isPartOf":{"@id":"https:\/\/tourtravelandmore.com\/es\/#website"},"primaryImageOfPage":{"@id":"https:\/\/tourtravelandmore.com\/es\/tours\/eeuu-es\/boston-es\/boston-actividades-es\/tour-privado-a-pie-de-3-horas-en-beacon-hill\/#primaryimage"},"image":{"@id":"https:\/\/tourtravelandmore.com\/es\/tours\/eeuu-es\/boston-es\/boston-actividades-es\/tour-privado-a-pie-de-3-horas-en-beacon-hill\/#primaryimage"},"thumbnailUrl":"https:\/\/tourtravelandmore.com\/wp-content\/uploads\/2020\/02\/beacon-3-scaled.jpg","datePublished":"2020-02-21T11:53:07+00:00","dateModified":"2021-05-24T13:35:18+00:00","description":"\u2192 Reserva Ya Nuestro Tour Privado a pie por Beacon Hill en Boston y explorara sus maravillosos edificios, sus deslumbrante historia y m\u00e1s \u2705","breadcrumb":{"@id":"https:\/\/tourtravelandmore.com\/es\/tours\/eeuu-es\/boston-es\/boston-actividades-es\/tour-privado-a-pie-de-3-horas-en-beacon-hill\/#breadcrumb"},"inLanguage":"es","potentialAction":[{"@type":"ReadAction","target":["https:\/\/tourtravelandmore.com\/es\/tours\/eeuu-es\/boston-es\/boston-actividades-es\/tour-privado-a-pie-de-3-horas-en-beacon-hill\/"]}]},{"@type":"ImageObject","inLanguage":"es","@id":"https:\/\/tourtravelandmore.com\/es\/tours\/eeuu-es\/boston-es\/boston-actividades-es\/tour-privado-a-pie-de-3-horas-en-beacon-hill\/#primaryimage","url":"https:\/\/tourtravelandmore.com\/wp-content\/uploads\/2020\/02\/beacon-3-scaled.jpg","contentUrl":"https:\/\/tourtravelandmore.com\/wp-content\/uploads\/2020\/02\/beacon-3-scaled.jpg","width":2560,"height":1920,"caption":"DCIM100MEDIADJI_0032.JPG"},{"@type":"BreadcrumbList","@id":"https:\/\/tourtravelandmore.com\/es\/tours\/eeuu-es\/boston-es\/boston-actividades-es\/tour-privado-a-pie-de-3-horas-en-beacon-hill\/#breadcrumb","itemListElement":[{"@type":"ListItem","position":1,"name":"Home","item":"https:\/\/tourtravelandmore.com\/es\/"},{"@type":"ListItem","position":2,"name":"Tours","item":"https:\/\/tourtravelandmore.com\/es\/tours\/"},{"@type":"ListItem","position":3,"name":"Tour Privado a pie por Beacon Hill"}]},{"@type":"WebSite","@id":"https:\/\/tourtravelandmore.com\/es\/#website","url":"https:\/\/tourtravelandmore.com\/es\/","name":"Tour Travel And More","description":"Private sightseeing tours and luxury transfers in Spain","publisher":{"@id":"https:\/\/tourtravelandmore.com\/es\/#organization"},"potentialAction":[{"@type":"SearchAction","target":{"@type":"EntryPoint","urlTemplate":"https:\/\/tourtravelandmore.com\/es\/?s={search_term_string}"},"query-input":{"@type":"PropertyValueSpecification","valueRequired":true,"valueName":"search_term_string"}}],"inLanguage":"es"},{"@type":"Organization","@id":"https:\/\/tourtravelandmore.com\/es\/#organization","name":"Tour Travel And More","url":"https:\/\/tourtravelandmore.com\/es\/","logo":{"@type":"ImageObject","inLanguage":"es","@id":"https:\/\/tourtravelandmore.com\/es\/#\/schema\/logo\/image\/","url":"https:\/\/tourtravelandmore.com\/wp-content\/uploads\/2022\/12\/cropped-logo-cabecera-new.png","contentUrl":"https:\/\/tourtravelandmore.com\/wp-content\/uploads\/2022\/12\/cropped-logo-cabecera-new.png","width":430,"height":61,"caption":"Tour Travel And More"},"image":{"@id":"https:\/\/tourtravelandmore.com\/es\/#\/schema\/logo\/image\/"},"sameAs":["https:\/\/www.facebook.com\/tourtravelandmore\/","https:\/\/x.com\/TourTravel_More"]}]}},"_links":{"self":[{"href":"https:\/\/tourtravelandmore.com\/es\/wp-json\/wp\/v2\/product\/77629","targetHints":{"allow":["GET"]}}],"collection":[{"href":"https:\/\/tourtravelandmore.com\/es\/wp-json\/wp\/v2\/product"}],"about":[{"href":"https:\/\/tourtravelandmore.com\/es\/wp-json\/wp\/v2\/types\/product"}],"replies":[{"embeddable":true,"href":"https:\/\/tourtravelandmore.com\/es\/wp-json\/wp\/v2\/comments?post=77629"}],"wp:featuredmedia":[{"embeddable":true,"href":"https:\/\/tourtravelandmore.com\/es\/wp-json\/wp\/v2\/media\/85046"}],"wp:attachment":[{"href":"https:\/\/tourtravelandmore.com\/es\/wp-json\/wp\/v2\/media?parent=77629"}],"wp:term":[{"taxonomy":"product_brand","embeddable":true,"href":"https:\/\/tourtravelandmore.com\/es\/wp-json\/wp\/v2\/product_brand?post=77629"},{"taxonomy":"product_cat","embeddable":true,"href":"https:\/\/tourtravelandmore.com\/es\/wp-json\/wp\/v2\/product_cat?post=77629"},{"taxonomy":"product_tag","embeddable":true,"href":"https:\/\/tourtravelandmore.com\/es\/wp-json\/wp\/v2\/product_tag?post=77629"}],"curies":[{"name":"wp","href":"https:\/\/api.w.org\/{rel}","templated":true}]}}