{"id":77608,"date":"2020-02-21T12:19:37","date_gmt":"2020-02-21T11:19:38","guid":{"rendered":"https:\/\/tourtravelandmore.com\/?post_type=product&#038;p=77608"},"modified":"2021-05-24T14:11:33","modified_gmt":"2021-05-24T12:11:33","slug":"tour-privado-a-pie-por-5-horas-en-boston","status":"publish","type":"product","link":"https:\/\/tourtravelandmore.com\/es\/tours\/eeuu-es\/boston-es\/boston-tours-privados-pie-es\/tour-privado-a-pie-por-5-horas-en-boston\/","title":{"rendered":"Tour Privado a pie por Boston"},"content":{"rendered":"<h2><strong>Descripci\u00f3n del Tour Privado a pie en Boston<\/strong><\/h2>\n<p>La mejor manera de visitar <strong>Boston<\/strong> es caminando por sus encantadoras calles. Ven con nosotros en este <strong>tour privado a pie por Boston<\/strong> junto con un <strong>gu\u00eda tur\u00edstico oficial privado<\/strong>. Conocer\u00e1s los lugares m\u00e1s emblem\u00e1ticos y bonitos de esta maravillosa ciudad, mientras sigues el Freedom Trail.<\/p>\n<p>Se reunir\u00e1 con su gu\u00eda tur\u00edstico oficial privado en su hotel ubicado en el centro o en el punto de encuentro central. En caso de que lo necesite, tambi\u00e9n podemos proporcionarle un traslado privado si su hotel est\u00e1 fuera del centro.<\/p>\n<p><strong>Boston<\/strong> es la capital y ciudad m\u00e1s poblada de la Commonwealth de Massachusetts. Tiene una poblaci\u00f3n que ronda las 695.000 personas, y situada en la costa del Oc\u00e9ano Atl\u00e1ntico, es la \u00fanica capital del estado en los Estados Unidos contiguos con una costa oce\u00e1nica. Boston es una de las ciudades m\u00e1s antiguas del pa\u00eds y fue escenario de eventos clave de la Revoluci\u00f3n Americana.<\/p>\n<p>Durante su recorrido de 5 horas, descubrir\u00e1 algunos de los sitios m\u00e1s emblem\u00e1ticos de Boston con su experto local. No pierda la oportunidad de visitar una de las ciudades con m\u00e1s historia de los Estados Unidos.<\/p>\n<h2><strong>Itinerario del Tour Privado<\/strong><\/h2>\n<p>Su primer contacto con <strong>Tour Travel &amp; More<\/strong> ser\u00e1 en su hotel o punto de encuentro central. Su gu\u00eda tur\u00edstico oficial privado lo recoger\u00e1 a la hora deseada por usted.<\/p>\n<p>Primero, seguir\u00e1 las 2,5 millas del <strong>Freedom Trail<\/strong> hecho de ladrillos, atravesar\u00e1 la ciudad y conocer\u00e1 los lugares m\u00e1s importantes de la capital de Massachusetts. Proclamado como &#8220;La cuna de la libertad&#8221;, el <strong>mercado de Faneuil Hall<\/strong> es una parada obligada en este viaje, podr\u00e1 disfrutar de las tiendas reconocidas a nivel local y nacional.<\/p>\n<p>Fundado en 1634, The <strong>Boston Common<\/strong> es el parque m\u00e1s antiguo de Estados Unidos, siente la brisa de la libertad en tu paseo por sus 20 hect\u00e1reas llenas de historia y naturaleza.<\/p>\n<h2><strong>Puntos de inter\u00e9s en Boston a Pie<\/strong><\/h2>\n<p>Tambi\u00e9n le ofrecemos visitar durante este recorrido privado a pie por Boston:<\/p>\n<ul>\n<li><strong>New State House<\/strong><\/li>\n<li><strong>Cementerio Granero<\/strong><\/li>\n<li><strong>Iglesia de Park Street<\/strong><\/li>\n<li><strong>Capilla del Rey y cementerio<\/strong><\/li>\n<li><strong>Plaza Scollay \/ Centro gubernamental<\/strong><\/li>\n<li><strong>Antigua casa de reuniones del sur<\/strong><\/li>\n<li><strong>Antigua Casa de Estado<\/strong><\/li>\n<li><strong>Quincy Market<\/strong><\/li>\n<li><strong>Rose Fitzgerald Kennedy Greenway<\/strong><\/li>\n<li><a href=\"https:\/\/www.oldnorth.com\">Iglesia del Viejo Norte<\/a><\/li>\n<li><strong>Cementerio de Copp&#8217;s Hill<\/strong><\/li>\n<li><strong>Haymarket<\/strong><\/li>\n<li><strong>Ayuntamiento Viejo<\/strong><\/li>\n<li><strong>Boston Stone<\/strong><\/li>\n<li><strong>Charlestown<\/strong><\/li>\n<li><strong>Bunker Hill<\/strong><\/li>\n<li><strong>Monumento de Bunker Hill<\/strong><\/li>\n<\/ul>\n<p>Finalmente, al final del recorrido a pie, su gu\u00eda tur\u00edstico oficial privado lo dejar\u00e1 en un lugar central de Boston.<\/p>\n<p><strong>Tenemos la opci\u00f3n de un recorrido a pie m\u00e1s espec\u00edfico, eche un vistazo a nuestro<a href=\"https:\/\/tourtravelandmore.com\/es\/tours\/eeuu-es\/boston-es\/boston-tours-privados-pie-es\/tour-privado-a-pie-de-3-horas-en-beacon-hill\/\"> tour privado a pie por Beacon Hill<\/a>.<\/strong><\/p>\n","protected":false},"excerpt":{"rendered":"<p>Descubre la maravillosa <strong>ciudad de Boston con nuestro tour privado\u00a0<\/strong> junto a un gu\u00eda local experto en la historia, cultura y tradici\u00f3n de la ciudad. Explora la ciudad a pie, el mejor modo de descubrir Boston!<\/p>\n<p>&nbsp;<\/p>\n","protected":false},"featured_media":85062,"comment_status":"open","ping_status":"closed","template":"","meta":{"_acf_changed":false},"product_brand":[],"product_cat":[1602,2062,2066,2064],"product_tag":[],"class_list":{"0":"post-77608","1":"product","2":"type-product","3":"status-publish","4":"has-post-thumbnail","6":"product_cat-eeuu-es","7":"product_cat-boston-es","8":"product_cat-boston-actividades-es","9":"product_cat-boston-tours-privados-pie-es","11":"first","12":"instock","13":"shipping-taxable","14":"purchasable","15":"product-type-simple"},"acf":[],"yoast_head":"<!-- This site is optimized with the Yoast SEO Premium plugin v25.3.1 (Yoast SEO v25.3.1) - https:\/\/yoast.com\/wordpress\/plugins\/seo\/ -->\n<title>Tour Privado a pie por Boston durante 5 horas | Tour Travel &amp; More<\/title>\n<meta name=\"description\" content=\"\u2192 Reserva YA Tour Privado a pie por Boston para explorar sus maravillosos monumentos, susdeslumbrante historia y sus hermosos parques \u2705\" \/>\n<meta name=\"robots\" content=\"index, follow, max-snippet:-1, max-image-preview:large, max-video-preview:-1\" \/>\n<link rel=\"canonical\" href=\"https:\/\/tourtravelandmore.com\/es\/tours\/eeuu-es\/boston-es\/boston-actividades-es\/tour-privado-a-pie-por-5-horas-en-boston\/\" \/>\n<meta property=\"og:locale\" content=\"es_ES\" \/>\n<meta property=\"og:type\" content=\"article\" \/>\n<meta property=\"og:title\" content=\"Tour Privado a pie por Boston\" \/>\n<meta property=\"og:description\" content=\"\u2192 Reserva YA Tour Privado a pie por Boston para explorar sus maravillosos monumentos, susdeslumbrante historia y sus hermosos parques \u2705\" \/>\n<meta property=\"og:url\" content=\"https:\/\/tourtravelandmore.com\/es\/tours\/eeuu-es\/boston-es\/boston-actividades-es\/tour-privado-a-pie-por-5-horas-en-boston\/\" \/>\n<meta property=\"og:site_name\" content=\"Tour Travel And More\" \/>\n<meta property=\"article:publisher\" content=\"https:\/\/www.facebook.com\/tourtravelandmore\/\" \/>\n<meta property=\"article:modified_time\" content=\"2021-05-24T12:11:33+00:00\" \/>\n<meta property=\"og:image\" content=\"https:\/\/tourtravelandmore.com\/wp-content\/uploads\/2020\/02\/boston-6.jpg\" \/>\n\t<meta property=\"og:image:width\" content=\"960\" \/>\n\t<meta property=\"og:image:height\" content=\"640\" \/>\n\t<meta property=\"og:image:type\" content=\"image\/jpeg\" \/>\n<meta name=\"twitter:card\" content=\"summary_large_image\" \/>\n<meta name=\"twitter:site\" content=\"@TourTravel_More\" \/>\n<meta name=\"twitter:label1\" content=\"Tiempo de lectura\" \/>\n\t<meta name=\"twitter:data1\" content=\"2 minutos\" \/>\n<script type=\"application\/ld+json\" class=\"yoast-schema-graph\">{\"@context\":\"https:\/\/schema.org\",\"@graph\":[{\"@type\":\"WebPage\",\"@id\":\"https:\/\/tourtravelandmore.com\/es\/tours\/eeuu-es\/boston-es\/boston-tours-privados-pie-es\/tour-privado-a-pie-por-5-horas-en-boston\/\",\"url\":\"https:\/\/tourtravelandmore.com\/es\/tours\/eeuu-es\/boston-es\/boston-actividades-es\/tour-privado-a-pie-por-5-horas-en-boston\/\",\"name\":\"Tour Privado a pie por Boston durante 5 horas | Tour Travel & More\",\"isPartOf\":{\"@id\":\"https:\/\/tourtravelandmore.com\/es\/#website\"},\"primaryImageOfPage\":{\"@id\":\"https:\/\/tourtravelandmore.com\/es\/tours\/eeuu-es\/boston-es\/boston-actividades-es\/tour-privado-a-pie-por-5-horas-en-boston\/#primaryimage\"},\"image\":{\"@id\":\"https:\/\/tourtravelandmore.com\/es\/tours\/eeuu-es\/boston-es\/boston-actividades-es\/tour-privado-a-pie-por-5-horas-en-boston\/#primaryimage\"},\"thumbnailUrl\":\"https:\/\/tourtravelandmore.com\/wp-content\/uploads\/2020\/02\/boston-6.jpg\",\"datePublished\":\"2020-02-21T11:19:38+00:00\",\"dateModified\":\"2021-05-24T12:11:33+00:00\",\"description\":\"\u2192 Reserva YA Tour Privado a pie por Boston para explorar sus maravillosos monumentos, susdeslumbrante historia y sus hermosos parques \u2705\",\"breadcrumb\":{\"@id\":\"https:\/\/tourtravelandmore.com\/es\/tours\/eeuu-es\/boston-es\/boston-actividades-es\/tour-privado-a-pie-por-5-horas-en-boston\/#breadcrumb\"},\"inLanguage\":\"es\",\"potentialAction\":[{\"@type\":\"ReadAction\",\"target\":[\"https:\/\/tourtravelandmore.com\/es\/tours\/eeuu-es\/boston-es\/boston-actividades-es\/tour-privado-a-pie-por-5-horas-en-boston\/\"]}]},{\"@type\":\"ImageObject\",\"inLanguage\":\"es\",\"@id\":\"https:\/\/tourtravelandmore.com\/es\/tours\/eeuu-es\/boston-es\/boston-actividades-es\/tour-privado-a-pie-por-5-horas-en-boston\/#primaryimage\",\"url\":\"https:\/\/tourtravelandmore.com\/wp-content\/uploads\/2020\/02\/boston-6.jpg\",\"contentUrl\":\"https:\/\/tourtravelandmore.com\/wp-content\/uploads\/2020\/02\/boston-6.jpg\",\"width\":960,\"height\":640},{\"@type\":\"BreadcrumbList\",\"@id\":\"https:\/\/tourtravelandmore.com\/es\/tours\/eeuu-es\/boston-es\/boston-actividades-es\/tour-privado-a-pie-por-5-horas-en-boston\/#breadcrumb\",\"itemListElement\":[{\"@type\":\"ListItem\",\"position\":1,\"name\":\"Home\",\"item\":\"https:\/\/tourtravelandmore.com\/es\/\"},{\"@type\":\"ListItem\",\"position\":2,\"name\":\"Tours\",\"item\":\"https:\/\/tourtravelandmore.com\/es\/tours\/\"},{\"@type\":\"ListItem\",\"position\":3,\"name\":\"Tour Privado a pie por Boston\"}]},{\"@type\":\"WebSite\",\"@id\":\"https:\/\/tourtravelandmore.com\/es\/#website\",\"url\":\"https:\/\/tourtravelandmore.com\/es\/\",\"name\":\"Tour Travel And More\",\"description\":\"Private sightseeing tours and luxury transfers in Spain\",\"publisher\":{\"@id\":\"https:\/\/tourtravelandmore.com\/es\/#organization\"},\"potentialAction\":[{\"@type\":\"SearchAction\",\"target\":{\"@type\":\"EntryPoint\",\"urlTemplate\":\"https:\/\/tourtravelandmore.com\/es\/?s={search_term_string}\"},\"query-input\":{\"@type\":\"PropertyValueSpecification\",\"valueRequired\":true,\"valueName\":\"search_term_string\"}}],\"inLanguage\":\"es\"},{\"@type\":\"Organization\",\"@id\":\"https:\/\/tourtravelandmore.com\/es\/#organization\",\"name\":\"Tour Travel And More\",\"url\":\"https:\/\/tourtravelandmore.com\/es\/\",\"logo\":{\"@type\":\"ImageObject\",\"inLanguage\":\"es\",\"@id\":\"https:\/\/tourtravelandmore.com\/es\/#\/schema\/logo\/image\/\",\"url\":\"https:\/\/tourtravelandmore.com\/wp-content\/uploads\/2022\/12\/cropped-logo-cabecera-new.png\",\"contentUrl\":\"https:\/\/tourtravelandmore.com\/wp-content\/uploads\/2022\/12\/cropped-logo-cabecera-new.png\",\"width\":430,\"height\":61,\"caption\":\"Tour Travel And More\"},\"image\":{\"@id\":\"https:\/\/tourtravelandmore.com\/es\/#\/schema\/logo\/image\/\"},\"sameAs\":[\"https:\/\/www.facebook.com\/tourtravelandmore\/\",\"https:\/\/x.com\/TourTravel_More\"]}]}<\/script>\n<!-- \/ Yoast SEO Premium plugin. -->","yoast_head_json":{"title":"Tour Privado a pie por Boston durante 5 horas | Tour Travel & More","description":"\u2192 Reserva YA Tour Privado a pie por Boston para explorar sus maravillosos monumentos, susdeslumbrante historia y sus hermosos parques \u2705","robots":{"index":"index","follow":"follow","max-snippet":"max-snippet:-1","max-image-preview":"max-image-preview:large","max-video-preview":"max-video-preview:-1"},"canonical":"https:\/\/tourtravelandmore.com\/es\/tours\/eeuu-es\/boston-es\/boston-actividades-es\/tour-privado-a-pie-por-5-horas-en-boston\/","og_locale":"es_ES","og_type":"article","og_title":"Tour Privado a pie por Boston","og_description":"\u2192 Reserva YA Tour Privado a pie por Boston para explorar sus maravillosos monumentos, susdeslumbrante historia y sus hermosos parques \u2705","og_url":"https:\/\/tourtravelandmore.com\/es\/tours\/eeuu-es\/boston-es\/boston-actividades-es\/tour-privado-a-pie-por-5-horas-en-boston\/","og_site_name":"Tour Travel And More","article_publisher":"https:\/\/www.facebook.com\/tourtravelandmore\/","article_modified_time":"2021-05-24T12:11:33+00:00","og_image":[{"width":960,"height":640,"url":"https:\/\/tourtravelandmore.com\/wp-content\/uploads\/2020\/02\/boston-6.jpg","type":"image\/jpeg"}],"twitter_card":"summary_large_image","twitter_site":"@TourTravel_More","twitter_misc":{"Tiempo de lectura":"2 minutos"},"schema":{"@context":"https:\/\/schema.org","@graph":[{"@type":"WebPage","@id":"https:\/\/tourtravelandmore.com\/es\/tours\/eeuu-es\/boston-es\/boston-tours-privados-pie-es\/tour-privado-a-pie-por-5-horas-en-boston\/","url":"https:\/\/tourtravelandmore.com\/es\/tours\/eeuu-es\/boston-es\/boston-actividades-es\/tour-privado-a-pie-por-5-horas-en-boston\/","name":"Tour Privado a pie por Boston durante 5 horas | Tour Travel & More","isPartOf":{"@id":"https:\/\/tourtravelandmore.com\/es\/#website"},"primaryImageOfPage":{"@id":"https:\/\/tourtravelandmore.com\/es\/tours\/eeuu-es\/boston-es\/boston-actividades-es\/tour-privado-a-pie-por-5-horas-en-boston\/#primaryimage"},"image":{"@id":"https:\/\/tourtravelandmore.com\/es\/tours\/eeuu-es\/boston-es\/boston-actividades-es\/tour-privado-a-pie-por-5-horas-en-boston\/#primaryimage"},"thumbnailUrl":"https:\/\/tourtravelandmore.com\/wp-content\/uploads\/2020\/02\/boston-6.jpg","datePublished":"2020-02-21T11:19:38+00:00","dateModified":"2021-05-24T12:11:33+00:00","description":"\u2192 Reserva YA Tour Privado a pie por Boston para explorar sus maravillosos monumentos, susdeslumbrante historia y sus hermosos parques \u2705","breadcrumb":{"@id":"https:\/\/tourtravelandmore.com\/es\/tours\/eeuu-es\/boston-es\/boston-actividades-es\/tour-privado-a-pie-por-5-horas-en-boston\/#breadcrumb"},"inLanguage":"es","potentialAction":[{"@type":"ReadAction","target":["https:\/\/tourtravelandmore.com\/es\/tours\/eeuu-es\/boston-es\/boston-actividades-es\/tour-privado-a-pie-por-5-horas-en-boston\/"]}]},{"@type":"ImageObject","inLanguage":"es","@id":"https:\/\/tourtravelandmore.com\/es\/tours\/eeuu-es\/boston-es\/boston-actividades-es\/tour-privado-a-pie-por-5-horas-en-boston\/#primaryimage","url":"https:\/\/tourtravelandmore.com\/wp-content\/uploads\/2020\/02\/boston-6.jpg","contentUrl":"https:\/\/tourtravelandmore.com\/wp-content\/uploads\/2020\/02\/boston-6.jpg","width":960,"height":640},{"@type":"BreadcrumbList","@id":"https:\/\/tourtravelandmore.com\/es\/tours\/eeuu-es\/boston-es\/boston-actividades-es\/tour-privado-a-pie-por-5-horas-en-boston\/#breadcrumb","itemListElement":[{"@type":"ListItem","position":1,"name":"Home","item":"https:\/\/tourtravelandmore.com\/es\/"},{"@type":"ListItem","position":2,"name":"Tours","item":"https:\/\/tourtravelandmore.com\/es\/tours\/"},{"@type":"ListItem","position":3,"name":"Tour Privado a pie por Boston"}]},{"@type":"WebSite","@id":"https:\/\/tourtravelandmore.com\/es\/#website","url":"https:\/\/tourtravelandmore.com\/es\/","name":"Tour Travel And More","description":"Private sightseeing tours and luxury transfers in Spain","publisher":{"@id":"https:\/\/tourtravelandmore.com\/es\/#organization"},"potentialAction":[{"@type":"SearchAction","target":{"@type":"EntryPoint","urlTemplate":"https:\/\/tourtravelandmore.com\/es\/?s={search_term_string}"},"query-input":{"@type":"PropertyValueSpecification","valueRequired":true,"valueName":"search_term_string"}}],"inLanguage":"es"},{"@type":"Organization","@id":"https:\/\/tourtravelandmore.com\/es\/#organization","name":"Tour Travel And More","url":"https:\/\/tourtravelandmore.com\/es\/","logo":{"@type":"ImageObject","inLanguage":"es","@id":"https:\/\/tourtravelandmore.com\/es\/#\/schema\/logo\/image\/","url":"https:\/\/tourtravelandmore.com\/wp-content\/uploads\/2022\/12\/cropped-logo-cabecera-new.png","contentUrl":"https:\/\/tourtravelandmore.com\/wp-content\/uploads\/2022\/12\/cropped-logo-cabecera-new.png","width":430,"height":61,"caption":"Tour Travel And More"},"image":{"@id":"https:\/\/tourtravelandmore.com\/es\/#\/schema\/logo\/image\/"},"sameAs":["https:\/\/www.facebook.com\/tourtravelandmore\/","https:\/\/x.com\/TourTravel_More"]}]}},"_links":{"self":[{"href":"https:\/\/tourtravelandmore.com\/es\/wp-json\/wp\/v2\/product\/77608","targetHints":{"allow":["GET"]}}],"collection":[{"href":"https:\/\/tourtravelandmore.com\/es\/wp-json\/wp\/v2\/product"}],"about":[{"href":"https:\/\/tourtravelandmore.com\/es\/wp-json\/wp\/v2\/types\/product"}],"replies":[{"embeddable":true,"href":"https:\/\/tourtravelandmore.com\/es\/wp-json\/wp\/v2\/comments?post=77608"}],"wp:featuredmedia":[{"embeddable":true,"href":"https:\/\/tourtravelandmore.com\/es\/wp-json\/wp\/v2\/media\/85062"}],"wp:attachment":[{"href":"https:\/\/tourtravelandmore.com\/es\/wp-json\/wp\/v2\/media?parent=77608"}],"wp:term":[{"taxonomy":"product_brand","embeddable":true,"href":"https:\/\/tourtravelandmore.com\/es\/wp-json\/wp\/v2\/product_brand?post=77608"},{"taxonomy":"product_cat","embeddable":true,"href":"https:\/\/tourtravelandmore.com\/es\/wp-json\/wp\/v2\/product_cat?post=77608"},{"taxonomy":"product_tag","embeddable":true,"href":"https:\/\/tourtravelandmore.com\/es\/wp-json\/wp\/v2\/product_tag?post=77608"}],"curies":[{"name":"wp","href":"https:\/\/api.w.org\/{rel}","templated":true}]}}