{"id":77592,"date":"2020-02-21T12:04:08","date_gmt":"2020-02-21T11:04:09","guid":{"rendered":"https:\/\/tourtravelandmore.com\/?post_type=product&#038;p=77592"},"modified":"2021-05-24T13:50:37","modified_gmt":"2021-05-24T11:50:37","slug":"tour-privado-de-lo-mejor-de-boston","status":"publish","type":"product","link":"https:\/\/tourtravelandmore.com\/es\/tours\/eeuu-es\/boston-es\/boston-rutas-turisticas-privadas-es\/tour-privado-de-lo-mejor-de-boston\/","title":{"rendered":"Tour Privado por Boston"},"content":{"rendered":"<h2><strong>Descripci\u00f3n del Tour Privado<\/strong><\/h2>\n<p>\u00danase a nosotros en este <strong>tour privado por Boston<\/strong> y conozca los monumentos y lugares m\u00e1s emblem\u00e1ticos de esta maravillosa ciudad. Estar\u00e1 acompa\u00f1ado por un <strong>conductor privado<\/strong> y un <strong>gu\u00eda tur\u00edstico oficial<\/strong>.<\/p>\n<p><strong>Boston<\/strong> es la capital y ciudad m\u00e1s poblada de la Commonwealth de Massachusetts. Tiene una poblaci\u00f3n que ronda las 695.000 personas y est\u00e1 situada en la costa del Oc\u00e9ano Atl\u00e1ntico. Es la \u00fanica capital del estado en los Estados Unidos contiguos con una costa oce\u00e1nica. Boston es una de las ciudades m\u00e1s antiguas del pa\u00eds y fue escenario de eventos clave de la Revoluci\u00f3n Americana.<\/p>\n<p>La recogida se puede organizar en el lugar que elija en Boston. Puedes elegir entre un tour privado de 4, 6 u 8 horas dependiendo de lo que quieras visitar. Como se trata de un tour privado, podr\u00e1 personalizar su experiencia seg\u00fan sus propios deseos. Simplemente cont\u00e1ctenos y arreglaremos todo para usted.<\/p>\n<p>Si desea pasar un d\u00eda fuera de Boston, eche un vistazo a nuestra <a href=\"https:\/\/tourtravelandmore.com\/es\/tours\/eeuu-es\/boston-es\/boston-rutas-turisticas-privadas-es\/tour-privado-de-dia-completo-a-la-costa-de-maine\/\">excursi\u00f3n privada de d\u00eda completo a la Costa de Maine desde Boston<\/a>.<\/p>\n<h2><strong>Itinerario del Tour en Boston<\/strong><\/h2>\n<p>En primer lugar, su conductor privado y gu\u00eda tur\u00edstico oficial lo recoger\u00e1n en el lugar deseado en Boston. Dependiendo de la duraci\u00f3n elegida del tour podr\u00e1s visitar diferentes lugares. Es importante conocer la duraci\u00f3n del recorrido con anticipaci\u00f3n para organizar el recorrido perfecto para usted.<\/p>\n<h2><strong>Puntos de inter\u00e9s en Boston<\/strong><\/h2>\n<p>En un tour de medio d\u00eda podr\u00e1 visitar los siguientes lugares:<\/p>\n<ul>\n<li><strong>Freedom Trail<\/strong><\/li>\n<li><strong>Iglesia de la Trinidad<\/strong><\/li>\n<li><strong>Boston Common<\/strong><\/li>\n<li><strong>Casa del Estado de Massachusetts<\/strong><\/li>\n<li><strong>Ayuntamiento de Boston<\/strong><\/li>\n<li><strong>Harbor Walk<\/strong><\/li>\n<li><a href=\"https:\/\/faneuilhallmarketplace.com\">Mercado de Faneuil Hall<\/a><\/li>\n<\/ul>\n<p>Si est\u00e1 dispuesto a realizar un tour privado de 6 horas por la ciudad de Boston, tambi\u00e9n visitar\u00e1:<\/p>\n<ul>\n<li><strong>Barrio chino<\/strong><\/li>\n<li><strong>Instituto de Tecnolog\u00eda de Massachusetts (MIT)<\/strong><\/li>\n<li><strong>Universidad de Boston<\/strong><\/li>\n<li><strong>Playa Revista<\/strong><\/li>\n<li><strong>Gran c\u00fapula<\/strong><\/li>\n<li><strong>Prudential Center<\/strong><\/li>\n<li><strong>Acuario de Nueva Inglaterra<\/strong><\/li>\n<\/ul>\n<p>Durante un tour de d\u00eda completo por la ciudad tambi\u00e9n podr\u00e1 admirar:<\/p>\n<ul>\n<li><strong>Museos de arte de Harvard<\/strong><\/li>\n<li><strong>Universidad de Harvard<\/strong><\/li>\n<li><strong>Calle Bellota<\/strong><\/li>\n<li><strong>Back Bay<\/strong><\/li>\n<li><strong>Entre Beacon St y Cambridge St Beacon Hill<\/strong><\/li>\n<li><strong>Beacon Hill<\/strong><\/li>\n<li><strong>Torre John Hancock<\/strong><\/li>\n<li><strong>Biblioteca P\u00fablica de Boston<\/strong><\/li>\n<li>\u00a1Y mucho m\u00e1s!<\/li>\n<\/ul>\n<p>En caso de que lo prefiera, podemos incluir entrada a cualquier monumento o museo que desee visitar. Si tiene algo en mente, h\u00e1ganoslo saber y arreglaremos todo por usted.<\/p>\n<p><strong>Finalmente, al final de este recorrido privado por la ciudad, su conductor y gu\u00eda lo llevar\u00e1n de regreso a su punto de partida en Boston.<\/strong><\/p>\n","protected":false},"excerpt":{"rendered":"<p>Descubra con nuestro <strong>Tour Privado de lujo<\/strong> y explore<strong> Boston<\/strong> junto a un gu\u00eda oficial privado. Aproveche la oportunidad de visitar el hist\u00f3rico <em>Boston Common, el Freedom Trail, el Mercado Faneuil Hall<\/em> y muchos m\u00e1s sitios de inter\u00e9s en esta grandiosa ciudad.<\/p>\n","protected":false},"featured_media":85088,"comment_status":"open","ping_status":"closed","template":"","meta":{"_acf_changed":false},"product_brand":[],"product_cat":[1602,2062,2066,2065],"product_tag":[],"class_list":{"0":"post-77592","1":"product","2":"type-product","3":"status-publish","4":"has-post-thumbnail","6":"product_cat-eeuu-es","7":"product_cat-boston-es","8":"product_cat-boston-actividades-es","9":"product_cat-boston-rutas-turisticas-privadas-es","11":"first","12":"instock","13":"shipping-taxable","14":"purchasable","15":"product-type-simple"},"acf":[],"yoast_head":"<!-- This site is optimized with the Yoast SEO Premium plugin v25.3.1 (Yoast SEO v25.3.1) - https:\/\/yoast.com\/wordpress\/plugins\/seo\/ -->\n<title>Tour Privado por Boston con chofer privado| Tour Travel &amp; More<\/title>\n<meta name=\"description\" content=\"\u2192 Reserve YA! Tour Privado en Boston con veh\u00edculo de lujo y acompa\u00f1ado de un profesional local que le mostrar\u00e1 cada rincon \ud83e\udd47\" \/>\n<meta name=\"robots\" content=\"index, follow, max-snippet:-1, max-image-preview:large, max-video-preview:-1\" \/>\n<link rel=\"canonical\" href=\"https:\/\/tourtravelandmore.com\/es\/tours\/eeuu-es\/boston-es\/boston-rutas-turisticas-privadas-es\/tour-privado-de-lo-mejor-de-boston\/\" \/>\n<meta property=\"og:locale\" content=\"es_ES\" \/>\n<meta property=\"og:type\" content=\"article\" \/>\n<meta property=\"og:title\" content=\"Tour Privado por Boston\" \/>\n<meta property=\"og:description\" content=\"\u2192 Reserve YA! Tour Privado en Boston con veh\u00edculo de lujo y acompa\u00f1ado de un profesional local que le mostrar\u00e1 cada rincon \ud83e\udd47\" \/>\n<meta property=\"og:url\" content=\"https:\/\/tourtravelandmore.com\/es\/tours\/eeuu-es\/boston-es\/boston-rutas-turisticas-privadas-es\/tour-privado-de-lo-mejor-de-boston\/\" \/>\n<meta property=\"og:site_name\" content=\"Tour Travel And More\" \/>\n<meta property=\"article:publisher\" content=\"https:\/\/www.facebook.com\/tourtravelandmore\/\" \/>\n<meta property=\"article:modified_time\" content=\"2021-05-24T11:50:37+00:00\" \/>\n<meta property=\"og:image\" content=\"https:\/\/tourtravelandmore.com\/wp-content\/uploads\/2020\/02\/boston-1.2-scaled.jpg\" \/>\n\t<meta property=\"og:image:width\" content=\"2560\" \/>\n\t<meta property=\"og:image:height\" content=\"1920\" \/>\n\t<meta property=\"og:image:type\" content=\"image\/jpeg\" \/>\n<meta name=\"twitter:card\" content=\"summary_large_image\" \/>\n<meta name=\"twitter:site\" content=\"@TourTravel_More\" \/>\n<meta name=\"twitter:label1\" content=\"Tiempo de lectura\" \/>\n\t<meta name=\"twitter:data1\" content=\"2 minutos\" \/>\n<script type=\"application\/ld+json\" class=\"yoast-schema-graph\">{\"@context\":\"https:\/\/schema.org\",\"@graph\":[{\"@type\":\"WebPage\",\"@id\":\"https:\/\/tourtravelandmore.com\/es\/tours\/eeuu-es\/boston-es\/boston-rutas-turisticas-privadas-es\/tour-privado-de-lo-mejor-de-boston\/\",\"url\":\"https:\/\/tourtravelandmore.com\/es\/tours\/eeuu-es\/boston-es\/boston-rutas-turisticas-privadas-es\/tour-privado-de-lo-mejor-de-boston\/\",\"name\":\"Tour Privado por Boston con chofer privado| Tour Travel & More\",\"isPartOf\":{\"@id\":\"https:\/\/tourtravelandmore.com\/es\/#website\"},\"primaryImageOfPage\":{\"@id\":\"https:\/\/tourtravelandmore.com\/es\/tours\/eeuu-es\/boston-es\/boston-rutas-turisticas-privadas-es\/tour-privado-de-lo-mejor-de-boston\/#primaryimage\"},\"image\":{\"@id\":\"https:\/\/tourtravelandmore.com\/es\/tours\/eeuu-es\/boston-es\/boston-rutas-turisticas-privadas-es\/tour-privado-de-lo-mejor-de-boston\/#primaryimage\"},\"thumbnailUrl\":\"https:\/\/tourtravelandmore.com\/wp-content\/uploads\/2020\/02\/boston-1.2-scaled.jpg\",\"datePublished\":\"2020-02-21T11:04:09+00:00\",\"dateModified\":\"2021-05-24T11:50:37+00:00\",\"description\":\"\u2192 Reserve YA! Tour Privado en Boston con veh\u00edculo de lujo y acompa\u00f1ado de un profesional local que le mostrar\u00e1 cada rincon \ud83e\udd47\",\"breadcrumb\":{\"@id\":\"https:\/\/tourtravelandmore.com\/es\/tours\/eeuu-es\/boston-es\/boston-rutas-turisticas-privadas-es\/tour-privado-de-lo-mejor-de-boston\/#breadcrumb\"},\"inLanguage\":\"es\",\"potentialAction\":[{\"@type\":\"ReadAction\",\"target\":[\"https:\/\/tourtravelandmore.com\/es\/tours\/eeuu-es\/boston-es\/boston-rutas-turisticas-privadas-es\/tour-privado-de-lo-mejor-de-boston\/\"]}]},{\"@type\":\"ImageObject\",\"inLanguage\":\"es\",\"@id\":\"https:\/\/tourtravelandmore.com\/es\/tours\/eeuu-es\/boston-es\/boston-rutas-turisticas-privadas-es\/tour-privado-de-lo-mejor-de-boston\/#primaryimage\",\"url\":\"https:\/\/tourtravelandmore.com\/wp-content\/uploads\/2020\/02\/boston-1.2-scaled.jpg\",\"contentUrl\":\"https:\/\/tourtravelandmore.com\/wp-content\/uploads\/2020\/02\/boston-1.2-scaled.jpg\",\"width\":2560,\"height\":1920,\"caption\":\"Museum of Fine Arts (MFA), Boston, Massachusetts\"},{\"@type\":\"BreadcrumbList\",\"@id\":\"https:\/\/tourtravelandmore.com\/es\/tours\/eeuu-es\/boston-es\/boston-rutas-turisticas-privadas-es\/tour-privado-de-lo-mejor-de-boston\/#breadcrumb\",\"itemListElement\":[{\"@type\":\"ListItem\",\"position\":1,\"name\":\"Home\",\"item\":\"https:\/\/tourtravelandmore.com\/es\/\"},{\"@type\":\"ListItem\",\"position\":2,\"name\":\"Tours\",\"item\":\"https:\/\/tourtravelandmore.com\/es\/tours\/\"},{\"@type\":\"ListItem\",\"position\":3,\"name\":\"Tour Privado por Boston\"}]},{\"@type\":\"WebSite\",\"@id\":\"https:\/\/tourtravelandmore.com\/es\/#website\",\"url\":\"https:\/\/tourtravelandmore.com\/es\/\",\"name\":\"Tour Travel And More\",\"description\":\"Private sightseeing tours and luxury transfers in Spain\",\"publisher\":{\"@id\":\"https:\/\/tourtravelandmore.com\/es\/#organization\"},\"potentialAction\":[{\"@type\":\"SearchAction\",\"target\":{\"@type\":\"EntryPoint\",\"urlTemplate\":\"https:\/\/tourtravelandmore.com\/es\/?s={search_term_string}\"},\"query-input\":{\"@type\":\"PropertyValueSpecification\",\"valueRequired\":true,\"valueName\":\"search_term_string\"}}],\"inLanguage\":\"es\"},{\"@type\":\"Organization\",\"@id\":\"https:\/\/tourtravelandmore.com\/es\/#organization\",\"name\":\"Tour Travel And More\",\"url\":\"https:\/\/tourtravelandmore.com\/es\/\",\"logo\":{\"@type\":\"ImageObject\",\"inLanguage\":\"es\",\"@id\":\"https:\/\/tourtravelandmore.com\/es\/#\/schema\/logo\/image\/\",\"url\":\"https:\/\/tourtravelandmore.com\/wp-content\/uploads\/2022\/12\/cropped-logo-cabecera-new.png\",\"contentUrl\":\"https:\/\/tourtravelandmore.com\/wp-content\/uploads\/2022\/12\/cropped-logo-cabecera-new.png\",\"width\":430,\"height\":61,\"caption\":\"Tour Travel And More\"},\"image\":{\"@id\":\"https:\/\/tourtravelandmore.com\/es\/#\/schema\/logo\/image\/\"},\"sameAs\":[\"https:\/\/www.facebook.com\/tourtravelandmore\/\",\"https:\/\/x.com\/TourTravel_More\"]}]}<\/script>\n<!-- \/ Yoast SEO Premium plugin. -->","yoast_head_json":{"title":"Tour Privado por Boston con chofer privado| Tour Travel & More","description":"\u2192 Reserve YA! Tour Privado en Boston con veh\u00edculo de lujo y acompa\u00f1ado de un profesional local que le mostrar\u00e1 cada rincon \ud83e\udd47","robots":{"index":"index","follow":"follow","max-snippet":"max-snippet:-1","max-image-preview":"max-image-preview:large","max-video-preview":"max-video-preview:-1"},"canonical":"https:\/\/tourtravelandmore.com\/es\/tours\/eeuu-es\/boston-es\/boston-rutas-turisticas-privadas-es\/tour-privado-de-lo-mejor-de-boston\/","og_locale":"es_ES","og_type":"article","og_title":"Tour Privado por Boston","og_description":"\u2192 Reserve YA! Tour Privado en Boston con veh\u00edculo de lujo y acompa\u00f1ado de un profesional local que le mostrar\u00e1 cada rincon \ud83e\udd47","og_url":"https:\/\/tourtravelandmore.com\/es\/tours\/eeuu-es\/boston-es\/boston-rutas-turisticas-privadas-es\/tour-privado-de-lo-mejor-de-boston\/","og_site_name":"Tour Travel And More","article_publisher":"https:\/\/www.facebook.com\/tourtravelandmore\/","article_modified_time":"2021-05-24T11:50:37+00:00","og_image":[{"width":2560,"height":1920,"url":"https:\/\/tourtravelandmore.com\/wp-content\/uploads\/2020\/02\/boston-1.2-scaled.jpg","type":"image\/jpeg"}],"twitter_card":"summary_large_image","twitter_site":"@TourTravel_More","twitter_misc":{"Tiempo de lectura":"2 minutos"},"schema":{"@context":"https:\/\/schema.org","@graph":[{"@type":"WebPage","@id":"https:\/\/tourtravelandmore.com\/es\/tours\/eeuu-es\/boston-es\/boston-rutas-turisticas-privadas-es\/tour-privado-de-lo-mejor-de-boston\/","url":"https:\/\/tourtravelandmore.com\/es\/tours\/eeuu-es\/boston-es\/boston-rutas-turisticas-privadas-es\/tour-privado-de-lo-mejor-de-boston\/","name":"Tour Privado por Boston con chofer privado| Tour Travel & More","isPartOf":{"@id":"https:\/\/tourtravelandmore.com\/es\/#website"},"primaryImageOfPage":{"@id":"https:\/\/tourtravelandmore.com\/es\/tours\/eeuu-es\/boston-es\/boston-rutas-turisticas-privadas-es\/tour-privado-de-lo-mejor-de-boston\/#primaryimage"},"image":{"@id":"https:\/\/tourtravelandmore.com\/es\/tours\/eeuu-es\/boston-es\/boston-rutas-turisticas-privadas-es\/tour-privado-de-lo-mejor-de-boston\/#primaryimage"},"thumbnailUrl":"https:\/\/tourtravelandmore.com\/wp-content\/uploads\/2020\/02\/boston-1.2-scaled.jpg","datePublished":"2020-02-21T11:04:09+00:00","dateModified":"2021-05-24T11:50:37+00:00","description":"\u2192 Reserve YA! Tour Privado en Boston con veh\u00edculo de lujo y acompa\u00f1ado de un profesional local que le mostrar\u00e1 cada rincon \ud83e\udd47","breadcrumb":{"@id":"https:\/\/tourtravelandmore.com\/es\/tours\/eeuu-es\/boston-es\/boston-rutas-turisticas-privadas-es\/tour-privado-de-lo-mejor-de-boston\/#breadcrumb"},"inLanguage":"es","potentialAction":[{"@type":"ReadAction","target":["https:\/\/tourtravelandmore.com\/es\/tours\/eeuu-es\/boston-es\/boston-rutas-turisticas-privadas-es\/tour-privado-de-lo-mejor-de-boston\/"]}]},{"@type":"ImageObject","inLanguage":"es","@id":"https:\/\/tourtravelandmore.com\/es\/tours\/eeuu-es\/boston-es\/boston-rutas-turisticas-privadas-es\/tour-privado-de-lo-mejor-de-boston\/#primaryimage","url":"https:\/\/tourtravelandmore.com\/wp-content\/uploads\/2020\/02\/boston-1.2-scaled.jpg","contentUrl":"https:\/\/tourtravelandmore.com\/wp-content\/uploads\/2020\/02\/boston-1.2-scaled.jpg","width":2560,"height":1920,"caption":"Museum of Fine Arts (MFA), Boston, Massachusetts"},{"@type":"BreadcrumbList","@id":"https:\/\/tourtravelandmore.com\/es\/tours\/eeuu-es\/boston-es\/boston-rutas-turisticas-privadas-es\/tour-privado-de-lo-mejor-de-boston\/#breadcrumb","itemListElement":[{"@type":"ListItem","position":1,"name":"Home","item":"https:\/\/tourtravelandmore.com\/es\/"},{"@type":"ListItem","position":2,"name":"Tours","item":"https:\/\/tourtravelandmore.com\/es\/tours\/"},{"@type":"ListItem","position":3,"name":"Tour Privado por Boston"}]},{"@type":"WebSite","@id":"https:\/\/tourtravelandmore.com\/es\/#website","url":"https:\/\/tourtravelandmore.com\/es\/","name":"Tour Travel And More","description":"Private sightseeing tours and luxury transfers in Spain","publisher":{"@id":"https:\/\/tourtravelandmore.com\/es\/#organization"},"potentialAction":[{"@type":"SearchAction","target":{"@type":"EntryPoint","urlTemplate":"https:\/\/tourtravelandmore.com\/es\/?s={search_term_string}"},"query-input":{"@type":"PropertyValueSpecification","valueRequired":true,"valueName":"search_term_string"}}],"inLanguage":"es"},{"@type":"Organization","@id":"https:\/\/tourtravelandmore.com\/es\/#organization","name":"Tour Travel And More","url":"https:\/\/tourtravelandmore.com\/es\/","logo":{"@type":"ImageObject","inLanguage":"es","@id":"https:\/\/tourtravelandmore.com\/es\/#\/schema\/logo\/image\/","url":"https:\/\/tourtravelandmore.com\/wp-content\/uploads\/2022\/12\/cropped-logo-cabecera-new.png","contentUrl":"https:\/\/tourtravelandmore.com\/wp-content\/uploads\/2022\/12\/cropped-logo-cabecera-new.png","width":430,"height":61,"caption":"Tour Travel And More"},"image":{"@id":"https:\/\/tourtravelandmore.com\/es\/#\/schema\/logo\/image\/"},"sameAs":["https:\/\/www.facebook.com\/tourtravelandmore\/","https:\/\/x.com\/TourTravel_More"]}]}},"_links":{"self":[{"href":"https:\/\/tourtravelandmore.com\/es\/wp-json\/wp\/v2\/product\/77592","targetHints":{"allow":["GET"]}}],"collection":[{"href":"https:\/\/tourtravelandmore.com\/es\/wp-json\/wp\/v2\/product"}],"about":[{"href":"https:\/\/tourtravelandmore.com\/es\/wp-json\/wp\/v2\/types\/product"}],"replies":[{"embeddable":true,"href":"https:\/\/tourtravelandmore.com\/es\/wp-json\/wp\/v2\/comments?post=77592"}],"wp:featuredmedia":[{"embeddable":true,"href":"https:\/\/tourtravelandmore.com\/es\/wp-json\/wp\/v2\/media\/85088"}],"wp:attachment":[{"href":"https:\/\/tourtravelandmore.com\/es\/wp-json\/wp\/v2\/media?parent=77592"}],"wp:term":[{"taxonomy":"product_brand","embeddable":true,"href":"https:\/\/tourtravelandmore.com\/es\/wp-json\/wp\/v2\/product_brand?post=77592"},{"taxonomy":"product_cat","embeddable":true,"href":"https:\/\/tourtravelandmore.com\/es\/wp-json\/wp\/v2\/product_cat?post=77592"},{"taxonomy":"product_tag","embeddable":true,"href":"https:\/\/tourtravelandmore.com\/es\/wp-json\/wp\/v2\/product_tag?post=77592"}],"curies":[{"name":"wp","href":"https:\/\/api.w.org\/{rel}","templated":true}]}}