{"id":77531,"date":"2020-02-21T09:29:05","date_gmt":"2020-02-21T08:29:05","guid":{"rendered":"https:\/\/tourtravelandmore.com\/?post_type=product&#038;p=77531"},"modified":"2025-01-27T17:21:10","modified_gmt":"2025-01-27T16:21:10","slug":"tour-privado-nocturno-de-4-horas-de-lo-mejor-de-washington","status":"publish","type":"product","link":"https:\/\/tourtravelandmore.com\/es\/tours\/eeuu-es\/washington-es\/washington-rutas-turisticas-privadas-es\/tour-privado-nocturno-de-4-horas-de-lo-mejor-de-washington\/","title":{"rendered":"Tour Privado Nocturno por Washington"},"content":{"rendered":"<h2><strong>Tour privado nocturno Descripci\u00f3n<\/strong><\/h2>\n<p>No puede dejar pasar la oportunidad de visitar <b>Washington D. C.<\/b> de noche y admirar sus edificios \u00fanicos iluminados. Acomp\u00e1\u00f1enos en este <b>tour privado nocturno por Washington<\/b> junto a su <b>conductor privado<\/b>\/<b>gu\u00eda<\/b>. Prep\u00e1rese para explorar los lugares m\u00e1s emblem\u00e1ticos y bonitos de esta maravillosa ciudad bajo la luz de la luna.<\/p>\n<p>Como se trata de un tour privado, podemos organizar la recogida en el lugar que elija en Washington. Adem\u00e1s, puede decidir la hora de inicio del tour que puede fijar con el horario de sus vacaciones.<\/p>\n<p><b>Washington D. C.<\/b> es la capital de los Estados Unidos y una de las ciudades m\u00e1s visitadas del mundo. La ciudad est\u00e1 situada en la regi\u00f3n del Atl\u00e1ntico medio de la costa este de los Estados Unidos y tiene una poblaci\u00f3n que ronda las 700 000 personas. La ciudad alberga 177 embajadas extranjeras y est\u00e1 considerada como una de las capitales pol\u00edticas m\u00e1s importantes del mundo.<\/p>\n<p>Con este tour privado no solo podr\u00e1 conocer los lugares m\u00e1s importantes, sino que tambi\u00e9n podr\u00e1 admirarlos desde otra perspectiva. Su gu\u00eda tur\u00edstico oficial privado estar\u00e1 a su entera disposici\u00f3n durante todo el recorrido.<\/p>\n<p>Otro posible tour que podemos ofrecerle es nuestro tour <a href=\"https:\/\/tourtravelandmore.com\/tours\/u-s-a\/washington-en\/washington-activities-en\/private-6-hour-tour-of-washington-dc-war-memorials\/\">privado del Monumento a los Ca\u00eddos de Washington DC<\/a>, \u00a1\u00e9chale un vistazo!<\/p>\n<h2><strong>Washington de noche, puntos de inter\u00e9s y monumentos<\/strong><\/h2>\n<p>En primer lugar, su conductor privado y gu\u00eda tur\u00edstico oficial le recoger\u00e1n en su hotel o lugar de elecci\u00f3n en Washington.<\/p>\n<p>Durante este tour privado de Washington de noche, podr\u00e1 tomar una foto y disfrutar de una vista de la <b>Casa Blanca<\/b>. Cruce la calle y camine por el parque donde tienen lugar la mayor\u00eda de las protestas pol\u00edticas en DC. Aprenda sobre la historia del gobierno de los Estados Unidos en su visita al <b>Centro de Visitantes del Capitolio<\/b>. Conozca de noche los monumentos m\u00e1s importantes de Washington DC cuando visite todos los monumentos y memoriales distribuidos por la ciudad.<\/p>\n<p>Durante esta experiencia \u00fanica, le ofrecemos visitar, entre otros sitios:<\/p>\n<ul>\n<li><strong>El National Mall<\/strong><\/li>\n<li><a href=\"https:\/\/www.nps.gov\/linc\/index.htm\/index.htm\">El Monumento a Lincoln<\/a><\/li>\n<li><strong>El Monumento a los Veteranos de Vietnam<\/strong><\/li>\n<li><strong>El Estanque Reflejante<\/strong><\/li>\n<li><strong>La Casa Blanca<\/strong><\/li>\n<li><strong>El Capitolio de los Estados Unidos<\/strong><\/li>\n<li><strong>La Biblioteca del Congreso<\/strong><\/li>\n<li><strong>El Barrio Chino<\/strong><\/li>\n<li>\u00a1Y mucho m\u00e1s!<\/li>\n<\/ul>\n<p>Finalmente, al final del recorrido, su conductor privado y su gu\u00eda tur\u00edstico oficial le dejar\u00e1n en su hotel. En caso de que lo prefiera, podemos incluir una reserva en un restaurante para su experiencia.<\/p>\n","protected":false},"excerpt":{"rendered":"<p>Explora la<strong> capital de EE. UU. de noche junto a un local experto.<\/strong> Disfruta de ver Washington y sus sitios m\u00e1s emblem\u00e1ticos iluminados c\u00f3modo en un veh\u00edculo privado.<\/p>\n","protected":false},"featured_media":84577,"comment_status":"open","ping_status":"closed","template":"","meta":{"_acf_changed":false},"product_brand":[],"product_cat":[1602,2057,2061,2060],"product_tag":[],"class_list":{"0":"post-77531","1":"product","2":"type-product","3":"status-publish","4":"has-post-thumbnail","6":"product_cat-eeuu-es","7":"product_cat-washington-es","8":"product_cat-washington-actividades-es","9":"product_cat-washington-rutas-turisticas-privadas-es","11":"first","12":"instock","13":"shipping-taxable","14":"purchasable","15":"product-type-simple"},"acf":[],"yoast_head":"<!-- This site is optimized with the Yoast SEO Premium plugin v25.3.1 (Yoast SEO v25.3.1) - https:\/\/yoast.com\/wordpress\/plugins\/seo\/ -->\n<title>Tour Privado Nocturno por Washington | Tour Travel &amp; More<\/title>\n<meta name=\"description\" content=\"\u2192 Reserve un Tour Privado Nocturno por Washington donde podr\u00e1 explorar sus maravillosos monumentos, sus deslumbrantes edificios y mucho m\u00e1s \u2705\" \/>\n<meta name=\"robots\" content=\"index, follow, max-snippet:-1, max-image-preview:large, max-video-preview:-1\" \/>\n<link rel=\"canonical\" href=\"https:\/\/tourtravelandmore.com\/es\/tours\/eeuu-es\/washington-es\/washington-rutas-turisticas-privadas-es\/tour-privado-nocturno-de-4-horas-de-lo-mejor-de-washington\/\" \/>\n<meta property=\"og:locale\" content=\"es_ES\" \/>\n<meta property=\"og:type\" content=\"article\" \/>\n<meta property=\"og:title\" content=\"Tour Privado Nocturno por Washington\" \/>\n<meta property=\"og:description\" content=\"\u2192 Reserve un Tour Privado Nocturno por Washington donde podr\u00e1 explorar sus maravillosos monumentos, sus deslumbrantes edificios y mucho m\u00e1s \u2705\" \/>\n<meta property=\"og:url\" content=\"https:\/\/tourtravelandmore.com\/es\/tours\/eeuu-es\/washington-es\/washington-rutas-turisticas-privadas-es\/tour-privado-nocturno-de-4-horas-de-lo-mejor-de-washington\/\" \/>\n<meta property=\"og:site_name\" content=\"Tour Travel And More\" \/>\n<meta property=\"article:publisher\" content=\"https:\/\/www.facebook.com\/tourtravelandmore\/\" \/>\n<meta property=\"article:modified_time\" content=\"2025-01-27T16:21:10+00:00\" \/>\n<meta property=\"og:image\" content=\"https:\/\/tourtravelandmore.com\/wp-content\/uploads\/2020\/02\/Night-on-the-Hill0-1-min-scaled.jpg\" \/>\n\t<meta property=\"og:image:width\" content=\"2560\" \/>\n\t<meta property=\"og:image:height\" content=\"1685\" \/>\n\t<meta property=\"og:image:type\" content=\"image\/jpeg\" \/>\n<meta name=\"twitter:card\" content=\"summary_large_image\" \/>\n<meta name=\"twitter:site\" content=\"@TourTravel_More\" \/>\n<meta name=\"twitter:label1\" content=\"Tiempo de lectura\" \/>\n\t<meta name=\"twitter:data1\" content=\"2 minutos\" \/>\n<script type=\"application\/ld+json\" class=\"yoast-schema-graph\">{\"@context\":\"https:\/\/schema.org\",\"@graph\":[{\"@type\":\"WebPage\",\"@id\":\"https:\/\/tourtravelandmore.com\/es\/tours\/eeuu-es\/washington-es\/washington-rutas-turisticas-privadas-es\/tour-privado-nocturno-de-4-horas-de-lo-mejor-de-washington\/\",\"url\":\"https:\/\/tourtravelandmore.com\/es\/tours\/eeuu-es\/washington-es\/washington-rutas-turisticas-privadas-es\/tour-privado-nocturno-de-4-horas-de-lo-mejor-de-washington\/\",\"name\":\"Tour Privado Nocturno por Washington | Tour Travel & More\",\"isPartOf\":{\"@id\":\"https:\/\/tourtravelandmore.com\/es\/#website\"},\"primaryImageOfPage\":{\"@id\":\"https:\/\/tourtravelandmore.com\/es\/tours\/eeuu-es\/washington-es\/washington-rutas-turisticas-privadas-es\/tour-privado-nocturno-de-4-horas-de-lo-mejor-de-washington\/#primaryimage\"},\"image\":{\"@id\":\"https:\/\/tourtravelandmore.com\/es\/tours\/eeuu-es\/washington-es\/washington-rutas-turisticas-privadas-es\/tour-privado-nocturno-de-4-horas-de-lo-mejor-de-washington\/#primaryimage\"},\"thumbnailUrl\":\"https:\/\/tourtravelandmore.com\/wp-content\/uploads\/2020\/02\/Night-on-the-Hill0-1-min-scaled.jpg\",\"datePublished\":\"2020-02-21T08:29:05+00:00\",\"dateModified\":\"2025-01-27T16:21:10+00:00\",\"description\":\"\u2192 Reserve un Tour Privado Nocturno por Washington donde podr\u00e1 explorar sus maravillosos monumentos, sus deslumbrantes edificios y mucho m\u00e1s \u2705\",\"breadcrumb\":{\"@id\":\"https:\/\/tourtravelandmore.com\/es\/tours\/eeuu-es\/washington-es\/washington-rutas-turisticas-privadas-es\/tour-privado-nocturno-de-4-horas-de-lo-mejor-de-washington\/#breadcrumb\"},\"inLanguage\":\"es\",\"potentialAction\":[{\"@type\":\"ReadAction\",\"target\":[\"https:\/\/tourtravelandmore.com\/es\/tours\/eeuu-es\/washington-es\/washington-rutas-turisticas-privadas-es\/tour-privado-nocturno-de-4-horas-de-lo-mejor-de-washington\/\"]}]},{\"@type\":\"ImageObject\",\"inLanguage\":\"es\",\"@id\":\"https:\/\/tourtravelandmore.com\/es\/tours\/eeuu-es\/washington-es\/washington-rutas-turisticas-privadas-es\/tour-privado-nocturno-de-4-horas-de-lo-mejor-de-washington\/#primaryimage\",\"url\":\"https:\/\/tourtravelandmore.com\/wp-content\/uploads\/2020\/02\/Night-on-the-Hill0-1-min-scaled.jpg\",\"contentUrl\":\"https:\/\/tourtravelandmore.com\/wp-content\/uploads\/2020\/02\/Night-on-the-Hill0-1-min-scaled.jpg\",\"width\":2560,\"height\":1685,\"caption\":\"Washington night\"},{\"@type\":\"BreadcrumbList\",\"@id\":\"https:\/\/tourtravelandmore.com\/es\/tours\/eeuu-es\/washington-es\/washington-rutas-turisticas-privadas-es\/tour-privado-nocturno-de-4-horas-de-lo-mejor-de-washington\/#breadcrumb\",\"itemListElement\":[{\"@type\":\"ListItem\",\"position\":1,\"name\":\"Home\",\"item\":\"https:\/\/tourtravelandmore.com\/es\/\"},{\"@type\":\"ListItem\",\"position\":2,\"name\":\"Tours\",\"item\":\"https:\/\/tourtravelandmore.com\/es\/tours\/\"},{\"@type\":\"ListItem\",\"position\":3,\"name\":\"Tour Privado Nocturno por Washington\"}]},{\"@type\":\"WebSite\",\"@id\":\"https:\/\/tourtravelandmore.com\/es\/#website\",\"url\":\"https:\/\/tourtravelandmore.com\/es\/\",\"name\":\"Tour Travel And More\",\"description\":\"Private sightseeing tours and luxury transfers in Spain\",\"publisher\":{\"@id\":\"https:\/\/tourtravelandmore.com\/es\/#organization\"},\"potentialAction\":[{\"@type\":\"SearchAction\",\"target\":{\"@type\":\"EntryPoint\",\"urlTemplate\":\"https:\/\/tourtravelandmore.com\/es\/?s={search_term_string}\"},\"query-input\":{\"@type\":\"PropertyValueSpecification\",\"valueRequired\":true,\"valueName\":\"search_term_string\"}}],\"inLanguage\":\"es\"},{\"@type\":\"Organization\",\"@id\":\"https:\/\/tourtravelandmore.com\/es\/#organization\",\"name\":\"Tour Travel And More\",\"url\":\"https:\/\/tourtravelandmore.com\/es\/\",\"logo\":{\"@type\":\"ImageObject\",\"inLanguage\":\"es\",\"@id\":\"https:\/\/tourtravelandmore.com\/es\/#\/schema\/logo\/image\/\",\"url\":\"https:\/\/tourtravelandmore.com\/wp-content\/uploads\/2022\/12\/cropped-logo-cabecera-new.png\",\"contentUrl\":\"https:\/\/tourtravelandmore.com\/wp-content\/uploads\/2022\/12\/cropped-logo-cabecera-new.png\",\"width\":430,\"height\":61,\"caption\":\"Tour Travel And More\"},\"image\":{\"@id\":\"https:\/\/tourtravelandmore.com\/es\/#\/schema\/logo\/image\/\"},\"sameAs\":[\"https:\/\/www.facebook.com\/tourtravelandmore\/\",\"https:\/\/x.com\/TourTravel_More\"]}]}<\/script>\n<!-- \/ Yoast SEO Premium plugin. -->","yoast_head_json":{"title":"Tour Privado Nocturno por Washington | Tour Travel & More","description":"\u2192 Reserve un Tour Privado Nocturno por Washington donde podr\u00e1 explorar sus maravillosos monumentos, sus deslumbrantes edificios y mucho m\u00e1s \u2705","robots":{"index":"index","follow":"follow","max-snippet":"max-snippet:-1","max-image-preview":"max-image-preview:large","max-video-preview":"max-video-preview:-1"},"canonical":"https:\/\/tourtravelandmore.com\/es\/tours\/eeuu-es\/washington-es\/washington-rutas-turisticas-privadas-es\/tour-privado-nocturno-de-4-horas-de-lo-mejor-de-washington\/","og_locale":"es_ES","og_type":"article","og_title":"Tour Privado Nocturno por Washington","og_description":"\u2192 Reserve un Tour Privado Nocturno por Washington donde podr\u00e1 explorar sus maravillosos monumentos, sus deslumbrantes edificios y mucho m\u00e1s \u2705","og_url":"https:\/\/tourtravelandmore.com\/es\/tours\/eeuu-es\/washington-es\/washington-rutas-turisticas-privadas-es\/tour-privado-nocturno-de-4-horas-de-lo-mejor-de-washington\/","og_site_name":"Tour Travel And More","article_publisher":"https:\/\/www.facebook.com\/tourtravelandmore\/","article_modified_time":"2025-01-27T16:21:10+00:00","og_image":[{"width":2560,"height":1685,"url":"https:\/\/tourtravelandmore.com\/wp-content\/uploads\/2020\/02\/Night-on-the-Hill0-1-min-scaled.jpg","type":"image\/jpeg"}],"twitter_card":"summary_large_image","twitter_site":"@TourTravel_More","twitter_misc":{"Tiempo de lectura":"2 minutos"},"schema":{"@context":"https:\/\/schema.org","@graph":[{"@type":"WebPage","@id":"https:\/\/tourtravelandmore.com\/es\/tours\/eeuu-es\/washington-es\/washington-rutas-turisticas-privadas-es\/tour-privado-nocturno-de-4-horas-de-lo-mejor-de-washington\/","url":"https:\/\/tourtravelandmore.com\/es\/tours\/eeuu-es\/washington-es\/washington-rutas-turisticas-privadas-es\/tour-privado-nocturno-de-4-horas-de-lo-mejor-de-washington\/","name":"Tour Privado Nocturno por Washington | Tour Travel & More","isPartOf":{"@id":"https:\/\/tourtravelandmore.com\/es\/#website"},"primaryImageOfPage":{"@id":"https:\/\/tourtravelandmore.com\/es\/tours\/eeuu-es\/washington-es\/washington-rutas-turisticas-privadas-es\/tour-privado-nocturno-de-4-horas-de-lo-mejor-de-washington\/#primaryimage"},"image":{"@id":"https:\/\/tourtravelandmore.com\/es\/tours\/eeuu-es\/washington-es\/washington-rutas-turisticas-privadas-es\/tour-privado-nocturno-de-4-horas-de-lo-mejor-de-washington\/#primaryimage"},"thumbnailUrl":"https:\/\/tourtravelandmore.com\/wp-content\/uploads\/2020\/02\/Night-on-the-Hill0-1-min-scaled.jpg","datePublished":"2020-02-21T08:29:05+00:00","dateModified":"2025-01-27T16:21:10+00:00","description":"\u2192 Reserve un Tour Privado Nocturno por Washington donde podr\u00e1 explorar sus maravillosos monumentos, sus deslumbrantes edificios y mucho m\u00e1s \u2705","breadcrumb":{"@id":"https:\/\/tourtravelandmore.com\/es\/tours\/eeuu-es\/washington-es\/washington-rutas-turisticas-privadas-es\/tour-privado-nocturno-de-4-horas-de-lo-mejor-de-washington\/#breadcrumb"},"inLanguage":"es","potentialAction":[{"@type":"ReadAction","target":["https:\/\/tourtravelandmore.com\/es\/tours\/eeuu-es\/washington-es\/washington-rutas-turisticas-privadas-es\/tour-privado-nocturno-de-4-horas-de-lo-mejor-de-washington\/"]}]},{"@type":"ImageObject","inLanguage":"es","@id":"https:\/\/tourtravelandmore.com\/es\/tours\/eeuu-es\/washington-es\/washington-rutas-turisticas-privadas-es\/tour-privado-nocturno-de-4-horas-de-lo-mejor-de-washington\/#primaryimage","url":"https:\/\/tourtravelandmore.com\/wp-content\/uploads\/2020\/02\/Night-on-the-Hill0-1-min-scaled.jpg","contentUrl":"https:\/\/tourtravelandmore.com\/wp-content\/uploads\/2020\/02\/Night-on-the-Hill0-1-min-scaled.jpg","width":2560,"height":1685,"caption":"Washington night"},{"@type":"BreadcrumbList","@id":"https:\/\/tourtravelandmore.com\/es\/tours\/eeuu-es\/washington-es\/washington-rutas-turisticas-privadas-es\/tour-privado-nocturno-de-4-horas-de-lo-mejor-de-washington\/#breadcrumb","itemListElement":[{"@type":"ListItem","position":1,"name":"Home","item":"https:\/\/tourtravelandmore.com\/es\/"},{"@type":"ListItem","position":2,"name":"Tours","item":"https:\/\/tourtravelandmore.com\/es\/tours\/"},{"@type":"ListItem","position":3,"name":"Tour Privado Nocturno por Washington"}]},{"@type":"WebSite","@id":"https:\/\/tourtravelandmore.com\/es\/#website","url":"https:\/\/tourtravelandmore.com\/es\/","name":"Tour Travel And More","description":"Private sightseeing tours and luxury transfers in Spain","publisher":{"@id":"https:\/\/tourtravelandmore.com\/es\/#organization"},"potentialAction":[{"@type":"SearchAction","target":{"@type":"EntryPoint","urlTemplate":"https:\/\/tourtravelandmore.com\/es\/?s={search_term_string}"},"query-input":{"@type":"PropertyValueSpecification","valueRequired":true,"valueName":"search_term_string"}}],"inLanguage":"es"},{"@type":"Organization","@id":"https:\/\/tourtravelandmore.com\/es\/#organization","name":"Tour Travel And More","url":"https:\/\/tourtravelandmore.com\/es\/","logo":{"@type":"ImageObject","inLanguage":"es","@id":"https:\/\/tourtravelandmore.com\/es\/#\/schema\/logo\/image\/","url":"https:\/\/tourtravelandmore.com\/wp-content\/uploads\/2022\/12\/cropped-logo-cabecera-new.png","contentUrl":"https:\/\/tourtravelandmore.com\/wp-content\/uploads\/2022\/12\/cropped-logo-cabecera-new.png","width":430,"height":61,"caption":"Tour Travel And More"},"image":{"@id":"https:\/\/tourtravelandmore.com\/es\/#\/schema\/logo\/image\/"},"sameAs":["https:\/\/www.facebook.com\/tourtravelandmore\/","https:\/\/x.com\/TourTravel_More"]}]}},"_links":{"self":[{"href":"https:\/\/tourtravelandmore.com\/es\/wp-json\/wp\/v2\/product\/77531","targetHints":{"allow":["GET"]}}],"collection":[{"href":"https:\/\/tourtravelandmore.com\/es\/wp-json\/wp\/v2\/product"}],"about":[{"href":"https:\/\/tourtravelandmore.com\/es\/wp-json\/wp\/v2\/types\/product"}],"replies":[{"embeddable":true,"href":"https:\/\/tourtravelandmore.com\/es\/wp-json\/wp\/v2\/comments?post=77531"}],"wp:featuredmedia":[{"embeddable":true,"href":"https:\/\/tourtravelandmore.com\/es\/wp-json\/wp\/v2\/media\/84577"}],"wp:attachment":[{"href":"https:\/\/tourtravelandmore.com\/es\/wp-json\/wp\/v2\/media?parent=77531"}],"wp:term":[{"taxonomy":"product_brand","embeddable":true,"href":"https:\/\/tourtravelandmore.com\/es\/wp-json\/wp\/v2\/product_brand?post=77531"},{"taxonomy":"product_cat","embeddable":true,"href":"https:\/\/tourtravelandmore.com\/es\/wp-json\/wp\/v2\/product_cat?post=77531"},{"taxonomy":"product_tag","embeddable":true,"href":"https:\/\/tourtravelandmore.com\/es\/wp-json\/wp\/v2\/product_tag?post=77531"}],"curies":[{"name":"wp","href":"https:\/\/api.w.org\/{rel}","templated":true}]}}