{"id":77282,"date":"2020-02-18T12:26:24","date_gmt":"2020-02-18T11:26:24","guid":{"rendered":"https:\/\/tourtravelandmore.com\/?post_type=product&#038;p=77282"},"modified":"2025-01-27T16:08:32","modified_gmt":"2025-01-27T15:08:32","slug":"tour-privado-de-lo-mejor-de-washington","status":"publish","type":"product","link":"https:\/\/tourtravelandmore.com\/es\/tours\/eeuu-es\/washington-es\/washington-rutas-turisticas-privadas-es\/tour-privado-de-lo-mejor-de-washington\/","title":{"rendered":"Tour Privado de Washington"},"content":{"rendered":"<h2><b><strong>Descripci\u00f3n del tour privado por Washington<\/strong><\/b><\/h2>\n<p>Perm\u00edtanos llevarle en este <b>tour privado por Washington<\/b> y conocer todos los monumentos y lugares de esta fant\u00e1stica ciudad. Prep\u00e1rese para explorar los lugares m\u00e1s emblem\u00e1ticos y bonitos con su <b>conductor privado<\/b> y su <b>gu\u00eda tur\u00edstico oficial<\/b>.<\/p>\n<p>Podemos recogerle en su hotel o en el lugar que elija en Washington. Disfrutar\u00e1 de este tour privado a bordo de un <b>veh\u00edculo privado de lujo<\/b>.<\/p>\n<p><b>Washington D. C.<\/b> es la capital de los Estados Unidos y una de las ciudades m\u00e1s visitadas del mundo. La ciudad est\u00e1 situada en la regi\u00f3n centroatl\u00e1ntica de la costa este de EE. UU. y tiene una poblaci\u00f3n que ronda las 700 000 personas. La ciudad alberga 177 embajadas extranjeras y est\u00e1 considerada como una de las capitales pol\u00edticas m\u00e1s importantes del mundo.<\/p>\n<p>Tambi\u00e9n podemos ofrecerle un recorrido <a href=\"https:\/\/tourtravelandmore.com\/tours\/u-s-a\/washington-en\/washington-activities-en\/private-walking-tour-of-washingston-dc\/\">privado a pie por Washington<\/a> con un gu\u00eda tur\u00edstico local, \u00a1\u00e9chale un vistazo!<\/p>\n<h2><b><strong>Recorrido privado por Washington Puntos de inter\u00e9s y lugares emblem\u00e1ticos<\/strong><\/b><\/h2>\n<p>En primer lugar, organizaremos una recogida privada en su hotel de Washington. La hora de inicio del recorrido la determinar\u00e1 usted, ya que se trata de una experiencia privada.<\/p>\n<p>Tendr\u00e1 la oportunidad de tomar una foto y disfrutar de una vista de la <b>Casa Blanca<\/b>. Cruce la calle y camine por el parque donde tienen lugar la mayor\u00eda de las protestas pol\u00edticas en Washington D. C. Aprenda sobre la historia del gobierno de los Estados Unidos en su visita al <b>Centro de Visitantes del Capitolio<\/b>.<\/p>\n<p>Conozca los lugares m\u00e1s importantes de Washington D. C. cuando visite todos los monumentos y memoriales distribuidos por la ciudad.<\/p>\n<p>Durante este tour privado por Washington podr\u00e1 visitar:<\/p>\n<ul>\n<li><b><strong>Memorial de Lincoln<\/strong><\/b><\/li>\n<li><b><strong>Memorial de la Marina de los EE. UU.<\/strong><\/b><\/li>\n<li><b><strong>Memorial de Martin Luther King<\/strong><\/b><\/li>\n<li><b><strong>Barrio chino<\/strong><\/b><\/li>\n<li><b><strong>La Casa Blanca<\/strong><\/b><\/li>\n<li><a href=\"https:\/\/www.visitthecapitol.gov\/\">El Capitolio de los Estados Unidos<\/a><\/li>\n<li><b><strong>La Biblioteca del Congreso<\/strong><\/b><\/li>\n<li><b><strong>Dupont Circle<\/strong><\/b><\/li>\n<li><b><strong>Georgetown<\/strong><\/b><\/li>\n<li>\u00a1y mucho m\u00e1s!<\/li>\n<\/ul>\n<p>El itinerario de la visita depender\u00e1 de sus intereses y tambi\u00e9n de la duraci\u00f3n total elegida para la visita.<\/p>\n<p>Finalmente, al final de la visita guiada, lo llevar\u00e1n de regreso a su hotel o al lugar que elija en Washington.<\/p>\n","protected":false},"excerpt":{"rendered":"<p>Aproveche la oportunidad de visitar el<strong> hist\u00f3rico edificio de la Casa Blanca, El Capitolio de los Estados Unidos, la Biblioteca del Congreso<\/strong> y muchos otros sitios de inter\u00e9s en esta grandiosa ciudad junto a su chofer y gu\u00eda oficial privado.<\/p>\n","protected":false},"featured_media":85141,"comment_status":"open","ping_status":"closed","template":"","meta":{"_acf_changed":false},"product_brand":[],"product_cat":[1602,2057,2061,2060],"product_tag":[],"class_list":{"0":"post-77282","1":"product","2":"type-product","3":"status-publish","4":"has-post-thumbnail","6":"product_cat-eeuu-es","7":"product_cat-washington-es","8":"product_cat-washington-actividades-es","9":"product_cat-washington-rutas-turisticas-privadas-es","11":"first","12":"instock","13":"shipping-taxable","14":"purchasable","15":"product-type-simple"},"acf":[],"yoast_head":"<!-- This site is optimized with the Yoast SEO Premium plugin v25.3.1 (Yoast SEO v25.3.1) - https:\/\/yoast.com\/wordpress\/plugins\/seo\/ -->\n<title>City Tour Privado por Washington con chofer | Tour Travel &amp; More<\/title>\n<meta name=\"description\" content=\"\u2192 Tour privado a la vibrante ciudad de Washington para explorar sus maravillosos monumentos, sus deslumbrantes museos y mucho m\u00e1s \u2705\" \/>\n<meta name=\"robots\" content=\"index, follow, max-snippet:-1, max-image-preview:large, max-video-preview:-1\" \/>\n<link rel=\"canonical\" href=\"https:\/\/tourtravelandmore.com\/es\/tours\/eeuu-es\/washington-es\/washington-rutas-turisticas-privadas-es\/tour-privado-de-lo-mejor-de-washington\/\" \/>\n<meta property=\"og:locale\" content=\"es_ES\" \/>\n<meta property=\"og:type\" content=\"article\" \/>\n<meta property=\"og:title\" content=\"Tour Privado de Washington\" \/>\n<meta property=\"og:description\" content=\"\u2192 Tour privado a la vibrante ciudad de Washington para explorar sus maravillosos monumentos, sus deslumbrantes museos y mucho m\u00e1s \u2705\" \/>\n<meta property=\"og:url\" content=\"https:\/\/tourtravelandmore.com\/es\/tours\/eeuu-es\/washington-es\/washington-rutas-turisticas-privadas-es\/tour-privado-de-lo-mejor-de-washington\/\" \/>\n<meta property=\"og:site_name\" content=\"Tour Travel And More\" \/>\n<meta property=\"article:publisher\" content=\"https:\/\/www.facebook.com\/tourtravelandmore\/\" \/>\n<meta property=\"article:modified_time\" content=\"2025-01-27T15:08:32+00:00\" \/>\n<meta property=\"og:image\" content=\"https:\/\/tourtravelandmore.com\/wp-content\/uploads\/2020\/02\/washington-3.jpg\" \/>\n\t<meta property=\"og:image:width\" content=\"2048\" \/>\n\t<meta property=\"og:image:height\" content=\"1366\" \/>\n\t<meta property=\"og:image:type\" content=\"image\/jpeg\" \/>\n<meta name=\"twitter:card\" content=\"summary_large_image\" \/>\n<meta name=\"twitter:site\" content=\"@TourTravel_More\" \/>\n<meta name=\"twitter:label1\" content=\"Tiempo de lectura\" \/>\n\t<meta name=\"twitter:data1\" content=\"2 minutos\" \/>\n<script type=\"application\/ld+json\" class=\"yoast-schema-graph\">{\"@context\":\"https:\/\/schema.org\",\"@graph\":[{\"@type\":\"WebPage\",\"@id\":\"https:\/\/tourtravelandmore.com\/es\/tours\/eeuu-es\/washington-es\/washington-rutas-turisticas-privadas-es\/tour-privado-de-lo-mejor-de-washington\/\",\"url\":\"https:\/\/tourtravelandmore.com\/es\/tours\/eeuu-es\/washington-es\/washington-rutas-turisticas-privadas-es\/tour-privado-de-lo-mejor-de-washington\/\",\"name\":\"City Tour Privado por Washington con chofer | Tour Travel & More\",\"isPartOf\":{\"@id\":\"https:\/\/tourtravelandmore.com\/es\/#website\"},\"primaryImageOfPage\":{\"@id\":\"https:\/\/tourtravelandmore.com\/es\/tours\/eeuu-es\/washington-es\/washington-rutas-turisticas-privadas-es\/tour-privado-de-lo-mejor-de-washington\/#primaryimage\"},\"image\":{\"@id\":\"https:\/\/tourtravelandmore.com\/es\/tours\/eeuu-es\/washington-es\/washington-rutas-turisticas-privadas-es\/tour-privado-de-lo-mejor-de-washington\/#primaryimage\"},\"thumbnailUrl\":\"https:\/\/tourtravelandmore.com\/wp-content\/uploads\/2020\/02\/washington-3.jpg\",\"datePublished\":\"2020-02-18T11:26:24+00:00\",\"dateModified\":\"2025-01-27T15:08:32+00:00\",\"description\":\"\u2192 Tour privado a la vibrante ciudad de Washington para explorar sus maravillosos monumentos, sus deslumbrantes museos y mucho m\u00e1s \u2705\",\"breadcrumb\":{\"@id\":\"https:\/\/tourtravelandmore.com\/es\/tours\/eeuu-es\/washington-es\/washington-rutas-turisticas-privadas-es\/tour-privado-de-lo-mejor-de-washington\/#breadcrumb\"},\"inLanguage\":\"es\",\"potentialAction\":[{\"@type\":\"ReadAction\",\"target\":[\"https:\/\/tourtravelandmore.com\/es\/tours\/eeuu-es\/washington-es\/washington-rutas-turisticas-privadas-es\/tour-privado-de-lo-mejor-de-washington\/\"]}]},{\"@type\":\"ImageObject\",\"inLanguage\":\"es\",\"@id\":\"https:\/\/tourtravelandmore.com\/es\/tours\/eeuu-es\/washington-es\/washington-rutas-turisticas-privadas-es\/tour-privado-de-lo-mejor-de-washington\/#primaryimage\",\"url\":\"https:\/\/tourtravelandmore.com\/wp-content\/uploads\/2020\/02\/washington-3.jpg\",\"contentUrl\":\"https:\/\/tourtravelandmore.com\/wp-content\/uploads\/2020\/02\/washington-3.jpg\",\"width\":2048,\"height\":1366},{\"@type\":\"BreadcrumbList\",\"@id\":\"https:\/\/tourtravelandmore.com\/es\/tours\/eeuu-es\/washington-es\/washington-rutas-turisticas-privadas-es\/tour-privado-de-lo-mejor-de-washington\/#breadcrumb\",\"itemListElement\":[{\"@type\":\"ListItem\",\"position\":1,\"name\":\"Home\",\"item\":\"https:\/\/tourtravelandmore.com\/es\/\"},{\"@type\":\"ListItem\",\"position\":2,\"name\":\"Tours\",\"item\":\"https:\/\/tourtravelandmore.com\/es\/tours\/\"},{\"@type\":\"ListItem\",\"position\":3,\"name\":\"Tour Privado de Washington\"}]},{\"@type\":\"WebSite\",\"@id\":\"https:\/\/tourtravelandmore.com\/es\/#website\",\"url\":\"https:\/\/tourtravelandmore.com\/es\/\",\"name\":\"Tour Travel And More\",\"description\":\"Private sightseeing tours and luxury transfers in Spain\",\"publisher\":{\"@id\":\"https:\/\/tourtravelandmore.com\/es\/#organization\"},\"potentialAction\":[{\"@type\":\"SearchAction\",\"target\":{\"@type\":\"EntryPoint\",\"urlTemplate\":\"https:\/\/tourtravelandmore.com\/es\/?s={search_term_string}\"},\"query-input\":{\"@type\":\"PropertyValueSpecification\",\"valueRequired\":true,\"valueName\":\"search_term_string\"}}],\"inLanguage\":\"es\"},{\"@type\":\"Organization\",\"@id\":\"https:\/\/tourtravelandmore.com\/es\/#organization\",\"name\":\"Tour Travel And More\",\"url\":\"https:\/\/tourtravelandmore.com\/es\/\",\"logo\":{\"@type\":\"ImageObject\",\"inLanguage\":\"es\",\"@id\":\"https:\/\/tourtravelandmore.com\/es\/#\/schema\/logo\/image\/\",\"url\":\"https:\/\/tourtravelandmore.com\/wp-content\/uploads\/2022\/12\/cropped-logo-cabecera-new.png\",\"contentUrl\":\"https:\/\/tourtravelandmore.com\/wp-content\/uploads\/2022\/12\/cropped-logo-cabecera-new.png\",\"width\":430,\"height\":61,\"caption\":\"Tour Travel And More\"},\"image\":{\"@id\":\"https:\/\/tourtravelandmore.com\/es\/#\/schema\/logo\/image\/\"},\"sameAs\":[\"https:\/\/www.facebook.com\/tourtravelandmore\/\",\"https:\/\/x.com\/TourTravel_More\"]}]}<\/script>\n<!-- \/ Yoast SEO Premium plugin. -->","yoast_head_json":{"title":"City Tour Privado por Washington con chofer | Tour Travel & More","description":"\u2192 Tour privado a la vibrante ciudad de Washington para explorar sus maravillosos monumentos, sus deslumbrantes museos y mucho m\u00e1s \u2705","robots":{"index":"index","follow":"follow","max-snippet":"max-snippet:-1","max-image-preview":"max-image-preview:large","max-video-preview":"max-video-preview:-1"},"canonical":"https:\/\/tourtravelandmore.com\/es\/tours\/eeuu-es\/washington-es\/washington-rutas-turisticas-privadas-es\/tour-privado-de-lo-mejor-de-washington\/","og_locale":"es_ES","og_type":"article","og_title":"Tour Privado de Washington","og_description":"\u2192 Tour privado a la vibrante ciudad de Washington para explorar sus maravillosos monumentos, sus deslumbrantes museos y mucho m\u00e1s \u2705","og_url":"https:\/\/tourtravelandmore.com\/es\/tours\/eeuu-es\/washington-es\/washington-rutas-turisticas-privadas-es\/tour-privado-de-lo-mejor-de-washington\/","og_site_name":"Tour Travel And More","article_publisher":"https:\/\/www.facebook.com\/tourtravelandmore\/","article_modified_time":"2025-01-27T15:08:32+00:00","og_image":[{"width":2048,"height":1366,"url":"https:\/\/tourtravelandmore.com\/wp-content\/uploads\/2020\/02\/washington-3.jpg","type":"image\/jpeg"}],"twitter_card":"summary_large_image","twitter_site":"@TourTravel_More","twitter_misc":{"Tiempo de lectura":"2 minutos"},"schema":{"@context":"https:\/\/schema.org","@graph":[{"@type":"WebPage","@id":"https:\/\/tourtravelandmore.com\/es\/tours\/eeuu-es\/washington-es\/washington-rutas-turisticas-privadas-es\/tour-privado-de-lo-mejor-de-washington\/","url":"https:\/\/tourtravelandmore.com\/es\/tours\/eeuu-es\/washington-es\/washington-rutas-turisticas-privadas-es\/tour-privado-de-lo-mejor-de-washington\/","name":"City Tour Privado por Washington con chofer | Tour Travel & More","isPartOf":{"@id":"https:\/\/tourtravelandmore.com\/es\/#website"},"primaryImageOfPage":{"@id":"https:\/\/tourtravelandmore.com\/es\/tours\/eeuu-es\/washington-es\/washington-rutas-turisticas-privadas-es\/tour-privado-de-lo-mejor-de-washington\/#primaryimage"},"image":{"@id":"https:\/\/tourtravelandmore.com\/es\/tours\/eeuu-es\/washington-es\/washington-rutas-turisticas-privadas-es\/tour-privado-de-lo-mejor-de-washington\/#primaryimage"},"thumbnailUrl":"https:\/\/tourtravelandmore.com\/wp-content\/uploads\/2020\/02\/washington-3.jpg","datePublished":"2020-02-18T11:26:24+00:00","dateModified":"2025-01-27T15:08:32+00:00","description":"\u2192 Tour privado a la vibrante ciudad de Washington para explorar sus maravillosos monumentos, sus deslumbrantes museos y mucho m\u00e1s \u2705","breadcrumb":{"@id":"https:\/\/tourtravelandmore.com\/es\/tours\/eeuu-es\/washington-es\/washington-rutas-turisticas-privadas-es\/tour-privado-de-lo-mejor-de-washington\/#breadcrumb"},"inLanguage":"es","potentialAction":[{"@type":"ReadAction","target":["https:\/\/tourtravelandmore.com\/es\/tours\/eeuu-es\/washington-es\/washington-rutas-turisticas-privadas-es\/tour-privado-de-lo-mejor-de-washington\/"]}]},{"@type":"ImageObject","inLanguage":"es","@id":"https:\/\/tourtravelandmore.com\/es\/tours\/eeuu-es\/washington-es\/washington-rutas-turisticas-privadas-es\/tour-privado-de-lo-mejor-de-washington\/#primaryimage","url":"https:\/\/tourtravelandmore.com\/wp-content\/uploads\/2020\/02\/washington-3.jpg","contentUrl":"https:\/\/tourtravelandmore.com\/wp-content\/uploads\/2020\/02\/washington-3.jpg","width":2048,"height":1366},{"@type":"BreadcrumbList","@id":"https:\/\/tourtravelandmore.com\/es\/tours\/eeuu-es\/washington-es\/washington-rutas-turisticas-privadas-es\/tour-privado-de-lo-mejor-de-washington\/#breadcrumb","itemListElement":[{"@type":"ListItem","position":1,"name":"Home","item":"https:\/\/tourtravelandmore.com\/es\/"},{"@type":"ListItem","position":2,"name":"Tours","item":"https:\/\/tourtravelandmore.com\/es\/tours\/"},{"@type":"ListItem","position":3,"name":"Tour Privado de Washington"}]},{"@type":"WebSite","@id":"https:\/\/tourtravelandmore.com\/es\/#website","url":"https:\/\/tourtravelandmore.com\/es\/","name":"Tour Travel And More","description":"Private sightseeing tours and luxury transfers in Spain","publisher":{"@id":"https:\/\/tourtravelandmore.com\/es\/#organization"},"potentialAction":[{"@type":"SearchAction","target":{"@type":"EntryPoint","urlTemplate":"https:\/\/tourtravelandmore.com\/es\/?s={search_term_string}"},"query-input":{"@type":"PropertyValueSpecification","valueRequired":true,"valueName":"search_term_string"}}],"inLanguage":"es"},{"@type":"Organization","@id":"https:\/\/tourtravelandmore.com\/es\/#organization","name":"Tour Travel And More","url":"https:\/\/tourtravelandmore.com\/es\/","logo":{"@type":"ImageObject","inLanguage":"es","@id":"https:\/\/tourtravelandmore.com\/es\/#\/schema\/logo\/image\/","url":"https:\/\/tourtravelandmore.com\/wp-content\/uploads\/2022\/12\/cropped-logo-cabecera-new.png","contentUrl":"https:\/\/tourtravelandmore.com\/wp-content\/uploads\/2022\/12\/cropped-logo-cabecera-new.png","width":430,"height":61,"caption":"Tour Travel And More"},"image":{"@id":"https:\/\/tourtravelandmore.com\/es\/#\/schema\/logo\/image\/"},"sameAs":["https:\/\/www.facebook.com\/tourtravelandmore\/","https:\/\/x.com\/TourTravel_More"]}]}},"_links":{"self":[{"href":"https:\/\/tourtravelandmore.com\/es\/wp-json\/wp\/v2\/product\/77282","targetHints":{"allow":["GET"]}}],"collection":[{"href":"https:\/\/tourtravelandmore.com\/es\/wp-json\/wp\/v2\/product"}],"about":[{"href":"https:\/\/tourtravelandmore.com\/es\/wp-json\/wp\/v2\/types\/product"}],"replies":[{"embeddable":true,"href":"https:\/\/tourtravelandmore.com\/es\/wp-json\/wp\/v2\/comments?post=77282"}],"wp:featuredmedia":[{"embeddable":true,"href":"https:\/\/tourtravelandmore.com\/es\/wp-json\/wp\/v2\/media\/85141"}],"wp:attachment":[{"href":"https:\/\/tourtravelandmore.com\/es\/wp-json\/wp\/v2\/media?parent=77282"}],"wp:term":[{"taxonomy":"product_brand","embeddable":true,"href":"https:\/\/tourtravelandmore.com\/es\/wp-json\/wp\/v2\/product_brand?post=77282"},{"taxonomy":"product_cat","embeddable":true,"href":"https:\/\/tourtravelandmore.com\/es\/wp-json\/wp\/v2\/product_cat?post=77282"},{"taxonomy":"product_tag","embeddable":true,"href":"https:\/\/tourtravelandmore.com\/es\/wp-json\/wp\/v2\/product_tag?post=77282"}],"curies":[{"name":"wp","href":"https:\/\/api.w.org\/{rel}","templated":true}]}}