{"id":770,"date":"2016-03-13T21:01:33","date_gmt":"2016-04-13T18:25:20","guid":{"rendered":"http:\/\/tourtravelandmore.com\/?post_type=product&#038;p=770&#038;lang=es"},"modified":"2025-06-11T10:35:38","modified_gmt":"2025-06-11T08:35:38","slug":"traslado-aeropuerto-sevilla-traslados-privados-en-sevilla","status":"publish","type":"product","link":"https:\/\/tourtravelandmore.com\/es\/tours\/espana-es\/sevilla-es\/traslado-aeropuerto-sevilla-traslados-privados-en-sevilla\/","title":{"rendered":"Traslado privado Aeropuerto\/Estaci\u00f3n desde Sevilla o viceversa"},"content":{"rendered":"<h2><strong>Descripci\u00f3n del Traslado privado Aeropuerto\/Estaci\u00f3n desde Sevilla o viceversa<\/strong><\/h2>\n<p>Llega a su hotel en Sevilla de forma c\u00f3moda y r\u00e1pida, gracias a este Traslado Aeropuerto Sevilla.<\/p>\n<p>Todos nuestros Traslados son privados, pueden escoger la hora y lugar de recogida en Sevilla.<\/p>\n<p>Traslado Aeropuerto Sevilla, nuestro equipo en llegadas siempre estar\u00e1 esperando con un cartel con su nombre, en llegadas.<\/p>\n<p>Operamos en todo Sevilla, podemos organizar los siguientes servicios:<\/p>\n<ul>\n<li><strong>Traslado Aeropuerto Sevilla<\/strong><\/li>\n<li><strong>Traslado Estaci\u00f3n de Tren Sevilla<\/strong><\/li>\n<li><strong>Traslado Terminal Cruceros Sevilla<\/strong><\/li>\n<li><strong>Traslados en la ciudad<\/strong><\/li>\n<li><strong>Traslados para ir a cenar<\/strong><\/li>\n<li><strong>Disposiciones de conductor por hora<\/strong><\/li>\n<li><strong>Traslados a M\u00e1laga\/Marbella\/C\u00e1diz\/C\u00f3rdoba\/Granada o cualquier ciudad en Sevilla.<\/strong><\/li>\n<\/ul>\n<p>Dispone de una flota de veh\u00edculos muy nueva, formada por: <strong>Skoda, Merceder E, Mercedes Viano, Mercedes Vito y Minibuses.<\/strong><\/p>\n<p>Podemos organizar sus Eventos o Congresos. Ofrecemos cualquier servicio con veh\u00edculo!<\/p>\n<p>Adem\u00e1s de traslados podemos organizar tambi\u00e9n <a href=\"https:\/\/tourtravelandmore.com\/es\/ciudad\/espana-es\/sevilla-es\/\">tours privados de la ciudad de Sevilla<\/a> o alrededores.<\/p>\n<p>Para contactar con nosotros, a trav\u00e9s del formulario del tour nos puede escribir e indicar los siguientes datos: <strong>Lugar de recogida y Devoluci\u00f3n y n\u00famero de personas, <\/strong>nuestro equipo contactar\u00e1 con vosotros y le enviar\u00e1 la informaci\u00f3n detallada y modo de reservar. No dudes en contactar!!!<\/p>\n<h2>Puntos de inter\u00e9s en el Traslado privado Aeropuerto\/Estaci\u00f3n desde Sevilla o viceversa<\/h2>\n<p>Sevilla es la ciudad m\u00e1s grande de Andaluc\u00eda. Se puede llegar f\u00e1cilmente en tren desde las mayores ciudades de Espa\u00f1a como Madrid y Barcelona. Sevilla tiene m\u00e1s de 690,000 habitantes y es una ciudad con una historia preciosa. Tiene uno de los cascos antiguos m\u00e1s extensos de Espa\u00f1a. Los monumentos y lugares m\u00e1s emblem\u00e1ticos son Plaza Espa\u00f1a, la catedral y la Giralda entre otros.<\/p>\n<p>Es famosa por su danza flamenca, particularmente en su barrio de Triana. Los principales sitios ic\u00f3nicos incluyen el complejo de castillos adornados del Alc\u00e1zar, construido durante el imperio almohade morisco, y la Plaza de los Toros de la Maestranza, del siglo XVIII.<\/p>\n","protected":false},"excerpt":{"rendered":"<p>Aproveche esta oportunidad para llegar a su destino en Sevilla de la manera m\u00e1s comoda y r\u00e1pida posible. Organizamos recogidas desde su hotel, aeropuerto, estaci\u00f3n de tren o cualquier lugar de Sevilla.<\/p>\n<p>&nbsp;<\/p>\n","protected":false},"featured_media":667,"comment_status":"open","ping_status":"closed","template":"","meta":{"_acf_changed":false},"product_brand":[],"product_cat":[105,109],"product_tag":[],"class_list":{"0":"post-770","1":"product","2":"type-product","3":"status-publish","4":"has-post-thumbnail","6":"product_cat-sevilla-es","7":"product_cat-sevilla-traslados-es","9":"first","10":"instock","11":"shipping-taxable","12":"purchasable","13":"product-type-simple"},"acf":[],"yoast_head":"<!-- This site is optimized with the Yoast SEO Premium plugin v25.3.1 (Yoast SEO v25.3.1) - https:\/\/yoast.com\/wordpress\/plugins\/seo\/ -->\n<title>\u27a1\ufe0f Traslado Aeropuerto Sevilla | Tour Travel &amp; More<\/title>\n<meta name=\"description\" content=\"LLega a su Hotel\/Aeropuerto\/ Estaci\u00f3n sin esperas ni colas, gracias a este Traslado Aeropuerto Sevilla con vehiculo con ch\u00f3fer privado \u2705\" \/>\n<meta name=\"robots\" content=\"index, follow, max-snippet:-1, max-image-preview:large, max-video-preview:-1\" \/>\n<link rel=\"canonical\" href=\"https:\/\/tourtravelandmore.com\/es\/tours\/espana-es\/sevilla-es\/traslado-aeropuerto-sevilla-traslados-privados-en-sevilla\/\" \/>\n<meta property=\"og:locale\" content=\"es_ES\" \/>\n<meta property=\"og:type\" content=\"article\" \/>\n<meta property=\"og:title\" content=\"Traslado privado Aeropuerto\/Estaci\u00f3n desde Sevilla o viceversa\" \/>\n<meta property=\"og:description\" content=\"LLega a su Hotel\/Aeropuerto\/ Estaci\u00f3n sin esperas ni colas, gracias a este Traslado Aeropuerto Sevilla con vehiculo con ch\u00f3fer privado \u2705\" \/>\n<meta property=\"og:url\" content=\"https:\/\/tourtravelandmore.com\/es\/tours\/espana-es\/sevilla-es\/traslado-aeropuerto-sevilla-traslados-privados-en-sevilla\/\" \/>\n<meta property=\"og:site_name\" content=\"Tour Travel And More\" \/>\n<meta property=\"article:publisher\" content=\"https:\/\/www.facebook.com\/tourtravelandmore\/\" \/>\n<meta property=\"article:modified_time\" content=\"2025-06-11T08:35:38+00:00\" \/>\n<meta property=\"og:image\" content=\"https:\/\/tourtravelandmore.com\/wp-content\/uploads\/2016\/03\/Bus-19-pax.jpg\" \/>\n\t<meta property=\"og:image:width\" content=\"640\" \/>\n\t<meta property=\"og:image:height\" content=\"458\" \/>\n\t<meta property=\"og:image:type\" content=\"image\/jpeg\" \/>\n<meta name=\"twitter:card\" content=\"summary_large_image\" \/>\n<meta name=\"twitter:site\" content=\"@TourTravel_More\" \/>\n<meta name=\"twitter:label1\" content=\"Tiempo de lectura\" \/>\n\t<meta name=\"twitter:data1\" content=\"2 minutos\" \/>\n<script type=\"application\/ld+json\" class=\"yoast-schema-graph\">{\"@context\":\"https:\/\/schema.org\",\"@graph\":[{\"@type\":\"WebPage\",\"@id\":\"https:\/\/tourtravelandmore.com\/es\/tours\/espana-es\/sevilla-es\/traslado-aeropuerto-sevilla-traslados-privados-en-sevilla\/\",\"url\":\"https:\/\/tourtravelandmore.com\/es\/tours\/espana-es\/sevilla-es\/traslado-aeropuerto-sevilla-traslados-privados-en-sevilla\/\",\"name\":\"\u27a1\ufe0f Traslado Aeropuerto Sevilla | Tour Travel & More\",\"isPartOf\":{\"@id\":\"https:\/\/tourtravelandmore.com\/es\/#website\"},\"primaryImageOfPage\":{\"@id\":\"https:\/\/tourtravelandmore.com\/es\/tours\/espana-es\/sevilla-es\/traslado-aeropuerto-sevilla-traslados-privados-en-sevilla\/#primaryimage\"},\"image\":{\"@id\":\"https:\/\/tourtravelandmore.com\/es\/tours\/espana-es\/sevilla-es\/traslado-aeropuerto-sevilla-traslados-privados-en-sevilla\/#primaryimage\"},\"thumbnailUrl\":\"https:\/\/tourtravelandmore.com\/wp-content\/uploads\/2016\/03\/Bus-19-pax.jpg\",\"datePublished\":\"2016-04-13T18:25:20+00:00\",\"dateModified\":\"2025-06-11T08:35:38+00:00\",\"description\":\"LLega a su Hotel\/Aeropuerto\/ Estaci\u00f3n sin esperas ni colas, gracias a este Traslado Aeropuerto Sevilla con vehiculo con ch\u00f3fer privado \u2705\",\"breadcrumb\":{\"@id\":\"https:\/\/tourtravelandmore.com\/es\/tours\/espana-es\/sevilla-es\/traslado-aeropuerto-sevilla-traslados-privados-en-sevilla\/#breadcrumb\"},\"inLanguage\":\"es\",\"potentialAction\":[{\"@type\":\"ReadAction\",\"target\":[\"https:\/\/tourtravelandmore.com\/es\/tours\/espana-es\/sevilla-es\/traslado-aeropuerto-sevilla-traslados-privados-en-sevilla\/\"]}]},{\"@type\":\"ImageObject\",\"inLanguage\":\"es\",\"@id\":\"https:\/\/tourtravelandmore.com\/es\/tours\/espana-es\/sevilla-es\/traslado-aeropuerto-sevilla-traslados-privados-en-sevilla\/#primaryimage\",\"url\":\"https:\/\/tourtravelandmore.com\/wp-content\/uploads\/2016\/03\/Bus-19-pax.jpg\",\"contentUrl\":\"https:\/\/tourtravelandmore.com\/wp-content\/uploads\/2016\/03\/Bus-19-pax.jpg\",\"width\":640,\"height\":458},{\"@type\":\"BreadcrumbList\",\"@id\":\"https:\/\/tourtravelandmore.com\/es\/tours\/espana-es\/sevilla-es\/traslado-aeropuerto-sevilla-traslados-privados-en-sevilla\/#breadcrumb\",\"itemListElement\":[{\"@type\":\"ListItem\",\"position\":1,\"name\":\"Home\",\"item\":\"https:\/\/tourtravelandmore.com\/es\/\"},{\"@type\":\"ListItem\",\"position\":2,\"name\":\"Tours\",\"item\":\"https:\/\/tourtravelandmore.com\/es\/tours\/\"},{\"@type\":\"ListItem\",\"position\":3,\"name\":\"Traslado privado Aeropuerto\/Estaci\u00f3n desde Sevilla o viceversa\"}]},{\"@type\":\"WebSite\",\"@id\":\"https:\/\/tourtravelandmore.com\/es\/#website\",\"url\":\"https:\/\/tourtravelandmore.com\/es\/\",\"name\":\"Tour Travel And More\",\"description\":\"Private sightseeing tours and luxury transfers in Spain\",\"publisher\":{\"@id\":\"https:\/\/tourtravelandmore.com\/es\/#organization\"},\"potentialAction\":[{\"@type\":\"SearchAction\",\"target\":{\"@type\":\"EntryPoint\",\"urlTemplate\":\"https:\/\/tourtravelandmore.com\/es\/?s={search_term_string}\"},\"query-input\":{\"@type\":\"PropertyValueSpecification\",\"valueRequired\":true,\"valueName\":\"search_term_string\"}}],\"inLanguage\":\"es\"},{\"@type\":\"Organization\",\"@id\":\"https:\/\/tourtravelandmore.com\/es\/#organization\",\"name\":\"Tour Travel And More\",\"url\":\"https:\/\/tourtravelandmore.com\/es\/\",\"logo\":{\"@type\":\"ImageObject\",\"inLanguage\":\"es\",\"@id\":\"https:\/\/tourtravelandmore.com\/es\/#\/schema\/logo\/image\/\",\"url\":\"https:\/\/tourtravelandmore.com\/wp-content\/uploads\/2022\/12\/cropped-logo-cabecera-new.png\",\"contentUrl\":\"https:\/\/tourtravelandmore.com\/wp-content\/uploads\/2022\/12\/cropped-logo-cabecera-new.png\",\"width\":430,\"height\":61,\"caption\":\"Tour Travel And More\"},\"image\":{\"@id\":\"https:\/\/tourtravelandmore.com\/es\/#\/schema\/logo\/image\/\"},\"sameAs\":[\"https:\/\/www.facebook.com\/tourtravelandmore\/\",\"https:\/\/x.com\/TourTravel_More\"]}]}<\/script>\n<!-- \/ Yoast SEO Premium plugin. -->","yoast_head_json":{"title":"\u27a1\ufe0f Traslado Aeropuerto Sevilla | Tour Travel & More","description":"LLega a su Hotel\/Aeropuerto\/ Estaci\u00f3n sin esperas ni colas, gracias a este Traslado Aeropuerto Sevilla con vehiculo con ch\u00f3fer privado \u2705","robots":{"index":"index","follow":"follow","max-snippet":"max-snippet:-1","max-image-preview":"max-image-preview:large","max-video-preview":"max-video-preview:-1"},"canonical":"https:\/\/tourtravelandmore.com\/es\/tours\/espana-es\/sevilla-es\/traslado-aeropuerto-sevilla-traslados-privados-en-sevilla\/","og_locale":"es_ES","og_type":"article","og_title":"Traslado privado Aeropuerto\/Estaci\u00f3n desde Sevilla o viceversa","og_description":"LLega a su Hotel\/Aeropuerto\/ Estaci\u00f3n sin esperas ni colas, gracias a este Traslado Aeropuerto Sevilla con vehiculo con ch\u00f3fer privado \u2705","og_url":"https:\/\/tourtravelandmore.com\/es\/tours\/espana-es\/sevilla-es\/traslado-aeropuerto-sevilla-traslados-privados-en-sevilla\/","og_site_name":"Tour Travel And More","article_publisher":"https:\/\/www.facebook.com\/tourtravelandmore\/","article_modified_time":"2025-06-11T08:35:38+00:00","og_image":[{"width":640,"height":458,"url":"https:\/\/tourtravelandmore.com\/wp-content\/uploads\/2016\/03\/Bus-19-pax.jpg","type":"image\/jpeg"}],"twitter_card":"summary_large_image","twitter_site":"@TourTravel_More","twitter_misc":{"Tiempo de lectura":"2 minutos"},"schema":{"@context":"https:\/\/schema.org","@graph":[{"@type":"WebPage","@id":"https:\/\/tourtravelandmore.com\/es\/tours\/espana-es\/sevilla-es\/traslado-aeropuerto-sevilla-traslados-privados-en-sevilla\/","url":"https:\/\/tourtravelandmore.com\/es\/tours\/espana-es\/sevilla-es\/traslado-aeropuerto-sevilla-traslados-privados-en-sevilla\/","name":"\u27a1\ufe0f Traslado Aeropuerto Sevilla | Tour Travel & More","isPartOf":{"@id":"https:\/\/tourtravelandmore.com\/es\/#website"},"primaryImageOfPage":{"@id":"https:\/\/tourtravelandmore.com\/es\/tours\/espana-es\/sevilla-es\/traslado-aeropuerto-sevilla-traslados-privados-en-sevilla\/#primaryimage"},"image":{"@id":"https:\/\/tourtravelandmore.com\/es\/tours\/espana-es\/sevilla-es\/traslado-aeropuerto-sevilla-traslados-privados-en-sevilla\/#primaryimage"},"thumbnailUrl":"https:\/\/tourtravelandmore.com\/wp-content\/uploads\/2016\/03\/Bus-19-pax.jpg","datePublished":"2016-04-13T18:25:20+00:00","dateModified":"2025-06-11T08:35:38+00:00","description":"LLega a su Hotel\/Aeropuerto\/ Estaci\u00f3n sin esperas ni colas, gracias a este Traslado Aeropuerto Sevilla con vehiculo con ch\u00f3fer privado \u2705","breadcrumb":{"@id":"https:\/\/tourtravelandmore.com\/es\/tours\/espana-es\/sevilla-es\/traslado-aeropuerto-sevilla-traslados-privados-en-sevilla\/#breadcrumb"},"inLanguage":"es","potentialAction":[{"@type":"ReadAction","target":["https:\/\/tourtravelandmore.com\/es\/tours\/espana-es\/sevilla-es\/traslado-aeropuerto-sevilla-traslados-privados-en-sevilla\/"]}]},{"@type":"ImageObject","inLanguage":"es","@id":"https:\/\/tourtravelandmore.com\/es\/tours\/espana-es\/sevilla-es\/traslado-aeropuerto-sevilla-traslados-privados-en-sevilla\/#primaryimage","url":"https:\/\/tourtravelandmore.com\/wp-content\/uploads\/2016\/03\/Bus-19-pax.jpg","contentUrl":"https:\/\/tourtravelandmore.com\/wp-content\/uploads\/2016\/03\/Bus-19-pax.jpg","width":640,"height":458},{"@type":"BreadcrumbList","@id":"https:\/\/tourtravelandmore.com\/es\/tours\/espana-es\/sevilla-es\/traslado-aeropuerto-sevilla-traslados-privados-en-sevilla\/#breadcrumb","itemListElement":[{"@type":"ListItem","position":1,"name":"Home","item":"https:\/\/tourtravelandmore.com\/es\/"},{"@type":"ListItem","position":2,"name":"Tours","item":"https:\/\/tourtravelandmore.com\/es\/tours\/"},{"@type":"ListItem","position":3,"name":"Traslado privado Aeropuerto\/Estaci\u00f3n desde Sevilla o viceversa"}]},{"@type":"WebSite","@id":"https:\/\/tourtravelandmore.com\/es\/#website","url":"https:\/\/tourtravelandmore.com\/es\/","name":"Tour Travel And More","description":"Private sightseeing tours and luxury transfers in Spain","publisher":{"@id":"https:\/\/tourtravelandmore.com\/es\/#organization"},"potentialAction":[{"@type":"SearchAction","target":{"@type":"EntryPoint","urlTemplate":"https:\/\/tourtravelandmore.com\/es\/?s={search_term_string}"},"query-input":{"@type":"PropertyValueSpecification","valueRequired":true,"valueName":"search_term_string"}}],"inLanguage":"es"},{"@type":"Organization","@id":"https:\/\/tourtravelandmore.com\/es\/#organization","name":"Tour Travel And More","url":"https:\/\/tourtravelandmore.com\/es\/","logo":{"@type":"ImageObject","inLanguage":"es","@id":"https:\/\/tourtravelandmore.com\/es\/#\/schema\/logo\/image\/","url":"https:\/\/tourtravelandmore.com\/wp-content\/uploads\/2022\/12\/cropped-logo-cabecera-new.png","contentUrl":"https:\/\/tourtravelandmore.com\/wp-content\/uploads\/2022\/12\/cropped-logo-cabecera-new.png","width":430,"height":61,"caption":"Tour Travel And More"},"image":{"@id":"https:\/\/tourtravelandmore.com\/es\/#\/schema\/logo\/image\/"},"sameAs":["https:\/\/www.facebook.com\/tourtravelandmore\/","https:\/\/x.com\/TourTravel_More"]}]}},"_links":{"self":[{"href":"https:\/\/tourtravelandmore.com\/es\/wp-json\/wp\/v2\/product\/770","targetHints":{"allow":["GET"]}}],"collection":[{"href":"https:\/\/tourtravelandmore.com\/es\/wp-json\/wp\/v2\/product"}],"about":[{"href":"https:\/\/tourtravelandmore.com\/es\/wp-json\/wp\/v2\/types\/product"}],"replies":[{"embeddable":true,"href":"https:\/\/tourtravelandmore.com\/es\/wp-json\/wp\/v2\/comments?post=770"}],"wp:featuredmedia":[{"embeddable":true,"href":"https:\/\/tourtravelandmore.com\/es\/wp-json\/wp\/v2\/media\/667"}],"wp:attachment":[{"href":"https:\/\/tourtravelandmore.com\/es\/wp-json\/wp\/v2\/media?parent=770"}],"wp:term":[{"taxonomy":"product_brand","embeddable":true,"href":"https:\/\/tourtravelandmore.com\/es\/wp-json\/wp\/v2\/product_brand?post=770"},{"taxonomy":"product_cat","embeddable":true,"href":"https:\/\/tourtravelandmore.com\/es\/wp-json\/wp\/v2\/product_cat?post=770"},{"taxonomy":"product_tag","embeddable":true,"href":"https:\/\/tourtravelandmore.com\/es\/wp-json\/wp\/v2\/product_tag?post=770"}],"curies":[{"name":"wp","href":"https:\/\/api.w.org\/{rel}","templated":true}]}}