{"id":76397,"date":"2020-02-07T14:18:31","date_gmt":"2020-02-07T13:18:31","guid":{"rendered":"https:\/\/tourtravelandmore.com\/?post_type=product&#038;p=76397"},"modified":"2022-11-14T23:18:57","modified_gmt":"2022-11-14T22:18:57","slug":"tour-privado-cartagena-tour-privado-con-guia-y-vehiculo","status":"publish","type":"product","link":"https:\/\/tourtravelandmore.com\/es\/tours\/espana-es\/cartagena-es\/cartagena-actividades-es\/tour-privado-cartagena-tour-privado-con-guia-y-vehiculo\/","title":{"rendered":"Tour privado Cartagena desde la Terminal de Cruceros"},"content":{"rendered":"<h2>Descripci\u00f3n del Tour privado Cartagena desde la Terminal de Cruceros<\/h2>\n<p>Disfruta de este tour privado Cartagena desde la Terminal de Cruceros, es un tour pensado para cruceristas. Nuestro gu\u00eda y veh\u00edculo estar\u00e1n esperando a la salida de la Terminal de Cruceros con un cartel con su nombre, para empezar este tour privado Cartagena y descubrir una de las ciudades m\u00e1s importantes del Imperio Romano.<\/p>\n<p>La duraci\u00f3n de este tour es de 4 horas. Es completamente privado, pueden escoger la hora y lugar de recogida.<\/p>\n<h2>Puntos de inter\u00e9s en el Tour privado Cartagena desde la Terminal de Cruceros<\/h2>\n<p>Nuestra primera parada ser\u00e1 en el <strong><em>Museo ARQUA<\/em><\/strong>, tambi\u00e9n conocido como el Museo de Arqueolog\u00eda subacu\u00e1tica, el cual realiza trabajos en la costa de <em>Mazarr\u00f3n<\/em> recuperando viejos barcos fenicios hundidos.<\/p>\n<p>Con este primer acercamiento a la antig\u00fcedad habr\u00e1 llegado el momento de conocer el legado <em>Romano<\/em> que a\u00fan se conserva en la ciudad.<\/p>\n<p>Visitaremos el <strong><em>Museo del Teatro Romano<\/em><\/strong> y caminaremos por el interior de este basti\u00f3n de la cultura antigua, Pasearemos por el <strong><em>Barrio del Foro Romano<\/em><\/strong> y visitaremos la <strong><em>Casa Romana de la Fortuna<\/em>.<\/strong><\/p>\n<p>Luego ser\u00e1 el momento propicio para volver a la modernidad, para ello bajaremos al centro de la ciudad donde admiraremos el <strong><em>Palacio Consistorial de Cartagena<\/em><\/strong>, el cual en su momento tambi\u00e9n sirvi\u00f3 de ayuntamiento, veremos el <strong>Casino<\/strong><em> y <\/em>el<em> <strong>Gran Hotel<\/strong><\/em>, y adem\u00e1s tendremos algo de tiempo para degustar la cocina local y hacer las tradicionales compras de recuerdos.<\/p>\n<p>Por \u00faltimo, nos subiremos al ascensor panor\u00e1mico que nos permitir\u00e1 tener una visi\u00f3n 360 de toda <strong>Cartagena<\/strong> y que nos dejar\u00e1 sobre <strong><em>La Colina del Castillo<\/em><\/strong>, para que te tomes las mejores fotos de todo el viaje antes de volver a su crucero.<\/p>\n<p>Si dispone de m\u00e1s d\u00edas puedes consultar <a href=\"https:\/\/tourtravelandmore.com\/es\/ciudad\/espana-es\/cartagena-es\/\"><strong>aqu\u00ed<\/strong><\/a>, el resto de nuestros tours privados Cartagena.<\/p>\n<h2>Algunos datos hist\u00f3ricos sobre Cartagena<\/h2>\n<p>En sus or\u00edgenes esta ciudad se conoci\u00f3 con el nombre de <strong><em>Qart Hadasht<\/em><\/strong> y fue fundada por el cartagin\u00e9s <em>Asdr\u00fabal el Bello<\/em> all\u00e1 por el a\u00f1o 227 a.C. Anteriormente en esta locaci\u00f3n se encontraba un peque\u00f1o asentamiento tart\u00e9sico conocido como <strong><em>Mastia<\/em><\/strong>, luego bajo el poder\u00edo del<em> Imperio Romano<\/em> pas\u00f3 a llamarse <strong><em>Carthago Nova<\/em><\/strong>, para posteriormente caer en manos de los bizantinos y cambiar nuevamente su nombre a <strong><em>Carthago Spartaria<\/em><\/strong>, hasta convertirse en la ciudad que conocemos hoy en d\u00eda.<\/p>\n<p>&nbsp;<\/p>\n","protected":false},"excerpt":{"rendered":"<p>Conoce una de las ciudades m\u00e1s importantes del Imperio Romano. Nuestro gu\u00eda oficial y veh\u00edculo con conductor le recoger\u00e1 desde la Terminal de Cruceros, para empezar este tour privado Cartagena. Descubre sus principales restos arqueol\u00f3gicos de la \u00e9poca Romano, como El Teatro, Barrio del Foro Romano, Casa Romana de la Fortuna y mucho mas!<\/p>\n","protected":false},"featured_media":76262,"comment_status":"open","ping_status":"closed","template":"","meta":{"_acf_changed":false},"product_brand":[],"product_cat":[1596,2033,2034,2035],"product_tag":[],"class_list":{"0":"post-76397","1":"product","2":"type-product","3":"status-publish","4":"has-post-thumbnail","6":"product_cat-espana-es","7":"product_cat-cartagena-es","8":"product_cat-cartagena-actividades-es","9":"product_cat-cartagena-excursiones-es","11":"first","12":"instock","13":"shipping-taxable","14":"purchasable","15":"product-type-simple"},"acf":[],"yoast_head":"<!-- This site is optimized with the Yoast SEO Premium plugin v25.3.1 (Yoast SEO v25.3.1) - https:\/\/yoast.com\/wordpress\/plugins\/seo\/ -->\n<title>\u27a1\ufe0f Tour Privado Cartagena | Tour Travel &amp; More<\/title>\n<meta name=\"description\" content=\"Disfruta de este tour privado Cartagena desde la Terminal de Cruceros y descubre una de las ciudades m\u00e1s importantes del Imperio Romano \u2705\" \/>\n<meta name=\"robots\" content=\"index, follow, max-snippet:-1, max-image-preview:large, max-video-preview:-1\" \/>\n<link rel=\"canonical\" href=\"https:\/\/tourtravelandmore.com\/es\/tours\/espana-es\/cartagena-es\/cartagena-actividades-es\/tour-privado-cartagena-tour-privado-con-guia-y-vehiculo\/\" \/>\n<meta property=\"og:locale\" content=\"es_ES\" \/>\n<meta property=\"og:type\" content=\"article\" \/>\n<meta property=\"og:title\" content=\"Tour privado Cartagena desde la Terminal de Cruceros\" \/>\n<meta property=\"og:description\" content=\"Disfruta de este tour privado Cartagena desde la Terminal de Cruceros y descubre una de las ciudades m\u00e1s importantes del Imperio Romano \u2705\" \/>\n<meta property=\"og:url\" content=\"https:\/\/tourtravelandmore.com\/es\/tours\/espana-es\/cartagena-es\/cartagena-actividades-es\/tour-privado-cartagena-tour-privado-con-guia-y-vehiculo\/\" \/>\n<meta property=\"og:site_name\" content=\"Tour Travel And More\" \/>\n<meta property=\"article:publisher\" content=\"https:\/\/www.facebook.com\/tourtravelandmore\/\" \/>\n<meta property=\"article:modified_time\" content=\"2022-11-14T22:18:57+00:00\" \/>\n<meta property=\"og:image\" content=\"https:\/\/tourtravelandmore.com\/wp-content\/uploads\/2020\/02\/5896509335_1785fab1e0_b.jpg\" \/>\n\t<meta property=\"og:image:width\" content=\"1024\" \/>\n\t<meta property=\"og:image:height\" content=\"680\" \/>\n\t<meta property=\"og:image:type\" content=\"image\/jpeg\" \/>\n<meta name=\"twitter:card\" content=\"summary_large_image\" \/>\n<meta name=\"twitter:site\" content=\"@TourTravel_More\" \/>\n<meta name=\"twitter:label1\" content=\"Tiempo de lectura\" \/>\n\t<meta name=\"twitter:data1\" content=\"2 minutos\" \/>\n<script type=\"application\/ld+json\" class=\"yoast-schema-graph\">{\"@context\":\"https:\/\/schema.org\",\"@graph\":[{\"@type\":\"WebPage\",\"@id\":\"https:\/\/tourtravelandmore.com\/es\/tours\/espana-es\/cartagena-es\/cartagena-actividades-es\/tour-privado-cartagena-tour-privado-con-guia-y-vehiculo\/\",\"url\":\"https:\/\/tourtravelandmore.com\/es\/tours\/espana-es\/cartagena-es\/cartagena-actividades-es\/tour-privado-cartagena-tour-privado-con-guia-y-vehiculo\/\",\"name\":\"\u27a1\ufe0f Tour Privado Cartagena | Tour Travel & More\",\"isPartOf\":{\"@id\":\"https:\/\/tourtravelandmore.com\/es\/#website\"},\"primaryImageOfPage\":{\"@id\":\"https:\/\/tourtravelandmore.com\/es\/tours\/espana-es\/cartagena-es\/cartagena-actividades-es\/tour-privado-cartagena-tour-privado-con-guia-y-vehiculo\/#primaryimage\"},\"image\":{\"@id\":\"https:\/\/tourtravelandmore.com\/es\/tours\/espana-es\/cartagena-es\/cartagena-actividades-es\/tour-privado-cartagena-tour-privado-con-guia-y-vehiculo\/#primaryimage\"},\"thumbnailUrl\":\"https:\/\/tourtravelandmore.com\/wp-content\/uploads\/2020\/02\/5896509335_1785fab1e0_b.jpg\",\"datePublished\":\"2020-02-07T13:18:31+00:00\",\"dateModified\":\"2022-11-14T22:18:57+00:00\",\"description\":\"Disfruta de este tour privado Cartagena desde la Terminal de Cruceros y descubre una de las ciudades m\u00e1s importantes del Imperio Romano \u2705\",\"breadcrumb\":{\"@id\":\"https:\/\/tourtravelandmore.com\/es\/tours\/espana-es\/cartagena-es\/cartagena-actividades-es\/tour-privado-cartagena-tour-privado-con-guia-y-vehiculo\/#breadcrumb\"},\"inLanguage\":\"es\",\"potentialAction\":[{\"@type\":\"ReadAction\",\"target\":[\"https:\/\/tourtravelandmore.com\/es\/tours\/espana-es\/cartagena-es\/cartagena-actividades-es\/tour-privado-cartagena-tour-privado-con-guia-y-vehiculo\/\"]}]},{\"@type\":\"ImageObject\",\"inLanguage\":\"es\",\"@id\":\"https:\/\/tourtravelandmore.com\/es\/tours\/espana-es\/cartagena-es\/cartagena-actividades-es\/tour-privado-cartagena-tour-privado-con-guia-y-vehiculo\/#primaryimage\",\"url\":\"https:\/\/tourtravelandmore.com\/wp-content\/uploads\/2020\/02\/5896509335_1785fab1e0_b.jpg\",\"contentUrl\":\"https:\/\/tourtravelandmore.com\/wp-content\/uploads\/2020\/02\/5896509335_1785fab1e0_b.jpg\",\"width\":1024,\"height\":680,\"caption\":\"Muralla del Mar - Cartagena, Murcia - Espa\u00f1a\"},{\"@type\":\"BreadcrumbList\",\"@id\":\"https:\/\/tourtravelandmore.com\/es\/tours\/espana-es\/cartagena-es\/cartagena-actividades-es\/tour-privado-cartagena-tour-privado-con-guia-y-vehiculo\/#breadcrumb\",\"itemListElement\":[{\"@type\":\"ListItem\",\"position\":1,\"name\":\"Home\",\"item\":\"https:\/\/tourtravelandmore.com\/es\/\"},{\"@type\":\"ListItem\",\"position\":2,\"name\":\"Tours\",\"item\":\"https:\/\/tourtravelandmore.com\/es\/tours\/\"},{\"@type\":\"ListItem\",\"position\":3,\"name\":\"Tour privado Cartagena desde la Terminal de Cruceros\"}]},{\"@type\":\"WebSite\",\"@id\":\"https:\/\/tourtravelandmore.com\/es\/#website\",\"url\":\"https:\/\/tourtravelandmore.com\/es\/\",\"name\":\"Tour Travel And More\",\"description\":\"Private sightseeing tours and luxury transfers in Spain\",\"publisher\":{\"@id\":\"https:\/\/tourtravelandmore.com\/es\/#organization\"},\"potentialAction\":[{\"@type\":\"SearchAction\",\"target\":{\"@type\":\"EntryPoint\",\"urlTemplate\":\"https:\/\/tourtravelandmore.com\/es\/?s={search_term_string}\"},\"query-input\":{\"@type\":\"PropertyValueSpecification\",\"valueRequired\":true,\"valueName\":\"search_term_string\"}}],\"inLanguage\":\"es\"},{\"@type\":\"Organization\",\"@id\":\"https:\/\/tourtravelandmore.com\/es\/#organization\",\"name\":\"Tour Travel And More\",\"url\":\"https:\/\/tourtravelandmore.com\/es\/\",\"logo\":{\"@type\":\"ImageObject\",\"inLanguage\":\"es\",\"@id\":\"https:\/\/tourtravelandmore.com\/es\/#\/schema\/logo\/image\/\",\"url\":\"https:\/\/tourtravelandmore.com\/wp-content\/uploads\/2022\/12\/cropped-logo-cabecera-new.png\",\"contentUrl\":\"https:\/\/tourtravelandmore.com\/wp-content\/uploads\/2022\/12\/cropped-logo-cabecera-new.png\",\"width\":430,\"height\":61,\"caption\":\"Tour Travel And More\"},\"image\":{\"@id\":\"https:\/\/tourtravelandmore.com\/es\/#\/schema\/logo\/image\/\"},\"sameAs\":[\"https:\/\/www.facebook.com\/tourtravelandmore\/\",\"https:\/\/x.com\/TourTravel_More\"]}]}<\/script>\n<!-- \/ Yoast SEO Premium plugin. -->","yoast_head_json":{"title":"\u27a1\ufe0f Tour Privado Cartagena | Tour Travel & More","description":"Disfruta de este tour privado Cartagena desde la Terminal de Cruceros y descubre una de las ciudades m\u00e1s importantes del Imperio Romano \u2705","robots":{"index":"index","follow":"follow","max-snippet":"max-snippet:-1","max-image-preview":"max-image-preview:large","max-video-preview":"max-video-preview:-1"},"canonical":"https:\/\/tourtravelandmore.com\/es\/tours\/espana-es\/cartagena-es\/cartagena-actividades-es\/tour-privado-cartagena-tour-privado-con-guia-y-vehiculo\/","og_locale":"es_ES","og_type":"article","og_title":"Tour privado Cartagena desde la Terminal de Cruceros","og_description":"Disfruta de este tour privado Cartagena desde la Terminal de Cruceros y descubre una de las ciudades m\u00e1s importantes del Imperio Romano \u2705","og_url":"https:\/\/tourtravelandmore.com\/es\/tours\/espana-es\/cartagena-es\/cartagena-actividades-es\/tour-privado-cartagena-tour-privado-con-guia-y-vehiculo\/","og_site_name":"Tour Travel And More","article_publisher":"https:\/\/www.facebook.com\/tourtravelandmore\/","article_modified_time":"2022-11-14T22:18:57+00:00","og_image":[{"width":1024,"height":680,"url":"https:\/\/tourtravelandmore.com\/wp-content\/uploads\/2020\/02\/5896509335_1785fab1e0_b.jpg","type":"image\/jpeg"}],"twitter_card":"summary_large_image","twitter_site":"@TourTravel_More","twitter_misc":{"Tiempo de lectura":"2 minutos"},"schema":{"@context":"https:\/\/schema.org","@graph":[{"@type":"WebPage","@id":"https:\/\/tourtravelandmore.com\/es\/tours\/espana-es\/cartagena-es\/cartagena-actividades-es\/tour-privado-cartagena-tour-privado-con-guia-y-vehiculo\/","url":"https:\/\/tourtravelandmore.com\/es\/tours\/espana-es\/cartagena-es\/cartagena-actividades-es\/tour-privado-cartagena-tour-privado-con-guia-y-vehiculo\/","name":"\u27a1\ufe0f Tour Privado Cartagena | Tour Travel & More","isPartOf":{"@id":"https:\/\/tourtravelandmore.com\/es\/#website"},"primaryImageOfPage":{"@id":"https:\/\/tourtravelandmore.com\/es\/tours\/espana-es\/cartagena-es\/cartagena-actividades-es\/tour-privado-cartagena-tour-privado-con-guia-y-vehiculo\/#primaryimage"},"image":{"@id":"https:\/\/tourtravelandmore.com\/es\/tours\/espana-es\/cartagena-es\/cartagena-actividades-es\/tour-privado-cartagena-tour-privado-con-guia-y-vehiculo\/#primaryimage"},"thumbnailUrl":"https:\/\/tourtravelandmore.com\/wp-content\/uploads\/2020\/02\/5896509335_1785fab1e0_b.jpg","datePublished":"2020-02-07T13:18:31+00:00","dateModified":"2022-11-14T22:18:57+00:00","description":"Disfruta de este tour privado Cartagena desde la Terminal de Cruceros y descubre una de las ciudades m\u00e1s importantes del Imperio Romano \u2705","breadcrumb":{"@id":"https:\/\/tourtravelandmore.com\/es\/tours\/espana-es\/cartagena-es\/cartagena-actividades-es\/tour-privado-cartagena-tour-privado-con-guia-y-vehiculo\/#breadcrumb"},"inLanguage":"es","potentialAction":[{"@type":"ReadAction","target":["https:\/\/tourtravelandmore.com\/es\/tours\/espana-es\/cartagena-es\/cartagena-actividades-es\/tour-privado-cartagena-tour-privado-con-guia-y-vehiculo\/"]}]},{"@type":"ImageObject","inLanguage":"es","@id":"https:\/\/tourtravelandmore.com\/es\/tours\/espana-es\/cartagena-es\/cartagena-actividades-es\/tour-privado-cartagena-tour-privado-con-guia-y-vehiculo\/#primaryimage","url":"https:\/\/tourtravelandmore.com\/wp-content\/uploads\/2020\/02\/5896509335_1785fab1e0_b.jpg","contentUrl":"https:\/\/tourtravelandmore.com\/wp-content\/uploads\/2020\/02\/5896509335_1785fab1e0_b.jpg","width":1024,"height":680,"caption":"Muralla del Mar - Cartagena, Murcia - Espa\u00f1a"},{"@type":"BreadcrumbList","@id":"https:\/\/tourtravelandmore.com\/es\/tours\/espana-es\/cartagena-es\/cartagena-actividades-es\/tour-privado-cartagena-tour-privado-con-guia-y-vehiculo\/#breadcrumb","itemListElement":[{"@type":"ListItem","position":1,"name":"Home","item":"https:\/\/tourtravelandmore.com\/es\/"},{"@type":"ListItem","position":2,"name":"Tours","item":"https:\/\/tourtravelandmore.com\/es\/tours\/"},{"@type":"ListItem","position":3,"name":"Tour privado Cartagena desde la Terminal de Cruceros"}]},{"@type":"WebSite","@id":"https:\/\/tourtravelandmore.com\/es\/#website","url":"https:\/\/tourtravelandmore.com\/es\/","name":"Tour Travel And More","description":"Private sightseeing tours and luxury transfers in Spain","publisher":{"@id":"https:\/\/tourtravelandmore.com\/es\/#organization"},"potentialAction":[{"@type":"SearchAction","target":{"@type":"EntryPoint","urlTemplate":"https:\/\/tourtravelandmore.com\/es\/?s={search_term_string}"},"query-input":{"@type":"PropertyValueSpecification","valueRequired":true,"valueName":"search_term_string"}}],"inLanguage":"es"},{"@type":"Organization","@id":"https:\/\/tourtravelandmore.com\/es\/#organization","name":"Tour Travel And More","url":"https:\/\/tourtravelandmore.com\/es\/","logo":{"@type":"ImageObject","inLanguage":"es","@id":"https:\/\/tourtravelandmore.com\/es\/#\/schema\/logo\/image\/","url":"https:\/\/tourtravelandmore.com\/wp-content\/uploads\/2022\/12\/cropped-logo-cabecera-new.png","contentUrl":"https:\/\/tourtravelandmore.com\/wp-content\/uploads\/2022\/12\/cropped-logo-cabecera-new.png","width":430,"height":61,"caption":"Tour Travel And More"},"image":{"@id":"https:\/\/tourtravelandmore.com\/es\/#\/schema\/logo\/image\/"},"sameAs":["https:\/\/www.facebook.com\/tourtravelandmore\/","https:\/\/x.com\/TourTravel_More"]}]}},"_links":{"self":[{"href":"https:\/\/tourtravelandmore.com\/es\/wp-json\/wp\/v2\/product\/76397","targetHints":{"allow":["GET"]}}],"collection":[{"href":"https:\/\/tourtravelandmore.com\/es\/wp-json\/wp\/v2\/product"}],"about":[{"href":"https:\/\/tourtravelandmore.com\/es\/wp-json\/wp\/v2\/types\/product"}],"replies":[{"embeddable":true,"href":"https:\/\/tourtravelandmore.com\/es\/wp-json\/wp\/v2\/comments?post=76397"}],"wp:featuredmedia":[{"embeddable":true,"href":"https:\/\/tourtravelandmore.com\/es\/wp-json\/wp\/v2\/media\/76262"}],"wp:attachment":[{"href":"https:\/\/tourtravelandmore.com\/es\/wp-json\/wp\/v2\/media?parent=76397"}],"wp:term":[{"taxonomy":"product_brand","embeddable":true,"href":"https:\/\/tourtravelandmore.com\/es\/wp-json\/wp\/v2\/product_brand?post=76397"},{"taxonomy":"product_cat","embeddable":true,"href":"https:\/\/tourtravelandmore.com\/es\/wp-json\/wp\/v2\/product_cat?post=76397"},{"taxonomy":"product_tag","embeddable":true,"href":"https:\/\/tourtravelandmore.com\/es\/wp-json\/wp\/v2\/product_tag?post=76397"}],"curies":[{"name":"wp","href":"https:\/\/api.w.org\/{rel}","templated":true}]}}