{"id":76381,"date":"2020-02-07T14:01:09","date_gmt":"2020-02-07T13:01:10","guid":{"rendered":"https:\/\/tourtravelandmore.com\/?post_type=product&#038;p=76381"},"modified":"2022-11-14T23:24:10","modified_gmt":"2022-11-14T22:24:10","slug":"tour-privado-cartagena-y-murcia-con-guia-oficial-y-vehiculo","status":"publish","type":"product","link":"https:\/\/tourtravelandmore.com\/es\/tours\/espana-es\/cartagena-es\/cartagena-actividades-es\/tour-privado-cartagena-y-murcia-con-guia-oficial-y-vehiculo\/","title":{"rendered":"Tour privado por Cartagena y Murcia &#8211; Opcional Cruceros"},"content":{"rendered":"<h2>Descripci\u00f3n del Tour privado por Cartagena y Murcia &#8211; Opcional, Cruceros<\/h2>\n<p>El <strong>Puerto de Cruceros de Cartagena<\/strong> es una de las paradas obligadas de cualquier nav\u00edo que realice un viaje por las costas mediterr\u00e1neas, pero si ya est\u00e1 dentro de tu programaci\u00f3n pernoctar en el puerto, as\u00ed sea por unas horas, qu\u00e9 mejor oportunidad para reservar nuestro <strong>tour privado Cartagena y Murcia<\/strong> que te llevar\u00e1 a conocer en un d\u00eda dos ciudades.<strong><br \/>\n<\/strong><\/p>\n<p>Este tour privado de Cartagena y Murcia tiene una duraci\u00f3n de 8 horas. Es un tour completamente privado, pueden escoger la hora de recogida y lugar. Solo nos lo tienen que indicar en el formulario.<\/p>\n<p>A lo largo de su tour privado, podr\u00e1n parar a comer y disfrutar de la Gastronom\u00eda de la zona.<\/p>\n<h2>Puntos de inter\u00e9s en el Tour privado por Cartagena y Murcia &#8211; Opcional Cruceros<\/h2>\n<p>El tour privado empezar\u00e1 en el <strong><em>Puerto de Cruceros de Cartagena<\/em><\/strong>, donde te estar\u00e1 esperando su <strong>gu\u00eda oficial <\/strong>y tu<strong> chofer<\/strong>.<\/p>\n<p>A partir de all\u00ed disfrutar\u00e1s de un viaje en el tiempo, empezando por pleno siglo II a.C, cuando llegues al <strong><em>Muso del Teatro Romano<\/em><\/strong> y logres transitar por sus gradas, tambi\u00e9n admirar\u00e1s las <strong><em>Murallas P\u00fanicas<\/em><\/strong>, uno de los mayores centros arqueol\u00f3gicos que hay en esta ciudad y por supuesto que visitar\u00e1s lugares m\u00e1s modernos como el <strong><em>Catillo de la Concepci\u00f3n<\/em><\/strong>, el <strong><em>Ayuntamiento triangular <\/em><\/strong>de la <em>Calle Mayor <\/em>y el <strong><em>Gran Hotel de Cartagena<\/em><\/strong>.<\/p>\n<p>Una vez recorrido lo mejor de esta asombrosa urbe, ser\u00e1 hora de ponernos en marcha rumbo a <strong>Murcia<\/strong>, donde nos esperar\u00e1n lugares asombrosos como la <strong><em>Catedral de Santa Mar\u00eda<\/em><\/strong>, la cual posee una de las m\u00e1s hermosas fachadas barrocas que da justo hacia la <strong><em>Plaza del Cardenal Belluga<\/em><\/strong>. Conoceremos el famos\u00edsimo <strong><em>Casino Real <\/em><\/strong>el edificio civil m\u00e1s visitado de toda la ciudad.<\/p>\n<p>Siguiendo con el tema de los tesoros arqueol\u00f3gicos, nos internaremos en el suburbio medieval de <strong><em>Arrabal de la Arrixaca<\/em><\/strong> donde llegaremos a un yacimiento arqueol\u00f3gico y tambi\u00e9n conoceremos <strong><em>Palacio de San Esteban<\/em><\/strong>. Por \u00faltimo, antes de regresar a <strong>Cartagena<\/strong>, daremos un paseo por el <strong><em>Bosque de P\u00f3lvora Garden<\/em><\/strong>, que era el jard\u00edn de la antigua <em>Real F\u00e1brica de P\u00f3lvora<\/em>.<\/p>\n<p>Si dispones de m\u00e1s d\u00edas puedes consultar <strong><a href=\"https:\/\/tourtravelandmore.com\/es\/ciudad\/espana-es\/cartagena-es\/\">aqu\u00ed<\/a><\/strong>, el resto de nuestro tour privado de Cartagena.<\/p>\n","protected":false},"excerpt":{"rendered":"<p>Descubre dos ciudades en un mismo d\u00eda, Murcia y Cartagena, gracias a este tour con gu\u00eda oficial y veh\u00edculo privado. Descubriras dos de las ciudades m\u00e1s importantes del Imperio Romano, sus monumentos, Historia y Leyendas. Vive una experiencia \u00fanica gracias a este tour privado.<\/p>\n","protected":false},"featured_media":76285,"comment_status":"open","ping_status":"closed","template":"","meta":{"_acf_changed":false},"product_brand":[],"product_cat":[1596,2033,2034,2035],"product_tag":[],"class_list":{"0":"post-76381","1":"product","2":"type-product","3":"status-publish","4":"has-post-thumbnail","6":"product_cat-espana-es","7":"product_cat-cartagena-es","8":"product_cat-cartagena-actividades-es","9":"product_cat-cartagena-excursiones-es","11":"first","12":"instock","13":"shipping-taxable","14":"purchasable","15":"product-type-simple"},"acf":[],"yoast_head":"<!-- This site is optimized with the Yoast SEO Premium plugin v25.3.1 (Yoast SEO v25.3.1) - https:\/\/yoast.com\/wordpress\/plugins\/seo\/ -->\n<title>\u27a1\ufe0f Tour Privado Cartagena y Murcia con guia oficial y vehiculo | Tour Travel &amp; More<\/title>\n<meta name=\"description\" content=\"Disfruta de este tour privado de Cartagena y Murcia, junto a su gu\u00eda oficial y vehiculo. Descubre en un mismo d\u00edas dos ciudades \u2705\" \/>\n<meta name=\"robots\" content=\"index, follow, max-snippet:-1, max-image-preview:large, max-video-preview:-1\" \/>\n<link rel=\"canonical\" href=\"https:\/\/tourtravelandmore.com\/es\/tours\/espana-es\/cartagena-es\/cartagena-actividades-es\/tour-privado-cartagena-y-murcia-con-guia-oficial-y-vehiculo\/\" \/>\n<meta property=\"og:locale\" content=\"es_ES\" \/>\n<meta property=\"og:type\" content=\"article\" \/>\n<meta property=\"og:title\" content=\"Tour privado por Cartagena y Murcia - Opcional Cruceros\" \/>\n<meta property=\"og:description\" content=\"Disfruta de este tour privado de Cartagena y Murcia, junto a su gu\u00eda oficial y vehiculo. Descubre en un mismo d\u00edas dos ciudades \u2705\" \/>\n<meta property=\"og:url\" content=\"https:\/\/tourtravelandmore.com\/es\/tours\/espana-es\/cartagena-es\/cartagena-actividades-es\/tour-privado-cartagena-y-murcia-con-guia-oficial-y-vehiculo\/\" \/>\n<meta property=\"og:site_name\" content=\"Tour Travel And More\" \/>\n<meta property=\"article:publisher\" content=\"https:\/\/www.facebook.com\/tourtravelandmore\/\" \/>\n<meta property=\"article:modified_time\" content=\"2022-11-14T22:24:10+00:00\" \/>\n<meta property=\"og:image\" content=\"https:\/\/tourtravelandmore.com\/wp-content\/uploads\/2020\/02\/45101276804_b831dcbdbc_b.jpg\" \/>\n\t<meta property=\"og:image:width\" content=\"1024\" \/>\n\t<meta property=\"og:image:height\" content=\"768\" \/>\n\t<meta property=\"og:image:type\" content=\"image\/jpeg\" \/>\n<meta name=\"twitter:card\" content=\"summary_large_image\" \/>\n<meta name=\"twitter:site\" content=\"@TourTravel_More\" \/>\n<meta name=\"twitter:label1\" content=\"Tiempo de lectura\" \/>\n\t<meta name=\"twitter:data1\" content=\"2 minutos\" \/>\n<script type=\"application\/ld+json\" class=\"yoast-schema-graph\">{\"@context\":\"https:\/\/schema.org\",\"@graph\":[{\"@type\":\"WebPage\",\"@id\":\"https:\/\/tourtravelandmore.com\/es\/tours\/espana-es\/cartagena-es\/cartagena-actividades-es\/tour-privado-cartagena-y-murcia-con-guia-oficial-y-vehiculo\/\",\"url\":\"https:\/\/tourtravelandmore.com\/es\/tours\/espana-es\/cartagena-es\/cartagena-actividades-es\/tour-privado-cartagena-y-murcia-con-guia-oficial-y-vehiculo\/\",\"name\":\"\u27a1\ufe0f Tour Privado Cartagena y Murcia con guia oficial y vehiculo | Tour Travel & More\",\"isPartOf\":{\"@id\":\"https:\/\/tourtravelandmore.com\/es\/#website\"},\"primaryImageOfPage\":{\"@id\":\"https:\/\/tourtravelandmore.com\/es\/tours\/espana-es\/cartagena-es\/cartagena-actividades-es\/tour-privado-cartagena-y-murcia-con-guia-oficial-y-vehiculo\/#primaryimage\"},\"image\":{\"@id\":\"https:\/\/tourtravelandmore.com\/es\/tours\/espana-es\/cartagena-es\/cartagena-actividades-es\/tour-privado-cartagena-y-murcia-con-guia-oficial-y-vehiculo\/#primaryimage\"},\"thumbnailUrl\":\"https:\/\/tourtravelandmore.com\/wp-content\/uploads\/2020\/02\/45101276804_b831dcbdbc_b.jpg\",\"datePublished\":\"2020-02-07T13:01:10+00:00\",\"dateModified\":\"2022-11-14T22:24:10+00:00\",\"description\":\"Disfruta de este tour privado de Cartagena y Murcia, junto a su gu\u00eda oficial y vehiculo. Descubre en un mismo d\u00edas dos ciudades \u2705\",\"breadcrumb\":{\"@id\":\"https:\/\/tourtravelandmore.com\/es\/tours\/espana-es\/cartagena-es\/cartagena-actividades-es\/tour-privado-cartagena-y-murcia-con-guia-oficial-y-vehiculo\/#breadcrumb\"},\"inLanguage\":\"es\",\"potentialAction\":[{\"@type\":\"ReadAction\",\"target\":[\"https:\/\/tourtravelandmore.com\/es\/tours\/espana-es\/cartagena-es\/cartagena-actividades-es\/tour-privado-cartagena-y-murcia-con-guia-oficial-y-vehiculo\/\"]}]},{\"@type\":\"ImageObject\",\"inLanguage\":\"es\",\"@id\":\"https:\/\/tourtravelandmore.com\/es\/tours\/espana-es\/cartagena-es\/cartagena-actividades-es\/tour-privado-cartagena-y-murcia-con-guia-oficial-y-vehiculo\/#primaryimage\",\"url\":\"https:\/\/tourtravelandmore.com\/wp-content\/uploads\/2020\/02\/45101276804_b831dcbdbc_b.jpg\",\"contentUrl\":\"https:\/\/tourtravelandmore.com\/wp-content\/uploads\/2020\/02\/45101276804_b831dcbdbc_b.jpg\",\"width\":1024,\"height\":768},{\"@type\":\"BreadcrumbList\",\"@id\":\"https:\/\/tourtravelandmore.com\/es\/tours\/espana-es\/cartagena-es\/cartagena-actividades-es\/tour-privado-cartagena-y-murcia-con-guia-oficial-y-vehiculo\/#breadcrumb\",\"itemListElement\":[{\"@type\":\"ListItem\",\"position\":1,\"name\":\"Home\",\"item\":\"https:\/\/tourtravelandmore.com\/es\/\"},{\"@type\":\"ListItem\",\"position\":2,\"name\":\"Tours\",\"item\":\"https:\/\/tourtravelandmore.com\/es\/tours\/\"},{\"@type\":\"ListItem\",\"position\":3,\"name\":\"Tour privado por Cartagena y Murcia &#8211; Opcional Cruceros\"}]},{\"@type\":\"WebSite\",\"@id\":\"https:\/\/tourtravelandmore.com\/es\/#website\",\"url\":\"https:\/\/tourtravelandmore.com\/es\/\",\"name\":\"Tour Travel And More\",\"description\":\"Private sightseeing tours and luxury transfers in Spain\",\"publisher\":{\"@id\":\"https:\/\/tourtravelandmore.com\/es\/#organization\"},\"potentialAction\":[{\"@type\":\"SearchAction\",\"target\":{\"@type\":\"EntryPoint\",\"urlTemplate\":\"https:\/\/tourtravelandmore.com\/es\/?s={search_term_string}\"},\"query-input\":{\"@type\":\"PropertyValueSpecification\",\"valueRequired\":true,\"valueName\":\"search_term_string\"}}],\"inLanguage\":\"es\"},{\"@type\":\"Organization\",\"@id\":\"https:\/\/tourtravelandmore.com\/es\/#organization\",\"name\":\"Tour Travel And More\",\"url\":\"https:\/\/tourtravelandmore.com\/es\/\",\"logo\":{\"@type\":\"ImageObject\",\"inLanguage\":\"es\",\"@id\":\"https:\/\/tourtravelandmore.com\/es\/#\/schema\/logo\/image\/\",\"url\":\"https:\/\/tourtravelandmore.com\/wp-content\/uploads\/2022\/12\/cropped-logo-cabecera-new.png\",\"contentUrl\":\"https:\/\/tourtravelandmore.com\/wp-content\/uploads\/2022\/12\/cropped-logo-cabecera-new.png\",\"width\":430,\"height\":61,\"caption\":\"Tour Travel And More\"},\"image\":{\"@id\":\"https:\/\/tourtravelandmore.com\/es\/#\/schema\/logo\/image\/\"},\"sameAs\":[\"https:\/\/www.facebook.com\/tourtravelandmore\/\",\"https:\/\/x.com\/TourTravel_More\"]}]}<\/script>\n<!-- \/ Yoast SEO Premium plugin. -->","yoast_head_json":{"title":"\u27a1\ufe0f Tour Privado Cartagena y Murcia con guia oficial y vehiculo | Tour Travel & More","description":"Disfruta de este tour privado de Cartagena y Murcia, junto a su gu\u00eda oficial y vehiculo. Descubre en un mismo d\u00edas dos ciudades \u2705","robots":{"index":"index","follow":"follow","max-snippet":"max-snippet:-1","max-image-preview":"max-image-preview:large","max-video-preview":"max-video-preview:-1"},"canonical":"https:\/\/tourtravelandmore.com\/es\/tours\/espana-es\/cartagena-es\/cartagena-actividades-es\/tour-privado-cartagena-y-murcia-con-guia-oficial-y-vehiculo\/","og_locale":"es_ES","og_type":"article","og_title":"Tour privado por Cartagena y Murcia - Opcional Cruceros","og_description":"Disfruta de este tour privado de Cartagena y Murcia, junto a su gu\u00eda oficial y vehiculo. Descubre en un mismo d\u00edas dos ciudades \u2705","og_url":"https:\/\/tourtravelandmore.com\/es\/tours\/espana-es\/cartagena-es\/cartagena-actividades-es\/tour-privado-cartagena-y-murcia-con-guia-oficial-y-vehiculo\/","og_site_name":"Tour Travel And More","article_publisher":"https:\/\/www.facebook.com\/tourtravelandmore\/","article_modified_time":"2022-11-14T22:24:10+00:00","og_image":[{"width":1024,"height":768,"url":"https:\/\/tourtravelandmore.com\/wp-content\/uploads\/2020\/02\/45101276804_b831dcbdbc_b.jpg","type":"image\/jpeg"}],"twitter_card":"summary_large_image","twitter_site":"@TourTravel_More","twitter_misc":{"Tiempo de lectura":"2 minutos"},"schema":{"@context":"https:\/\/schema.org","@graph":[{"@type":"WebPage","@id":"https:\/\/tourtravelandmore.com\/es\/tours\/espana-es\/cartagena-es\/cartagena-actividades-es\/tour-privado-cartagena-y-murcia-con-guia-oficial-y-vehiculo\/","url":"https:\/\/tourtravelandmore.com\/es\/tours\/espana-es\/cartagena-es\/cartagena-actividades-es\/tour-privado-cartagena-y-murcia-con-guia-oficial-y-vehiculo\/","name":"\u27a1\ufe0f Tour Privado Cartagena y Murcia con guia oficial y vehiculo | Tour Travel & More","isPartOf":{"@id":"https:\/\/tourtravelandmore.com\/es\/#website"},"primaryImageOfPage":{"@id":"https:\/\/tourtravelandmore.com\/es\/tours\/espana-es\/cartagena-es\/cartagena-actividades-es\/tour-privado-cartagena-y-murcia-con-guia-oficial-y-vehiculo\/#primaryimage"},"image":{"@id":"https:\/\/tourtravelandmore.com\/es\/tours\/espana-es\/cartagena-es\/cartagena-actividades-es\/tour-privado-cartagena-y-murcia-con-guia-oficial-y-vehiculo\/#primaryimage"},"thumbnailUrl":"https:\/\/tourtravelandmore.com\/wp-content\/uploads\/2020\/02\/45101276804_b831dcbdbc_b.jpg","datePublished":"2020-02-07T13:01:10+00:00","dateModified":"2022-11-14T22:24:10+00:00","description":"Disfruta de este tour privado de Cartagena y Murcia, junto a su gu\u00eda oficial y vehiculo. Descubre en un mismo d\u00edas dos ciudades \u2705","breadcrumb":{"@id":"https:\/\/tourtravelandmore.com\/es\/tours\/espana-es\/cartagena-es\/cartagena-actividades-es\/tour-privado-cartagena-y-murcia-con-guia-oficial-y-vehiculo\/#breadcrumb"},"inLanguage":"es","potentialAction":[{"@type":"ReadAction","target":["https:\/\/tourtravelandmore.com\/es\/tours\/espana-es\/cartagena-es\/cartagena-actividades-es\/tour-privado-cartagena-y-murcia-con-guia-oficial-y-vehiculo\/"]}]},{"@type":"ImageObject","inLanguage":"es","@id":"https:\/\/tourtravelandmore.com\/es\/tours\/espana-es\/cartagena-es\/cartagena-actividades-es\/tour-privado-cartagena-y-murcia-con-guia-oficial-y-vehiculo\/#primaryimage","url":"https:\/\/tourtravelandmore.com\/wp-content\/uploads\/2020\/02\/45101276804_b831dcbdbc_b.jpg","contentUrl":"https:\/\/tourtravelandmore.com\/wp-content\/uploads\/2020\/02\/45101276804_b831dcbdbc_b.jpg","width":1024,"height":768},{"@type":"BreadcrumbList","@id":"https:\/\/tourtravelandmore.com\/es\/tours\/espana-es\/cartagena-es\/cartagena-actividades-es\/tour-privado-cartagena-y-murcia-con-guia-oficial-y-vehiculo\/#breadcrumb","itemListElement":[{"@type":"ListItem","position":1,"name":"Home","item":"https:\/\/tourtravelandmore.com\/es\/"},{"@type":"ListItem","position":2,"name":"Tours","item":"https:\/\/tourtravelandmore.com\/es\/tours\/"},{"@type":"ListItem","position":3,"name":"Tour privado por Cartagena y Murcia &#8211; Opcional Cruceros"}]},{"@type":"WebSite","@id":"https:\/\/tourtravelandmore.com\/es\/#website","url":"https:\/\/tourtravelandmore.com\/es\/","name":"Tour Travel And More","description":"Private sightseeing tours and luxury transfers in Spain","publisher":{"@id":"https:\/\/tourtravelandmore.com\/es\/#organization"},"potentialAction":[{"@type":"SearchAction","target":{"@type":"EntryPoint","urlTemplate":"https:\/\/tourtravelandmore.com\/es\/?s={search_term_string}"},"query-input":{"@type":"PropertyValueSpecification","valueRequired":true,"valueName":"search_term_string"}}],"inLanguage":"es"},{"@type":"Organization","@id":"https:\/\/tourtravelandmore.com\/es\/#organization","name":"Tour Travel And More","url":"https:\/\/tourtravelandmore.com\/es\/","logo":{"@type":"ImageObject","inLanguage":"es","@id":"https:\/\/tourtravelandmore.com\/es\/#\/schema\/logo\/image\/","url":"https:\/\/tourtravelandmore.com\/wp-content\/uploads\/2022\/12\/cropped-logo-cabecera-new.png","contentUrl":"https:\/\/tourtravelandmore.com\/wp-content\/uploads\/2022\/12\/cropped-logo-cabecera-new.png","width":430,"height":61,"caption":"Tour Travel And More"},"image":{"@id":"https:\/\/tourtravelandmore.com\/es\/#\/schema\/logo\/image\/"},"sameAs":["https:\/\/www.facebook.com\/tourtravelandmore\/","https:\/\/x.com\/TourTravel_More"]}]}},"_links":{"self":[{"href":"https:\/\/tourtravelandmore.com\/es\/wp-json\/wp\/v2\/product\/76381","targetHints":{"allow":["GET"]}}],"collection":[{"href":"https:\/\/tourtravelandmore.com\/es\/wp-json\/wp\/v2\/product"}],"about":[{"href":"https:\/\/tourtravelandmore.com\/es\/wp-json\/wp\/v2\/types\/product"}],"replies":[{"embeddable":true,"href":"https:\/\/tourtravelandmore.com\/es\/wp-json\/wp\/v2\/comments?post=76381"}],"wp:featuredmedia":[{"embeddable":true,"href":"https:\/\/tourtravelandmore.com\/es\/wp-json\/wp\/v2\/media\/76285"}],"wp:attachment":[{"href":"https:\/\/tourtravelandmore.com\/es\/wp-json\/wp\/v2\/media?parent=76381"}],"wp:term":[{"taxonomy":"product_brand","embeddable":true,"href":"https:\/\/tourtravelandmore.com\/es\/wp-json\/wp\/v2\/product_brand?post=76381"},{"taxonomy":"product_cat","embeddable":true,"href":"https:\/\/tourtravelandmore.com\/es\/wp-json\/wp\/v2\/product_cat?post=76381"},{"taxonomy":"product_tag","embeddable":true,"href":"https:\/\/tourtravelandmore.com\/es\/wp-json\/wp\/v2\/product_tag?post=76381"}],"curies":[{"name":"wp","href":"https:\/\/api.w.org\/{rel}","templated":true}]}}