{"id":76367,"date":"2020-02-07T13:53:55","date_gmt":"2020-02-07T12:53:57","guid":{"rendered":"https:\/\/tourtravelandmore.com\/?post_type=product&#038;p=76367"},"modified":"2022-11-14T23:19:54","modified_gmt":"2022-11-14T22:19:54","slug":"tour-privado-a-pie-cartagena-tour-privado-con-guia-oficial","status":"publish","type":"product","link":"https:\/\/tourtravelandmore.com\/es\/tours\/espana-es\/cartagena-es\/cartagena-actividades-es\/tour-privado-a-pie-cartagena-tour-privado-con-guia-oficial\/","title":{"rendered":"Tour privado a pie Cartagena &#8211; Opcional para Cruceros"},"content":{"rendered":"<h2>Descripci\u00f3n del Tour privado a pie Cartagena &#8211; Opcional para Cruceros<\/h2>\n<p>Disfruta de este tour privado a pie Cartagena, con un gu\u00eda oficial privado.<\/p>\n<p>Hablar de la ciudad de <strong>Cartagena<\/strong> en <strong>Espa\u00f1a<\/strong>, es definitivamente hablar de <strong>Roma<\/strong>. Este imperio decidi\u00f3 expandirse hasta estas latitudes y crear una de las fortificaciones m\u00e1s esplendorosas que a\u00fan se pueden ver, as\u00ed como un centro para el disfrute de sus ciudadanos,<strong> el Teatro Romano,<\/strong> que data de los tiempos del Emperador Augusto.<\/p>\n<p>En este incre\u00edble <strong>tour privado a pie Cartagena <\/strong>que ponemos a tu disposici\u00f3n en <strong>Tour Travel &amp; More<\/strong>, aprender\u00e1s todo sobre la vida de los romanos y los cartagineses durante los siglos, en ambos pueblos convivieron en estas callejuelas, descubrir\u00e1s viejas ruinas, antiguos escritos y sobre todo, te adentrar\u00e1s en las tradiciones de una de las ciudades m\u00e1s interesantes del <strong>Mediterr\u00e1neo<\/strong>.<\/p>\n<p>La duraci\u00f3n de este tour privado a pie Cartagena es de 3 horas. Al ser un tour privado, pueden escoger la hora de comienzo.<\/p>\n<h2>Puntos de inter\u00e9s en el Tour privado a pie Cartagena &#8211; Opcional para Cruceros<\/h2>\n<p>El viaje hist\u00f3rico comenzar\u00e1 en uno de los sitios emblem\u00e1ticos para descubrir realmente qu\u00e9 ocurr\u00eda hace 3000 a\u00f1os en esta impresionante ciudad, el <strong><em>Centro de Interpretaci\u00f3n de las Paredes P\u00fanicas<\/em><\/strong> que se encuentran justo en el lugar donde a\u00fan hoy persiste la <strong><em>Muralla P\u00fanica<\/em><\/strong>, aqu\u00ed descubrir\u00e1s como ocurri\u00f3 el cambio de nombre de <em>Qart Hadasht <\/em>a <em>Cartagon Nova<\/em> y podr\u00e1s admirar un yacimiento arqueol\u00f3gico que data del siglo III antes de Cristo.<\/p>\n<p>La siguiente parada en el itinerario es la <strong><em>Casa Romana de la Fortuna<\/em><\/strong>, se trata de la \u00fanica casa que a\u00fan queda en pie que proviene de los tiempos de la Antigua <strong><em>Roma<\/em><\/strong> y que hoy en d\u00eda sirve de museo, conservando las pinturas y reproducciones de lo que era el d\u00eda a d\u00eda de los romanos. Tambi\u00e9n es en este lugar donde tendr\u00e1s acceso al antiguo <strong><em>Puerto Estrat\u00e9gico<\/em><\/strong>, ubicado en la zona exterior del castillo.<\/p>\n<p>La \u00faltima parada de este viaje es el famoso <strong><em>Teatro Romano<\/em><\/strong> y el <strong><em>Museo<\/em><\/strong> dise\u00f1ado por <em>Rafael Moneo<\/em> que habla sobre este impresionante descubrimiento, c\u00f3mo fueron sus or\u00edgenes, la capacidad de espectadores que puede albergar, as\u00ed como muchos otros datos curiosos sobre este atractivo hist\u00f3rico.<\/p>\n<p>Si dispone de m\u00e1s d\u00edas en Cartagena, puedes consultar <a href=\"https:\/\/tourtravelandmore.com\/es\/ciudad\/espana-es\/cartagena-es\/\"><strong>aqu\u00ed<\/strong><\/a>, el resto de tours privado que ofrecemos en la ciudad.<\/p>\n<h2>Curiosidades romanas que podr\u00e1s disfrutar en Cartagena<\/h2>\n<p>Uno de los detalles m\u00e1s pintorescos, y d\u00e9cimos pintorescos porque ya parece una tradici\u00f3n colocar <strong><em>Plazas de Toros <\/em><\/strong>sobre ruinas romanas en <strong>Espa\u00f1a<\/strong>, es que el anfiteatro, tambi\u00e9n conocido como <strong><em>Coliseo Romano<\/em><\/strong> que yace hoy en esta preciosa ciudad, fue descubierto por casualidad, cuando se hac\u00edan reformas a la <strong><em>Plaza<\/em><\/strong>.<\/p>\n<p>Hoy en d\u00eda se sabe que a diferencia de otros coliseos del antiguo imperio, este no ten\u00eda forma circular sino que su planta era de forma elipsoidal con un di\u00e1metro de unos 95&#215;82 metros. Y contaba con la misma tecnolog\u00eda acu\u00e1tica que el coliseo de Roma, es decir que pod\u00eda inundarse por completo para disfrutar de estremecedoras y emocionantes batallas acu\u00e1ticas.<\/p>\n<p>&nbsp;<\/p>\n","protected":false},"excerpt":{"rendered":"<p>Descubre una de las ciudades m\u00e1s importantes del Imperio Romano, junto a su gu\u00eda oficial privado. Este imperio decidi\u00f3 expandirse hasta estas latitudes y crear una de las fortificaciones m\u00e1s esplendorosas que a\u00fan se pueden ver, as\u00ed como un centro para el disfrute de sus ciudadanos,<strong> el Teatro Romano<\/strong> que data de los tiempos del Emperador Augusto.<\/p>\n","protected":false},"featured_media":76260,"comment_status":"open","ping_status":"closed","template":"","meta":{"_acf_changed":false},"product_brand":[],"product_cat":[1596,2033,2034,2036],"product_tag":[],"class_list":{"0":"post-76367","1":"product","2":"type-product","3":"status-publish","4":"has-post-thumbnail","6":"product_cat-espana-es","7":"product_cat-cartagena-es","8":"product_cat-cartagena-actividades-es","9":"product_cat-cartagena-tours-privados-pie-es","11":"first","12":"instock","13":"shipping-taxable","14":"purchasable","15":"product-type-simple"},"acf":[],"yoast_head":"<!-- This site is optimized with the Yoast SEO Premium plugin v25.3.1 (Yoast SEO v25.3.1) - https:\/\/yoast.com\/wordpress\/plugins\/seo\/ -->\n<title>\u27a1\ufe0f Tour Privado a pie Cartagena | Tour Travel &amp; More<\/title>\n<meta name=\"description\" content=\"Disfruta de este tour privado a pie Cartagena con gu\u00eda oficial y descubre una de las ciudades m\u00e1s importantes del Imperio Romano y su historia \u2705\" \/>\n<meta name=\"robots\" content=\"index, follow, max-snippet:-1, max-image-preview:large, max-video-preview:-1\" \/>\n<link rel=\"canonical\" href=\"https:\/\/tourtravelandmore.com\/es\/tours\/espana-es\/cartagena-es\/cartagena-actividades-es\/tour-privado-a-pie-cartagena-tour-privado-con-guia-oficial\/\" \/>\n<meta property=\"og:locale\" content=\"es_ES\" \/>\n<meta property=\"og:type\" content=\"article\" \/>\n<meta property=\"og:title\" content=\"Tour privado a pie Cartagena - Opcional para Cruceros\" \/>\n<meta property=\"og:description\" content=\"Disfruta de este tour privado a pie Cartagena con gu\u00eda oficial y descubre una de las ciudades m\u00e1s importantes del Imperio Romano y su historia \u2705\" \/>\n<meta property=\"og:url\" content=\"https:\/\/tourtravelandmore.com\/es\/tours\/espana-es\/cartagena-es\/cartagena-actividades-es\/tour-privado-a-pie-cartagena-tour-privado-con-guia-oficial\/\" \/>\n<meta property=\"og:site_name\" content=\"Tour Travel And More\" \/>\n<meta property=\"article:publisher\" content=\"https:\/\/www.facebook.com\/tourtravelandmore\/\" \/>\n<meta property=\"article:modified_time\" content=\"2022-11-14T22:19:54+00:00\" \/>\n<meta property=\"og:image\" content=\"https:\/\/tourtravelandmore.com\/wp-content\/uploads\/2020\/02\/5887947434_3ab7acdcfc_b.jpg\" \/>\n\t<meta property=\"og:image:width\" content=\"1024\" \/>\n\t<meta property=\"og:image:height\" content=\"680\" \/>\n\t<meta property=\"og:image:type\" content=\"image\/jpeg\" \/>\n<meta name=\"twitter:card\" content=\"summary_large_image\" \/>\n<meta name=\"twitter:site\" content=\"@TourTravel_More\" \/>\n<meta name=\"twitter:label1\" content=\"Tiempo de lectura\" \/>\n\t<meta name=\"twitter:data1\" content=\"3 minutos\" \/>\n<script type=\"application\/ld+json\" class=\"yoast-schema-graph\">{\"@context\":\"https:\/\/schema.org\",\"@graph\":[{\"@type\":\"WebPage\",\"@id\":\"https:\/\/tourtravelandmore.com\/es\/tours\/espana-es\/cartagena-es\/cartagena-actividades-es\/tour-privado-a-pie-cartagena-tour-privado-con-guia-oficial\/\",\"url\":\"https:\/\/tourtravelandmore.com\/es\/tours\/espana-es\/cartagena-es\/cartagena-actividades-es\/tour-privado-a-pie-cartagena-tour-privado-con-guia-oficial\/\",\"name\":\"\u27a1\ufe0f Tour Privado a pie Cartagena | Tour Travel & More\",\"isPartOf\":{\"@id\":\"https:\/\/tourtravelandmore.com\/es\/#website\"},\"primaryImageOfPage\":{\"@id\":\"https:\/\/tourtravelandmore.com\/es\/tours\/espana-es\/cartagena-es\/cartagena-actividades-es\/tour-privado-a-pie-cartagena-tour-privado-con-guia-oficial\/#primaryimage\"},\"image\":{\"@id\":\"https:\/\/tourtravelandmore.com\/es\/tours\/espana-es\/cartagena-es\/cartagena-actividades-es\/tour-privado-a-pie-cartagena-tour-privado-con-guia-oficial\/#primaryimage\"},\"thumbnailUrl\":\"https:\/\/tourtravelandmore.com\/wp-content\/uploads\/2020\/02\/5887947434_3ab7acdcfc_b.jpg\",\"datePublished\":\"2020-02-07T12:53:57+00:00\",\"dateModified\":\"2022-11-14T22:19:54+00:00\",\"description\":\"Disfruta de este tour privado a pie Cartagena con gu\u00eda oficial y descubre una de las ciudades m\u00e1s importantes del Imperio Romano y su historia \u2705\",\"breadcrumb\":{\"@id\":\"https:\/\/tourtravelandmore.com\/es\/tours\/espana-es\/cartagena-es\/cartagena-actividades-es\/tour-privado-a-pie-cartagena-tour-privado-con-guia-oficial\/#breadcrumb\"},\"inLanguage\":\"es\",\"potentialAction\":[{\"@type\":\"ReadAction\",\"target\":[\"https:\/\/tourtravelandmore.com\/es\/tours\/espana-es\/cartagena-es\/cartagena-actividades-es\/tour-privado-a-pie-cartagena-tour-privado-con-guia-oficial\/\"]}]},{\"@type\":\"ImageObject\",\"inLanguage\":\"es\",\"@id\":\"https:\/\/tourtravelandmore.com\/es\/tours\/espana-es\/cartagena-es\/cartagena-actividades-es\/tour-privado-a-pie-cartagena-tour-privado-con-guia-oficial\/#primaryimage\",\"url\":\"https:\/\/tourtravelandmore.com\/wp-content\/uploads\/2020\/02\/5887947434_3ab7acdcfc_b.jpg\",\"contentUrl\":\"https:\/\/tourtravelandmore.com\/wp-content\/uploads\/2020\/02\/5887947434_3ab7acdcfc_b.jpg\",\"width\":1024,\"height\":680},{\"@type\":\"BreadcrumbList\",\"@id\":\"https:\/\/tourtravelandmore.com\/es\/tours\/espana-es\/cartagena-es\/cartagena-actividades-es\/tour-privado-a-pie-cartagena-tour-privado-con-guia-oficial\/#breadcrumb\",\"itemListElement\":[{\"@type\":\"ListItem\",\"position\":1,\"name\":\"Home\",\"item\":\"https:\/\/tourtravelandmore.com\/es\/\"},{\"@type\":\"ListItem\",\"position\":2,\"name\":\"Tours\",\"item\":\"https:\/\/tourtravelandmore.com\/es\/tours\/\"},{\"@type\":\"ListItem\",\"position\":3,\"name\":\"Tour privado a pie Cartagena &#8211; Opcional para Cruceros\"}]},{\"@type\":\"WebSite\",\"@id\":\"https:\/\/tourtravelandmore.com\/es\/#website\",\"url\":\"https:\/\/tourtravelandmore.com\/es\/\",\"name\":\"Tour Travel And More\",\"description\":\"Private sightseeing tours and luxury transfers in Spain\",\"publisher\":{\"@id\":\"https:\/\/tourtravelandmore.com\/es\/#organization\"},\"potentialAction\":[{\"@type\":\"SearchAction\",\"target\":{\"@type\":\"EntryPoint\",\"urlTemplate\":\"https:\/\/tourtravelandmore.com\/es\/?s={search_term_string}\"},\"query-input\":{\"@type\":\"PropertyValueSpecification\",\"valueRequired\":true,\"valueName\":\"search_term_string\"}}],\"inLanguage\":\"es\"},{\"@type\":\"Organization\",\"@id\":\"https:\/\/tourtravelandmore.com\/es\/#organization\",\"name\":\"Tour Travel And More\",\"url\":\"https:\/\/tourtravelandmore.com\/es\/\",\"logo\":{\"@type\":\"ImageObject\",\"inLanguage\":\"es\",\"@id\":\"https:\/\/tourtravelandmore.com\/es\/#\/schema\/logo\/image\/\",\"url\":\"https:\/\/tourtravelandmore.com\/wp-content\/uploads\/2022\/12\/cropped-logo-cabecera-new.png\",\"contentUrl\":\"https:\/\/tourtravelandmore.com\/wp-content\/uploads\/2022\/12\/cropped-logo-cabecera-new.png\",\"width\":430,\"height\":61,\"caption\":\"Tour Travel And More\"},\"image\":{\"@id\":\"https:\/\/tourtravelandmore.com\/es\/#\/schema\/logo\/image\/\"},\"sameAs\":[\"https:\/\/www.facebook.com\/tourtravelandmore\/\",\"https:\/\/x.com\/TourTravel_More\"]}]}<\/script>\n<!-- \/ Yoast SEO Premium plugin. -->","yoast_head_json":{"title":"\u27a1\ufe0f Tour Privado a pie Cartagena | Tour Travel & More","description":"Disfruta de este tour privado a pie Cartagena con gu\u00eda oficial y descubre una de las ciudades m\u00e1s importantes del Imperio Romano y su historia \u2705","robots":{"index":"index","follow":"follow","max-snippet":"max-snippet:-1","max-image-preview":"max-image-preview:large","max-video-preview":"max-video-preview:-1"},"canonical":"https:\/\/tourtravelandmore.com\/es\/tours\/espana-es\/cartagena-es\/cartagena-actividades-es\/tour-privado-a-pie-cartagena-tour-privado-con-guia-oficial\/","og_locale":"es_ES","og_type":"article","og_title":"Tour privado a pie Cartagena - Opcional para Cruceros","og_description":"Disfruta de este tour privado a pie Cartagena con gu\u00eda oficial y descubre una de las ciudades m\u00e1s importantes del Imperio Romano y su historia \u2705","og_url":"https:\/\/tourtravelandmore.com\/es\/tours\/espana-es\/cartagena-es\/cartagena-actividades-es\/tour-privado-a-pie-cartagena-tour-privado-con-guia-oficial\/","og_site_name":"Tour Travel And More","article_publisher":"https:\/\/www.facebook.com\/tourtravelandmore\/","article_modified_time":"2022-11-14T22:19:54+00:00","og_image":[{"width":1024,"height":680,"url":"https:\/\/tourtravelandmore.com\/wp-content\/uploads\/2020\/02\/5887947434_3ab7acdcfc_b.jpg","type":"image\/jpeg"}],"twitter_card":"summary_large_image","twitter_site":"@TourTravel_More","twitter_misc":{"Tiempo de lectura":"3 minutos"},"schema":{"@context":"https:\/\/schema.org","@graph":[{"@type":"WebPage","@id":"https:\/\/tourtravelandmore.com\/es\/tours\/espana-es\/cartagena-es\/cartagena-actividades-es\/tour-privado-a-pie-cartagena-tour-privado-con-guia-oficial\/","url":"https:\/\/tourtravelandmore.com\/es\/tours\/espana-es\/cartagena-es\/cartagena-actividades-es\/tour-privado-a-pie-cartagena-tour-privado-con-guia-oficial\/","name":"\u27a1\ufe0f Tour Privado a pie Cartagena | Tour Travel & More","isPartOf":{"@id":"https:\/\/tourtravelandmore.com\/es\/#website"},"primaryImageOfPage":{"@id":"https:\/\/tourtravelandmore.com\/es\/tours\/espana-es\/cartagena-es\/cartagena-actividades-es\/tour-privado-a-pie-cartagena-tour-privado-con-guia-oficial\/#primaryimage"},"image":{"@id":"https:\/\/tourtravelandmore.com\/es\/tours\/espana-es\/cartagena-es\/cartagena-actividades-es\/tour-privado-a-pie-cartagena-tour-privado-con-guia-oficial\/#primaryimage"},"thumbnailUrl":"https:\/\/tourtravelandmore.com\/wp-content\/uploads\/2020\/02\/5887947434_3ab7acdcfc_b.jpg","datePublished":"2020-02-07T12:53:57+00:00","dateModified":"2022-11-14T22:19:54+00:00","description":"Disfruta de este tour privado a pie Cartagena con gu\u00eda oficial y descubre una de las ciudades m\u00e1s importantes del Imperio Romano y su historia \u2705","breadcrumb":{"@id":"https:\/\/tourtravelandmore.com\/es\/tours\/espana-es\/cartagena-es\/cartagena-actividades-es\/tour-privado-a-pie-cartagena-tour-privado-con-guia-oficial\/#breadcrumb"},"inLanguage":"es","potentialAction":[{"@type":"ReadAction","target":["https:\/\/tourtravelandmore.com\/es\/tours\/espana-es\/cartagena-es\/cartagena-actividades-es\/tour-privado-a-pie-cartagena-tour-privado-con-guia-oficial\/"]}]},{"@type":"ImageObject","inLanguage":"es","@id":"https:\/\/tourtravelandmore.com\/es\/tours\/espana-es\/cartagena-es\/cartagena-actividades-es\/tour-privado-a-pie-cartagena-tour-privado-con-guia-oficial\/#primaryimage","url":"https:\/\/tourtravelandmore.com\/wp-content\/uploads\/2020\/02\/5887947434_3ab7acdcfc_b.jpg","contentUrl":"https:\/\/tourtravelandmore.com\/wp-content\/uploads\/2020\/02\/5887947434_3ab7acdcfc_b.jpg","width":1024,"height":680},{"@type":"BreadcrumbList","@id":"https:\/\/tourtravelandmore.com\/es\/tours\/espana-es\/cartagena-es\/cartagena-actividades-es\/tour-privado-a-pie-cartagena-tour-privado-con-guia-oficial\/#breadcrumb","itemListElement":[{"@type":"ListItem","position":1,"name":"Home","item":"https:\/\/tourtravelandmore.com\/es\/"},{"@type":"ListItem","position":2,"name":"Tours","item":"https:\/\/tourtravelandmore.com\/es\/tours\/"},{"@type":"ListItem","position":3,"name":"Tour privado a pie Cartagena &#8211; Opcional para Cruceros"}]},{"@type":"WebSite","@id":"https:\/\/tourtravelandmore.com\/es\/#website","url":"https:\/\/tourtravelandmore.com\/es\/","name":"Tour Travel And More","description":"Private sightseeing tours and luxury transfers in Spain","publisher":{"@id":"https:\/\/tourtravelandmore.com\/es\/#organization"},"potentialAction":[{"@type":"SearchAction","target":{"@type":"EntryPoint","urlTemplate":"https:\/\/tourtravelandmore.com\/es\/?s={search_term_string}"},"query-input":{"@type":"PropertyValueSpecification","valueRequired":true,"valueName":"search_term_string"}}],"inLanguage":"es"},{"@type":"Organization","@id":"https:\/\/tourtravelandmore.com\/es\/#organization","name":"Tour Travel And More","url":"https:\/\/tourtravelandmore.com\/es\/","logo":{"@type":"ImageObject","inLanguage":"es","@id":"https:\/\/tourtravelandmore.com\/es\/#\/schema\/logo\/image\/","url":"https:\/\/tourtravelandmore.com\/wp-content\/uploads\/2022\/12\/cropped-logo-cabecera-new.png","contentUrl":"https:\/\/tourtravelandmore.com\/wp-content\/uploads\/2022\/12\/cropped-logo-cabecera-new.png","width":430,"height":61,"caption":"Tour Travel And More"},"image":{"@id":"https:\/\/tourtravelandmore.com\/es\/#\/schema\/logo\/image\/"},"sameAs":["https:\/\/www.facebook.com\/tourtravelandmore\/","https:\/\/x.com\/TourTravel_More"]}]}},"_links":{"self":[{"href":"https:\/\/tourtravelandmore.com\/es\/wp-json\/wp\/v2\/product\/76367","targetHints":{"allow":["GET"]}}],"collection":[{"href":"https:\/\/tourtravelandmore.com\/es\/wp-json\/wp\/v2\/product"}],"about":[{"href":"https:\/\/tourtravelandmore.com\/es\/wp-json\/wp\/v2\/types\/product"}],"replies":[{"embeddable":true,"href":"https:\/\/tourtravelandmore.com\/es\/wp-json\/wp\/v2\/comments?post=76367"}],"wp:featuredmedia":[{"embeddable":true,"href":"https:\/\/tourtravelandmore.com\/es\/wp-json\/wp\/v2\/media\/76260"}],"wp:attachment":[{"href":"https:\/\/tourtravelandmore.com\/es\/wp-json\/wp\/v2\/media?parent=76367"}],"wp:term":[{"taxonomy":"product_brand","embeddable":true,"href":"https:\/\/tourtravelandmore.com\/es\/wp-json\/wp\/v2\/product_brand?post=76367"},{"taxonomy":"product_cat","embeddable":true,"href":"https:\/\/tourtravelandmore.com\/es\/wp-json\/wp\/v2\/product_cat?post=76367"},{"taxonomy":"product_tag","embeddable":true,"href":"https:\/\/tourtravelandmore.com\/es\/wp-json\/wp\/v2\/product_tag?post=76367"}],"curies":[{"name":"wp","href":"https:\/\/api.w.org\/{rel}","templated":true}]}}