{"id":76288,"date":"2020-02-06T12:05:47","date_gmt":"2020-02-06T11:05:48","guid":{"rendered":"https:\/\/tourtravelandmore.com\/?post_type=product&#038;p=76288"},"modified":"2022-11-14T23:22:45","modified_gmt":"2022-11-14T22:22:45","slug":"tour-valle-de-ricote-desde-cartagena-tour-privado-con-guia-y-vehiculo","status":"publish","type":"product","link":"https:\/\/tourtravelandmore.com\/es\/tours\/espana-es\/cartagena-es\/cartagena-actividades-es\/tour-valle-de-ricote-desde-cartagena-tour-privado-con-guia-y-vehiculo\/","title":{"rendered":"Tour privada Valle de Ricote desde Cartagena"},"content":{"rendered":"<h2>Descripci\u00f3n del Tour privado Valle de Ricote desde Cartagena<\/h2>\n<p>Este tour Valle de Ricote desde Cartagena, con gu\u00eda oficial y veh\u00edculo privado, ofrece una de las experiencias m\u00e1s hermosas e interesantes que podr\u00e1s vivir en <strong>Murcia y sus alrededores<\/strong>, puesto que se trata no solo de un viaje en el tiempo, sino tambi\u00e9n de descubrir el legado que Palestina dej\u00f3 en Espa\u00f1a a trav\u00e9s de la cultura de los moriscos.<\/p>\n<p>La duraci\u00f3n del tour Valle de Ricote desde Cartagena es de 6 horas. Es un tour completamente privado, pueden escoger la hora y lugar de recogida.<\/p>\n<p>En todo momento ir\u00e1n acompa\u00f1ados de su gu\u00eda y veh\u00edculo, para que viva una experiencia \u00fanica.<\/p>\n<h2>Puntos de inter\u00e9s en el Tour privado Valle de Ricote desde Cartagena<\/h2>\n<p>Una vez recogidos desde su Hotel, tomaremos rumbo al <strong>Valle de Ricote<\/strong>, siendo nuestra primera parada la poblaci\u00f3n de los <strong>Oj\u00f3s<\/strong>, donde visitaremos el <strong><em>Salto de la Novia<\/em><\/strong> y degustaremos algunos <em>bizcochos borrachos<\/em>, una exquisitez de la zona que seguramente querr\u00e1s llevarte para seguir comiendo a lo largo del camino.<\/p>\n<p>El siguiente lugar que visitaremos ser\u00e1 el pueblo de <strong>Abar\u00e1n<\/strong>, famoso por poseer la noria m\u00e1s grande de Europa que a\u00fan se encuentra en funcionamiento, y tambi\u00e9n veremos otro conjunto de norias m\u00e1s peque\u00f1as, dado que <strong>Abar\u00e1n <\/strong>es la poblaci\u00f3n europea con m\u00e1s norias en funcionamiento y todas tienen un prop\u00f3sito 100\u202f% sostenible. Luego tomaremos rumbo a <strong>Cieza<\/strong> donde entraremos al <strong><em>Museo de Siyasa<\/em><\/strong>, uno de los pocos que posee la representaci\u00f3n a escala real de dos casas \u00e1rabes medievales.<\/p>\n<p>Por fin llegaremos a <strong>Ricote<\/strong>, lugar donde podremos admirar diferentes obras arquitect\u00f3nicas, principalmente civiles y religiosas, como por ejemplo la <strong><em>Iglesia de San Sebasti\u00e1n<\/em><\/strong>, una obra barroca que alberga el \u00f3rgano m\u00e1s antiguo de toda la <strong>Regi\u00f3n de Murcia<\/strong>.<\/p>\n<p>La \u00faltima parada de este viaje ser\u00e1 <strong>Archena<\/strong>, sitio famoso por el uso terap\u00e9utico que se les da a sus aguas termales.<\/p>\n<p>Si dispone de m\u00e1s d\u00edas, puedes consultar <strong><a href=\"https:\/\/tourtravelandmore.com\/es\/ciudad\/espana-es\/cartagena-es\/\">aqu\u00ed<\/a><\/strong>, el resto de tours privados que ofrecemos en la ciudad de Cartagena.<\/p>\n<h3>El Valle de Ricote: un oasis en medio de Murcia<\/h3>\n<p>Lo que maravilla a todas las personas que realizan este fant\u00e1stico paseo es la gran fertilidad del valle, puesto que este es ba\u00f1ado durante todo el a\u00f1o por el r\u00edo <em>Segura<\/em>, esta es la raz\u00f3n principal del por qu\u00e9 los moriscos decidieron asentarse en esta zona y crear un peque\u00f1o Ed\u00e9n con kil\u00f3metros de huertos repletos de frutas, hortaliza, verduras y hasta meandros.<\/p>\n<p>Sin duda, en esta <strong>excursi\u00f3n al Valle de Ricote<\/strong>, no solo disfrutar\u00e1s del paisaje, las viejas norias y la calidez de su gente, sino que tambi\u00e9n degustar\u00e1s de lo mejor de sus tierras y depurar\u00e1s tus pulmones con el aire fresco y limpio de esta zona.<\/p>\n","protected":false},"excerpt":{"rendered":"<p>Aproveche esta oportunidad para conocer y disfrutar de el Valle de Ricote\u00a0durante este tour privado con vuestro gu\u00eda oficial privado y vuestro veh\u00edculo de lujo con\u00a0ch\u00f3fer. Disfrute de los monumentos y zonas m\u00e1s emblem\u00e1ticas de el Valle de Ricote.<\/p>\n<p>&nbsp;<\/p>\n","protected":false},"featured_media":76308,"comment_status":"open","ping_status":"closed","template":"","meta":{"_acf_changed":false},"product_brand":[],"product_cat":[1596,2033,2034,2035],"product_tag":[],"class_list":{"0":"post-76288","1":"product","2":"type-product","3":"status-publish","4":"has-post-thumbnail","6":"product_cat-espana-es","7":"product_cat-cartagena-es","8":"product_cat-cartagena-actividades-es","9":"product_cat-cartagena-excursiones-es","11":"first","12":"instock","13":"shipping-taxable","14":"purchasable","15":"product-type-simple"},"acf":[],"yoast_head":"<!-- This site is optimized with the Yoast SEO Premium plugin v25.3.1 (Yoast SEO v25.3.1) - https:\/\/yoast.com\/wordpress\/plugins\/seo\/ -->\n<title>\u27a1\ufe0f Tour Valle de Ricote desde Cartagena | Tour Travel &amp; More<\/title>\n<meta name=\"description\" content=\"Disfruta de este tour Valle de Ricote desde Cartagena con su gu\u00eda privado y vehiculo. Descubre el Valle y sus principales pueblos y historia \u2705\" \/>\n<meta name=\"robots\" content=\"index, follow, max-snippet:-1, max-image-preview:large, max-video-preview:-1\" \/>\n<link rel=\"canonical\" href=\"https:\/\/tourtravelandmore.com\/es\/tours\/espana-es\/cartagena-es\/cartagena-actividades-es\/tour-valle-de-ricote-desde-cartagena-tour-privado-con-guia-y-vehiculo\/\" \/>\n<meta property=\"og:locale\" content=\"es_ES\" \/>\n<meta property=\"og:type\" content=\"article\" \/>\n<meta property=\"og:title\" content=\"Tour privada Valle de Ricote desde Cartagena\" \/>\n<meta property=\"og:description\" content=\"Disfruta de este tour Valle de Ricote desde Cartagena con su gu\u00eda privado y vehiculo. Descubre el Valle y sus principales pueblos y historia \u2705\" \/>\n<meta property=\"og:url\" content=\"https:\/\/tourtravelandmore.com\/es\/tours\/espana-es\/cartagena-es\/cartagena-actividades-es\/tour-valle-de-ricote-desde-cartagena-tour-privado-con-guia-y-vehiculo\/\" \/>\n<meta property=\"og:site_name\" content=\"Tour Travel And More\" \/>\n<meta property=\"article:publisher\" content=\"https:\/\/www.facebook.com\/tourtravelandmore\/\" \/>\n<meta property=\"article:modified_time\" content=\"2022-11-14T22:22:45+00:00\" \/>\n<meta property=\"og:image\" content=\"https:\/\/tourtravelandmore.com\/wp-content\/uploads\/2020\/02\/0_Valle-del-Ricote.jpg\" \/>\n\t<meta property=\"og:image:width\" content=\"1000\" \/>\n\t<meta property=\"og:image:height\" content=\"639\" \/>\n\t<meta property=\"og:image:type\" content=\"image\/jpeg\" \/>\n<meta name=\"twitter:card\" content=\"summary_large_image\" \/>\n<meta name=\"twitter:site\" content=\"@TourTravel_More\" \/>\n<meta name=\"twitter:label1\" content=\"Tiempo de lectura\" \/>\n\t<meta name=\"twitter:data1\" content=\"3 minutos\" \/>\n<script type=\"application\/ld+json\" class=\"yoast-schema-graph\">{\"@context\":\"https:\/\/schema.org\",\"@graph\":[{\"@type\":\"WebPage\",\"@id\":\"https:\/\/tourtravelandmore.com\/es\/tours\/espana-es\/cartagena-es\/cartagena-actividades-es\/tour-valle-de-ricote-desde-cartagena-tour-privado-con-guia-y-vehiculo\/\",\"url\":\"https:\/\/tourtravelandmore.com\/es\/tours\/espana-es\/cartagena-es\/cartagena-actividades-es\/tour-valle-de-ricote-desde-cartagena-tour-privado-con-guia-y-vehiculo\/\",\"name\":\"\u27a1\ufe0f Tour Valle de Ricote desde Cartagena | Tour Travel & More\",\"isPartOf\":{\"@id\":\"https:\/\/tourtravelandmore.com\/es\/#website\"},\"primaryImageOfPage\":{\"@id\":\"https:\/\/tourtravelandmore.com\/es\/tours\/espana-es\/cartagena-es\/cartagena-actividades-es\/tour-valle-de-ricote-desde-cartagena-tour-privado-con-guia-y-vehiculo\/#primaryimage\"},\"image\":{\"@id\":\"https:\/\/tourtravelandmore.com\/es\/tours\/espana-es\/cartagena-es\/cartagena-actividades-es\/tour-valle-de-ricote-desde-cartagena-tour-privado-con-guia-y-vehiculo\/#primaryimage\"},\"thumbnailUrl\":\"https:\/\/tourtravelandmore.com\/wp-content\/uploads\/2020\/02\/0_Valle-del-Ricote.jpg\",\"datePublished\":\"2020-02-06T11:05:48+00:00\",\"dateModified\":\"2022-11-14T22:22:45+00:00\",\"description\":\"Disfruta de este tour Valle de Ricote desde Cartagena con su gu\u00eda privado y vehiculo. Descubre el Valle y sus principales pueblos y historia \u2705\",\"breadcrumb\":{\"@id\":\"https:\/\/tourtravelandmore.com\/es\/tours\/espana-es\/cartagena-es\/cartagena-actividades-es\/tour-valle-de-ricote-desde-cartagena-tour-privado-con-guia-y-vehiculo\/#breadcrumb\"},\"inLanguage\":\"es\",\"potentialAction\":[{\"@type\":\"ReadAction\",\"target\":[\"https:\/\/tourtravelandmore.com\/es\/tours\/espana-es\/cartagena-es\/cartagena-actividades-es\/tour-valle-de-ricote-desde-cartagena-tour-privado-con-guia-y-vehiculo\/\"]}]},{\"@type\":\"ImageObject\",\"inLanguage\":\"es\",\"@id\":\"https:\/\/tourtravelandmore.com\/es\/tours\/espana-es\/cartagena-es\/cartagena-actividades-es\/tour-valle-de-ricote-desde-cartagena-tour-privado-con-guia-y-vehiculo\/#primaryimage\",\"url\":\"https:\/\/tourtravelandmore.com\/wp-content\/uploads\/2020\/02\/0_Valle-del-Ricote.jpg\",\"contentUrl\":\"https:\/\/tourtravelandmore.com\/wp-content\/uploads\/2020\/02\/0_Valle-del-Ricote.jpg\",\"width\":1000,\"height\":639},{\"@type\":\"BreadcrumbList\",\"@id\":\"https:\/\/tourtravelandmore.com\/es\/tours\/espana-es\/cartagena-es\/cartagena-actividades-es\/tour-valle-de-ricote-desde-cartagena-tour-privado-con-guia-y-vehiculo\/#breadcrumb\",\"itemListElement\":[{\"@type\":\"ListItem\",\"position\":1,\"name\":\"Home\",\"item\":\"https:\/\/tourtravelandmore.com\/es\/\"},{\"@type\":\"ListItem\",\"position\":2,\"name\":\"Tours\",\"item\":\"https:\/\/tourtravelandmore.com\/es\/tours\/\"},{\"@type\":\"ListItem\",\"position\":3,\"name\":\"Tour privada Valle de Ricote desde Cartagena\"}]},{\"@type\":\"WebSite\",\"@id\":\"https:\/\/tourtravelandmore.com\/es\/#website\",\"url\":\"https:\/\/tourtravelandmore.com\/es\/\",\"name\":\"Tour Travel And More\",\"description\":\"Private sightseeing tours and luxury transfers in Spain\",\"publisher\":{\"@id\":\"https:\/\/tourtravelandmore.com\/es\/#organization\"},\"potentialAction\":[{\"@type\":\"SearchAction\",\"target\":{\"@type\":\"EntryPoint\",\"urlTemplate\":\"https:\/\/tourtravelandmore.com\/es\/?s={search_term_string}\"},\"query-input\":{\"@type\":\"PropertyValueSpecification\",\"valueRequired\":true,\"valueName\":\"search_term_string\"}}],\"inLanguage\":\"es\"},{\"@type\":\"Organization\",\"@id\":\"https:\/\/tourtravelandmore.com\/es\/#organization\",\"name\":\"Tour Travel And More\",\"url\":\"https:\/\/tourtravelandmore.com\/es\/\",\"logo\":{\"@type\":\"ImageObject\",\"inLanguage\":\"es\",\"@id\":\"https:\/\/tourtravelandmore.com\/es\/#\/schema\/logo\/image\/\",\"url\":\"https:\/\/tourtravelandmore.com\/wp-content\/uploads\/2022\/12\/cropped-logo-cabecera-new.png\",\"contentUrl\":\"https:\/\/tourtravelandmore.com\/wp-content\/uploads\/2022\/12\/cropped-logo-cabecera-new.png\",\"width\":430,\"height\":61,\"caption\":\"Tour Travel And More\"},\"image\":{\"@id\":\"https:\/\/tourtravelandmore.com\/es\/#\/schema\/logo\/image\/\"},\"sameAs\":[\"https:\/\/www.facebook.com\/tourtravelandmore\/\",\"https:\/\/x.com\/TourTravel_More\"]}]}<\/script>\n<!-- \/ Yoast SEO Premium plugin. -->","yoast_head_json":{"title":"\u27a1\ufe0f Tour Valle de Ricote desde Cartagena | Tour Travel & More","description":"Disfruta de este tour Valle de Ricote desde Cartagena con su gu\u00eda privado y vehiculo. Descubre el Valle y sus principales pueblos y historia \u2705","robots":{"index":"index","follow":"follow","max-snippet":"max-snippet:-1","max-image-preview":"max-image-preview:large","max-video-preview":"max-video-preview:-1"},"canonical":"https:\/\/tourtravelandmore.com\/es\/tours\/espana-es\/cartagena-es\/cartagena-actividades-es\/tour-valle-de-ricote-desde-cartagena-tour-privado-con-guia-y-vehiculo\/","og_locale":"es_ES","og_type":"article","og_title":"Tour privada Valle de Ricote desde Cartagena","og_description":"Disfruta de este tour Valle de Ricote desde Cartagena con su gu\u00eda privado y vehiculo. Descubre el Valle y sus principales pueblos y historia \u2705","og_url":"https:\/\/tourtravelandmore.com\/es\/tours\/espana-es\/cartagena-es\/cartagena-actividades-es\/tour-valle-de-ricote-desde-cartagena-tour-privado-con-guia-y-vehiculo\/","og_site_name":"Tour Travel And More","article_publisher":"https:\/\/www.facebook.com\/tourtravelandmore\/","article_modified_time":"2022-11-14T22:22:45+00:00","og_image":[{"width":1000,"height":639,"url":"https:\/\/tourtravelandmore.com\/wp-content\/uploads\/2020\/02\/0_Valle-del-Ricote.jpg","type":"image\/jpeg"}],"twitter_card":"summary_large_image","twitter_site":"@TourTravel_More","twitter_misc":{"Tiempo de lectura":"3 minutos"},"schema":{"@context":"https:\/\/schema.org","@graph":[{"@type":"WebPage","@id":"https:\/\/tourtravelandmore.com\/es\/tours\/espana-es\/cartagena-es\/cartagena-actividades-es\/tour-valle-de-ricote-desde-cartagena-tour-privado-con-guia-y-vehiculo\/","url":"https:\/\/tourtravelandmore.com\/es\/tours\/espana-es\/cartagena-es\/cartagena-actividades-es\/tour-valle-de-ricote-desde-cartagena-tour-privado-con-guia-y-vehiculo\/","name":"\u27a1\ufe0f Tour Valle de Ricote desde Cartagena | Tour Travel & More","isPartOf":{"@id":"https:\/\/tourtravelandmore.com\/es\/#website"},"primaryImageOfPage":{"@id":"https:\/\/tourtravelandmore.com\/es\/tours\/espana-es\/cartagena-es\/cartagena-actividades-es\/tour-valle-de-ricote-desde-cartagena-tour-privado-con-guia-y-vehiculo\/#primaryimage"},"image":{"@id":"https:\/\/tourtravelandmore.com\/es\/tours\/espana-es\/cartagena-es\/cartagena-actividades-es\/tour-valle-de-ricote-desde-cartagena-tour-privado-con-guia-y-vehiculo\/#primaryimage"},"thumbnailUrl":"https:\/\/tourtravelandmore.com\/wp-content\/uploads\/2020\/02\/0_Valle-del-Ricote.jpg","datePublished":"2020-02-06T11:05:48+00:00","dateModified":"2022-11-14T22:22:45+00:00","description":"Disfruta de este tour Valle de Ricote desde Cartagena con su gu\u00eda privado y vehiculo. Descubre el Valle y sus principales pueblos y historia \u2705","breadcrumb":{"@id":"https:\/\/tourtravelandmore.com\/es\/tours\/espana-es\/cartagena-es\/cartagena-actividades-es\/tour-valle-de-ricote-desde-cartagena-tour-privado-con-guia-y-vehiculo\/#breadcrumb"},"inLanguage":"es","potentialAction":[{"@type":"ReadAction","target":["https:\/\/tourtravelandmore.com\/es\/tours\/espana-es\/cartagena-es\/cartagena-actividades-es\/tour-valle-de-ricote-desde-cartagena-tour-privado-con-guia-y-vehiculo\/"]}]},{"@type":"ImageObject","inLanguage":"es","@id":"https:\/\/tourtravelandmore.com\/es\/tours\/espana-es\/cartagena-es\/cartagena-actividades-es\/tour-valle-de-ricote-desde-cartagena-tour-privado-con-guia-y-vehiculo\/#primaryimage","url":"https:\/\/tourtravelandmore.com\/wp-content\/uploads\/2020\/02\/0_Valle-del-Ricote.jpg","contentUrl":"https:\/\/tourtravelandmore.com\/wp-content\/uploads\/2020\/02\/0_Valle-del-Ricote.jpg","width":1000,"height":639},{"@type":"BreadcrumbList","@id":"https:\/\/tourtravelandmore.com\/es\/tours\/espana-es\/cartagena-es\/cartagena-actividades-es\/tour-valle-de-ricote-desde-cartagena-tour-privado-con-guia-y-vehiculo\/#breadcrumb","itemListElement":[{"@type":"ListItem","position":1,"name":"Home","item":"https:\/\/tourtravelandmore.com\/es\/"},{"@type":"ListItem","position":2,"name":"Tours","item":"https:\/\/tourtravelandmore.com\/es\/tours\/"},{"@type":"ListItem","position":3,"name":"Tour privada Valle de Ricote desde Cartagena"}]},{"@type":"WebSite","@id":"https:\/\/tourtravelandmore.com\/es\/#website","url":"https:\/\/tourtravelandmore.com\/es\/","name":"Tour Travel And More","description":"Private sightseeing tours and luxury transfers in Spain","publisher":{"@id":"https:\/\/tourtravelandmore.com\/es\/#organization"},"potentialAction":[{"@type":"SearchAction","target":{"@type":"EntryPoint","urlTemplate":"https:\/\/tourtravelandmore.com\/es\/?s={search_term_string}"},"query-input":{"@type":"PropertyValueSpecification","valueRequired":true,"valueName":"search_term_string"}}],"inLanguage":"es"},{"@type":"Organization","@id":"https:\/\/tourtravelandmore.com\/es\/#organization","name":"Tour Travel And More","url":"https:\/\/tourtravelandmore.com\/es\/","logo":{"@type":"ImageObject","inLanguage":"es","@id":"https:\/\/tourtravelandmore.com\/es\/#\/schema\/logo\/image\/","url":"https:\/\/tourtravelandmore.com\/wp-content\/uploads\/2022\/12\/cropped-logo-cabecera-new.png","contentUrl":"https:\/\/tourtravelandmore.com\/wp-content\/uploads\/2022\/12\/cropped-logo-cabecera-new.png","width":430,"height":61,"caption":"Tour Travel And More"},"image":{"@id":"https:\/\/tourtravelandmore.com\/es\/#\/schema\/logo\/image\/"},"sameAs":["https:\/\/www.facebook.com\/tourtravelandmore\/","https:\/\/x.com\/TourTravel_More"]}]}},"_links":{"self":[{"href":"https:\/\/tourtravelandmore.com\/es\/wp-json\/wp\/v2\/product\/76288","targetHints":{"allow":["GET"]}}],"collection":[{"href":"https:\/\/tourtravelandmore.com\/es\/wp-json\/wp\/v2\/product"}],"about":[{"href":"https:\/\/tourtravelandmore.com\/es\/wp-json\/wp\/v2\/types\/product"}],"replies":[{"embeddable":true,"href":"https:\/\/tourtravelandmore.com\/es\/wp-json\/wp\/v2\/comments?post=76288"}],"wp:featuredmedia":[{"embeddable":true,"href":"https:\/\/tourtravelandmore.com\/es\/wp-json\/wp\/v2\/media\/76308"}],"wp:attachment":[{"href":"https:\/\/tourtravelandmore.com\/es\/wp-json\/wp\/v2\/media?parent=76288"}],"wp:term":[{"taxonomy":"product_brand","embeddable":true,"href":"https:\/\/tourtravelandmore.com\/es\/wp-json\/wp\/v2\/product_brand?post=76288"},{"taxonomy":"product_cat","embeddable":true,"href":"https:\/\/tourtravelandmore.com\/es\/wp-json\/wp\/v2\/product_cat?post=76288"},{"taxonomy":"product_tag","embeddable":true,"href":"https:\/\/tourtravelandmore.com\/es\/wp-json\/wp\/v2\/product_tag?post=76288"}],"curies":[{"name":"wp","href":"https:\/\/api.w.org\/{rel}","templated":true}]}}