{"id":76268,"date":"2020-02-06T11:44:18","date_gmt":"2020-02-06T10:44:17","guid":{"rendered":"https:\/\/tourtravelandmore.com\/?post_type=product&#038;p=76268"},"modified":"2022-11-14T23:21:07","modified_gmt":"2022-11-14T22:21:07","slug":"tour-murcia-desde-cartagena-tour-privado-con-guia-y-vehiculo","status":"publish","type":"product","link":"https:\/\/tourtravelandmore.com\/es\/tours\/espana-es\/cartagena-es\/cartagena-actividades-es\/tour-murcia-desde-cartagena-tour-privado-con-guia-y-vehiculo\/","title":{"rendered":"Tour privado a Murcia desde Cartagena"},"content":{"rendered":"<h2><strong>Descripci\u00f3n Tour privado a Murcia desde Cartagena<\/strong><\/h2>\n<p>Disfruta de este tour Murcia desde Cartagena con gu\u00eda privado y veh\u00edculo privado.<\/p>\n<p>La duraci\u00f3n de este tour privado es de 5 horas. Al ser un tour completamente privado, pueden escoger la hora y lugar de comienzo.<\/p>\n<p>A la hora seleccionada le recogeremos desde su Hotel o lugar de su elecci\u00f3n para empezar este tour Murcia desde Cartagena.<\/p>\n<p>Murcia es la capital de la regi\u00f3n, cruzada por el r\u00edo Segura, es luminosa y alegre. Destacan entre sus monumentos, sus murallas, sus bellos edificios religiosos como la Catedral barroca y otros monumentos civiles de estilo modernista.<\/p>\n<p>Murcia estuvo poblada en la antig\u00fcedad por tribus ib\u00e9ricas que entablaron intensas relaciones comerciales con fenicios y griegos, fundando estos \u00faltimos numerosas factor\u00edas comerciales en su litoral. Es quiz\u00e1s desde entonces y por ello la raz\u00f3n de que su historia haya venido siempre marcada por el car\u00e1cter naval y agr\u00edcola. Posteriormente, fue sede de la primera colonia cartaginense en Espa\u00f1a, <i>Cartago Nova<\/i> (hoy Cartagena), y durante la dominaci\u00f3n \u00e1rabe, fue reino independiente, siendo su f\u00e9rtil agricultura explotada por los moriscos con avanzados sistemas de riego. A\u00fan hoy los productos de su huerta disfrutan de fama internacional.<\/p>\n<h2>Puntos de inter\u00e9s en el Tour privado a Murcia desde Cartagena<\/h2>\n<p>El primer lugar que visitaremos ser\u00e1 la <strong>Catedral de Santa Mar\u00eda<\/strong> ubicada en el casco antiguo de la ciudad, justo frente a la <strong>Plaza del Cardenal Belluga <\/strong>y a partir de all\u00ed podremos entrar al tradicional <strong>barrio de Santa Eulalia<\/strong>, camino que nos llevar\u00e1 hasta el <strong>Convento de La Merced<\/strong> y a la Facultad de Derecho de la <strong>Universidad de Murcia.<\/strong><\/p>\n<p>Tambi\u00e9n conoceremos el <strong><em>Real Casino de Murcia, el Teatro Romeo y el Palacio de San Esteban<\/em><\/strong>, cerca de este \u00faltimo punto se encuentra uno de los yacimientos arqueol\u00f3gicos m\u00e1s importantes e interesantes de la ciudad.<\/p>\n<p>Por si fuera poco, tambi\u00e9n puedes solicitar un recorrido por los edificios que comparten las rutas medievales, de cuando <strong>Murcia<\/strong> era una fortaleza. Estos lugares hoy se encuentran convertidos en museos, hoteles, hostales y lugares de reuni\u00f3n para los lugare\u00f1os.<\/p>\n<p>Si dispone de m\u00e1s d\u00edas en Catagena, puedes consultar <a href=\"https:\/\/tourtravelandmore.com\/es\/ciudad\/espana-es\/cartagena-es\/\"><strong>aqu\u00ed<\/strong><\/a>, nuestros tours privados desde Cartagena.<\/p>\n","protected":false},"excerpt":{"rendered":"<p>Descubre una nueva ciudad desde Cartagena, La ciudad de Murcia. Podr\u00e1s visitar y conocer los principales monumentos de la ciudad: Catedral de Santa Mar\u00eda, Plaza del Cardenal Belluga, Barrio de Santa Eulalia, Convento de la Merced, Universidad Murcia y mucho m\u00e1s lugares \u00fanicos que podr\u00e1s descubrir junto a su gu\u00eda oficial.<\/p>\n<p>&nbsp;<\/p>\n<p>&nbsp;<\/p>\n","protected":false},"featured_media":76281,"comment_status":"open","ping_status":"closed","template":"","meta":{"_acf_changed":false},"product_brand":[],"product_cat":[1596,2033,2034,2035],"product_tag":[],"class_list":{"0":"post-76268","1":"product","2":"type-product","3":"status-publish","4":"has-post-thumbnail","6":"product_cat-espana-es","7":"product_cat-cartagena-es","8":"product_cat-cartagena-actividades-es","9":"product_cat-cartagena-excursiones-es","11":"first","12":"instock","13":"shipping-taxable","14":"purchasable","15":"product-type-simple"},"acf":[],"yoast_head":"<!-- This site is optimized with the Yoast SEO Premium plugin v25.3.1 (Yoast SEO v25.3.1) - https:\/\/yoast.com\/wordpress\/plugins\/seo\/ -->\n<title>\u27a1\ufe0f Tour Murcia desde Cartagena | Tour Travel &amp; More<\/title>\n<meta name=\"description\" content=\"Disfruta de este tour Murcia desde Cartagena, y conoce una de las ciudades m\u00e1s importantes de la regi\u00f3n, junto a su gu\u00eda oficial y vehiculo privado \u2705\" \/>\n<meta name=\"robots\" content=\"index, follow, max-snippet:-1, max-image-preview:large, max-video-preview:-1\" \/>\n<link rel=\"canonical\" href=\"https:\/\/tourtravelandmore.com\/es\/tours\/espana-es\/cartagena-es\/cartagena-actividades-es\/tour-murcia-desde-cartagena-tour-privado-con-guia-y-vehiculo\/\" \/>\n<meta property=\"og:locale\" content=\"es_ES\" \/>\n<meta property=\"og:type\" content=\"article\" \/>\n<meta property=\"og:title\" content=\"Tour privado a Murcia desde Cartagena\" \/>\n<meta property=\"og:description\" content=\"Disfruta de este tour Murcia desde Cartagena, y conoce una de las ciudades m\u00e1s importantes de la regi\u00f3n, junto a su gu\u00eda oficial y vehiculo privado \u2705\" \/>\n<meta property=\"og:url\" content=\"https:\/\/tourtravelandmore.com\/es\/tours\/espana-es\/cartagena-es\/cartagena-actividades-es\/tour-murcia-desde-cartagena-tour-privado-con-guia-y-vehiculo\/\" \/>\n<meta property=\"og:site_name\" content=\"Tour Travel And More\" \/>\n<meta property=\"article:publisher\" content=\"https:\/\/www.facebook.com\/tourtravelandmore\/\" \/>\n<meta property=\"article:modified_time\" content=\"2022-11-14T22:21:07+00:00\" \/>\n<meta property=\"og:image\" content=\"https:\/\/tourtravelandmore.com\/wp-content\/uploads\/2020\/02\/Ayuntamiento_Murcia-1024x767.jpg\" \/>\n\t<meta property=\"og:image:width\" content=\"1024\" \/>\n\t<meta property=\"og:image:height\" content=\"767\" \/>\n\t<meta property=\"og:image:type\" content=\"image\/jpeg\" \/>\n<meta name=\"twitter:card\" content=\"summary_large_image\" \/>\n<meta name=\"twitter:site\" content=\"@TourTravel_More\" \/>\n<meta name=\"twitter:label1\" content=\"Tiempo de lectura\" \/>\n\t<meta name=\"twitter:data1\" content=\"2 minutos\" \/>\n<script type=\"application\/ld+json\" class=\"yoast-schema-graph\">{\"@context\":\"https:\/\/schema.org\",\"@graph\":[{\"@type\":\"WebPage\",\"@id\":\"https:\/\/tourtravelandmore.com\/es\/tours\/espana-es\/cartagena-es\/cartagena-actividades-es\/tour-murcia-desde-cartagena-tour-privado-con-guia-y-vehiculo\/\",\"url\":\"https:\/\/tourtravelandmore.com\/es\/tours\/espana-es\/cartagena-es\/cartagena-actividades-es\/tour-murcia-desde-cartagena-tour-privado-con-guia-y-vehiculo\/\",\"name\":\"\u27a1\ufe0f Tour Murcia desde Cartagena | Tour Travel & More\",\"isPartOf\":{\"@id\":\"https:\/\/tourtravelandmore.com\/es\/#website\"},\"primaryImageOfPage\":{\"@id\":\"https:\/\/tourtravelandmore.com\/es\/tours\/espana-es\/cartagena-es\/cartagena-actividades-es\/tour-murcia-desde-cartagena-tour-privado-con-guia-y-vehiculo\/#primaryimage\"},\"image\":{\"@id\":\"https:\/\/tourtravelandmore.com\/es\/tours\/espana-es\/cartagena-es\/cartagena-actividades-es\/tour-murcia-desde-cartagena-tour-privado-con-guia-y-vehiculo\/#primaryimage\"},\"thumbnailUrl\":\"https:\/\/tourtravelandmore.com\/wp-content\/uploads\/2020\/02\/Ayuntamiento_Murcia.jpg\",\"datePublished\":\"2020-02-06T10:44:17+00:00\",\"dateModified\":\"2022-11-14T22:21:07+00:00\",\"description\":\"Disfruta de este tour Murcia desde Cartagena, y conoce una de las ciudades m\u00e1s importantes de la regi\u00f3n, junto a su gu\u00eda oficial y vehiculo privado \u2705\",\"breadcrumb\":{\"@id\":\"https:\/\/tourtravelandmore.com\/es\/tours\/espana-es\/cartagena-es\/cartagena-actividades-es\/tour-murcia-desde-cartagena-tour-privado-con-guia-y-vehiculo\/#breadcrumb\"},\"inLanguage\":\"es\",\"potentialAction\":[{\"@type\":\"ReadAction\",\"target\":[\"https:\/\/tourtravelandmore.com\/es\/tours\/espana-es\/cartagena-es\/cartagena-actividades-es\/tour-murcia-desde-cartagena-tour-privado-con-guia-y-vehiculo\/\"]}]},{\"@type\":\"ImageObject\",\"inLanguage\":\"es\",\"@id\":\"https:\/\/tourtravelandmore.com\/es\/tours\/espana-es\/cartagena-es\/cartagena-actividades-es\/tour-murcia-desde-cartagena-tour-privado-con-guia-y-vehiculo\/#primaryimage\",\"url\":\"https:\/\/tourtravelandmore.com\/wp-content\/uploads\/2020\/02\/Ayuntamiento_Murcia.jpg\",\"contentUrl\":\"https:\/\/tourtravelandmore.com\/wp-content\/uploads\/2020\/02\/Ayuntamiento_Murcia.jpg\",\"width\":2560,\"height\":1918},{\"@type\":\"BreadcrumbList\",\"@id\":\"https:\/\/tourtravelandmore.com\/es\/tours\/espana-es\/cartagena-es\/cartagena-actividades-es\/tour-murcia-desde-cartagena-tour-privado-con-guia-y-vehiculo\/#breadcrumb\",\"itemListElement\":[{\"@type\":\"ListItem\",\"position\":1,\"name\":\"Home\",\"item\":\"https:\/\/tourtravelandmore.com\/es\/\"},{\"@type\":\"ListItem\",\"position\":2,\"name\":\"Tours\",\"item\":\"https:\/\/tourtravelandmore.com\/es\/tours\/\"},{\"@type\":\"ListItem\",\"position\":3,\"name\":\"Tour privado a Murcia desde Cartagena\"}]},{\"@type\":\"WebSite\",\"@id\":\"https:\/\/tourtravelandmore.com\/es\/#website\",\"url\":\"https:\/\/tourtravelandmore.com\/es\/\",\"name\":\"Tour Travel And More\",\"description\":\"Private sightseeing tours and luxury transfers in Spain\",\"publisher\":{\"@id\":\"https:\/\/tourtravelandmore.com\/es\/#organization\"},\"potentialAction\":[{\"@type\":\"SearchAction\",\"target\":{\"@type\":\"EntryPoint\",\"urlTemplate\":\"https:\/\/tourtravelandmore.com\/es\/?s={search_term_string}\"},\"query-input\":{\"@type\":\"PropertyValueSpecification\",\"valueRequired\":true,\"valueName\":\"search_term_string\"}}],\"inLanguage\":\"es\"},{\"@type\":\"Organization\",\"@id\":\"https:\/\/tourtravelandmore.com\/es\/#organization\",\"name\":\"Tour Travel And More\",\"url\":\"https:\/\/tourtravelandmore.com\/es\/\",\"logo\":{\"@type\":\"ImageObject\",\"inLanguage\":\"es\",\"@id\":\"https:\/\/tourtravelandmore.com\/es\/#\/schema\/logo\/image\/\",\"url\":\"https:\/\/tourtravelandmore.com\/wp-content\/uploads\/2022\/12\/cropped-logo-cabecera-new.png\",\"contentUrl\":\"https:\/\/tourtravelandmore.com\/wp-content\/uploads\/2022\/12\/cropped-logo-cabecera-new.png\",\"width\":430,\"height\":61,\"caption\":\"Tour Travel And More\"},\"image\":{\"@id\":\"https:\/\/tourtravelandmore.com\/es\/#\/schema\/logo\/image\/\"},\"sameAs\":[\"https:\/\/www.facebook.com\/tourtravelandmore\/\",\"https:\/\/x.com\/TourTravel_More\"]}]}<\/script>\n<!-- \/ Yoast SEO Premium plugin. -->","yoast_head_json":{"title":"\u27a1\ufe0f Tour Murcia desde Cartagena | Tour Travel & More","description":"Disfruta de este tour Murcia desde Cartagena, y conoce una de las ciudades m\u00e1s importantes de la regi\u00f3n, junto a su gu\u00eda oficial y vehiculo privado \u2705","robots":{"index":"index","follow":"follow","max-snippet":"max-snippet:-1","max-image-preview":"max-image-preview:large","max-video-preview":"max-video-preview:-1"},"canonical":"https:\/\/tourtravelandmore.com\/es\/tours\/espana-es\/cartagena-es\/cartagena-actividades-es\/tour-murcia-desde-cartagena-tour-privado-con-guia-y-vehiculo\/","og_locale":"es_ES","og_type":"article","og_title":"Tour privado a Murcia desde Cartagena","og_description":"Disfruta de este tour Murcia desde Cartagena, y conoce una de las ciudades m\u00e1s importantes de la regi\u00f3n, junto a su gu\u00eda oficial y vehiculo privado \u2705","og_url":"https:\/\/tourtravelandmore.com\/es\/tours\/espana-es\/cartagena-es\/cartagena-actividades-es\/tour-murcia-desde-cartagena-tour-privado-con-guia-y-vehiculo\/","og_site_name":"Tour Travel And More","article_publisher":"https:\/\/www.facebook.com\/tourtravelandmore\/","article_modified_time":"2022-11-14T22:21:07+00:00","og_image":[{"width":1024,"height":767,"url":"https:\/\/tourtravelandmore.com\/wp-content\/uploads\/2020\/02\/Ayuntamiento_Murcia-1024x767.jpg","type":"image\/jpeg"}],"twitter_card":"summary_large_image","twitter_site":"@TourTravel_More","twitter_misc":{"Tiempo de lectura":"2 minutos"},"schema":{"@context":"https:\/\/schema.org","@graph":[{"@type":"WebPage","@id":"https:\/\/tourtravelandmore.com\/es\/tours\/espana-es\/cartagena-es\/cartagena-actividades-es\/tour-murcia-desde-cartagena-tour-privado-con-guia-y-vehiculo\/","url":"https:\/\/tourtravelandmore.com\/es\/tours\/espana-es\/cartagena-es\/cartagena-actividades-es\/tour-murcia-desde-cartagena-tour-privado-con-guia-y-vehiculo\/","name":"\u27a1\ufe0f Tour Murcia desde Cartagena | Tour Travel & More","isPartOf":{"@id":"https:\/\/tourtravelandmore.com\/es\/#website"},"primaryImageOfPage":{"@id":"https:\/\/tourtravelandmore.com\/es\/tours\/espana-es\/cartagena-es\/cartagena-actividades-es\/tour-murcia-desde-cartagena-tour-privado-con-guia-y-vehiculo\/#primaryimage"},"image":{"@id":"https:\/\/tourtravelandmore.com\/es\/tours\/espana-es\/cartagena-es\/cartagena-actividades-es\/tour-murcia-desde-cartagena-tour-privado-con-guia-y-vehiculo\/#primaryimage"},"thumbnailUrl":"https:\/\/tourtravelandmore.com\/wp-content\/uploads\/2020\/02\/Ayuntamiento_Murcia.jpg","datePublished":"2020-02-06T10:44:17+00:00","dateModified":"2022-11-14T22:21:07+00:00","description":"Disfruta de este tour Murcia desde Cartagena, y conoce una de las ciudades m\u00e1s importantes de la regi\u00f3n, junto a su gu\u00eda oficial y vehiculo privado \u2705","breadcrumb":{"@id":"https:\/\/tourtravelandmore.com\/es\/tours\/espana-es\/cartagena-es\/cartagena-actividades-es\/tour-murcia-desde-cartagena-tour-privado-con-guia-y-vehiculo\/#breadcrumb"},"inLanguage":"es","potentialAction":[{"@type":"ReadAction","target":["https:\/\/tourtravelandmore.com\/es\/tours\/espana-es\/cartagena-es\/cartagena-actividades-es\/tour-murcia-desde-cartagena-tour-privado-con-guia-y-vehiculo\/"]}]},{"@type":"ImageObject","inLanguage":"es","@id":"https:\/\/tourtravelandmore.com\/es\/tours\/espana-es\/cartagena-es\/cartagena-actividades-es\/tour-murcia-desde-cartagena-tour-privado-con-guia-y-vehiculo\/#primaryimage","url":"https:\/\/tourtravelandmore.com\/wp-content\/uploads\/2020\/02\/Ayuntamiento_Murcia.jpg","contentUrl":"https:\/\/tourtravelandmore.com\/wp-content\/uploads\/2020\/02\/Ayuntamiento_Murcia.jpg","width":2560,"height":1918},{"@type":"BreadcrumbList","@id":"https:\/\/tourtravelandmore.com\/es\/tours\/espana-es\/cartagena-es\/cartagena-actividades-es\/tour-murcia-desde-cartagena-tour-privado-con-guia-y-vehiculo\/#breadcrumb","itemListElement":[{"@type":"ListItem","position":1,"name":"Home","item":"https:\/\/tourtravelandmore.com\/es\/"},{"@type":"ListItem","position":2,"name":"Tours","item":"https:\/\/tourtravelandmore.com\/es\/tours\/"},{"@type":"ListItem","position":3,"name":"Tour privado a Murcia desde Cartagena"}]},{"@type":"WebSite","@id":"https:\/\/tourtravelandmore.com\/es\/#website","url":"https:\/\/tourtravelandmore.com\/es\/","name":"Tour Travel And More","description":"Private sightseeing tours and luxury transfers in Spain","publisher":{"@id":"https:\/\/tourtravelandmore.com\/es\/#organization"},"potentialAction":[{"@type":"SearchAction","target":{"@type":"EntryPoint","urlTemplate":"https:\/\/tourtravelandmore.com\/es\/?s={search_term_string}"},"query-input":{"@type":"PropertyValueSpecification","valueRequired":true,"valueName":"search_term_string"}}],"inLanguage":"es"},{"@type":"Organization","@id":"https:\/\/tourtravelandmore.com\/es\/#organization","name":"Tour Travel And More","url":"https:\/\/tourtravelandmore.com\/es\/","logo":{"@type":"ImageObject","inLanguage":"es","@id":"https:\/\/tourtravelandmore.com\/es\/#\/schema\/logo\/image\/","url":"https:\/\/tourtravelandmore.com\/wp-content\/uploads\/2022\/12\/cropped-logo-cabecera-new.png","contentUrl":"https:\/\/tourtravelandmore.com\/wp-content\/uploads\/2022\/12\/cropped-logo-cabecera-new.png","width":430,"height":61,"caption":"Tour Travel And More"},"image":{"@id":"https:\/\/tourtravelandmore.com\/es\/#\/schema\/logo\/image\/"},"sameAs":["https:\/\/www.facebook.com\/tourtravelandmore\/","https:\/\/x.com\/TourTravel_More"]}]}},"_links":{"self":[{"href":"https:\/\/tourtravelandmore.com\/es\/wp-json\/wp\/v2\/product\/76268","targetHints":{"allow":["GET"]}}],"collection":[{"href":"https:\/\/tourtravelandmore.com\/es\/wp-json\/wp\/v2\/product"}],"about":[{"href":"https:\/\/tourtravelandmore.com\/es\/wp-json\/wp\/v2\/types\/product"}],"replies":[{"embeddable":true,"href":"https:\/\/tourtravelandmore.com\/es\/wp-json\/wp\/v2\/comments?post=76268"}],"wp:featuredmedia":[{"embeddable":true,"href":"https:\/\/tourtravelandmore.com\/es\/wp-json\/wp\/v2\/media\/76281"}],"wp:attachment":[{"href":"https:\/\/tourtravelandmore.com\/es\/wp-json\/wp\/v2\/media?parent=76268"}],"wp:term":[{"taxonomy":"product_brand","embeddable":true,"href":"https:\/\/tourtravelandmore.com\/es\/wp-json\/wp\/v2\/product_brand?post=76268"},{"taxonomy":"product_cat","embeddable":true,"href":"https:\/\/tourtravelandmore.com\/es\/wp-json\/wp\/v2\/product_cat?post=76268"},{"taxonomy":"product_tag","embeddable":true,"href":"https:\/\/tourtravelandmore.com\/es\/wp-json\/wp\/v2\/product_tag?post=76268"}],"curies":[{"name":"wp","href":"https:\/\/api.w.org\/{rel}","templated":true}]}}