{"id":762,"date":"2016-03-13T20:57:36","date_gmt":"2016-04-13T18:07:29","guid":{"rendered":"http:\/\/tourtravelandmore.com\/?post_type=product&#038;p=762&#038;lang=es"},"modified":"2025-06-11T10:35:06","modified_gmt":"2025-06-11T08:35:06","slug":"transfer-privado-sevilla-a-cualquier-ciudad-de-andalucia","status":"publish","type":"product","link":"https:\/\/tourtravelandmore.com\/es\/tours\/espana-es\/sevilla-es\/transfer-privado-sevilla-a-cualquier-ciudad-de-andalucia\/","title":{"rendered":"Transfer Privado desde\/hasta Sevilla a cualquier ciudad de Andaluc\u00eda"},"content":{"rendered":"<h2><strong>Descripci\u00f3n del Transfer Privado desde\/hasta Sevilla a cualquier ciudad de Andaluc\u00eda<\/strong><\/h2>\n<p>Reserva un transfer privado Sevilla para llegar de forma r\u00e1pida, segura y sin colas a su destino.<\/p>\n<p>Todos nuestros traslados son privados, pueden escoger lugar y hora de comienzo.<\/p>\n<p>Operamos en toda Andalucia con una gran flota de coches formada por: Skoda, Merceder Viano, Mercedes Vito, Mercedes E, Mini Bus y Bus.<\/p>\n<p>Podemos recogerle o llevarle a cualquier ciudad en Andalucia: Sevilla, C\u00e1diz, M\u00e1laga, Marbella, C\u00f3rdoba, Granada.<\/p>\n<p>Para contactar con nosotros, puede realizarlo a trav\u00e9s del formulario de contacto y nuestro equipo r\u00e1pidamente contactar\u00e1 para enviarle la informaci\u00f3n de forma detallada. No dude en contactar con nosotros.<\/p>\n<p>No solo organizamos Transfer privado Sevilla, sino tambi\u00e9n tours, eventos y congresos. Para los tours disponemos de gu\u00edas oficiales para que viva una experiencia \u00fanica y conozca la Historia, rincones y las leyendas de la ciudad.<\/p>\n<h3><b>Puntos de inter\u00e9s en el Traslado Privado desde\/hasta Sevilla a cualquier ciudad de Andaluc\u00eda<\/b><\/h3>\n<p class=\"p3\"><span class=\"s2\"><b>Sevilla<\/b><\/span> es la ciudad m\u00e1s grande de <span class=\"s2\"><b>Andaluc\u00eda<\/b><\/span> y cuenta con una <span class=\"s2\"><b>historia fascinante<\/b><\/span>. Con m\u00e1s de <span class=\"s2\"><b>690.000 habitantes<\/b><\/span>, posee uno de los <span class=\"s2\"><b>cascos antiguos m\u00e1s extensos de Espa\u00f1a<\/b><\/span> y est\u00e1 muy bien conectada en tren con grandes ciudades como <span class=\"s2\"><b>Madrid<\/b><\/span> y <span class=\"s2\"><b>Barcelona<\/b><\/span>. Entre sus lugares m\u00e1s emblem\u00e1ticos destacan la <span class=\"s2\"><b>Plaza de Espa\u00f1a<\/b><\/span>, la <span class=\"s2\"><b>Catedral<\/b><\/span> y la <span class=\"s2\"><b>Giralda<\/b><\/span>, aut\u00e9nticos iconos del patrimonio andaluz.<\/p>\n<p class=\"p3\">Si quieres disfrutar de todos estos rincones con la m\u00e1xima <span class=\"s2\"><b>comodidad<\/b><\/span> y una atenci\u00f3n completamente <span class=\"s2\"><b>personalizada<\/b><\/span>, te recomendamos este <a href=\"https:\/\/tourtravelandmore.com\/es\/ciudad\/espana-es\/sevilla-es\/\">exclusivo tour privado en Sevilla<\/a>, perfecto para <span class=\"s2\"><b>familias<\/b><\/span>, <span class=\"s2\"><b>grupos de amigos<\/b><\/span> o <span class=\"s2\"><b>viajes de empresa<\/b><\/span>. Nos adaptamos a las preferencias de cada viajero para que la experiencia sea realmente inolvidable.<\/p>\n<p class=\"p4\"><span class=\"s3\">Contamos con una <\/span><b>flota de veh\u00edculos de lujo<\/b><span class=\"s3\"> y <\/span><b>gu\u00edas oficiales<\/b><span class=\"s3\"> con profundo conocimiento de la ciudad. Adem\u00e1s, nuestros conductores y gu\u00edas \u2014tambi\u00e9n en Granada\u2014 son <\/span><b>multiling\u00fces<\/b><span class=\"s3\">, y pueden atenderte en <\/span><b>ingl\u00e9s, espa\u00f1ol, franc\u00e9s, italiano, polaco, holand\u00e9s, chino, ruso, japon\u00e9s, alem\u00e1n, griego y portugu\u00e9s<\/b><span class=\"s3\">.<\/span><\/p>\n","protected":false},"excerpt":{"rendered":"<p>Llega r\u00e1pidamente a su destino y evita colas, gracias a nuestros Traslados. Podemos recogerle o llevarle a cualquier ciudad de Andaluc\u00eda, Estaci\u00f3n de Tren, Aeropuerto o Terminal de cruceros. Viaja de forma c\u00f3moda y segura!!<\/p>\n","protected":false},"featured_media":16054,"comment_status":"open","ping_status":"closed","template":"","meta":{"_acf_changed":false},"product_brand":[],"product_cat":[105,109],"product_tag":[],"class_list":{"0":"post-762","1":"product","2":"type-product","3":"status-publish","4":"has-post-thumbnail","6":"product_cat-sevilla-es","7":"product_cat-sevilla-traslados-es","9":"first","10":"instock","11":"shipping-taxable","12":"purchasable","13":"product-type-simple"},"acf":[],"yoast_head":"<!-- This site is optimized with the Yoast SEO Premium plugin v25.3.1 (Yoast SEO v25.3.1) - https:\/\/yoast.com\/wordpress\/plugins\/seo\/ -->\n<title>\u27a1\ufe0f Transfer Privado Sevilla a cualquier ciudad de Andaluc\u00eda | Tour Travel &amp; More<\/title>\n<meta name=\"description\" content=\"Reserva un Transfer privado Sevilla para llegar a su destino de forma c\u00f3moda, r\u00e1pida y segura. Evite esperas y colas y llega r\u00e1pidamente a su destino \u2705\" \/>\n<meta name=\"robots\" content=\"index, follow, max-snippet:-1, max-image-preview:large, max-video-preview:-1\" \/>\n<link rel=\"canonical\" href=\"https:\/\/tourtravelandmore.com\/es\/tours\/espana-es\/sevilla-es\/transfer-privado-sevilla-a-cualquier-ciudad-de-andalucia\/\" \/>\n<meta property=\"og:locale\" content=\"es_ES\" \/>\n<meta property=\"og:type\" content=\"article\" \/>\n<meta property=\"og:title\" content=\"Transfer Privado desde\/hasta Sevilla a cualquier ciudad de Andaluc\u00eda\" \/>\n<meta property=\"og:description\" content=\"Reserva un Transfer privado Sevilla para llegar a su destino de forma c\u00f3moda, r\u00e1pida y segura. Evite esperas y colas y llega r\u00e1pidamente a su destino \u2705\" \/>\n<meta property=\"og:url\" content=\"https:\/\/tourtravelandmore.com\/es\/tours\/espana-es\/sevilla-es\/transfer-privado-sevilla-a-cualquier-ciudad-de-andalucia\/\" \/>\n<meta property=\"og:site_name\" content=\"Tour Travel And More\" \/>\n<meta property=\"article:publisher\" content=\"https:\/\/www.facebook.com\/tourtravelandmore\/\" \/>\n<meta property=\"article:modified_time\" content=\"2025-06-11T08:35:06+00:00\" \/>\n<meta property=\"og:image\" content=\"https:\/\/tourtravelandmore.com\/wp-content\/uploads\/2016\/03\/cars4.jpg\" \/>\n\t<meta property=\"og:image:width\" content=\"400\" \/>\n\t<meta property=\"og:image:height\" content=\"255\" \/>\n\t<meta property=\"og:image:type\" content=\"image\/jpeg\" \/>\n<meta name=\"twitter:card\" content=\"summary_large_image\" \/>\n<meta name=\"twitter:site\" content=\"@TourTravel_More\" \/>\n<meta name=\"twitter:label1\" content=\"Tiempo de lectura\" \/>\n\t<meta name=\"twitter:data1\" content=\"2 minutos\" \/>\n<script type=\"application\/ld+json\" class=\"yoast-schema-graph\">{\"@context\":\"https:\/\/schema.org\",\"@graph\":[{\"@type\":\"WebPage\",\"@id\":\"https:\/\/tourtravelandmore.com\/es\/tours\/espana-es\/sevilla-es\/transfer-privado-sevilla-a-cualquier-ciudad-de-andalucia\/\",\"url\":\"https:\/\/tourtravelandmore.com\/es\/tours\/espana-es\/sevilla-es\/transfer-privado-sevilla-a-cualquier-ciudad-de-andalucia\/\",\"name\":\"\u27a1\ufe0f Transfer Privado Sevilla a cualquier ciudad de Andaluc\u00eda | Tour Travel & More\",\"isPartOf\":{\"@id\":\"https:\/\/tourtravelandmore.com\/es\/#website\"},\"primaryImageOfPage\":{\"@id\":\"https:\/\/tourtravelandmore.com\/es\/tours\/espana-es\/sevilla-es\/transfer-privado-sevilla-a-cualquier-ciudad-de-andalucia\/#primaryimage\"},\"image\":{\"@id\":\"https:\/\/tourtravelandmore.com\/es\/tours\/espana-es\/sevilla-es\/transfer-privado-sevilla-a-cualquier-ciudad-de-andalucia\/#primaryimage\"},\"thumbnailUrl\":\"https:\/\/tourtravelandmore.com\/wp-content\/uploads\/2016\/03\/cars4.jpg\",\"datePublished\":\"2016-04-13T18:07:29+00:00\",\"dateModified\":\"2025-06-11T08:35:06+00:00\",\"description\":\"Reserva un Transfer privado Sevilla para llegar a su destino de forma c\u00f3moda, r\u00e1pida y segura. Evite esperas y colas y llega r\u00e1pidamente a su destino \u2705\",\"breadcrumb\":{\"@id\":\"https:\/\/tourtravelandmore.com\/es\/tours\/espana-es\/sevilla-es\/transfer-privado-sevilla-a-cualquier-ciudad-de-andalucia\/#breadcrumb\"},\"inLanguage\":\"es\",\"potentialAction\":[{\"@type\":\"ReadAction\",\"target\":[\"https:\/\/tourtravelandmore.com\/es\/tours\/espana-es\/sevilla-es\/transfer-privado-sevilla-a-cualquier-ciudad-de-andalucia\/\"]}]},{\"@type\":\"ImageObject\",\"inLanguage\":\"es\",\"@id\":\"https:\/\/tourtravelandmore.com\/es\/tours\/espana-es\/sevilla-es\/transfer-privado-sevilla-a-cualquier-ciudad-de-andalucia\/#primaryimage\",\"url\":\"https:\/\/tourtravelandmore.com\/wp-content\/uploads\/2016\/03\/cars4.jpg\",\"contentUrl\":\"https:\/\/tourtravelandmore.com\/wp-content\/uploads\/2016\/03\/cars4.jpg\",\"width\":400,\"height\":255},{\"@type\":\"BreadcrumbList\",\"@id\":\"https:\/\/tourtravelandmore.com\/es\/tours\/espana-es\/sevilla-es\/transfer-privado-sevilla-a-cualquier-ciudad-de-andalucia\/#breadcrumb\",\"itemListElement\":[{\"@type\":\"ListItem\",\"position\":1,\"name\":\"Home\",\"item\":\"https:\/\/tourtravelandmore.com\/es\/\"},{\"@type\":\"ListItem\",\"position\":2,\"name\":\"Tours\",\"item\":\"https:\/\/tourtravelandmore.com\/es\/tours\/\"},{\"@type\":\"ListItem\",\"position\":3,\"name\":\"Transfer Privado desde\/hasta Sevilla a cualquier ciudad de Andaluc\u00eda\"}]},{\"@type\":\"WebSite\",\"@id\":\"https:\/\/tourtravelandmore.com\/es\/#website\",\"url\":\"https:\/\/tourtravelandmore.com\/es\/\",\"name\":\"Tour Travel And More\",\"description\":\"Private sightseeing tours and luxury transfers in Spain\",\"publisher\":{\"@id\":\"https:\/\/tourtravelandmore.com\/es\/#organization\"},\"potentialAction\":[{\"@type\":\"SearchAction\",\"target\":{\"@type\":\"EntryPoint\",\"urlTemplate\":\"https:\/\/tourtravelandmore.com\/es\/?s={search_term_string}\"},\"query-input\":{\"@type\":\"PropertyValueSpecification\",\"valueRequired\":true,\"valueName\":\"search_term_string\"}}],\"inLanguage\":\"es\"},{\"@type\":\"Organization\",\"@id\":\"https:\/\/tourtravelandmore.com\/es\/#organization\",\"name\":\"Tour Travel And More\",\"url\":\"https:\/\/tourtravelandmore.com\/es\/\",\"logo\":{\"@type\":\"ImageObject\",\"inLanguage\":\"es\",\"@id\":\"https:\/\/tourtravelandmore.com\/es\/#\/schema\/logo\/image\/\",\"url\":\"https:\/\/tourtravelandmore.com\/wp-content\/uploads\/2022\/12\/cropped-logo-cabecera-new.png\",\"contentUrl\":\"https:\/\/tourtravelandmore.com\/wp-content\/uploads\/2022\/12\/cropped-logo-cabecera-new.png\",\"width\":430,\"height\":61,\"caption\":\"Tour Travel And More\"},\"image\":{\"@id\":\"https:\/\/tourtravelandmore.com\/es\/#\/schema\/logo\/image\/\"},\"sameAs\":[\"https:\/\/www.facebook.com\/tourtravelandmore\/\",\"https:\/\/x.com\/TourTravel_More\"]}]}<\/script>\n<!-- \/ Yoast SEO Premium plugin. -->","yoast_head_json":{"title":"\u27a1\ufe0f Transfer Privado Sevilla a cualquier ciudad de Andaluc\u00eda | Tour Travel & More","description":"Reserva un Transfer privado Sevilla para llegar a su destino de forma c\u00f3moda, r\u00e1pida y segura. Evite esperas y colas y llega r\u00e1pidamente a su destino \u2705","robots":{"index":"index","follow":"follow","max-snippet":"max-snippet:-1","max-image-preview":"max-image-preview:large","max-video-preview":"max-video-preview:-1"},"canonical":"https:\/\/tourtravelandmore.com\/es\/tours\/espana-es\/sevilla-es\/transfer-privado-sevilla-a-cualquier-ciudad-de-andalucia\/","og_locale":"es_ES","og_type":"article","og_title":"Transfer Privado desde\/hasta Sevilla a cualquier ciudad de Andaluc\u00eda","og_description":"Reserva un Transfer privado Sevilla para llegar a su destino de forma c\u00f3moda, r\u00e1pida y segura. Evite esperas y colas y llega r\u00e1pidamente a su destino \u2705","og_url":"https:\/\/tourtravelandmore.com\/es\/tours\/espana-es\/sevilla-es\/transfer-privado-sevilla-a-cualquier-ciudad-de-andalucia\/","og_site_name":"Tour Travel And More","article_publisher":"https:\/\/www.facebook.com\/tourtravelandmore\/","article_modified_time":"2025-06-11T08:35:06+00:00","og_image":[{"width":400,"height":255,"url":"https:\/\/tourtravelandmore.com\/wp-content\/uploads\/2016\/03\/cars4.jpg","type":"image\/jpeg"}],"twitter_card":"summary_large_image","twitter_site":"@TourTravel_More","twitter_misc":{"Tiempo de lectura":"2 minutos"},"schema":{"@context":"https:\/\/schema.org","@graph":[{"@type":"WebPage","@id":"https:\/\/tourtravelandmore.com\/es\/tours\/espana-es\/sevilla-es\/transfer-privado-sevilla-a-cualquier-ciudad-de-andalucia\/","url":"https:\/\/tourtravelandmore.com\/es\/tours\/espana-es\/sevilla-es\/transfer-privado-sevilla-a-cualquier-ciudad-de-andalucia\/","name":"\u27a1\ufe0f Transfer Privado Sevilla a cualquier ciudad de Andaluc\u00eda | Tour Travel & More","isPartOf":{"@id":"https:\/\/tourtravelandmore.com\/es\/#website"},"primaryImageOfPage":{"@id":"https:\/\/tourtravelandmore.com\/es\/tours\/espana-es\/sevilla-es\/transfer-privado-sevilla-a-cualquier-ciudad-de-andalucia\/#primaryimage"},"image":{"@id":"https:\/\/tourtravelandmore.com\/es\/tours\/espana-es\/sevilla-es\/transfer-privado-sevilla-a-cualquier-ciudad-de-andalucia\/#primaryimage"},"thumbnailUrl":"https:\/\/tourtravelandmore.com\/wp-content\/uploads\/2016\/03\/cars4.jpg","datePublished":"2016-04-13T18:07:29+00:00","dateModified":"2025-06-11T08:35:06+00:00","description":"Reserva un Transfer privado Sevilla para llegar a su destino de forma c\u00f3moda, r\u00e1pida y segura. Evite esperas y colas y llega r\u00e1pidamente a su destino \u2705","breadcrumb":{"@id":"https:\/\/tourtravelandmore.com\/es\/tours\/espana-es\/sevilla-es\/transfer-privado-sevilla-a-cualquier-ciudad-de-andalucia\/#breadcrumb"},"inLanguage":"es","potentialAction":[{"@type":"ReadAction","target":["https:\/\/tourtravelandmore.com\/es\/tours\/espana-es\/sevilla-es\/transfer-privado-sevilla-a-cualquier-ciudad-de-andalucia\/"]}]},{"@type":"ImageObject","inLanguage":"es","@id":"https:\/\/tourtravelandmore.com\/es\/tours\/espana-es\/sevilla-es\/transfer-privado-sevilla-a-cualquier-ciudad-de-andalucia\/#primaryimage","url":"https:\/\/tourtravelandmore.com\/wp-content\/uploads\/2016\/03\/cars4.jpg","contentUrl":"https:\/\/tourtravelandmore.com\/wp-content\/uploads\/2016\/03\/cars4.jpg","width":400,"height":255},{"@type":"BreadcrumbList","@id":"https:\/\/tourtravelandmore.com\/es\/tours\/espana-es\/sevilla-es\/transfer-privado-sevilla-a-cualquier-ciudad-de-andalucia\/#breadcrumb","itemListElement":[{"@type":"ListItem","position":1,"name":"Home","item":"https:\/\/tourtravelandmore.com\/es\/"},{"@type":"ListItem","position":2,"name":"Tours","item":"https:\/\/tourtravelandmore.com\/es\/tours\/"},{"@type":"ListItem","position":3,"name":"Transfer Privado desde\/hasta Sevilla a cualquier ciudad de Andaluc\u00eda"}]},{"@type":"WebSite","@id":"https:\/\/tourtravelandmore.com\/es\/#website","url":"https:\/\/tourtravelandmore.com\/es\/","name":"Tour Travel And More","description":"Private sightseeing tours and luxury transfers in Spain","publisher":{"@id":"https:\/\/tourtravelandmore.com\/es\/#organization"},"potentialAction":[{"@type":"SearchAction","target":{"@type":"EntryPoint","urlTemplate":"https:\/\/tourtravelandmore.com\/es\/?s={search_term_string}"},"query-input":{"@type":"PropertyValueSpecification","valueRequired":true,"valueName":"search_term_string"}}],"inLanguage":"es"},{"@type":"Organization","@id":"https:\/\/tourtravelandmore.com\/es\/#organization","name":"Tour Travel And More","url":"https:\/\/tourtravelandmore.com\/es\/","logo":{"@type":"ImageObject","inLanguage":"es","@id":"https:\/\/tourtravelandmore.com\/es\/#\/schema\/logo\/image\/","url":"https:\/\/tourtravelandmore.com\/wp-content\/uploads\/2022\/12\/cropped-logo-cabecera-new.png","contentUrl":"https:\/\/tourtravelandmore.com\/wp-content\/uploads\/2022\/12\/cropped-logo-cabecera-new.png","width":430,"height":61,"caption":"Tour Travel And More"},"image":{"@id":"https:\/\/tourtravelandmore.com\/es\/#\/schema\/logo\/image\/"},"sameAs":["https:\/\/www.facebook.com\/tourtravelandmore\/","https:\/\/x.com\/TourTravel_More"]}]}},"_links":{"self":[{"href":"https:\/\/tourtravelandmore.com\/es\/wp-json\/wp\/v2\/product\/762","targetHints":{"allow":["GET"]}}],"collection":[{"href":"https:\/\/tourtravelandmore.com\/es\/wp-json\/wp\/v2\/product"}],"about":[{"href":"https:\/\/tourtravelandmore.com\/es\/wp-json\/wp\/v2\/types\/product"}],"replies":[{"embeddable":true,"href":"https:\/\/tourtravelandmore.com\/es\/wp-json\/wp\/v2\/comments?post=762"}],"wp:featuredmedia":[{"embeddable":true,"href":"https:\/\/tourtravelandmore.com\/es\/wp-json\/wp\/v2\/media\/16054"}],"wp:attachment":[{"href":"https:\/\/tourtravelandmore.com\/es\/wp-json\/wp\/v2\/media?parent=762"}],"wp:term":[{"taxonomy":"product_brand","embeddable":true,"href":"https:\/\/tourtravelandmore.com\/es\/wp-json\/wp\/v2\/product_brand?post=762"},{"taxonomy":"product_cat","embeddable":true,"href":"https:\/\/tourtravelandmore.com\/es\/wp-json\/wp\/v2\/product_cat?post=762"},{"taxonomy":"product_tag","embeddable":true,"href":"https:\/\/tourtravelandmore.com\/es\/wp-json\/wp\/v2\/product_tag?post=762"}],"curies":[{"name":"wp","href":"https:\/\/api.w.org\/{rel}","templated":true}]}}