{"id":75984,"date":"2020-02-03T11:41:38","date_gmt":"2020-02-03T10:41:39","guid":{"rendered":"https:\/\/tourtravelandmore.com\/?post_type=product&#038;p=75984"},"modified":"2024-07-29T21:19:32","modified_gmt":"2024-07-29T19:19:32","slug":"tour-privado-de-dia-completo-en-boston-desde-nueva-york","status":"publish","type":"product","link":"https:\/\/tourtravelandmore.com\/es\/tours\/eeuu-es\/nueva-york-es\/nueva-york-rutas-turisticas-privadas-es\/tour-privado-de-dia-completo-en-boston-desde-nueva-york\/","title":{"rendered":"Tour Privado a Boston desde Nueva York"},"content":{"rendered":"<h2><b><strong>Descripci\u00f3n del tour privado<\/strong><\/b><\/h2>\n<p>Boston es una ciudad muy conocida por su arte, historia y cultura. Disfrute al m\u00e1ximo de sus d\u00edas en la Gran Manzana y acomp\u00e1\u00f1enos en esta excursi\u00f3n privada <b><strong>a Boston desde Nueva<\/strong><\/b> York. Prep\u00e1rese para explorar los lugares m\u00e1s emblem\u00e1ticos de Boston junto a un <b><strong>gu\u00eda tur\u00edstico local oficial<\/strong><\/b> privado. Tambi\u00e9n le acompa\u00f1ar\u00e1 un <b><strong>conductor privado en un veh\u00edculo de lujo<\/strong><\/b>.<\/p>\n<p>Le recogeremos en su hotel o en el lugar que elija de Nueva York <b>.<\/b> Podr\u00e1 visitar el Sendero de la Libertad, Faneuil Hall y muchos m\u00e1s lugares fant\u00e1sticos de la cuna del primer sistema de metro de Estados Unidos.<\/p>\n<p><b><strong>Boston<\/strong><\/b> es la capital de Massachusetts y su ciudad m\u00e1s grande. Est\u00e1 considerada como el centro econ\u00f3mico y cultural de la regi\u00f3n.<\/p>\n<p>Su gu\u00eda oficial privado es un profesional con grandes conocimientos sobre la ciudad, su historia y su cultura. Disfrute de lo mejor de esta excursi\u00f3n privada a Boston desde Nueva York con un experto local.<\/p>\n<p>Tenemos m\u00faltiples opciones de excursiones privadas de d\u00eda completo desde Nueva York, eche un vistazo a nuestra <a href=\"\u00abhttps:\/\/tourtravelandmore.com\/?p=76699\u00bb\/\">excursi\u00f3n privada a Fire Island<\/a>.<\/p>\n<h2><b><strong>Puntos de inter\u00e9s y lugares emblem\u00e1ticos de Boston<\/strong><\/b><\/h2>\n<p>Esta excursi\u00f3n privada comenzar\u00e1 en su hotel o lugar de elecci\u00f3n en Nueva York, despu\u00e9s de que su conductor privado le haya recogido. Una vez en <b><strong>Boston<\/strong><\/b> se reunir\u00e1 con un gu\u00eda local para realizar una visita guiada de 3 horas.<\/p>\n<p>Siga las 2,5 millas del Sendero de la Libertad, hecho de ladrillo, atraviese la ciudad y conozca los monumentos m\u00e1s importantes de Boston. Proclamado como \u00abLa Cuna de la Libertad\u00bb, <b><strong>el Mercado de Faneuil Hall<\/strong><\/b> es una parada obligada en este viaje, disfrutar\u00e1 tanto de las tiendas locales como de las reconocidas a nivel nacional. Fundado en 1634, <b><strong>The Boston Common<\/strong><\/b> es el parque m\u00e1s antiguo de Estados Unidos, sienta la brisa de la libertad en su paseo por sus 20 hect\u00e1reas llenas de historia y naturaleza. Camine por los muelles bordeados de pasarelas de <b><strong>The Waterfront<\/strong><\/b> que conducen <b><strong>al <\/strong>puerto<\/b> de Boston, d\u00e9jese deslumbrar por las maravillosas vistas que ofrece este puerto hist\u00f3rico.<\/p>\n<p>Tambi\u00e9n le proponemos visitar los siguientes lugares<\/p>\n<ul>\n<li><b><strong>Mercado de Quincy<\/strong><\/b><\/li>\n<li><b><strong>Boston Common<\/strong><\/b><\/li>\n<li><b><strong>Monumento a George Washington<\/strong><\/b><\/li>\n<li><b><strong>Statehouse y Beacon Hill<\/strong><\/b><\/li>\n<li><b><strong>Antigua Casa del Estado<\/strong><\/b><\/li>\n<li><a href=\"\u00abhttps:\/\/www.nehm.org\/\u00bb\">Monumento al Holocausto<\/a><\/li>\n<li><b><strong>Casa Paul Revere<\/strong><\/b><\/li>\n<li><b><strong>El extremo norte<\/strong><\/b><\/li>\n<li><b><strong>Antigua Iglesia del Norte<\/strong><\/b><\/li>\n<li><b><strong>Cementerio de Copp&#8217;s Hill<\/strong><\/b><\/li>\n<li><b><strong>Calle Hanover<\/strong><\/b><\/li>\n<\/ul>\n<p>Tambi\u00e9n har\u00e1 una parada para almorzar y degustar un plato t\u00edpico de la zona. Su gu\u00eda oficial le podr\u00e1 recomendar un lugar muy agradable donde recargar energ\u00edas y continuar con la experiencia.<\/p>\n<p>Por \u00faltimo, al final de la excursi\u00f3n, su ch\u00f3fer privado le llevar\u00e1 de vuelta a NY. Si lo prefiere, podemos incluir entradas a cualquier monumento del museo que desee visitar.<\/p>\n","protected":false},"excerpt":{"rendered":"<p>Disfrute una excursi\u00f3n personalizada a la ciudad que resguarda la historia de USA: <strong>Boston<\/strong>. Aproveche la oportunidad de visitar el hist\u00f3rico <strong>Boston Common<\/strong>, el <strong>Freedom Trail<\/strong>, el <strong>Mercado Faneuil Hall<\/strong> y muchos m\u00e1s sitios de inter\u00e9s en esta grandiosa ciudad.<\/p>\n","protected":false},"featured_media":76142,"comment_status":"open","ping_status":"closed","template":"","meta":{"_acf_changed":false},"product_brand":[],"product_cat":[1602,2015,2018,2017],"product_tag":[],"class_list":{"0":"post-75984","1":"product","2":"type-product","3":"status-publish","4":"has-post-thumbnail","6":"product_cat-eeuu-es","7":"product_cat-nueva-york-es","8":"product_cat-nueva-york-actividades-es","9":"product_cat-nueva-york-rutas-turisticas-privadas-es","11":"first","12":"instock","13":"shipping-taxable","14":"purchasable","15":"product-type-simple"},"acf":[],"yoast_head":"<!-- This site is optimized with the Yoast SEO Premium plugin v25.3.1 (Yoast SEO v25.3.1) - https:\/\/yoast.com\/wordpress\/plugins\/seo\/ -->\n<title>Tour Privado a Boston desde Nueva York con gu\u00eda oficial local<\/title>\n<meta name=\"description\" content=\"Acomp\u00e1\u00f1enos en este Tour Privado a Boston desde Nueva York comodamente en un veh\u00edculo privado de lujo con chofer y gu\u00eda oficial local.\" \/>\n<meta name=\"robots\" content=\"index, follow, max-snippet:-1, max-image-preview:large, max-video-preview:-1\" \/>\n<link rel=\"canonical\" href=\"https:\/\/tourtravelandmore.com\/es\/tours\/eeuu-es\/nueva-york-es\/tour-privado-de-dia-completo-en-boston-desde-nueva-york\/\" \/>\n<meta property=\"og:locale\" content=\"es_ES\" \/>\n<meta property=\"og:type\" content=\"article\" \/>\n<meta property=\"og:title\" content=\"Tour Privado a Boston desde Nueva York\" \/>\n<meta property=\"og:description\" content=\"Acomp\u00e1\u00f1enos en este Tour Privado a Boston desde Nueva York comodamente en un veh\u00edculo privado de lujo con chofer y gu\u00eda oficial local.\" \/>\n<meta property=\"og:url\" content=\"https:\/\/tourtravelandmore.com\/es\/tours\/eeuu-es\/nueva-york-es\/tour-privado-de-dia-completo-en-boston-desde-nueva-york\/\" \/>\n<meta property=\"og:site_name\" content=\"Tour Travel And More\" \/>\n<meta property=\"article:publisher\" content=\"https:\/\/www.facebook.com\/tourtravelandmore\/\" \/>\n<meta property=\"article:modified_time\" content=\"2024-07-29T19:19:32+00:00\" \/>\n<meta property=\"og:image\" content=\"https:\/\/tourtravelandmore.com\/wp-content\/uploads\/2020\/02\/n60-1024x652.jpg\" \/>\n\t<meta property=\"og:image:width\" content=\"1024\" \/>\n\t<meta property=\"og:image:height\" content=\"652\" \/>\n\t<meta property=\"og:image:type\" content=\"image\/jpeg\" \/>\n<meta name=\"twitter:card\" content=\"summary_large_image\" \/>\n<meta name=\"twitter:site\" content=\"@TourTravel_More\" \/>\n<meta name=\"twitter:label1\" content=\"Tiempo de lectura\" \/>\n\t<meta name=\"twitter:data1\" content=\"2 minutos\" \/>\n<script type=\"application\/ld+json\" class=\"yoast-schema-graph\">{\"@context\":\"https:\/\/schema.org\",\"@graph\":[{\"@type\":\"WebPage\",\"@id\":\"https:\/\/tourtravelandmore.com\/es\/tours\/eeuu-es\/nueva-york-es\/nueva-york-rutas-turisticas-privadas-es\/tour-privado-de-dia-completo-en-boston-desde-nueva-york\/\",\"url\":\"https:\/\/tourtravelandmore.com\/es\/tours\/eeuu-es\/nueva-york-es\/tour-privado-de-dia-completo-en-boston-desde-nueva-york\/\",\"name\":\"Tour Privado a Boston desde Nueva York con gu\u00eda oficial local\",\"isPartOf\":{\"@id\":\"https:\/\/tourtravelandmore.com\/es\/#website\"},\"primaryImageOfPage\":{\"@id\":\"https:\/\/tourtravelandmore.com\/es\/tours\/eeuu-es\/nueva-york-es\/tour-privado-de-dia-completo-en-boston-desde-nueva-york\/#primaryimage\"},\"image\":{\"@id\":\"https:\/\/tourtravelandmore.com\/es\/tours\/eeuu-es\/nueva-york-es\/tour-privado-de-dia-completo-en-boston-desde-nueva-york\/#primaryimage\"},\"thumbnailUrl\":\"https:\/\/tourtravelandmore.com\/wp-content\/uploads\/2020\/02\/n60.jpg\",\"datePublished\":\"2020-02-03T10:41:39+00:00\",\"dateModified\":\"2024-07-29T19:19:32+00:00\",\"description\":\"Acomp\u00e1\u00f1enos en este Tour Privado a Boston desde Nueva York comodamente en un veh\u00edculo privado de lujo con chofer y gu\u00eda oficial local.\",\"breadcrumb\":{\"@id\":\"https:\/\/tourtravelandmore.com\/es\/tours\/eeuu-es\/nueva-york-es\/tour-privado-de-dia-completo-en-boston-desde-nueva-york\/#breadcrumb\"},\"inLanguage\":\"es\",\"potentialAction\":[{\"@type\":\"ReadAction\",\"target\":[\"https:\/\/tourtravelandmore.com\/es\/tours\/eeuu-es\/nueva-york-es\/tour-privado-de-dia-completo-en-boston-desde-nueva-york\/\"]}]},{\"@type\":\"ImageObject\",\"inLanguage\":\"es\",\"@id\":\"https:\/\/tourtravelandmore.com\/es\/tours\/eeuu-es\/nueva-york-es\/tour-privado-de-dia-completo-en-boston-desde-nueva-york\/#primaryimage\",\"url\":\"https:\/\/tourtravelandmore.com\/wp-content\/uploads\/2020\/02\/n60.jpg\",\"contentUrl\":\"https:\/\/tourtravelandmore.com\/wp-content\/uploads\/2020\/02\/n60.jpg\",\"width\":2560,\"height\":1629},{\"@type\":\"BreadcrumbList\",\"@id\":\"https:\/\/tourtravelandmore.com\/es\/tours\/eeuu-es\/nueva-york-es\/tour-privado-de-dia-completo-en-boston-desde-nueva-york\/#breadcrumb\",\"itemListElement\":[{\"@type\":\"ListItem\",\"position\":1,\"name\":\"Home\",\"item\":\"https:\/\/tourtravelandmore.com\/es\/\"},{\"@type\":\"ListItem\",\"position\":2,\"name\":\"Tours\",\"item\":\"https:\/\/tourtravelandmore.com\/es\/tours\/\"},{\"@type\":\"ListItem\",\"position\":3,\"name\":\"Tour Privado a Boston desde Nueva York\"}]},{\"@type\":\"WebSite\",\"@id\":\"https:\/\/tourtravelandmore.com\/es\/#website\",\"url\":\"https:\/\/tourtravelandmore.com\/es\/\",\"name\":\"Tour Travel And More\",\"description\":\"Private sightseeing tours and luxury transfers in Spain\",\"publisher\":{\"@id\":\"https:\/\/tourtravelandmore.com\/es\/#organization\"},\"potentialAction\":[{\"@type\":\"SearchAction\",\"target\":{\"@type\":\"EntryPoint\",\"urlTemplate\":\"https:\/\/tourtravelandmore.com\/es\/?s={search_term_string}\"},\"query-input\":{\"@type\":\"PropertyValueSpecification\",\"valueRequired\":true,\"valueName\":\"search_term_string\"}}],\"inLanguage\":\"es\"},{\"@type\":\"Organization\",\"@id\":\"https:\/\/tourtravelandmore.com\/es\/#organization\",\"name\":\"Tour Travel And More\",\"url\":\"https:\/\/tourtravelandmore.com\/es\/\",\"logo\":{\"@type\":\"ImageObject\",\"inLanguage\":\"es\",\"@id\":\"https:\/\/tourtravelandmore.com\/es\/#\/schema\/logo\/image\/\",\"url\":\"https:\/\/tourtravelandmore.com\/wp-content\/uploads\/2022\/12\/cropped-logo-cabecera-new.png\",\"contentUrl\":\"https:\/\/tourtravelandmore.com\/wp-content\/uploads\/2022\/12\/cropped-logo-cabecera-new.png\",\"width\":430,\"height\":61,\"caption\":\"Tour Travel And More\"},\"image\":{\"@id\":\"https:\/\/tourtravelandmore.com\/es\/#\/schema\/logo\/image\/\"},\"sameAs\":[\"https:\/\/www.facebook.com\/tourtravelandmore\/\",\"https:\/\/x.com\/TourTravel_More\"]}]}<\/script>\n<!-- \/ Yoast SEO Premium plugin. -->","yoast_head_json":{"title":"Tour Privado a Boston desde Nueva York con gu\u00eda oficial local","description":"Acomp\u00e1\u00f1enos en este Tour Privado a Boston desde Nueva York comodamente en un veh\u00edculo privado de lujo con chofer y gu\u00eda oficial local.","robots":{"index":"index","follow":"follow","max-snippet":"max-snippet:-1","max-image-preview":"max-image-preview:large","max-video-preview":"max-video-preview:-1"},"canonical":"https:\/\/tourtravelandmore.com\/es\/tours\/eeuu-es\/nueva-york-es\/tour-privado-de-dia-completo-en-boston-desde-nueva-york\/","og_locale":"es_ES","og_type":"article","og_title":"Tour Privado a Boston desde Nueva York","og_description":"Acomp\u00e1\u00f1enos en este Tour Privado a Boston desde Nueva York comodamente en un veh\u00edculo privado de lujo con chofer y gu\u00eda oficial local.","og_url":"https:\/\/tourtravelandmore.com\/es\/tours\/eeuu-es\/nueva-york-es\/tour-privado-de-dia-completo-en-boston-desde-nueva-york\/","og_site_name":"Tour Travel And More","article_publisher":"https:\/\/www.facebook.com\/tourtravelandmore\/","article_modified_time":"2024-07-29T19:19:32+00:00","og_image":[{"width":1024,"height":652,"url":"https:\/\/tourtravelandmore.com\/wp-content\/uploads\/2020\/02\/n60-1024x652.jpg","type":"image\/jpeg"}],"twitter_card":"summary_large_image","twitter_site":"@TourTravel_More","twitter_misc":{"Tiempo de lectura":"2 minutos"},"schema":{"@context":"https:\/\/schema.org","@graph":[{"@type":"WebPage","@id":"https:\/\/tourtravelandmore.com\/es\/tours\/eeuu-es\/nueva-york-es\/nueva-york-rutas-turisticas-privadas-es\/tour-privado-de-dia-completo-en-boston-desde-nueva-york\/","url":"https:\/\/tourtravelandmore.com\/es\/tours\/eeuu-es\/nueva-york-es\/tour-privado-de-dia-completo-en-boston-desde-nueva-york\/","name":"Tour Privado a Boston desde Nueva York con gu\u00eda oficial local","isPartOf":{"@id":"https:\/\/tourtravelandmore.com\/es\/#website"},"primaryImageOfPage":{"@id":"https:\/\/tourtravelandmore.com\/es\/tours\/eeuu-es\/nueva-york-es\/tour-privado-de-dia-completo-en-boston-desde-nueva-york\/#primaryimage"},"image":{"@id":"https:\/\/tourtravelandmore.com\/es\/tours\/eeuu-es\/nueva-york-es\/tour-privado-de-dia-completo-en-boston-desde-nueva-york\/#primaryimage"},"thumbnailUrl":"https:\/\/tourtravelandmore.com\/wp-content\/uploads\/2020\/02\/n60.jpg","datePublished":"2020-02-03T10:41:39+00:00","dateModified":"2024-07-29T19:19:32+00:00","description":"Acomp\u00e1\u00f1enos en este Tour Privado a Boston desde Nueva York comodamente en un veh\u00edculo privado de lujo con chofer y gu\u00eda oficial local.","breadcrumb":{"@id":"https:\/\/tourtravelandmore.com\/es\/tours\/eeuu-es\/nueva-york-es\/tour-privado-de-dia-completo-en-boston-desde-nueva-york\/#breadcrumb"},"inLanguage":"es","potentialAction":[{"@type":"ReadAction","target":["https:\/\/tourtravelandmore.com\/es\/tours\/eeuu-es\/nueva-york-es\/tour-privado-de-dia-completo-en-boston-desde-nueva-york\/"]}]},{"@type":"ImageObject","inLanguage":"es","@id":"https:\/\/tourtravelandmore.com\/es\/tours\/eeuu-es\/nueva-york-es\/tour-privado-de-dia-completo-en-boston-desde-nueva-york\/#primaryimage","url":"https:\/\/tourtravelandmore.com\/wp-content\/uploads\/2020\/02\/n60.jpg","contentUrl":"https:\/\/tourtravelandmore.com\/wp-content\/uploads\/2020\/02\/n60.jpg","width":2560,"height":1629},{"@type":"BreadcrumbList","@id":"https:\/\/tourtravelandmore.com\/es\/tours\/eeuu-es\/nueva-york-es\/tour-privado-de-dia-completo-en-boston-desde-nueva-york\/#breadcrumb","itemListElement":[{"@type":"ListItem","position":1,"name":"Home","item":"https:\/\/tourtravelandmore.com\/es\/"},{"@type":"ListItem","position":2,"name":"Tours","item":"https:\/\/tourtravelandmore.com\/es\/tours\/"},{"@type":"ListItem","position":3,"name":"Tour Privado a Boston desde Nueva York"}]},{"@type":"WebSite","@id":"https:\/\/tourtravelandmore.com\/es\/#website","url":"https:\/\/tourtravelandmore.com\/es\/","name":"Tour Travel And More","description":"Private sightseeing tours and luxury transfers in Spain","publisher":{"@id":"https:\/\/tourtravelandmore.com\/es\/#organization"},"potentialAction":[{"@type":"SearchAction","target":{"@type":"EntryPoint","urlTemplate":"https:\/\/tourtravelandmore.com\/es\/?s={search_term_string}"},"query-input":{"@type":"PropertyValueSpecification","valueRequired":true,"valueName":"search_term_string"}}],"inLanguage":"es"},{"@type":"Organization","@id":"https:\/\/tourtravelandmore.com\/es\/#organization","name":"Tour Travel And More","url":"https:\/\/tourtravelandmore.com\/es\/","logo":{"@type":"ImageObject","inLanguage":"es","@id":"https:\/\/tourtravelandmore.com\/es\/#\/schema\/logo\/image\/","url":"https:\/\/tourtravelandmore.com\/wp-content\/uploads\/2022\/12\/cropped-logo-cabecera-new.png","contentUrl":"https:\/\/tourtravelandmore.com\/wp-content\/uploads\/2022\/12\/cropped-logo-cabecera-new.png","width":430,"height":61,"caption":"Tour Travel And More"},"image":{"@id":"https:\/\/tourtravelandmore.com\/es\/#\/schema\/logo\/image\/"},"sameAs":["https:\/\/www.facebook.com\/tourtravelandmore\/","https:\/\/x.com\/TourTravel_More"]}]}},"_links":{"self":[{"href":"https:\/\/tourtravelandmore.com\/es\/wp-json\/wp\/v2\/product\/75984","targetHints":{"allow":["GET"]}}],"collection":[{"href":"https:\/\/tourtravelandmore.com\/es\/wp-json\/wp\/v2\/product"}],"about":[{"href":"https:\/\/tourtravelandmore.com\/es\/wp-json\/wp\/v2\/types\/product"}],"replies":[{"embeddable":true,"href":"https:\/\/tourtravelandmore.com\/es\/wp-json\/wp\/v2\/comments?post=75984"}],"wp:featuredmedia":[{"embeddable":true,"href":"https:\/\/tourtravelandmore.com\/es\/wp-json\/wp\/v2\/media\/76142"}],"wp:attachment":[{"href":"https:\/\/tourtravelandmore.com\/es\/wp-json\/wp\/v2\/media?parent=75984"}],"wp:term":[{"taxonomy":"product_brand","embeddable":true,"href":"https:\/\/tourtravelandmore.com\/es\/wp-json\/wp\/v2\/product_brand?post=75984"},{"taxonomy":"product_cat","embeddable":true,"href":"https:\/\/tourtravelandmore.com\/es\/wp-json\/wp\/v2\/product_cat?post=75984"},{"taxonomy":"product_tag","embeddable":true,"href":"https:\/\/tourtravelandmore.com\/es\/wp-json\/wp\/v2\/product_tag?post=75984"}],"curies":[{"name":"wp","href":"https:\/\/api.w.org\/{rel}","templated":true}]}}