{"id":75828,"date":"2020-01-30T16:04:21","date_gmt":"2020-01-30T15:04:22","guid":{"rendered":"https:\/\/tourtravelandmore.com\/?post_type=product&#038;p=75828"},"modified":"2026-02-12T18:08:47","modified_gmt":"2026-02-12T17:08:47","slug":"tour-privado-de-la-alhambra-desde-cualquier-ciudad-de-andalucia-copy-2","status":"publish","type":"product","link":"https:\/\/tourtravelandmore.com\/es\/tours\/espana-es\/motril-es\/motril-excursiones-privadas-es\/tour-privado-de-la-alhambra-desde-cualquier-ciudad-de-andalucia-copy-2\/","title":{"rendered":"Tour Privado de la Alhambra y Granada desde cualquier ciudad de Andalucia"},"content":{"rendered":"<h2><strong>Descripci\u00f3n del Tour Privado de la Alhambra y Granada desde cualquier ciudad de Andalucia<\/strong><\/h2>\n<p>Gracias al tour privado Alhambra y Granada podr\u00e1s conocer uno de los monumentos m\u00e1s impresionantes y \u00fanicos del mundo y el centro hist\u00f3rico de la ciudad de Granada.<\/p>\n<p>Si te encuentras en tierras andaluzas, entonces no te puedes perder de este fascinante <strong>tour privado<\/strong> por uno de los lugares m\u00e1s emblem\u00e1ticos e importantes de toda <strong>Espa\u00f1a<\/strong>.<strong> La Alhambra y la ciudad de Granada<\/strong>\u00b8 que guarda uno de los Patrimonios m\u00e1s bellos que tiene la humanidad, que es la ciudad palatina de <strong>Alhambra<\/strong> y por supuesto otros sitios de inter\u00e9s como la <strong>Capilla Real <\/strong>y <strong>La Catedral de Granada.<\/strong><\/p>\n<p>Este tour privado puede comenzar en cualquier ciudad de <strong>Andaluc\u00eda<\/strong> e incluso si lo requieres, podemos pasar a recogerte por el <strong>Puerto de Cruceros de M\u00e1laga<\/strong>, para que te lleves un muy bonito recuerdo de tu paso por esta zona del mundo.<\/p>\n<p>La duraci\u00f3n del Tour son 10 horas. Nuestro veh\u00edculo privado con conductor os recoger\u00e1 desde su hotel o lugar de su elecci\u00f3n, y os llevar\u00e1 a Granada. Ah\u00ed os esperar\u00e1 nuestro gu\u00eda oficial privado para empezar el tour Alhambra y Granada. La Duraci\u00f3n del recorrido son 5 horas y conoceremos la Alhambra y luego bajaremos al centro Hist\u00f3rico para conocer la ciudad de Granada.<\/p>\n<p>Las entradas a la <strong>Alhambra, Capilla Real y Catedral<\/strong>, est\u00e1n incluidas, es importante reservar con tiempo, hay pocas entradas y se suelen agotar muy r\u00e1pido.<\/p>\n<p>El Tour es completamente privado y nos adaptamos a sus necesidades y preferencias.<\/p>\n<h2>Puntos de Inter\u00e9s en el Tour Privado de la Alhambra y Granada desde cualquier ciudad de Andalucia<\/h2>\n<p>El tour privado empezar\u00e1 por la Alhambra, a veces en funci\u00f3n de la hora de los Tickets podemos cambiar el orden.<\/p>\n<p>En el recinto de la Alhambra podr\u00e1s conocer sitios tan emblem\u00e1ticos y hermosos como <strong>Los Palacios Nazar\u00edes<\/strong>, conocidos tambi\u00e9n como <em>\u201cLa Antigua Casa Real\u201d<\/em>, admirar\u00e1s el <strong>Patio de los Leones<\/strong>, descubrir\u00e1s los impactantes y tranquilos <strong>jardines de Generalife<\/strong> y te dejar\u00e1s deslumbrar por el <strong>Palacio El Partal<\/strong>, el \u00faltimo edificio en pie del ala de los aposentos de los nobles. Este recorrido te llevar\u00e1 aproximadamente 2,5 horas, dado que se trata de una ciudad imperial donde tanto la nobleza musulmana como su fuerza militar y ciudadanos hac\u00edan vida en su interior.<\/p>\n<p>Una vez recorrido este precioso baluarte que data del siglo IX, te dirigir\u00e1s al centro de la ciudad de <strong>Granada <\/strong>donde podr\u00e1s visitar la<strong><em> Capilla Real de Granada<\/em><\/strong> que conforma un anexo de la <strong><em>Catedral<\/em><\/strong> de la ciudad. Esta fue fundada como capilla funeraria de los <strong>Reyes Cat\u00f3licos<\/strong>, hablamos de <em>Isabel I de Castilla<\/em> y <em>\u00a0Fernando II de Arag\u00f3n. <\/em><\/p>\n<p>Tambi\u00e9n en este lugar se conservan los restos de su hija y heredera <strong><em>Juana la Loca<\/em> y del esposo de \u00e9sta <\/strong><em><strong>Felipe el Hermoso<\/strong>.<\/em> Se trata de otro de los puntos tur\u00edsticos de mayor inter\u00e9s, pues aunque no se puede comparar con los palacios de <strong>Alhambra<\/strong>, la belleza arquitect\u00f3nica de estos edificios religiosos tambi\u00e9n posee un gran impacto visual, sobre todo desde el punto de vista medieval.<\/p>\n<p>Otros lugares que podr\u00e1s disfrutar en tu recorrido por el centro de la ciudad son: <strong><em>La Plaza de San Nicol\u00e1s<\/em><\/strong>, que cuenta con un mirador espectacular para poder apreciar todo <strong>Alhambra <\/strong>desde lo lejos, el<strong><em> Palacio de Dar al-Horra<\/em><\/strong> una joya que data del siglo XIV y que se encuentra escondida en medio de la urbe y <strong><em>El Banuelo<\/em><\/strong>, uno de los monumentos m\u00e1s antiguos del lugar, que no es m\u00e1s que una casa de ba\u00f1o musulmana que a\u00fan conserva la belleza de su \u00e9poca.<\/p>\n<p>Nuestro gu\u00eda est\u00e1 perfectamente formado, conoce la historia, las Leyendas y An\u00e9cdotas. Vivir\u00e1s una experiencia \u00fanica, ya que la Alhambra es considerada uno de los monumentos m\u00e1s importantes del mundo.<\/p>\n<p>Si desea conocer solo la Alhambra puede consultar nuestro<a href=\"https:\/\/tourtravelandmore.com\/es\/tours\/espana-es\/motril-es\/motril-actividades-es\/city-tour-privado-de-la-alhambraw\/\"> tour privado de la Alhambra desde cualquier ciudad de Andalucia.<\/a><\/p>\n<p>Para solicitar informaci\u00f3n, solo tiene que rellenar el formulario del tour e indicar su lugar de recogida y nuestro equipo os pasar\u00e1 la informaci\u00f3n detallada.<\/p>\n","protected":false},"excerpt":{"rendered":"<p>Descubre una de las ciudades m\u00e1s bonitas de Europa, la ciudad de Granada. D\u00f3nde encontrar\u00e1s un monumento \u00fanico, y uno de los m\u00e1s importantes del mundo la Alhambra. Pasea por sus hermosos Jardines y recorre sus Palacios. El m\u00e1s famoso Los Palacios Nazar\u00edes, d\u00f3nde se encuentra la foto de los leones.<\/p>\n","protected":false},"featured_media":76092,"comment_status":"open","ping_status":"closed","template":"","meta":{"_acf_changed":false},"product_brand":[],"product_cat":[1596,2236,2240,2238,82,83,85,84,88,89,91,90,529],"product_tag":[],"class_list":{"0":"post-75828","1":"product","2":"type-product","3":"status-publish","4":"has-post-thumbnail","6":"product_cat-espana-es","7":"product_cat-motril-es","8":"product_cat-motril-actividades-es","9":"product_cat-motril-excursiones-privadas-es","10":"product_cat-granada-es","11":"product_cat-granada-actividades-es","12":"product_cat-granada-rutas-turisticas-privadas-es","13":"product_cat-granada-excursiones-es","14":"product_cat-marbella-puerto-banus-es","15":"product_cat-marbella-puerto-banus-actividades-es","16":"product_cat-marbella-puerto-banus-rutas-turisticas-es","17":"product_cat-marbella-puerto-banus-excursiones-es","18":"product_cat-marbella-puerto-banus-excursiones-privadas-cruceros-es","20":"first","21":"instock","22":"shipping-taxable","23":"purchasable","24":"product-type-simple"},"acf":[],"yoast_head":"<!-- This site is optimized with the Yoast SEO Premium plugin v25.3.1 (Yoast SEO v25.3.1) - https:\/\/yoast.com\/wordpress\/plugins\/seo\/ -->\n<title>\u27a1\ufe0f Tour privado Alhambra y Granada | Tour Travel &amp; More<\/title>\n<meta name=\"description\" content=\"Disfruta este tour privado de la Alhambra y Granada con su gu\u00eda y su vehiculo con conductor, incluye la recogida y devoluci\u00f3n desde cualquier ciudad \u2705\" \/>\n<meta name=\"robots\" content=\"index, follow, max-snippet:-1, max-image-preview:large, max-video-preview:-1\" \/>\n<link rel=\"canonical\" href=\"https:\/\/tourtravelandmore.com\/es\/tours\/espana-es\/motril-es\/motril-excursiones-privadas-es\/tour-privado-de-la-alhambra-desde-cualquier-ciudad-de-andalucia-copy-2\/\" \/>\n<meta property=\"og:locale\" content=\"es_ES\" \/>\n<meta property=\"og:type\" content=\"article\" \/>\n<meta property=\"og:title\" content=\"Tour Privado de la Alhambra y Granada desde cualquier ciudad de Andalucia\" \/>\n<meta property=\"og:description\" content=\"Disfruta este tour privado de la Alhambra y Granada con su gu\u00eda y su vehiculo con conductor, incluye la recogida y devoluci\u00f3n desde cualquier ciudad \u2705\" \/>\n<meta property=\"og:url\" content=\"https:\/\/tourtravelandmore.com\/es\/tours\/espana-es\/motril-es\/motril-excursiones-privadas-es\/tour-privado-de-la-alhambra-desde-cualquier-ciudad-de-andalucia-copy-2\/\" \/>\n<meta property=\"og:site_name\" content=\"Tour Travel And More\" \/>\n<meta property=\"article:publisher\" content=\"https:\/\/www.facebook.com\/tourtravelandmore\/\" \/>\n<meta property=\"article:modified_time\" content=\"2026-02-12T17:08:47+00:00\" \/>\n<meta property=\"og:image\" content=\"https:\/\/tourtravelandmore.com\/wp-content\/uploads\/2020\/02\/slider-alhambra02-1024x733.jpg\" \/>\n\t<meta property=\"og:image:width\" content=\"1024\" \/>\n\t<meta property=\"og:image:height\" content=\"733\" \/>\n\t<meta property=\"og:image:type\" content=\"image\/jpeg\" \/>\n<meta name=\"twitter:card\" content=\"summary_large_image\" \/>\n<meta name=\"twitter:site\" content=\"@TourTravel_More\" \/>\n<meta name=\"twitter:label1\" content=\"Tiempo de lectura\" \/>\n\t<meta name=\"twitter:data1\" content=\"4 minutos\" \/>\n<script type=\"application\/ld+json\" class=\"yoast-schema-graph\">{\"@context\":\"https:\/\/schema.org\",\"@graph\":[{\"@type\":\"WebPage\",\"@id\":\"https:\/\/tourtravelandmore.com\/es\/tours\/espana-es\/motril-es\/motril-excursiones-privadas-es\/tour-privado-de-la-alhambra-desde-cualquier-ciudad-de-andalucia-copy-2\/\",\"url\":\"https:\/\/tourtravelandmore.com\/es\/tours\/espana-es\/motril-es\/motril-excursiones-privadas-es\/tour-privado-de-la-alhambra-desde-cualquier-ciudad-de-andalucia-copy-2\/\",\"name\":\"\u27a1\ufe0f Tour privado Alhambra y Granada | Tour Travel & More\",\"isPartOf\":{\"@id\":\"https:\/\/tourtravelandmore.com\/es\/#website\"},\"primaryImageOfPage\":{\"@id\":\"https:\/\/tourtravelandmore.com\/es\/tours\/espana-es\/motril-es\/motril-excursiones-privadas-es\/tour-privado-de-la-alhambra-desde-cualquier-ciudad-de-andalucia-copy-2\/#primaryimage\"},\"image\":{\"@id\":\"https:\/\/tourtravelandmore.com\/es\/tours\/espana-es\/motril-es\/motril-excursiones-privadas-es\/tour-privado-de-la-alhambra-desde-cualquier-ciudad-de-andalucia-copy-2\/#primaryimage\"},\"thumbnailUrl\":\"https:\/\/tourtravelandmore.com\/wp-content\/uploads\/2020\/02\/slider-alhambra02.jpg\",\"datePublished\":\"2020-01-30T15:04:22+00:00\",\"dateModified\":\"2026-02-12T17:08:47+00:00\",\"description\":\"Disfruta este tour privado de la Alhambra y Granada con su gu\u00eda y su vehiculo con conductor, incluye la recogida y devoluci\u00f3n desde cualquier ciudad \u2705\",\"breadcrumb\":{\"@id\":\"https:\/\/tourtravelandmore.com\/es\/tours\/espana-es\/motril-es\/motril-excursiones-privadas-es\/tour-privado-de-la-alhambra-desde-cualquier-ciudad-de-andalucia-copy-2\/#breadcrumb\"},\"inLanguage\":\"es\",\"potentialAction\":[{\"@type\":\"ReadAction\",\"target\":[\"https:\/\/tourtravelandmore.com\/es\/tours\/espana-es\/motril-es\/motril-excursiones-privadas-es\/tour-privado-de-la-alhambra-desde-cualquier-ciudad-de-andalucia-copy-2\/\"]}]},{\"@type\":\"ImageObject\",\"inLanguage\":\"es\",\"@id\":\"https:\/\/tourtravelandmore.com\/es\/tours\/espana-es\/motril-es\/motril-excursiones-privadas-es\/tour-privado-de-la-alhambra-desde-cualquier-ciudad-de-andalucia-copy-2\/#primaryimage\",\"url\":\"https:\/\/tourtravelandmore.com\/wp-content\/uploads\/2020\/02\/slider-alhambra02.jpg\",\"contentUrl\":\"https:\/\/tourtravelandmore.com\/wp-content\/uploads\/2020\/02\/slider-alhambra02.jpg\",\"width\":2560,\"height\":1833},{\"@type\":\"BreadcrumbList\",\"@id\":\"https:\/\/tourtravelandmore.com\/es\/tours\/espana-es\/motril-es\/motril-excursiones-privadas-es\/tour-privado-de-la-alhambra-desde-cualquier-ciudad-de-andalucia-copy-2\/#breadcrumb\",\"itemListElement\":[{\"@type\":\"ListItem\",\"position\":1,\"name\":\"Home\",\"item\":\"https:\/\/tourtravelandmore.com\/es\/\"},{\"@type\":\"ListItem\",\"position\":2,\"name\":\"Tours\",\"item\":\"https:\/\/tourtravelandmore.com\/es\/tours\/\"},{\"@type\":\"ListItem\",\"position\":3,\"name\":\"Tour Privado de la Alhambra y Granada desde cualquier ciudad de Andalucia\"}]},{\"@type\":\"WebSite\",\"@id\":\"https:\/\/tourtravelandmore.com\/es\/#website\",\"url\":\"https:\/\/tourtravelandmore.com\/es\/\",\"name\":\"Tour Travel And More\",\"description\":\"Private sightseeing tours and luxury transfers in Spain\",\"publisher\":{\"@id\":\"https:\/\/tourtravelandmore.com\/es\/#organization\"},\"potentialAction\":[{\"@type\":\"SearchAction\",\"target\":{\"@type\":\"EntryPoint\",\"urlTemplate\":\"https:\/\/tourtravelandmore.com\/es\/?s={search_term_string}\"},\"query-input\":{\"@type\":\"PropertyValueSpecification\",\"valueRequired\":true,\"valueName\":\"search_term_string\"}}],\"inLanguage\":\"es\"},{\"@type\":\"Organization\",\"@id\":\"https:\/\/tourtravelandmore.com\/es\/#organization\",\"name\":\"Tour Travel And More\",\"url\":\"https:\/\/tourtravelandmore.com\/es\/\",\"logo\":{\"@type\":\"ImageObject\",\"inLanguage\":\"es\",\"@id\":\"https:\/\/tourtravelandmore.com\/es\/#\/schema\/logo\/image\/\",\"url\":\"https:\/\/tourtravelandmore.com\/wp-content\/uploads\/2022\/12\/cropped-logo-cabecera-new.png\",\"contentUrl\":\"https:\/\/tourtravelandmore.com\/wp-content\/uploads\/2022\/12\/cropped-logo-cabecera-new.png\",\"width\":430,\"height\":61,\"caption\":\"Tour Travel And More\"},\"image\":{\"@id\":\"https:\/\/tourtravelandmore.com\/es\/#\/schema\/logo\/image\/\"},\"sameAs\":[\"https:\/\/www.facebook.com\/tourtravelandmore\/\",\"https:\/\/x.com\/TourTravel_More\"]}]}<\/script>\n<!-- \/ Yoast SEO Premium plugin. -->","yoast_head_json":{"title":"\u27a1\ufe0f Tour privado Alhambra y Granada | Tour Travel & More","description":"Disfruta este tour privado de la Alhambra y Granada con su gu\u00eda y su vehiculo con conductor, incluye la recogida y devoluci\u00f3n desde cualquier ciudad \u2705","robots":{"index":"index","follow":"follow","max-snippet":"max-snippet:-1","max-image-preview":"max-image-preview:large","max-video-preview":"max-video-preview:-1"},"canonical":"https:\/\/tourtravelandmore.com\/es\/tours\/espana-es\/motril-es\/motril-excursiones-privadas-es\/tour-privado-de-la-alhambra-desde-cualquier-ciudad-de-andalucia-copy-2\/","og_locale":"es_ES","og_type":"article","og_title":"Tour Privado de la Alhambra y Granada desde cualquier ciudad de Andalucia","og_description":"Disfruta este tour privado de la Alhambra y Granada con su gu\u00eda y su vehiculo con conductor, incluye la recogida y devoluci\u00f3n desde cualquier ciudad \u2705","og_url":"https:\/\/tourtravelandmore.com\/es\/tours\/espana-es\/motril-es\/motril-excursiones-privadas-es\/tour-privado-de-la-alhambra-desde-cualquier-ciudad-de-andalucia-copy-2\/","og_site_name":"Tour Travel And More","article_publisher":"https:\/\/www.facebook.com\/tourtravelandmore\/","article_modified_time":"2026-02-12T17:08:47+00:00","og_image":[{"width":1024,"height":733,"url":"https:\/\/tourtravelandmore.com\/wp-content\/uploads\/2020\/02\/slider-alhambra02-1024x733.jpg","type":"image\/jpeg"}],"twitter_card":"summary_large_image","twitter_site":"@TourTravel_More","twitter_misc":{"Tiempo de lectura":"4 minutos"},"schema":{"@context":"https:\/\/schema.org","@graph":[{"@type":"WebPage","@id":"https:\/\/tourtravelandmore.com\/es\/tours\/espana-es\/motril-es\/motril-excursiones-privadas-es\/tour-privado-de-la-alhambra-desde-cualquier-ciudad-de-andalucia-copy-2\/","url":"https:\/\/tourtravelandmore.com\/es\/tours\/espana-es\/motril-es\/motril-excursiones-privadas-es\/tour-privado-de-la-alhambra-desde-cualquier-ciudad-de-andalucia-copy-2\/","name":"\u27a1\ufe0f Tour privado Alhambra y Granada | Tour Travel & More","isPartOf":{"@id":"https:\/\/tourtravelandmore.com\/es\/#website"},"primaryImageOfPage":{"@id":"https:\/\/tourtravelandmore.com\/es\/tours\/espana-es\/motril-es\/motril-excursiones-privadas-es\/tour-privado-de-la-alhambra-desde-cualquier-ciudad-de-andalucia-copy-2\/#primaryimage"},"image":{"@id":"https:\/\/tourtravelandmore.com\/es\/tours\/espana-es\/motril-es\/motril-excursiones-privadas-es\/tour-privado-de-la-alhambra-desde-cualquier-ciudad-de-andalucia-copy-2\/#primaryimage"},"thumbnailUrl":"https:\/\/tourtravelandmore.com\/wp-content\/uploads\/2020\/02\/slider-alhambra02.jpg","datePublished":"2020-01-30T15:04:22+00:00","dateModified":"2026-02-12T17:08:47+00:00","description":"Disfruta este tour privado de la Alhambra y Granada con su gu\u00eda y su vehiculo con conductor, incluye la recogida y devoluci\u00f3n desde cualquier ciudad \u2705","breadcrumb":{"@id":"https:\/\/tourtravelandmore.com\/es\/tours\/espana-es\/motril-es\/motril-excursiones-privadas-es\/tour-privado-de-la-alhambra-desde-cualquier-ciudad-de-andalucia-copy-2\/#breadcrumb"},"inLanguage":"es","potentialAction":[{"@type":"ReadAction","target":["https:\/\/tourtravelandmore.com\/es\/tours\/espana-es\/motril-es\/motril-excursiones-privadas-es\/tour-privado-de-la-alhambra-desde-cualquier-ciudad-de-andalucia-copy-2\/"]}]},{"@type":"ImageObject","inLanguage":"es","@id":"https:\/\/tourtravelandmore.com\/es\/tours\/espana-es\/motril-es\/motril-excursiones-privadas-es\/tour-privado-de-la-alhambra-desde-cualquier-ciudad-de-andalucia-copy-2\/#primaryimage","url":"https:\/\/tourtravelandmore.com\/wp-content\/uploads\/2020\/02\/slider-alhambra02.jpg","contentUrl":"https:\/\/tourtravelandmore.com\/wp-content\/uploads\/2020\/02\/slider-alhambra02.jpg","width":2560,"height":1833},{"@type":"BreadcrumbList","@id":"https:\/\/tourtravelandmore.com\/es\/tours\/espana-es\/motril-es\/motril-excursiones-privadas-es\/tour-privado-de-la-alhambra-desde-cualquier-ciudad-de-andalucia-copy-2\/#breadcrumb","itemListElement":[{"@type":"ListItem","position":1,"name":"Home","item":"https:\/\/tourtravelandmore.com\/es\/"},{"@type":"ListItem","position":2,"name":"Tours","item":"https:\/\/tourtravelandmore.com\/es\/tours\/"},{"@type":"ListItem","position":3,"name":"Tour Privado de la Alhambra y Granada desde cualquier ciudad de Andalucia"}]},{"@type":"WebSite","@id":"https:\/\/tourtravelandmore.com\/es\/#website","url":"https:\/\/tourtravelandmore.com\/es\/","name":"Tour Travel And More","description":"Private sightseeing tours and luxury transfers in Spain","publisher":{"@id":"https:\/\/tourtravelandmore.com\/es\/#organization"},"potentialAction":[{"@type":"SearchAction","target":{"@type":"EntryPoint","urlTemplate":"https:\/\/tourtravelandmore.com\/es\/?s={search_term_string}"},"query-input":{"@type":"PropertyValueSpecification","valueRequired":true,"valueName":"search_term_string"}}],"inLanguage":"es"},{"@type":"Organization","@id":"https:\/\/tourtravelandmore.com\/es\/#organization","name":"Tour Travel And More","url":"https:\/\/tourtravelandmore.com\/es\/","logo":{"@type":"ImageObject","inLanguage":"es","@id":"https:\/\/tourtravelandmore.com\/es\/#\/schema\/logo\/image\/","url":"https:\/\/tourtravelandmore.com\/wp-content\/uploads\/2022\/12\/cropped-logo-cabecera-new.png","contentUrl":"https:\/\/tourtravelandmore.com\/wp-content\/uploads\/2022\/12\/cropped-logo-cabecera-new.png","width":430,"height":61,"caption":"Tour Travel And More"},"image":{"@id":"https:\/\/tourtravelandmore.com\/es\/#\/schema\/logo\/image\/"},"sameAs":["https:\/\/www.facebook.com\/tourtravelandmore\/","https:\/\/x.com\/TourTravel_More"]}]}},"_links":{"self":[{"href":"https:\/\/tourtravelandmore.com\/es\/wp-json\/wp\/v2\/product\/75828","targetHints":{"allow":["GET"]}}],"collection":[{"href":"https:\/\/tourtravelandmore.com\/es\/wp-json\/wp\/v2\/product"}],"about":[{"href":"https:\/\/tourtravelandmore.com\/es\/wp-json\/wp\/v2\/types\/product"}],"replies":[{"embeddable":true,"href":"https:\/\/tourtravelandmore.com\/es\/wp-json\/wp\/v2\/comments?post=75828"}],"wp:featuredmedia":[{"embeddable":true,"href":"https:\/\/tourtravelandmore.com\/es\/wp-json\/wp\/v2\/media\/76092"}],"wp:attachment":[{"href":"https:\/\/tourtravelandmore.com\/es\/wp-json\/wp\/v2\/media?parent=75828"}],"wp:term":[{"taxonomy":"product_brand","embeddable":true,"href":"https:\/\/tourtravelandmore.com\/es\/wp-json\/wp\/v2\/product_brand?post=75828"},{"taxonomy":"product_cat","embeddable":true,"href":"https:\/\/tourtravelandmore.com\/es\/wp-json\/wp\/v2\/product_cat?post=75828"},{"taxonomy":"product_tag","embeddable":true,"href":"https:\/\/tourtravelandmore.com\/es\/wp-json\/wp\/v2\/product_tag?post=75828"}],"curies":[{"name":"wp","href":"https:\/\/api.w.org\/{rel}","templated":true}]}}