{"id":75810,"date":"2020-01-30T15:46:33","date_gmt":"2020-01-30T14:46:34","guid":{"rendered":"https:\/\/tourtravelandmore.com\/?post_type=product&#038;p=75810"},"modified":"2023-01-21T01:50:45","modified_gmt":"2023-01-21T00:50:45","slug":"tour-alhambra-granada-y-ciudad-tour-privado-a-pie-con-guia-oficial","status":"publish","type":"product","link":"https:\/\/tourtravelandmore.com\/es\/tours\/espana-es\/granada-es\/tour-alhambra-granada-y-ciudad-tour-privado-a-pie-con-guia-oficial\/","title":{"rendered":"Tour privado a pie por Granada con entradas a la Alhambra y principales monumentos"},"content":{"rendered":"<h2>Descripci\u00f3n del Tour privado a pie por Granada con entradas a la Alhambra y principales monumentos<\/h2>\n<p>Descubre la ciudad de Granada y uno de los monumentos m\u00e1s famosos del mundo, la <strong>Alhambra<\/strong>, gracias a este <strong>tour Alhambra Granada<\/strong>. Es uno de los paseos m\u00e1s completos que podr\u00e1s encontrar, ya que incluye entrada a la <strong><em>Alhambra<\/em><\/strong>, y los principales monumentos de la ciudad, <strong>Capilla Real y Catedral<\/strong>, adem\u00e1s de un recorrido por el centro de <strong><em>Albaic\u00edn<\/em><\/strong> y el <strong><em>Sacromonte.<\/em><\/strong><\/p>\n<p>La duraci\u00f3n del tour Alhambra Granada son 4 horas. El tour es completamente privado, podr\u00e1n escoger la hora de comienzo.<\/p>\n<p>Las entradas est\u00e1n incluidas. La Alhambra tiene muy poca disponibilidad, ya que tiene un aforo muy reducido, es importante confirmar y reservar con antelaci\u00f3n.<\/p>\n<p>Avent\u00farate junto a tu gu\u00eda biling\u00fce privado, quien es un verdadero conocedor de la zona y su historia. D\u00e9jate cautivar por sus an\u00e9cdotas y por la tradici\u00f3n <strong>Nazar\u00ed<\/strong>, los \u00faltimos reyes musulmanes que pisaron la regi\u00f3n ib\u00e9rica antes de perecer en los anales del tiempo.<\/p>\n<h2>Puntos de inter\u00e9s en el Tour privado a pie por Granada con entradas a la Alhambra y principales monumentos<\/h2>\n<p>Te encontrar\u00e1s con tu <strong>gu\u00eda privado<\/strong> en su Hotel o en el Mapa de la Alhambra y comenzar\u00e1 su tour. Recorrer\u00e1s sus jardines, viajando junto a su gu\u00eda oficial privado, a trav\u00e9s del tiempo para entender la cultura de la <em>Dinast\u00eda Nazar\u00ed<\/em>, sus pasiones, su c\u00f3digo de honor y el por qu\u00e9 decidieron tomar como asentamiento la colina de la <strong><em>Sabika<\/em><\/strong>.<\/p>\n<p>Recorrer\u00e1s los tres <strong><em>Palacios Nazar\u00edes<\/em><\/strong> que son el <strong><em>Mexuar<\/em><\/strong>, el de <strong><em>Comares<\/em><\/strong> y el de <strong><em>los Leones<\/em><\/strong>, este \u00faltimo es famoso por la fuente que se encuentra en su patio, la cual guarda muchos secretos que descubrir\u00e1s junto a su gu\u00eda. Tambi\u00e9n caminar\u00e1s a trav\u00e9s de los jardines de <strong><em>Generalife<\/em><\/strong>, repletos de \u00e1rboles frutales y hortalizas, te dejar\u00e1s sorprender por el <strong><em>Palacio El Partal<\/em><\/strong> y te enamorar\u00e1s del palacio renacentista <strong><em>Carlos V<\/em><\/strong>.<\/p>\n<p>Una vez terminado el recorrido de 3 horas por la <em>Alhambra<\/em>, bajaremos hasta el centro de la ciudad de Granada, para recorrer sus calles, conocer a su gente y degustar un poco de la comida local, por eso llegar\u00e1s a la <strong><em>Plaza de Bib-Rambla<\/em><\/strong>, lugar donde se encuentra la <strong><em>Fuente de los gigantes <\/em><\/strong>y a pocos metros de all\u00ed te espera la <strong><em>Catedral<\/em><\/strong> y la <strong><em>Capilla Real<\/em><\/strong>, lugar de reposo de <em>Isabel de Castilla<\/em> y <em>Felipe de Arag\u00f3n<\/em>, tambi\u00e9n de su hija <em>Juana la Loca<\/em> y el esposo de esta <em>Felipe el Hermoso<\/em>.<\/p>\n<p>Luego pasear\u00e1s por las calles de los dos barrios m\u00e1s famosos de <strong>Granada<\/strong>, por supuesto que hablamos de <strong><em>Albaic\u00edn<\/em><\/strong> y <strong><em>Sacromonte<\/em><\/strong>, para terminar tu viaje con una vista panor\u00e1mica de toda la ciudad desde el <strong><em>Mirador de San Nicol\u00e1s<\/em><\/strong>.<\/p>\n<p>Si solamente deseas conoce la Alhambra puedes consultar<strong><a href=\"https:\/\/tourtravelandmore.com\/es\/tours\/espana-es\/granada-es\/tour-privado-alhambra-incluye-guia-oficial-y-entradas\/\"> aqu\u00ed<\/a><\/strong> nuestro tour privado de la Alhambra.<\/p>\n","protected":false},"excerpt":{"rendered":"<p>Descubre la ciudad de Granada y sus principales Monumentos: La Alhambram Capilla Real, Catedral. Recorre las principales calles del centro Historico y descubre el barrio Albaic\u00edn y Sacromonte.<\/p>\n","protected":false},"featured_media":75807,"comment_status":"open","ping_status":"closed","template":"","meta":{"_acf_changed":false},"product_brand":[],"product_cat":[1596,82,83,84,86],"product_tag":[],"class_list":{"0":"post-75810","1":"product","2":"type-product","3":"status-publish","4":"has-post-thumbnail","6":"product_cat-espana-es","7":"product_cat-granada-es","8":"product_cat-granada-actividades-es","9":"product_cat-granada-excursiones-es","10":"product_cat-granada-tours-privados-pie-es","12":"first","13":"instock","14":"shipping-taxable","15":"purchasable","16":"product-type-simple"},"acf":[],"yoast_head":"<!-- This site is optimized with the Yoast SEO Premium plugin v25.3.1 (Yoast SEO v25.3.1) - https:\/\/yoast.com\/wordpress\/plugins\/seo\/ -->\n<title>\u27a1\ufe0f Tour Alhambra Granada y Ciudad | Tour Travel &amp; More<\/title>\n<meta name=\"description\" content=\"Descubre la ciudad de Granada y sus principales Monumentos: Alhambra, Capilla Real, Catedral, gracias a este Tour Alhambra Granada \u2705\" \/>\n<meta name=\"robots\" content=\"index, follow, max-snippet:-1, max-image-preview:large, max-video-preview:-1\" \/>\n<link rel=\"canonical\" href=\"https:\/\/tourtravelandmore.com\/es\/tours\/espana-es\/granada-es\/tour-alhambra-granada-y-ciudad-tour-privado-a-pie-con-guia-oficial\/\" \/>\n<meta property=\"og:locale\" content=\"es_ES\" \/>\n<meta property=\"og:type\" content=\"article\" \/>\n<meta property=\"og:title\" content=\"Tour privado a pie por Granada con entradas a la Alhambra y principales monumentos\" \/>\n<meta property=\"og:description\" content=\"Descubre la ciudad de Granada y sus principales Monumentos: Alhambra, Capilla Real, Catedral, gracias a este Tour Alhambra Granada \u2705\" \/>\n<meta property=\"og:url\" content=\"https:\/\/tourtravelandmore.com\/es\/tours\/espana-es\/granada-es\/tour-alhambra-granada-y-ciudad-tour-privado-a-pie-con-guia-oficial\/\" \/>\n<meta property=\"og:site_name\" content=\"Tour Travel And More\" \/>\n<meta property=\"article:publisher\" content=\"https:\/\/www.facebook.com\/tourtravelandmore\/\" \/>\n<meta property=\"article:modified_time\" content=\"2023-01-21T00:50:45+00:00\" \/>\n<meta property=\"og:image\" content=\"https:\/\/tourtravelandmore.com\/wp-content\/uploads\/2020\/01\/Granadas_sunset.jpg\" \/>\n\t<meta property=\"og:image:width\" content=\"1600\" \/>\n\t<meta property=\"og:image:height\" content=\"1200\" \/>\n\t<meta property=\"og:image:type\" content=\"image\/jpeg\" \/>\n<meta name=\"twitter:card\" content=\"summary_large_image\" \/>\n<meta name=\"twitter:site\" content=\"@TourTravel_More\" \/>\n<meta name=\"twitter:label1\" content=\"Tiempo de lectura\" \/>\n\t<meta name=\"twitter:data1\" content=\"3 minutos\" \/>\n<script type=\"application\/ld+json\" class=\"yoast-schema-graph\">{\"@context\":\"https:\/\/schema.org\",\"@graph\":[{\"@type\":\"WebPage\",\"@id\":\"https:\/\/tourtravelandmore.com\/es\/tours\/espana-es\/granada-es\/tour-alhambra-granada-y-ciudad-tour-privado-a-pie-con-guia-oficial\/\",\"url\":\"https:\/\/tourtravelandmore.com\/es\/tours\/espana-es\/granada-es\/tour-alhambra-granada-y-ciudad-tour-privado-a-pie-con-guia-oficial\/\",\"name\":\"\u27a1\ufe0f Tour Alhambra Granada y Ciudad | Tour Travel & More\",\"isPartOf\":{\"@id\":\"https:\/\/tourtravelandmore.com\/es\/#website\"},\"primaryImageOfPage\":{\"@id\":\"https:\/\/tourtravelandmore.com\/es\/tours\/espana-es\/granada-es\/tour-alhambra-granada-y-ciudad-tour-privado-a-pie-con-guia-oficial\/#primaryimage\"},\"image\":{\"@id\":\"https:\/\/tourtravelandmore.com\/es\/tours\/espana-es\/granada-es\/tour-alhambra-granada-y-ciudad-tour-privado-a-pie-con-guia-oficial\/#primaryimage\"},\"thumbnailUrl\":\"https:\/\/tourtravelandmore.com\/wp-content\/uploads\/2020\/01\/Granadas_sunset.jpg\",\"datePublished\":\"2020-01-30T14:46:34+00:00\",\"dateModified\":\"2023-01-21T00:50:45+00:00\",\"description\":\"Descubre la ciudad de Granada y sus principales Monumentos: Alhambra, Capilla Real, Catedral, gracias a este Tour Alhambra Granada \u2705\",\"breadcrumb\":{\"@id\":\"https:\/\/tourtravelandmore.com\/es\/tours\/espana-es\/granada-es\/tour-alhambra-granada-y-ciudad-tour-privado-a-pie-con-guia-oficial\/#breadcrumb\"},\"inLanguage\":\"es\",\"potentialAction\":[{\"@type\":\"ReadAction\",\"target\":[\"https:\/\/tourtravelandmore.com\/es\/tours\/espana-es\/granada-es\/tour-alhambra-granada-y-ciudad-tour-privado-a-pie-con-guia-oficial\/\"]}]},{\"@type\":\"ImageObject\",\"inLanguage\":\"es\",\"@id\":\"https:\/\/tourtravelandmore.com\/es\/tours\/espana-es\/granada-es\/tour-alhambra-granada-y-ciudad-tour-privado-a-pie-con-guia-oficial\/#primaryimage\",\"url\":\"https:\/\/tourtravelandmore.com\/wp-content\/uploads\/2020\/01\/Granadas_sunset.jpg\",\"contentUrl\":\"https:\/\/tourtravelandmore.com\/wp-content\/uploads\/2020\/01\/Granadas_sunset.jpg\",\"width\":1600,\"height\":1200,\"caption\":\"KONICA MINOLTA DIGITAL CAMERA\"},{\"@type\":\"BreadcrumbList\",\"@id\":\"https:\/\/tourtravelandmore.com\/es\/tours\/espana-es\/granada-es\/tour-alhambra-granada-y-ciudad-tour-privado-a-pie-con-guia-oficial\/#breadcrumb\",\"itemListElement\":[{\"@type\":\"ListItem\",\"position\":1,\"name\":\"Home\",\"item\":\"https:\/\/tourtravelandmore.com\/es\/\"},{\"@type\":\"ListItem\",\"position\":2,\"name\":\"Tours\",\"item\":\"https:\/\/tourtravelandmore.com\/es\/tours\/\"},{\"@type\":\"ListItem\",\"position\":3,\"name\":\"Tour privado a pie por Granada con entradas a la Alhambra y principales monumentos\"}]},{\"@type\":\"WebSite\",\"@id\":\"https:\/\/tourtravelandmore.com\/es\/#website\",\"url\":\"https:\/\/tourtravelandmore.com\/es\/\",\"name\":\"Tour Travel And More\",\"description\":\"Private sightseeing tours and luxury transfers in Spain\",\"publisher\":{\"@id\":\"https:\/\/tourtravelandmore.com\/es\/#organization\"},\"potentialAction\":[{\"@type\":\"SearchAction\",\"target\":{\"@type\":\"EntryPoint\",\"urlTemplate\":\"https:\/\/tourtravelandmore.com\/es\/?s={search_term_string}\"},\"query-input\":{\"@type\":\"PropertyValueSpecification\",\"valueRequired\":true,\"valueName\":\"search_term_string\"}}],\"inLanguage\":\"es\"},{\"@type\":\"Organization\",\"@id\":\"https:\/\/tourtravelandmore.com\/es\/#organization\",\"name\":\"Tour Travel And More\",\"url\":\"https:\/\/tourtravelandmore.com\/es\/\",\"logo\":{\"@type\":\"ImageObject\",\"inLanguage\":\"es\",\"@id\":\"https:\/\/tourtravelandmore.com\/es\/#\/schema\/logo\/image\/\",\"url\":\"https:\/\/tourtravelandmore.com\/wp-content\/uploads\/2022\/12\/cropped-logo-cabecera-new.png\",\"contentUrl\":\"https:\/\/tourtravelandmore.com\/wp-content\/uploads\/2022\/12\/cropped-logo-cabecera-new.png\",\"width\":430,\"height\":61,\"caption\":\"Tour Travel And More\"},\"image\":{\"@id\":\"https:\/\/tourtravelandmore.com\/es\/#\/schema\/logo\/image\/\"},\"sameAs\":[\"https:\/\/www.facebook.com\/tourtravelandmore\/\",\"https:\/\/x.com\/TourTravel_More\"]}]}<\/script>\n<!-- \/ Yoast SEO Premium plugin. -->","yoast_head_json":{"title":"\u27a1\ufe0f Tour Alhambra Granada y Ciudad | Tour Travel & More","description":"Descubre la ciudad de Granada y sus principales Monumentos: Alhambra, Capilla Real, Catedral, gracias a este Tour Alhambra Granada \u2705","robots":{"index":"index","follow":"follow","max-snippet":"max-snippet:-1","max-image-preview":"max-image-preview:large","max-video-preview":"max-video-preview:-1"},"canonical":"https:\/\/tourtravelandmore.com\/es\/tours\/espana-es\/granada-es\/tour-alhambra-granada-y-ciudad-tour-privado-a-pie-con-guia-oficial\/","og_locale":"es_ES","og_type":"article","og_title":"Tour privado a pie por Granada con entradas a la Alhambra y principales monumentos","og_description":"Descubre la ciudad de Granada y sus principales Monumentos: Alhambra, Capilla Real, Catedral, gracias a este Tour Alhambra Granada \u2705","og_url":"https:\/\/tourtravelandmore.com\/es\/tours\/espana-es\/granada-es\/tour-alhambra-granada-y-ciudad-tour-privado-a-pie-con-guia-oficial\/","og_site_name":"Tour Travel And More","article_publisher":"https:\/\/www.facebook.com\/tourtravelandmore\/","article_modified_time":"2023-01-21T00:50:45+00:00","og_image":[{"width":1600,"height":1200,"url":"https:\/\/tourtravelandmore.com\/wp-content\/uploads\/2020\/01\/Granadas_sunset.jpg","type":"image\/jpeg"}],"twitter_card":"summary_large_image","twitter_site":"@TourTravel_More","twitter_misc":{"Tiempo de lectura":"3 minutos"},"schema":{"@context":"https:\/\/schema.org","@graph":[{"@type":"WebPage","@id":"https:\/\/tourtravelandmore.com\/es\/tours\/espana-es\/granada-es\/tour-alhambra-granada-y-ciudad-tour-privado-a-pie-con-guia-oficial\/","url":"https:\/\/tourtravelandmore.com\/es\/tours\/espana-es\/granada-es\/tour-alhambra-granada-y-ciudad-tour-privado-a-pie-con-guia-oficial\/","name":"\u27a1\ufe0f Tour Alhambra Granada y Ciudad | Tour Travel & More","isPartOf":{"@id":"https:\/\/tourtravelandmore.com\/es\/#website"},"primaryImageOfPage":{"@id":"https:\/\/tourtravelandmore.com\/es\/tours\/espana-es\/granada-es\/tour-alhambra-granada-y-ciudad-tour-privado-a-pie-con-guia-oficial\/#primaryimage"},"image":{"@id":"https:\/\/tourtravelandmore.com\/es\/tours\/espana-es\/granada-es\/tour-alhambra-granada-y-ciudad-tour-privado-a-pie-con-guia-oficial\/#primaryimage"},"thumbnailUrl":"https:\/\/tourtravelandmore.com\/wp-content\/uploads\/2020\/01\/Granadas_sunset.jpg","datePublished":"2020-01-30T14:46:34+00:00","dateModified":"2023-01-21T00:50:45+00:00","description":"Descubre la ciudad de Granada y sus principales Monumentos: Alhambra, Capilla Real, Catedral, gracias a este Tour Alhambra Granada \u2705","breadcrumb":{"@id":"https:\/\/tourtravelandmore.com\/es\/tours\/espana-es\/granada-es\/tour-alhambra-granada-y-ciudad-tour-privado-a-pie-con-guia-oficial\/#breadcrumb"},"inLanguage":"es","potentialAction":[{"@type":"ReadAction","target":["https:\/\/tourtravelandmore.com\/es\/tours\/espana-es\/granada-es\/tour-alhambra-granada-y-ciudad-tour-privado-a-pie-con-guia-oficial\/"]}]},{"@type":"ImageObject","inLanguage":"es","@id":"https:\/\/tourtravelandmore.com\/es\/tours\/espana-es\/granada-es\/tour-alhambra-granada-y-ciudad-tour-privado-a-pie-con-guia-oficial\/#primaryimage","url":"https:\/\/tourtravelandmore.com\/wp-content\/uploads\/2020\/01\/Granadas_sunset.jpg","contentUrl":"https:\/\/tourtravelandmore.com\/wp-content\/uploads\/2020\/01\/Granadas_sunset.jpg","width":1600,"height":1200,"caption":"KONICA MINOLTA DIGITAL CAMERA"},{"@type":"BreadcrumbList","@id":"https:\/\/tourtravelandmore.com\/es\/tours\/espana-es\/granada-es\/tour-alhambra-granada-y-ciudad-tour-privado-a-pie-con-guia-oficial\/#breadcrumb","itemListElement":[{"@type":"ListItem","position":1,"name":"Home","item":"https:\/\/tourtravelandmore.com\/es\/"},{"@type":"ListItem","position":2,"name":"Tours","item":"https:\/\/tourtravelandmore.com\/es\/tours\/"},{"@type":"ListItem","position":3,"name":"Tour privado a pie por Granada con entradas a la Alhambra y principales monumentos"}]},{"@type":"WebSite","@id":"https:\/\/tourtravelandmore.com\/es\/#website","url":"https:\/\/tourtravelandmore.com\/es\/","name":"Tour Travel And More","description":"Private sightseeing tours and luxury transfers in Spain","publisher":{"@id":"https:\/\/tourtravelandmore.com\/es\/#organization"},"potentialAction":[{"@type":"SearchAction","target":{"@type":"EntryPoint","urlTemplate":"https:\/\/tourtravelandmore.com\/es\/?s={search_term_string}"},"query-input":{"@type":"PropertyValueSpecification","valueRequired":true,"valueName":"search_term_string"}}],"inLanguage":"es"},{"@type":"Organization","@id":"https:\/\/tourtravelandmore.com\/es\/#organization","name":"Tour Travel And More","url":"https:\/\/tourtravelandmore.com\/es\/","logo":{"@type":"ImageObject","inLanguage":"es","@id":"https:\/\/tourtravelandmore.com\/es\/#\/schema\/logo\/image\/","url":"https:\/\/tourtravelandmore.com\/wp-content\/uploads\/2022\/12\/cropped-logo-cabecera-new.png","contentUrl":"https:\/\/tourtravelandmore.com\/wp-content\/uploads\/2022\/12\/cropped-logo-cabecera-new.png","width":430,"height":61,"caption":"Tour Travel And More"},"image":{"@id":"https:\/\/tourtravelandmore.com\/es\/#\/schema\/logo\/image\/"},"sameAs":["https:\/\/www.facebook.com\/tourtravelandmore\/","https:\/\/x.com\/TourTravel_More"]}]}},"_links":{"self":[{"href":"https:\/\/tourtravelandmore.com\/es\/wp-json\/wp\/v2\/product\/75810","targetHints":{"allow":["GET"]}}],"collection":[{"href":"https:\/\/tourtravelandmore.com\/es\/wp-json\/wp\/v2\/product"}],"about":[{"href":"https:\/\/tourtravelandmore.com\/es\/wp-json\/wp\/v2\/types\/product"}],"replies":[{"embeddable":true,"href":"https:\/\/tourtravelandmore.com\/es\/wp-json\/wp\/v2\/comments?post=75810"}],"wp:featuredmedia":[{"embeddable":true,"href":"https:\/\/tourtravelandmore.com\/es\/wp-json\/wp\/v2\/media\/75807"}],"wp:attachment":[{"href":"https:\/\/tourtravelandmore.com\/es\/wp-json\/wp\/v2\/media?parent=75810"}],"wp:term":[{"taxonomy":"product_brand","embeddable":true,"href":"https:\/\/tourtravelandmore.com\/es\/wp-json\/wp\/v2\/product_brand?post=75810"},{"taxonomy":"product_cat","embeddable":true,"href":"https:\/\/tourtravelandmore.com\/es\/wp-json\/wp\/v2\/product_cat?post=75810"},{"taxonomy":"product_tag","embeddable":true,"href":"https:\/\/tourtravelandmore.com\/es\/wp-json\/wp\/v2\/product_tag?post=75810"}],"curies":[{"name":"wp","href":"https:\/\/api.w.org\/{rel}","templated":true}]}}