{"id":75714,"date":"2020-01-29T11:38:43","date_gmt":"2020-01-29T10:38:43","guid":{"rendered":"https:\/\/tourtravelandmore.com\/?post_type=product&#038;p=75714"},"modified":"2025-02-17T16:08:45","modified_gmt":"2025-02-17T15:08:45","slug":"tour-privado-de-dia-completo-en-filadelfia-desde-nueva-york","status":"publish","type":"product","link":"https:\/\/tourtravelandmore.com\/es\/tours\/eeuu-es\/nueva-york-es\/nueva-york-rutas-turisticas-privadas-es\/tour-privado-de-dia-completo-en-filadelfia-desde-nueva-york\/","title":{"rendered":"Tour Privado a Filadelfia desde Nueva York"},"content":{"rendered":"<h2><b><strong>Descripci\u00f3n del tour privado<\/strong><\/b><\/h2>\n<p>Acomp\u00e1\u00f1enos en esta <b><strong>excursi\u00f3n privada a Filadelfia desde Nueva<\/strong><\/b> York c\u00f3modamente en un <b><strong>veh\u00edculo privado de lujo<\/strong><\/b>. Prep\u00e1rese para explorar los lugares y monumentos m\u00e1s asombrosos junto a un <b><strong>gu\u00eda tur\u00edstico local<\/strong><\/b>.<\/p>\n<p>El recorrido comenzar\u00e1 en el lugar que elija de Nueva York. Tendr\u00e1 a su disposici\u00f3n un <b><strong>ch\u00f3fer<\/strong><\/b> privado para una excursi\u00f3n de 12 horas a Filadelfia, donde visitar\u00e1 <b><strong>The Washington Square<\/strong><\/b>, <b><strong>The Liberty Bell Center<\/strong><\/b> y mucho m\u00e1s.<\/p>\n<p><b><strong>Filadelfia<\/strong><\/b> se encuentra en el estado de Pensilvania y es la ciudad m\u00e1s grande de la zona. Es una ciudad muy famosa por su rica historia y por su importante papel en la Revoluci\u00f3n Americana. Otro dato interesante es que es la ciudad donde se rod\u00f3 la pel\u00edcula \u00abRocky\u00bb. Seguro que recuerda las escaleras donde entrenaba Sylvester Stallone: las <b><strong>escaleras del Museo de Arte de Filadelfia<\/strong><\/b>.<\/p>\n<p>Aproveche la oportunidad de visitar esta incre\u00edble ciudad con nuestra excursi\u00f3n privada a Filadelfia desde Nueva York. Su gu\u00eda oficial le estar\u00e1 esperando para iluminarle con toda la informaci\u00f3n sobre la historia de este lugar.<\/p>\n<h2><b><strong>Puntos de inter\u00e9s y lugares emblem\u00e1ticos de Filadelfia<\/strong><\/b><\/h2>\n<p>En primer lugar, como ya hemos mencionado, su ch\u00f3fer privado le recoger\u00e1 en el lugar que desee de Nueva York. Prep\u00e1rese para comenzar este incre\u00edble recorrido por la ciudad <b><strong>de Filadelfia<\/strong><\/b>.<\/p>\n<p>Una vez all\u00ed, su gu\u00eda privado le estar\u00e1 esperando para iniciar una visita guiada. Sienta el fresco olor de la naturaleza y rel\u00e1jese en <b><strong>The Washington Square<\/strong><\/b> mientras pasea por sus senderos o disfruta de alg\u00fan recreo. Retroceda en el tiempo con su visita a uno de los edificios m\u00e1s significativos de todo Estados Unidos, <b><strong>el Independence Hall<\/strong><\/b>, el lugar donde se oficializaron la Declaraci\u00f3n de Independencia y la Constituci\u00f3n.<\/p>\n<p>Pruebe el sabor del mundo en el <b><strong>Reading Terminal Market<\/strong><\/b>, un lugar lleno de vida y actividad, donde podr\u00e1 encontrar comida de todo el planeta. Conozca en profundidad la cultura del mundo con las impresionantes obras de arte de Picasso, Van Gogh, Matisse y muchos otros artistas en el <a href=\"\u00abhttps:\/\/www.philamuseum.org\/\u00bb\">Museo de Arte de Filadelfia<\/a>. Frente al Museo encontrar\u00e1 los famosos escalones de Rocky que conducen a la estatua del Sr. Balboa.<\/p>\n<p>Tambi\u00e9n le proponemos visitar, entre otros sitios<\/p>\n<ul>\n<li><b><strong>Tumba del Soldado Desconocido de la Guerra Revolucionaria<\/strong><\/b><\/li>\n<li><b><strong>Centro de la Campana de la Libertad<\/strong><\/b><\/li>\n<li><b><strong>Museo de la Revoluci\u00f3n Americana<\/strong><\/b><\/li>\n<li><b><strong>Catedral Bas\u00edlica de los Santos Pedro y Pablo<\/strong><\/b><\/li>\n<li><b><strong>Plaza Head House<\/strong><\/b><\/li>\n<li><b><strong>Callej\u00f3n de Elfreth<\/strong><\/b><\/li>\n<li><b><strong>Escalinata Rocosa<\/strong><\/b><\/li>\n<li>y mucho m\u00e1s<\/li>\n<\/ul>\n<p>Por \u00faltimo, su ch\u00f3fer privado le llevar\u00e1 de vuelta a su punto de partida en Nueva York. Si est\u00e1 indeciso sobre qu\u00e9 excursi\u00f3n realizar, eche un vistazo a <a href=\"\u00abhttps:\/\/tourtravelandmore.com\/?product_cat=u-s-a\/new-york-city-en#shop\u00bb\/\">nuestra lista de excursiones privadas desde NY<\/a>.<\/p>\n","protected":false},"excerpt":{"rendered":"<p>Descubre un auto de lujo la maravillosa ciudad de Filadelfia, donde naci\u00f3 la declaraci\u00f3n de independencia y constituci\u00f3n del pa\u00eds. Explora la maravillosa exclusiva escena art\u00edstica y cultural de la ciudad junto a un gu\u00eda oficial privado.<\/p>\n","protected":false},"featured_media":84972,"comment_status":"open","ping_status":"closed","template":"","meta":{"_acf_changed":false},"product_brand":[],"product_cat":[1602,2015,2018,2017],"product_tag":[],"class_list":{"0":"post-75714","1":"product","2":"type-product","3":"status-publish","4":"has-post-thumbnail","6":"product_cat-eeuu-es","7":"product_cat-nueva-york-es","8":"product_cat-nueva-york-actividades-es","9":"product_cat-nueva-york-rutas-turisticas-privadas-es","11":"first","12":"instock","13":"shipping-taxable","14":"purchasable","15":"product-type-simple"},"acf":[],"yoast_head":"<!-- This site is optimized with the Yoast SEO Premium plugin v25.3.1 (Yoast SEO v25.3.1) - https:\/\/yoast.com\/wordpress\/plugins\/seo\/ -->\n<title>Tour Privado a Filadelfia desde Nueva York en veh\u00edculo privado<\/title>\n<meta name=\"description\" content=\"Disfrute de este Tour Privado a Filadelfia desde la ciudad de Nueva York con su chofer privado y visite los lugares mas exclusivoss junto a su gu\u00eda local.\" \/>\n<meta name=\"robots\" content=\"index, follow, max-snippet:-1, max-image-preview:large, max-video-preview:-1\" \/>\n<link rel=\"canonical\" href=\"https:\/\/tourtravelandmore.com\/es\/tours\/eeuu-es\/nueva-york-es\/nueva-york-rutas-turisticas-privadas-es\/tour-privado-de-dia-completo-en-filadelfia-desde-nueva-york\/\" \/>\n<meta property=\"og:locale\" content=\"es_ES\" \/>\n<meta property=\"og:type\" content=\"article\" \/>\n<meta property=\"og:title\" content=\"Tour Privado a Filadelfia desde Nueva York\" \/>\n<meta property=\"og:description\" content=\"Disfrute de este Tour Privado a Filadelfia desde la ciudad de Nueva York con su chofer privado y visite los lugares mas exclusivoss junto a su gu\u00eda local.\" \/>\n<meta property=\"og:url\" content=\"https:\/\/tourtravelandmore.com\/es\/tours\/eeuu-es\/nueva-york-es\/nueva-york-rutas-turisticas-privadas-es\/tour-privado-de-dia-completo-en-filadelfia-desde-nueva-york\/\" \/>\n<meta property=\"og:site_name\" content=\"Tour Travel And More\" \/>\n<meta property=\"article:publisher\" content=\"https:\/\/www.facebook.com\/tourtravelandmore\/\" \/>\n<meta property=\"article:modified_time\" content=\"2025-02-17T15:08:45+00:00\" \/>\n<meta property=\"og:image\" content=\"https:\/\/tourtravelandmore.com\/wp-content\/uploads\/2020\/01\/philadelphia.jpg\" \/>\n\t<meta property=\"og:image:width\" content=\"511\" \/>\n\t<meta property=\"og:image:height\" content=\"340\" \/>\n\t<meta property=\"og:image:type\" content=\"image\/jpeg\" \/>\n<meta name=\"twitter:card\" content=\"summary_large_image\" \/>\n<meta name=\"twitter:site\" content=\"@TourTravel_More\" \/>\n<meta name=\"twitter:label1\" content=\"Tiempo de lectura\" \/>\n\t<meta name=\"twitter:data1\" content=\"2 minutos\" \/>\n<script type=\"application\/ld+json\" class=\"yoast-schema-graph\">{\"@context\":\"https:\/\/schema.org\",\"@graph\":[{\"@type\":\"WebPage\",\"@id\":\"https:\/\/tourtravelandmore.com\/es\/tours\/eeuu-es\/nueva-york-es\/nueva-york-rutas-turisticas-privadas-es\/tour-privado-de-dia-completo-en-filadelfia-desde-nueva-york\/\",\"url\":\"https:\/\/tourtravelandmore.com\/es\/tours\/eeuu-es\/nueva-york-es\/nueva-york-rutas-turisticas-privadas-es\/tour-privado-de-dia-completo-en-filadelfia-desde-nueva-york\/\",\"name\":\"Tour Privado a Filadelfia desde Nueva York en veh\u00edculo privado\",\"isPartOf\":{\"@id\":\"https:\/\/tourtravelandmore.com\/es\/#website\"},\"primaryImageOfPage\":{\"@id\":\"https:\/\/tourtravelandmore.com\/es\/tours\/eeuu-es\/nueva-york-es\/nueva-york-rutas-turisticas-privadas-es\/tour-privado-de-dia-completo-en-filadelfia-desde-nueva-york\/#primaryimage\"},\"image\":{\"@id\":\"https:\/\/tourtravelandmore.com\/es\/tours\/eeuu-es\/nueva-york-es\/nueva-york-rutas-turisticas-privadas-es\/tour-privado-de-dia-completo-en-filadelfia-desde-nueva-york\/#primaryimage\"},\"thumbnailUrl\":\"https:\/\/tourtravelandmore.com\/wp-content\/uploads\/2020\/01\/philadelphia.jpg\",\"datePublished\":\"2020-01-29T10:38:43+00:00\",\"dateModified\":\"2025-02-17T15:08:45+00:00\",\"description\":\"Disfrute de este Tour Privado a Filadelfia desde la ciudad de Nueva York con su chofer privado y visite los lugares mas exclusivoss junto a su gu\u00eda local.\",\"breadcrumb\":{\"@id\":\"https:\/\/tourtravelandmore.com\/es\/tours\/eeuu-es\/nueva-york-es\/nueva-york-rutas-turisticas-privadas-es\/tour-privado-de-dia-completo-en-filadelfia-desde-nueva-york\/#breadcrumb\"},\"inLanguage\":\"es\",\"potentialAction\":[{\"@type\":\"ReadAction\",\"target\":[\"https:\/\/tourtravelandmore.com\/es\/tours\/eeuu-es\/nueva-york-es\/nueva-york-rutas-turisticas-privadas-es\/tour-privado-de-dia-completo-en-filadelfia-desde-nueva-york\/\"]}]},{\"@type\":\"ImageObject\",\"inLanguage\":\"es\",\"@id\":\"https:\/\/tourtravelandmore.com\/es\/tours\/eeuu-es\/nueva-york-es\/nueva-york-rutas-turisticas-privadas-es\/tour-privado-de-dia-completo-en-filadelfia-desde-nueva-york\/#primaryimage\",\"url\":\"https:\/\/tourtravelandmore.com\/wp-content\/uploads\/2020\/01\/philadelphia.jpg\",\"contentUrl\":\"https:\/\/tourtravelandmore.com\/wp-content\/uploads\/2020\/01\/philadelphia.jpg\",\"width\":511,\"height\":340},{\"@type\":\"BreadcrumbList\",\"@id\":\"https:\/\/tourtravelandmore.com\/es\/tours\/eeuu-es\/nueva-york-es\/nueva-york-rutas-turisticas-privadas-es\/tour-privado-de-dia-completo-en-filadelfia-desde-nueva-york\/#breadcrumb\",\"itemListElement\":[{\"@type\":\"ListItem\",\"position\":1,\"name\":\"Home\",\"item\":\"https:\/\/tourtravelandmore.com\/es\/\"},{\"@type\":\"ListItem\",\"position\":2,\"name\":\"Tours\",\"item\":\"https:\/\/tourtravelandmore.com\/es\/tours\/\"},{\"@type\":\"ListItem\",\"position\":3,\"name\":\"Tour Privado a Filadelfia desde Nueva York\"}]},{\"@type\":\"WebSite\",\"@id\":\"https:\/\/tourtravelandmore.com\/es\/#website\",\"url\":\"https:\/\/tourtravelandmore.com\/es\/\",\"name\":\"Tour Travel And More\",\"description\":\"Private sightseeing tours and luxury transfers in Spain\",\"publisher\":{\"@id\":\"https:\/\/tourtravelandmore.com\/es\/#organization\"},\"potentialAction\":[{\"@type\":\"SearchAction\",\"target\":{\"@type\":\"EntryPoint\",\"urlTemplate\":\"https:\/\/tourtravelandmore.com\/es\/?s={search_term_string}\"},\"query-input\":{\"@type\":\"PropertyValueSpecification\",\"valueRequired\":true,\"valueName\":\"search_term_string\"}}],\"inLanguage\":\"es\"},{\"@type\":\"Organization\",\"@id\":\"https:\/\/tourtravelandmore.com\/es\/#organization\",\"name\":\"Tour Travel And More\",\"url\":\"https:\/\/tourtravelandmore.com\/es\/\",\"logo\":{\"@type\":\"ImageObject\",\"inLanguage\":\"es\",\"@id\":\"https:\/\/tourtravelandmore.com\/es\/#\/schema\/logo\/image\/\",\"url\":\"https:\/\/tourtravelandmore.com\/wp-content\/uploads\/2022\/12\/cropped-logo-cabecera-new.png\",\"contentUrl\":\"https:\/\/tourtravelandmore.com\/wp-content\/uploads\/2022\/12\/cropped-logo-cabecera-new.png\",\"width\":430,\"height\":61,\"caption\":\"Tour Travel And More\"},\"image\":{\"@id\":\"https:\/\/tourtravelandmore.com\/es\/#\/schema\/logo\/image\/\"},\"sameAs\":[\"https:\/\/www.facebook.com\/tourtravelandmore\/\",\"https:\/\/x.com\/TourTravel_More\"]}]}<\/script>\n<!-- \/ Yoast SEO Premium plugin. -->","yoast_head_json":{"title":"Tour Privado a Filadelfia desde Nueva York en veh\u00edculo privado","description":"Disfrute de este Tour Privado a Filadelfia desde la ciudad de Nueva York con su chofer privado y visite los lugares mas exclusivoss junto a su gu\u00eda local.","robots":{"index":"index","follow":"follow","max-snippet":"max-snippet:-1","max-image-preview":"max-image-preview:large","max-video-preview":"max-video-preview:-1"},"canonical":"https:\/\/tourtravelandmore.com\/es\/tours\/eeuu-es\/nueva-york-es\/nueva-york-rutas-turisticas-privadas-es\/tour-privado-de-dia-completo-en-filadelfia-desde-nueva-york\/","og_locale":"es_ES","og_type":"article","og_title":"Tour Privado a Filadelfia desde Nueva York","og_description":"Disfrute de este Tour Privado a Filadelfia desde la ciudad de Nueva York con su chofer privado y visite los lugares mas exclusivoss junto a su gu\u00eda local.","og_url":"https:\/\/tourtravelandmore.com\/es\/tours\/eeuu-es\/nueva-york-es\/nueva-york-rutas-turisticas-privadas-es\/tour-privado-de-dia-completo-en-filadelfia-desde-nueva-york\/","og_site_name":"Tour Travel And More","article_publisher":"https:\/\/www.facebook.com\/tourtravelandmore\/","article_modified_time":"2025-02-17T15:08:45+00:00","og_image":[{"width":511,"height":340,"url":"https:\/\/tourtravelandmore.com\/wp-content\/uploads\/2020\/01\/philadelphia.jpg","type":"image\/jpeg"}],"twitter_card":"summary_large_image","twitter_site":"@TourTravel_More","twitter_misc":{"Tiempo de lectura":"2 minutos"},"schema":{"@context":"https:\/\/schema.org","@graph":[{"@type":"WebPage","@id":"https:\/\/tourtravelandmore.com\/es\/tours\/eeuu-es\/nueva-york-es\/nueva-york-rutas-turisticas-privadas-es\/tour-privado-de-dia-completo-en-filadelfia-desde-nueva-york\/","url":"https:\/\/tourtravelandmore.com\/es\/tours\/eeuu-es\/nueva-york-es\/nueva-york-rutas-turisticas-privadas-es\/tour-privado-de-dia-completo-en-filadelfia-desde-nueva-york\/","name":"Tour Privado a Filadelfia desde Nueva York en veh\u00edculo privado","isPartOf":{"@id":"https:\/\/tourtravelandmore.com\/es\/#website"},"primaryImageOfPage":{"@id":"https:\/\/tourtravelandmore.com\/es\/tours\/eeuu-es\/nueva-york-es\/nueva-york-rutas-turisticas-privadas-es\/tour-privado-de-dia-completo-en-filadelfia-desde-nueva-york\/#primaryimage"},"image":{"@id":"https:\/\/tourtravelandmore.com\/es\/tours\/eeuu-es\/nueva-york-es\/nueva-york-rutas-turisticas-privadas-es\/tour-privado-de-dia-completo-en-filadelfia-desde-nueva-york\/#primaryimage"},"thumbnailUrl":"https:\/\/tourtravelandmore.com\/wp-content\/uploads\/2020\/01\/philadelphia.jpg","datePublished":"2020-01-29T10:38:43+00:00","dateModified":"2025-02-17T15:08:45+00:00","description":"Disfrute de este Tour Privado a Filadelfia desde la ciudad de Nueva York con su chofer privado y visite los lugares mas exclusivoss junto a su gu\u00eda local.","breadcrumb":{"@id":"https:\/\/tourtravelandmore.com\/es\/tours\/eeuu-es\/nueva-york-es\/nueva-york-rutas-turisticas-privadas-es\/tour-privado-de-dia-completo-en-filadelfia-desde-nueva-york\/#breadcrumb"},"inLanguage":"es","potentialAction":[{"@type":"ReadAction","target":["https:\/\/tourtravelandmore.com\/es\/tours\/eeuu-es\/nueva-york-es\/nueva-york-rutas-turisticas-privadas-es\/tour-privado-de-dia-completo-en-filadelfia-desde-nueva-york\/"]}]},{"@type":"ImageObject","inLanguage":"es","@id":"https:\/\/tourtravelandmore.com\/es\/tours\/eeuu-es\/nueva-york-es\/nueva-york-rutas-turisticas-privadas-es\/tour-privado-de-dia-completo-en-filadelfia-desde-nueva-york\/#primaryimage","url":"https:\/\/tourtravelandmore.com\/wp-content\/uploads\/2020\/01\/philadelphia.jpg","contentUrl":"https:\/\/tourtravelandmore.com\/wp-content\/uploads\/2020\/01\/philadelphia.jpg","width":511,"height":340},{"@type":"BreadcrumbList","@id":"https:\/\/tourtravelandmore.com\/es\/tours\/eeuu-es\/nueva-york-es\/nueva-york-rutas-turisticas-privadas-es\/tour-privado-de-dia-completo-en-filadelfia-desde-nueva-york\/#breadcrumb","itemListElement":[{"@type":"ListItem","position":1,"name":"Home","item":"https:\/\/tourtravelandmore.com\/es\/"},{"@type":"ListItem","position":2,"name":"Tours","item":"https:\/\/tourtravelandmore.com\/es\/tours\/"},{"@type":"ListItem","position":3,"name":"Tour Privado a Filadelfia desde Nueva York"}]},{"@type":"WebSite","@id":"https:\/\/tourtravelandmore.com\/es\/#website","url":"https:\/\/tourtravelandmore.com\/es\/","name":"Tour Travel And More","description":"Private sightseeing tours and luxury transfers in Spain","publisher":{"@id":"https:\/\/tourtravelandmore.com\/es\/#organization"},"potentialAction":[{"@type":"SearchAction","target":{"@type":"EntryPoint","urlTemplate":"https:\/\/tourtravelandmore.com\/es\/?s={search_term_string}"},"query-input":{"@type":"PropertyValueSpecification","valueRequired":true,"valueName":"search_term_string"}}],"inLanguage":"es"},{"@type":"Organization","@id":"https:\/\/tourtravelandmore.com\/es\/#organization","name":"Tour Travel And More","url":"https:\/\/tourtravelandmore.com\/es\/","logo":{"@type":"ImageObject","inLanguage":"es","@id":"https:\/\/tourtravelandmore.com\/es\/#\/schema\/logo\/image\/","url":"https:\/\/tourtravelandmore.com\/wp-content\/uploads\/2022\/12\/cropped-logo-cabecera-new.png","contentUrl":"https:\/\/tourtravelandmore.com\/wp-content\/uploads\/2022\/12\/cropped-logo-cabecera-new.png","width":430,"height":61,"caption":"Tour Travel And More"},"image":{"@id":"https:\/\/tourtravelandmore.com\/es\/#\/schema\/logo\/image\/"},"sameAs":["https:\/\/www.facebook.com\/tourtravelandmore\/","https:\/\/x.com\/TourTravel_More"]}]}},"_links":{"self":[{"href":"https:\/\/tourtravelandmore.com\/es\/wp-json\/wp\/v2\/product\/75714","targetHints":{"allow":["GET"]}}],"collection":[{"href":"https:\/\/tourtravelandmore.com\/es\/wp-json\/wp\/v2\/product"}],"about":[{"href":"https:\/\/tourtravelandmore.com\/es\/wp-json\/wp\/v2\/types\/product"}],"replies":[{"embeddable":true,"href":"https:\/\/tourtravelandmore.com\/es\/wp-json\/wp\/v2\/comments?post=75714"}],"wp:featuredmedia":[{"embeddable":true,"href":"https:\/\/tourtravelandmore.com\/es\/wp-json\/wp\/v2\/media\/84972"}],"wp:attachment":[{"href":"https:\/\/tourtravelandmore.com\/es\/wp-json\/wp\/v2\/media?parent=75714"}],"wp:term":[{"taxonomy":"product_brand","embeddable":true,"href":"https:\/\/tourtravelandmore.com\/es\/wp-json\/wp\/v2\/product_brand?post=75714"},{"taxonomy":"product_cat","embeddable":true,"href":"https:\/\/tourtravelandmore.com\/es\/wp-json\/wp\/v2\/product_cat?post=75714"},{"taxonomy":"product_tag","embeddable":true,"href":"https:\/\/tourtravelandmore.com\/es\/wp-json\/wp\/v2\/product_tag?post=75714"}],"curies":[{"name":"wp","href":"https:\/\/api.w.org\/{rel}","templated":true}]}}