{"id":75616,"date":"2020-01-28T17:09:13","date_gmt":"2020-01-28T16:09:14","guid":{"rendered":"https:\/\/tourtravelandmore.com\/?post_type=product&#038;p=75616"},"modified":"2024-11-20T16:32:11","modified_gmt":"2024-11-20T15:32:11","slug":"tour-a-coruna-desde-santiago-de-compostela-tour-privado","status":"publish","type":"product","link":"https:\/\/tourtravelandmore.com\/es\/tours\/espana-es\/santiago-de-compostela-es\/santiago-de-compostela-actividades-es\/tour-a-coruna-desde-santiago-de-compostela-tour-privado\/","title":{"rendered":"Tour privado a La Coru\u00f1a desde Santiago de Compostela"},"content":{"rendered":"<h2><b>Tour privado de La Coru\u00f1a desde Santiago de Compostela Descripci\u00f3n<\/b><\/h2>\n<p>Explore la impresionante ciudad costera de La Coru\u00f1a en una excursi\u00f3n privada desde Santiago de Compostela. Su gu\u00eda privado le llevar\u00e1 en un recorrido de 5 horas por esta hermosa ciudad, mostr\u00e1ndole los mejores lugares de inter\u00e9s y d\u00e1ndole una comprensi\u00f3n m\u00e1s profunda de su historia y cultura.<\/p>\n<p>Durante este recorrido, tendr\u00e1 la oportunidad de ver algunos de los lugares m\u00e1s emblem\u00e1ticos de La Coru\u00f1a, como la Torre de H\u00e9rcules, el faro en funcionamiento m\u00e1s antiguo del mundo, y la hermosa plaza de Mar\u00eda Pita. Tambi\u00e9n tendr\u00e1 tiempo para explorar las encantadoras calles de la Ciudad Vieja y descubrir las tiendas y caf\u00e9s locales. Deje que nuestros gu\u00edas expertos le muestren lo mejor de La Coru\u00f1a en este tour privado personalizado.<\/p>\n<h2><b>Tour privado de La Coru\u00f1a desde Santiago de Compostela Punto de inter\u00e9s<\/b><\/h2>\n<p>La Coru\u00f1a es una ciudad repleta de historia y cultura, y no le faltar\u00e1n lugares fascinantes que explorar. Desde sus hermosas playas y pintorescos paseos mar\u00edtimos hasta su antiguo faro romano y su impresionante Torre de H\u00e9rcules, hay algo para todos los gustos en esta excursi\u00f3n privada.<\/p>\n<p>Durante su recorrido, tambi\u00e9n podr\u00e1 experimentar el vibrante ambiente de la ciudad y degustar su deliciosa cocina local. Con la flexibilidad de un recorrido privado, podr\u00e1 personalizar el itinerario seg\u00fan sus intereses y dedicar m\u00e1s tiempo a los lugares de inter\u00e9s que le cautiven. No pierda la oportunidad de descubrir todo lo que La Coru\u00f1a puede ofrecerle en esta excursi\u00f3n privada desde Santiago de Compostela con Tour Travel and More.<\/p>\n<h3><b>Torre de H\u00e9rcules:<\/b><\/h3>\n<p>Este antiguo faro romano es uno de los monumentos m\u00e1s emblem\u00e1ticos de La Coru\u00f1a y lleva en funcionamiento m\u00e1s de 2.000 a\u00f1os. Los visitantes pueden subir a la cima para disfrutar de unas vistas impresionantes de la ciudad y del mar m\u00e1s all\u00e1. Fue declarado Patrimonio de la Humanidad por la UNESCO en 2009 y es uno de los faros m\u00e1s antiguos a\u00fan en funcionamiento.<\/p>\n<h3><b>Plaza de Mar\u00eda Pita:<\/b><\/h3>\n<p>Llamada as\u00ed en honor a una hero\u00edna local que defendi\u00f3 la ciudad contra una invasi\u00f3n brit\u00e1nica en el siglo XVI, esta hermosa plaza es el coraz\u00f3n del casco antiguo de La Coru\u00f1a. Los visitantes pueden disfrutar de la impresionante arquitectura de los edificios que la rodean y relajarse en uno de los numerosos caf\u00e9s y restaurantes. La plaza tambi\u00e9n alberga un popular mercado semanal.<\/p>\n<h3><b>Jardines de San Carlos:<\/b><\/h3>\n<p>Estos hermosos jardines ofrecen unas vistas impresionantes de la ciudad y albergan una gran variedad de plantas y \u00e1rboles ex\u00f3ticos. Los visitantes pueden pasear por los jardines y relajarse en uno de los muchos bancos mientras contemplan las impresionantes vistas de La Coru\u00f1a. Los jardines tambi\u00e9n cuentan con una impresionante cascada y un encantador estanque.<\/p>\n<h3><b>Paseo H\u00e9rcules:<\/b><\/h3>\n<p>Este hermoso paseo mar\u00edtimo se extiende a lo largo de la costa y ofrece impresionantes vistas del oc\u00e9ano Atl\u00e1ntico. Los visitantes pueden pasear tranquilamente por el paseo mar\u00edtimo y disfrutar de la fresca brisa marina mientras admiran las impresionantes vistas. El paseo mar\u00edtimo alberga tambi\u00e9n varias esculturas y monumentos, entre ellos una estatua de Breog\u00e1n, un legendario rey celta.<\/p>\n<h3><b>Acuario de La Coru\u00f1a:<\/b><\/h3>\n<p>Hogar de una gran variedad de vida marina de la costa gallega, este acuario es una visita obligada para cualquiera que visite La Coru\u00f1a. Los visitantes pueden explorar los diferentes tanques y exhibiciones y aprender sobre la diversa vida marina que llama hogar a la costa gallega. El acuario tambi\u00e9n ofrece una experiencia \u00fanica de t\u00fanel submarino donde los visitantes pueden caminar por un t\u00fanel rodeados de tiburones y otras criaturas marinas.<\/p>\n<p>Para explorar m\u00e1s excursiones en <a href=\"https:\/\/tourtravelandmore.com\/es\/ciudad\/espana-es\/santiago-de-compostela-es\/\">Santiago de Compostela, visite el sitio web de Tour Travel and More.<\/a><\/p>\n","protected":false},"excerpt":{"rendered":"<p><span style=\"font-weight: 400;\">Descubra la belleza y la historia de La Coru\u00f1a en una excursi\u00f3n privada desde Santiago de Compostela. Con su propio gu\u00eda privado, tendr\u00e1 la oportunidad de explorar a fondo esta impresionante ciudad costera, aprendiendo por el camino sobre su fascinante historia y cultura. Desde su antiguo faro romano hasta sus hermosas playas y paseos mar\u00edtimos, hay algo para todos los gustos en esta inolvidable excursi\u00f3n<\/span><\/p>\n","protected":false},"featured_media":75626,"comment_status":"open","ping_status":"closed","template":"","meta":{"_acf_changed":false},"product_brand":[],"product_cat":[1868,1872,1874],"product_tag":[],"class_list":{"0":"post-75616","1":"product","2":"type-product","3":"status-publish","4":"has-post-thumbnail","6":"product_cat-santiago-de-compostela-es","7":"product_cat-santiago-de-compostela-actividades-es","8":"product_cat-santiago-de-compostela-rutas-turisticas-privadas-es","10":"first","11":"instock","12":"shipping-taxable","13":"purchasable","14":"product-type-simple"},"acf":[],"yoast_head":"<!-- This site is optimized with the Yoast SEO Premium plugin v25.3.1 (Yoast SEO v25.3.1) - https:\/\/yoast.com\/wordpress\/plugins\/seo\/ -->\n<title>\u27a1\ufe0f Tour A Coru\u00f1a desde Santiago de Compostela | Tour Travel &amp; More<\/title>\n<meta name=\"description\" content=\"Disfrute de este tour A Coru\u00f1a desde Santiago de Compostela, junto a su gu\u00eda oficial y vehiculo privado, y descubre la historia y monumentos de A Coru\u00f1a \u2705\" \/>\n<meta name=\"robots\" content=\"index, follow, max-snippet:-1, max-image-preview:large, max-video-preview:-1\" \/>\n<link rel=\"canonical\" href=\"https:\/\/tourtravelandmore.com\/es\/tours\/espana-es\/santiago-de-compostela-es\/santiago-de-compostela-actividades-es\/tour-a-coruna-desde-santiago-de-compostela-tour-privado\/\" \/>\n<meta property=\"og:locale\" content=\"es_ES\" \/>\n<meta property=\"og:type\" content=\"article\" \/>\n<meta property=\"og:title\" content=\"Tour privado a La Coru\u00f1a desde Santiago de Compostela\" \/>\n<meta property=\"og:description\" content=\"Disfrute de este tour A Coru\u00f1a desde Santiago de Compostela, junto a su gu\u00eda oficial y vehiculo privado, y descubre la historia y monumentos de A Coru\u00f1a \u2705\" \/>\n<meta property=\"og:url\" content=\"https:\/\/tourtravelandmore.com\/es\/tours\/espana-es\/santiago-de-compostela-es\/santiago-de-compostela-actividades-es\/tour-a-coruna-desde-santiago-de-compostela-tour-privado\/\" \/>\n<meta property=\"og:site_name\" content=\"Tour Travel And More\" \/>\n<meta property=\"article:publisher\" content=\"https:\/\/www.facebook.com\/tourtravelandmore\/\" \/>\n<meta property=\"article:modified_time\" content=\"2024-11-20T15:32:11+00:00\" \/>\n<meta property=\"og:image\" content=\"https:\/\/tourtravelandmore.com\/wp-content\/uploads\/2020\/01\/faro-vilan-3875989_960_720-1.jpg\" \/>\n\t<meta property=\"og:image:width\" content=\"960\" \/>\n\t<meta property=\"og:image:height\" content=\"640\" \/>\n\t<meta property=\"og:image:type\" content=\"image\/jpeg\" \/>\n<meta name=\"twitter:card\" content=\"summary_large_image\" \/>\n<meta name=\"twitter:site\" content=\"@TourTravel_More\" \/>\n<meta name=\"twitter:label1\" content=\"Tiempo de lectura\" \/>\n\t<meta name=\"twitter:data1\" content=\"3 minutos\" \/>\n<script type=\"application\/ld+json\" class=\"yoast-schema-graph\">{\"@context\":\"https:\/\/schema.org\",\"@graph\":[{\"@type\":\"WebPage\",\"@id\":\"https:\/\/tourtravelandmore.com\/es\/tours\/espana-es\/santiago-de-compostela-es\/santiago-de-compostela-actividades-es\/tour-a-coruna-desde-santiago-de-compostela-tour-privado\/\",\"url\":\"https:\/\/tourtravelandmore.com\/es\/tours\/espana-es\/santiago-de-compostela-es\/santiago-de-compostela-actividades-es\/tour-a-coruna-desde-santiago-de-compostela-tour-privado\/\",\"name\":\"\u27a1\ufe0f Tour A Coru\u00f1a desde Santiago de Compostela | Tour Travel & More\",\"isPartOf\":{\"@id\":\"https:\/\/tourtravelandmore.com\/es\/#website\"},\"primaryImageOfPage\":{\"@id\":\"https:\/\/tourtravelandmore.com\/es\/tours\/espana-es\/santiago-de-compostela-es\/santiago-de-compostela-actividades-es\/tour-a-coruna-desde-santiago-de-compostela-tour-privado\/#primaryimage\"},\"image\":{\"@id\":\"https:\/\/tourtravelandmore.com\/es\/tours\/espana-es\/santiago-de-compostela-es\/santiago-de-compostela-actividades-es\/tour-a-coruna-desde-santiago-de-compostela-tour-privado\/#primaryimage\"},\"thumbnailUrl\":\"https:\/\/tourtravelandmore.com\/wp-content\/uploads\/2020\/01\/faro-vilan-3875989_960_720-1.jpg\",\"datePublished\":\"2020-01-28T16:09:14+00:00\",\"dateModified\":\"2024-11-20T15:32:11+00:00\",\"description\":\"Disfrute de este tour A Coru\u00f1a desde Santiago de Compostela, junto a su gu\u00eda oficial y vehiculo privado, y descubre la historia y monumentos de A Coru\u00f1a \u2705\",\"breadcrumb\":{\"@id\":\"https:\/\/tourtravelandmore.com\/es\/tours\/espana-es\/santiago-de-compostela-es\/santiago-de-compostela-actividades-es\/tour-a-coruna-desde-santiago-de-compostela-tour-privado\/#breadcrumb\"},\"inLanguage\":\"es\",\"potentialAction\":[{\"@type\":\"ReadAction\",\"target\":[\"https:\/\/tourtravelandmore.com\/es\/tours\/espana-es\/santiago-de-compostela-es\/santiago-de-compostela-actividades-es\/tour-a-coruna-desde-santiago-de-compostela-tour-privado\/\"]}]},{\"@type\":\"ImageObject\",\"inLanguage\":\"es\",\"@id\":\"https:\/\/tourtravelandmore.com\/es\/tours\/espana-es\/santiago-de-compostela-es\/santiago-de-compostela-actividades-es\/tour-a-coruna-desde-santiago-de-compostela-tour-privado\/#primaryimage\",\"url\":\"https:\/\/tourtravelandmore.com\/wp-content\/uploads\/2020\/01\/faro-vilan-3875989_960_720-1.jpg\",\"contentUrl\":\"https:\/\/tourtravelandmore.com\/wp-content\/uploads\/2020\/01\/faro-vilan-3875989_960_720-1.jpg\",\"width\":960,\"height\":640},{\"@type\":\"BreadcrumbList\",\"@id\":\"https:\/\/tourtravelandmore.com\/es\/tours\/espana-es\/santiago-de-compostela-es\/santiago-de-compostela-actividades-es\/tour-a-coruna-desde-santiago-de-compostela-tour-privado\/#breadcrumb\",\"itemListElement\":[{\"@type\":\"ListItem\",\"position\":1,\"name\":\"Home\",\"item\":\"https:\/\/tourtravelandmore.com\/es\/\"},{\"@type\":\"ListItem\",\"position\":2,\"name\":\"Tours\",\"item\":\"https:\/\/tourtravelandmore.com\/es\/tours\/\"},{\"@type\":\"ListItem\",\"position\":3,\"name\":\"Tour privado a La Coru\u00f1a desde Santiago de Compostela\"}]},{\"@type\":\"WebSite\",\"@id\":\"https:\/\/tourtravelandmore.com\/es\/#website\",\"url\":\"https:\/\/tourtravelandmore.com\/es\/\",\"name\":\"Tour Travel And More\",\"description\":\"Private sightseeing tours and luxury transfers in Spain\",\"publisher\":{\"@id\":\"https:\/\/tourtravelandmore.com\/es\/#organization\"},\"potentialAction\":[{\"@type\":\"SearchAction\",\"target\":{\"@type\":\"EntryPoint\",\"urlTemplate\":\"https:\/\/tourtravelandmore.com\/es\/?s={search_term_string}\"},\"query-input\":{\"@type\":\"PropertyValueSpecification\",\"valueRequired\":true,\"valueName\":\"search_term_string\"}}],\"inLanguage\":\"es\"},{\"@type\":\"Organization\",\"@id\":\"https:\/\/tourtravelandmore.com\/es\/#organization\",\"name\":\"Tour Travel And More\",\"url\":\"https:\/\/tourtravelandmore.com\/es\/\",\"logo\":{\"@type\":\"ImageObject\",\"inLanguage\":\"es\",\"@id\":\"https:\/\/tourtravelandmore.com\/es\/#\/schema\/logo\/image\/\",\"url\":\"https:\/\/tourtravelandmore.com\/wp-content\/uploads\/2022\/12\/cropped-logo-cabecera-new.png\",\"contentUrl\":\"https:\/\/tourtravelandmore.com\/wp-content\/uploads\/2022\/12\/cropped-logo-cabecera-new.png\",\"width\":430,\"height\":61,\"caption\":\"Tour Travel And More\"},\"image\":{\"@id\":\"https:\/\/tourtravelandmore.com\/es\/#\/schema\/logo\/image\/\"},\"sameAs\":[\"https:\/\/www.facebook.com\/tourtravelandmore\/\",\"https:\/\/x.com\/TourTravel_More\"]}]}<\/script>\n<!-- \/ Yoast SEO Premium plugin. -->","yoast_head_json":{"title":"\u27a1\ufe0f Tour A Coru\u00f1a desde Santiago de Compostela | Tour Travel & More","description":"Disfrute de este tour A Coru\u00f1a desde Santiago de Compostela, junto a su gu\u00eda oficial y vehiculo privado, y descubre la historia y monumentos de A Coru\u00f1a \u2705","robots":{"index":"index","follow":"follow","max-snippet":"max-snippet:-1","max-image-preview":"max-image-preview:large","max-video-preview":"max-video-preview:-1"},"canonical":"https:\/\/tourtravelandmore.com\/es\/tours\/espana-es\/santiago-de-compostela-es\/santiago-de-compostela-actividades-es\/tour-a-coruna-desde-santiago-de-compostela-tour-privado\/","og_locale":"es_ES","og_type":"article","og_title":"Tour privado a La Coru\u00f1a desde Santiago de Compostela","og_description":"Disfrute de este tour A Coru\u00f1a desde Santiago de Compostela, junto a su gu\u00eda oficial y vehiculo privado, y descubre la historia y monumentos de A Coru\u00f1a \u2705","og_url":"https:\/\/tourtravelandmore.com\/es\/tours\/espana-es\/santiago-de-compostela-es\/santiago-de-compostela-actividades-es\/tour-a-coruna-desde-santiago-de-compostela-tour-privado\/","og_site_name":"Tour Travel And More","article_publisher":"https:\/\/www.facebook.com\/tourtravelandmore\/","article_modified_time":"2024-11-20T15:32:11+00:00","og_image":[{"width":960,"height":640,"url":"https:\/\/tourtravelandmore.com\/wp-content\/uploads\/2020\/01\/faro-vilan-3875989_960_720-1.jpg","type":"image\/jpeg"}],"twitter_card":"summary_large_image","twitter_site":"@TourTravel_More","twitter_misc":{"Tiempo de lectura":"3 minutos"},"schema":{"@context":"https:\/\/schema.org","@graph":[{"@type":"WebPage","@id":"https:\/\/tourtravelandmore.com\/es\/tours\/espana-es\/santiago-de-compostela-es\/santiago-de-compostela-actividades-es\/tour-a-coruna-desde-santiago-de-compostela-tour-privado\/","url":"https:\/\/tourtravelandmore.com\/es\/tours\/espana-es\/santiago-de-compostela-es\/santiago-de-compostela-actividades-es\/tour-a-coruna-desde-santiago-de-compostela-tour-privado\/","name":"\u27a1\ufe0f Tour A Coru\u00f1a desde Santiago de Compostela | Tour Travel & More","isPartOf":{"@id":"https:\/\/tourtravelandmore.com\/es\/#website"},"primaryImageOfPage":{"@id":"https:\/\/tourtravelandmore.com\/es\/tours\/espana-es\/santiago-de-compostela-es\/santiago-de-compostela-actividades-es\/tour-a-coruna-desde-santiago-de-compostela-tour-privado\/#primaryimage"},"image":{"@id":"https:\/\/tourtravelandmore.com\/es\/tours\/espana-es\/santiago-de-compostela-es\/santiago-de-compostela-actividades-es\/tour-a-coruna-desde-santiago-de-compostela-tour-privado\/#primaryimage"},"thumbnailUrl":"https:\/\/tourtravelandmore.com\/wp-content\/uploads\/2020\/01\/faro-vilan-3875989_960_720-1.jpg","datePublished":"2020-01-28T16:09:14+00:00","dateModified":"2024-11-20T15:32:11+00:00","description":"Disfrute de este tour A Coru\u00f1a desde Santiago de Compostela, junto a su gu\u00eda oficial y vehiculo privado, y descubre la historia y monumentos de A Coru\u00f1a \u2705","breadcrumb":{"@id":"https:\/\/tourtravelandmore.com\/es\/tours\/espana-es\/santiago-de-compostela-es\/santiago-de-compostela-actividades-es\/tour-a-coruna-desde-santiago-de-compostela-tour-privado\/#breadcrumb"},"inLanguage":"es","potentialAction":[{"@type":"ReadAction","target":["https:\/\/tourtravelandmore.com\/es\/tours\/espana-es\/santiago-de-compostela-es\/santiago-de-compostela-actividades-es\/tour-a-coruna-desde-santiago-de-compostela-tour-privado\/"]}]},{"@type":"ImageObject","inLanguage":"es","@id":"https:\/\/tourtravelandmore.com\/es\/tours\/espana-es\/santiago-de-compostela-es\/santiago-de-compostela-actividades-es\/tour-a-coruna-desde-santiago-de-compostela-tour-privado\/#primaryimage","url":"https:\/\/tourtravelandmore.com\/wp-content\/uploads\/2020\/01\/faro-vilan-3875989_960_720-1.jpg","contentUrl":"https:\/\/tourtravelandmore.com\/wp-content\/uploads\/2020\/01\/faro-vilan-3875989_960_720-1.jpg","width":960,"height":640},{"@type":"BreadcrumbList","@id":"https:\/\/tourtravelandmore.com\/es\/tours\/espana-es\/santiago-de-compostela-es\/santiago-de-compostela-actividades-es\/tour-a-coruna-desde-santiago-de-compostela-tour-privado\/#breadcrumb","itemListElement":[{"@type":"ListItem","position":1,"name":"Home","item":"https:\/\/tourtravelandmore.com\/es\/"},{"@type":"ListItem","position":2,"name":"Tours","item":"https:\/\/tourtravelandmore.com\/es\/tours\/"},{"@type":"ListItem","position":3,"name":"Tour privado a La Coru\u00f1a desde Santiago de Compostela"}]},{"@type":"WebSite","@id":"https:\/\/tourtravelandmore.com\/es\/#website","url":"https:\/\/tourtravelandmore.com\/es\/","name":"Tour Travel And More","description":"Private sightseeing tours and luxury transfers in Spain","publisher":{"@id":"https:\/\/tourtravelandmore.com\/es\/#organization"},"potentialAction":[{"@type":"SearchAction","target":{"@type":"EntryPoint","urlTemplate":"https:\/\/tourtravelandmore.com\/es\/?s={search_term_string}"},"query-input":{"@type":"PropertyValueSpecification","valueRequired":true,"valueName":"search_term_string"}}],"inLanguage":"es"},{"@type":"Organization","@id":"https:\/\/tourtravelandmore.com\/es\/#organization","name":"Tour Travel And More","url":"https:\/\/tourtravelandmore.com\/es\/","logo":{"@type":"ImageObject","inLanguage":"es","@id":"https:\/\/tourtravelandmore.com\/es\/#\/schema\/logo\/image\/","url":"https:\/\/tourtravelandmore.com\/wp-content\/uploads\/2022\/12\/cropped-logo-cabecera-new.png","contentUrl":"https:\/\/tourtravelandmore.com\/wp-content\/uploads\/2022\/12\/cropped-logo-cabecera-new.png","width":430,"height":61,"caption":"Tour Travel And More"},"image":{"@id":"https:\/\/tourtravelandmore.com\/es\/#\/schema\/logo\/image\/"},"sameAs":["https:\/\/www.facebook.com\/tourtravelandmore\/","https:\/\/x.com\/TourTravel_More"]}]}},"_links":{"self":[{"href":"https:\/\/tourtravelandmore.com\/es\/wp-json\/wp\/v2\/product\/75616","targetHints":{"allow":["GET"]}}],"collection":[{"href":"https:\/\/tourtravelandmore.com\/es\/wp-json\/wp\/v2\/product"}],"about":[{"href":"https:\/\/tourtravelandmore.com\/es\/wp-json\/wp\/v2\/types\/product"}],"replies":[{"embeddable":true,"href":"https:\/\/tourtravelandmore.com\/es\/wp-json\/wp\/v2\/comments?post=75616"}],"wp:featuredmedia":[{"embeddable":true,"href":"https:\/\/tourtravelandmore.com\/es\/wp-json\/wp\/v2\/media\/75626"}],"wp:attachment":[{"href":"https:\/\/tourtravelandmore.com\/es\/wp-json\/wp\/v2\/media?parent=75616"}],"wp:term":[{"taxonomy":"product_brand","embeddable":true,"href":"https:\/\/tourtravelandmore.com\/es\/wp-json\/wp\/v2\/product_brand?post=75616"},{"taxonomy":"product_cat","embeddable":true,"href":"https:\/\/tourtravelandmore.com\/es\/wp-json\/wp\/v2\/product_cat?post=75616"},{"taxonomy":"product_tag","embeddable":true,"href":"https:\/\/tourtravelandmore.com\/es\/wp-json\/wp\/v2\/product_tag?post=75616"}],"curies":[{"name":"wp","href":"https:\/\/api.w.org\/{rel}","templated":true}]}}