{"id":75560,"date":"2020-01-27T14:35:58","date_gmt":"2020-01-27T13:36:00","guid":{"rendered":"https:\/\/tourtravelandmore.com\/?post_type=product&#038;p=75560"},"modified":"2024-08-01T21:44:49","modified_gmt":"2024-08-01T19:44:49","slug":"tour-privado-de-dia-completo-en-washington-desde-nueva-york","status":"publish","type":"product","link":"https:\/\/tourtravelandmore.com\/es\/tours\/eeuu-es\/nueva-york-es\/nueva-york-rutas-turisticas-privadas-es\/tour-privado-de-dia-completo-en-washington-desde-nueva-york\/","title":{"rendered":"Tour Privado a Washington"},"content":{"rendered":"<h2><b><strong>Descripci\u00f3n<\/strong><\/b><\/h2>\n<p>Estar en Nueva York le da la posibilidad de visitar muchas otras ciudades desde all\u00ed. Disfrute de esta <b><strong>excursi\u00f3n privada a Washington desde Nueva<\/strong><\/b> York junto a un <b><strong>ch\u00f3fer privado en un veh\u00edculo de lujo<\/strong><\/b>. Una vez en Washington D.C. se reunir\u00e1 con su <b><strong>gu\u00eda oficial<\/strong><\/b> privado para realizar una visita guiada de 4 horas. Prep\u00e1rese para explorar los lugares m\u00e1s emblem\u00e1ticos y bonitos de esta maravillosa ciudad.<\/p>\n<p>Al tratarse de un recorrido privado, podr\u00e1 elegir el punto de partida en Nueva York. Se trata de un recorrido de 14 horas, por lo que la recogida ser\u00e1 a primera hora de la ma\u00f1ana.<\/p>\n<p><b><strong>Washington D.C<\/strong><\/b>. es la capital de Estados Unidos. La ciudad est\u00e1 situada a orillas del r\u00edo Potomac, que limita con los estados de Maryland y Virginia. Como ya sabemos, Washington se caracteriza por sus imponentes monumentos y edificios neocl\u00e1sicos. Aqu\u00ed encontrar\u00e1 los edificios que albergan los 3 poderes del gobierno federal: <b><strong>el Capitolio<\/strong><\/b>, <b><strong>la Casa Blanca<\/strong><\/b> y el <b><strong>Tribunal Supremo.<\/strong><\/b><\/p>\n<p>Disfrute al m\u00e1ximo de esta excursi\u00f3n privada a Washington desde Nueva York. Aproveche la oportunidad de conocer la historia de este incre\u00edble lugar.<\/p>\n<h2><b><strong>Puntos de inter\u00e9s y lugares emblem\u00e1ticos<\/strong><\/b><\/h2>\n<p>En primer lugar, su ch\u00f3fer privado le recoger\u00e1 en el lugar que elija de Nueva York. El viaje a <b><strong>Washington<\/strong><\/b> durar\u00e1 aproximadamente 4 horas. Una vez all\u00ed, se reunir\u00e1 con su gu\u00eda oficial privado.<\/p>\n<p>T\u00f3mese una foto y disfrute de la vista de la <b><strong>Casa<\/strong><\/b> Blanca, despu\u00e9s cruce la calle y pasee por el parque donde tienen lugar la mayor\u00eda de las protestas pol\u00edticas en DC. Conozca la historia del gobierno de Estados Unidos en su visita al <b><strong>Centro de Visitantes del Capitolio.<\/strong><\/b><\/p>\n<p>Conozca los monumentos m\u00e1s importantes de Washington DC cuando visite todos los monumentos y memoriales distribuidos por la ciudad. Emp\u00e1pese de la naturaleza del mundo en su visita al <b><strong>Museo de Historia<\/strong><\/b> Natural y su exhibici\u00f3n en un tanque de 6.800 litros de arrecife de coral. Viaje en el tiempo y conozca en profundidad la cultura de Estados Unidos <b><strong>en las<\/strong><\/b> exposiciones del Museo <b><strong>de Historia Americana<\/strong><\/b>, con sus objetos \u00fanicos que van desde un bast\u00f3n utilizado por Benjamin Franklin o el reloj de bolsillo de oro de Abraham Lincoln hasta los guantes de boxeo de Muhammad Ali.<\/p>\n<p>Tambi\u00e9n le proponemos visitar<\/p>\n<ul>\n<li><b><strong>Cementerio Nacional de Arlington<\/strong><\/b><\/li>\n<li><b><strong>Tribunal Supremo<\/strong><\/b><\/li>\n<li><b><strong>Monumento a Jefferson<\/strong><\/b><\/li>\n<li><b><strong>Monumento a Lincoln<\/strong><\/b><\/li>\n<li><b><strong>Biblioteca del Congreso<\/strong><\/b><\/li>\n<li><b><strong>Monumento a los Veteranos de Vietnam<\/strong><\/b><\/li>\n<li><b><strong>Monumento a Washington<\/strong><\/b><\/li>\n<li><b><strong>Paseo Nacional<\/strong><\/b><\/li>\n<li><b><strong>Museo Nacional del Aire y del Espacio<\/strong><\/b><\/li>\n<li><b><strong>Monumento a los Veteranos de la Guerra de Corea<\/strong><\/b><\/li>\n<li><a href=\"\u00abhttps:\/\/www.visitthecapitol.gov\/\u00bb\">Capitolio de los Estados Unidos<\/a><\/li>\n<li><b><strong>Monumento Nacional a la Segunda Guerra Mundial<\/strong><\/b><\/li>\n<li><b><strong>Monumento a Martin Luther King, Jr.<\/strong><\/b> <b><strong>Memorial<\/strong><\/b><\/li>\n<li><b><strong>Pent\u00e1gono<\/strong><\/b><\/li>\n<li><b><strong>Departamento de Estado<\/strong><\/b><\/li>\n<li><b><strong>Tesoro<\/strong><\/b><\/li>\n<\/ul>\n<p>Finalmente, su ch\u00f3fer privado le llevar\u00e1 de vuelta a su punto de partida en NY.<\/p>\n<p>Otro tour incre\u00edble que merece la pena hacer, es nuestro <a href=\"\u00abhttps:\/\/tourtravelandmore.com\/?p=74387\u00bb\/\">tour privado por el centro hist\u00f3rico y el memorial del 11-S<\/a>, \u00a1\u00e9chele un vistazo!<\/p>\n","protected":false},"excerpt":{"rendered":"<p>\u00bfSe atreve a conocer un poco mas all\u00e1 de la Gran Manzana? Le invitamos a visitar la capital de los Estados Unidos junto a un gu\u00eda oficial privado. Podemos coordinar un coche desde Nueva York o bien billetes de tren. Conozca la Casa Blanca, El Capitolio de los Estados Unidos, la Biblioteca del Congreso y muchos otros sitios de inter\u00e9s!<\/p>\n","protected":false},"featured_media":75699,"comment_status":"open","ping_status":"closed","template":"","meta":{"_acf_changed":false},"product_brand":[],"product_cat":[1602,2015,2018,2017],"product_tag":[],"class_list":{"0":"post-75560","1":"product","2":"type-product","3":"status-publish","4":"has-post-thumbnail","6":"product_cat-eeuu-es","7":"product_cat-nueva-york-es","8":"product_cat-nueva-york-actividades-es","9":"product_cat-nueva-york-rutas-turisticas-privadas-es","11":"first","12":"instock","13":"shipping-taxable","14":"purchasable","15":"product-type-simple"},"acf":[],"yoast_head":"<!-- This site is optimized with the Yoast SEO Premium plugin v25.3.1 (Yoast SEO v25.3.1) - https:\/\/yoast.com\/wordpress\/plugins\/seo\/ -->\n<title>Tour Privado de D\u00eda completo en Washington desde Nueva York<\/title>\n<meta name=\"description\" content=\"\u00bfQuiere conocer la famosa capital de los Estados Unidos? Permitanos llevarle a explorar sus maravillosos monumentos, sus deslumbrantes museos y la Casa Blanca entre otros.\" \/>\n<meta name=\"robots\" content=\"index, follow, max-snippet:-1, max-image-preview:large, max-video-preview:-1\" \/>\n<link rel=\"canonical\" href=\"https:\/\/tourtravelandmore.com\/es\/tours\/eeuu-es\/nueva-york-es\/tour-privado-de-dia-completo-en-washington-desde-nueva-york\/\" \/>\n<meta property=\"og:locale\" content=\"es_ES\" \/>\n<meta property=\"og:type\" content=\"article\" \/>\n<meta property=\"og:title\" content=\"Tour Privado a Washington\" \/>\n<meta property=\"og:description\" content=\"\u00bfQuiere conocer la famosa capital de los Estados Unidos? Permitanos llevarle a explorar sus maravillosos monumentos, sus deslumbrantes museos y la Casa Blanca entre otros.\" \/>\n<meta property=\"og:url\" content=\"https:\/\/tourtravelandmore.com\/es\/tours\/eeuu-es\/nueva-york-es\/tour-privado-de-dia-completo-en-washington-desde-nueva-york\/\" \/>\n<meta property=\"og:site_name\" content=\"Tour Travel And More\" \/>\n<meta property=\"article:publisher\" content=\"https:\/\/www.facebook.com\/tourtravelandmore\/\" \/>\n<meta property=\"article:modified_time\" content=\"2024-08-01T19:44:49+00:00\" \/>\n<meta property=\"og:image\" content=\"https:\/\/tourtravelandmore.com\/wp-content\/uploads\/2020\/01\/n51.jpg\" \/>\n\t<meta property=\"og:image:width\" content=\"1024\" \/>\n\t<meta property=\"og:image:height\" content=\"527\" \/>\n\t<meta property=\"og:image:type\" content=\"image\/jpeg\" \/>\n<meta name=\"twitter:card\" content=\"summary_large_image\" \/>\n<meta name=\"twitter:site\" content=\"@TourTravel_More\" \/>\n<meta name=\"twitter:label1\" content=\"Tiempo de lectura\" \/>\n\t<meta name=\"twitter:data1\" content=\"3 minutos\" \/>\n<script type=\"application\/ld+json\" class=\"yoast-schema-graph\">{\"@context\":\"https:\/\/schema.org\",\"@graph\":[{\"@type\":\"WebPage\",\"@id\":\"https:\/\/tourtravelandmore.com\/es\/tours\/eeuu-es\/nueva-york-es\/nueva-york-rutas-turisticas-privadas-es\/tour-privado-de-dia-completo-en-washington-desde-nueva-york\/\",\"url\":\"https:\/\/tourtravelandmore.com\/es\/tours\/eeuu-es\/nueva-york-es\/tour-privado-de-dia-completo-en-washington-desde-nueva-york\/\",\"name\":\"Tour Privado de D\u00eda completo en Washington desde Nueva York\",\"isPartOf\":{\"@id\":\"https:\/\/tourtravelandmore.com\/es\/#website\"},\"primaryImageOfPage\":{\"@id\":\"https:\/\/tourtravelandmore.com\/es\/tours\/eeuu-es\/nueva-york-es\/tour-privado-de-dia-completo-en-washington-desde-nueva-york\/#primaryimage\"},\"image\":{\"@id\":\"https:\/\/tourtravelandmore.com\/es\/tours\/eeuu-es\/nueva-york-es\/tour-privado-de-dia-completo-en-washington-desde-nueva-york\/#primaryimage\"},\"thumbnailUrl\":\"https:\/\/tourtravelandmore.com\/wp-content\/uploads\/2020\/01\/n51.jpg\",\"datePublished\":\"2020-01-27T13:36:00+00:00\",\"dateModified\":\"2024-08-01T19:44:49+00:00\",\"description\":\"\u00bfQuiere conocer la famosa capital de los Estados Unidos? Permitanos llevarle a explorar sus maravillosos monumentos, sus deslumbrantes museos y la Casa Blanca entre otros.\",\"breadcrumb\":{\"@id\":\"https:\/\/tourtravelandmore.com\/es\/tours\/eeuu-es\/nueva-york-es\/tour-privado-de-dia-completo-en-washington-desde-nueva-york\/#breadcrumb\"},\"inLanguage\":\"es\",\"potentialAction\":[{\"@type\":\"ReadAction\",\"target\":[\"https:\/\/tourtravelandmore.com\/es\/tours\/eeuu-es\/nueva-york-es\/tour-privado-de-dia-completo-en-washington-desde-nueva-york\/\"]}]},{\"@type\":\"ImageObject\",\"inLanguage\":\"es\",\"@id\":\"https:\/\/tourtravelandmore.com\/es\/tours\/eeuu-es\/nueva-york-es\/tour-privado-de-dia-completo-en-washington-desde-nueva-york\/#primaryimage\",\"url\":\"https:\/\/tourtravelandmore.com\/wp-content\/uploads\/2020\/01\/n51.jpg\",\"contentUrl\":\"https:\/\/tourtravelandmore.com\/wp-content\/uploads\/2020\/01\/n51.jpg\",\"width\":1024,\"height\":527},{\"@type\":\"BreadcrumbList\",\"@id\":\"https:\/\/tourtravelandmore.com\/es\/tours\/eeuu-es\/nueva-york-es\/tour-privado-de-dia-completo-en-washington-desde-nueva-york\/#breadcrumb\",\"itemListElement\":[{\"@type\":\"ListItem\",\"position\":1,\"name\":\"Home\",\"item\":\"https:\/\/tourtravelandmore.com\/es\/\"},{\"@type\":\"ListItem\",\"position\":2,\"name\":\"Tours\",\"item\":\"https:\/\/tourtravelandmore.com\/es\/tours\/\"},{\"@type\":\"ListItem\",\"position\":3,\"name\":\"Tour Privado a Washington\"}]},{\"@type\":\"WebSite\",\"@id\":\"https:\/\/tourtravelandmore.com\/es\/#website\",\"url\":\"https:\/\/tourtravelandmore.com\/es\/\",\"name\":\"Tour Travel And More\",\"description\":\"Private sightseeing tours and luxury transfers in Spain\",\"publisher\":{\"@id\":\"https:\/\/tourtravelandmore.com\/es\/#organization\"},\"potentialAction\":[{\"@type\":\"SearchAction\",\"target\":{\"@type\":\"EntryPoint\",\"urlTemplate\":\"https:\/\/tourtravelandmore.com\/es\/?s={search_term_string}\"},\"query-input\":{\"@type\":\"PropertyValueSpecification\",\"valueRequired\":true,\"valueName\":\"search_term_string\"}}],\"inLanguage\":\"es\"},{\"@type\":\"Organization\",\"@id\":\"https:\/\/tourtravelandmore.com\/es\/#organization\",\"name\":\"Tour Travel And More\",\"url\":\"https:\/\/tourtravelandmore.com\/es\/\",\"logo\":{\"@type\":\"ImageObject\",\"inLanguage\":\"es\",\"@id\":\"https:\/\/tourtravelandmore.com\/es\/#\/schema\/logo\/image\/\",\"url\":\"https:\/\/tourtravelandmore.com\/wp-content\/uploads\/2022\/12\/cropped-logo-cabecera-new.png\",\"contentUrl\":\"https:\/\/tourtravelandmore.com\/wp-content\/uploads\/2022\/12\/cropped-logo-cabecera-new.png\",\"width\":430,\"height\":61,\"caption\":\"Tour Travel And More\"},\"image\":{\"@id\":\"https:\/\/tourtravelandmore.com\/es\/#\/schema\/logo\/image\/\"},\"sameAs\":[\"https:\/\/www.facebook.com\/tourtravelandmore\/\",\"https:\/\/x.com\/TourTravel_More\"]}]}<\/script>\n<!-- \/ Yoast SEO Premium plugin. -->","yoast_head_json":{"title":"Tour Privado de D\u00eda completo en Washington desde Nueva York","description":"\u00bfQuiere conocer la famosa capital de los Estados Unidos? Permitanos llevarle a explorar sus maravillosos monumentos, sus deslumbrantes museos y la Casa Blanca entre otros.","robots":{"index":"index","follow":"follow","max-snippet":"max-snippet:-1","max-image-preview":"max-image-preview:large","max-video-preview":"max-video-preview:-1"},"canonical":"https:\/\/tourtravelandmore.com\/es\/tours\/eeuu-es\/nueva-york-es\/tour-privado-de-dia-completo-en-washington-desde-nueva-york\/","og_locale":"es_ES","og_type":"article","og_title":"Tour Privado a Washington","og_description":"\u00bfQuiere conocer la famosa capital de los Estados Unidos? Permitanos llevarle a explorar sus maravillosos monumentos, sus deslumbrantes museos y la Casa Blanca entre otros.","og_url":"https:\/\/tourtravelandmore.com\/es\/tours\/eeuu-es\/nueva-york-es\/tour-privado-de-dia-completo-en-washington-desde-nueva-york\/","og_site_name":"Tour Travel And More","article_publisher":"https:\/\/www.facebook.com\/tourtravelandmore\/","article_modified_time":"2024-08-01T19:44:49+00:00","og_image":[{"width":1024,"height":527,"url":"https:\/\/tourtravelandmore.com\/wp-content\/uploads\/2020\/01\/n51.jpg","type":"image\/jpeg"}],"twitter_card":"summary_large_image","twitter_site":"@TourTravel_More","twitter_misc":{"Tiempo de lectura":"3 minutos"},"schema":{"@context":"https:\/\/schema.org","@graph":[{"@type":"WebPage","@id":"https:\/\/tourtravelandmore.com\/es\/tours\/eeuu-es\/nueva-york-es\/nueva-york-rutas-turisticas-privadas-es\/tour-privado-de-dia-completo-en-washington-desde-nueva-york\/","url":"https:\/\/tourtravelandmore.com\/es\/tours\/eeuu-es\/nueva-york-es\/tour-privado-de-dia-completo-en-washington-desde-nueva-york\/","name":"Tour Privado de D\u00eda completo en Washington desde Nueva York","isPartOf":{"@id":"https:\/\/tourtravelandmore.com\/es\/#website"},"primaryImageOfPage":{"@id":"https:\/\/tourtravelandmore.com\/es\/tours\/eeuu-es\/nueva-york-es\/tour-privado-de-dia-completo-en-washington-desde-nueva-york\/#primaryimage"},"image":{"@id":"https:\/\/tourtravelandmore.com\/es\/tours\/eeuu-es\/nueva-york-es\/tour-privado-de-dia-completo-en-washington-desde-nueva-york\/#primaryimage"},"thumbnailUrl":"https:\/\/tourtravelandmore.com\/wp-content\/uploads\/2020\/01\/n51.jpg","datePublished":"2020-01-27T13:36:00+00:00","dateModified":"2024-08-01T19:44:49+00:00","description":"\u00bfQuiere conocer la famosa capital de los Estados Unidos? Permitanos llevarle a explorar sus maravillosos monumentos, sus deslumbrantes museos y la Casa Blanca entre otros.","breadcrumb":{"@id":"https:\/\/tourtravelandmore.com\/es\/tours\/eeuu-es\/nueva-york-es\/tour-privado-de-dia-completo-en-washington-desde-nueva-york\/#breadcrumb"},"inLanguage":"es","potentialAction":[{"@type":"ReadAction","target":["https:\/\/tourtravelandmore.com\/es\/tours\/eeuu-es\/nueva-york-es\/tour-privado-de-dia-completo-en-washington-desde-nueva-york\/"]}]},{"@type":"ImageObject","inLanguage":"es","@id":"https:\/\/tourtravelandmore.com\/es\/tours\/eeuu-es\/nueva-york-es\/tour-privado-de-dia-completo-en-washington-desde-nueva-york\/#primaryimage","url":"https:\/\/tourtravelandmore.com\/wp-content\/uploads\/2020\/01\/n51.jpg","contentUrl":"https:\/\/tourtravelandmore.com\/wp-content\/uploads\/2020\/01\/n51.jpg","width":1024,"height":527},{"@type":"BreadcrumbList","@id":"https:\/\/tourtravelandmore.com\/es\/tours\/eeuu-es\/nueva-york-es\/tour-privado-de-dia-completo-en-washington-desde-nueva-york\/#breadcrumb","itemListElement":[{"@type":"ListItem","position":1,"name":"Home","item":"https:\/\/tourtravelandmore.com\/es\/"},{"@type":"ListItem","position":2,"name":"Tours","item":"https:\/\/tourtravelandmore.com\/es\/tours\/"},{"@type":"ListItem","position":3,"name":"Tour Privado a Washington"}]},{"@type":"WebSite","@id":"https:\/\/tourtravelandmore.com\/es\/#website","url":"https:\/\/tourtravelandmore.com\/es\/","name":"Tour Travel And More","description":"Private sightseeing tours and luxury transfers in Spain","publisher":{"@id":"https:\/\/tourtravelandmore.com\/es\/#organization"},"potentialAction":[{"@type":"SearchAction","target":{"@type":"EntryPoint","urlTemplate":"https:\/\/tourtravelandmore.com\/es\/?s={search_term_string}"},"query-input":{"@type":"PropertyValueSpecification","valueRequired":true,"valueName":"search_term_string"}}],"inLanguage":"es"},{"@type":"Organization","@id":"https:\/\/tourtravelandmore.com\/es\/#organization","name":"Tour Travel And More","url":"https:\/\/tourtravelandmore.com\/es\/","logo":{"@type":"ImageObject","inLanguage":"es","@id":"https:\/\/tourtravelandmore.com\/es\/#\/schema\/logo\/image\/","url":"https:\/\/tourtravelandmore.com\/wp-content\/uploads\/2022\/12\/cropped-logo-cabecera-new.png","contentUrl":"https:\/\/tourtravelandmore.com\/wp-content\/uploads\/2022\/12\/cropped-logo-cabecera-new.png","width":430,"height":61,"caption":"Tour Travel And More"},"image":{"@id":"https:\/\/tourtravelandmore.com\/es\/#\/schema\/logo\/image\/"},"sameAs":["https:\/\/www.facebook.com\/tourtravelandmore\/","https:\/\/x.com\/TourTravel_More"]}]}},"_links":{"self":[{"href":"https:\/\/tourtravelandmore.com\/es\/wp-json\/wp\/v2\/product\/75560","targetHints":{"allow":["GET"]}}],"collection":[{"href":"https:\/\/tourtravelandmore.com\/es\/wp-json\/wp\/v2\/product"}],"about":[{"href":"https:\/\/tourtravelandmore.com\/es\/wp-json\/wp\/v2\/types\/product"}],"replies":[{"embeddable":true,"href":"https:\/\/tourtravelandmore.com\/es\/wp-json\/wp\/v2\/comments?post=75560"}],"wp:featuredmedia":[{"embeddable":true,"href":"https:\/\/tourtravelandmore.com\/es\/wp-json\/wp\/v2\/media\/75699"}],"wp:attachment":[{"href":"https:\/\/tourtravelandmore.com\/es\/wp-json\/wp\/v2\/media?parent=75560"}],"wp:term":[{"taxonomy":"product_brand","embeddable":true,"href":"https:\/\/tourtravelandmore.com\/es\/wp-json\/wp\/v2\/product_brand?post=75560"},{"taxonomy":"product_cat","embeddable":true,"href":"https:\/\/tourtravelandmore.com\/es\/wp-json\/wp\/v2\/product_cat?post=75560"},{"taxonomy":"product_tag","embeddable":true,"href":"https:\/\/tourtravelandmore.com\/es\/wp-json\/wp\/v2\/product_tag?post=75560"}],"curies":[{"name":"wp","href":"https:\/\/api.w.org\/{rel}","templated":true}]}}