{"id":75395,"date":"2020-01-24T16:34:58","date_gmt":"2020-01-24T15:34:58","guid":{"rendered":"https:\/\/tourtravelandmore.com\/?post_type=product&#038;p=75395"},"modified":"2023-03-14T05:23:28","modified_gmt":"2023-03-14T04:23:28","slug":"tour-a-pie-vigo-tour-privado-con-guia-oficial-y-recogida","status":"publish","type":"product","link":"https:\/\/tourtravelandmore.com\/es\/tours\/espana-es\/vigo-es\/vigo-excursiones-es\/tour-a-pie-vigo-tour-privado-con-guia-oficial-y-recogida\/","title":{"rendered":"Tour Privado a pie Vigo"},"content":{"rendered":"<h2><strong>Descripci\u00f3n del Tour Privado a pie Vigo<\/strong><\/h2>\n<p>Disfruta de este tour a pie de Vigo con gu\u00eda oficial privado y descubre la ciudad, gracias a este tour privado.<\/p>\n<p>Este <strong>tour privado<\/strong> est\u00e1 pensado para aquellos que quieran disfrutar al m\u00e1ximo de la ciudad de Vigo sin perderse de los detalles m\u00e1s importantes que hacen de esta ciudad uno de los puntos tur\u00edsticos m\u00e1s significativos de toda <strong>Galicia<\/strong>.<\/p>\n<p>La duraci\u00f3n de este tour a pie Vigo es de 3 horas, puedes escoger la Hora de comienzo. El punto de encuentro ser\u00e1 un lugar c\u00e9ntrico de la ciudad, si su hotel est\u00e1 en el centro el gu\u00eda le puede recoger desde all\u00ed.<\/p>\n<h2>Puntos de inter\u00e9s en el Tour Privado a pie Vigo<\/h2>\n<p>El punto de encuentro con tu gu\u00eda ser\u00e1 en la <strong>Plaza Puerta del Sol,<\/strong> la cual se encuentra en pleno coraz\u00f3n de Vigo, justo debajo de la famosa <strong>escultura del Sireno<\/strong>.<\/p>\n<p>Durante el recorrido no solo disfrutar\u00e1s de la belleza arquitect\u00f3nica y natural del paisaje, tambi\u00e9n descubrir\u00e1s las f\u00e1bulas y creencias propias de una cultura rica en su imaginario popular. Meigas, mouras, vampiros y los bishomes, son algunos de los personajes que aparecer\u00e1n de cuando en cuando en la narraci\u00f3n de tu gu\u00eda y cuya existencia est\u00e1 muy vinculada a la regi\u00f3n.<\/p>\n<p>Uno de los lugares que no puede faltar en nuestro itinerario es la <strong>Fortaleza de San Sebasti\u00e1n<\/strong>, escondida en un peque\u00f1o cerro que se yergue en pleno casco central de la ciudad. Se trata de una fortaleza casi secreta que durante muchos a\u00f1os fue la principal defensa de Vigo. No obstante, hoy en d\u00eda es uno de los miradores m\u00e1s espectaculares desde donde se puede contemplar todo el esplendor de esta ciudad costera.<\/p>\n<p>Luego nos dirigiremos hacia el <strong>Casco Viejo<\/strong> de la ciudad y descubriremos la <strong>Leyenda del Olivo<\/strong>, el \u00e1rbol que est\u00e1 representado en el escudo her\u00e1ldico de la urbe y qu\u00e9 posee una historia de lo m\u00e1s asombrosa, cargada de fe, caballeros templarios y la promesa de mantenerse firme hasta el fin de los tiempos\u2026 De eso y muchas cosas m\u00e1s hablaremos en detalle durante este bell\u00edsimo recorrido.<\/p>\n<p>Por \u00faltimo, daremos un paseo por el <strong>Puerto de Vigo<\/strong>, visitaremos la estaci\u00f3n mar\u00edtima y atravesaremos las ajardinadas avenidas del n\u00e1utico. Mientras escuchamos las fant\u00e1sticas historias de tesoros hundidos, piratas y naufragios, que a\u00fan hoy siguen sin ser hallados en estas costas.<\/p>\n<p>Si dispone de m\u00e1s d\u00edas en Vigo, puedes consultar <strong><a href=\"https:\/\/tourtravelandmore.com\/es\/ciudad\/espana-es\/vigo-es\/\">aqu\u00ed<\/a><\/strong>, el resto de nuestros tours privados.<\/p>\n<h3>La Fabulosa Ciudad de Vigo<\/h3>\n<p>Nombrar a <strong>Vigo<\/strong> como la ciudad m\u00e1s fabulosa de Espa\u00f1a, no es menospreciar al resto, sino m\u00e1s bien rendir honor a la cantidad de f\u00e1bulas e historias que se entretejen en esta peque\u00f1a urbe costera.<\/p>\n<p>Anclada al noroeste de la pen\u00ednsula ib\u00e9rica, en la <strong>provincia de Pontevedra<\/strong> y concretamente en <strong>R\u00edas Bajas<\/strong>, esta ciudad cuenta con una poblaci\u00f3n de 293.642 habitantes, lo que la convierte en el municipio m\u00e1s poblado de <strong>Galicia<\/strong>.<\/p>\n<p>Cuenta con muchos atractivos tur\u00edsticos y econ\u00f3micos, entre los que destaca su amplia variedad de playas y fiestas locales, adem\u00e1s de que es uno de los <strong>Caminos de Santiago<\/strong> de la ruta portuguesa de la costa.<\/p>\n","protected":false},"excerpt":{"rendered":"<p>Descubre la ciuad de Vigo, junto a su gu\u00eda oficial privado. Podr\u00e1s conocer las famosas F\u00e1bulas de la cultura Gallega y sus or\u00edgenes, as\u00ed como conocer la historia, el casco viejo y los principales monumentos de la ciudad.<\/p>\n","protected":false},"featured_media":75405,"comment_status":"open","ping_status":"closed","template":"","meta":{"_acf_changed":false},"product_brand":[],"product_cat":[1596,1861,1866,1865,1867],"product_tag":[],"class_list":{"0":"post-75395","1":"product","2":"type-product","3":"status-publish","4":"has-post-thumbnail","6":"product_cat-espana-es","7":"product_cat-vigo-es","8":"product_cat-vigo-actividades-es","9":"product_cat-vigo-excursiones-es","10":"product_cat-vigo-tours-privados-a-pie-es","12":"first","13":"instock","14":"shipping-taxable","15":"purchasable","16":"product-type-simple"},"acf":[],"yoast_head":"<!-- This site is optimized with the Yoast SEO Premium plugin v25.3.1 (Yoast SEO v25.3.1) - https:\/\/yoast.com\/wordpress\/plugins\/seo\/ -->\n<title>\u27a1\ufe0f Tour a pie Vigo | Tour privado con gu\u00eda oficial y recogida<\/title>\n<meta name=\"description\" content=\"Disfruta de este tour a pie Vigo, con su gu\u00eda oficial privado y descubre la ciudad, sus monumentos, el casco Historico y sus famosas f\u00e1bulas \u2705\" \/>\n<meta name=\"robots\" content=\"index, follow, max-snippet:-1, max-image-preview:large, max-video-preview:-1\" \/>\n<link rel=\"canonical\" href=\"https:\/\/tourtravelandmore.com\/es\/tours\/espana-es\/vigo-es\/vigo-excursiones-es\/tour-a-pie-vigo-tour-privado-con-guia-oficial-y-recogida\/\" \/>\n<meta property=\"og:locale\" content=\"es_ES\" \/>\n<meta property=\"og:type\" content=\"article\" \/>\n<meta property=\"og:title\" content=\"Tour Privado a pie Vigo\" \/>\n<meta property=\"og:description\" content=\"Disfruta de este tour a pie Vigo, con su gu\u00eda oficial privado y descubre la ciudad, sus monumentos, el casco Historico y sus famosas f\u00e1bulas \u2705\" \/>\n<meta property=\"og:url\" content=\"https:\/\/tourtravelandmore.com\/es\/tours\/espana-es\/vigo-es\/vigo-excursiones-es\/tour-a-pie-vigo-tour-privado-con-guia-oficial-y-recogida\/\" \/>\n<meta property=\"og:site_name\" content=\"Tour Travel And More\" \/>\n<meta property=\"article:publisher\" content=\"https:\/\/www.facebook.com\/tourtravelandmore\/\" \/>\n<meta property=\"article:modified_time\" content=\"2023-03-14T04:23:28+00:00\" \/>\n<meta property=\"og:image\" content=\"https:\/\/tourtravelandmore.com\/wp-content\/uploads\/2020\/01\/vigo1.jpg\" \/>\n\t<meta property=\"og:image:width\" content=\"910\" \/>\n\t<meta property=\"og:image:height\" content=\"607\" \/>\n\t<meta property=\"og:image:type\" content=\"image\/jpeg\" \/>\n<meta name=\"twitter:card\" content=\"summary_large_image\" \/>\n<meta name=\"twitter:site\" content=\"@TourTravel_More\" \/>\n<meta name=\"twitter:label1\" content=\"Tiempo de lectura\" \/>\n\t<meta name=\"twitter:data1\" content=\"3 minutos\" \/>\n<script type=\"application\/ld+json\" class=\"yoast-schema-graph\">{\"@context\":\"https:\/\/schema.org\",\"@graph\":[{\"@type\":\"WebPage\",\"@id\":\"https:\/\/tourtravelandmore.com\/es\/tours\/espana-es\/vigo-es\/vigo-excursiones-es\/tour-a-pie-vigo-tour-privado-con-guia-oficial-y-recogida\/\",\"url\":\"https:\/\/tourtravelandmore.com\/es\/tours\/espana-es\/vigo-es\/vigo-excursiones-es\/tour-a-pie-vigo-tour-privado-con-guia-oficial-y-recogida\/\",\"name\":\"\u27a1\ufe0f Tour a pie Vigo | Tour privado con gu\u00eda oficial y recogida\",\"isPartOf\":{\"@id\":\"https:\/\/tourtravelandmore.com\/es\/#website\"},\"primaryImageOfPage\":{\"@id\":\"https:\/\/tourtravelandmore.com\/es\/tours\/espana-es\/vigo-es\/vigo-excursiones-es\/tour-a-pie-vigo-tour-privado-con-guia-oficial-y-recogida\/#primaryimage\"},\"image\":{\"@id\":\"https:\/\/tourtravelandmore.com\/es\/tours\/espana-es\/vigo-es\/vigo-excursiones-es\/tour-a-pie-vigo-tour-privado-con-guia-oficial-y-recogida\/#primaryimage\"},\"thumbnailUrl\":\"https:\/\/tourtravelandmore.com\/wp-content\/uploads\/2020\/01\/vigo1.jpg\",\"datePublished\":\"2020-01-24T15:34:58+00:00\",\"dateModified\":\"2023-03-14T04:23:28+00:00\",\"description\":\"Disfruta de este tour a pie Vigo, con su gu\u00eda oficial privado y descubre la ciudad, sus monumentos, el casco Historico y sus famosas f\u00e1bulas \u2705\",\"breadcrumb\":{\"@id\":\"https:\/\/tourtravelandmore.com\/es\/tours\/espana-es\/vigo-es\/vigo-excursiones-es\/tour-a-pie-vigo-tour-privado-con-guia-oficial-y-recogida\/#breadcrumb\"},\"inLanguage\":\"es\",\"potentialAction\":[{\"@type\":\"ReadAction\",\"target\":[\"https:\/\/tourtravelandmore.com\/es\/tours\/espana-es\/vigo-es\/vigo-excursiones-es\/tour-a-pie-vigo-tour-privado-con-guia-oficial-y-recogida\/\"]}]},{\"@type\":\"ImageObject\",\"inLanguage\":\"es\",\"@id\":\"https:\/\/tourtravelandmore.com\/es\/tours\/espana-es\/vigo-es\/vigo-excursiones-es\/tour-a-pie-vigo-tour-privado-con-guia-oficial-y-recogida\/#primaryimage\",\"url\":\"https:\/\/tourtravelandmore.com\/wp-content\/uploads\/2020\/01\/vigo1.jpg\",\"contentUrl\":\"https:\/\/tourtravelandmore.com\/wp-content\/uploads\/2020\/01\/vigo1.jpg\",\"width\":910,\"height\":607},{\"@type\":\"BreadcrumbList\",\"@id\":\"https:\/\/tourtravelandmore.com\/es\/tours\/espana-es\/vigo-es\/vigo-excursiones-es\/tour-a-pie-vigo-tour-privado-con-guia-oficial-y-recogida\/#breadcrumb\",\"itemListElement\":[{\"@type\":\"ListItem\",\"position\":1,\"name\":\"Home\",\"item\":\"https:\/\/tourtravelandmore.com\/es\/\"},{\"@type\":\"ListItem\",\"position\":2,\"name\":\"Tours\",\"item\":\"https:\/\/tourtravelandmore.com\/es\/tours\/\"},{\"@type\":\"ListItem\",\"position\":3,\"name\":\"Tour Privado a pie Vigo\"}]},{\"@type\":\"WebSite\",\"@id\":\"https:\/\/tourtravelandmore.com\/es\/#website\",\"url\":\"https:\/\/tourtravelandmore.com\/es\/\",\"name\":\"Tour Travel And More\",\"description\":\"Private sightseeing tours and luxury transfers in Spain\",\"publisher\":{\"@id\":\"https:\/\/tourtravelandmore.com\/es\/#organization\"},\"potentialAction\":[{\"@type\":\"SearchAction\",\"target\":{\"@type\":\"EntryPoint\",\"urlTemplate\":\"https:\/\/tourtravelandmore.com\/es\/?s={search_term_string}\"},\"query-input\":{\"@type\":\"PropertyValueSpecification\",\"valueRequired\":true,\"valueName\":\"search_term_string\"}}],\"inLanguage\":\"es\"},{\"@type\":\"Organization\",\"@id\":\"https:\/\/tourtravelandmore.com\/es\/#organization\",\"name\":\"Tour Travel And More\",\"url\":\"https:\/\/tourtravelandmore.com\/es\/\",\"logo\":{\"@type\":\"ImageObject\",\"inLanguage\":\"es\",\"@id\":\"https:\/\/tourtravelandmore.com\/es\/#\/schema\/logo\/image\/\",\"url\":\"https:\/\/tourtravelandmore.com\/wp-content\/uploads\/2022\/12\/cropped-logo-cabecera-new.png\",\"contentUrl\":\"https:\/\/tourtravelandmore.com\/wp-content\/uploads\/2022\/12\/cropped-logo-cabecera-new.png\",\"width\":430,\"height\":61,\"caption\":\"Tour Travel And More\"},\"image\":{\"@id\":\"https:\/\/tourtravelandmore.com\/es\/#\/schema\/logo\/image\/\"},\"sameAs\":[\"https:\/\/www.facebook.com\/tourtravelandmore\/\",\"https:\/\/x.com\/TourTravel_More\"]}]}<\/script>\n<!-- \/ Yoast SEO Premium plugin. -->","yoast_head_json":{"title":"\u27a1\ufe0f Tour a pie Vigo | Tour privado con gu\u00eda oficial y recogida","description":"Disfruta de este tour a pie Vigo, con su gu\u00eda oficial privado y descubre la ciudad, sus monumentos, el casco Historico y sus famosas f\u00e1bulas \u2705","robots":{"index":"index","follow":"follow","max-snippet":"max-snippet:-1","max-image-preview":"max-image-preview:large","max-video-preview":"max-video-preview:-1"},"canonical":"https:\/\/tourtravelandmore.com\/es\/tours\/espana-es\/vigo-es\/vigo-excursiones-es\/tour-a-pie-vigo-tour-privado-con-guia-oficial-y-recogida\/","og_locale":"es_ES","og_type":"article","og_title":"Tour Privado a pie Vigo","og_description":"Disfruta de este tour a pie Vigo, con su gu\u00eda oficial privado y descubre la ciudad, sus monumentos, el casco Historico y sus famosas f\u00e1bulas \u2705","og_url":"https:\/\/tourtravelandmore.com\/es\/tours\/espana-es\/vigo-es\/vigo-excursiones-es\/tour-a-pie-vigo-tour-privado-con-guia-oficial-y-recogida\/","og_site_name":"Tour Travel And More","article_publisher":"https:\/\/www.facebook.com\/tourtravelandmore\/","article_modified_time":"2023-03-14T04:23:28+00:00","og_image":[{"width":910,"height":607,"url":"https:\/\/tourtravelandmore.com\/wp-content\/uploads\/2020\/01\/vigo1.jpg","type":"image\/jpeg"}],"twitter_card":"summary_large_image","twitter_site":"@TourTravel_More","twitter_misc":{"Tiempo de lectura":"3 minutos"},"schema":{"@context":"https:\/\/schema.org","@graph":[{"@type":"WebPage","@id":"https:\/\/tourtravelandmore.com\/es\/tours\/espana-es\/vigo-es\/vigo-excursiones-es\/tour-a-pie-vigo-tour-privado-con-guia-oficial-y-recogida\/","url":"https:\/\/tourtravelandmore.com\/es\/tours\/espana-es\/vigo-es\/vigo-excursiones-es\/tour-a-pie-vigo-tour-privado-con-guia-oficial-y-recogida\/","name":"\u27a1\ufe0f Tour a pie Vigo | Tour privado con gu\u00eda oficial y recogida","isPartOf":{"@id":"https:\/\/tourtravelandmore.com\/es\/#website"},"primaryImageOfPage":{"@id":"https:\/\/tourtravelandmore.com\/es\/tours\/espana-es\/vigo-es\/vigo-excursiones-es\/tour-a-pie-vigo-tour-privado-con-guia-oficial-y-recogida\/#primaryimage"},"image":{"@id":"https:\/\/tourtravelandmore.com\/es\/tours\/espana-es\/vigo-es\/vigo-excursiones-es\/tour-a-pie-vigo-tour-privado-con-guia-oficial-y-recogida\/#primaryimage"},"thumbnailUrl":"https:\/\/tourtravelandmore.com\/wp-content\/uploads\/2020\/01\/vigo1.jpg","datePublished":"2020-01-24T15:34:58+00:00","dateModified":"2023-03-14T04:23:28+00:00","description":"Disfruta de este tour a pie Vigo, con su gu\u00eda oficial privado y descubre la ciudad, sus monumentos, el casco Historico y sus famosas f\u00e1bulas \u2705","breadcrumb":{"@id":"https:\/\/tourtravelandmore.com\/es\/tours\/espana-es\/vigo-es\/vigo-excursiones-es\/tour-a-pie-vigo-tour-privado-con-guia-oficial-y-recogida\/#breadcrumb"},"inLanguage":"es","potentialAction":[{"@type":"ReadAction","target":["https:\/\/tourtravelandmore.com\/es\/tours\/espana-es\/vigo-es\/vigo-excursiones-es\/tour-a-pie-vigo-tour-privado-con-guia-oficial-y-recogida\/"]}]},{"@type":"ImageObject","inLanguage":"es","@id":"https:\/\/tourtravelandmore.com\/es\/tours\/espana-es\/vigo-es\/vigo-excursiones-es\/tour-a-pie-vigo-tour-privado-con-guia-oficial-y-recogida\/#primaryimage","url":"https:\/\/tourtravelandmore.com\/wp-content\/uploads\/2020\/01\/vigo1.jpg","contentUrl":"https:\/\/tourtravelandmore.com\/wp-content\/uploads\/2020\/01\/vigo1.jpg","width":910,"height":607},{"@type":"BreadcrumbList","@id":"https:\/\/tourtravelandmore.com\/es\/tours\/espana-es\/vigo-es\/vigo-excursiones-es\/tour-a-pie-vigo-tour-privado-con-guia-oficial-y-recogida\/#breadcrumb","itemListElement":[{"@type":"ListItem","position":1,"name":"Home","item":"https:\/\/tourtravelandmore.com\/es\/"},{"@type":"ListItem","position":2,"name":"Tours","item":"https:\/\/tourtravelandmore.com\/es\/tours\/"},{"@type":"ListItem","position":3,"name":"Tour Privado a pie Vigo"}]},{"@type":"WebSite","@id":"https:\/\/tourtravelandmore.com\/es\/#website","url":"https:\/\/tourtravelandmore.com\/es\/","name":"Tour Travel And More","description":"Private sightseeing tours and luxury transfers in Spain","publisher":{"@id":"https:\/\/tourtravelandmore.com\/es\/#organization"},"potentialAction":[{"@type":"SearchAction","target":{"@type":"EntryPoint","urlTemplate":"https:\/\/tourtravelandmore.com\/es\/?s={search_term_string}"},"query-input":{"@type":"PropertyValueSpecification","valueRequired":true,"valueName":"search_term_string"}}],"inLanguage":"es"},{"@type":"Organization","@id":"https:\/\/tourtravelandmore.com\/es\/#organization","name":"Tour Travel And More","url":"https:\/\/tourtravelandmore.com\/es\/","logo":{"@type":"ImageObject","inLanguage":"es","@id":"https:\/\/tourtravelandmore.com\/es\/#\/schema\/logo\/image\/","url":"https:\/\/tourtravelandmore.com\/wp-content\/uploads\/2022\/12\/cropped-logo-cabecera-new.png","contentUrl":"https:\/\/tourtravelandmore.com\/wp-content\/uploads\/2022\/12\/cropped-logo-cabecera-new.png","width":430,"height":61,"caption":"Tour Travel And More"},"image":{"@id":"https:\/\/tourtravelandmore.com\/es\/#\/schema\/logo\/image\/"},"sameAs":["https:\/\/www.facebook.com\/tourtravelandmore\/","https:\/\/x.com\/TourTravel_More"]}]}},"_links":{"self":[{"href":"https:\/\/tourtravelandmore.com\/es\/wp-json\/wp\/v2\/product\/75395","targetHints":{"allow":["GET"]}}],"collection":[{"href":"https:\/\/tourtravelandmore.com\/es\/wp-json\/wp\/v2\/product"}],"about":[{"href":"https:\/\/tourtravelandmore.com\/es\/wp-json\/wp\/v2\/types\/product"}],"replies":[{"embeddable":true,"href":"https:\/\/tourtravelandmore.com\/es\/wp-json\/wp\/v2\/comments?post=75395"}],"wp:featuredmedia":[{"embeddable":true,"href":"https:\/\/tourtravelandmore.com\/es\/wp-json\/wp\/v2\/media\/75405"}],"wp:attachment":[{"href":"https:\/\/tourtravelandmore.com\/es\/wp-json\/wp\/v2\/media?parent=75395"}],"wp:term":[{"taxonomy":"product_brand","embeddable":true,"href":"https:\/\/tourtravelandmore.com\/es\/wp-json\/wp\/v2\/product_brand?post=75395"},{"taxonomy":"product_cat","embeddable":true,"href":"https:\/\/tourtravelandmore.com\/es\/wp-json\/wp\/v2\/product_cat?post=75395"},{"taxonomy":"product_tag","embeddable":true,"href":"https:\/\/tourtravelandmore.com\/es\/wp-json\/wp\/v2\/product_tag?post=75395"}],"curies":[{"name":"wp","href":"https:\/\/api.w.org\/{rel}","templated":true}]}}