{"id":75372,"date":"2020-01-24T16:05:08","date_gmt":"2020-01-24T15:05:09","guid":{"rendered":"https:\/\/tourtravelandmore.com\/?post_type=product&#038;p=75372"},"modified":"2023-03-14T05:44:10","modified_gmt":"2023-03-14T04:44:10","slug":"tour-a-santiago-de-compostela-desde-vigo-tour-privado","status":"publish","type":"product","link":"https:\/\/tourtravelandmore.com\/es\/tours\/espana-es\/vigo-es\/vigo-rutas-turisticas-privadas-es\/tour-a-santiago-de-compostela-desde-vigo-tour-privado\/","title":{"rendered":"Tour Privado a Santiago de Compostela desde Vigo"},"content":{"rendered":"<h2>Descripci\u00f3n del Tour Privado a Santiago de Compostela desde Vigo<\/h2>\n<p>Disfruta este tour a Santiago de Compostela desde Vigo, con su gu\u00eda oficial privado y veh\u00edculo privado con ch\u00f3fer.<\/p>\n<p>Patrimonio de la Humanidad desde 1985, <b>Santiago de Compostela <\/b>lleva siglos atrayendo a visitantes y peregrinos de todo el mundo. Es la ciudad m\u00e1s cosmopolita de Galicia, pero se lo toma con naturalidad, por eso desde el primer momento sientes que formas parte de ella.<\/p>\n<p>Este tour a Santiago de Compostela, desde Vigo, es de 8 horas. Pueden escoger la hora y lugar de comienzo en Vigo.<\/p>\n<p>A lo largo del tour, podr\u00e1n parar a comer en un lugar t\u00edpico de la regi\u00f3n y disfrutar de la Gastronom\u00eda.<\/p>\n<h2>Puntos de inter\u00e9s en el Tour Privado a Santiago de Compostela desde Vigo<\/h2>\n<p>Nuestro veh\u00edculo con ch\u00f3fer privado, le recoger\u00e1 a la hora establecida en <strong>Vigo<\/strong>, para dirigirnos a Santiago de Compostela, d\u00f3nde estar\u00e1 esperando su gu\u00eda para empezar el tour de la ciudad.<\/p>\n<p>De inmediato nos pondremos rumbo a la ciudad de <strong>Santiago de Compostela<\/strong>, <strong>capital de Galicia<\/strong> y hogar de los restos del <strong>Ap\u00f3stol Santiago<\/strong>, uno de los 12 ap\u00f3stoles de Cristo. Mientras llegamos a nuestro destino, tu gu\u00eda te ir\u00e1 contando la historia sobre esta famosa ruta de peregrinaci\u00f3n, te hablar\u00e1 de qui\u00e9n fue Santiago y desde luego que recalcar\u00e1 la importancia que tiene este santo para los gallegos.<\/p>\n<p>La primera parada obligatoria al llegar a la ciudad ser\u00e1 <strong>La Catedral de Santiago de Compostela<\/strong> (las entradas est\u00e1n inclu\u00eddas), lugar de reposo del ap\u00f3stol y el eje central de todo el m\u00edtico camino de reconexi\u00f3n con lo espiritual y principalmente con Dios, por lo menos para los millones de devotos cristianos que han recorrido algunas de las sendas de peregrinaci\u00f3n.<\/p>\n<p>Tambi\u00e9n tendr\u00e1s la posibilidad de maravillarte con las plazas que rodean a este edificio religioso, cada una de las cuales posee una de las entradas hacia el interior de la Catedral, pero tambi\u00e9n son piezas arquitect\u00f3nicas magnificas con m\u00e1s de 200 a\u00f1os de antig\u00fcedad, por supuesto que hablamos de <strong>Las plazas del Obradoiro<\/strong>, <strong>Plater\u00edas, Quintana y Azabacher\u00eda<\/strong>, todas con un acabado de estilo barroco digno de ser admirado.<\/p>\n<p>Tras salir de la Catedral nos dirigiremos a una de las dos <em>r\u00faas<\/em> m\u00e1s importantes del recorrido de <strong>peregrinaci\u00f3n de Santiago<\/strong>, primero visitaremos la <strong>R\u00faa Franco<\/strong> donde se encuentra la famosa <strong>Universidad de Santiago<\/strong> que fue fundada en el a\u00f1o 1495, tambi\u00e9n esta es la calle donde est\u00e1nlos mejores bares de tapas y vinos de la ciudad. Luego iremos hacia la <strong>R\u00faa del Vilar<\/strong>, que es donde se encuentran todas las tiendas de souvenirs del recorrido de Santiago de Compostela.<\/p>\n<p>Si dispone de m\u00e1s d\u00edas en Vigo, puedes consultar <a href=\"https:\/\/tourtravelandmore.com\/es\/ciudad\/espana-es\/vigo-es\/\"><strong>aqu\u00ed<\/strong><\/a>, el resto de los tours que ofrecemos en la ciudad.<\/p>\n","protected":false},"excerpt":{"rendered":"<p>Disfruta de este <strong>tour privado Santiago de Compostela<\/strong> y disfruta de sus monumentos y lugares de inter\u00e9s m\u00e1s importantes. Aproveche esta oportunidad para conocer la capital de\u00a0<strong>Galicia<\/strong> en esta experiencia con su propio gu\u00eda tur\u00edstico y veh\u00edculo privado con chofer. Personaliza tu propia experiencia. \u00a1No te pierdas monumentos y lugares de inter\u00e9s como la <strong>Catedral\u00a0De Santiago, el Casco\u00a0Hist\u00f3rico\u00a0De Santiago\u00a0y mucho m\u00e1s<\/strong>!<\/p>\n","protected":false},"featured_media":75384,"comment_status":"open","ping_status":"closed","template":"","meta":{"_acf_changed":false},"product_brand":[],"product_cat":[1861,1866,1864],"product_tag":[],"class_list":{"0":"post-75372","1":"product","2":"type-product","3":"status-publish","4":"has-post-thumbnail","6":"product_cat-vigo-es","7":"product_cat-vigo-actividades-es","8":"product_cat-vigo-rutas-turisticas-privadas-es","10":"first","11":"instock","12":"shipping-taxable","13":"purchasable","14":"product-type-simple"},"acf":[],"yoast_head":"<!-- This site is optimized with the Yoast SEO Premium plugin v25.3.1 (Yoast SEO v25.3.1) - https:\/\/yoast.com\/wordpress\/plugins\/seo\/ -->\n<title>\u27a1\ufe0f Tour a Santiago de Compostela desde Vigo | Tour Travel &amp; More<\/title>\n<meta name=\"description\" content=\"Disfruta de este tour a Santiago de Compostela desde Vigo, con gu\u00eda privado y vehiculo privado. Descubre la ciudad nombrada Patrimonio de la Humanidad \u2705\" \/>\n<meta name=\"robots\" content=\"index, follow, max-snippet:-1, max-image-preview:large, max-video-preview:-1\" \/>\n<link rel=\"canonical\" href=\"https:\/\/tourtravelandmore.com\/es\/tours\/espana-es\/vigo-es\/vigo-rutas-turisticas-privadas-es\/tour-a-santiago-de-compostela-desde-vigo-tour-privado\/\" \/>\n<meta property=\"og:locale\" content=\"es_ES\" \/>\n<meta property=\"og:type\" content=\"article\" \/>\n<meta property=\"og:title\" content=\"Tour Privado a Santiago de Compostela desde Vigo\" \/>\n<meta property=\"og:description\" content=\"Disfruta de este tour a Santiago de Compostela desde Vigo, con gu\u00eda privado y vehiculo privado. Descubre la ciudad nombrada Patrimonio de la Humanidad \u2705\" \/>\n<meta property=\"og:url\" content=\"https:\/\/tourtravelandmore.com\/es\/tours\/espana-es\/vigo-es\/vigo-rutas-turisticas-privadas-es\/tour-a-santiago-de-compostela-desde-vigo-tour-privado\/\" \/>\n<meta property=\"og:site_name\" content=\"Tour Travel And More\" \/>\n<meta property=\"article:publisher\" content=\"https:\/\/www.facebook.com\/tourtravelandmore\/\" \/>\n<meta property=\"article:modified_time\" content=\"2023-03-14T04:44:10+00:00\" \/>\n<meta property=\"og:image\" content=\"https:\/\/tourtravelandmore.com\/wp-content\/uploads\/2020\/01\/santiago-1.3.jpg\" \/>\n\t<meta property=\"og:image:width\" content=\"1280\" \/>\n\t<meta property=\"og:image:height\" content=\"802\" \/>\n\t<meta property=\"og:image:type\" content=\"image\/jpeg\" \/>\n<meta name=\"twitter:card\" content=\"summary_large_image\" \/>\n<meta name=\"twitter:site\" content=\"@TourTravel_More\" \/>\n<meta name=\"twitter:label1\" content=\"Tiempo de lectura\" \/>\n\t<meta name=\"twitter:data1\" content=\"2 minutos\" \/>\n<script type=\"application\/ld+json\" class=\"yoast-schema-graph\">{\"@context\":\"https:\/\/schema.org\",\"@graph\":[{\"@type\":\"WebPage\",\"@id\":\"https:\/\/tourtravelandmore.com\/es\/tours\/espana-es\/vigo-es\/vigo-rutas-turisticas-privadas-es\/tour-a-santiago-de-compostela-desde-vigo-tour-privado\/\",\"url\":\"https:\/\/tourtravelandmore.com\/es\/tours\/espana-es\/vigo-es\/vigo-rutas-turisticas-privadas-es\/tour-a-santiago-de-compostela-desde-vigo-tour-privado\/\",\"name\":\"\u27a1\ufe0f Tour a Santiago de Compostela desde Vigo | Tour Travel & More\",\"isPartOf\":{\"@id\":\"https:\/\/tourtravelandmore.com\/es\/#website\"},\"primaryImageOfPage\":{\"@id\":\"https:\/\/tourtravelandmore.com\/es\/tours\/espana-es\/vigo-es\/vigo-rutas-turisticas-privadas-es\/tour-a-santiago-de-compostela-desde-vigo-tour-privado\/#primaryimage\"},\"image\":{\"@id\":\"https:\/\/tourtravelandmore.com\/es\/tours\/espana-es\/vigo-es\/vigo-rutas-turisticas-privadas-es\/tour-a-santiago-de-compostela-desde-vigo-tour-privado\/#primaryimage\"},\"thumbnailUrl\":\"https:\/\/tourtravelandmore.com\/wp-content\/uploads\/2020\/01\/santiago-1.3.jpg\",\"datePublished\":\"2020-01-24T15:05:09+00:00\",\"dateModified\":\"2023-03-14T04:44:10+00:00\",\"description\":\"Disfruta de este tour a Santiago de Compostela desde Vigo, con gu\u00eda privado y vehiculo privado. Descubre la ciudad nombrada Patrimonio de la Humanidad \u2705\",\"breadcrumb\":{\"@id\":\"https:\/\/tourtravelandmore.com\/es\/tours\/espana-es\/vigo-es\/vigo-rutas-turisticas-privadas-es\/tour-a-santiago-de-compostela-desde-vigo-tour-privado\/#breadcrumb\"},\"inLanguage\":\"es\",\"potentialAction\":[{\"@type\":\"ReadAction\",\"target\":[\"https:\/\/tourtravelandmore.com\/es\/tours\/espana-es\/vigo-es\/vigo-rutas-turisticas-privadas-es\/tour-a-santiago-de-compostela-desde-vigo-tour-privado\/\"]}]},{\"@type\":\"ImageObject\",\"inLanguage\":\"es\",\"@id\":\"https:\/\/tourtravelandmore.com\/es\/tours\/espana-es\/vigo-es\/vigo-rutas-turisticas-privadas-es\/tour-a-santiago-de-compostela-desde-vigo-tour-privado\/#primaryimage\",\"url\":\"https:\/\/tourtravelandmore.com\/wp-content\/uploads\/2020\/01\/santiago-1.3.jpg\",\"contentUrl\":\"https:\/\/tourtravelandmore.com\/wp-content\/uploads\/2020\/01\/santiago-1.3.jpg\",\"width\":1280,\"height\":802},{\"@type\":\"BreadcrumbList\",\"@id\":\"https:\/\/tourtravelandmore.com\/es\/tours\/espana-es\/vigo-es\/vigo-rutas-turisticas-privadas-es\/tour-a-santiago-de-compostela-desde-vigo-tour-privado\/#breadcrumb\",\"itemListElement\":[{\"@type\":\"ListItem\",\"position\":1,\"name\":\"Home\",\"item\":\"https:\/\/tourtravelandmore.com\/es\/\"},{\"@type\":\"ListItem\",\"position\":2,\"name\":\"Tours\",\"item\":\"https:\/\/tourtravelandmore.com\/es\/tours\/\"},{\"@type\":\"ListItem\",\"position\":3,\"name\":\"Tour Privado a Santiago de Compostela desde Vigo\"}]},{\"@type\":\"WebSite\",\"@id\":\"https:\/\/tourtravelandmore.com\/es\/#website\",\"url\":\"https:\/\/tourtravelandmore.com\/es\/\",\"name\":\"Tour Travel And More\",\"description\":\"Private sightseeing tours and luxury transfers in Spain\",\"publisher\":{\"@id\":\"https:\/\/tourtravelandmore.com\/es\/#organization\"},\"potentialAction\":[{\"@type\":\"SearchAction\",\"target\":{\"@type\":\"EntryPoint\",\"urlTemplate\":\"https:\/\/tourtravelandmore.com\/es\/?s={search_term_string}\"},\"query-input\":{\"@type\":\"PropertyValueSpecification\",\"valueRequired\":true,\"valueName\":\"search_term_string\"}}],\"inLanguage\":\"es\"},{\"@type\":\"Organization\",\"@id\":\"https:\/\/tourtravelandmore.com\/es\/#organization\",\"name\":\"Tour Travel And More\",\"url\":\"https:\/\/tourtravelandmore.com\/es\/\",\"logo\":{\"@type\":\"ImageObject\",\"inLanguage\":\"es\",\"@id\":\"https:\/\/tourtravelandmore.com\/es\/#\/schema\/logo\/image\/\",\"url\":\"https:\/\/tourtravelandmore.com\/wp-content\/uploads\/2022\/12\/cropped-logo-cabecera-new.png\",\"contentUrl\":\"https:\/\/tourtravelandmore.com\/wp-content\/uploads\/2022\/12\/cropped-logo-cabecera-new.png\",\"width\":430,\"height\":61,\"caption\":\"Tour Travel And More\"},\"image\":{\"@id\":\"https:\/\/tourtravelandmore.com\/es\/#\/schema\/logo\/image\/\"},\"sameAs\":[\"https:\/\/www.facebook.com\/tourtravelandmore\/\",\"https:\/\/x.com\/TourTravel_More\"]}]}<\/script>\n<!-- \/ Yoast SEO Premium plugin. -->","yoast_head_json":{"title":"\u27a1\ufe0f Tour a Santiago de Compostela desde Vigo | Tour Travel & More","description":"Disfruta de este tour a Santiago de Compostela desde Vigo, con gu\u00eda privado y vehiculo privado. Descubre la ciudad nombrada Patrimonio de la Humanidad \u2705","robots":{"index":"index","follow":"follow","max-snippet":"max-snippet:-1","max-image-preview":"max-image-preview:large","max-video-preview":"max-video-preview:-1"},"canonical":"https:\/\/tourtravelandmore.com\/es\/tours\/espana-es\/vigo-es\/vigo-rutas-turisticas-privadas-es\/tour-a-santiago-de-compostela-desde-vigo-tour-privado\/","og_locale":"es_ES","og_type":"article","og_title":"Tour Privado a Santiago de Compostela desde Vigo","og_description":"Disfruta de este tour a Santiago de Compostela desde Vigo, con gu\u00eda privado y vehiculo privado. Descubre la ciudad nombrada Patrimonio de la Humanidad \u2705","og_url":"https:\/\/tourtravelandmore.com\/es\/tours\/espana-es\/vigo-es\/vigo-rutas-turisticas-privadas-es\/tour-a-santiago-de-compostela-desde-vigo-tour-privado\/","og_site_name":"Tour Travel And More","article_publisher":"https:\/\/www.facebook.com\/tourtravelandmore\/","article_modified_time":"2023-03-14T04:44:10+00:00","og_image":[{"width":1280,"height":802,"url":"https:\/\/tourtravelandmore.com\/wp-content\/uploads\/2020\/01\/santiago-1.3.jpg","type":"image\/jpeg"}],"twitter_card":"summary_large_image","twitter_site":"@TourTravel_More","twitter_misc":{"Tiempo de lectura":"2 minutos"},"schema":{"@context":"https:\/\/schema.org","@graph":[{"@type":"WebPage","@id":"https:\/\/tourtravelandmore.com\/es\/tours\/espana-es\/vigo-es\/vigo-rutas-turisticas-privadas-es\/tour-a-santiago-de-compostela-desde-vigo-tour-privado\/","url":"https:\/\/tourtravelandmore.com\/es\/tours\/espana-es\/vigo-es\/vigo-rutas-turisticas-privadas-es\/tour-a-santiago-de-compostela-desde-vigo-tour-privado\/","name":"\u27a1\ufe0f Tour a Santiago de Compostela desde Vigo | Tour Travel & More","isPartOf":{"@id":"https:\/\/tourtravelandmore.com\/es\/#website"},"primaryImageOfPage":{"@id":"https:\/\/tourtravelandmore.com\/es\/tours\/espana-es\/vigo-es\/vigo-rutas-turisticas-privadas-es\/tour-a-santiago-de-compostela-desde-vigo-tour-privado\/#primaryimage"},"image":{"@id":"https:\/\/tourtravelandmore.com\/es\/tours\/espana-es\/vigo-es\/vigo-rutas-turisticas-privadas-es\/tour-a-santiago-de-compostela-desde-vigo-tour-privado\/#primaryimage"},"thumbnailUrl":"https:\/\/tourtravelandmore.com\/wp-content\/uploads\/2020\/01\/santiago-1.3.jpg","datePublished":"2020-01-24T15:05:09+00:00","dateModified":"2023-03-14T04:44:10+00:00","description":"Disfruta de este tour a Santiago de Compostela desde Vigo, con gu\u00eda privado y vehiculo privado. Descubre la ciudad nombrada Patrimonio de la Humanidad \u2705","breadcrumb":{"@id":"https:\/\/tourtravelandmore.com\/es\/tours\/espana-es\/vigo-es\/vigo-rutas-turisticas-privadas-es\/tour-a-santiago-de-compostela-desde-vigo-tour-privado\/#breadcrumb"},"inLanguage":"es","potentialAction":[{"@type":"ReadAction","target":["https:\/\/tourtravelandmore.com\/es\/tours\/espana-es\/vigo-es\/vigo-rutas-turisticas-privadas-es\/tour-a-santiago-de-compostela-desde-vigo-tour-privado\/"]}]},{"@type":"ImageObject","inLanguage":"es","@id":"https:\/\/tourtravelandmore.com\/es\/tours\/espana-es\/vigo-es\/vigo-rutas-turisticas-privadas-es\/tour-a-santiago-de-compostela-desde-vigo-tour-privado\/#primaryimage","url":"https:\/\/tourtravelandmore.com\/wp-content\/uploads\/2020\/01\/santiago-1.3.jpg","contentUrl":"https:\/\/tourtravelandmore.com\/wp-content\/uploads\/2020\/01\/santiago-1.3.jpg","width":1280,"height":802},{"@type":"BreadcrumbList","@id":"https:\/\/tourtravelandmore.com\/es\/tours\/espana-es\/vigo-es\/vigo-rutas-turisticas-privadas-es\/tour-a-santiago-de-compostela-desde-vigo-tour-privado\/#breadcrumb","itemListElement":[{"@type":"ListItem","position":1,"name":"Home","item":"https:\/\/tourtravelandmore.com\/es\/"},{"@type":"ListItem","position":2,"name":"Tours","item":"https:\/\/tourtravelandmore.com\/es\/tours\/"},{"@type":"ListItem","position":3,"name":"Tour Privado a Santiago de Compostela desde Vigo"}]},{"@type":"WebSite","@id":"https:\/\/tourtravelandmore.com\/es\/#website","url":"https:\/\/tourtravelandmore.com\/es\/","name":"Tour Travel And More","description":"Private sightseeing tours and luxury transfers in Spain","publisher":{"@id":"https:\/\/tourtravelandmore.com\/es\/#organization"},"potentialAction":[{"@type":"SearchAction","target":{"@type":"EntryPoint","urlTemplate":"https:\/\/tourtravelandmore.com\/es\/?s={search_term_string}"},"query-input":{"@type":"PropertyValueSpecification","valueRequired":true,"valueName":"search_term_string"}}],"inLanguage":"es"},{"@type":"Organization","@id":"https:\/\/tourtravelandmore.com\/es\/#organization","name":"Tour Travel And More","url":"https:\/\/tourtravelandmore.com\/es\/","logo":{"@type":"ImageObject","inLanguage":"es","@id":"https:\/\/tourtravelandmore.com\/es\/#\/schema\/logo\/image\/","url":"https:\/\/tourtravelandmore.com\/wp-content\/uploads\/2022\/12\/cropped-logo-cabecera-new.png","contentUrl":"https:\/\/tourtravelandmore.com\/wp-content\/uploads\/2022\/12\/cropped-logo-cabecera-new.png","width":430,"height":61,"caption":"Tour Travel And More"},"image":{"@id":"https:\/\/tourtravelandmore.com\/es\/#\/schema\/logo\/image\/"},"sameAs":["https:\/\/www.facebook.com\/tourtravelandmore\/","https:\/\/x.com\/TourTravel_More"]}]}},"_links":{"self":[{"href":"https:\/\/tourtravelandmore.com\/es\/wp-json\/wp\/v2\/product\/75372","targetHints":{"allow":["GET"]}}],"collection":[{"href":"https:\/\/tourtravelandmore.com\/es\/wp-json\/wp\/v2\/product"}],"about":[{"href":"https:\/\/tourtravelandmore.com\/es\/wp-json\/wp\/v2\/types\/product"}],"replies":[{"embeddable":true,"href":"https:\/\/tourtravelandmore.com\/es\/wp-json\/wp\/v2\/comments?post=75372"}],"wp:featuredmedia":[{"embeddable":true,"href":"https:\/\/tourtravelandmore.com\/es\/wp-json\/wp\/v2\/media\/75384"}],"wp:attachment":[{"href":"https:\/\/tourtravelandmore.com\/es\/wp-json\/wp\/v2\/media?parent=75372"}],"wp:term":[{"taxonomy":"product_brand","embeddable":true,"href":"https:\/\/tourtravelandmore.com\/es\/wp-json\/wp\/v2\/product_brand?post=75372"},{"taxonomy":"product_cat","embeddable":true,"href":"https:\/\/tourtravelandmore.com\/es\/wp-json\/wp\/v2\/product_cat?post=75372"},{"taxonomy":"product_tag","embeddable":true,"href":"https:\/\/tourtravelandmore.com\/es\/wp-json\/wp\/v2\/product_tag?post=75372"}],"curies":[{"name":"wp","href":"https:\/\/api.w.org\/{rel}","templated":true}]}}