{"id":75349,"date":"2020-01-24T15:35:21","date_gmt":"2020-01-24T14:35:22","guid":{"rendered":"https:\/\/tourtravelandmore.com\/?post_type=product&#038;p=75349"},"modified":"2023-03-14T05:41:10","modified_gmt":"2023-03-14T04:41:10","slug":"tour-ribeira-sacra-y-ourense-tour-privado-con-guia-y-vehiculo","status":"publish","type":"product","link":"https:\/\/tourtravelandmore.com\/es\/tours\/espana-es\/vigo-es\/vigo-rutas-turisticas-privadas-es\/tour-ribeira-sacra-y-ourense-tour-privado-con-guia-y-vehiculo\/","title":{"rendered":"Tour privado Ribeira Sacra y Ourense"},"content":{"rendered":"<h2><strong>Descripci\u00f3n del Tour privado Ribeira Sacra y Ourense<\/strong><\/h2>\n<p>Gracias a nuestro tour Ribeira Sacra y Ourense desde la ciudad de Vigo, podr\u00e1s recorrer uno de los caminos m\u00e1s famosos y solicitados de toda <strong>Galicia<\/strong>.<\/p>\n<p>La duraci\u00f3n de este tour Ribeira Sacra y Ourense es de 8 horas. Es un tour completamente privado, en todo momento ir\u00e1n acompa\u00f1ados de su gu\u00eda oficial privado y su veh\u00edculo privado con ch\u00f3fer.<\/p>\n<p>A lo largo de estas 8 horas, podr\u00e1n parar a comer y disfrutar de la Gastronom\u00eda de la regi\u00f3n.<\/p>\n<h2>Puntos de inter\u00e9s en el Tour privado Ribeira Sacra y Ourense<\/h2>\n<p>Todo este maravilloso viaje empezar\u00e1 en la ciudad de <strong>Vigo<\/strong>, donde nuestro gu\u00eda y un ch\u00f3fer te recoger\u00e1n en el lugar que nos indiques.<\/p>\n<p>Inmediatamente, tomaremos rumbo al norte, hasta adentrarnos en la <strong>Provincia de Ourense<\/strong>; y as\u00ed comenzar nuestro camino por la <strong>Ribeira Sacra<\/strong>.<\/p>\n<p>El primer destino que visitaremos ser\u00e1 la capital de la Ribeira, conocida como <strong>Monforte de Lemos<\/strong>, donde podr\u00e1s recorrer las ruinas del <strong>Castillo de San Vicente<\/strong> y ad\u00e9ntrate en el <strong>Monasterio de San Vicente del Pino<\/strong>, uno de los edificios sacros m\u00e1s enteros que a\u00fan se pueden vislumbrar en la ciudad y que data de la edad media. Tambi\u00e9n desde este lugar, tendr\u00e1s una de las mejores vistas para sacar una foto 360 de la ciudad, una oportunidad que no te puedes perder.<\/p>\n<p>Lo siguiente en el itinerario ser\u00e1 ir hasta el <strong>Mirador de Pena do Castelo<\/strong>, desde el cual tendr\u00e1s ocasi\u00f3n de captar las im\u00e1genes m\u00e1s bellas si te gusta la fotograf\u00eda de paisajes.<\/p>\n<p>En este sector encontraremos muchas bodegas que preparan vino artesanal, por lo cual podr\u00e1s degustar una que otra copa hasta que nos volvamos a poner en marcha hacia el municipio de <strong>Castro Caldelas<\/strong>, donde si comeremos a lo grande, iremos de compras para tratar de encontrar los mejores suvenires y hasta caminaremos por el interior del <strong>Castillo de los Condes de Lemos<\/strong>.<\/p>\n<p>Para finalizar el recorrido, esperaremos a que caiga la tarde y disfrutaremos de uno de los atardeceres m\u00e1s rom\u00e1nticos en los <strong>Ca\u00f1ones de Sil.<\/strong><\/p>\n<p>Si dispone de m\u00e1s d\u00edas en Vigo, puedes consultar <a href=\"https:\/\/tourtravelandmore.com\/es\/ciudad\/espana-es\/vigo-es\/\"><strong>aqu\u00ed<\/strong><\/a>, el resto de tour privado.<\/p>\n","protected":false},"excerpt":{"rendered":"<p>Disfruta de este <strong>tour privado de Ribeira Sacra y Ourense<\/strong>. Tome esta oportunidad para conocer y disfrutar de <strong>estos maravillosos lugares<\/strong> durante este tour con vuestro guia oficial privado y veh\u00edculo privado con chofer. Descubre una de las rutas m\u00e1s bonitas de Galicia con unos paisajes \u00fanicos!!<\/p>\n<p>&nbsp;<\/p>\n","protected":false},"featured_media":75359,"comment_status":"open","ping_status":"closed","template":"","meta":{"_acf_changed":false},"product_brand":[],"product_cat":[1861,1866,1864],"product_tag":[],"class_list":{"0":"post-75349","1":"product","2":"type-product","3":"status-publish","4":"has-post-thumbnail","6":"product_cat-vigo-es","7":"product_cat-vigo-actividades-es","8":"product_cat-vigo-rutas-turisticas-privadas-es","10":"first","11":"instock","12":"shipping-taxable","13":"purchasable","14":"product-type-simple"},"acf":[],"yoast_head":"<!-- This site is optimized with the Yoast SEO Premium plugin v25.3.1 (Yoast SEO v25.3.1) - https:\/\/yoast.com\/wordpress\/plugins\/seo\/ -->\n<title>\u27a1\ufe0f Tour Ribeira Sacra y Ourense | Tour Travel &amp; More<\/title>\n<meta name=\"description\" content=\"Disfruta de este tour Ribeira Sacra y Ourense con su gu\u00eda y vehiculo privado, y descubre una de las regiones de Galicia m\u00e1s bonitas y con paisajes \u00fanicos \u2705\" \/>\n<meta name=\"robots\" content=\"index, follow, max-snippet:-1, max-image-preview:large, max-video-preview:-1\" \/>\n<link rel=\"canonical\" href=\"https:\/\/tourtravelandmore.com\/es\/tours\/espana-es\/vigo-es\/vigo-rutas-turisticas-privadas-es\/tour-ribeira-sacra-y-ourense-tour-privado-con-guia-y-vehiculo\/\" \/>\n<meta property=\"og:locale\" content=\"es_ES\" \/>\n<meta property=\"og:type\" content=\"article\" \/>\n<meta property=\"og:title\" content=\"Tour privado Ribeira Sacra y Ourense\" \/>\n<meta property=\"og:description\" content=\"Disfruta de este tour Ribeira Sacra y Ourense con su gu\u00eda y vehiculo privado, y descubre una de las regiones de Galicia m\u00e1s bonitas y con paisajes \u00fanicos \u2705\" \/>\n<meta property=\"og:url\" content=\"https:\/\/tourtravelandmore.com\/es\/tours\/espana-es\/vigo-es\/vigo-rutas-turisticas-privadas-es\/tour-ribeira-sacra-y-ourense-tour-privado-con-guia-y-vehiculo\/\" \/>\n<meta property=\"og:site_name\" content=\"Tour Travel And More\" \/>\n<meta property=\"article:publisher\" content=\"https:\/\/www.facebook.com\/tourtravelandmore\/\" \/>\n<meta property=\"article:modified_time\" content=\"2023-03-14T04:41:10+00:00\" \/>\n<meta property=\"og:image\" content=\"https:\/\/tourtravelandmore.com\/wp-content\/uploads\/2020\/01\/ribeira-1.2.jpg\" \/>\n\t<meta property=\"og:image:width\" content=\"1024\" \/>\n\t<meta property=\"og:image:height\" content=\"737\" \/>\n\t<meta property=\"og:image:type\" content=\"image\/jpeg\" \/>\n<meta name=\"twitter:card\" content=\"summary_large_image\" \/>\n<meta name=\"twitter:site\" content=\"@TourTravel_More\" \/>\n<meta name=\"twitter:label1\" content=\"Tiempo de lectura\" \/>\n\t<meta name=\"twitter:data1\" content=\"2 minutos\" \/>\n<script type=\"application\/ld+json\" class=\"yoast-schema-graph\">{\"@context\":\"https:\/\/schema.org\",\"@graph\":[{\"@type\":\"WebPage\",\"@id\":\"https:\/\/tourtravelandmore.com\/es\/tours\/espana-es\/vigo-es\/vigo-rutas-turisticas-privadas-es\/tour-ribeira-sacra-y-ourense-tour-privado-con-guia-y-vehiculo\/\",\"url\":\"https:\/\/tourtravelandmore.com\/es\/tours\/espana-es\/vigo-es\/vigo-rutas-turisticas-privadas-es\/tour-ribeira-sacra-y-ourense-tour-privado-con-guia-y-vehiculo\/\",\"name\":\"\u27a1\ufe0f Tour Ribeira Sacra y Ourense | Tour Travel & More\",\"isPartOf\":{\"@id\":\"https:\/\/tourtravelandmore.com\/es\/#website\"},\"primaryImageOfPage\":{\"@id\":\"https:\/\/tourtravelandmore.com\/es\/tours\/espana-es\/vigo-es\/vigo-rutas-turisticas-privadas-es\/tour-ribeira-sacra-y-ourense-tour-privado-con-guia-y-vehiculo\/#primaryimage\"},\"image\":{\"@id\":\"https:\/\/tourtravelandmore.com\/es\/tours\/espana-es\/vigo-es\/vigo-rutas-turisticas-privadas-es\/tour-ribeira-sacra-y-ourense-tour-privado-con-guia-y-vehiculo\/#primaryimage\"},\"thumbnailUrl\":\"https:\/\/tourtravelandmore.com\/wp-content\/uploads\/2020\/01\/ribeira-1.2.jpg\",\"datePublished\":\"2020-01-24T14:35:22+00:00\",\"dateModified\":\"2023-03-14T04:41:10+00:00\",\"description\":\"Disfruta de este tour Ribeira Sacra y Ourense con su gu\u00eda y vehiculo privado, y descubre una de las regiones de Galicia m\u00e1s bonitas y con paisajes \u00fanicos \u2705\",\"breadcrumb\":{\"@id\":\"https:\/\/tourtravelandmore.com\/es\/tours\/espana-es\/vigo-es\/vigo-rutas-turisticas-privadas-es\/tour-ribeira-sacra-y-ourense-tour-privado-con-guia-y-vehiculo\/#breadcrumb\"},\"inLanguage\":\"es\",\"potentialAction\":[{\"@type\":\"ReadAction\",\"target\":[\"https:\/\/tourtravelandmore.com\/es\/tours\/espana-es\/vigo-es\/vigo-rutas-turisticas-privadas-es\/tour-ribeira-sacra-y-ourense-tour-privado-con-guia-y-vehiculo\/\"]}]},{\"@type\":\"ImageObject\",\"inLanguage\":\"es\",\"@id\":\"https:\/\/tourtravelandmore.com\/es\/tours\/espana-es\/vigo-es\/vigo-rutas-turisticas-privadas-es\/tour-ribeira-sacra-y-ourense-tour-privado-con-guia-y-vehiculo\/#primaryimage\",\"url\":\"https:\/\/tourtravelandmore.com\/wp-content\/uploads\/2020\/01\/ribeira-1.2.jpg\",\"contentUrl\":\"https:\/\/tourtravelandmore.com\/wp-content\/uploads\/2020\/01\/ribeira-1.2.jpg\",\"width\":1024,\"height\":737,\"caption\":\"SAMSUNG DIGITAL CAMERA\"},{\"@type\":\"BreadcrumbList\",\"@id\":\"https:\/\/tourtravelandmore.com\/es\/tours\/espana-es\/vigo-es\/vigo-rutas-turisticas-privadas-es\/tour-ribeira-sacra-y-ourense-tour-privado-con-guia-y-vehiculo\/#breadcrumb\",\"itemListElement\":[{\"@type\":\"ListItem\",\"position\":1,\"name\":\"Home\",\"item\":\"https:\/\/tourtravelandmore.com\/es\/\"},{\"@type\":\"ListItem\",\"position\":2,\"name\":\"Tours\",\"item\":\"https:\/\/tourtravelandmore.com\/es\/tours\/\"},{\"@type\":\"ListItem\",\"position\":3,\"name\":\"Tour privado Ribeira Sacra y Ourense\"}]},{\"@type\":\"WebSite\",\"@id\":\"https:\/\/tourtravelandmore.com\/es\/#website\",\"url\":\"https:\/\/tourtravelandmore.com\/es\/\",\"name\":\"Tour Travel And More\",\"description\":\"Private sightseeing tours and luxury transfers in Spain\",\"publisher\":{\"@id\":\"https:\/\/tourtravelandmore.com\/es\/#organization\"},\"potentialAction\":[{\"@type\":\"SearchAction\",\"target\":{\"@type\":\"EntryPoint\",\"urlTemplate\":\"https:\/\/tourtravelandmore.com\/es\/?s={search_term_string}\"},\"query-input\":{\"@type\":\"PropertyValueSpecification\",\"valueRequired\":true,\"valueName\":\"search_term_string\"}}],\"inLanguage\":\"es\"},{\"@type\":\"Organization\",\"@id\":\"https:\/\/tourtravelandmore.com\/es\/#organization\",\"name\":\"Tour Travel And More\",\"url\":\"https:\/\/tourtravelandmore.com\/es\/\",\"logo\":{\"@type\":\"ImageObject\",\"inLanguage\":\"es\",\"@id\":\"https:\/\/tourtravelandmore.com\/es\/#\/schema\/logo\/image\/\",\"url\":\"https:\/\/tourtravelandmore.com\/wp-content\/uploads\/2022\/12\/cropped-logo-cabecera-new.png\",\"contentUrl\":\"https:\/\/tourtravelandmore.com\/wp-content\/uploads\/2022\/12\/cropped-logo-cabecera-new.png\",\"width\":430,\"height\":61,\"caption\":\"Tour Travel And More\"},\"image\":{\"@id\":\"https:\/\/tourtravelandmore.com\/es\/#\/schema\/logo\/image\/\"},\"sameAs\":[\"https:\/\/www.facebook.com\/tourtravelandmore\/\",\"https:\/\/x.com\/TourTravel_More\"]}]}<\/script>\n<!-- \/ Yoast SEO Premium plugin. -->","yoast_head_json":{"title":"\u27a1\ufe0f Tour Ribeira Sacra y Ourense | Tour Travel & More","description":"Disfruta de este tour Ribeira Sacra y Ourense con su gu\u00eda y vehiculo privado, y descubre una de las regiones de Galicia m\u00e1s bonitas y con paisajes \u00fanicos \u2705","robots":{"index":"index","follow":"follow","max-snippet":"max-snippet:-1","max-image-preview":"max-image-preview:large","max-video-preview":"max-video-preview:-1"},"canonical":"https:\/\/tourtravelandmore.com\/es\/tours\/espana-es\/vigo-es\/vigo-rutas-turisticas-privadas-es\/tour-ribeira-sacra-y-ourense-tour-privado-con-guia-y-vehiculo\/","og_locale":"es_ES","og_type":"article","og_title":"Tour privado Ribeira Sacra y Ourense","og_description":"Disfruta de este tour Ribeira Sacra y Ourense con su gu\u00eda y vehiculo privado, y descubre una de las regiones de Galicia m\u00e1s bonitas y con paisajes \u00fanicos \u2705","og_url":"https:\/\/tourtravelandmore.com\/es\/tours\/espana-es\/vigo-es\/vigo-rutas-turisticas-privadas-es\/tour-ribeira-sacra-y-ourense-tour-privado-con-guia-y-vehiculo\/","og_site_name":"Tour Travel And More","article_publisher":"https:\/\/www.facebook.com\/tourtravelandmore\/","article_modified_time":"2023-03-14T04:41:10+00:00","og_image":[{"width":1024,"height":737,"url":"https:\/\/tourtravelandmore.com\/wp-content\/uploads\/2020\/01\/ribeira-1.2.jpg","type":"image\/jpeg"}],"twitter_card":"summary_large_image","twitter_site":"@TourTravel_More","twitter_misc":{"Tiempo de lectura":"2 minutos"},"schema":{"@context":"https:\/\/schema.org","@graph":[{"@type":"WebPage","@id":"https:\/\/tourtravelandmore.com\/es\/tours\/espana-es\/vigo-es\/vigo-rutas-turisticas-privadas-es\/tour-ribeira-sacra-y-ourense-tour-privado-con-guia-y-vehiculo\/","url":"https:\/\/tourtravelandmore.com\/es\/tours\/espana-es\/vigo-es\/vigo-rutas-turisticas-privadas-es\/tour-ribeira-sacra-y-ourense-tour-privado-con-guia-y-vehiculo\/","name":"\u27a1\ufe0f Tour Ribeira Sacra y Ourense | Tour Travel & More","isPartOf":{"@id":"https:\/\/tourtravelandmore.com\/es\/#website"},"primaryImageOfPage":{"@id":"https:\/\/tourtravelandmore.com\/es\/tours\/espana-es\/vigo-es\/vigo-rutas-turisticas-privadas-es\/tour-ribeira-sacra-y-ourense-tour-privado-con-guia-y-vehiculo\/#primaryimage"},"image":{"@id":"https:\/\/tourtravelandmore.com\/es\/tours\/espana-es\/vigo-es\/vigo-rutas-turisticas-privadas-es\/tour-ribeira-sacra-y-ourense-tour-privado-con-guia-y-vehiculo\/#primaryimage"},"thumbnailUrl":"https:\/\/tourtravelandmore.com\/wp-content\/uploads\/2020\/01\/ribeira-1.2.jpg","datePublished":"2020-01-24T14:35:22+00:00","dateModified":"2023-03-14T04:41:10+00:00","description":"Disfruta de este tour Ribeira Sacra y Ourense con su gu\u00eda y vehiculo privado, y descubre una de las regiones de Galicia m\u00e1s bonitas y con paisajes \u00fanicos \u2705","breadcrumb":{"@id":"https:\/\/tourtravelandmore.com\/es\/tours\/espana-es\/vigo-es\/vigo-rutas-turisticas-privadas-es\/tour-ribeira-sacra-y-ourense-tour-privado-con-guia-y-vehiculo\/#breadcrumb"},"inLanguage":"es","potentialAction":[{"@type":"ReadAction","target":["https:\/\/tourtravelandmore.com\/es\/tours\/espana-es\/vigo-es\/vigo-rutas-turisticas-privadas-es\/tour-ribeira-sacra-y-ourense-tour-privado-con-guia-y-vehiculo\/"]}]},{"@type":"ImageObject","inLanguage":"es","@id":"https:\/\/tourtravelandmore.com\/es\/tours\/espana-es\/vigo-es\/vigo-rutas-turisticas-privadas-es\/tour-ribeira-sacra-y-ourense-tour-privado-con-guia-y-vehiculo\/#primaryimage","url":"https:\/\/tourtravelandmore.com\/wp-content\/uploads\/2020\/01\/ribeira-1.2.jpg","contentUrl":"https:\/\/tourtravelandmore.com\/wp-content\/uploads\/2020\/01\/ribeira-1.2.jpg","width":1024,"height":737,"caption":"SAMSUNG DIGITAL CAMERA"},{"@type":"BreadcrumbList","@id":"https:\/\/tourtravelandmore.com\/es\/tours\/espana-es\/vigo-es\/vigo-rutas-turisticas-privadas-es\/tour-ribeira-sacra-y-ourense-tour-privado-con-guia-y-vehiculo\/#breadcrumb","itemListElement":[{"@type":"ListItem","position":1,"name":"Home","item":"https:\/\/tourtravelandmore.com\/es\/"},{"@type":"ListItem","position":2,"name":"Tours","item":"https:\/\/tourtravelandmore.com\/es\/tours\/"},{"@type":"ListItem","position":3,"name":"Tour privado Ribeira Sacra y Ourense"}]},{"@type":"WebSite","@id":"https:\/\/tourtravelandmore.com\/es\/#website","url":"https:\/\/tourtravelandmore.com\/es\/","name":"Tour Travel And More","description":"Private sightseeing tours and luxury transfers in Spain","publisher":{"@id":"https:\/\/tourtravelandmore.com\/es\/#organization"},"potentialAction":[{"@type":"SearchAction","target":{"@type":"EntryPoint","urlTemplate":"https:\/\/tourtravelandmore.com\/es\/?s={search_term_string}"},"query-input":{"@type":"PropertyValueSpecification","valueRequired":true,"valueName":"search_term_string"}}],"inLanguage":"es"},{"@type":"Organization","@id":"https:\/\/tourtravelandmore.com\/es\/#organization","name":"Tour Travel And More","url":"https:\/\/tourtravelandmore.com\/es\/","logo":{"@type":"ImageObject","inLanguage":"es","@id":"https:\/\/tourtravelandmore.com\/es\/#\/schema\/logo\/image\/","url":"https:\/\/tourtravelandmore.com\/wp-content\/uploads\/2022\/12\/cropped-logo-cabecera-new.png","contentUrl":"https:\/\/tourtravelandmore.com\/wp-content\/uploads\/2022\/12\/cropped-logo-cabecera-new.png","width":430,"height":61,"caption":"Tour Travel And More"},"image":{"@id":"https:\/\/tourtravelandmore.com\/es\/#\/schema\/logo\/image\/"},"sameAs":["https:\/\/www.facebook.com\/tourtravelandmore\/","https:\/\/x.com\/TourTravel_More"]}]}},"_links":{"self":[{"href":"https:\/\/tourtravelandmore.com\/es\/wp-json\/wp\/v2\/product\/75349","targetHints":{"allow":["GET"]}}],"collection":[{"href":"https:\/\/tourtravelandmore.com\/es\/wp-json\/wp\/v2\/product"}],"about":[{"href":"https:\/\/tourtravelandmore.com\/es\/wp-json\/wp\/v2\/types\/product"}],"replies":[{"embeddable":true,"href":"https:\/\/tourtravelandmore.com\/es\/wp-json\/wp\/v2\/comments?post=75349"}],"wp:featuredmedia":[{"embeddable":true,"href":"https:\/\/tourtravelandmore.com\/es\/wp-json\/wp\/v2\/media\/75359"}],"wp:attachment":[{"href":"https:\/\/tourtravelandmore.com\/es\/wp-json\/wp\/v2\/media?parent=75349"}],"wp:term":[{"taxonomy":"product_brand","embeddable":true,"href":"https:\/\/tourtravelandmore.com\/es\/wp-json\/wp\/v2\/product_brand?post=75349"},{"taxonomy":"product_cat","embeddable":true,"href":"https:\/\/tourtravelandmore.com\/es\/wp-json\/wp\/v2\/product_cat?post=75349"},{"taxonomy":"product_tag","embeddable":true,"href":"https:\/\/tourtravelandmore.com\/es\/wp-json\/wp\/v2\/product_tag?post=75349"}],"curies":[{"name":"wp","href":"https:\/\/api.w.org\/{rel}","templated":true}]}}