{"id":75299,"date":"2020-01-23T18:18:59","date_gmt":"2020-01-23T17:19:00","guid":{"rendered":"https:\/\/tourtravelandmore.com\/?post_type=product&#038;p=75299"},"modified":"2023-03-14T05:44:47","modified_gmt":"2023-03-14T04:44:47","slug":"tour-de-pontevedra-y-vigo-tour-privado-con-guia-oficial-y-vehiculo","status":"publish","type":"product","link":"https:\/\/tourtravelandmore.com\/es\/tours\/espana-es\/vigo-es\/vigo-rutas-turisticas-privadas-es\/tour-de-pontevedra-y-vigo-tour-privado-con-guia-oficial-y-vehiculo\/","title":{"rendered":"Tour privado Pontevedra y Vigo"},"content":{"rendered":"<h2>Descripci\u00f3n en el Tour privado Pontevedra y Vigo<\/h2>\n<p>Una de las mejores maneras de recorrer y conocer a fondo las <strong>R\u00edas Bajas<\/strong>, es a trav\u00e9s de este tour de Pontevedra y Vigo, con gu\u00eda privado y veh\u00edculo con chofer privado.<\/p>\n<p>La duraci\u00f3n de este tour Pontevedra y Vigo es de 6 horas. Al ser un tour privado pueden escoger la hora y lugar de comienzo.<\/p>\n<p>Ven y conoce junto a nosotros el placer de pasear por <strong>Pontevedra\u00a0<\/strong>y terminar el d\u00eda viendo la hermosa costa de la <strong>R\u00eda de Vigo.<\/strong><\/p>\n<h2>Puntos de inter\u00e9s en el Tour privado Pontevedra y Vigo<\/h2>\n<p>Las <strong>R\u00edas Bajas<\/strong>, que es la primera parada que vamos a descubrir junto a su gu\u00eda oficial privado, admirar\u00e1s la belleza de la costa hasta encontrarte con el peque\u00f1o pueblo pesquero de <strong>Combarro<\/strong>, el cual es famoso por sus preciosos h\u00f3rreos. Aqu\u00ed tambi\u00e9n disfrutar\u00e1s de la arquitectura tradicional de <strong>Galicia<\/strong> cuando subas hasta el pueblo y pasees por sus plazas.<\/p>\n<p>Continuaremos el recorrido rumbo a la localidad de <strong>Poio<\/strong>, un lugar bendecido por su ubicaci\u00f3n, desde aqu\u00ed podr\u00e1s apreciar tanto la costa como la ciudad de <strong>Pontevedra<\/strong>.<\/p>\n<p>Tambi\u00e9n podr\u00e1s conocer el <strong>Monasterio de Poio<\/strong> aunque estamos seguros de que la biblioteca del lugar llamar\u00e1 tu atenci\u00f3n, ya que en ella se encuentra un libro tan peque\u00f1o como un dedo me\u00f1ique.<\/p>\n<p>Por fin, llegaremos a Pontevedra y nos dejaremos cautivar por sus plazas, monumentos y edificios religiosos como la <strong>Iglesia de la Peregrina<\/strong> y la <strong>Bas\u00edlica de Santa Mar\u00eda la Mayor<\/strong>; pero tambi\u00e9n refrescaremos la garganta tom\u00e1ndonos algo en <strong>La Plaza de la Le\u00f1a<\/strong> o en la <strong>Plaza de las Verduras<\/strong>. Como dato adicional, deber\u00edas comer algo de pulpo, sobre todo en <strong>La Plaza de las Peregrinas<\/strong>, ya que no hay otro lugar en Galicia que lo prepare mejor.<\/p>\n<p>Ya al caer la tarde nos dirigiremos de nuevo hacia <strong>Vigo<\/strong>, para conocer su puerto y casco Hist\u00f3rico.<\/p>\n<p>Si dispone de m\u00e1s d\u00edas puedes consultar <strong><a href=\"https:\/\/tourtravelandmore.com\/es\/ciudad\/espana-es\/vigo-es\/\">aqu\u00ed<\/a><\/strong>, el listado de tours privado que ofrecemos desde Vigo.<\/p>\n","protected":false},"excerpt":{"rendered":"<p>Disfruta de este <strong>tour privado completamente personalizado de Vigo y Pontevedra<\/strong> y visite sus monumentos y lugares de inter\u00e9s m\u00e1s importantes. Aproveche esta oportunidad para conocer la regi\u00f3n de\u00a0<strong>Galicia<\/strong> en esta experiencia con su propio gu\u00eda tur\u00edstico y veh\u00edculo privado con chofer. Personaliza tu propia experiencia. \u00a1No te pierdas monumentos y lugares de inter\u00e9s como la <strong>Plaza Espa\u00f1a, Basilica Santa Maria la Mayor\u00a0y mucho m\u00e1s<\/strong>!<\/p>\n<p>&nbsp;<\/p>\n","protected":false},"featured_media":75309,"comment_status":"open","ping_status":"closed","template":"","meta":{"_acf_changed":false},"product_brand":[],"product_cat":[1861,1866,1864],"product_tag":[],"class_list":{"0":"post-75299","1":"product","2":"type-product","3":"status-publish","4":"has-post-thumbnail","6":"product_cat-vigo-es","7":"product_cat-vigo-actividades-es","8":"product_cat-vigo-rutas-turisticas-privadas-es","10":"first","11":"instock","12":"shipping-taxable","13":"purchasable","14":"product-type-simple"},"acf":[],"yoast_head":"<!-- This site is optimized with the Yoast SEO Premium plugin v25.3.1 (Yoast SEO v25.3.1) - https:\/\/yoast.com\/wordpress\/plugins\/seo\/ -->\n<title>\u27a1\ufe0f Tour de Pontevedra y Vigo | Tour Travel &amp; More<\/title>\n<meta name=\"description\" content=\"Disfruta de este Tour de Pontevedra y Vigo con guia privado y vehiculo privado. Descubre en un mismo dia Pontevedra, las Rias Bajas y Vigo \u2705\" \/>\n<meta name=\"robots\" content=\"index, follow, max-snippet:-1, max-image-preview:large, max-video-preview:-1\" \/>\n<link rel=\"canonical\" href=\"https:\/\/tourtravelandmore.com\/es\/tours\/espana-es\/vigo-es\/vigo-rutas-turisticas-privadas-es\/tour-de-pontevedra-y-vigo-tour-privado-con-guia-oficial-y-vehiculo\/\" \/>\n<meta property=\"og:locale\" content=\"es_ES\" \/>\n<meta property=\"og:type\" content=\"article\" \/>\n<meta property=\"og:title\" content=\"Tour privado Pontevedra y Vigo\" \/>\n<meta property=\"og:description\" content=\"Disfruta de este Tour de Pontevedra y Vigo con guia privado y vehiculo privado. Descubre en un mismo dia Pontevedra, las Rias Bajas y Vigo \u2705\" \/>\n<meta property=\"og:url\" content=\"https:\/\/tourtravelandmore.com\/es\/tours\/espana-es\/vigo-es\/vigo-rutas-turisticas-privadas-es\/tour-de-pontevedra-y-vigo-tour-privado-con-guia-oficial-y-vehiculo\/\" \/>\n<meta property=\"og:site_name\" content=\"Tour Travel And More\" \/>\n<meta property=\"article:publisher\" content=\"https:\/\/www.facebook.com\/tourtravelandmore\/\" \/>\n<meta property=\"article:modified_time\" content=\"2023-03-14T04:44:47+00:00\" \/>\n<meta property=\"og:image\" content=\"https:\/\/tourtravelandmore.com\/wp-content\/uploads\/2020\/01\/ponte-2-1024x768.jpg\" \/>\n\t<meta property=\"og:image:width\" content=\"1024\" \/>\n\t<meta property=\"og:image:height\" content=\"768\" \/>\n\t<meta property=\"og:image:type\" content=\"image\/jpeg\" \/>\n<meta name=\"twitter:card\" content=\"summary_large_image\" \/>\n<meta name=\"twitter:site\" content=\"@TourTravel_More\" \/>\n<meta name=\"twitter:label1\" content=\"Tiempo de lectura\" \/>\n\t<meta name=\"twitter:data1\" content=\"2 minutos\" \/>\n<script type=\"application\/ld+json\" class=\"yoast-schema-graph\">{\"@context\":\"https:\/\/schema.org\",\"@graph\":[{\"@type\":\"WebPage\",\"@id\":\"https:\/\/tourtravelandmore.com\/es\/tours\/espana-es\/vigo-es\/vigo-rutas-turisticas-privadas-es\/tour-de-pontevedra-y-vigo-tour-privado-con-guia-oficial-y-vehiculo\/\",\"url\":\"https:\/\/tourtravelandmore.com\/es\/tours\/espana-es\/vigo-es\/vigo-rutas-turisticas-privadas-es\/tour-de-pontevedra-y-vigo-tour-privado-con-guia-oficial-y-vehiculo\/\",\"name\":\"\u27a1\ufe0f Tour de Pontevedra y Vigo | Tour Travel & More\",\"isPartOf\":{\"@id\":\"https:\/\/tourtravelandmore.com\/es\/#website\"},\"primaryImageOfPage\":{\"@id\":\"https:\/\/tourtravelandmore.com\/es\/tours\/espana-es\/vigo-es\/vigo-rutas-turisticas-privadas-es\/tour-de-pontevedra-y-vigo-tour-privado-con-guia-oficial-y-vehiculo\/#primaryimage\"},\"image\":{\"@id\":\"https:\/\/tourtravelandmore.com\/es\/tours\/espana-es\/vigo-es\/vigo-rutas-turisticas-privadas-es\/tour-de-pontevedra-y-vigo-tour-privado-con-guia-oficial-y-vehiculo\/#primaryimage\"},\"thumbnailUrl\":\"https:\/\/tourtravelandmore.com\/wp-content\/uploads\/2020\/01\/ponte-2.jpg\",\"datePublished\":\"2020-01-23T17:19:00+00:00\",\"dateModified\":\"2023-03-14T04:44:47+00:00\",\"description\":\"Disfruta de este Tour de Pontevedra y Vigo con guia privado y vehiculo privado. Descubre en un mismo dia Pontevedra, las Rias Bajas y Vigo \u2705\",\"breadcrumb\":{\"@id\":\"https:\/\/tourtravelandmore.com\/es\/tours\/espana-es\/vigo-es\/vigo-rutas-turisticas-privadas-es\/tour-de-pontevedra-y-vigo-tour-privado-con-guia-oficial-y-vehiculo\/#breadcrumb\"},\"inLanguage\":\"es\",\"potentialAction\":[{\"@type\":\"ReadAction\",\"target\":[\"https:\/\/tourtravelandmore.com\/es\/tours\/espana-es\/vigo-es\/vigo-rutas-turisticas-privadas-es\/tour-de-pontevedra-y-vigo-tour-privado-con-guia-oficial-y-vehiculo\/\"]}]},{\"@type\":\"ImageObject\",\"inLanguage\":\"es\",\"@id\":\"https:\/\/tourtravelandmore.com\/es\/tours\/espana-es\/vigo-es\/vigo-rutas-turisticas-privadas-es\/tour-de-pontevedra-y-vigo-tour-privado-con-guia-oficial-y-vehiculo\/#primaryimage\",\"url\":\"https:\/\/tourtravelandmore.com\/wp-content\/uploads\/2020\/01\/ponte-2.jpg\",\"contentUrl\":\"https:\/\/tourtravelandmore.com\/wp-content\/uploads\/2020\/01\/ponte-2.jpg\",\"width\":2000,\"height\":1500},{\"@type\":\"BreadcrumbList\",\"@id\":\"https:\/\/tourtravelandmore.com\/es\/tours\/espana-es\/vigo-es\/vigo-rutas-turisticas-privadas-es\/tour-de-pontevedra-y-vigo-tour-privado-con-guia-oficial-y-vehiculo\/#breadcrumb\",\"itemListElement\":[{\"@type\":\"ListItem\",\"position\":1,\"name\":\"Home\",\"item\":\"https:\/\/tourtravelandmore.com\/es\/\"},{\"@type\":\"ListItem\",\"position\":2,\"name\":\"Tours\",\"item\":\"https:\/\/tourtravelandmore.com\/es\/tours\/\"},{\"@type\":\"ListItem\",\"position\":3,\"name\":\"Tour privado Pontevedra y Vigo\"}]},{\"@type\":\"WebSite\",\"@id\":\"https:\/\/tourtravelandmore.com\/es\/#website\",\"url\":\"https:\/\/tourtravelandmore.com\/es\/\",\"name\":\"Tour Travel And More\",\"description\":\"Private sightseeing tours and luxury transfers in Spain\",\"publisher\":{\"@id\":\"https:\/\/tourtravelandmore.com\/es\/#organization\"},\"potentialAction\":[{\"@type\":\"SearchAction\",\"target\":{\"@type\":\"EntryPoint\",\"urlTemplate\":\"https:\/\/tourtravelandmore.com\/es\/?s={search_term_string}\"},\"query-input\":{\"@type\":\"PropertyValueSpecification\",\"valueRequired\":true,\"valueName\":\"search_term_string\"}}],\"inLanguage\":\"es\"},{\"@type\":\"Organization\",\"@id\":\"https:\/\/tourtravelandmore.com\/es\/#organization\",\"name\":\"Tour Travel And More\",\"url\":\"https:\/\/tourtravelandmore.com\/es\/\",\"logo\":{\"@type\":\"ImageObject\",\"inLanguage\":\"es\",\"@id\":\"https:\/\/tourtravelandmore.com\/es\/#\/schema\/logo\/image\/\",\"url\":\"https:\/\/tourtravelandmore.com\/wp-content\/uploads\/2022\/12\/cropped-logo-cabecera-new.png\",\"contentUrl\":\"https:\/\/tourtravelandmore.com\/wp-content\/uploads\/2022\/12\/cropped-logo-cabecera-new.png\",\"width\":430,\"height\":61,\"caption\":\"Tour Travel And More\"},\"image\":{\"@id\":\"https:\/\/tourtravelandmore.com\/es\/#\/schema\/logo\/image\/\"},\"sameAs\":[\"https:\/\/www.facebook.com\/tourtravelandmore\/\",\"https:\/\/x.com\/TourTravel_More\"]}]}<\/script>\n<!-- \/ Yoast SEO Premium plugin. -->","yoast_head_json":{"title":"\u27a1\ufe0f Tour de Pontevedra y Vigo | Tour Travel & More","description":"Disfruta de este Tour de Pontevedra y Vigo con guia privado y vehiculo privado. Descubre en un mismo dia Pontevedra, las Rias Bajas y Vigo \u2705","robots":{"index":"index","follow":"follow","max-snippet":"max-snippet:-1","max-image-preview":"max-image-preview:large","max-video-preview":"max-video-preview:-1"},"canonical":"https:\/\/tourtravelandmore.com\/es\/tours\/espana-es\/vigo-es\/vigo-rutas-turisticas-privadas-es\/tour-de-pontevedra-y-vigo-tour-privado-con-guia-oficial-y-vehiculo\/","og_locale":"es_ES","og_type":"article","og_title":"Tour privado Pontevedra y Vigo","og_description":"Disfruta de este Tour de Pontevedra y Vigo con guia privado y vehiculo privado. Descubre en un mismo dia Pontevedra, las Rias Bajas y Vigo \u2705","og_url":"https:\/\/tourtravelandmore.com\/es\/tours\/espana-es\/vigo-es\/vigo-rutas-turisticas-privadas-es\/tour-de-pontevedra-y-vigo-tour-privado-con-guia-oficial-y-vehiculo\/","og_site_name":"Tour Travel And More","article_publisher":"https:\/\/www.facebook.com\/tourtravelandmore\/","article_modified_time":"2023-03-14T04:44:47+00:00","og_image":[{"width":1024,"height":768,"url":"https:\/\/tourtravelandmore.com\/wp-content\/uploads\/2020\/01\/ponte-2-1024x768.jpg","type":"image\/jpeg"}],"twitter_card":"summary_large_image","twitter_site":"@TourTravel_More","twitter_misc":{"Tiempo de lectura":"2 minutos"},"schema":{"@context":"https:\/\/schema.org","@graph":[{"@type":"WebPage","@id":"https:\/\/tourtravelandmore.com\/es\/tours\/espana-es\/vigo-es\/vigo-rutas-turisticas-privadas-es\/tour-de-pontevedra-y-vigo-tour-privado-con-guia-oficial-y-vehiculo\/","url":"https:\/\/tourtravelandmore.com\/es\/tours\/espana-es\/vigo-es\/vigo-rutas-turisticas-privadas-es\/tour-de-pontevedra-y-vigo-tour-privado-con-guia-oficial-y-vehiculo\/","name":"\u27a1\ufe0f Tour de Pontevedra y Vigo | Tour Travel & More","isPartOf":{"@id":"https:\/\/tourtravelandmore.com\/es\/#website"},"primaryImageOfPage":{"@id":"https:\/\/tourtravelandmore.com\/es\/tours\/espana-es\/vigo-es\/vigo-rutas-turisticas-privadas-es\/tour-de-pontevedra-y-vigo-tour-privado-con-guia-oficial-y-vehiculo\/#primaryimage"},"image":{"@id":"https:\/\/tourtravelandmore.com\/es\/tours\/espana-es\/vigo-es\/vigo-rutas-turisticas-privadas-es\/tour-de-pontevedra-y-vigo-tour-privado-con-guia-oficial-y-vehiculo\/#primaryimage"},"thumbnailUrl":"https:\/\/tourtravelandmore.com\/wp-content\/uploads\/2020\/01\/ponte-2.jpg","datePublished":"2020-01-23T17:19:00+00:00","dateModified":"2023-03-14T04:44:47+00:00","description":"Disfruta de este Tour de Pontevedra y Vigo con guia privado y vehiculo privado. Descubre en un mismo dia Pontevedra, las Rias Bajas y Vigo \u2705","breadcrumb":{"@id":"https:\/\/tourtravelandmore.com\/es\/tours\/espana-es\/vigo-es\/vigo-rutas-turisticas-privadas-es\/tour-de-pontevedra-y-vigo-tour-privado-con-guia-oficial-y-vehiculo\/#breadcrumb"},"inLanguage":"es","potentialAction":[{"@type":"ReadAction","target":["https:\/\/tourtravelandmore.com\/es\/tours\/espana-es\/vigo-es\/vigo-rutas-turisticas-privadas-es\/tour-de-pontevedra-y-vigo-tour-privado-con-guia-oficial-y-vehiculo\/"]}]},{"@type":"ImageObject","inLanguage":"es","@id":"https:\/\/tourtravelandmore.com\/es\/tours\/espana-es\/vigo-es\/vigo-rutas-turisticas-privadas-es\/tour-de-pontevedra-y-vigo-tour-privado-con-guia-oficial-y-vehiculo\/#primaryimage","url":"https:\/\/tourtravelandmore.com\/wp-content\/uploads\/2020\/01\/ponte-2.jpg","contentUrl":"https:\/\/tourtravelandmore.com\/wp-content\/uploads\/2020\/01\/ponte-2.jpg","width":2000,"height":1500},{"@type":"BreadcrumbList","@id":"https:\/\/tourtravelandmore.com\/es\/tours\/espana-es\/vigo-es\/vigo-rutas-turisticas-privadas-es\/tour-de-pontevedra-y-vigo-tour-privado-con-guia-oficial-y-vehiculo\/#breadcrumb","itemListElement":[{"@type":"ListItem","position":1,"name":"Home","item":"https:\/\/tourtravelandmore.com\/es\/"},{"@type":"ListItem","position":2,"name":"Tours","item":"https:\/\/tourtravelandmore.com\/es\/tours\/"},{"@type":"ListItem","position":3,"name":"Tour privado Pontevedra y Vigo"}]},{"@type":"WebSite","@id":"https:\/\/tourtravelandmore.com\/es\/#website","url":"https:\/\/tourtravelandmore.com\/es\/","name":"Tour Travel And More","description":"Private sightseeing tours and luxury transfers in Spain","publisher":{"@id":"https:\/\/tourtravelandmore.com\/es\/#organization"},"potentialAction":[{"@type":"SearchAction","target":{"@type":"EntryPoint","urlTemplate":"https:\/\/tourtravelandmore.com\/es\/?s={search_term_string}"},"query-input":{"@type":"PropertyValueSpecification","valueRequired":true,"valueName":"search_term_string"}}],"inLanguage":"es"},{"@type":"Organization","@id":"https:\/\/tourtravelandmore.com\/es\/#organization","name":"Tour Travel And More","url":"https:\/\/tourtravelandmore.com\/es\/","logo":{"@type":"ImageObject","inLanguage":"es","@id":"https:\/\/tourtravelandmore.com\/es\/#\/schema\/logo\/image\/","url":"https:\/\/tourtravelandmore.com\/wp-content\/uploads\/2022\/12\/cropped-logo-cabecera-new.png","contentUrl":"https:\/\/tourtravelandmore.com\/wp-content\/uploads\/2022\/12\/cropped-logo-cabecera-new.png","width":430,"height":61,"caption":"Tour Travel And More"},"image":{"@id":"https:\/\/tourtravelandmore.com\/es\/#\/schema\/logo\/image\/"},"sameAs":["https:\/\/www.facebook.com\/tourtravelandmore\/","https:\/\/x.com\/TourTravel_More"]}]}},"_links":{"self":[{"href":"https:\/\/tourtravelandmore.com\/es\/wp-json\/wp\/v2\/product\/75299","targetHints":{"allow":["GET"]}}],"collection":[{"href":"https:\/\/tourtravelandmore.com\/es\/wp-json\/wp\/v2\/product"}],"about":[{"href":"https:\/\/tourtravelandmore.com\/es\/wp-json\/wp\/v2\/types\/product"}],"replies":[{"embeddable":true,"href":"https:\/\/tourtravelandmore.com\/es\/wp-json\/wp\/v2\/comments?post=75299"}],"wp:featuredmedia":[{"embeddable":true,"href":"https:\/\/tourtravelandmore.com\/es\/wp-json\/wp\/v2\/media\/75309"}],"wp:attachment":[{"href":"https:\/\/tourtravelandmore.com\/es\/wp-json\/wp\/v2\/media?parent=75299"}],"wp:term":[{"taxonomy":"product_brand","embeddable":true,"href":"https:\/\/tourtravelandmore.com\/es\/wp-json\/wp\/v2\/product_brand?post=75299"},{"taxonomy":"product_cat","embeddable":true,"href":"https:\/\/tourtravelandmore.com\/es\/wp-json\/wp\/v2\/product_cat?post=75299"},{"taxonomy":"product_tag","embeddable":true,"href":"https:\/\/tourtravelandmore.com\/es\/wp-json\/wp\/v2\/product_tag?post=75299"}],"curies":[{"name":"wp","href":"https:\/\/api.w.org\/{rel}","templated":true}]}}